{"id":2547,"date":"2025-12-21T14:47:14","date_gmt":"2025-12-21T14:47:14","guid":{"rendered":"https:\/\/pharmacy-tlv.com\/?post_type=product&#038;p=2547"},"modified":"2025-12-21T14:47:14","modified_gmt":"2025-12-21T14:47:14","slug":"dalacin-c-300mg","status":"publish","type":"product","link":"https:\/\/pharmacy-tlv.com\/pt\/loja\/antibioticos\/dalacin-c-300mg\/","title":{"rendered":"Dalacin C 300mg"},"content":{"rendered":"<p data-start=\"109\" data-end=\"375\"><strong data-start=\"109\" data-end=\"125\">Indica\u00e7\u00f5es:<\/strong><br data-start=\"125\" data-end=\"128\" \/>O Dalacin C \u00e9 utilizado para:<br data-start=\"150\" data-end=\"153\" \/>Tratamento de infec\u00e7\u00f5es bacterianas do trato respirat\u00f3rio<br data-start=\"211\" data-end=\"214\" \/>Gerenciamento de infec\u00e7\u00f5es de pele e tecidos moles<br data-start=\"259\" data-end=\"262\" \/>Tratamento de infec\u00e7\u00f5es ginecol\u00f3gicas e urogenitais<br data-start=\"314\" data-end=\"317\" \/>Infec\u00e7\u00f5es \u00f3sseas e articulares causadas por bact\u00e9rias suscet\u00edveis<\/p>\n<p data-start=\"377\" data-end=\"576\"><strong data-start=\"377\" data-end=\"397\">Raz\u00f5es para o uso:<\/strong><br data-start=\"397\" data-end=\"400\" \/>Infec\u00e7\u00f5es bacterianas confirmadas<br data-start=\"430\" data-end=\"433\" \/>Inefic\u00e1cia ou intoler\u00e2ncia a outros antibi\u00f3ticos<br data-start=\"484\" data-end=\"487\" \/>Necessidade de terapia antibacteriana sist\u00eamica<br data-start=\"526\" data-end=\"529\" \/>Infec\u00e7\u00f5es causadas por microorganismos anaer\u00f3bicos<\/p>\n<p data-start=\"578\" data-end=\"810\"><strong data-start=\"578\" data-end=\"593\">Propriedades:<\/strong><br data-start=\"593\" data-end=\"596\" \/>Cont\u00e9m o ingrediente ativo clindamicina (Clindamycin)<br data-start=\"652\" data-end=\"655\" \/>Antibi\u00f3tico do grupo das lincosamidas<br data-start=\"692\" data-end=\"695\" \/>Eficaz contra uma ampla gama de bact\u00e9rias gram-positivas e anaer\u00f3bicas<br data-start=\"765\" data-end=\"768\" \/>Usado estritamente sob prescri\u00e7\u00e3o m\u00e9dica<\/p>\n<p data-start=\"812\" data-end=\"882\"><strong data-start=\"812\" data-end=\"828\">Forma de dosagem:<\/strong><br data-start=\"828\" data-end=\"831\" \/>C\u00e1psulas, 16 c\u00e1psulas por embalagem<br data-start=\"861\" data-end=\"864\" \/>Dosagem: 300 mg<\/p>\n<p data-start=\"884\" data-end=\"912\"><strong data-start=\"884\" data-end=\"901\">Fabricante:<\/strong><br data-start=\"901\" data-end=\"904\" \/>Pfizer<\/p>\n<p data-start=\"914\" data-end=\"964\"><strong data-start=\"914\" data-end=\"936\">Ingrediente ativo:<\/strong><br data-start=\"936\" data-end=\"939\" \/>Clindamicina (Clindamycin)<\/p>\n<p data-start=\"966\" data-end=\"1086\"><em data-start=\"966\" data-end=\"1086\">#DalacinC #Dalacin #Clindamicina #DalacinIsrael #Antibi\u00f3tico #Dalacin300mg #ClindamicinaC\u00e1psulas #Israel #IsraeliPharmacy<\/em><\/p>","protected":false},"excerpt":{"rendered":"<p data-start=\"1408\" data-end=\"1673\">Dalacin C (clindamicina) \u00e9 um antibi\u00f3tico lincosamida sist\u00eamico usado para tratar infec\u00e7\u00f5es bacterianas do trato respirat\u00f3rio, pele, ossos e tecidos moles. Prescrito por um m\u00e9dico com base na sensibilidade bacteriana. Dispon\u00edvel em c\u00e1psulas de 300 mg.<\/p>","protected":false},"featured_media":2548,"template":"","meta":[],"product_brand":[],"product_cat":[23],"product_tag":[],"class_list":{"0":"post-2547","1":"product","2":"type-product","3":"status-publish","4":"has-post-thumbnail","6":"product_cat-antibiotics","8":"first","9":"instock","10":"shipping-taxable","11":"purchasable","12":"product-type-simple"},"yoast_head":"<!-- This site is optimized with the Yoast SEO plugin v25.1 - https:\/\/yoast.com\/wordpress\/plugins\/seo\/ -->\n<title>Dalacin C 300 mg \u2014 Buy in Israel Today | Fast Delivery!<\/title>\n<meta name=\"description\" content=\"Dalacin C \u2014 clindamycin (Clindamycin) antibiotic for the treatment of bacterial infections of the respiratory tract, skin, bones, and soft tissues. Manufactured by Pfizer. Buy in Israel with fast delivery.\" \/>\n<meta name=\"robots\" content=\"index, follow, max-snippet:-1, max-image-preview:large, max-video-preview:-1\" \/>\n<link rel=\"canonical\" href=\"https:\/\/pharmacy-tlv.com\/pt\/loja\/antibioticos\/dalacin-c-300mg\/\" \/>\n<meta property=\"og:locale\" content=\"pt_BR\" \/>\n<meta property=\"og:type\" content=\"article\" \/>\n<meta property=\"og:title\" content=\"Dalacin C 300 mg \u2014 Buy in Israel Today | Fast Delivery!\" \/>\n<meta property=\"og:description\" content=\"Dalacin C \u2014 clindamycin (Clindamycin) antibiotic for the treatment of bacterial infections of the respiratory tract, skin, bones, and soft tissues. Manufactured by Pfizer. Buy in Israel with fast delivery.\" \/>\n<meta property=\"og:url\" content=\"https:\/\/pharmacy-tlv.com\/pt\/loja\/antibioticos\/dalacin-c-300mg\/\" \/>\n<meta property=\"og:site_name\" content=\"Pharmacy TLV\" \/>\n<meta property=\"og:image\" content=\"https:\/\/mlz1smk5t7q7.i.optimole.com\/cb:lQg3.de6\/w:auto\/h:auto\/q:mauto\/https:\/\/pharmacy-tlv.com\/wp-content\/uploads\/2025\/12\/dalacin-c-israel.jpg\" \/>\n\t<meta property=\"og:image:width\" content=\"1024\" \/>\n\t<meta property=\"og:image:height\" content=\"1024\" \/>\n\t<meta property=\"og:image:type\" content=\"image\/jpeg\" \/>\n<meta name=\"twitter:card\" content=\"summary_large_image\" \/>\n<meta name=\"twitter:label1\" content=\"Est. tempo de leitura\" \/>\n\t<meta name=\"twitter:data1\" content=\"1 minuto\" \/>\n<script type=\"application\/ld+json\" class=\"yoast-schema-graph\">{\"@context\":\"https:\/\/schema.org\",\"@graph\":[{\"@type\":\"WebPage\",\"@id\":\"https:\/\/pharmacy-tlv.com\/shop\/antibiotics\/dalacin-c-300mg\/\",\"url\":\"https:\/\/pharmacy-tlv.com\/shop\/antibiotics\/dalacin-c-300mg\/\",\"name\":\"Dalacin C 300 mg \u2014 Buy in Israel Today | Fast Delivery!\",\"isPartOf\":{\"@id\":\"https:\/\/pharmacy-tlv.com\/#website\"},\"primaryImageOfPage\":{\"@id\":\"https:\/\/pharmacy-tlv.com\/shop\/antibiotics\/dalacin-c-300mg\/#primaryimage\"},\"image\":{\"@id\":\"https:\/\/pharmacy-tlv.com\/shop\/antibiotics\/dalacin-c-300mg\/#primaryimage\"},\"thumbnailUrl\":\"https:\/\/mlz1smk5t7q7.i.optimole.com\/cb:lQg3.de6\/w:auto\/h:auto\/q:mauto\/https:\/\/pharmacy-tlv.com\/wp-content\/uploads\/2025\/12\/dalacin-c-israel.jpg\",\"datePublished\":\"2025-12-21T14:47:14+00:00\",\"description\":\"Dalacin C \u2014 clindamycin (Clindamycin) antibiotic for the treatment of bacterial infections of the respiratory tract, skin, bones, and soft tissues. Manufactured by Pfizer. Buy in Israel with fast delivery.\",\"breadcrumb\":{\"@id\":\"https:\/\/pharmacy-tlv.com\/shop\/antibiotics\/dalacin-c-300mg\/#breadcrumb\"},\"inLanguage\":\"pt-BR\",\"potentialAction\":[{\"@type\":\"ReadAction\",\"target\":[\"https:\/\/pharmacy-tlv.com\/shop\/antibiotics\/dalacin-c-300mg\/\"]}]},{\"@type\":\"ImageObject\",\"inLanguage\":\"pt-BR\",\"@id\":\"https:\/\/pharmacy-tlv.com\/shop\/antibiotics\/dalacin-c-300mg\/#primaryimage\",\"url\":\"https:\/\/mlz1smk5t7q7.i.optimole.com\/cb:lQg3.de6\/w:auto\/h:auto\/q:mauto\/https:\/\/pharmacy-tlv.com\/wp-content\/uploads\/2025\/12\/dalacin-c-israel.jpg\",\"contentUrl\":\"https:\/\/mlz1smk5t7q7.i.optimole.com\/cb:lQg3.de6\/w:auto\/h:auto\/q:mauto\/https:\/\/pharmacy-tlv.com\/wp-content\/uploads\/2025\/12\/dalacin-c-israel.jpg\",\"width\":1024,\"height\":1024,\"caption\":\"dalacin c israel\"},{\"@type\":\"BreadcrumbList\",\"@id\":\"https:\/\/pharmacy-tlv.com\/shop\/antibiotics\/dalacin-c-300mg\/#breadcrumb\",\"itemListElement\":[{\"@type\":\"ListItem\",\"position\":1,\"name\":\"Home\",\"item\":\"https:\/\/pharmacy-tlv.com\/\"},{\"@type\":\"ListItem\",\"position\":2,\"name\":\"Medications\",\"item\":\"https:\/\/pharmacy-tlv.com\/shop\/\"},{\"@type\":\"ListItem\",\"position\":3,\"name\":\"Dalacin C 300mg\"}]},{\"@type\":\"WebSite\",\"@id\":\"https:\/\/pharmacy-tlv.com\/#website\",\"url\":\"https:\/\/pharmacy-tlv.com\/\",\"name\":\"Pharmacy TLV\",\"description\":\"Trusted Israeli Medications\",\"publisher\":{\"@id\":\"https:\/\/pharmacy-tlv.com\/#organization\"},\"alternateName\":\"Pharmacy-TLV\",\"potentialAction\":[{\"@type\":\"SearchAction\",\"target\":{\"@type\":\"EntryPoint\",\"urlTemplate\":\"https:\/\/pharmacy-tlv.com\/?s={search_term_string}\"},\"query-input\":{\"@type\":\"PropertyValueSpecification\",\"valueRequired\":true,\"valueName\":\"search_term_string\"}}],\"inLanguage\":\"pt-BR\"},{\"@type\":\"Organization\",\"@id\":\"https:\/\/pharmacy-tlv.com\/#organization\",\"name\":\"Pharmacy TLV\",\"alternateName\":\"Pharmacy-TLV\",\"url\":\"https:\/\/pharmacy-tlv.com\/\",\"logo\":{\"@type\":\"ImageObject\",\"inLanguage\":\"pt-BR\",\"@id\":\"https:\/\/pharmacy-tlv.com\/#\/schema\/logo\/image\/\",\"url\":\"https:\/\/mlz1smk5t7q7.i.optimole.com\/cb:lQg3.de6\/w:auto\/h:auto\/q:mauto\/https:\/\/pharmacy-tlv.com\/wp-content\/uploads\/2025\/05\/pharmacy-white.png\",\"contentUrl\":\"https:\/\/mlz1smk5t7q7.i.optimole.com\/cb:lQg3.de6\/w:auto\/h:auto\/q:mauto\/https:\/\/pharmacy-tlv.com\/wp-content\/uploads\/2025\/05\/pharmacy-white.png\",\"width\":500,\"height\":500,\"caption\":\"Pharmacy TLV\"},\"image\":{\"@id\":\"https:\/\/pharmacy-tlv.com\/#\/schema\/logo\/image\/\"}}]}<\/script>\n<!-- \/ Yoast SEO plugin. -->","yoast_head_json":{"title":"Dalacin C 300 mg - Compre hoje em Israel - Entrega r\u00e1pida!","description":"Dalacin C - clindamicina (Clindamycin) antibi\u00f3tico para o tratamento de infec\u00e7\u00f5es bacterianas do trato respirat\u00f3rio, pele, ossos e tecidos moles. Fabricado pela Pfizer. Compre em Israel com entrega r\u00e1pida.","robots":{"index":"index","follow":"follow","max-snippet":"max-snippet:-1","max-image-preview":"max-image-preview:large","max-video-preview":"max-video-preview:-1"},"canonical":"https:\/\/pharmacy-tlv.com\/pt\/loja\/antibioticos\/dalacin-c-300mg\/","og_locale":"pt_BR","og_type":"article","og_title":"Dalacin C 300 mg \u2014 Buy in Israel Today | Fast Delivery!","og_description":"Dalacin C \u2014 clindamycin (Clindamycin) antibiotic for the treatment of bacterial infections of the respiratory tract, skin, bones, and soft tissues. Manufactured by Pfizer. Buy in Israel with fast delivery.","og_url":"https:\/\/pharmacy-tlv.com\/pt\/loja\/antibioticos\/dalacin-c-300mg\/","og_site_name":"Pharmacy TLV","og_image":[{"width":1024,"height":1024,"url":"https:\/\/mlz1smk5t7q7.i.optimole.com\/cb:lQg3.de6\/w:auto\/h:auto\/q:mauto\/https:\/\/pharmacy-tlv.com\/wp-content\/uploads\/2025\/12\/dalacin-c-israel.jpg","type":"image\/jpeg"}],"twitter_card":"summary_large_image","twitter_misc":{"Est. tempo de leitura":"1 minuto"},"schema":{"@context":"https:\/\/schema.org","@graph":[{"@type":"WebPage","@id":"https:\/\/pharmacy-tlv.com\/shop\/antibiotics\/dalacin-c-300mg\/","url":"https:\/\/pharmacy-tlv.com\/shop\/antibiotics\/dalacin-c-300mg\/","name":"Dalacin C 300 mg - Compre hoje em Israel - Entrega r\u00e1pida!","isPartOf":{"@id":"https:\/\/pharmacy-tlv.com\/#website"},"primaryImageOfPage":{"@id":"https:\/\/pharmacy-tlv.com\/shop\/antibiotics\/dalacin-c-300mg\/#primaryimage"},"image":{"@id":"https:\/\/pharmacy-tlv.com\/shop\/antibiotics\/dalacin-c-300mg\/#primaryimage"},"thumbnailUrl":"https:\/\/mlz1smk5t7q7.i.optimole.com\/cb:lQg3.de6\/w:auto\/h:auto\/q:mauto\/https:\/\/pharmacy-tlv.com\/wp-content\/uploads\/2025\/12\/dalacin-c-israel.jpg","datePublished":"2025-12-21T14:47:14+00:00","description":"Dalacin C - clindamicina (Clindamycin) antibi\u00f3tico para o tratamento de infec\u00e7\u00f5es bacterianas do trato respirat\u00f3rio, pele, ossos e tecidos moles. Fabricado pela Pfizer. Compre em Israel com entrega r\u00e1pida.","breadcrumb":{"@id":"https:\/\/pharmacy-tlv.com\/shop\/antibiotics\/dalacin-c-300mg\/#breadcrumb"},"inLanguage":"pt-BR","potentialAction":[{"@type":"ReadAction","target":["https:\/\/pharmacy-tlv.com\/shop\/antibiotics\/dalacin-c-300mg\/"]}]},{"@type":"ImageObject","inLanguage":"pt-BR","@id":"https:\/\/pharmacy-tlv.com\/shop\/antibiotics\/dalacin-c-300mg\/#primaryimage","url":"https:\/\/mlz1smk5t7q7.i.optimole.com\/cb:lQg3.de6\/w:auto\/h:auto\/q:mauto\/https:\/\/pharmacy-tlv.com\/wp-content\/uploads\/2025\/12\/dalacin-c-israel.jpg","contentUrl":"https:\/\/mlz1smk5t7q7.i.optimole.com\/cb:lQg3.de6\/w:auto\/h:auto\/q:mauto\/https:\/\/pharmacy-tlv.com\/wp-content\/uploads\/2025\/12\/dalacin-c-israel.jpg","width":1024,"height":1024,"caption":"dalacin c israel"},{"@type":"BreadcrumbList","@id":"https:\/\/pharmacy-tlv.com\/shop\/antibiotics\/dalacin-c-300mg\/#breadcrumb","itemListElement":[{"@type":"ListItem","position":1,"name":"Home","item":"https:\/\/pharmacy-tlv.com\/"},{"@type":"ListItem","position":2,"name":"Medications","item":"https:\/\/pharmacy-tlv.com\/shop\/"},{"@type":"ListItem","position":3,"name":"Dalacin C 300mg"}]},{"@type":"WebSite","@id":"https:\/\/pharmacy-tlv.com\/#website","url":"https:\/\/pharmacy-tlv.com\/","name":"Farm\u00e1cia TLV","description":"Medicamentos israelenses de confian\u00e7a","publisher":{"@id":"https:\/\/pharmacy-tlv.com\/#organization"},"alternateName":"Pharmacy-TLV","potentialAction":[{"@type":"SearchAction","target":{"@type":"EntryPoint","urlTemplate":"https:\/\/pharmacy-tlv.com\/?s={search_term_string}"},"query-input":{"@type":"PropertyValueSpecification","valueRequired":true,"valueName":"search_term_string"}}],"inLanguage":"pt-BR"},{"@type":"Organization","@id":"https:\/\/pharmacy-tlv.com\/#organization","name":"Farm\u00e1cia TLV","alternateName":"Pharmacy-TLV","url":"https:\/\/pharmacy-tlv.com\/","logo":{"@type":"ImageObject","inLanguage":"pt-BR","@id":"https:\/\/pharmacy-tlv.com\/#\/schema\/logo\/image\/","url":"https:\/\/mlz1smk5t7q7.i.optimole.com\/cb:lQg3.de6\/w:auto\/h:auto\/q:mauto\/https:\/\/pharmacy-tlv.com\/wp-content\/uploads\/2025\/05\/pharmacy-white.png","contentUrl":"https:\/\/mlz1smk5t7q7.i.optimole.com\/cb:lQg3.de6\/w:auto\/h:auto\/q:mauto\/https:\/\/pharmacy-tlv.com\/wp-content\/uploads\/2025\/05\/pharmacy-white.png","width":500,"height":500,"caption":"Pharmacy TLV"},"image":{"@id":"https:\/\/pharmacy-tlv.com\/#\/schema\/logo\/image\/"}}]}},"_links":{"self":[{"href":"https:\/\/pharmacy-tlv.com\/pt\/wp-json\/wp\/v2\/product\/2547","targetHints":{"allow":["GET"]}}],"collection":[{"href":"https:\/\/pharmacy-tlv.com\/pt\/wp-json\/wp\/v2\/product"}],"about":[{"href":"https:\/\/pharmacy-tlv.com\/pt\/wp-json\/wp\/v2\/types\/product"}],"wp:featuredmedia":[{"embeddable":true,"href":"https:\/\/pharmacy-tlv.com\/pt\/wp-json\/wp\/v2\/media\/2548"}],"wp:attachment":[{"href":"https:\/\/pharmacy-tlv.com\/pt\/wp-json\/wp\/v2\/media?parent=2547"}],"wp:term":[{"taxonomy":"product_brand","embeddable":true,"href":"https:\/\/pharmacy-tlv.com\/pt\/wp-json\/wp\/v2\/product_brand?post=2547"},{"taxonomy":"product_cat","embeddable":true,"href":"https:\/\/pharmacy-tlv.com\/pt\/wp-json\/wp\/v2\/product_cat?post=2547"},{"taxonomy":"product_tag","embeddable":true,"href":"https:\/\/pharmacy-tlv.com\/pt\/wp-json\/wp\/v2\/product_tag?post=2547"}],"curies":[{"name":"wp","href":"https:\/\/api.w.org\/{rel}","templated":true}]}}