{"id":2534,"date":"2025-12-03T10:18:43","date_gmt":"2025-12-03T10:18:43","guid":{"rendered":"https:\/\/pharmacy-tlv.com\/?post_type=product&#038;p=2534"},"modified":"2025-12-03T10:38:18","modified_gmt":"2025-12-03T10:38:18","slug":"seroquel-25-300mg","status":"publish","type":"product","link":"https:\/\/pharmacy-tlv.com\/pt\/loja\/todos-os-medicamentos\/seroquel-25-300mg\/","title":{"rendered":"Seroquel 25 - 300 mg"},"content":{"rendered":"<p><strong data-start=\"95\" data-end=\"104\">Uso<\/strong><\/p>\n<p>Seroquel \u00e9 usado para:<br data-start=\"126\" data-end=\"129\" \/>\u00a0estabiliza\u00e7\u00e3o do humor em transtornos bipolares<br data-start=\"168\" data-end=\"171\" \/>\u00a0redu\u00e7\u00e3o dos sintomas de mania e depress\u00e3o<br data-start=\"214\" data-end=\"217\" \/>controle de epis\u00f3dios psic\u00f3ticos na esquizofrenia<br data-start=\"266\" data-end=\"269\" \/>melhora o sono e reduz a ansiedade quando prescrito em doses baixas<\/p>\n<p><strong data-start=\"343\" data-end=\"362\">Raz\u00f5es para uso<\/strong><\/p>\n<p>epis\u00f3dios de ansiedade acentuada e dist\u00farbios do sono<br data-start=\"418\" data-end=\"421\" \/>necessidade de terapia de longo prazo para transtornos afetivos<br data-start=\"472\" data-end=\"475\" \/>presen\u00e7a de sintomas psic\u00f3ticos que exigem suporte antipsic\u00f3tico<br data-start=\"539\" data-end=\"542\" \/>condi\u00e7\u00f5es que exigem um efeito sedativo leve sem depend\u00eancia<\/p>\n<p><strong data-start=\"616\" data-end=\"630\">Propriedades<\/strong><\/p>\n<p>cont\u00e9m o ingrediente ativo Quetiapina<br data-start=\"674\" data-end=\"677\" \/>proporciona efeitos antipsic\u00f3ticos leves e estabilizadores do humor<br data-start=\"735\" data-end=\"738\" \/>adequado para uso prolongado sob supervis\u00e3o m\u00e9dica<br data-start=\"792\" data-end=\"795\" \/>v\u00e1rias op\u00e7\u00f5es de dosagem permitem o ajuste individualizado da terapia<\/p>\n<p><strong data-start=\"867\" data-end=\"882\">Forma de dosagem<\/strong><\/p>\n<p>Comprimidos, 30 por embalagem: 25 mg \/ 100 mg \/ 200 mg \/ 300 mg<\/p>\n<p><strong data-start=\"944\" data-end=\"960\">Fabricante<\/strong><\/p>\n<p>Tzamal Bio Pharma Ltd.<\/p>\n<p><strong data-start=\"979\" data-end=\"1000\">Ingrediente ativo<\/strong><\/p>\n<p>Quetiapina<\/p>\n<p><em>#Seroquel #Quetiapina #SeroquelIsrael #Seroquel25mg #Seroquel100mg #Seroquel200mg #Seroquel300mg\u00a0<\/em><\/p>","protected":false},"excerpt":{"rendered":"<p data-start=\"109\" data-end=\"397\">Seroquel (quetiapina) \u00e9 um medicamento antipsic\u00f3tico com um leve efeito sedativo, usado para transtorno bipolar, esquizofrenia, sintomas de ansiedade e dist\u00farbios do sono. Adequado para terapia de longo prazo sob supervis\u00e3o m\u00e9dica. Dispon\u00edvel nas dosagens de 25 mg, 100 mg, 200 mg e 300 mg.<\/p>","protected":false},"featured_media":2541,"template":"","meta":[],"product_brand":[],"product_cat":[47],"product_tag":[],"class_list":{"0":"post-2534","1":"product","2":"type-product","3":"status-publish","4":"has-post-thumbnail","6":"product_cat-all-medications","8":"first","9":"instock","10":"shipping-taxable","11":"purchasable","12":"product-type-variable"},"yoast_head":"<!-- This site is optimized with the Yoast SEO plugin v25.1 - https:\/\/yoast.com\/wordpress\/plugins\/seo\/ -->\n<title>Seroquel \u2014 buy in Israel today | Fast delivery!<\/title>\n<meta name=\"description\" content=\"Seroquel (Quetiapine) is an antipsychotic used for mood stabilization, psychosis control, mania and depression treatment, as well as anxiety and sleep disturbances. Manufactured by AstraZeneca. Buy in Israel with fast delivery.\" \/>\n<meta name=\"robots\" content=\"index, follow, max-snippet:-1, max-image-preview:large, max-video-preview:-1\" \/>\n<link rel=\"canonical\" href=\"https:\/\/pharmacy-tlv.com\/pt\/loja\/todos-os-medicamentos\/seroquel-25-300mg\/\" \/>\n<meta property=\"og:locale\" content=\"pt_BR\" \/>\n<meta property=\"og:type\" content=\"article\" \/>\n<meta property=\"og:title\" content=\"Seroquel \u2014 buy in Israel today | Fast delivery!\" \/>\n<meta property=\"og:description\" content=\"Seroquel (Quetiapine) is an antipsychotic used for mood stabilization, psychosis control, mania and depression treatment, as well as anxiety and sleep disturbances. Manufactured by AstraZeneca. Buy in Israel with fast delivery.\" \/>\n<meta property=\"og:url\" content=\"https:\/\/pharmacy-tlv.com\/pt\/loja\/todos-os-medicamentos\/seroquel-25-300mg\/\" \/>\n<meta property=\"og:site_name\" content=\"Pharmacy TLV\" \/>\n<meta property=\"article:modified_time\" content=\"2025-12-03T10:38:18+00:00\" \/>\n<meta property=\"og:image\" content=\"https:\/\/mlz1smk5t7q7.i.optimole.com\/cb:lQg3.de6\/w:auto\/h:auto\/q:mauto\/https:\/\/pharmacy-tlv.com\/wp-content\/uploads\/2025\/12\/Сироквель-Seroquel-israel.jpg\" \/>\n\t<meta property=\"og:image:width\" content=\"300\" \/>\n\t<meta property=\"og:image:height\" content=\"300\" \/>\n\t<meta property=\"og:image:type\" content=\"image\/jpeg\" \/>\n<meta name=\"twitter:card\" content=\"summary_large_image\" \/>\n<meta name=\"twitter:label1\" content=\"Est. tempo de leitura\" \/>\n\t<meta name=\"twitter:data1\" content=\"1 minuto\" \/>\n<script type=\"application\/ld+json\" class=\"yoast-schema-graph\">{\"@context\":\"https:\/\/schema.org\",\"@graph\":[{\"@type\":\"WebPage\",\"@id\":\"https:\/\/pharmacy-tlv.com\/shop\/all-medications\/seroquel-25-300mg\/\",\"url\":\"https:\/\/pharmacy-tlv.com\/shop\/all-medications\/seroquel-25-300mg\/\",\"name\":\"Seroquel \u2014 buy in Israel today | Fast delivery!\",\"isPartOf\":{\"@id\":\"https:\/\/pharmacy-tlv.com\/#website\"},\"primaryImageOfPage\":{\"@id\":\"https:\/\/pharmacy-tlv.com\/shop\/all-medications\/seroquel-25-300mg\/#primaryimage\"},\"image\":{\"@id\":\"https:\/\/pharmacy-tlv.com\/shop\/all-medications\/seroquel-25-300mg\/#primaryimage\"},\"thumbnailUrl\":\"https:\/\/mlz1smk5t7q7.i.optimole.com\/cb:lQg3.de6\/w:auto\/h:auto\/q:mauto\/https:\/\/pharmacy-tlv.com\/wp-content\/uploads\/2025\/12\/Сироквель-Seroquel-israel.jpg\",\"datePublished\":\"2025-12-03T10:18:43+00:00\",\"dateModified\":\"2025-12-03T10:38:18+00:00\",\"description\":\"Seroquel (Quetiapine) is an antipsychotic used for mood stabilization, psychosis control, mania and depression treatment, as well as anxiety and sleep disturbances. Manufactured by AstraZeneca. Buy in Israel with fast delivery.\",\"breadcrumb\":{\"@id\":\"https:\/\/pharmacy-tlv.com\/shop\/all-medications\/seroquel-25-300mg\/#breadcrumb\"},\"inLanguage\":\"pt-BR\",\"potentialAction\":[{\"@type\":\"ReadAction\",\"target\":[\"https:\/\/pharmacy-tlv.com\/shop\/all-medications\/seroquel-25-300mg\/\"]}]},{\"@type\":\"ImageObject\",\"inLanguage\":\"pt-BR\",\"@id\":\"https:\/\/pharmacy-tlv.com\/shop\/all-medications\/seroquel-25-300mg\/#primaryimage\",\"url\":\"https:\/\/mlz1smk5t7q7.i.optimole.com\/cb:lQg3.de6\/w:auto\/h:auto\/q:mauto\/https:\/\/pharmacy-tlv.com\/wp-content\/uploads\/2025\/12\/Сироквель-Seroquel-israel.jpg\",\"contentUrl\":\"https:\/\/mlz1smk5t7q7.i.optimole.com\/cb:lQg3.de6\/w:auto\/h:auto\/q:mauto\/https:\/\/pharmacy-tlv.com\/wp-content\/uploads\/2025\/12\/Сироквель-Seroquel-israel.jpg\",\"width\":300,\"height\":300,\"caption\":\"\u0421\u0438\u0440\u043e\u043a\u0432\u0435\u043b\u044c Seroquel israel\"},{\"@type\":\"BreadcrumbList\",\"@id\":\"https:\/\/pharmacy-tlv.com\/shop\/all-medications\/seroquel-25-300mg\/#breadcrumb\",\"itemListElement\":[{\"@type\":\"ListItem\",\"position\":1,\"name\":\"Home\",\"item\":\"https:\/\/pharmacy-tlv.com\/\"},{\"@type\":\"ListItem\",\"position\":2,\"name\":\"Medications\",\"item\":\"https:\/\/pharmacy-tlv.com\/shop\/\"},{\"@type\":\"ListItem\",\"position\":3,\"name\":\"Seroquel 25 &#8211; 300mg\"}]},{\"@type\":\"WebSite\",\"@id\":\"https:\/\/pharmacy-tlv.com\/#website\",\"url\":\"https:\/\/pharmacy-tlv.com\/\",\"name\":\"Pharmacy TLV\",\"description\":\"Trusted Israeli Medications\",\"publisher\":{\"@id\":\"https:\/\/pharmacy-tlv.com\/#organization\"},\"alternateName\":\"Pharmacy-TLV\",\"potentialAction\":[{\"@type\":\"SearchAction\",\"target\":{\"@type\":\"EntryPoint\",\"urlTemplate\":\"https:\/\/pharmacy-tlv.com\/?s={search_term_string}\"},\"query-input\":{\"@type\":\"PropertyValueSpecification\",\"valueRequired\":true,\"valueName\":\"search_term_string\"}}],\"inLanguage\":\"pt-BR\"},{\"@type\":\"Organization\",\"@id\":\"https:\/\/pharmacy-tlv.com\/#organization\",\"name\":\"Pharmacy TLV\",\"alternateName\":\"Pharmacy-TLV\",\"url\":\"https:\/\/pharmacy-tlv.com\/\",\"logo\":{\"@type\":\"ImageObject\",\"inLanguage\":\"pt-BR\",\"@id\":\"https:\/\/pharmacy-tlv.com\/#\/schema\/logo\/image\/\",\"url\":\"https:\/\/mlz1smk5t7q7.i.optimole.com\/cb:lQg3.de6\/w:auto\/h:auto\/q:mauto\/https:\/\/pharmacy-tlv.com\/wp-content\/uploads\/2025\/05\/pharmacy-white.png\",\"contentUrl\":\"https:\/\/mlz1smk5t7q7.i.optimole.com\/cb:lQg3.de6\/w:auto\/h:auto\/q:mauto\/https:\/\/pharmacy-tlv.com\/wp-content\/uploads\/2025\/05\/pharmacy-white.png\",\"width\":500,\"height\":500,\"caption\":\"Pharmacy TLV\"},\"image\":{\"@id\":\"https:\/\/pharmacy-tlv.com\/#\/schema\/logo\/image\/\"}}]}<\/script>\n<!-- \/ Yoast SEO plugin. -->","yoast_head_json":{"title":"Seroquel - compre hoje em Israel | Entrega r\u00e1pida!","description":"O Seroquel (quetiapina) \u00e9 um antipsic\u00f3tico usado para estabiliza\u00e7\u00e3o do humor, controle da psicose, tratamento da mania e da depress\u00e3o, al\u00e9m de dist\u00farbios de ansiedade e do sono. Fabricado pela AstraZeneca. Compre em Israel com entrega r\u00e1pida.","robots":{"index":"index","follow":"follow","max-snippet":"max-snippet:-1","max-image-preview":"max-image-preview:large","max-video-preview":"max-video-preview:-1"},"canonical":"https:\/\/pharmacy-tlv.com\/pt\/loja\/todos-os-medicamentos\/seroquel-25-300mg\/","og_locale":"pt_BR","og_type":"article","og_title":"Seroquel \u2014 buy in Israel today | Fast delivery!","og_description":"Seroquel (Quetiapine) is an antipsychotic used for mood stabilization, psychosis control, mania and depression treatment, as well as anxiety and sleep disturbances. Manufactured by AstraZeneca. Buy in Israel with fast delivery.","og_url":"https:\/\/pharmacy-tlv.com\/pt\/loja\/todos-os-medicamentos\/seroquel-25-300mg\/","og_site_name":"Pharmacy TLV","article_modified_time":"2025-12-03T10:38:18+00:00","og_image":[{"width":300,"height":300,"url":"https:\/\/mlz1smk5t7q7.i.optimole.com\/cb:lQg3.de6\/w:auto\/h:auto\/q:mauto\/https:\/\/pharmacy-tlv.com\/wp-content\/uploads\/2025\/12\/Сироквель-Seroquel-israel.jpg","type":"image\/jpeg"}],"twitter_card":"summary_large_image","twitter_misc":{"Est. tempo de leitura":"1 minuto"},"schema":{"@context":"https:\/\/schema.org","@graph":[{"@type":"WebPage","@id":"https:\/\/pharmacy-tlv.com\/shop\/all-medications\/seroquel-25-300mg\/","url":"https:\/\/pharmacy-tlv.com\/shop\/all-medications\/seroquel-25-300mg\/","name":"Seroquel - compre hoje em Israel | Entrega r\u00e1pida!","isPartOf":{"@id":"https:\/\/pharmacy-tlv.com\/#website"},"primaryImageOfPage":{"@id":"https:\/\/pharmacy-tlv.com\/shop\/all-medications\/seroquel-25-300mg\/#primaryimage"},"image":{"@id":"https:\/\/pharmacy-tlv.com\/shop\/all-medications\/seroquel-25-300mg\/#primaryimage"},"thumbnailUrl":"https:\/\/mlz1smk5t7q7.i.optimole.com\/cb:lQg3.de6\/w:auto\/h:auto\/q:mauto\/https:\/\/pharmacy-tlv.com\/wp-content\/uploads\/2025\/12\/Сироквель-Seroquel-israel.jpg","datePublished":"2025-12-03T10:18:43+00:00","dateModified":"2025-12-03T10:38:18+00:00","description":"O Seroquel (quetiapina) \u00e9 um antipsic\u00f3tico usado para estabiliza\u00e7\u00e3o do humor, controle da psicose, tratamento da mania e da depress\u00e3o, al\u00e9m de dist\u00farbios de ansiedade e do sono. Fabricado pela AstraZeneca. Compre em Israel com entrega r\u00e1pida.","breadcrumb":{"@id":"https:\/\/pharmacy-tlv.com\/shop\/all-medications\/seroquel-25-300mg\/#breadcrumb"},"inLanguage":"pt-BR","potentialAction":[{"@type":"ReadAction","target":["https:\/\/pharmacy-tlv.com\/shop\/all-medications\/seroquel-25-300mg\/"]}]},{"@type":"ImageObject","inLanguage":"pt-BR","@id":"https:\/\/pharmacy-tlv.com\/shop\/all-medications\/seroquel-25-300mg\/#primaryimage","url":"https:\/\/mlz1smk5t7q7.i.optimole.com\/cb:lQg3.de6\/w:auto\/h:auto\/q:mauto\/https:\/\/pharmacy-tlv.com\/wp-content\/uploads\/2025\/12\/Сироквель-Seroquel-israel.jpg","contentUrl":"https:\/\/mlz1smk5t7q7.i.optimole.com\/cb:lQg3.de6\/w:auto\/h:auto\/q:mauto\/https:\/\/pharmacy-tlv.com\/wp-content\/uploads\/2025\/12\/Сироквель-Seroquel-israel.jpg","width":300,"height":300,"caption":"\u0421\u0438\u0440\u043e\u043a\u0432\u0435\u043b\u044c Seroquel israel"},{"@type":"BreadcrumbList","@id":"https:\/\/pharmacy-tlv.com\/shop\/all-medications\/seroquel-25-300mg\/#breadcrumb","itemListElement":[{"@type":"ListItem","position":1,"name":"Home","item":"https:\/\/pharmacy-tlv.com\/"},{"@type":"ListItem","position":2,"name":"Medications","item":"https:\/\/pharmacy-tlv.com\/shop\/"},{"@type":"ListItem","position":3,"name":"Seroquel 25 &#8211; 300mg"}]},{"@type":"WebSite","@id":"https:\/\/pharmacy-tlv.com\/#website","url":"https:\/\/pharmacy-tlv.com\/","name":"Farm\u00e1cia TLV","description":"Medicamentos israelenses de confian\u00e7a","publisher":{"@id":"https:\/\/pharmacy-tlv.com\/#organization"},"alternateName":"Pharmacy-TLV","potentialAction":[{"@type":"SearchAction","target":{"@type":"EntryPoint","urlTemplate":"https:\/\/pharmacy-tlv.com\/?s={search_term_string}"},"query-input":{"@type":"PropertyValueSpecification","valueRequired":true,"valueName":"search_term_string"}}],"inLanguage":"pt-BR"},{"@type":"Organization","@id":"https:\/\/pharmacy-tlv.com\/#organization","name":"Farm\u00e1cia TLV","alternateName":"Pharmacy-TLV","url":"https:\/\/pharmacy-tlv.com\/","logo":{"@type":"ImageObject","inLanguage":"pt-BR","@id":"https:\/\/pharmacy-tlv.com\/#\/schema\/logo\/image\/","url":"https:\/\/mlz1smk5t7q7.i.optimole.com\/cb:lQg3.de6\/w:auto\/h:auto\/q:mauto\/https:\/\/pharmacy-tlv.com\/wp-content\/uploads\/2025\/05\/pharmacy-white.png","contentUrl":"https:\/\/mlz1smk5t7q7.i.optimole.com\/cb:lQg3.de6\/w:auto\/h:auto\/q:mauto\/https:\/\/pharmacy-tlv.com\/wp-content\/uploads\/2025\/05\/pharmacy-white.png","width":500,"height":500,"caption":"Pharmacy TLV"},"image":{"@id":"https:\/\/pharmacy-tlv.com\/#\/schema\/logo\/image\/"}}]}},"_links":{"self":[{"href":"https:\/\/pharmacy-tlv.com\/pt\/wp-json\/wp\/v2\/product\/2534","targetHints":{"allow":["GET"]}}],"collection":[{"href":"https:\/\/pharmacy-tlv.com\/pt\/wp-json\/wp\/v2\/product"}],"about":[{"href":"https:\/\/pharmacy-tlv.com\/pt\/wp-json\/wp\/v2\/types\/product"}],"wp:featuredmedia":[{"embeddable":true,"href":"https:\/\/pharmacy-tlv.com\/pt\/wp-json\/wp\/v2\/media\/2541"}],"wp:attachment":[{"href":"https:\/\/pharmacy-tlv.com\/pt\/wp-json\/wp\/v2\/media?parent=2534"}],"wp:term":[{"taxonomy":"product_brand","embeddable":true,"href":"https:\/\/pharmacy-tlv.com\/pt\/wp-json\/wp\/v2\/product_brand?post=2534"},{"taxonomy":"product_cat","embeddable":true,"href":"https:\/\/pharmacy-tlv.com\/pt\/wp-json\/wp\/v2\/product_cat?post=2534"},{"taxonomy":"product_tag","embeddable":true,"href":"https:\/\/pharmacy-tlv.com\/pt\/wp-json\/wp\/v2\/product_tag?post=2534"}],"curies":[{"name":"wp","href":"https:\/\/api.w.org\/{rel}","templated":true}]}}