{"id":2531,"date":"2025-12-01T07:01:57","date_gmt":"2025-12-01T07:01:57","guid":{"rendered":"https:\/\/pharmacy-tlv.com\/?post_type=product&#038;p=2531"},"modified":"2026-02-25T15:30:19","modified_gmt":"2026-02-25T15:30:19","slug":"silverol-cream","status":"publish","type":"product","link":"https:\/\/pharmacy-tlv.com\/pt\/loja\/antissepticos\/silverol-cream\/","title":{"rendered":"Silverol Creme"},"content":{"rendered":"<h6 data-start=\"52\" data-end=\"71\"><strong data-start=\"54\" data-end=\"69\">Aplicativo<\/strong><\/h6>\n<p data-start=\"72\" data-end=\"369\">Usado para o tratamento de queimaduras de v\u00e1rios graus, inclusive queimaduras solares<br data-start=\"141\" data-end=\"144\" \/>Ajuda a prevenir a infec\u00e7\u00e3o da pele danificada<br data-start=\"183\" data-end=\"186\" \/>Adequado para tratar feridas e abras\u00f5es superficiais da pele<br data-start=\"245\" data-end=\"248\" \/>Eficaz para o tratamento de les\u00f5es dermatol\u00f3gicas infectadas<br data-start=\"302\" data-end=\"305\" \/>Favorece a cicatriza\u00e7\u00e3o mais r\u00e1pida da pele em casos de complica\u00e7\u00f5es bacterianas<\/p>\n<h6 data-start=\"371\" data-end=\"394\"><strong data-start=\"373\" data-end=\"392\">Raz\u00f5es para uso<\/strong><\/h6>\n<p data-start=\"395\" data-end=\"544\">Queimaduras t\u00e9rmicas e qu\u00edmicas<br data-start=\"421\" data-end=\"424\" \/>Ferimentos superficiais, rachaduras e abras\u00f5es<br data-start=\"464\" data-end=\"467\" \/>Les\u00f5es cut\u00e2neas infectadas<br data-start=\"489\" data-end=\"492\" \/>Risco de infec\u00e7\u00e3o bacteriana em queimaduras e feridas abertas<\/p>\n<h6 data-start=\"546\" data-end=\"564\"><strong data-start=\"548\" data-end=\"562\">Propriedades<\/strong><\/h6>\n<p data-start=\"565\" data-end=\"838\">Cont\u00e9m o ingrediente ativo sulfadiazina de prata 1%<br data-start=\"618\" data-end=\"621\" \/>Oferece forte prote\u00e7\u00e3o antibacteriana<br data-start=\"661\" data-end=\"664\" \/>Evita o crescimento bacteriano e o desenvolvimento de infec\u00e7\u00f5es<br data-start=\"715\" data-end=\"718\" \/>Promove uma a\u00e7\u00e3o suave e acelera a regenera\u00e7\u00e3o da pele<br data-start=\"774\" data-end=\"777\" \/>Adequado para adultos e crian\u00e7as (conforme recomendado por um m\u00e9dico)<\/p>\n<h6 data-start=\"840\" data-end=\"859\"><strong data-start=\"842\" data-end=\"857\">Forma de dosagem<\/strong><\/h6>\n<p data-start=\"860\" data-end=\"880\">Creme, bisnaga <strong data-start=\"872\" data-end=\"880\">50 g<\/strong><\/p>\n<h6 data-start=\"882\" data-end=\"902\"><strong data-start=\"884\" data-end=\"900\">Fabricante<\/strong><\/h6>\n<p data-start=\"903\" data-end=\"907\">Teva<\/p>\n<h6 data-start=\"909\" data-end=\"934\"><strong data-start=\"911\" data-end=\"932\">Ingrediente ativo<\/strong><\/h6>\n<p data-start=\"935\" data-end=\"957\">Sulfadiazina de prata 1%<\/p>","protected":false},"excerpt":{"rendered":"<p data-start=\"990\" data-end=\"1234\">Silverol \u00e9 um creme antibacteriano \u00e0 base de prata, desenvolvido para tratar queimaduras, prevenir infec\u00e7\u00f5es e acelerar a cicatriza\u00e7\u00e3o de les\u00f5es na pele. Adequado para queimaduras, feridas e pele irritada, fornecendo prote\u00e7\u00e3o e suporte para a recupera\u00e7\u00e3o.<\/p>","protected":false},"featured_media":2586,"template":"","meta":[],"product_brand":[],"product_cat":[47,25],"product_tag":[],"class_list":{"0":"post-2531","1":"product","2":"type-product","3":"status-publish","4":"has-post-thumbnail","6":"product_cat-all-medications","7":"product_cat-antiseptics","9":"first","10":"instock","11":"shipping-taxable","12":"purchasable","13":"product-type-simple"},"yoast_head":"<!-- This site is optimized with the Yoast SEO plugin v25.1 - https:\/\/yoast.com\/wordpress\/plugins\/seo\/ -->\n<title>Silverol Cream \u2014 1% (50g) \u2014 buy in Israel today | Fast delivery!<\/title>\n<meta name=\"description\" content=\"Buy Silverol Cream 1% (50g) with free delivery across Israel \u2014 Tel Aviv, Bat Yam, Rishon and more. Fast, convenient, cash on delivery.\" \/>\n<meta name=\"robots\" content=\"index, follow, max-snippet:-1, max-image-preview:large, max-video-preview:-1\" \/>\n<link rel=\"canonical\" href=\"https:\/\/pharmacy-tlv.com\/pt\/loja\/antissepticos\/silverol-cream\/\" \/>\n<meta property=\"og:locale\" content=\"pt_BR\" \/>\n<meta property=\"og:type\" content=\"article\" \/>\n<meta property=\"og:title\" content=\"Silverol Cream \u2014 1% (50g) \u2014 buy in Israel today | Fast delivery!\" \/>\n<meta property=\"og:description\" content=\"Buy Silverol Cream 1% (50g) with free delivery across Israel \u2014 Tel Aviv, Bat Yam, Rishon and more. Fast, convenient, cash on delivery.\" \/>\n<meta property=\"og:url\" content=\"https:\/\/pharmacy-tlv.com\/pt\/loja\/antissepticos\/silverol-cream\/\" \/>\n<meta property=\"og:site_name\" content=\"Pharmacy TLV\" \/>\n<meta property=\"article:modified_time\" content=\"2026-02-25T15:30:19+00:00\" \/>\n<meta property=\"og:image\" content=\"https:\/\/mlz1smk5t7q7.i.optimole.com\/cb:lQg3.de6\/w:auto\/h:auto\/q:mauto\/https:\/\/pharmacy-tlv.com\/wp-content\/uploads\/2025\/12\/silverol-cream-israel.jpg\" \/>\n\t<meta property=\"og:image:width\" content=\"300\" \/>\n\t<meta property=\"og:image:height\" content=\"300\" \/>\n\t<meta property=\"og:image:type\" content=\"image\/jpeg\" \/>\n<meta name=\"twitter:card\" content=\"summary_large_image\" \/>\n<meta name=\"twitter:label1\" content=\"Est. tempo de leitura\" \/>\n\t<meta name=\"twitter:data1\" content=\"1 minuto\" \/>\n<script type=\"application\/ld+json\" class=\"yoast-schema-graph\">{\"@context\":\"https:\/\/schema.org\",\"@graph\":[{\"@type\":\"WebPage\",\"@id\":\"https:\/\/pharmacy-tlv.com\/shop\/antiseptics\/silverol-cream\/\",\"url\":\"https:\/\/pharmacy-tlv.com\/shop\/antiseptics\/silverol-cream\/\",\"name\":\"Silverol Cream \u2014 1% (50g) \u2014 buy in Israel today | Fast delivery!\",\"isPartOf\":{\"@id\":\"https:\/\/pharmacy-tlv.com\/#website\"},\"primaryImageOfPage\":{\"@id\":\"https:\/\/pharmacy-tlv.com\/shop\/antiseptics\/silverol-cream\/#primaryimage\"},\"image\":{\"@id\":\"https:\/\/pharmacy-tlv.com\/shop\/antiseptics\/silverol-cream\/#primaryimage\"},\"thumbnailUrl\":\"https:\/\/mlz1smk5t7q7.i.optimole.com\/cb:lQg3.de6\/w:auto\/h:auto\/q:mauto\/https:\/\/pharmacy-tlv.com\/wp-content\/uploads\/2025\/12\/silverol-cream-israel.jpg\",\"datePublished\":\"2025-12-01T07:01:57+00:00\",\"dateModified\":\"2026-02-25T15:30:19+00:00\",\"description\":\"Buy Silverol Cream 1% (50g) with free delivery across Israel \u2014 Tel Aviv, Bat Yam, Rishon and more. Fast, convenient, cash on delivery.\",\"breadcrumb\":{\"@id\":\"https:\/\/pharmacy-tlv.com\/shop\/antiseptics\/silverol-cream\/#breadcrumb\"},\"inLanguage\":\"pt-BR\",\"potentialAction\":[{\"@type\":\"ReadAction\",\"target\":[\"https:\/\/pharmacy-tlv.com\/shop\/antiseptics\/silverol-cream\/\"]}]},{\"@type\":\"ImageObject\",\"inLanguage\":\"pt-BR\",\"@id\":\"https:\/\/pharmacy-tlv.com\/shop\/antiseptics\/silverol-cream\/#primaryimage\",\"url\":\"https:\/\/mlz1smk5t7q7.i.optimole.com\/cb:lQg3.de6\/w:auto\/h:auto\/q:mauto\/https:\/\/pharmacy-tlv.com\/wp-content\/uploads\/2025\/12\/silverol-cream-israel.jpg\",\"contentUrl\":\"https:\/\/mlz1smk5t7q7.i.optimole.com\/cb:lQg3.de6\/w:auto\/h:auto\/q:mauto\/https:\/\/pharmacy-tlv.com\/wp-content\/uploads\/2025\/12\/silverol-cream-israel.jpg\",\"width\":300,\"height\":300,\"caption\":\"silverol cream israel\"},{\"@type\":\"BreadcrumbList\",\"@id\":\"https:\/\/pharmacy-tlv.com\/shop\/antiseptics\/silverol-cream\/#breadcrumb\",\"itemListElement\":[{\"@type\":\"ListItem\",\"position\":1,\"name\":\"Home\",\"item\":\"https:\/\/pharmacy-tlv.com\/\"},{\"@type\":\"ListItem\",\"position\":2,\"name\":\"Medications\",\"item\":\"https:\/\/pharmacy-tlv.com\/shop\/\"},{\"@type\":\"ListItem\",\"position\":3,\"name\":\"Silverol Cream\"}]},{\"@type\":\"WebSite\",\"@id\":\"https:\/\/pharmacy-tlv.com\/#website\",\"url\":\"https:\/\/pharmacy-tlv.com\/\",\"name\":\"Pharmacy TLV\",\"description\":\"Trusted Israeli Medications\",\"publisher\":{\"@id\":\"https:\/\/pharmacy-tlv.com\/#organization\"},\"alternateName\":\"Pharmacy-TLV\",\"potentialAction\":[{\"@type\":\"SearchAction\",\"target\":{\"@type\":\"EntryPoint\",\"urlTemplate\":\"https:\/\/pharmacy-tlv.com\/?s={search_term_string}\"},\"query-input\":{\"@type\":\"PropertyValueSpecification\",\"valueRequired\":true,\"valueName\":\"search_term_string\"}}],\"inLanguage\":\"pt-BR\"},{\"@type\":\"Organization\",\"@id\":\"https:\/\/pharmacy-tlv.com\/#organization\",\"name\":\"Pharmacy TLV\",\"alternateName\":\"Pharmacy-TLV\",\"url\":\"https:\/\/pharmacy-tlv.com\/\",\"logo\":{\"@type\":\"ImageObject\",\"inLanguage\":\"pt-BR\",\"@id\":\"https:\/\/pharmacy-tlv.com\/#\/schema\/logo\/image\/\",\"url\":\"https:\/\/mlz1smk5t7q7.i.optimole.com\/cb:lQg3.de6\/w:auto\/h:auto\/q:mauto\/https:\/\/pharmacy-tlv.com\/wp-content\/uploads\/2025\/05\/pharmacy-white.png\",\"contentUrl\":\"https:\/\/mlz1smk5t7q7.i.optimole.com\/cb:lQg3.de6\/w:auto\/h:auto\/q:mauto\/https:\/\/pharmacy-tlv.com\/wp-content\/uploads\/2025\/05\/pharmacy-white.png\",\"width\":500,\"height\":500,\"caption\":\"Pharmacy TLV\"},\"image\":{\"@id\":\"https:\/\/pharmacy-tlv.com\/#\/schema\/logo\/image\/\"}}]}<\/script>\n<!-- \/ Yoast SEO plugin. -->","yoast_head_json":{"title":"Silverol Cream - 1% (50g) - compre hoje mesmo em Israel | Entrega r\u00e1pida!","description":"Compre Silverol Cream 1% (50g) com entrega gratuita em Israel - Tel Aviv, Bat Yam, Rishon e mais. R\u00e1pido, conveniente e com pagamento na entrega.","robots":{"index":"index","follow":"follow","max-snippet":"max-snippet:-1","max-image-preview":"max-image-preview:large","max-video-preview":"max-video-preview:-1"},"canonical":"https:\/\/pharmacy-tlv.com\/pt\/loja\/antissepticos\/silverol-cream\/","og_locale":"pt_BR","og_type":"article","og_title":"Silverol Cream \u2014 1% (50g) \u2014 buy in Israel today | Fast delivery!","og_description":"Buy Silverol Cream 1% (50g) with free delivery across Israel \u2014 Tel Aviv, Bat Yam, Rishon and more. Fast, convenient, cash on delivery.","og_url":"https:\/\/pharmacy-tlv.com\/pt\/loja\/antissepticos\/silverol-cream\/","og_site_name":"Pharmacy TLV","article_modified_time":"2026-02-25T15:30:19+00:00","og_image":[{"width":300,"height":300,"url":"https:\/\/mlz1smk5t7q7.i.optimole.com\/cb:lQg3.de6\/w:auto\/h:auto\/q:mauto\/https:\/\/pharmacy-tlv.com\/wp-content\/uploads\/2025\/12\/silverol-cream-israel.jpg","type":"image\/jpeg"}],"twitter_card":"summary_large_image","twitter_misc":{"Est. tempo de leitura":"1 minuto"},"schema":{"@context":"https:\/\/schema.org","@graph":[{"@type":"WebPage","@id":"https:\/\/pharmacy-tlv.com\/shop\/antiseptics\/silverol-cream\/","url":"https:\/\/pharmacy-tlv.com\/shop\/antiseptics\/silverol-cream\/","name":"Silverol Cream - 1% (50g) - compre hoje mesmo em Israel | Entrega r\u00e1pida!","isPartOf":{"@id":"https:\/\/pharmacy-tlv.com\/#website"},"primaryImageOfPage":{"@id":"https:\/\/pharmacy-tlv.com\/shop\/antiseptics\/silverol-cream\/#primaryimage"},"image":{"@id":"https:\/\/pharmacy-tlv.com\/shop\/antiseptics\/silverol-cream\/#primaryimage"},"thumbnailUrl":"https:\/\/mlz1smk5t7q7.i.optimole.com\/cb:lQg3.de6\/w:auto\/h:auto\/q:mauto\/https:\/\/pharmacy-tlv.com\/wp-content\/uploads\/2025\/12\/silverol-cream-israel.jpg","datePublished":"2025-12-01T07:01:57+00:00","dateModified":"2026-02-25T15:30:19+00:00","description":"Compre Silverol Cream 1% (50g) com entrega gratuita em Israel - Tel Aviv, Bat Yam, Rishon e mais. R\u00e1pido, conveniente e com pagamento na entrega.","breadcrumb":{"@id":"https:\/\/pharmacy-tlv.com\/shop\/antiseptics\/silverol-cream\/#breadcrumb"},"inLanguage":"pt-BR","potentialAction":[{"@type":"ReadAction","target":["https:\/\/pharmacy-tlv.com\/shop\/antiseptics\/silverol-cream\/"]}]},{"@type":"ImageObject","inLanguage":"pt-BR","@id":"https:\/\/pharmacy-tlv.com\/shop\/antiseptics\/silverol-cream\/#primaryimage","url":"https:\/\/mlz1smk5t7q7.i.optimole.com\/cb:lQg3.de6\/w:auto\/h:auto\/q:mauto\/https:\/\/pharmacy-tlv.com\/wp-content\/uploads\/2025\/12\/silverol-cream-israel.jpg","contentUrl":"https:\/\/mlz1smk5t7q7.i.optimole.com\/cb:lQg3.de6\/w:auto\/h:auto\/q:mauto\/https:\/\/pharmacy-tlv.com\/wp-content\/uploads\/2025\/12\/silverol-cream-israel.jpg","width":300,"height":300,"caption":"silverol cream israel"},{"@type":"BreadcrumbList","@id":"https:\/\/pharmacy-tlv.com\/shop\/antiseptics\/silverol-cream\/#breadcrumb","itemListElement":[{"@type":"ListItem","position":1,"name":"Home","item":"https:\/\/pharmacy-tlv.com\/"},{"@type":"ListItem","position":2,"name":"Medications","item":"https:\/\/pharmacy-tlv.com\/shop\/"},{"@type":"ListItem","position":3,"name":"Silverol Cream"}]},{"@type":"WebSite","@id":"https:\/\/pharmacy-tlv.com\/#website","url":"https:\/\/pharmacy-tlv.com\/","name":"Farm\u00e1cia TLV","description":"Medicamentos israelenses de confian\u00e7a","publisher":{"@id":"https:\/\/pharmacy-tlv.com\/#organization"},"alternateName":"Pharmacy-TLV","potentialAction":[{"@type":"SearchAction","target":{"@type":"EntryPoint","urlTemplate":"https:\/\/pharmacy-tlv.com\/?s={search_term_string}"},"query-input":{"@type":"PropertyValueSpecification","valueRequired":true,"valueName":"search_term_string"}}],"inLanguage":"pt-BR"},{"@type":"Organization","@id":"https:\/\/pharmacy-tlv.com\/#organization","name":"Farm\u00e1cia TLV","alternateName":"Pharmacy-TLV","url":"https:\/\/pharmacy-tlv.com\/","logo":{"@type":"ImageObject","inLanguage":"pt-BR","@id":"https:\/\/pharmacy-tlv.com\/#\/schema\/logo\/image\/","url":"https:\/\/mlz1smk5t7q7.i.optimole.com\/cb:lQg3.de6\/w:auto\/h:auto\/q:mauto\/https:\/\/pharmacy-tlv.com\/wp-content\/uploads\/2025\/05\/pharmacy-white.png","contentUrl":"https:\/\/mlz1smk5t7q7.i.optimole.com\/cb:lQg3.de6\/w:auto\/h:auto\/q:mauto\/https:\/\/pharmacy-tlv.com\/wp-content\/uploads\/2025\/05\/pharmacy-white.png","width":500,"height":500,"caption":"Pharmacy TLV"},"image":{"@id":"https:\/\/pharmacy-tlv.com\/#\/schema\/logo\/image\/"}}]}},"_links":{"self":[{"href":"https:\/\/pharmacy-tlv.com\/pt\/wp-json\/wp\/v2\/product\/2531","targetHints":{"allow":["GET"]}}],"collection":[{"href":"https:\/\/pharmacy-tlv.com\/pt\/wp-json\/wp\/v2\/product"}],"about":[{"href":"https:\/\/pharmacy-tlv.com\/pt\/wp-json\/wp\/v2\/types\/product"}],"wp:featuredmedia":[{"embeddable":true,"href":"https:\/\/pharmacy-tlv.com\/pt\/wp-json\/wp\/v2\/media\/2586"}],"wp:attachment":[{"href":"https:\/\/pharmacy-tlv.com\/pt\/wp-json\/wp\/v2\/media?parent=2531"}],"wp:term":[{"taxonomy":"product_brand","embeddable":true,"href":"https:\/\/pharmacy-tlv.com\/pt\/wp-json\/wp\/v2\/product_brand?post=2531"},{"taxonomy":"product_cat","embeddable":true,"href":"https:\/\/pharmacy-tlv.com\/pt\/wp-json\/wp\/v2\/product_cat?post=2531"},{"taxonomy":"product_tag","embeddable":true,"href":"https:\/\/pharmacy-tlv.com\/pt\/wp-json\/wp\/v2\/product_tag?post=2531"}],"curies":[{"name":"wp","href":"https:\/\/api.w.org\/{rel}","templated":true}]}}