{"id":2519,"date":"2025-11-11T09:49:27","date_gmt":"2025-11-11T09:49:27","guid":{"rendered":"https:\/\/pharmacy-tlv.com\/?post_type=product&#038;p=2519"},"modified":"2025-11-11T09:49:27","modified_gmt":"2025-11-11T09:49:27","slug":"terbinafine-teva-250mg-14t","status":"publish","type":"product","link":"https:\/\/pharmacy-tlv.com\/pt\/loja\/antifungico\/terbinafine-teva-250mg-14t\/","title":{"rendered":"Terbinafina Teva 250mg (14t)"},"content":{"rendered":"<p data-start=\"538\" data-end=\"588\"><strong data-start=\"538\" data-end=\"554\">Indica\u00e7\u00f5es:<\/strong><br data-start=\"554\" data-end=\"557\" \/>O Terbinafine Teva \u00e9 utilizado para:<\/p>\n<ul data-start=\"589\" data-end=\"789\">\n<li data-start=\"589\" data-end=\"633\">\n<p data-start=\"591\" data-end=\"633\">Tratamento de fungos nas unhas (onicomicose)<\/p>\n<\/li>\n<li data-start=\"634\" data-end=\"681\">\n<p data-start=\"636\" data-end=\"681\">Terapia para infec\u00e7\u00f5es f\u00fangicas da pele e dos p\u00e9s<\/p>\n<\/li>\n<li data-start=\"682\" data-end=\"712\">\n<p data-start=\"684\" data-end=\"712\">Tratamento de micoses do couro cabeludo<\/p>\n<\/li>\n<li data-start=\"713\" data-end=\"789\">\n<p data-start=\"715\" data-end=\"789\">Al\u00edvio da coceira, vermelhid\u00e3o e inflama\u00e7\u00e3o causadas por infec\u00e7\u00f5es f\u00fangicas<\/p>\n<\/li>\n<\/ul>\n<p data-start=\"791\" data-end=\"813\"><strong data-start=\"791\" data-end=\"811\">Raz\u00f5es para uso:<\/strong><\/p>\n<ul data-start=\"814\" data-end=\"946\">\n<li data-start=\"814\" data-end=\"853\">\n<p data-start=\"816\" data-end=\"853\">Infec\u00e7\u00f5es f\u00fangicas das unhas e da pele<\/p>\n<\/li>\n<li data-start=\"854\" data-end=\"889\">\n<p data-start=\"856\" data-end=\"889\">P\u00e9 de atleta e micoses nas m\u00e3os<\/p>\n<\/li>\n<li data-start=\"890\" data-end=\"910\">\n<p data-start=\"892\" data-end=\"910\">Candid\u00edase cut\u00e2nea<\/p>\n<\/li>\n<li data-start=\"911\" data-end=\"946\">\n<p data-start=\"913\" data-end=\"946\">V\u00e1rios tipos de dermatomicoses<\/p>\n<\/li>\n<\/ul>\n<p data-start=\"948\" data-end=\"965\"><strong data-start=\"948\" data-end=\"963\">Propriedades:<\/strong><\/p>\n<ul data-start=\"966\" data-end=\"1145\">\n<li data-start=\"966\" data-end=\"1011\">\n<p data-start=\"968\" data-end=\"1011\">Cont\u00e9m a subst\u00e2ncia ativa Terbinafina<\/p>\n<\/li>\n<li data-start=\"1012\" data-end=\"1046\">\n<p data-start=\"1014\" data-end=\"1046\">Tem um forte efeito fungicida<\/p>\n<\/li>\n<li data-start=\"1047\" data-end=\"1095\">\n<p data-start=\"1049\" data-end=\"1095\">Elimina infec\u00e7\u00f5es f\u00fangicas de dentro para fora<\/p>\n<\/li>\n<li data-start=\"1096\" data-end=\"1145\">\n<p data-start=\"1098\" data-end=\"1145\">Adequado para adultos, conforme prescrito por um m\u00e9dico<\/p>\n<\/li>\n<\/ul>\n<p data-start=\"1147\" data-end=\"1185\"><strong data-start=\"1147\" data-end=\"1156\">Formul\u00e1rio:<\/strong><br data-start=\"1156\" data-end=\"1159\" \/>Comprimidos, 250 mg, 14 unidades.<\/p>\n<p data-start=\"1187\" data-end=\"1213\"><strong data-start=\"1187\" data-end=\"1204\">Fabricante:<\/strong><br data-start=\"1204\" data-end=\"1207\" \/>Teva<\/p>\n<p data-start=\"1215\" data-end=\"1253\"><strong data-start=\"1215\" data-end=\"1237\">Ingrediente ativo:<\/strong><br data-start=\"1237\" data-end=\"1240\" \/>Terbinafina<\/p>\n<p data-start=\"1255\" data-end=\"1368\"><em data-start=\"1255\" data-end=\"1366\">#Terbinafina #TerbinafinaTeva #TerbinafinaIsrael #Antif\u00fangico #FungalTreatment #Teva #Israel #Terbinafina250mg<\/em><\/p>","protected":false},"excerpt":{"rendered":"<p data-start=\"310\" data-end=\"536\">A terbinafina Teva \u00e9 um medicamento antif\u00fangico de amplo espectro usado para tratar infec\u00e7\u00f5es f\u00fangicas da pele, das unhas e do couro cabeludo. Ele elimina efetivamente os fungos, alivia a coceira e evita a reinfec\u00e7\u00e3o.<\/p>\n<p data-start=\"538\" data-end=\"588\">","protected":false},"featured_media":2520,"template":"","meta":[],"product_brand":[],"product_cat":[47,39],"product_tag":[],"class_list":{"0":"post-2519","1":"product","2":"type-product","3":"status-publish","4":"has-post-thumbnail","6":"product_cat-all-medications","7":"product_cat-antifungal","9":"first","10":"instock","11":"shipping-taxable","12":"purchasable","13":"product-type-simple"},"yoast_head":"<!-- This site is optimized with the Yoast SEO plugin v25.1 - https:\/\/yoast.com\/wordpress\/plugins\/seo\/ -->\n<title>Terbinafine Teva \u2014 250mg (14 tablets) \u2014 buy in Israel today | Fast delivery!<\/title>\n<meta name=\"description\" content=\"Terbinafine Teva 250mg (14 tablets) \u2014 buy with free delivery across Israel: Tel Aviv, Bat Yam, Rishon LeZion and more. Fast, easy, cash on delivery.\" \/>\n<meta name=\"robots\" content=\"index, follow, max-snippet:-1, max-image-preview:large, max-video-preview:-1\" \/>\n<link rel=\"canonical\" href=\"https:\/\/pharmacy-tlv.com\/pt\/loja\/antifungico\/terbinafine-teva-250mg-14t\/\" \/>\n<meta property=\"og:locale\" content=\"pt_BR\" \/>\n<meta property=\"og:type\" content=\"article\" \/>\n<meta property=\"og:title\" content=\"Terbinafine Teva \u2014 250mg (14 tablets) \u2014 buy in Israel today | Fast delivery!\" \/>\n<meta property=\"og:description\" content=\"Terbinafine Teva 250mg (14 tablets) \u2014 buy with free delivery across Israel: Tel Aviv, Bat Yam, Rishon LeZion and more. Fast, easy, cash on delivery.\" \/>\n<meta property=\"og:url\" content=\"https:\/\/pharmacy-tlv.com\/pt\/loja\/antifungico\/terbinafine-teva-250mg-14t\/\" \/>\n<meta property=\"og:site_name\" content=\"Pharmacy TLV\" \/>\n<meta property=\"og:image\" content=\"https:\/\/mlz1smk5t7q7.i.optimole.com\/cb:lQg3.de6\/w:auto\/h:auto\/q:mauto\/https:\/\/pharmacy-tlv.com\/wp-content\/uploads\/2025\/11\/terbinafine-250mg-israel.jpg\" \/>\n\t<meta property=\"og:image:width\" content=\"300\" \/>\n\t<meta property=\"og:image:height\" content=\"300\" \/>\n\t<meta property=\"og:image:type\" content=\"image\/jpeg\" \/>\n<meta name=\"twitter:card\" content=\"summary_large_image\" \/>\n<meta name=\"twitter:label1\" content=\"Est. tempo de leitura\" \/>\n\t<meta name=\"twitter:data1\" content=\"1 minuto\" \/>\n<script type=\"application\/ld+json\" class=\"yoast-schema-graph\">{\"@context\":\"https:\/\/schema.org\",\"@graph\":[{\"@type\":\"WebPage\",\"@id\":\"https:\/\/pharmacy-tlv.com\/shop\/antifungal\/terbinafine-teva-250mg-14t\/\",\"url\":\"https:\/\/pharmacy-tlv.com\/shop\/antifungal\/terbinafine-teva-250mg-14t\/\",\"name\":\"Terbinafine Teva \u2014 250mg (14 tablets) \u2014 buy in Israel today | Fast delivery!\",\"isPartOf\":{\"@id\":\"https:\/\/pharmacy-tlv.com\/#website\"},\"primaryImageOfPage\":{\"@id\":\"https:\/\/pharmacy-tlv.com\/shop\/antifungal\/terbinafine-teva-250mg-14t\/#primaryimage\"},\"image\":{\"@id\":\"https:\/\/pharmacy-tlv.com\/shop\/antifungal\/terbinafine-teva-250mg-14t\/#primaryimage\"},\"thumbnailUrl\":\"https:\/\/mlz1smk5t7q7.i.optimole.com\/cb:lQg3.de6\/w:auto\/h:auto\/q:mauto\/https:\/\/pharmacy-tlv.com\/wp-content\/uploads\/2025\/11\/terbinafine-250mg-israel.jpg\",\"datePublished\":\"2025-11-11T09:49:27+00:00\",\"description\":\"Terbinafine Teva 250mg (14 tablets) \u2014 buy with free delivery across Israel: Tel Aviv, Bat Yam, Rishon LeZion and more. Fast, easy, cash on delivery.\",\"breadcrumb\":{\"@id\":\"https:\/\/pharmacy-tlv.com\/shop\/antifungal\/terbinafine-teva-250mg-14t\/#breadcrumb\"},\"inLanguage\":\"pt-BR\",\"potentialAction\":[{\"@type\":\"ReadAction\",\"target\":[\"https:\/\/pharmacy-tlv.com\/shop\/antifungal\/terbinafine-teva-250mg-14t\/\"]}]},{\"@type\":\"ImageObject\",\"inLanguage\":\"pt-BR\",\"@id\":\"https:\/\/pharmacy-tlv.com\/shop\/antifungal\/terbinafine-teva-250mg-14t\/#primaryimage\",\"url\":\"https:\/\/mlz1smk5t7q7.i.optimole.com\/cb:lQg3.de6\/w:auto\/h:auto\/q:mauto\/https:\/\/pharmacy-tlv.com\/wp-content\/uploads\/2025\/11\/terbinafine-250mg-israel.jpg\",\"contentUrl\":\"https:\/\/mlz1smk5t7q7.i.optimole.com\/cb:lQg3.de6\/w:auto\/h:auto\/q:mauto\/https:\/\/pharmacy-tlv.com\/wp-content\/uploads\/2025\/11\/terbinafine-250mg-israel.jpg\",\"width\":300,\"height\":300,\"caption\":\"terbinafine 250mg israel\"},{\"@type\":\"BreadcrumbList\",\"@id\":\"https:\/\/pharmacy-tlv.com\/shop\/antifungal\/terbinafine-teva-250mg-14t\/#breadcrumb\",\"itemListElement\":[{\"@type\":\"ListItem\",\"position\":1,\"name\":\"Home\",\"item\":\"https:\/\/pharmacy-tlv.com\/\"},{\"@type\":\"ListItem\",\"position\":2,\"name\":\"Medications\",\"item\":\"https:\/\/pharmacy-tlv.com\/shop\/\"},{\"@type\":\"ListItem\",\"position\":3,\"name\":\"Terbinafine Teva 250mg (14t)\"}]},{\"@type\":\"WebSite\",\"@id\":\"https:\/\/pharmacy-tlv.com\/#website\",\"url\":\"https:\/\/pharmacy-tlv.com\/\",\"name\":\"Pharmacy TLV\",\"description\":\"Trusted Israeli Medications\",\"publisher\":{\"@id\":\"https:\/\/pharmacy-tlv.com\/#organization\"},\"alternateName\":\"Pharmacy-TLV\",\"potentialAction\":[{\"@type\":\"SearchAction\",\"target\":{\"@type\":\"EntryPoint\",\"urlTemplate\":\"https:\/\/pharmacy-tlv.com\/?s={search_term_string}\"},\"query-input\":{\"@type\":\"PropertyValueSpecification\",\"valueRequired\":true,\"valueName\":\"search_term_string\"}}],\"inLanguage\":\"pt-BR\"},{\"@type\":\"Organization\",\"@id\":\"https:\/\/pharmacy-tlv.com\/#organization\",\"name\":\"Pharmacy TLV\",\"alternateName\":\"Pharmacy-TLV\",\"url\":\"https:\/\/pharmacy-tlv.com\/\",\"logo\":{\"@type\":\"ImageObject\",\"inLanguage\":\"pt-BR\",\"@id\":\"https:\/\/pharmacy-tlv.com\/#\/schema\/logo\/image\/\",\"url\":\"https:\/\/mlz1smk5t7q7.i.optimole.com\/cb:lQg3.de6\/w:auto\/h:auto\/q:mauto\/https:\/\/pharmacy-tlv.com\/wp-content\/uploads\/2025\/05\/pharmacy-white.png\",\"contentUrl\":\"https:\/\/mlz1smk5t7q7.i.optimole.com\/cb:lQg3.de6\/w:auto\/h:auto\/q:mauto\/https:\/\/pharmacy-tlv.com\/wp-content\/uploads\/2025\/05\/pharmacy-white.png\",\"width\":500,\"height\":500,\"caption\":\"Pharmacy TLV\"},\"image\":{\"@id\":\"https:\/\/pharmacy-tlv.com\/#\/schema\/logo\/image\/\"}}]}<\/script>\n<!-- \/ Yoast SEO plugin. -->","yoast_head_json":{"title":"Terbinafina Teva - 250mg (14 comprimidos) - compre hoje em Israel | Entrega r\u00e1pida!","description":"Terbinafine Teva 250mg (14 comprimidos) - compre com entrega gratuita em Israel: Tel Aviv, Bat Yam, Rishon LeZion e muito mais. R\u00e1pido, f\u00e1cil e com pagamento na entrega.","robots":{"index":"index","follow":"follow","max-snippet":"max-snippet:-1","max-image-preview":"max-image-preview:large","max-video-preview":"max-video-preview:-1"},"canonical":"https:\/\/pharmacy-tlv.com\/pt\/loja\/antifungico\/terbinafine-teva-250mg-14t\/","og_locale":"pt_BR","og_type":"article","og_title":"Terbinafine Teva \u2014 250mg (14 tablets) \u2014 buy in Israel today | Fast delivery!","og_description":"Terbinafine Teva 250mg (14 tablets) \u2014 buy with free delivery across Israel: Tel Aviv, Bat Yam, Rishon LeZion and more. Fast, easy, cash on delivery.","og_url":"https:\/\/pharmacy-tlv.com\/pt\/loja\/antifungico\/terbinafine-teva-250mg-14t\/","og_site_name":"Pharmacy TLV","og_image":[{"width":300,"height":300,"url":"https:\/\/mlz1smk5t7q7.i.optimole.com\/cb:lQg3.de6\/w:auto\/h:auto\/q:mauto\/https:\/\/pharmacy-tlv.com\/wp-content\/uploads\/2025\/11\/terbinafine-250mg-israel.jpg","type":"image\/jpeg"}],"twitter_card":"summary_large_image","twitter_misc":{"Est. tempo de leitura":"1 minuto"},"schema":{"@context":"https:\/\/schema.org","@graph":[{"@type":"WebPage","@id":"https:\/\/pharmacy-tlv.com\/shop\/antifungal\/terbinafine-teva-250mg-14t\/","url":"https:\/\/pharmacy-tlv.com\/shop\/antifungal\/terbinafine-teva-250mg-14t\/","name":"Terbinafina Teva - 250mg (14 comprimidos) - compre hoje em Israel | Entrega r\u00e1pida!","isPartOf":{"@id":"https:\/\/pharmacy-tlv.com\/#website"},"primaryImageOfPage":{"@id":"https:\/\/pharmacy-tlv.com\/shop\/antifungal\/terbinafine-teva-250mg-14t\/#primaryimage"},"image":{"@id":"https:\/\/pharmacy-tlv.com\/shop\/antifungal\/terbinafine-teva-250mg-14t\/#primaryimage"},"thumbnailUrl":"https:\/\/mlz1smk5t7q7.i.optimole.com\/cb:lQg3.de6\/w:auto\/h:auto\/q:mauto\/https:\/\/pharmacy-tlv.com\/wp-content\/uploads\/2025\/11\/terbinafine-250mg-israel.jpg","datePublished":"2025-11-11T09:49:27+00:00","description":"Terbinafine Teva 250mg (14 comprimidos) - compre com entrega gratuita em Israel: Tel Aviv, Bat Yam, Rishon LeZion e muito mais. R\u00e1pido, f\u00e1cil e com pagamento na entrega.","breadcrumb":{"@id":"https:\/\/pharmacy-tlv.com\/shop\/antifungal\/terbinafine-teva-250mg-14t\/#breadcrumb"},"inLanguage":"pt-BR","potentialAction":[{"@type":"ReadAction","target":["https:\/\/pharmacy-tlv.com\/shop\/antifungal\/terbinafine-teva-250mg-14t\/"]}]},{"@type":"ImageObject","inLanguage":"pt-BR","@id":"https:\/\/pharmacy-tlv.com\/shop\/antifungal\/terbinafine-teva-250mg-14t\/#primaryimage","url":"https:\/\/mlz1smk5t7q7.i.optimole.com\/cb:lQg3.de6\/w:auto\/h:auto\/q:mauto\/https:\/\/pharmacy-tlv.com\/wp-content\/uploads\/2025\/11\/terbinafine-250mg-israel.jpg","contentUrl":"https:\/\/mlz1smk5t7q7.i.optimole.com\/cb:lQg3.de6\/w:auto\/h:auto\/q:mauto\/https:\/\/pharmacy-tlv.com\/wp-content\/uploads\/2025\/11\/terbinafine-250mg-israel.jpg","width":300,"height":300,"caption":"terbinafine 250mg israel"},{"@type":"BreadcrumbList","@id":"https:\/\/pharmacy-tlv.com\/shop\/antifungal\/terbinafine-teva-250mg-14t\/#breadcrumb","itemListElement":[{"@type":"ListItem","position":1,"name":"Home","item":"https:\/\/pharmacy-tlv.com\/"},{"@type":"ListItem","position":2,"name":"Medications","item":"https:\/\/pharmacy-tlv.com\/shop\/"},{"@type":"ListItem","position":3,"name":"Terbinafine Teva 250mg (14t)"}]},{"@type":"WebSite","@id":"https:\/\/pharmacy-tlv.com\/#website","url":"https:\/\/pharmacy-tlv.com\/","name":"Farm\u00e1cia TLV","description":"Medicamentos israelenses de confian\u00e7a","publisher":{"@id":"https:\/\/pharmacy-tlv.com\/#organization"},"alternateName":"Pharmacy-TLV","potentialAction":[{"@type":"SearchAction","target":{"@type":"EntryPoint","urlTemplate":"https:\/\/pharmacy-tlv.com\/?s={search_term_string}"},"query-input":{"@type":"PropertyValueSpecification","valueRequired":true,"valueName":"search_term_string"}}],"inLanguage":"pt-BR"},{"@type":"Organization","@id":"https:\/\/pharmacy-tlv.com\/#organization","name":"Farm\u00e1cia TLV","alternateName":"Pharmacy-TLV","url":"https:\/\/pharmacy-tlv.com\/","logo":{"@type":"ImageObject","inLanguage":"pt-BR","@id":"https:\/\/pharmacy-tlv.com\/#\/schema\/logo\/image\/","url":"https:\/\/mlz1smk5t7q7.i.optimole.com\/cb:lQg3.de6\/w:auto\/h:auto\/q:mauto\/https:\/\/pharmacy-tlv.com\/wp-content\/uploads\/2025\/05\/pharmacy-white.png","contentUrl":"https:\/\/mlz1smk5t7q7.i.optimole.com\/cb:lQg3.de6\/w:auto\/h:auto\/q:mauto\/https:\/\/pharmacy-tlv.com\/wp-content\/uploads\/2025\/05\/pharmacy-white.png","width":500,"height":500,"caption":"Pharmacy TLV"},"image":{"@id":"https:\/\/pharmacy-tlv.com\/#\/schema\/logo\/image\/"}}]}},"_links":{"self":[{"href":"https:\/\/pharmacy-tlv.com\/pt\/wp-json\/wp\/v2\/product\/2519","targetHints":{"allow":["GET"]}}],"collection":[{"href":"https:\/\/pharmacy-tlv.com\/pt\/wp-json\/wp\/v2\/product"}],"about":[{"href":"https:\/\/pharmacy-tlv.com\/pt\/wp-json\/wp\/v2\/types\/product"}],"wp:featuredmedia":[{"embeddable":true,"href":"https:\/\/pharmacy-tlv.com\/pt\/wp-json\/wp\/v2\/media\/2520"}],"wp:attachment":[{"href":"https:\/\/pharmacy-tlv.com\/pt\/wp-json\/wp\/v2\/media?parent=2519"}],"wp:term":[{"taxonomy":"product_brand","embeddable":true,"href":"https:\/\/pharmacy-tlv.com\/pt\/wp-json\/wp\/v2\/product_brand?post=2519"},{"taxonomy":"product_cat","embeddable":true,"href":"https:\/\/pharmacy-tlv.com\/pt\/wp-json\/wp\/v2\/product_cat?post=2519"},{"taxonomy":"product_tag","embeddable":true,"href":"https:\/\/pharmacy-tlv.com\/pt\/wp-json\/wp\/v2\/product_tag?post=2519"}],"curies":[{"name":"wp","href":"https:\/\/api.w.org\/{rel}","templated":true}]}}