{"id":2500,"date":"2025-10-21T12:46:26","date_gmt":"2025-10-21T12:46:26","guid":{"rendered":"https:\/\/pharmacy-tlv.com\/?post_type=product&#038;p=2500"},"modified":"2025-10-21T12:46:26","modified_gmt":"2025-10-21T12:46:26","slug":"zodorm-10mg-20t","status":"publish","type":"product","link":"https:\/\/pharmacy-tlv.com\/pt\/loja\/relaxamento-do-sono\/zodorm-10mg-20t\/","title":{"rendered":"Zodorm 10mg (20t)"},"content":{"rendered":"<p data-start=\"714\" data-end=\"748\"><strong data-start=\"714\" data-end=\"724\">Uso:<\/strong><br data-start=\"724\" data-end=\"727\" \/>O Zodorm \u00e9 usado para:<\/p>\n<ul data-start=\"750\" data-end=\"928\">\n<li data-start=\"750\" data-end=\"782\">\n<p data-start=\"752\" data-end=\"782\">Redu\u00e7\u00e3o da ansiedade e da tens\u00e3o<\/p>\n<\/li>\n<li data-start=\"783\" data-end=\"837\">\n<p data-start=\"785\" data-end=\"837\">Apoio ao in\u00edcio do sono e melhoria da qualidade do sono<\/p>\n<\/li>\n<li data-start=\"838\" data-end=\"890\">\n<p data-start=\"840\" data-end=\"890\">Al\u00edvio dos sintomas de ins\u00f4nia relacionados ao estresse<\/p>\n<\/li>\n<li data-start=\"891\" data-end=\"928\">\n<p data-start=\"893\" data-end=\"928\">Promovendo noites calmas e repousantes<\/p>\n<\/li>\n<\/ul>\n<p data-start=\"930\" data-end=\"952\"><strong data-start=\"930\" data-end=\"950\">Raz\u00f5es para uso:<\/strong><\/p>\n<ul data-start=\"954\" data-end=\"1111\">\n<li data-start=\"954\" data-end=\"1006\">\n<p data-start=\"956\" data-end=\"1006\">Dist\u00farbios do sono e dificuldade para adormecer<\/p>\n<\/li>\n<li data-start=\"1007\" data-end=\"1039\">\n<p data-start=\"1009\" data-end=\"1039\">Aumento da ansiedade e do estresse<\/p>\n<\/li>\n<li data-start=\"1040\" data-end=\"1063\">\n<p data-start=\"1042\" data-end=\"1063\">Ins\u00f4nia ocasional<\/p>\n<\/li>\n<li data-start=\"1064\" data-end=\"1111\">\n<p data-start=\"1066\" data-end=\"1111\">Condi\u00e7\u00f5es que requerem um efeito sedativo leve<\/p>\n<\/li>\n<\/ul>\n<p data-start=\"1113\" data-end=\"1130\"><strong data-start=\"1113\" data-end=\"1128\">Propriedades:<\/strong><\/p>\n<ul data-start=\"1132\" data-end=\"1332\">\n<li data-start=\"1132\" data-end=\"1188\">\n<p data-start=\"1134\" data-end=\"1188\">Medicamentos com efeitos ansiol\u00edticos e sedativos leves<\/p>\n<\/li>\n<li data-start=\"1189\" data-end=\"1244\">\n<p data-start=\"1191\" data-end=\"1244\">Ajuda a normalizar o sono sem forte depress\u00e3o do SNC<\/p>\n<\/li>\n<li data-start=\"1245\" data-end=\"1283\">\n<p data-start=\"1247\" data-end=\"1283\">Promove o relaxamento antes de dormir<\/p>\n<\/li>\n<li data-start=\"1284\" data-end=\"1332\">\n<p data-start=\"1286\" data-end=\"1332\">Adequado para adultos sob supervis\u00e3o m\u00e9dica<\/p>\n<\/li>\n<\/ul>\n<p data-start=\"1334\" data-end=\"1377\"><strong data-start=\"1334\" data-end=\"1350\">Forma de dosagem:<\/strong><br data-start=\"1350\" data-end=\"1353\" \/>Comprimidos, 10 mg, 20 unidades<\/p>\n<p data-start=\"1379\" data-end=\"1408\"><strong data-start=\"1379\" data-end=\"1396\">Fabricante:<\/strong><br data-start=\"1396\" data-end=\"1399\" \/>unipharm<\/p>\n<p data-start=\"1410\" data-end=\"1513\"><strong data-start=\"1410\" data-end=\"1432\">Ingrediente ativo:<\/strong><br data-start=\"1432\" data-end=\"1435\" \/>Cont\u00e9m tartarato de zolpidem (veja a composi\u00e7\u00e3o completa no folheto de instru\u00e7\u00f5es)<\/p>\n<p data-start=\"1515\" data-end=\"1607\"><em data-start=\"1515\" data-end=\"1605\">#Zodorm #Zolpidem #Meditec #SleepAid #ZodormIsrael #InsomniaRelief #SleepTablets #Israel<\/em><\/p>","protected":false},"excerpt":{"rendered":"<p>O Zodorm \u00e9 um medicamento desenvolvido para melhorar o sono e reduzir a ansiedade. Ele ajuda a adormecer mais rapidamente, proporciona uma noite de descanso normal e alivia a ins\u00f4nia ocasional. Adequado para adultos, conforme recomendado por um m\u00e9dico.<\/p>","protected":false},"featured_media":2501,"template":"","meta":[],"product_brand":[],"product_cat":[47,41],"product_tag":[],"class_list":{"0":"post-2500","1":"product","2":"type-product","3":"status-publish","4":"has-post-thumbnail","6":"product_cat-all-medications","7":"product_cat-sleep-relaxation","9":"first","10":"instock","11":"shipping-taxable","12":"purchasable","13":"product-type-simple"},"yoast_head":"<!-- This site is optimized with the Yoast SEO plugin v25.1 - https:\/\/yoast.com\/wordpress\/plugins\/seo\/ -->\n<title>Zodorm - Zolpidem Tartrate 10mg (20 tablets) \u2014 buy in Israel today | Fast delivery!<\/title>\n<meta name=\"description\" content=\"Zodorm 10mg (20 tablets) buy with free delivery in Israel \u2014 Tel Aviv, Bat Yam, Rishon, and more. Fast, convenient, cash on delivery.\" \/>\n<meta name=\"robots\" content=\"index, follow, max-snippet:-1, max-image-preview:large, max-video-preview:-1\" \/>\n<link rel=\"canonical\" href=\"https:\/\/pharmacy-tlv.com\/pt\/loja\/relaxamento-do-sono\/zodorm-10mg-20t\/\" \/>\n<meta property=\"og:locale\" content=\"pt_BR\" \/>\n<meta property=\"og:type\" content=\"article\" \/>\n<meta property=\"og:title\" content=\"Zodorm - Zolpidem Tartrate 10mg (20 tablets) \u2014 buy in Israel today | Fast delivery!\" \/>\n<meta property=\"og:description\" content=\"Zodorm 10mg (20 tablets) buy with free delivery in Israel \u2014 Tel Aviv, Bat Yam, Rishon, and more. Fast, convenient, cash on delivery.\" \/>\n<meta property=\"og:url\" content=\"https:\/\/pharmacy-tlv.com\/pt\/loja\/relaxamento-do-sono\/zodorm-10mg-20t\/\" \/>\n<meta property=\"og:site_name\" content=\"Pharmacy TLV\" \/>\n<meta property=\"og:image\" content=\"https:\/\/mlz1smk5t7q7.i.optimole.com\/cb:lQg3.de6\/w:auto\/h:auto\/q:mauto\/https:\/\/pharmacy-tlv.com\/wp-content\/uploads\/2025\/10\/zodorm-10-israel.jpg\" \/>\n\t<meta property=\"og:image:width\" content=\"300\" \/>\n\t<meta property=\"og:image:height\" content=\"300\" \/>\n\t<meta property=\"og:image:type\" content=\"image\/jpeg\" \/>\n<meta name=\"twitter:card\" content=\"summary_large_image\" \/>\n<meta name=\"twitter:label1\" content=\"Est. tempo de leitura\" \/>\n\t<meta name=\"twitter:data1\" content=\"1 minuto\" \/>\n<script type=\"application\/ld+json\" class=\"yoast-schema-graph\">{\"@context\":\"https:\/\/schema.org\",\"@graph\":[{\"@type\":\"WebPage\",\"@id\":\"https:\/\/pharmacy-tlv.com\/shop\/sleep-relaxation\/zodorm-10mg-20t\/\",\"url\":\"https:\/\/pharmacy-tlv.com\/shop\/sleep-relaxation\/zodorm-10mg-20t\/\",\"name\":\"Zodorm - Zolpidem Tartrate 10mg (20 tablets) \u2014 buy in Israel today | Fast delivery!\",\"isPartOf\":{\"@id\":\"https:\/\/pharmacy-tlv.com\/#website\"},\"primaryImageOfPage\":{\"@id\":\"https:\/\/pharmacy-tlv.com\/shop\/sleep-relaxation\/zodorm-10mg-20t\/#primaryimage\"},\"image\":{\"@id\":\"https:\/\/pharmacy-tlv.com\/shop\/sleep-relaxation\/zodorm-10mg-20t\/#primaryimage\"},\"thumbnailUrl\":\"https:\/\/mlz1smk5t7q7.i.optimole.com\/cb:lQg3.de6\/w:auto\/h:auto\/q:mauto\/https:\/\/pharmacy-tlv.com\/wp-content\/uploads\/2025\/10\/zodorm-10-israel.jpg\",\"datePublished\":\"2025-10-21T12:46:26+00:00\",\"description\":\"Zodorm 10mg (20 tablets) buy with free delivery in Israel \u2014 Tel Aviv, Bat Yam, Rishon, and more. Fast, convenient, cash on delivery.\",\"breadcrumb\":{\"@id\":\"https:\/\/pharmacy-tlv.com\/shop\/sleep-relaxation\/zodorm-10mg-20t\/#breadcrumb\"},\"inLanguage\":\"pt-BR\",\"potentialAction\":[{\"@type\":\"ReadAction\",\"target\":[\"https:\/\/pharmacy-tlv.com\/shop\/sleep-relaxation\/zodorm-10mg-20t\/\"]}]},{\"@type\":\"ImageObject\",\"inLanguage\":\"pt-BR\",\"@id\":\"https:\/\/pharmacy-tlv.com\/shop\/sleep-relaxation\/zodorm-10mg-20t\/#primaryimage\",\"url\":\"https:\/\/mlz1smk5t7q7.i.optimole.com\/cb:lQg3.de6\/w:auto\/h:auto\/q:mauto\/https:\/\/pharmacy-tlv.com\/wp-content\/uploads\/2025\/10\/zodorm-10-israel.jpg\",\"contentUrl\":\"https:\/\/mlz1smk5t7q7.i.optimole.com\/cb:lQg3.de6\/w:auto\/h:auto\/q:mauto\/https:\/\/pharmacy-tlv.com\/wp-content\/uploads\/2025\/10\/zodorm-10-israel.jpg\",\"width\":300,\"height\":300,\"caption\":\"zodorm 10 israel\"},{\"@type\":\"BreadcrumbList\",\"@id\":\"https:\/\/pharmacy-tlv.com\/shop\/sleep-relaxation\/zodorm-10mg-20t\/#breadcrumb\",\"itemListElement\":[{\"@type\":\"ListItem\",\"position\":1,\"name\":\"Home\",\"item\":\"https:\/\/pharmacy-tlv.com\/\"},{\"@type\":\"ListItem\",\"position\":2,\"name\":\"Medications\",\"item\":\"https:\/\/pharmacy-tlv.com\/shop\/\"},{\"@type\":\"ListItem\",\"position\":3,\"name\":\"Zodorm 10mg (20t)\"}]},{\"@type\":\"WebSite\",\"@id\":\"https:\/\/pharmacy-tlv.com\/#website\",\"url\":\"https:\/\/pharmacy-tlv.com\/\",\"name\":\"Pharmacy TLV\",\"description\":\"Trusted Israeli Medications\",\"publisher\":{\"@id\":\"https:\/\/pharmacy-tlv.com\/#organization\"},\"alternateName\":\"Pharmacy-TLV\",\"potentialAction\":[{\"@type\":\"SearchAction\",\"target\":{\"@type\":\"EntryPoint\",\"urlTemplate\":\"https:\/\/pharmacy-tlv.com\/?s={search_term_string}\"},\"query-input\":{\"@type\":\"PropertyValueSpecification\",\"valueRequired\":true,\"valueName\":\"search_term_string\"}}],\"inLanguage\":\"pt-BR\"},{\"@type\":\"Organization\",\"@id\":\"https:\/\/pharmacy-tlv.com\/#organization\",\"name\":\"Pharmacy TLV\",\"alternateName\":\"Pharmacy-TLV\",\"url\":\"https:\/\/pharmacy-tlv.com\/\",\"logo\":{\"@type\":\"ImageObject\",\"inLanguage\":\"pt-BR\",\"@id\":\"https:\/\/pharmacy-tlv.com\/#\/schema\/logo\/image\/\",\"url\":\"https:\/\/mlz1smk5t7q7.i.optimole.com\/cb:lQg3.de6\/w:auto\/h:auto\/q:mauto\/https:\/\/pharmacy-tlv.com\/wp-content\/uploads\/2025\/05\/pharmacy-white.png\",\"contentUrl\":\"https:\/\/mlz1smk5t7q7.i.optimole.com\/cb:lQg3.de6\/w:auto\/h:auto\/q:mauto\/https:\/\/pharmacy-tlv.com\/wp-content\/uploads\/2025\/05\/pharmacy-white.png\",\"width\":500,\"height\":500,\"caption\":\"Pharmacy TLV\"},\"image\":{\"@id\":\"https:\/\/pharmacy-tlv.com\/#\/schema\/logo\/image\/\"}}]}<\/script>\n<!-- \/ Yoast SEO plugin. -->","yoast_head_json":{"title":"Zodorm - Zolpidem Tartrate 10mg (20 comprimidos) - compre hoje em Israel | Entrega r\u00e1pida!","description":"Zodorm 10mg (20 comprimidos) comprar com entrega gratuita em Israel - Tel Aviv, Bat Yam, Rishon, e mais. R\u00e1pido, conveniente e com pagamento na entrega.","robots":{"index":"index","follow":"follow","max-snippet":"max-snippet:-1","max-image-preview":"max-image-preview:large","max-video-preview":"max-video-preview:-1"},"canonical":"https:\/\/pharmacy-tlv.com\/pt\/loja\/relaxamento-do-sono\/zodorm-10mg-20t\/","og_locale":"pt_BR","og_type":"article","og_title":"Zodorm - Zolpidem Tartrate 10mg (20 tablets) \u2014 buy in Israel today | Fast delivery!","og_description":"Zodorm 10mg (20 tablets) buy with free delivery in Israel \u2014 Tel Aviv, Bat Yam, Rishon, and more. Fast, convenient, cash on delivery.","og_url":"https:\/\/pharmacy-tlv.com\/pt\/loja\/relaxamento-do-sono\/zodorm-10mg-20t\/","og_site_name":"Pharmacy TLV","og_image":[{"width":300,"height":300,"url":"https:\/\/mlz1smk5t7q7.i.optimole.com\/cb:lQg3.de6\/w:auto\/h:auto\/q:mauto\/https:\/\/pharmacy-tlv.com\/wp-content\/uploads\/2025\/10\/zodorm-10-israel.jpg","type":"image\/jpeg"}],"twitter_card":"summary_large_image","twitter_misc":{"Est. tempo de leitura":"1 minuto"},"schema":{"@context":"https:\/\/schema.org","@graph":[{"@type":"WebPage","@id":"https:\/\/pharmacy-tlv.com\/shop\/sleep-relaxation\/zodorm-10mg-20t\/","url":"https:\/\/pharmacy-tlv.com\/shop\/sleep-relaxation\/zodorm-10mg-20t\/","name":"Zodorm - Zolpidem Tartrate 10mg (20 comprimidos) - compre hoje em Israel | Entrega r\u00e1pida!","isPartOf":{"@id":"https:\/\/pharmacy-tlv.com\/#website"},"primaryImageOfPage":{"@id":"https:\/\/pharmacy-tlv.com\/shop\/sleep-relaxation\/zodorm-10mg-20t\/#primaryimage"},"image":{"@id":"https:\/\/pharmacy-tlv.com\/shop\/sleep-relaxation\/zodorm-10mg-20t\/#primaryimage"},"thumbnailUrl":"https:\/\/mlz1smk5t7q7.i.optimole.com\/cb:lQg3.de6\/w:auto\/h:auto\/q:mauto\/https:\/\/pharmacy-tlv.com\/wp-content\/uploads\/2025\/10\/zodorm-10-israel.jpg","datePublished":"2025-10-21T12:46:26+00:00","description":"Zodorm 10mg (20 comprimidos) comprar com entrega gratuita em Israel - Tel Aviv, Bat Yam, Rishon, e mais. R\u00e1pido, conveniente e com pagamento na entrega.","breadcrumb":{"@id":"https:\/\/pharmacy-tlv.com\/shop\/sleep-relaxation\/zodorm-10mg-20t\/#breadcrumb"},"inLanguage":"pt-BR","potentialAction":[{"@type":"ReadAction","target":["https:\/\/pharmacy-tlv.com\/shop\/sleep-relaxation\/zodorm-10mg-20t\/"]}]},{"@type":"ImageObject","inLanguage":"pt-BR","@id":"https:\/\/pharmacy-tlv.com\/shop\/sleep-relaxation\/zodorm-10mg-20t\/#primaryimage","url":"https:\/\/mlz1smk5t7q7.i.optimole.com\/cb:lQg3.de6\/w:auto\/h:auto\/q:mauto\/https:\/\/pharmacy-tlv.com\/wp-content\/uploads\/2025\/10\/zodorm-10-israel.jpg","contentUrl":"https:\/\/mlz1smk5t7q7.i.optimole.com\/cb:lQg3.de6\/w:auto\/h:auto\/q:mauto\/https:\/\/pharmacy-tlv.com\/wp-content\/uploads\/2025\/10\/zodorm-10-israel.jpg","width":300,"height":300,"caption":"zodorm 10 israel"},{"@type":"BreadcrumbList","@id":"https:\/\/pharmacy-tlv.com\/shop\/sleep-relaxation\/zodorm-10mg-20t\/#breadcrumb","itemListElement":[{"@type":"ListItem","position":1,"name":"Home","item":"https:\/\/pharmacy-tlv.com\/"},{"@type":"ListItem","position":2,"name":"Medications","item":"https:\/\/pharmacy-tlv.com\/shop\/"},{"@type":"ListItem","position":3,"name":"Zodorm 10mg (20t)"}]},{"@type":"WebSite","@id":"https:\/\/pharmacy-tlv.com\/#website","url":"https:\/\/pharmacy-tlv.com\/","name":"Farm\u00e1cia TLV","description":"Medicamentos israelenses de confian\u00e7a","publisher":{"@id":"https:\/\/pharmacy-tlv.com\/#organization"},"alternateName":"Pharmacy-TLV","potentialAction":[{"@type":"SearchAction","target":{"@type":"EntryPoint","urlTemplate":"https:\/\/pharmacy-tlv.com\/?s={search_term_string}"},"query-input":{"@type":"PropertyValueSpecification","valueRequired":true,"valueName":"search_term_string"}}],"inLanguage":"pt-BR"},{"@type":"Organization","@id":"https:\/\/pharmacy-tlv.com\/#organization","name":"Farm\u00e1cia TLV","alternateName":"Pharmacy-TLV","url":"https:\/\/pharmacy-tlv.com\/","logo":{"@type":"ImageObject","inLanguage":"pt-BR","@id":"https:\/\/pharmacy-tlv.com\/#\/schema\/logo\/image\/","url":"https:\/\/mlz1smk5t7q7.i.optimole.com\/cb:lQg3.de6\/w:auto\/h:auto\/q:mauto\/https:\/\/pharmacy-tlv.com\/wp-content\/uploads\/2025\/05\/pharmacy-white.png","contentUrl":"https:\/\/mlz1smk5t7q7.i.optimole.com\/cb:lQg3.de6\/w:auto\/h:auto\/q:mauto\/https:\/\/pharmacy-tlv.com\/wp-content\/uploads\/2025\/05\/pharmacy-white.png","width":500,"height":500,"caption":"Pharmacy TLV"},"image":{"@id":"https:\/\/pharmacy-tlv.com\/#\/schema\/logo\/image\/"}}]}},"_links":{"self":[{"href":"https:\/\/pharmacy-tlv.com\/pt\/wp-json\/wp\/v2\/product\/2500","targetHints":{"allow":["GET"]}}],"collection":[{"href":"https:\/\/pharmacy-tlv.com\/pt\/wp-json\/wp\/v2\/product"}],"about":[{"href":"https:\/\/pharmacy-tlv.com\/pt\/wp-json\/wp\/v2\/types\/product"}],"wp:featuredmedia":[{"embeddable":true,"href":"https:\/\/pharmacy-tlv.com\/pt\/wp-json\/wp\/v2\/media\/2501"}],"wp:attachment":[{"href":"https:\/\/pharmacy-tlv.com\/pt\/wp-json\/wp\/v2\/media?parent=2500"}],"wp:term":[{"taxonomy":"product_brand","embeddable":true,"href":"https:\/\/pharmacy-tlv.com\/pt\/wp-json\/wp\/v2\/product_brand?post=2500"},{"taxonomy":"product_cat","embeddable":true,"href":"https:\/\/pharmacy-tlv.com\/pt\/wp-json\/wp\/v2\/product_cat?post=2500"},{"taxonomy":"product_tag","embeddable":true,"href":"https:\/\/pharmacy-tlv.com\/pt\/wp-json\/wp\/v2\/product_tag?post=2500"}],"curies":[{"name":"wp","href":"https:\/\/api.w.org\/{rel}","templated":true}]}}