{"id":2494,"date":"2025-10-21T12:12:32","date_gmt":"2025-10-21T12:12:32","guid":{"rendered":"https:\/\/pharmacy-tlv.com\/?post_type=product&#038;p=2494"},"modified":"2025-10-21T12:12:32","modified_gmt":"2025-10-21T12:12:32","slug":"broncholate-forte-syrup-120ml","status":"publish","type":"product","link":"https:\/\/pharmacy-tlv.com\/pt\/loja\/resfriado-gripe\/broncholate-forte-syrup-120ml\/","title":{"rendered":"Broncholate Forte Xarope 120ml"},"content":{"rendered":"<p data-start=\"31\" data-end=\"82\"><strong data-start=\"31\" data-end=\"47\">Indica\u00e7\u00f5es:<\/strong><br data-start=\"47\" data-end=\"50\" \/>Broncholate Forte \u00e9 usado para:<\/p>\n<ul data-start=\"83\" data-end=\"282\">\n<li data-start=\"83\" data-end=\"114\">\n<p data-start=\"85\" data-end=\"114\">Al\u00edvio sintom\u00e1tico da tosse<\/p>\n<\/li>\n<li data-start=\"115\" data-end=\"163\">\n<p data-start=\"117\" data-end=\"163\">Redu\u00e7\u00e3o da congest\u00e3o do canal nasal e auditivo<\/p>\n<\/li>\n<li data-start=\"164\" data-end=\"212\">\n<p data-start=\"166\" data-end=\"212\">Aliviar a inflama\u00e7\u00e3o do trato respirat\u00f3rio<\/p>\n<\/li>\n<li data-start=\"213\" data-end=\"282\">\n<p data-start=\"215\" data-end=\"282\">Melhora da respira\u00e7\u00e3o durante resfriados e infec\u00e7\u00f5es respirat\u00f3rias superiores<\/p>\n<\/li>\n<\/ul>\n<p data-start=\"284\" data-end=\"306\"><strong data-start=\"284\" data-end=\"304\">Raz\u00f5es para uso:<\/strong><\/p>\n<ul data-start=\"307\" data-end=\"476\">\n<li data-start=\"307\" data-end=\"335\">\n<p data-start=\"309\" data-end=\"335\">Tosse de v\u00e1rias origens<\/p>\n<\/li>\n<li data-start=\"336\" data-end=\"366\">\n<p data-start=\"338\" data-end=\"366\">Resfriado comum e bronquite<\/p>\n<\/li>\n<li data-start=\"367\" data-end=\"411\">\n<p data-start=\"369\" data-end=\"411\">Congest\u00e3o nasal ou do ouvido devido a uma infec\u00e7\u00e3o<\/p>\n<\/li>\n<li data-start=\"412\" data-end=\"476\">\n<p data-start=\"414\" data-end=\"476\">Sensa\u00e7\u00e3o de press\u00e3o ou peso nas vias respirat\u00f3rias<\/p>\n<\/li>\n<\/ul>\n<p data-start=\"478\" data-end=\"495\"><strong data-start=\"478\" data-end=\"493\">Propriedades:<\/strong><\/p>\n<ul data-start=\"496\" data-end=\"722\">\n<li data-start=\"496\" data-end=\"563\">\n<p data-start=\"498\" data-end=\"563\">F\u00f3rmula combinada com efeitos expectorantes e anti-inflamat\u00f3rios<\/p>\n<\/li>\n<li data-start=\"564\" data-end=\"608\">\n<p data-start=\"566\" data-end=\"608\">Ajuda a liquefazer o muco e a facilitar sua remo\u00e7\u00e3o<\/p>\n<\/li>\n<li data-start=\"609\" data-end=\"657\">\n<p data-start=\"611\" data-end=\"657\">Alivia a irrita\u00e7\u00e3o da mucosa respirat\u00f3ria<\/p>\n<\/li>\n<li data-start=\"658\" data-end=\"722\">\n<p data-start=\"660\" data-end=\"722\">Adequado para adultos e crian\u00e7as (conforme orienta\u00e7\u00e3o de um m\u00e9dico)<\/p>\n<\/li>\n<\/ul>\n<p data-start=\"724\" data-end=\"765\"><strong data-start=\"724\" data-end=\"740\">Forma de dosagem:<\/strong><br data-start=\"740\" data-end=\"743\" \/>Xarope, frasco de 120 ml<\/p>\n<p data-start=\"767\" data-end=\"796\"><strong data-start=\"767\" data-end=\"784\">Fabricante:<\/strong><br data-start=\"784\" data-end=\"787\" \/>Meditec<\/p>\n<p data-start=\"798\" data-end=\"951\"><strong data-start=\"798\" data-end=\"821\">Ingredientes ativos:<\/strong><br data-start=\"821\" data-end=\"824\" \/>Cont\u00e9m uma combina\u00e7\u00e3o de subst\u00e2ncias ativas destinadas a aliviar a tosse e a congest\u00e3o (consulte a bula para ver a composi\u00e7\u00e3o completa)<\/p>\n<p data-start=\"953\" data-end=\"1098\" data-is-last-node=\"\" data-is-only-node=\"\"><br data-start=\"966\" data-end=\"969\" \/><em data-start=\"969\" data-end=\"1098\" data-is-last-node=\"\">#BroncholateForte #BroncholateForte #BroncholateForte #Meditec #CoughSyrup #CoughRelief #BroncholateIsrael #SyrupFromIsrael #RespiratoryRelief #Israel<\/em><\/p>","protected":false},"excerpt":{"rendered":"<p>Broncholate Forte Syrup - uma f\u00f3rmula combinada que alivia a tosse e reduz a inflama\u00e7\u00e3o das vias a\u00e9reas, ajudando voc\u00ea a respirar livremente durante resfriados e bronquites.<\/p>","protected":false},"featured_media":2495,"template":"","meta":[],"product_brand":[],"product_cat":[47,36],"product_tag":[],"class_list":{"0":"post-2494","1":"product","2":"type-product","3":"status-publish","4":"has-post-thumbnail","6":"product_cat-all-medications","7":"product_cat-cold-flu","9":"first","10":"instock","11":"shipping-taxable","12":"purchasable","13":"product-type-simple"},"yoast_head":"<!-- This site is optimized with the Yoast SEO plugin v25.1 - https:\/\/yoast.com\/wordpress\/plugins\/seo\/ -->\n<title>Broncholate Forte Syrup \u2014 buy in Israel today | Fast delivery!<\/title>\n<meta name=\"description\" content=\"Broncholate Forte Syrup 120 ml \u2014 buy with free delivery across Israel: Tel-Aviv, Bat-Yam, Rishon and more. Fast, easy, cash payment only.\" \/>\n<meta name=\"robots\" content=\"index, follow, max-snippet:-1, max-image-preview:large, max-video-preview:-1\" \/>\n<link rel=\"canonical\" href=\"https:\/\/pharmacy-tlv.com\/pt\/loja\/resfriado-gripe\/broncholate-forte-syrup-120ml\/\" \/>\n<meta property=\"og:locale\" content=\"pt_BR\" \/>\n<meta property=\"og:type\" content=\"article\" \/>\n<meta property=\"og:title\" content=\"Broncholate Forte Syrup \u2014 buy in Israel today | Fast delivery!\" \/>\n<meta property=\"og:description\" content=\"Broncholate Forte Syrup 120 ml \u2014 buy with free delivery across Israel: Tel-Aviv, Bat-Yam, Rishon and more. Fast, easy, cash payment only.\" \/>\n<meta property=\"og:url\" content=\"https:\/\/pharmacy-tlv.com\/pt\/loja\/resfriado-gripe\/broncholate-forte-syrup-120ml\/\" \/>\n<meta property=\"og:site_name\" content=\"Pharmacy TLV\" \/>\n<meta property=\"og:image\" content=\"https:\/\/mlz1smk5t7q7.i.optimole.com\/cb:lQg3.de6\/w:auto\/h:auto\/q:mauto\/https:\/\/pharmacy-tlv.com\/wp-content\/uploads\/2025\/10\/broncholate-forte-syrup-israel.jpg\" \/>\n\t<meta property=\"og:image:width\" content=\"300\" \/>\n\t<meta property=\"og:image:height\" content=\"300\" \/>\n\t<meta property=\"og:image:type\" content=\"image\/jpeg\" \/>\n<meta name=\"twitter:card\" content=\"summary_large_image\" \/>\n<meta name=\"twitter:label1\" content=\"Est. tempo de leitura\" \/>\n\t<meta name=\"twitter:data1\" content=\"1 minuto\" \/>\n<script type=\"application\/ld+json\" class=\"yoast-schema-graph\">{\"@context\":\"https:\/\/schema.org\",\"@graph\":[{\"@type\":\"WebPage\",\"@id\":\"https:\/\/pharmacy-tlv.com\/shop\/cold-flu\/broncholate-forte-syrup-120ml\/\",\"url\":\"https:\/\/pharmacy-tlv.com\/shop\/cold-flu\/broncholate-forte-syrup-120ml\/\",\"name\":\"Broncholate Forte Syrup \u2014 buy in Israel today | Fast delivery!\",\"isPartOf\":{\"@id\":\"https:\/\/pharmacy-tlv.com\/#website\"},\"primaryImageOfPage\":{\"@id\":\"https:\/\/pharmacy-tlv.com\/shop\/cold-flu\/broncholate-forte-syrup-120ml\/#primaryimage\"},\"image\":{\"@id\":\"https:\/\/pharmacy-tlv.com\/shop\/cold-flu\/broncholate-forte-syrup-120ml\/#primaryimage\"},\"thumbnailUrl\":\"https:\/\/mlz1smk5t7q7.i.optimole.com\/cb:lQg3.de6\/w:auto\/h:auto\/q:mauto\/https:\/\/pharmacy-tlv.com\/wp-content\/uploads\/2025\/10\/broncholate-forte-syrup-israel.jpg\",\"datePublished\":\"2025-10-21T12:12:32+00:00\",\"description\":\"Broncholate Forte Syrup 120 ml \u2014 buy with free delivery across Israel: Tel-Aviv, Bat-Yam, Rishon and more. Fast, easy, cash payment only.\",\"breadcrumb\":{\"@id\":\"https:\/\/pharmacy-tlv.com\/shop\/cold-flu\/broncholate-forte-syrup-120ml\/#breadcrumb\"},\"inLanguage\":\"pt-BR\",\"potentialAction\":[{\"@type\":\"ReadAction\",\"target\":[\"https:\/\/pharmacy-tlv.com\/shop\/cold-flu\/broncholate-forte-syrup-120ml\/\"]}]},{\"@type\":\"ImageObject\",\"inLanguage\":\"pt-BR\",\"@id\":\"https:\/\/pharmacy-tlv.com\/shop\/cold-flu\/broncholate-forte-syrup-120ml\/#primaryimage\",\"url\":\"https:\/\/mlz1smk5t7q7.i.optimole.com\/cb:lQg3.de6\/w:auto\/h:auto\/q:mauto\/https:\/\/pharmacy-tlv.com\/wp-content\/uploads\/2025\/10\/broncholate-forte-syrup-israel.jpg\",\"contentUrl\":\"https:\/\/mlz1smk5t7q7.i.optimole.com\/cb:lQg3.de6\/w:auto\/h:auto\/q:mauto\/https:\/\/pharmacy-tlv.com\/wp-content\/uploads\/2025\/10\/broncholate-forte-syrup-israel.jpg\",\"width\":300,\"height\":300,\"caption\":\"broncholate forte syrup israel\"},{\"@type\":\"BreadcrumbList\",\"@id\":\"https:\/\/pharmacy-tlv.com\/shop\/cold-flu\/broncholate-forte-syrup-120ml\/#breadcrumb\",\"itemListElement\":[{\"@type\":\"ListItem\",\"position\":1,\"name\":\"Home\",\"item\":\"https:\/\/pharmacy-tlv.com\/\"},{\"@type\":\"ListItem\",\"position\":2,\"name\":\"Medications\",\"item\":\"https:\/\/pharmacy-tlv.com\/shop\/\"},{\"@type\":\"ListItem\",\"position\":3,\"name\":\"Broncholate Forte Syrup 120ml\"}]},{\"@type\":\"WebSite\",\"@id\":\"https:\/\/pharmacy-tlv.com\/#website\",\"url\":\"https:\/\/pharmacy-tlv.com\/\",\"name\":\"Pharmacy TLV\",\"description\":\"Trusted Israeli Medications\",\"publisher\":{\"@id\":\"https:\/\/pharmacy-tlv.com\/#organization\"},\"alternateName\":\"Pharmacy-TLV\",\"potentialAction\":[{\"@type\":\"SearchAction\",\"target\":{\"@type\":\"EntryPoint\",\"urlTemplate\":\"https:\/\/pharmacy-tlv.com\/?s={search_term_string}\"},\"query-input\":{\"@type\":\"PropertyValueSpecification\",\"valueRequired\":true,\"valueName\":\"search_term_string\"}}],\"inLanguage\":\"pt-BR\"},{\"@type\":\"Organization\",\"@id\":\"https:\/\/pharmacy-tlv.com\/#organization\",\"name\":\"Pharmacy TLV\",\"alternateName\":\"Pharmacy-TLV\",\"url\":\"https:\/\/pharmacy-tlv.com\/\",\"logo\":{\"@type\":\"ImageObject\",\"inLanguage\":\"pt-BR\",\"@id\":\"https:\/\/pharmacy-tlv.com\/#\/schema\/logo\/image\/\",\"url\":\"https:\/\/mlz1smk5t7q7.i.optimole.com\/cb:lQg3.de6\/w:auto\/h:auto\/q:mauto\/https:\/\/pharmacy-tlv.com\/wp-content\/uploads\/2025\/05\/pharmacy-white.png\",\"contentUrl\":\"https:\/\/mlz1smk5t7q7.i.optimole.com\/cb:lQg3.de6\/w:auto\/h:auto\/q:mauto\/https:\/\/pharmacy-tlv.com\/wp-content\/uploads\/2025\/05\/pharmacy-white.png\",\"width\":500,\"height\":500,\"caption\":\"Pharmacy TLV\"},\"image\":{\"@id\":\"https:\/\/pharmacy-tlv.com\/#\/schema\/logo\/image\/\"}}]}<\/script>\n<!-- \/ Yoast SEO plugin. -->","yoast_head_json":{"title":"Broncholate Forte Syrup - compre hoje mesmo em Israel | Entrega r\u00e1pida!","description":"Broncholate Forte Xarope 120 ml - compre com entrega gratuita em Israel: Tel-Aviv, Bat-Yam, Rishon e muito mais. Pagamento r\u00e1pido, f\u00e1cil e somente em dinheiro.","robots":{"index":"index","follow":"follow","max-snippet":"max-snippet:-1","max-image-preview":"max-image-preview:large","max-video-preview":"max-video-preview:-1"},"canonical":"https:\/\/pharmacy-tlv.com\/pt\/loja\/resfriado-gripe\/broncholate-forte-syrup-120ml\/","og_locale":"pt_BR","og_type":"article","og_title":"Broncholate Forte Syrup \u2014 buy in Israel today | Fast delivery!","og_description":"Broncholate Forte Syrup 120 ml \u2014 buy with free delivery across Israel: Tel-Aviv, Bat-Yam, Rishon and more. Fast, easy, cash payment only.","og_url":"https:\/\/pharmacy-tlv.com\/pt\/loja\/resfriado-gripe\/broncholate-forte-syrup-120ml\/","og_site_name":"Pharmacy TLV","og_image":[{"width":300,"height":300,"url":"https:\/\/mlz1smk5t7q7.i.optimole.com\/cb:lQg3.de6\/w:auto\/h:auto\/q:mauto\/https:\/\/pharmacy-tlv.com\/wp-content\/uploads\/2025\/10\/broncholate-forte-syrup-israel.jpg","type":"image\/jpeg"}],"twitter_card":"summary_large_image","twitter_misc":{"Est. tempo de leitura":"1 minuto"},"schema":{"@context":"https:\/\/schema.org","@graph":[{"@type":"WebPage","@id":"https:\/\/pharmacy-tlv.com\/shop\/cold-flu\/broncholate-forte-syrup-120ml\/","url":"https:\/\/pharmacy-tlv.com\/shop\/cold-flu\/broncholate-forte-syrup-120ml\/","name":"Broncholate Forte Syrup - compre hoje mesmo em Israel | Entrega r\u00e1pida!","isPartOf":{"@id":"https:\/\/pharmacy-tlv.com\/#website"},"primaryImageOfPage":{"@id":"https:\/\/pharmacy-tlv.com\/shop\/cold-flu\/broncholate-forte-syrup-120ml\/#primaryimage"},"image":{"@id":"https:\/\/pharmacy-tlv.com\/shop\/cold-flu\/broncholate-forte-syrup-120ml\/#primaryimage"},"thumbnailUrl":"https:\/\/mlz1smk5t7q7.i.optimole.com\/cb:lQg3.de6\/w:auto\/h:auto\/q:mauto\/https:\/\/pharmacy-tlv.com\/wp-content\/uploads\/2025\/10\/broncholate-forte-syrup-israel.jpg","datePublished":"2025-10-21T12:12:32+00:00","description":"Broncholate Forte Xarope 120 ml - compre com entrega gratuita em Israel: Tel-Aviv, Bat-Yam, Rishon e muito mais. Pagamento r\u00e1pido, f\u00e1cil e somente em dinheiro.","breadcrumb":{"@id":"https:\/\/pharmacy-tlv.com\/shop\/cold-flu\/broncholate-forte-syrup-120ml\/#breadcrumb"},"inLanguage":"pt-BR","potentialAction":[{"@type":"ReadAction","target":["https:\/\/pharmacy-tlv.com\/shop\/cold-flu\/broncholate-forte-syrup-120ml\/"]}]},{"@type":"ImageObject","inLanguage":"pt-BR","@id":"https:\/\/pharmacy-tlv.com\/shop\/cold-flu\/broncholate-forte-syrup-120ml\/#primaryimage","url":"https:\/\/mlz1smk5t7q7.i.optimole.com\/cb:lQg3.de6\/w:auto\/h:auto\/q:mauto\/https:\/\/pharmacy-tlv.com\/wp-content\/uploads\/2025\/10\/broncholate-forte-syrup-israel.jpg","contentUrl":"https:\/\/mlz1smk5t7q7.i.optimole.com\/cb:lQg3.de6\/w:auto\/h:auto\/q:mauto\/https:\/\/pharmacy-tlv.com\/wp-content\/uploads\/2025\/10\/broncholate-forte-syrup-israel.jpg","width":300,"height":300,"caption":"broncholate forte syrup israel"},{"@type":"BreadcrumbList","@id":"https:\/\/pharmacy-tlv.com\/shop\/cold-flu\/broncholate-forte-syrup-120ml\/#breadcrumb","itemListElement":[{"@type":"ListItem","position":1,"name":"Home","item":"https:\/\/pharmacy-tlv.com\/"},{"@type":"ListItem","position":2,"name":"Medications","item":"https:\/\/pharmacy-tlv.com\/shop\/"},{"@type":"ListItem","position":3,"name":"Broncholate Forte Syrup 120ml"}]},{"@type":"WebSite","@id":"https:\/\/pharmacy-tlv.com\/#website","url":"https:\/\/pharmacy-tlv.com\/","name":"Farm\u00e1cia TLV","description":"Medicamentos israelenses de confian\u00e7a","publisher":{"@id":"https:\/\/pharmacy-tlv.com\/#organization"},"alternateName":"Pharmacy-TLV","potentialAction":[{"@type":"SearchAction","target":{"@type":"EntryPoint","urlTemplate":"https:\/\/pharmacy-tlv.com\/?s={search_term_string}"},"query-input":{"@type":"PropertyValueSpecification","valueRequired":true,"valueName":"search_term_string"}}],"inLanguage":"pt-BR"},{"@type":"Organization","@id":"https:\/\/pharmacy-tlv.com\/#organization","name":"Farm\u00e1cia TLV","alternateName":"Pharmacy-TLV","url":"https:\/\/pharmacy-tlv.com\/","logo":{"@type":"ImageObject","inLanguage":"pt-BR","@id":"https:\/\/pharmacy-tlv.com\/#\/schema\/logo\/image\/","url":"https:\/\/mlz1smk5t7q7.i.optimole.com\/cb:lQg3.de6\/w:auto\/h:auto\/q:mauto\/https:\/\/pharmacy-tlv.com\/wp-content\/uploads\/2025\/05\/pharmacy-white.png","contentUrl":"https:\/\/mlz1smk5t7q7.i.optimole.com\/cb:lQg3.de6\/w:auto\/h:auto\/q:mauto\/https:\/\/pharmacy-tlv.com\/wp-content\/uploads\/2025\/05\/pharmacy-white.png","width":500,"height":500,"caption":"Pharmacy TLV"},"image":{"@id":"https:\/\/pharmacy-tlv.com\/#\/schema\/logo\/image\/"}}]}},"_links":{"self":[{"href":"https:\/\/pharmacy-tlv.com\/pt\/wp-json\/wp\/v2\/product\/2494","targetHints":{"allow":["GET"]}}],"collection":[{"href":"https:\/\/pharmacy-tlv.com\/pt\/wp-json\/wp\/v2\/product"}],"about":[{"href":"https:\/\/pharmacy-tlv.com\/pt\/wp-json\/wp\/v2\/types\/product"}],"wp:featuredmedia":[{"embeddable":true,"href":"https:\/\/pharmacy-tlv.com\/pt\/wp-json\/wp\/v2\/media\/2495"}],"wp:attachment":[{"href":"https:\/\/pharmacy-tlv.com\/pt\/wp-json\/wp\/v2\/media?parent=2494"}],"wp:term":[{"taxonomy":"product_brand","embeddable":true,"href":"https:\/\/pharmacy-tlv.com\/pt\/wp-json\/wp\/v2\/product_brand?post=2494"},{"taxonomy":"product_cat","embeddable":true,"href":"https:\/\/pharmacy-tlv.com\/pt\/wp-json\/wp\/v2\/product_cat?post=2494"},{"taxonomy":"product_tag","embeddable":true,"href":"https:\/\/pharmacy-tlv.com\/pt\/wp-json\/wp\/v2\/product_tag?post=2494"}],"curies":[{"name":"wp","href":"https:\/\/api.w.org\/{rel}","templated":true}]}}