{"id":2460,"date":"2026-03-09T07:47:14","date_gmt":"2026-03-09T07:47:14","guid":{"rendered":"https:\/\/pharmacy-tlv.com\/?post_type=product&#038;p=2460"},"modified":"2026-03-09T11:51:11","modified_gmt":"2026-03-09T11:51:11","slug":"creatine-monohydrate-454g","status":"publish","type":"product","link":"https:\/\/pharmacy-tlv.com\/pt\/loja\/sports-supplements\/creatine-monohydrate-454g\/","title":{"rendered":"Creatina monoidratada - 454g"},"content":{"rendered":"<p data-start=\"0\" data-end=\"241\"><strong data-start=\"0\" data-end=\"13\">Benef\u00edcios:<\/strong><br data-start=\"13\" data-end=\"16\" \/>F\u00f3rmula pura: sem aditivos ou aromatizantes.<br data-start=\"57\" data-end=\"60\" \/>Suporte de for\u00e7a e resist\u00eancia: ajuda a melhorar o desempenho f\u00edsico.<br data-start=\"127\" data-end=\"130\" \/>F\u00e1cil de usar: dissolve-se rapidamente em l\u00edquidos.<br data-start=\"172\" data-end=\"175\" \/>Vers\u00e1til: pode ser misturado a shakes de prote\u00edna ou bebidas de hidrata\u00e7\u00e3o.<\/p>\n<p data-start=\"243\" data-end=\"431\"><strong data-start=\"243\" data-end=\"258\">Como chegar:<\/strong><br data-start=\"258\" data-end=\"261\" \/>Dose recomendada: 1 por\u00e7\u00e3o (5 g) por dia.<br data-start=\"303\" data-end=\"306\" \/>Uso: dissolver em 200-300 ml de \u00e1gua ou qualquer bebida de sua prefer\u00eancia.<br data-start=\"371\" data-end=\"374\" \/>Observa\u00e7\u00e3o: \u00e9 melhor tomar ap\u00f3s o treino para uma absor\u00e7\u00e3o ideal.<\/p>\n<p data-start=\"433\" data-end=\"693\"><strong data-start=\"433\" data-end=\"489\">Por que escolher a Creatina Esportiva da California Gold Nutrition?<\/strong><br data-start=\"489\" data-end=\"492\" \/>Alta qualidade: verificada pela certifica\u00e7\u00e3o independente iTested.<br data-start=\"552\" data-end=\"555\" \/>Composi\u00e7\u00e3o segura: livre de ingredientes ou aromatizantes artificiais.<br data-start=\"620\" data-end=\"623\" \/>Aprovado por atletas: suplemento de primeira linha com efic\u00e1cia comprovada.<\/p>\n<p data-start=\"695\" data-end=\"751\"><strong data-start=\"695\" data-end=\"706\">Dosagem:<\/strong><br data-start=\"706\" data-end=\"709\" \/>5 g de creatina monoidratada por por\u00e7\u00e3o.<\/p>\n<p data-start=\"753\" data-end=\"804\"><strong data-start=\"753\" data-end=\"765\">Pacote:<\/strong><br data-start=\"765\" data-end=\"768\" \/>454 g (aproximadamente 90 por\u00e7\u00f5es).<\/p>\n<p data-start=\"806\" data-end=\"875\"><strong data-start=\"806\" data-end=\"821\">Apar\u00eancia:<\/strong><br data-start=\"821\" data-end=\"824\" \/>P\u00f3 sem sabor e sem odor em um recipiente de 454 g.<\/p>\n<p data-start=\"877\" data-end=\"1007\">#Creatina #CreatinaMonohydrate #CaliforniaGoldNutrition #SportsNutrition #Strength #Endurance #MuscleGrowth #iHerbIsrael #Israel<\/p>","protected":false},"excerpt":{"rendered":"<article class=\"text-token-text-primary w-full focus:outline-none scroll-mt-[calc(var(--header-height)+min(200px,max(70px,20svh)))]\" dir=\"auto\" tabindex=\"-1\" data-turn-id=\"request-68d8f62f-ce7c-832d-b171-d660eb7bc3d6-9\" data-testid=\"conversation-turn-54\" data-scroll-anchor=\"true\" data-turn=\"assistant\">\n<div class=\"text-base my-auto mx-auto pb-10 [--thread-content-margin:--spacing(4)] thread-sm:[--thread-content-margin:--spacing(6)] thread-lg:[--thread-content-margin:--spacing(16)] px-(--thread-content-margin)\">\n<div class=\"[--thread-content-max-width:40rem] thread-lg:[--thread-content-max-width:48rem] mx-auto max-w-(--thread-content-max-width) flex-1 group\/turn-messages focus-visible:outline-hidden relative flex w-full min-w-0 flex-col agent-turn\" tabindex=\"-1\">\n<div class=\"flex max-w-full flex-col grow\">\n<div class=\"min-h-8 text-message relative flex w-full flex-col items-end gap-2 text-start break-words whitespace-normal [.text-message+&amp;]:mt-5\" dir=\"auto\" data-message-author-role=\"assistant\" data-message-id=\"5284454c-323c-45f4-8884-5cc5dc15de9e\" data-message-model-slug=\"gpt-5\">\n<div class=\"flex w-full flex-col gap-1 empty:hidden first:pt-[1px]\">\n<div class=\"markdown prose dark:prose-invert w-full break-words light markdown-new-styling\">\n<p data-start=\"1337\" data-end=\"1509\" data-is-last-node=\"\" data-is-only-node=\"\">Um suplemento de monohidrato de creatina pura que cont\u00e9m 5 g por por\u00e7\u00e3o. Apoia o crescimento muscular, melhora a resist\u00eancia e mistura-se facilmente com \u00e1gua ou shakes sem alterar o sabor.<\/p>\n<\/div>\n<\/div>\n<\/div>\n<\/div>\n<div class=\"z-0 flex min-h-[46px] justify-start\"><\/div>\n<div class=\"mt-3 w-full empty:hidden\">\n<div class=\"text-center\"><\/div>\n<\/div>\n<\/div>\n<\/div>\n<\/article>\n<div class=\"pointer-events-none h-px w-px\" aria-hidden=\"true\" data-edge=\"true\"><\/div>","protected":false},"featured_media":2461,"template":"","meta":[],"product_brand":[],"product_cat":[51],"product_tag":[],"class_list":{"0":"post-2460","1":"product","2":"type-product","3":"status-publish","4":"has-post-thumbnail","6":"product_cat-sports-supplements","8":"first","9":"instock","10":"shipping-taxable","11":"purchasable","12":"product-type-simple"},"yoast_head":"<!-- This site is optimized with the Yoast SEO plugin v25.1 - https:\/\/yoast.com\/wordpress\/plugins\/seo\/ -->\n<title>California Gold Nutrition Sport Creatine Monohydrate 454 g \u2014 buy in Israel today | Fast delivery!<\/title>\n<meta name=\"description\" content=\"California Gold Nutrition Sport Creatine Monohydrate 454 g \u2014 premium pure creatine monohydrate for increasing strength, endurance, and muscle mass. Ideal for athletes and active individuals. Buy in Israel with delivery.\" \/>\n<meta name=\"robots\" content=\"index, follow, max-snippet:-1, max-image-preview:large, max-video-preview:-1\" \/>\n<link rel=\"canonical\" href=\"https:\/\/pharmacy-tlv.com\/pt\/loja\/sports-supplements\/creatine-monohydrate-454g\/\" \/>\n<meta property=\"og:locale\" content=\"pt_BR\" \/>\n<meta property=\"og:type\" content=\"article\" \/>\n<meta property=\"og:title\" content=\"California Gold Nutrition Sport Creatine Monohydrate 454 g \u2014 buy in Israel today | Fast delivery!\" \/>\n<meta property=\"og:description\" content=\"California Gold Nutrition Sport Creatine Monohydrate 454 g \u2014 premium pure creatine monohydrate for increasing strength, endurance, and muscle mass. Ideal for athletes and active individuals. Buy in Israel with delivery.\" \/>\n<meta property=\"og:url\" content=\"https:\/\/pharmacy-tlv.com\/pt\/loja\/sports-supplements\/creatine-monohydrate-454g\/\" \/>\n<meta property=\"og:site_name\" content=\"Pharmacy TLV\" \/>\n<meta property=\"article:modified_time\" content=\"2026-03-09T11:51:11+00:00\" \/>\n<meta property=\"og:image\" content=\"https:\/\/mlz1smk5t7q7.i.optimole.com\/cb:lQg3.de6\/w:auto\/h:auto\/q:mauto\/https:\/\/pharmacy-tlv.com\/wp-content\/uploads\/2025\/10\/creatine-monohydrate-israel.jpg\" \/>\n\t<meta property=\"og:image:width\" content=\"300\" \/>\n\t<meta property=\"og:image:height\" content=\"300\" \/>\n\t<meta property=\"og:image:type\" content=\"image\/jpeg\" \/>\n<meta name=\"twitter:card\" content=\"summary_large_image\" \/>\n<meta name=\"twitter:label1\" content=\"Est. tempo de leitura\" \/>\n\t<meta name=\"twitter:data1\" content=\"1 minuto\" \/>\n<script type=\"application\/ld+json\" class=\"yoast-schema-graph\">{\"@context\":\"https:\/\/schema.org\",\"@graph\":[{\"@type\":\"WebPage\",\"@id\":\"https:\/\/pharmacy-tlv.com\/shop\/sports-supplements\/creatine-monohydrate-454g\/\",\"url\":\"https:\/\/pharmacy-tlv.com\/shop\/sports-supplements\/creatine-monohydrate-454g\/\",\"name\":\"California Gold Nutrition Sport Creatine Monohydrate 454 g \u2014 buy in Israel today | Fast delivery!\",\"isPartOf\":{\"@id\":\"https:\/\/pharmacy-tlv.com\/#website\"},\"primaryImageOfPage\":{\"@id\":\"https:\/\/pharmacy-tlv.com\/shop\/sports-supplements\/creatine-monohydrate-454g\/#primaryimage\"},\"image\":{\"@id\":\"https:\/\/pharmacy-tlv.com\/shop\/sports-supplements\/creatine-monohydrate-454g\/#primaryimage\"},\"thumbnailUrl\":\"https:\/\/mlz1smk5t7q7.i.optimole.com\/cb:lQg3.de6\/w:auto\/h:auto\/q:mauto\/https:\/\/pharmacy-tlv.com\/wp-content\/uploads\/2025\/10\/creatine-monohydrate-israel.jpg\",\"datePublished\":\"2026-03-09T07:47:14+00:00\",\"dateModified\":\"2026-03-09T11:51:11+00:00\",\"description\":\"California Gold Nutrition Sport Creatine Monohydrate 454 g \u2014 premium pure creatine monohydrate for increasing strength, endurance, and muscle mass. Ideal for athletes and active individuals. Buy in Israel with delivery.\",\"breadcrumb\":{\"@id\":\"https:\/\/pharmacy-tlv.com\/shop\/sports-supplements\/creatine-monohydrate-454g\/#breadcrumb\"},\"inLanguage\":\"pt-BR\",\"potentialAction\":[{\"@type\":\"ReadAction\",\"target\":[\"https:\/\/pharmacy-tlv.com\/shop\/sports-supplements\/creatine-monohydrate-454g\/\"]}]},{\"@type\":\"ImageObject\",\"inLanguage\":\"pt-BR\",\"@id\":\"https:\/\/pharmacy-tlv.com\/shop\/sports-supplements\/creatine-monohydrate-454g\/#primaryimage\",\"url\":\"https:\/\/mlz1smk5t7q7.i.optimole.com\/cb:lQg3.de6\/w:auto\/h:auto\/q:mauto\/https:\/\/pharmacy-tlv.com\/wp-content\/uploads\/2025\/10\/creatine-monohydrate-israel.jpg\",\"contentUrl\":\"https:\/\/mlz1smk5t7q7.i.optimole.com\/cb:lQg3.de6\/w:auto\/h:auto\/q:mauto\/https:\/\/pharmacy-tlv.com\/wp-content\/uploads\/2025\/10\/creatine-monohydrate-israel.jpg\",\"width\":300,\"height\":300,\"caption\":\"creatine monohydrate israel\"},{\"@type\":\"BreadcrumbList\",\"@id\":\"https:\/\/pharmacy-tlv.com\/shop\/sports-supplements\/creatine-monohydrate-454g\/#breadcrumb\",\"itemListElement\":[{\"@type\":\"ListItem\",\"position\":1,\"name\":\"Home\",\"item\":\"https:\/\/pharmacy-tlv.com\/\"},{\"@type\":\"ListItem\",\"position\":2,\"name\":\"Medications\",\"item\":\"https:\/\/pharmacy-tlv.com\/shop\/\"},{\"@type\":\"ListItem\",\"position\":3,\"name\":\"Creatine monohydrate &#8211; 454g\"}]},{\"@type\":\"WebSite\",\"@id\":\"https:\/\/pharmacy-tlv.com\/#website\",\"url\":\"https:\/\/pharmacy-tlv.com\/\",\"name\":\"Pharmacy TLV\",\"description\":\"Trusted Israeli Medications\",\"publisher\":{\"@id\":\"https:\/\/pharmacy-tlv.com\/#organization\"},\"alternateName\":\"Pharmacy-TLV\",\"potentialAction\":[{\"@type\":\"SearchAction\",\"target\":{\"@type\":\"EntryPoint\",\"urlTemplate\":\"https:\/\/pharmacy-tlv.com\/?s={search_term_string}\"},\"query-input\":{\"@type\":\"PropertyValueSpecification\",\"valueRequired\":true,\"valueName\":\"search_term_string\"}}],\"inLanguage\":\"pt-BR\"},{\"@type\":\"Organization\",\"@id\":\"https:\/\/pharmacy-tlv.com\/#organization\",\"name\":\"Pharmacy TLV\",\"alternateName\":\"Pharmacy-TLV\",\"url\":\"https:\/\/pharmacy-tlv.com\/\",\"logo\":{\"@type\":\"ImageObject\",\"inLanguage\":\"pt-BR\",\"@id\":\"https:\/\/pharmacy-tlv.com\/#\/schema\/logo\/image\/\",\"url\":\"https:\/\/mlz1smk5t7q7.i.optimole.com\/cb:lQg3.de6\/w:auto\/h:auto\/q:mauto\/https:\/\/pharmacy-tlv.com\/wp-content\/uploads\/2025\/05\/pharmacy-white.png\",\"contentUrl\":\"https:\/\/mlz1smk5t7q7.i.optimole.com\/cb:lQg3.de6\/w:auto\/h:auto\/q:mauto\/https:\/\/pharmacy-tlv.com\/wp-content\/uploads\/2025\/05\/pharmacy-white.png\",\"width\":500,\"height\":500,\"caption\":\"Pharmacy TLV\"},\"image\":{\"@id\":\"https:\/\/pharmacy-tlv.com\/#\/schema\/logo\/image\/\"}}]}<\/script>\n<!-- \/ Yoast SEO plugin. -->","yoast_head_json":{"title":"California Gold Nutrition Sport Creatine Monohydrate 454 g - compre hoje mesmo em Israel | Entrega r\u00e1pida!","description":"California Gold Nutrition Sport Creatine Monohydrate 454 g - creatina monoidratada pura premium para aumentar a for\u00e7a, a resist\u00eancia e a massa muscular. Ideal para atletas e pessoas ativas. Compre em Israel com entrega.","robots":{"index":"index","follow":"follow","max-snippet":"max-snippet:-1","max-image-preview":"max-image-preview:large","max-video-preview":"max-video-preview:-1"},"canonical":"https:\/\/pharmacy-tlv.com\/pt\/loja\/sports-supplements\/creatine-monohydrate-454g\/","og_locale":"pt_BR","og_type":"article","og_title":"California Gold Nutrition Sport Creatine Monohydrate 454 g \u2014 buy in Israel today | Fast delivery!","og_description":"California Gold Nutrition Sport Creatine Monohydrate 454 g \u2014 premium pure creatine monohydrate for increasing strength, endurance, and muscle mass. Ideal for athletes and active individuals. Buy in Israel with delivery.","og_url":"https:\/\/pharmacy-tlv.com\/pt\/loja\/sports-supplements\/creatine-monohydrate-454g\/","og_site_name":"Pharmacy TLV","article_modified_time":"2026-03-09T11:51:11+00:00","og_image":[{"width":300,"height":300,"url":"https:\/\/mlz1smk5t7q7.i.optimole.com\/cb:lQg3.de6\/w:auto\/h:auto\/q:mauto\/https:\/\/pharmacy-tlv.com\/wp-content\/uploads\/2025\/10\/creatine-monohydrate-israel.jpg","type":"image\/jpeg"}],"twitter_card":"summary_large_image","twitter_misc":{"Est. tempo de leitura":"1 minuto"},"schema":{"@context":"https:\/\/schema.org","@graph":[{"@type":"WebPage","@id":"https:\/\/pharmacy-tlv.com\/shop\/sports-supplements\/creatine-monohydrate-454g\/","url":"https:\/\/pharmacy-tlv.com\/shop\/sports-supplements\/creatine-monohydrate-454g\/","name":"California Gold Nutrition Sport Creatine Monohydrate 454 g - compre hoje mesmo em Israel | Entrega r\u00e1pida!","isPartOf":{"@id":"https:\/\/pharmacy-tlv.com\/#website"},"primaryImageOfPage":{"@id":"https:\/\/pharmacy-tlv.com\/shop\/sports-supplements\/creatine-monohydrate-454g\/#primaryimage"},"image":{"@id":"https:\/\/pharmacy-tlv.com\/shop\/sports-supplements\/creatine-monohydrate-454g\/#primaryimage"},"thumbnailUrl":"https:\/\/mlz1smk5t7q7.i.optimole.com\/cb:lQg3.de6\/w:auto\/h:auto\/q:mauto\/https:\/\/pharmacy-tlv.com\/wp-content\/uploads\/2025\/10\/creatine-monohydrate-israel.jpg","datePublished":"2026-03-09T07:47:14+00:00","dateModified":"2026-03-09T11:51:11+00:00","description":"California Gold Nutrition Sport Creatine Monohydrate 454 g - creatina monoidratada pura premium para aumentar a for\u00e7a, a resist\u00eancia e a massa muscular. Ideal para atletas e pessoas ativas. Compre em Israel com entrega.","breadcrumb":{"@id":"https:\/\/pharmacy-tlv.com\/shop\/sports-supplements\/creatine-monohydrate-454g\/#breadcrumb"},"inLanguage":"pt-BR","potentialAction":[{"@type":"ReadAction","target":["https:\/\/pharmacy-tlv.com\/shop\/sports-supplements\/creatine-monohydrate-454g\/"]}]},{"@type":"ImageObject","inLanguage":"pt-BR","@id":"https:\/\/pharmacy-tlv.com\/shop\/sports-supplements\/creatine-monohydrate-454g\/#primaryimage","url":"https:\/\/mlz1smk5t7q7.i.optimole.com\/cb:lQg3.de6\/w:auto\/h:auto\/q:mauto\/https:\/\/pharmacy-tlv.com\/wp-content\/uploads\/2025\/10\/creatine-monohydrate-israel.jpg","contentUrl":"https:\/\/mlz1smk5t7q7.i.optimole.com\/cb:lQg3.de6\/w:auto\/h:auto\/q:mauto\/https:\/\/pharmacy-tlv.com\/wp-content\/uploads\/2025\/10\/creatine-monohydrate-israel.jpg","width":300,"height":300,"caption":"creatine monohydrate israel"},{"@type":"BreadcrumbList","@id":"https:\/\/pharmacy-tlv.com\/shop\/sports-supplements\/creatine-monohydrate-454g\/#breadcrumb","itemListElement":[{"@type":"ListItem","position":1,"name":"Home","item":"https:\/\/pharmacy-tlv.com\/"},{"@type":"ListItem","position":2,"name":"Medications","item":"https:\/\/pharmacy-tlv.com\/shop\/"},{"@type":"ListItem","position":3,"name":"Creatine monohydrate &#8211; 454g"}]},{"@type":"WebSite","@id":"https:\/\/pharmacy-tlv.com\/#website","url":"https:\/\/pharmacy-tlv.com\/","name":"Farm\u00e1cia TLV","description":"Medicamentos israelenses de confian\u00e7a","publisher":{"@id":"https:\/\/pharmacy-tlv.com\/#organization"},"alternateName":"Pharmacy-TLV","potentialAction":[{"@type":"SearchAction","target":{"@type":"EntryPoint","urlTemplate":"https:\/\/pharmacy-tlv.com\/?s={search_term_string}"},"query-input":{"@type":"PropertyValueSpecification","valueRequired":true,"valueName":"search_term_string"}}],"inLanguage":"pt-BR"},{"@type":"Organization","@id":"https:\/\/pharmacy-tlv.com\/#organization","name":"Farm\u00e1cia TLV","alternateName":"Pharmacy-TLV","url":"https:\/\/pharmacy-tlv.com\/","logo":{"@type":"ImageObject","inLanguage":"pt-BR","@id":"https:\/\/pharmacy-tlv.com\/#\/schema\/logo\/image\/","url":"https:\/\/mlz1smk5t7q7.i.optimole.com\/cb:lQg3.de6\/w:auto\/h:auto\/q:mauto\/https:\/\/pharmacy-tlv.com\/wp-content\/uploads\/2025\/05\/pharmacy-white.png","contentUrl":"https:\/\/mlz1smk5t7q7.i.optimole.com\/cb:lQg3.de6\/w:auto\/h:auto\/q:mauto\/https:\/\/pharmacy-tlv.com\/wp-content\/uploads\/2025\/05\/pharmacy-white.png","width":500,"height":500,"caption":"Pharmacy TLV"},"image":{"@id":"https:\/\/pharmacy-tlv.com\/#\/schema\/logo\/image\/"}}]}},"_links":{"self":[{"href":"https:\/\/pharmacy-tlv.com\/pt\/wp-json\/wp\/v2\/product\/2460","targetHints":{"allow":["GET"]}}],"collection":[{"href":"https:\/\/pharmacy-tlv.com\/pt\/wp-json\/wp\/v2\/product"}],"about":[{"href":"https:\/\/pharmacy-tlv.com\/pt\/wp-json\/wp\/v2\/types\/product"}],"wp:featuredmedia":[{"embeddable":true,"href":"https:\/\/pharmacy-tlv.com\/pt\/wp-json\/wp\/v2\/media\/2461"}],"wp:attachment":[{"href":"https:\/\/pharmacy-tlv.com\/pt\/wp-json\/wp\/v2\/media?parent=2460"}],"wp:term":[{"taxonomy":"product_brand","embeddable":true,"href":"https:\/\/pharmacy-tlv.com\/pt\/wp-json\/wp\/v2\/product_brand?post=2460"},{"taxonomy":"product_cat","embeddable":true,"href":"https:\/\/pharmacy-tlv.com\/pt\/wp-json\/wp\/v2\/product_cat?post=2460"},{"taxonomy":"product_tag","embeddable":true,"href":"https:\/\/pharmacy-tlv.com\/pt\/wp-json\/wp\/v2\/product_tag?post=2460"}],"curies":[{"name":"wp","href":"https:\/\/api.w.org\/{rel}","templated":true}]}}