{"id":2430,"date":"2026-03-09T07:50:50","date_gmt":"2026-03-09T07:50:50","guid":{"rendered":"https:\/\/pharmacy-tlv.com\/?post_type=product&#038;p=2430"},"modified":"2026-03-09T11:49:58","modified_gmt":"2026-03-09T11:49:58","slug":"proviron-25mg-50t","status":"publish","type":"product","link":"https:\/\/pharmacy-tlv.com\/pt\/loja\/sports-supplements\/proviron-25mg-50t\/","title":{"rendered":"Proviron 25mg (50t)"},"content":{"rendered":"<h3 data-start=\"78\" data-end=\"110\">Benef\u00edcios do Proviron 25mg:<\/h3>\n<ul data-start=\"111\" data-end=\"323\">\n<li data-start=\"111\" data-end=\"140\">\n<p data-start=\"113\" data-end=\"140\">Apoia o equil\u00edbrio hormonal<\/p>\n<\/li>\n<li data-start=\"141\" data-end=\"178\">\n<p data-start=\"143\" data-end=\"178\">Aumenta a libido e a for\u00e7a masculina<\/p>\n<\/li>\n<li data-start=\"179\" data-end=\"234\">\n<p data-start=\"181\" data-end=\"234\">Reduz os efeitos colaterais relacionados ao estrog\u00eanio durante os ciclos<\/p>\n<\/li>\n<li data-start=\"235\" data-end=\"284\">\n<p data-start=\"237\" data-end=\"284\">Preserva a massa muscular e melhora a defini\u00e7\u00e3o<\/p>\n<\/li>\n<li data-start=\"285\" data-end=\"323\">\n<p data-start=\"287\" data-end=\"323\">Combina bem com outros compostos<\/p>\n<\/li>\n<\/ul>\n<h3 data-start=\"325\" data-end=\"352\">Instru\u00e7\u00f5es de uso:<\/h3>\n<ul data-start=\"353\" data-end=\"568\">\n<li data-start=\"353\" data-end=\"397\">\n<p data-start=\"355\" data-end=\"397\"><strong data-start=\"355\" data-end=\"377\">Dosagem recomendada<\/strong>25-75 mg por dia<\/p>\n<\/li>\n<li data-start=\"398\" data-end=\"442\">\n<p data-start=\"400\" data-end=\"442\"><strong data-start=\"400\" data-end=\"410\">Admiss\u00e3o<\/strong>: dividido em 1-2 doses di\u00e1rias<\/p>\n<\/li>\n<li data-start=\"443\" data-end=\"500\">\n<p data-start=\"445\" data-end=\"500\"><strong data-start=\"445\" data-end=\"457\">Recursos<\/strong>: adequado para uso individual e combinado<\/p>\n<\/li>\n<li data-start=\"501\" data-end=\"568\">\n<p data-start=\"503\" data-end=\"568\"><strong data-start=\"503\" data-end=\"516\">Importante<\/strong>: siga rigorosamente a dosagem e monitore a resposta do corpo<\/p>\n<\/li>\n<\/ul>\n<h3 data-start=\"570\" data-end=\"615\">Por que escolher Proviron (Mesterolone) 25mg?<\/h3>\n<ul data-start=\"616\" data-end=\"761\">\n<li data-start=\"616\" data-end=\"650\">\n<p data-start=\"618\" data-end=\"650\">Estabiliza os n\u00edveis de testosterona<\/p>\n<\/li>\n<li data-start=\"651\" data-end=\"684\">\n<p data-start=\"653\" data-end=\"684\">Apoia o desempenho atl\u00e9tico<\/p>\n<\/li>\n<li data-start=\"685\" data-end=\"726\">\n<p data-start=\"687\" data-end=\"726\">Melhora o bem-estar e a vitalidade masculina<\/p>\n<\/li>\n<li data-start=\"727\" data-end=\"761\">\n<p data-start=\"729\" data-end=\"761\">Tem um perfil de efeitos colaterais leve<\/p>\n<\/li>\n<\/ul>\n<p data-start=\"763\" data-end=\"791\"><strong data-start=\"763\" data-end=\"774\">Dosagem:<\/strong><br data-start=\"774\" data-end=\"777\" \/>25 mg\/comprimido<\/p>\n<p data-start=\"793\" data-end=\"830\"><strong data-start=\"793\" data-end=\"815\">Quantidade por pacote:<\/strong><br data-start=\"815\" data-end=\"818\" \/>50 comprimidos<\/p>\n<p data-start=\"852\" data-end=\"982\"><em data-start=\"852\" data-end=\"980\">#Proviron #Mesterolone #TestosteroneSupport #MuscleProtection #LibidoBoost #HormonalBalance #ProvironIsrael #MesteroloneIsrael<\/em><\/p>","protected":false},"excerpt":{"rendered":"<p>Proviron (Mesterolone) 25mg 50 comprimidos - um poderoso suplemento desenvolvido para apoiar o equil\u00edbrio hormonal, aumentar a vitalidade masculina e manter a defini\u00e7\u00e3o muscular. Popular entre atletas e homens que buscam melhor desempenho e bem-estar.<\/p>","protected":false},"featured_media":2431,"template":"","meta":[],"product_brand":[],"product_cat":[51],"product_tag":[],"class_list":{"0":"post-2430","1":"product","2":"type-product","3":"status-publish","4":"has-post-thumbnail","6":"product_cat-sports-supplements","8":"first","9":"instock","10":"shipping-taxable","11":"purchasable","12":"product-type-simple"},"yoast_head":"<!-- This site is optimized with the Yoast SEO plugin v25.1 - https:\/\/yoast.com\/wordpress\/plugins\/seo\/ -->\n<title>Proviron (Mesterolone) 25mg 50 tabs \u2014 buy in Israel today | Fast delivery!<\/title>\n<meta name=\"description\" content=\"Proviron (Mesterolone) 25mg 50 tablets \u2013 a supplement for supporting hormonal balance, male vitality, and muscle preservation. Buy in Israel with delivery.\" \/>\n<meta name=\"robots\" content=\"index, follow, max-snippet:-1, max-image-preview:large, max-video-preview:-1\" \/>\n<link rel=\"canonical\" href=\"https:\/\/pharmacy-tlv.com\/pt\/loja\/sports-supplements\/proviron-25mg-50t\/\" \/>\n<meta property=\"og:locale\" content=\"pt_BR\" \/>\n<meta property=\"og:type\" content=\"article\" \/>\n<meta property=\"og:title\" content=\"Proviron (Mesterolone) 25mg 50 tabs \u2014 buy in Israel today | Fast delivery!\" \/>\n<meta property=\"og:description\" content=\"Proviron (Mesterolone) 25mg 50 tablets \u2013 a supplement for supporting hormonal balance, male vitality, and muscle preservation. Buy in Israel with delivery.\" \/>\n<meta property=\"og:url\" content=\"https:\/\/pharmacy-tlv.com\/pt\/loja\/sports-supplements\/proviron-25mg-50t\/\" \/>\n<meta property=\"og:site_name\" content=\"Pharmacy TLV\" \/>\n<meta property=\"article:modified_time\" content=\"2026-03-09T11:49:58+00:00\" \/>\n<meta property=\"og:image\" content=\"https:\/\/mlz1smk5t7q7.i.optimole.com\/cb:lQg3.de6\/w:auto\/h:auto\/q:mauto\/https:\/\/pharmacy-tlv.com\/wp-content\/uploads\/2025\/10\/proviron-israel-1.jpg\" \/>\n\t<meta property=\"og:image:width\" content=\"300\" \/>\n\t<meta property=\"og:image:height\" content=\"300\" \/>\n\t<meta property=\"og:image:type\" content=\"image\/jpeg\" \/>\n<meta name=\"twitter:card\" content=\"summary_large_image\" \/>\n<meta name=\"twitter:label1\" content=\"Est. tempo de leitura\" \/>\n\t<meta name=\"twitter:data1\" content=\"1 minuto\" \/>\n<script type=\"application\/ld+json\" class=\"yoast-schema-graph\">{\"@context\":\"https:\/\/schema.org\",\"@graph\":[{\"@type\":\"WebPage\",\"@id\":\"https:\/\/pharmacy-tlv.com\/shop\/sports-supplements\/proviron-25mg-50t\/\",\"url\":\"https:\/\/pharmacy-tlv.com\/shop\/sports-supplements\/proviron-25mg-50t\/\",\"name\":\"Proviron (Mesterolone) 25mg 50 tabs \u2014 buy in Israel today | Fast delivery!\",\"isPartOf\":{\"@id\":\"https:\/\/pharmacy-tlv.com\/#website\"},\"primaryImageOfPage\":{\"@id\":\"https:\/\/pharmacy-tlv.com\/shop\/sports-supplements\/proviron-25mg-50t\/#primaryimage\"},\"image\":{\"@id\":\"https:\/\/pharmacy-tlv.com\/shop\/sports-supplements\/proviron-25mg-50t\/#primaryimage\"},\"thumbnailUrl\":\"https:\/\/mlz1smk5t7q7.i.optimole.com\/cb:lQg3.de6\/w:auto\/h:auto\/q:mauto\/https:\/\/pharmacy-tlv.com\/wp-content\/uploads\/2025\/10\/proviron-israel-1.jpg\",\"datePublished\":\"2026-03-09T07:50:50+00:00\",\"dateModified\":\"2026-03-09T11:49:58+00:00\",\"description\":\"Proviron (Mesterolone) 25mg 50 tablets \u2013 a supplement for supporting hormonal balance, male vitality, and muscle preservation. Buy in Israel with delivery.\",\"breadcrumb\":{\"@id\":\"https:\/\/pharmacy-tlv.com\/shop\/sports-supplements\/proviron-25mg-50t\/#breadcrumb\"},\"inLanguage\":\"pt-BR\",\"potentialAction\":[{\"@type\":\"ReadAction\",\"target\":[\"https:\/\/pharmacy-tlv.com\/shop\/sports-supplements\/proviron-25mg-50t\/\"]}]},{\"@type\":\"ImageObject\",\"inLanguage\":\"pt-BR\",\"@id\":\"https:\/\/pharmacy-tlv.com\/shop\/sports-supplements\/proviron-25mg-50t\/#primaryimage\",\"url\":\"https:\/\/mlz1smk5t7q7.i.optimole.com\/cb:lQg3.de6\/w:auto\/h:auto\/q:mauto\/https:\/\/pharmacy-tlv.com\/wp-content\/uploads\/2025\/10\/proviron-israel-1.jpg\",\"contentUrl\":\"https:\/\/mlz1smk5t7q7.i.optimole.com\/cb:lQg3.de6\/w:auto\/h:auto\/q:mauto\/https:\/\/pharmacy-tlv.com\/wp-content\/uploads\/2025\/10\/proviron-israel-1.jpg\",\"width\":300,\"height\":300,\"caption\":\"proviron israel 1\"},{\"@type\":\"BreadcrumbList\",\"@id\":\"https:\/\/pharmacy-tlv.com\/shop\/sports-supplements\/proviron-25mg-50t\/#breadcrumb\",\"itemListElement\":[{\"@type\":\"ListItem\",\"position\":1,\"name\":\"Home\",\"item\":\"https:\/\/pharmacy-tlv.com\/\"},{\"@type\":\"ListItem\",\"position\":2,\"name\":\"Medications\",\"item\":\"https:\/\/pharmacy-tlv.com\/shop\/\"},{\"@type\":\"ListItem\",\"position\":3,\"name\":\"Proviron 25mg (50t)\"}]},{\"@type\":\"WebSite\",\"@id\":\"https:\/\/pharmacy-tlv.com\/#website\",\"url\":\"https:\/\/pharmacy-tlv.com\/\",\"name\":\"Pharmacy TLV\",\"description\":\"Trusted Israeli Medications\",\"publisher\":{\"@id\":\"https:\/\/pharmacy-tlv.com\/#organization\"},\"alternateName\":\"Pharmacy-TLV\",\"potentialAction\":[{\"@type\":\"SearchAction\",\"target\":{\"@type\":\"EntryPoint\",\"urlTemplate\":\"https:\/\/pharmacy-tlv.com\/?s={search_term_string}\"},\"query-input\":{\"@type\":\"PropertyValueSpecification\",\"valueRequired\":true,\"valueName\":\"search_term_string\"}}],\"inLanguage\":\"pt-BR\"},{\"@type\":\"Organization\",\"@id\":\"https:\/\/pharmacy-tlv.com\/#organization\",\"name\":\"Pharmacy TLV\",\"alternateName\":\"Pharmacy-TLV\",\"url\":\"https:\/\/pharmacy-tlv.com\/\",\"logo\":{\"@type\":\"ImageObject\",\"inLanguage\":\"pt-BR\",\"@id\":\"https:\/\/pharmacy-tlv.com\/#\/schema\/logo\/image\/\",\"url\":\"https:\/\/mlz1smk5t7q7.i.optimole.com\/cb:lQg3.de6\/w:auto\/h:auto\/q:mauto\/https:\/\/pharmacy-tlv.com\/wp-content\/uploads\/2025\/05\/pharmacy-white.png\",\"contentUrl\":\"https:\/\/mlz1smk5t7q7.i.optimole.com\/cb:lQg3.de6\/w:auto\/h:auto\/q:mauto\/https:\/\/pharmacy-tlv.com\/wp-content\/uploads\/2025\/05\/pharmacy-white.png\",\"width\":500,\"height\":500,\"caption\":\"Pharmacy TLV\"},\"image\":{\"@id\":\"https:\/\/pharmacy-tlv.com\/#\/schema\/logo\/image\/\"}}]}<\/script>\n<!-- \/ Yoast SEO plugin. -->","yoast_head_json":{"title":"Proviron (Mesterolone) 25mg 50 tabs - compre hoje mesmo em Israel | Entrega r\u00e1pida!","description":"Proviron (Mesterolone) 25mg 50 comprimidos - um suplemento para apoiar o equil\u00edbrio hormonal, a vitalidade masculina e a preserva\u00e7\u00e3o muscular. Compre em Israel com entrega.","robots":{"index":"index","follow":"follow","max-snippet":"max-snippet:-1","max-image-preview":"max-image-preview:large","max-video-preview":"max-video-preview:-1"},"canonical":"https:\/\/pharmacy-tlv.com\/pt\/loja\/sports-supplements\/proviron-25mg-50t\/","og_locale":"pt_BR","og_type":"article","og_title":"Proviron (Mesterolone) 25mg 50 tabs \u2014 buy in Israel today | Fast delivery!","og_description":"Proviron (Mesterolone) 25mg 50 tablets \u2013 a supplement for supporting hormonal balance, male vitality, and muscle preservation. Buy in Israel with delivery.","og_url":"https:\/\/pharmacy-tlv.com\/pt\/loja\/sports-supplements\/proviron-25mg-50t\/","og_site_name":"Pharmacy TLV","article_modified_time":"2026-03-09T11:49:58+00:00","og_image":[{"width":300,"height":300,"url":"https:\/\/mlz1smk5t7q7.i.optimole.com\/cb:lQg3.de6\/w:auto\/h:auto\/q:mauto\/https:\/\/pharmacy-tlv.com\/wp-content\/uploads\/2025\/10\/proviron-israel-1.jpg","type":"image\/jpeg"}],"twitter_card":"summary_large_image","twitter_misc":{"Est. tempo de leitura":"1 minuto"},"schema":{"@context":"https:\/\/schema.org","@graph":[{"@type":"WebPage","@id":"https:\/\/pharmacy-tlv.com\/shop\/sports-supplements\/proviron-25mg-50t\/","url":"https:\/\/pharmacy-tlv.com\/shop\/sports-supplements\/proviron-25mg-50t\/","name":"Proviron (Mesterolone) 25mg 50 tabs - compre hoje mesmo em Israel | Entrega r\u00e1pida!","isPartOf":{"@id":"https:\/\/pharmacy-tlv.com\/#website"},"primaryImageOfPage":{"@id":"https:\/\/pharmacy-tlv.com\/shop\/sports-supplements\/proviron-25mg-50t\/#primaryimage"},"image":{"@id":"https:\/\/pharmacy-tlv.com\/shop\/sports-supplements\/proviron-25mg-50t\/#primaryimage"},"thumbnailUrl":"https:\/\/mlz1smk5t7q7.i.optimole.com\/cb:lQg3.de6\/w:auto\/h:auto\/q:mauto\/https:\/\/pharmacy-tlv.com\/wp-content\/uploads\/2025\/10\/proviron-israel-1.jpg","datePublished":"2026-03-09T07:50:50+00:00","dateModified":"2026-03-09T11:49:58+00:00","description":"Proviron (Mesterolone) 25mg 50 comprimidos - um suplemento para apoiar o equil\u00edbrio hormonal, a vitalidade masculina e a preserva\u00e7\u00e3o muscular. Compre em Israel com entrega.","breadcrumb":{"@id":"https:\/\/pharmacy-tlv.com\/shop\/sports-supplements\/proviron-25mg-50t\/#breadcrumb"},"inLanguage":"pt-BR","potentialAction":[{"@type":"ReadAction","target":["https:\/\/pharmacy-tlv.com\/shop\/sports-supplements\/proviron-25mg-50t\/"]}]},{"@type":"ImageObject","inLanguage":"pt-BR","@id":"https:\/\/pharmacy-tlv.com\/shop\/sports-supplements\/proviron-25mg-50t\/#primaryimage","url":"https:\/\/mlz1smk5t7q7.i.optimole.com\/cb:lQg3.de6\/w:auto\/h:auto\/q:mauto\/https:\/\/pharmacy-tlv.com\/wp-content\/uploads\/2025\/10\/proviron-israel-1.jpg","contentUrl":"https:\/\/mlz1smk5t7q7.i.optimole.com\/cb:lQg3.de6\/w:auto\/h:auto\/q:mauto\/https:\/\/pharmacy-tlv.com\/wp-content\/uploads\/2025\/10\/proviron-israel-1.jpg","width":300,"height":300,"caption":"proviron israel 1"},{"@type":"BreadcrumbList","@id":"https:\/\/pharmacy-tlv.com\/shop\/sports-supplements\/proviron-25mg-50t\/#breadcrumb","itemListElement":[{"@type":"ListItem","position":1,"name":"Home","item":"https:\/\/pharmacy-tlv.com\/"},{"@type":"ListItem","position":2,"name":"Medications","item":"https:\/\/pharmacy-tlv.com\/shop\/"},{"@type":"ListItem","position":3,"name":"Proviron 25mg (50t)"}]},{"@type":"WebSite","@id":"https:\/\/pharmacy-tlv.com\/#website","url":"https:\/\/pharmacy-tlv.com\/","name":"Farm\u00e1cia TLV","description":"Medicamentos israelenses de confian\u00e7a","publisher":{"@id":"https:\/\/pharmacy-tlv.com\/#organization"},"alternateName":"Pharmacy-TLV","potentialAction":[{"@type":"SearchAction","target":{"@type":"EntryPoint","urlTemplate":"https:\/\/pharmacy-tlv.com\/?s={search_term_string}"},"query-input":{"@type":"PropertyValueSpecification","valueRequired":true,"valueName":"search_term_string"}}],"inLanguage":"pt-BR"},{"@type":"Organization","@id":"https:\/\/pharmacy-tlv.com\/#organization","name":"Farm\u00e1cia TLV","alternateName":"Pharmacy-TLV","url":"https:\/\/pharmacy-tlv.com\/","logo":{"@type":"ImageObject","inLanguage":"pt-BR","@id":"https:\/\/pharmacy-tlv.com\/#\/schema\/logo\/image\/","url":"https:\/\/mlz1smk5t7q7.i.optimole.com\/cb:lQg3.de6\/w:auto\/h:auto\/q:mauto\/https:\/\/pharmacy-tlv.com\/wp-content\/uploads\/2025\/05\/pharmacy-white.png","contentUrl":"https:\/\/mlz1smk5t7q7.i.optimole.com\/cb:lQg3.de6\/w:auto\/h:auto\/q:mauto\/https:\/\/pharmacy-tlv.com\/wp-content\/uploads\/2025\/05\/pharmacy-white.png","width":500,"height":500,"caption":"Pharmacy TLV"},"image":{"@id":"https:\/\/pharmacy-tlv.com\/#\/schema\/logo\/image\/"}}]}},"_links":{"self":[{"href":"https:\/\/pharmacy-tlv.com\/pt\/wp-json\/wp\/v2\/product\/2430","targetHints":{"allow":["GET"]}}],"collection":[{"href":"https:\/\/pharmacy-tlv.com\/pt\/wp-json\/wp\/v2\/product"}],"about":[{"href":"https:\/\/pharmacy-tlv.com\/pt\/wp-json\/wp\/v2\/types\/product"}],"wp:featuredmedia":[{"embeddable":true,"href":"https:\/\/pharmacy-tlv.com\/pt\/wp-json\/wp\/v2\/media\/2431"}],"wp:attachment":[{"href":"https:\/\/pharmacy-tlv.com\/pt\/wp-json\/wp\/v2\/media?parent=2430"}],"wp:term":[{"taxonomy":"product_brand","embeddable":true,"href":"https:\/\/pharmacy-tlv.com\/pt\/wp-json\/wp\/v2\/product_brand?post=2430"},{"taxonomy":"product_cat","embeddable":true,"href":"https:\/\/pharmacy-tlv.com\/pt\/wp-json\/wp\/v2\/product_cat?post=2430"},{"taxonomy":"product_tag","embeddable":true,"href":"https:\/\/pharmacy-tlv.com\/pt\/wp-json\/wp\/v2\/product_tag?post=2430"}],"curies":[{"name":"wp","href":"https:\/\/api.w.org\/{rel}","templated":true}]}}