{"id":2413,"date":"2025-09-22T09:35:59","date_gmt":"2025-09-22T09:35:59","guid":{"rendered":"https:\/\/pharmacy-tlv.com\/?post_type=product&#038;p=2413"},"modified":"2026-03-25T10:54:54","modified_gmt":"2026-03-25T08:54:54","slug":"tramadex-tramadol-100","status":"publish","type":"product","link":"https:\/\/pharmacy-tlv.com\/pt\/loja\/alivio-da-dor\/tramadex-tramadol-100\/","title":{"rendered":"Tramadex (Tramadol) 100"},"content":{"rendered":"<p data-start=\"358\" data-end=\"517\">O Tramadex 100 mg \u00e9 um analg\u00e9sico potente para o al\u00edvio da dor aguda e cr\u00f4nica, usado em les\u00f5es, cirurgias e condi\u00e7\u00f5es oncol\u00f3gicas.<\/p>\n<p data-start=\"519\" data-end=\"532\"><strong data-start=\"519\" data-end=\"530\">Artigo<\/strong><\/p>\n<p data-start=\"534\" data-end=\"871\"><strong data-start=\"534\" data-end=\"546\">Vis\u00e3o geral<\/strong><br data-start=\"546\" data-end=\"549\" \/>Tramadex 100 mg \u00e9 um analg\u00e9sico opioide de a\u00e7\u00e3o central, que proporciona forte al\u00edvio da dor e alta efic\u00e1cia para dores intensas. \u00c9 usado para dor aguda e cr\u00f4nica resultante de les\u00f5es, cirurgias, dist\u00farbios da coluna vertebral, condi\u00e7\u00f5es oncol\u00f3gicas e dor neurop\u00e1tica. \u00c9 indicado quando outros analg\u00e9sicos s\u00e3o ineficazes.<\/p>\n<p data-start=\"873\" data-end=\"1082\"><strong data-start=\"873\" data-end=\"896\">Mecanismo de a\u00e7\u00e3o<\/strong><br data-start=\"896\" data-end=\"899\" \/>O Tramadex (subst\u00e2ncia ativa: Tramadol) atua nos receptores opioides do sistema nervoso central, bloqueando a transmiss\u00e3o dos sinais de dor e proporcionando efeitos analg\u00e9sicos significativos.<\/p>\n<p data-start=\"1084\" data-end=\"1101\"><strong data-start=\"1084\" data-end=\"1099\">Indica\u00e7\u00f5es<\/strong><\/p>\n<ul data-start=\"1102\" data-end=\"1291\">\n<li data-start=\"1102\" data-end=\"1146\">\n<p data-start=\"1104\" data-end=\"1146\">Dor intensa ap\u00f3s cirurgias e les\u00f5es<\/p>\n<\/li>\n<li data-start=\"1147\" data-end=\"1180\">\n<p data-start=\"1149\" data-end=\"1180\">Dor associada \u00e0 oncologia<\/p>\n<\/li>\n<li data-start=\"1181\" data-end=\"1214\">\n<p data-start=\"1183\" data-end=\"1214\">Dor cr\u00f4nica na coluna e nas articula\u00e7\u00f5es<\/p>\n<\/li>\n<li data-start=\"1215\" data-end=\"1249\">\n<p data-start=\"1217\" data-end=\"1249\">Neuralgia e dor neurop\u00e1tica<\/p>\n<\/li>\n<li data-start=\"1250\" data-end=\"1291\">\n<p data-start=\"1252\" data-end=\"1291\">Situa\u00e7\u00f5es que exigem analgesia forte<\/p>\n<\/li>\n<\/ul>\n<p data-start=\"1293\" data-end=\"1523\"><strong data-start=\"1293\" data-end=\"1315\">Instru\u00e7\u00f5es de uso<\/strong><br data-start=\"1315\" data-end=\"1318\" \/>O Tramadex 100 mg \u00e9 adequado tanto para o tratamento de curto prazo quanto para o tratamento em curso, reduzindo a intensidade da dor cr\u00f4nica e melhorando a qualidade de vida. A dosagem deve ser determinada por um profissional de sa\u00fade.<\/p>\n<p data-start=\"1525\" data-end=\"1742\"><strong data-start=\"1525\" data-end=\"1541\">Onde comprar<\/strong><br data-start=\"1541\" data-end=\"1544\" \/>Dispon\u00edvel em Israel com entrega r\u00e1pida em Tel Aviv, Rishon LeZion, Bat Yam, Holon e outras cidades. As op\u00e7\u00f5es de entrega do Tramadex em Israel e do pre\u00e7o em Israel est\u00e3o dispon\u00edveis com pagamento em dinheiro no ato do recebimento.<\/p>\n<p data-start=\"1744\" data-end=\"1812\"><strong data-start=\"1744\" data-end=\"1755\">Pagamento<\/strong><br data-start=\"1755\" data-end=\"1758\" \/>Somente dinheiro na entrega, n\u00e3o \u00e9 necess\u00e1rio pagamento on-line.<\/p>\n<p data-start=\"1814\" data-end=\"1956\"><strong data-start=\"1814\" data-end=\"1834\">Pesquisas populares<\/strong><br data-start=\"1834\" data-end=\"1837\" \/>Tramadex Israel, Tramadol 100 mg Israel, al\u00edvio forte da dor Israel, entrega Tramadex Israel, analg\u00e9sico opioide Israel<\/p>\n<p data-start=\"1958\" data-end=\"2081\"><strong data-start=\"1958\" data-end=\"1972\">Conclus\u00e3o<\/strong><br data-start=\"1972\" data-end=\"1975\" \/>Fa\u00e7a seu pedido agora em a-pteka.com - entrega em Israel no mesmo dia. Pagamento somente em dinheiro, sem pagamento on-line.<\/p>\n<p data-start=\"2083\" data-end=\"2124\"><strong data-start=\"2083\" data-end=\"2095\">Categoria<\/strong><br data-start=\"2095\" data-end=\"2098\" \/>Analg\u00e9sicos \/ Al\u00edvio da dor<\/p>\n<p data-start=\"2126\" data-end=\"2177\"><strong data-start=\"2126\" data-end=\"2134\">Formul\u00e1rio<\/strong><br data-start=\"2134\" data-end=\"2137\" \/>C\u00e1psulas 100 mg<br data-start=\"2152\" data-end=\"2155\" \/>Embalagem: 30 comprimidos<\/p>\n<p data-start=\"2179\" data-end=\"2213\"><strong data-start=\"2179\" data-end=\"2195\">Fabricante<\/strong><br data-start=\"2195\" data-end=\"2198\" \/>Dexcel<\/p>\n<p data-start=\"2215\" data-end=\"2260\"><strong data-start=\"2215\" data-end=\"2236\">Ingrediente ativo<\/strong><br data-start=\"2236\" data-end=\"2239\" \/>Tramadol (Tramadex)<\/p>","protected":false},"excerpt":{"rendered":"<p>Tramadex 100 mg \u00e9 um potente analg\u00e9sico para o al\u00edvio r\u00e1pido da dor aguda e cr\u00f4nica, eficaz para les\u00f5es, cirurgias, dist\u00farbios da coluna vertebral e dor relacionada ao c\u00e2ncer.<\/p>","protected":false},"featured_media":2687,"template":"","meta":[],"product_brand":[],"product_cat":[47,32],"product_tag":[],"class_list":{"0":"post-2413","1":"product","2":"type-product","3":"status-publish","4":"has-post-thumbnail","6":"product_cat-all-medications","7":"product_cat-pain-relief","9":"first","10":"instock","11":"shipping-taxable","12":"purchasable","13":"product-type-simple"},"yoast_head":"<!-- This site is optimized with the Yoast SEO plugin v25.1 - https:\/\/yoast.com\/wordpress\/plugins\/seo\/ -->\n<title>Tramadex (Tramadol) \u2013 100 mg 30 capsules \u2014 buy in Israel today | Fast delivery!<\/title>\n<meta name=\"description\" content=\"Buy Tramadex (Tramadol) 100 mg \u211630 with free delivery across Israel: Tel Aviv, Rishon LeZion, Bat Yam, and other cities. Cash payment upon delivery.\" \/>\n<meta name=\"robots\" content=\"index, follow, max-snippet:-1, max-image-preview:large, max-video-preview:-1\" \/>\n<link rel=\"canonical\" href=\"https:\/\/pharmacy-tlv.com\/pt\/loja\/alivio-da-dor\/tramadex-tramadol-100\/\" \/>\n<meta property=\"og:locale\" content=\"pt_BR\" \/>\n<meta property=\"og:type\" content=\"article\" \/>\n<meta property=\"og:title\" content=\"Tramadex (Tramadol) \u2013 100 mg 30 capsules \u2014 buy in Israel today | Fast delivery!\" \/>\n<meta property=\"og:description\" content=\"Buy Tramadex (Tramadol) 100 mg \u211630 with free delivery across Israel: Tel Aviv, Rishon LeZion, Bat Yam, and other cities. Cash payment upon delivery.\" \/>\n<meta property=\"og:url\" content=\"https:\/\/pharmacy-tlv.com\/pt\/loja\/alivio-da-dor\/tramadex-tramadol-100\/\" \/>\n<meta property=\"og:site_name\" content=\"Pharmacy TLV\" \/>\n<meta property=\"article:modified_time\" content=\"2026-03-25T08:54:54+00:00\" \/>\n<meta property=\"og:image\" content=\"https:\/\/mlz1smk5t7q7.i.optimole.com\/cb:lQg3.de6\/w:auto\/h:auto\/q:mauto\/https:\/\/pharmacy-tlv.com\/wp-content\/uploads\/2025\/09\/tramadex-israel.webp\" \/>\n\t<meta property=\"og:image:width\" content=\"300\" \/>\n\t<meta property=\"og:image:height\" content=\"300\" \/>\n\t<meta property=\"og:image:type\" content=\"image\/webp\" \/>\n<meta name=\"twitter:card\" content=\"summary_large_image\" \/>\n<meta name=\"twitter:label1\" content=\"Est. tempo de leitura\" \/>\n\t<meta name=\"twitter:data1\" content=\"2 minutos\" \/>\n<script type=\"application\/ld+json\" class=\"yoast-schema-graph\">{\"@context\":\"https:\/\/schema.org\",\"@graph\":[{\"@type\":\"WebPage\",\"@id\":\"https:\/\/pharmacy-tlv.com\/shop\/pain-relief\/tramadex-tramadol-100\/\",\"url\":\"https:\/\/pharmacy-tlv.com\/shop\/pain-relief\/tramadex-tramadol-100\/\",\"name\":\"Tramadex (Tramadol) \u2013 100 mg 30 capsules \u2014 buy in Israel today | Fast delivery!\",\"isPartOf\":{\"@id\":\"https:\/\/pharmacy-tlv.com\/#website\"},\"primaryImageOfPage\":{\"@id\":\"https:\/\/pharmacy-tlv.com\/shop\/pain-relief\/tramadex-tramadol-100\/#primaryimage\"},\"image\":{\"@id\":\"https:\/\/pharmacy-tlv.com\/shop\/pain-relief\/tramadex-tramadol-100\/#primaryimage\"},\"thumbnailUrl\":\"https:\/\/mlz1smk5t7q7.i.optimole.com\/cb:lQg3.de6\/w:auto\/h:auto\/q:mauto\/https:\/\/pharmacy-tlv.com\/wp-content\/uploads\/2025\/09\/tramadex-israel.webp\",\"datePublished\":\"2025-09-22T09:35:59+00:00\",\"dateModified\":\"2026-03-25T08:54:54+00:00\",\"description\":\"Buy Tramadex (Tramadol) 100 mg \u211630 with free delivery across Israel: Tel Aviv, Rishon LeZion, Bat Yam, and other cities. Cash payment upon delivery.\",\"breadcrumb\":{\"@id\":\"https:\/\/pharmacy-tlv.com\/shop\/pain-relief\/tramadex-tramadol-100\/#breadcrumb\"},\"inLanguage\":\"pt-BR\",\"potentialAction\":[{\"@type\":\"ReadAction\",\"target\":[\"https:\/\/pharmacy-tlv.com\/shop\/pain-relief\/tramadex-tramadol-100\/\"]}]},{\"@type\":\"ImageObject\",\"inLanguage\":\"pt-BR\",\"@id\":\"https:\/\/pharmacy-tlv.com\/shop\/pain-relief\/tramadex-tramadol-100\/#primaryimage\",\"url\":\"https:\/\/mlz1smk5t7q7.i.optimole.com\/cb:lQg3.de6\/w:auto\/h:auto\/q:mauto\/https:\/\/pharmacy-tlv.com\/wp-content\/uploads\/2025\/09\/tramadex-israel.webp\",\"contentUrl\":\"https:\/\/mlz1smk5t7q7.i.optimole.com\/cb:lQg3.de6\/w:auto\/h:auto\/q:mauto\/https:\/\/pharmacy-tlv.com\/wp-content\/uploads\/2025\/09\/tramadex-israel.webp\",\"width\":300,\"height\":300,\"caption\":\"tramadex israel\"},{\"@type\":\"BreadcrumbList\",\"@id\":\"https:\/\/pharmacy-tlv.com\/shop\/pain-relief\/tramadex-tramadol-100\/#breadcrumb\",\"itemListElement\":[{\"@type\":\"ListItem\",\"position\":1,\"name\":\"Home\",\"item\":\"https:\/\/pharmacy-tlv.com\/\"},{\"@type\":\"ListItem\",\"position\":2,\"name\":\"Medications\",\"item\":\"https:\/\/pharmacy-tlv.com\/shop\/\"},{\"@type\":\"ListItem\",\"position\":3,\"name\":\"Tramadex (Tramadol) 100\"}]},{\"@type\":\"WebSite\",\"@id\":\"https:\/\/pharmacy-tlv.com\/#website\",\"url\":\"https:\/\/pharmacy-tlv.com\/\",\"name\":\"Pharmacy TLV\",\"description\":\"Trusted Israeli Medications\",\"publisher\":{\"@id\":\"https:\/\/pharmacy-tlv.com\/#organization\"},\"alternateName\":\"Pharmacy-TLV\",\"potentialAction\":[{\"@type\":\"SearchAction\",\"target\":{\"@type\":\"EntryPoint\",\"urlTemplate\":\"https:\/\/pharmacy-tlv.com\/?s={search_term_string}\"},\"query-input\":{\"@type\":\"PropertyValueSpecification\",\"valueRequired\":true,\"valueName\":\"search_term_string\"}}],\"inLanguage\":\"pt-BR\"},{\"@type\":\"Organization\",\"@id\":\"https:\/\/pharmacy-tlv.com\/#organization\",\"name\":\"Pharmacy TLV\",\"alternateName\":\"Pharmacy-TLV\",\"url\":\"https:\/\/pharmacy-tlv.com\/\",\"logo\":{\"@type\":\"ImageObject\",\"inLanguage\":\"pt-BR\",\"@id\":\"https:\/\/pharmacy-tlv.com\/#\/schema\/logo\/image\/\",\"url\":\"https:\/\/mlz1smk5t7q7.i.optimole.com\/cb:lQg3.de6\/w:auto\/h:auto\/q:mauto\/https:\/\/pharmacy-tlv.com\/wp-content\/uploads\/2025\/05\/pharmacy-white.png\",\"contentUrl\":\"https:\/\/mlz1smk5t7q7.i.optimole.com\/cb:lQg3.de6\/w:auto\/h:auto\/q:mauto\/https:\/\/pharmacy-tlv.com\/wp-content\/uploads\/2025\/05\/pharmacy-white.png\",\"width\":500,\"height\":500,\"caption\":\"Pharmacy TLV\"},\"image\":{\"@id\":\"https:\/\/pharmacy-tlv.com\/#\/schema\/logo\/image\/\"}}]}<\/script>\n<!-- \/ Yoast SEO plugin. -->","yoast_head_json":{"title":"Tramadex (Tramadol) - 100 mg 30 c\u00e1psulas - compre hoje mesmo em Israel | Entrega r\u00e1pida!","description":"Compre Tramadex (Tramadol) 100 mg \u211630 com entrega gratuita em Israel: Tel Aviv, Rishon LeZion, Bat Yam e outras cidades. Pagamento em dinheiro na entrega.","robots":{"index":"index","follow":"follow","max-snippet":"max-snippet:-1","max-image-preview":"max-image-preview:large","max-video-preview":"max-video-preview:-1"},"canonical":"https:\/\/pharmacy-tlv.com\/pt\/loja\/alivio-da-dor\/tramadex-tramadol-100\/","og_locale":"pt_BR","og_type":"article","og_title":"Tramadex (Tramadol) \u2013 100 mg 30 capsules \u2014 buy in Israel today | Fast delivery!","og_description":"Buy Tramadex (Tramadol) 100 mg \u211630 with free delivery across Israel: Tel Aviv, Rishon LeZion, Bat Yam, and other cities. Cash payment upon delivery.","og_url":"https:\/\/pharmacy-tlv.com\/pt\/loja\/alivio-da-dor\/tramadex-tramadol-100\/","og_site_name":"Pharmacy TLV","article_modified_time":"2026-03-25T08:54:54+00:00","og_image":[{"width":300,"height":300,"url":"https:\/\/mlz1smk5t7q7.i.optimole.com\/cb:lQg3.de6\/w:auto\/h:auto\/q:mauto\/https:\/\/pharmacy-tlv.com\/wp-content\/uploads\/2025\/09\/tramadex-israel.webp","type":"image\/webp"}],"twitter_card":"summary_large_image","twitter_misc":{"Est. tempo de leitura":"2 minutos"},"schema":{"@context":"https:\/\/schema.org","@graph":[{"@type":"WebPage","@id":"https:\/\/pharmacy-tlv.com\/shop\/pain-relief\/tramadex-tramadol-100\/","url":"https:\/\/pharmacy-tlv.com\/shop\/pain-relief\/tramadex-tramadol-100\/","name":"Tramadex (Tramadol) - 100 mg 30 c\u00e1psulas - compre hoje mesmo em Israel | Entrega r\u00e1pida!","isPartOf":{"@id":"https:\/\/pharmacy-tlv.com\/#website"},"primaryImageOfPage":{"@id":"https:\/\/pharmacy-tlv.com\/shop\/pain-relief\/tramadex-tramadol-100\/#primaryimage"},"image":{"@id":"https:\/\/pharmacy-tlv.com\/shop\/pain-relief\/tramadex-tramadol-100\/#primaryimage"},"thumbnailUrl":"https:\/\/mlz1smk5t7q7.i.optimole.com\/cb:lQg3.de6\/w:auto\/h:auto\/q:mauto\/https:\/\/pharmacy-tlv.com\/wp-content\/uploads\/2025\/09\/tramadex-israel.webp","datePublished":"2025-09-22T09:35:59+00:00","dateModified":"2026-03-25T08:54:54+00:00","description":"Compre Tramadex (Tramadol) 100 mg \u211630 com entrega gratuita em Israel: Tel Aviv, Rishon LeZion, Bat Yam e outras cidades. Pagamento em dinheiro na entrega.","breadcrumb":{"@id":"https:\/\/pharmacy-tlv.com\/shop\/pain-relief\/tramadex-tramadol-100\/#breadcrumb"},"inLanguage":"pt-BR","potentialAction":[{"@type":"ReadAction","target":["https:\/\/pharmacy-tlv.com\/shop\/pain-relief\/tramadex-tramadol-100\/"]}]},{"@type":"ImageObject","inLanguage":"pt-BR","@id":"https:\/\/pharmacy-tlv.com\/shop\/pain-relief\/tramadex-tramadol-100\/#primaryimage","url":"https:\/\/mlz1smk5t7q7.i.optimole.com\/cb:lQg3.de6\/w:auto\/h:auto\/q:mauto\/https:\/\/pharmacy-tlv.com\/wp-content\/uploads\/2025\/09\/tramadex-israel.webp","contentUrl":"https:\/\/mlz1smk5t7q7.i.optimole.com\/cb:lQg3.de6\/w:auto\/h:auto\/q:mauto\/https:\/\/pharmacy-tlv.com\/wp-content\/uploads\/2025\/09\/tramadex-israel.webp","width":300,"height":300,"caption":"tramadex israel"},{"@type":"BreadcrumbList","@id":"https:\/\/pharmacy-tlv.com\/shop\/pain-relief\/tramadex-tramadol-100\/#breadcrumb","itemListElement":[{"@type":"ListItem","position":1,"name":"Home","item":"https:\/\/pharmacy-tlv.com\/"},{"@type":"ListItem","position":2,"name":"Medications","item":"https:\/\/pharmacy-tlv.com\/shop\/"},{"@type":"ListItem","position":3,"name":"Tramadex (Tramadol) 100"}]},{"@type":"WebSite","@id":"https:\/\/pharmacy-tlv.com\/#website","url":"https:\/\/pharmacy-tlv.com\/","name":"Farm\u00e1cia TLV","description":"Medicamentos israelenses de confian\u00e7a","publisher":{"@id":"https:\/\/pharmacy-tlv.com\/#organization"},"alternateName":"Pharmacy-TLV","potentialAction":[{"@type":"SearchAction","target":{"@type":"EntryPoint","urlTemplate":"https:\/\/pharmacy-tlv.com\/?s={search_term_string}"},"query-input":{"@type":"PropertyValueSpecification","valueRequired":true,"valueName":"search_term_string"}}],"inLanguage":"pt-BR"},{"@type":"Organization","@id":"https:\/\/pharmacy-tlv.com\/#organization","name":"Farm\u00e1cia TLV","alternateName":"Pharmacy-TLV","url":"https:\/\/pharmacy-tlv.com\/","logo":{"@type":"ImageObject","inLanguage":"pt-BR","@id":"https:\/\/pharmacy-tlv.com\/#\/schema\/logo\/image\/","url":"https:\/\/mlz1smk5t7q7.i.optimole.com\/cb:lQg3.de6\/w:auto\/h:auto\/q:mauto\/https:\/\/pharmacy-tlv.com\/wp-content\/uploads\/2025\/05\/pharmacy-white.png","contentUrl":"https:\/\/mlz1smk5t7q7.i.optimole.com\/cb:lQg3.de6\/w:auto\/h:auto\/q:mauto\/https:\/\/pharmacy-tlv.com\/wp-content\/uploads\/2025\/05\/pharmacy-white.png","width":500,"height":500,"caption":"Pharmacy TLV"},"image":{"@id":"https:\/\/pharmacy-tlv.com\/#\/schema\/logo\/image\/"}}]}},"_links":{"self":[{"href":"https:\/\/pharmacy-tlv.com\/pt\/wp-json\/wp\/v2\/product\/2413","targetHints":{"allow":["GET"]}}],"collection":[{"href":"https:\/\/pharmacy-tlv.com\/pt\/wp-json\/wp\/v2\/product"}],"about":[{"href":"https:\/\/pharmacy-tlv.com\/pt\/wp-json\/wp\/v2\/types\/product"}],"wp:featuredmedia":[{"embeddable":true,"href":"https:\/\/pharmacy-tlv.com\/pt\/wp-json\/wp\/v2\/media\/2687"}],"wp:attachment":[{"href":"https:\/\/pharmacy-tlv.com\/pt\/wp-json\/wp\/v2\/media?parent=2413"}],"wp:term":[{"taxonomy":"product_brand","embeddable":true,"href":"https:\/\/pharmacy-tlv.com\/pt\/wp-json\/wp\/v2\/product_brand?post=2413"},{"taxonomy":"product_cat","embeddable":true,"href":"https:\/\/pharmacy-tlv.com\/pt\/wp-json\/wp\/v2\/product_cat?post=2413"},{"taxonomy":"product_tag","embeddable":true,"href":"https:\/\/pharmacy-tlv.com\/pt\/wp-json\/wp\/v2\/product_tag?post=2413"}],"curies":[{"name":"wp","href":"https:\/\/api.w.org\/{rel}","templated":true}]}}