{"id":2394,"date":"2025-09-19T07:32:59","date_gmt":"2025-09-19T07:32:59","guid":{"rendered":"https:\/\/pharmacy-tlv.com\/?post_type=product&#038;p=2394"},"modified":"2025-09-19T07:32:59","modified_gmt":"2025-09-19T07:32:59","slug":"nimesil","status":"publish","type":"product","link":"https:\/\/pharmacy-tlv.com\/pt\/loja\/alivio-da-dor\/nimesil\/","title":{"rendered":"Nimesil"},"content":{"rendered":"<p data-start=\"370\" data-end=\"383\"><strong data-start=\"370\" data-end=\"381\">Nimesil<\/strong><\/p>\n<p data-start=\"385\" data-end=\"780\">Al\u00edvio da s\u00edndrome da dor de v\u00e1rias origens<br data-start=\"427\" data-end=\"430\" \/>Redu\u00e7\u00e3o da inflama\u00e7\u00e3o e do incha\u00e7o nas articula\u00e7\u00f5es e nos m\u00fasculos<br data-start=\"490\" data-end=\"493\" \/>Tratamento de osteoartrite e condi\u00e7\u00f5es inflamat\u00f3rias agudas<br data-start=\"554\" data-end=\"557\" \/>Terapia sintom\u00e1tica para dor nas costas, dor de dente e dor de cabe\u00e7a<br data-start=\"615\" data-end=\"618\" \/>Usado como anti-inflamat\u00f3rio n\u00e3o esteroidal (AINE) com efeito analg\u00e9sico r\u00e1pido e pronunciado. Melhora a qualidade de vida em condi\u00e7\u00f5es de dor aguda e cr\u00f4nica.<\/p>\n<h3 data-start=\"782\" data-end=\"799\">Indica\u00e7\u00f5es<\/h3>\n<p data-start=\"800\" data-end=\"985\">Dor nas costas e na regi\u00e3o lombar<br data-start=\"824\" data-end=\"827\" \/>Doen\u00e7as das articula\u00e7\u00f5es (osteoartrite, artrite)<br data-start=\"869\" data-end=\"872\" \/>Dor de dente, dor de cabe\u00e7a<br data-start=\"891\" data-end=\"894\" \/>Traumas e processos inflamat\u00f3rios nos m\u00fasculos<br data-start=\"938\" data-end=\"941\" \/>Febre acompanhada de dor e inflama\u00e7\u00e3o<\/p>\n<h3 data-start=\"987\" data-end=\"1012\">Mecanismo de a\u00e7\u00e3o<\/h3>\n<p data-start=\"1013\" data-end=\"1270\">Suprime a s\u00edntese de prostaglandinas, reduzindo a inflama\u00e7\u00e3o e a dor<br data-start=\"1079\" data-end=\"1082\" \/>Age rapidamente, diminuindo a febre e melhorando o estado geral<br data-start=\"1142\" data-end=\"1145\" \/>Proporciona um forte efeito analg\u00e9sico<br data-start=\"1177\" data-end=\"1180\" \/>Adequado para o tratamento de curto prazo da dor aguda<br data-start=\"1227\" data-end=\"1230\" \/>Bem tolerado quando a dosagem \u00e9 seguida<\/p>\n<h3 data-start=\"1272\" data-end=\"1289\">Forma de dosagem<\/h3>\n<p data-start=\"1290\" data-end=\"1343\">P\u00f3 para suspens\u00e3o oral<br data-start=\"1316\" data-end=\"1319\" \/>Embalagem: 30 sach\u00eas \u00d7 2 g<\/p>\n<h3 data-start=\"1345\" data-end=\"1363\">Fabricante<\/h3>\n<p data-start=\"1364\" data-end=\"1400\">Berlin-Chemie \/ Menarini (Alemanha)<\/p>\n<h3 data-start=\"1402\" data-end=\"1425\">Ingrediente ativo<\/h3>\n<p data-start=\"1426\" data-end=\"1438\">Nimesulida<\/p>","protected":false},"excerpt":{"rendered":"<p data-start=\"1469\" data-end=\"1579\">Nimesil - AINE para al\u00edvio r\u00e1pido da dor e da inflama\u00e7\u00e3o. Eficaz para doen\u00e7as articulares, traumas e dores de dente.<\/p>","protected":false},"featured_media":2395,"template":"","meta":[],"product_brand":[],"product_cat":[47,32],"product_tag":[],"class_list":{"0":"post-2394","1":"product","2":"type-product","3":"status-publish","4":"has-post-thumbnail","6":"product_cat-all-medications","7":"product_cat-pain-relief","9":"first","10":"instock","11":"shipping-taxable","12":"purchasable","13":"product-type-simple"},"yoast_head":"<!-- This site is optimized with the Yoast SEO plugin v25.1 - https:\/\/yoast.com\/wordpress\/plugins\/seo\/ -->\n<title>Nimesil \u2013 Nimesulide 2 g 30 sachets \u2014 buy in Israel today | Fast delivery!<\/title>\n<meta name=\"description\" content=\"Buy Nimesil (Nimesulide) 2 g \u211630 with free delivery across Israel: Tel Aviv, Rishon Lezion, Bat Yam and other cities. Cash payment upon delivery.\" \/>\n<meta name=\"robots\" content=\"index, follow, max-snippet:-1, max-image-preview:large, max-video-preview:-1\" \/>\n<link rel=\"canonical\" href=\"https:\/\/pharmacy-tlv.com\/pt\/loja\/alivio-da-dor\/nimesil\/\" \/>\n<meta property=\"og:locale\" content=\"pt_BR\" \/>\n<meta property=\"og:type\" content=\"article\" \/>\n<meta property=\"og:title\" content=\"Nimesil \u2013 Nimesulide 2 g 30 sachets \u2014 buy in Israel today | Fast delivery!\" \/>\n<meta property=\"og:description\" content=\"Buy Nimesil (Nimesulide) 2 g \u211630 with free delivery across Israel: Tel Aviv, Rishon Lezion, Bat Yam and other cities. Cash payment upon delivery.\" \/>\n<meta property=\"og:url\" content=\"https:\/\/pharmacy-tlv.com\/pt\/loja\/alivio-da-dor\/nimesil\/\" \/>\n<meta property=\"og:site_name\" content=\"Pharmacy TLV\" \/>\n<meta property=\"og:image\" content=\"https:\/\/mlz1smk5t7q7.i.optimole.com\/cb:lQg3.de6\/w:auto\/h:auto\/q:mauto\/https:\/\/pharmacy-tlv.com\/wp-content\/uploads\/2025\/09\/nimesil-israel.jpg\" \/>\n\t<meta property=\"og:image:width\" content=\"300\" \/>\n\t<meta property=\"og:image:height\" content=\"300\" \/>\n\t<meta property=\"og:image:type\" content=\"image\/jpeg\" \/>\n<meta name=\"twitter:card\" content=\"summary_large_image\" \/>\n<meta name=\"twitter:label1\" content=\"Est. tempo de leitura\" \/>\n\t<meta name=\"twitter:data1\" content=\"1 minuto\" \/>\n<script type=\"application\/ld+json\" class=\"yoast-schema-graph\">{\"@context\":\"https:\/\/schema.org\",\"@graph\":[{\"@type\":\"WebPage\",\"@id\":\"https:\/\/pharmacy-tlv.com\/shop\/pain-relief\/nimesil\/\",\"url\":\"https:\/\/pharmacy-tlv.com\/shop\/pain-relief\/nimesil\/\",\"name\":\"Nimesil \u2013 Nimesulide 2 g 30 sachets \u2014 buy in Israel today | Fast delivery!\",\"isPartOf\":{\"@id\":\"https:\/\/pharmacy-tlv.com\/#website\"},\"primaryImageOfPage\":{\"@id\":\"https:\/\/pharmacy-tlv.com\/shop\/pain-relief\/nimesil\/#primaryimage\"},\"image\":{\"@id\":\"https:\/\/pharmacy-tlv.com\/shop\/pain-relief\/nimesil\/#primaryimage\"},\"thumbnailUrl\":\"https:\/\/mlz1smk5t7q7.i.optimole.com\/cb:lQg3.de6\/w:auto\/h:auto\/q:mauto\/https:\/\/pharmacy-tlv.com\/wp-content\/uploads\/2025\/09\/nimesil-israel.jpg\",\"datePublished\":\"2025-09-19T07:32:59+00:00\",\"description\":\"Buy Nimesil (Nimesulide) 2 g \u211630 with free delivery across Israel: Tel Aviv, Rishon Lezion, Bat Yam and other cities. Cash payment upon delivery.\",\"breadcrumb\":{\"@id\":\"https:\/\/pharmacy-tlv.com\/shop\/pain-relief\/nimesil\/#breadcrumb\"},\"inLanguage\":\"pt-BR\",\"potentialAction\":[{\"@type\":\"ReadAction\",\"target\":[\"https:\/\/pharmacy-tlv.com\/shop\/pain-relief\/nimesil\/\"]}]},{\"@type\":\"ImageObject\",\"inLanguage\":\"pt-BR\",\"@id\":\"https:\/\/pharmacy-tlv.com\/shop\/pain-relief\/nimesil\/#primaryimage\",\"url\":\"https:\/\/mlz1smk5t7q7.i.optimole.com\/cb:lQg3.de6\/w:auto\/h:auto\/q:mauto\/https:\/\/pharmacy-tlv.com\/wp-content\/uploads\/2025\/09\/nimesil-israel.jpg\",\"contentUrl\":\"https:\/\/mlz1smk5t7q7.i.optimole.com\/cb:lQg3.de6\/w:auto\/h:auto\/q:mauto\/https:\/\/pharmacy-tlv.com\/wp-content\/uploads\/2025\/09\/nimesil-israel.jpg\",\"width\":300,\"height\":300,\"caption\":\"nimesil israel\"},{\"@type\":\"BreadcrumbList\",\"@id\":\"https:\/\/pharmacy-tlv.com\/shop\/pain-relief\/nimesil\/#breadcrumb\",\"itemListElement\":[{\"@type\":\"ListItem\",\"position\":1,\"name\":\"Home\",\"item\":\"https:\/\/pharmacy-tlv.com\/\"},{\"@type\":\"ListItem\",\"position\":2,\"name\":\"Medications\",\"item\":\"https:\/\/pharmacy-tlv.com\/shop\/\"},{\"@type\":\"ListItem\",\"position\":3,\"name\":\"Nimesil\"}]},{\"@type\":\"WebSite\",\"@id\":\"https:\/\/pharmacy-tlv.com\/#website\",\"url\":\"https:\/\/pharmacy-tlv.com\/\",\"name\":\"Pharmacy TLV\",\"description\":\"Trusted Israeli Medications\",\"publisher\":{\"@id\":\"https:\/\/pharmacy-tlv.com\/#organization\"},\"alternateName\":\"Pharmacy-TLV\",\"potentialAction\":[{\"@type\":\"SearchAction\",\"target\":{\"@type\":\"EntryPoint\",\"urlTemplate\":\"https:\/\/pharmacy-tlv.com\/?s={search_term_string}\"},\"query-input\":{\"@type\":\"PropertyValueSpecification\",\"valueRequired\":true,\"valueName\":\"search_term_string\"}}],\"inLanguage\":\"pt-BR\"},{\"@type\":\"Organization\",\"@id\":\"https:\/\/pharmacy-tlv.com\/#organization\",\"name\":\"Pharmacy TLV\",\"alternateName\":\"Pharmacy-TLV\",\"url\":\"https:\/\/pharmacy-tlv.com\/\",\"logo\":{\"@type\":\"ImageObject\",\"inLanguage\":\"pt-BR\",\"@id\":\"https:\/\/pharmacy-tlv.com\/#\/schema\/logo\/image\/\",\"url\":\"https:\/\/mlz1smk5t7q7.i.optimole.com\/cb:lQg3.de6\/w:auto\/h:auto\/q:mauto\/https:\/\/pharmacy-tlv.com\/wp-content\/uploads\/2025\/05\/pharmacy-white.png\",\"contentUrl\":\"https:\/\/mlz1smk5t7q7.i.optimole.com\/cb:lQg3.de6\/w:auto\/h:auto\/q:mauto\/https:\/\/pharmacy-tlv.com\/wp-content\/uploads\/2025\/05\/pharmacy-white.png\",\"width\":500,\"height\":500,\"caption\":\"Pharmacy TLV\"},\"image\":{\"@id\":\"https:\/\/pharmacy-tlv.com\/#\/schema\/logo\/image\/\"}}]}<\/script>\n<!-- \/ Yoast SEO plugin. -->","yoast_head_json":{"title":"Nimesil - Nimesulide 2 g 30 sach\u00eas - compre hoje mesmo em Israel | Entrega r\u00e1pida!","description":"Compre Nimesil (Nimesulide) 2 g \u211630 com entrega gratuita em Israel: Tel Aviv, Rishon Lezion, Bat Yam e outras cidades. Pagamento em dinheiro na entrega.","robots":{"index":"index","follow":"follow","max-snippet":"max-snippet:-1","max-image-preview":"max-image-preview:large","max-video-preview":"max-video-preview:-1"},"canonical":"https:\/\/pharmacy-tlv.com\/pt\/loja\/alivio-da-dor\/nimesil\/","og_locale":"pt_BR","og_type":"article","og_title":"Nimesil \u2013 Nimesulide 2 g 30 sachets \u2014 buy in Israel today | Fast delivery!","og_description":"Buy Nimesil (Nimesulide) 2 g \u211630 with free delivery across Israel: Tel Aviv, Rishon Lezion, Bat Yam and other cities. Cash payment upon delivery.","og_url":"https:\/\/pharmacy-tlv.com\/pt\/loja\/alivio-da-dor\/nimesil\/","og_site_name":"Pharmacy TLV","og_image":[{"width":300,"height":300,"url":"https:\/\/mlz1smk5t7q7.i.optimole.com\/cb:lQg3.de6\/w:auto\/h:auto\/q:mauto\/https:\/\/pharmacy-tlv.com\/wp-content\/uploads\/2025\/09\/nimesil-israel.jpg","type":"image\/jpeg"}],"twitter_card":"summary_large_image","twitter_misc":{"Est. tempo de leitura":"1 minuto"},"schema":{"@context":"https:\/\/schema.org","@graph":[{"@type":"WebPage","@id":"https:\/\/pharmacy-tlv.com\/shop\/pain-relief\/nimesil\/","url":"https:\/\/pharmacy-tlv.com\/shop\/pain-relief\/nimesil\/","name":"Nimesil - Nimesulide 2 g 30 sach\u00eas - compre hoje mesmo em Israel | Entrega r\u00e1pida!","isPartOf":{"@id":"https:\/\/pharmacy-tlv.com\/#website"},"primaryImageOfPage":{"@id":"https:\/\/pharmacy-tlv.com\/shop\/pain-relief\/nimesil\/#primaryimage"},"image":{"@id":"https:\/\/pharmacy-tlv.com\/shop\/pain-relief\/nimesil\/#primaryimage"},"thumbnailUrl":"https:\/\/mlz1smk5t7q7.i.optimole.com\/cb:lQg3.de6\/w:auto\/h:auto\/q:mauto\/https:\/\/pharmacy-tlv.com\/wp-content\/uploads\/2025\/09\/nimesil-israel.jpg","datePublished":"2025-09-19T07:32:59+00:00","description":"Compre Nimesil (Nimesulide) 2 g \u211630 com entrega gratuita em Israel: Tel Aviv, Rishon Lezion, Bat Yam e outras cidades. Pagamento em dinheiro na entrega.","breadcrumb":{"@id":"https:\/\/pharmacy-tlv.com\/shop\/pain-relief\/nimesil\/#breadcrumb"},"inLanguage":"pt-BR","potentialAction":[{"@type":"ReadAction","target":["https:\/\/pharmacy-tlv.com\/shop\/pain-relief\/nimesil\/"]}]},{"@type":"ImageObject","inLanguage":"pt-BR","@id":"https:\/\/pharmacy-tlv.com\/shop\/pain-relief\/nimesil\/#primaryimage","url":"https:\/\/mlz1smk5t7q7.i.optimole.com\/cb:lQg3.de6\/w:auto\/h:auto\/q:mauto\/https:\/\/pharmacy-tlv.com\/wp-content\/uploads\/2025\/09\/nimesil-israel.jpg","contentUrl":"https:\/\/mlz1smk5t7q7.i.optimole.com\/cb:lQg3.de6\/w:auto\/h:auto\/q:mauto\/https:\/\/pharmacy-tlv.com\/wp-content\/uploads\/2025\/09\/nimesil-israel.jpg","width":300,"height":300,"caption":"nimesil israel"},{"@type":"BreadcrumbList","@id":"https:\/\/pharmacy-tlv.com\/shop\/pain-relief\/nimesil\/#breadcrumb","itemListElement":[{"@type":"ListItem","position":1,"name":"Home","item":"https:\/\/pharmacy-tlv.com\/"},{"@type":"ListItem","position":2,"name":"Medications","item":"https:\/\/pharmacy-tlv.com\/shop\/"},{"@type":"ListItem","position":3,"name":"Nimesil"}]},{"@type":"WebSite","@id":"https:\/\/pharmacy-tlv.com\/#website","url":"https:\/\/pharmacy-tlv.com\/","name":"Farm\u00e1cia TLV","description":"Medicamentos israelenses de confian\u00e7a","publisher":{"@id":"https:\/\/pharmacy-tlv.com\/#organization"},"alternateName":"Pharmacy-TLV","potentialAction":[{"@type":"SearchAction","target":{"@type":"EntryPoint","urlTemplate":"https:\/\/pharmacy-tlv.com\/?s={search_term_string}"},"query-input":{"@type":"PropertyValueSpecification","valueRequired":true,"valueName":"search_term_string"}}],"inLanguage":"pt-BR"},{"@type":"Organization","@id":"https:\/\/pharmacy-tlv.com\/#organization","name":"Farm\u00e1cia TLV","alternateName":"Pharmacy-TLV","url":"https:\/\/pharmacy-tlv.com\/","logo":{"@type":"ImageObject","inLanguage":"pt-BR","@id":"https:\/\/pharmacy-tlv.com\/#\/schema\/logo\/image\/","url":"https:\/\/mlz1smk5t7q7.i.optimole.com\/cb:lQg3.de6\/w:auto\/h:auto\/q:mauto\/https:\/\/pharmacy-tlv.com\/wp-content\/uploads\/2025\/05\/pharmacy-white.png","contentUrl":"https:\/\/mlz1smk5t7q7.i.optimole.com\/cb:lQg3.de6\/w:auto\/h:auto\/q:mauto\/https:\/\/pharmacy-tlv.com\/wp-content\/uploads\/2025\/05\/pharmacy-white.png","width":500,"height":500,"caption":"Pharmacy TLV"},"image":{"@id":"https:\/\/pharmacy-tlv.com\/#\/schema\/logo\/image\/"}}]}},"_links":{"self":[{"href":"https:\/\/pharmacy-tlv.com\/pt\/wp-json\/wp\/v2\/product\/2394","targetHints":{"allow":["GET"]}}],"collection":[{"href":"https:\/\/pharmacy-tlv.com\/pt\/wp-json\/wp\/v2\/product"}],"about":[{"href":"https:\/\/pharmacy-tlv.com\/pt\/wp-json\/wp\/v2\/types\/product"}],"wp:featuredmedia":[{"embeddable":true,"href":"https:\/\/pharmacy-tlv.com\/pt\/wp-json\/wp\/v2\/media\/2395"}],"wp:attachment":[{"href":"https:\/\/pharmacy-tlv.com\/pt\/wp-json\/wp\/v2\/media?parent=2394"}],"wp:term":[{"taxonomy":"product_brand","embeddable":true,"href":"https:\/\/pharmacy-tlv.com\/pt\/wp-json\/wp\/v2\/product_brand?post=2394"},{"taxonomy":"product_cat","embeddable":true,"href":"https:\/\/pharmacy-tlv.com\/pt\/wp-json\/wp\/v2\/product_cat?post=2394"},{"taxonomy":"product_tag","embeddable":true,"href":"https:\/\/pharmacy-tlv.com\/pt\/wp-json\/wp\/v2\/product_tag?post=2394"}],"curies":[{"name":"wp","href":"https:\/\/api.w.org\/{rel}","templated":true}]}}