{"id":2381,"date":"2025-09-17T11:08:54","date_gmt":"2025-09-17T11:08:54","guid":{"rendered":"https:\/\/pharmacy-tlv.com\/?post_type=product&#038;p=2381"},"modified":"2025-10-03T09:39:09","modified_gmt":"2025-10-03T09:39:09","slug":"ret-avit-cream-20g","status":"publish","type":"product","link":"https:\/\/pharmacy-tlv.com\/pt\/loja\/anti-inflamatorio\/ret-avit-cream-20g\/","title":{"rendered":"Ret-Avit Creme (20g)"},"content":{"rendered":"<p data-start=\"2134\" data-end=\"2350\"><strong data-start=\"2134\" data-end=\"2152\">Resumo da a\u00e7\u00e3o<\/strong><br data-start=\"2152\" data-end=\"2155\" \/>Trata acne e espinhas<br data-start=\"2178\" data-end=\"2181\" \/>Reduz a inflama\u00e7\u00e3o e o excesso de oleosidade<br data-start=\"2216\" data-end=\"2219\" \/>Remove comed\u00f5es e evita novas erup\u00e7\u00f5es cut\u00e2neas<br data-start=\"2263\" data-end=\"2266\" \/>Uniformiza o tom e a textura da pele<br data-start=\"2293\" data-end=\"2296\" \/>Estimula a produ\u00e7\u00e3o de col\u00e1geno e o rejuvenescimento da pele<\/p>\n<p data-start=\"2352\" data-end=\"2491\"><strong data-start=\"2352\" data-end=\"2367\">Indica\u00e7\u00f5es<\/strong><br data-start=\"2367\" data-end=\"2370\" \/>Acne e espinhas<br data-start=\"2386\" data-end=\"2389\" \/>Hiperpigmenta\u00e7\u00e3o e fotoenvelhecimento<br data-start=\"2421\" data-end=\"2424\" \/>Textura irregular da pele<br data-start=\"2443\" data-end=\"2446\" \/>Pele oleosa e inflamada<br data-start=\"2468\" data-end=\"2471\" \/>Terapia antienvelhecimento<\/p>\n<p data-start=\"2493\" data-end=\"2702\"><strong data-start=\"2493\" data-end=\"2515\">Benef\u00edcios do tratamento<\/strong><br data-start=\"2515\" data-end=\"2518\" \/>Acelera a renova\u00e7\u00e3o da epiderme<br data-start=\"2547\" data-end=\"2550\" \/>Normaliza a atividade das gl\u00e2ndulas seb\u00e1ceas<br data-start=\"2585\" data-end=\"2588\" \/>Reduz a inflama\u00e7\u00e3o e a vermelhid\u00e3o<br data-start=\"2620\" data-end=\"2623\" \/>Estimula a s\u00edntese de col\u00e1geno<br data-start=\"2652\" data-end=\"2655\" \/>Suaviza as rugas e melhora a elasticidade da pele<\/p>\n<p data-start=\"2704\" data-end=\"2755\"><strong data-start=\"2704\" data-end=\"2719\">Forma de dosagem<\/strong><br data-start=\"2719\" data-end=\"2722\" \/>Creme t\u00f3pico 0,05%<br data-start=\"2741\" data-end=\"2744\" \/>Tubo: 20g<\/p>\n<p data-start=\"2757\" data-end=\"2801\"><strong data-start=\"2757\" data-end=\"2773\">Fabricante<\/strong><br data-start=\"2773\" data-end=\"2776\" \/>Teva \/ Perrigo (Israel)<\/p>\n<p data-start=\"2803\" data-end=\"2838\"><strong data-start=\"2803\" data-end=\"2824\">Ingrediente ativo<\/strong><br data-start=\"2824\" data-end=\"2827\" \/>Tretino\u00edna<\/p>\n<p data-start=\"2840\" data-end=\"3042\"><strong data-start=\"2840\" data-end=\"2873\">Bloco de SEO (pesquisas populares):<\/strong><br data-start=\"2873\" data-end=\"2876\" \/>Ret-Avit compra Israel<br data-start=\"2895\" data-end=\"2898\" \/>Retin-A Tretinoin 0.05% pre\u00e7o Israel<br data-start=\"2934\" data-end=\"2937\" \/>Acne cream Tretinoin delivery Israel<br data-start=\"2973\" data-end=\"2976\" \/>Ret-Avit Tretinoin Tel Aviv<br data-start=\"3003\" data-end=\"3006\" \/>Creme antirrugas Ret-Avit Israel<\/p>\n<p data-start=\"3044\" data-end=\"3135\"><strong data-start=\"3044\" data-end=\"3057\">Hashtags:<\/strong><br data-start=\"3057\" data-end=\"3060\" \/>#RetAvit #RetinA #Tretino\u00edna #AntiAcne #Retinoide #SkinCream #RetAvitIsrael<\/p>","protected":false},"excerpt":{"rendered":"<p>O creme Ret-Avit Tretinoin 0,05% \u00e9 um tratamento eficaz para acne, inflama\u00e7\u00e3o e fotoenvelhecimento. Normaliza a renova\u00e7\u00e3o celular, melhora a textura da pele e aumenta a elasticidade.<\/p>","protected":false},"featured_media":2439,"template":"","meta":[],"product_brand":[],"product_cat":[47,38],"product_tag":[],"class_list":{"0":"post-2381","1":"product","2":"type-product","3":"status-publish","4":"has-post-thumbnail","6":"product_cat-all-medications","7":"product_cat-anti-inflammatory","9":"first","10":"instock","11":"shipping-taxable","12":"purchasable","13":"product-type-simple"},"yoast_head":"<!-- This site is optimized with the Yoast SEO plugin v25.1 - https:\/\/yoast.com\/wordpress\/plugins\/seo\/ -->\n<title>Ret-Avit (Tretinoin) 0,05% \u2014 buy in Israel today | Fast delivery!<\/title>\n<meta name=\"description\" content=\"Buy Ret-Avit Tretinoin 0.05% cream (Tretinoin) in Israel with free delivery: Tel Aviv, Rishon LeZion, Bat Yam, and other cities. Cash payment upon delivery only.\" \/>\n<meta name=\"robots\" content=\"index, follow, max-snippet:-1, max-image-preview:large, max-video-preview:-1\" \/>\n<link rel=\"canonical\" href=\"https:\/\/pharmacy-tlv.com\/pt\/loja\/anti-inflamatorio\/ret-avit-cream-20g\/\" \/>\n<meta property=\"og:locale\" content=\"pt_BR\" \/>\n<meta property=\"og:type\" content=\"article\" \/>\n<meta property=\"og:title\" content=\"Ret-Avit (Tretinoin) 0,05% \u2014 buy in Israel today | Fast delivery!\" \/>\n<meta property=\"og:description\" content=\"Buy Ret-Avit Tretinoin 0.05% cream (Tretinoin) in Israel with free delivery: Tel Aviv, Rishon LeZion, Bat Yam, and other cities. Cash payment upon delivery only.\" \/>\n<meta property=\"og:url\" content=\"https:\/\/pharmacy-tlv.com\/pt\/loja\/anti-inflamatorio\/ret-avit-cream-20g\/\" \/>\n<meta property=\"og:site_name\" content=\"Pharmacy TLV\" \/>\n<meta property=\"article:modified_time\" content=\"2025-10-03T09:39:09+00:00\" \/>\n<meta property=\"og:image\" content=\"https:\/\/mlz1smk5t7q7.i.optimole.com\/cb:lQg3.de6\/w:auto\/h:auto\/q:mauto\/https:\/\/pharmacy-tlv.com\/wp-content\/uploads\/2025\/09\/retovit-israel-2.jpg\" \/>\n\t<meta property=\"og:image:width\" content=\"300\" \/>\n\t<meta property=\"og:image:height\" content=\"300\" \/>\n\t<meta property=\"og:image:type\" content=\"image\/jpeg\" \/>\n<meta name=\"twitter:card\" content=\"summary_large_image\" \/>\n<meta name=\"twitter:label1\" content=\"Est. tempo de leitura\" \/>\n\t<meta name=\"twitter:data1\" content=\"1 minuto\" \/>\n<script type=\"application\/ld+json\" class=\"yoast-schema-graph\">{\"@context\":\"https:\/\/schema.org\",\"@graph\":[{\"@type\":\"WebPage\",\"@id\":\"https:\/\/pharmacy-tlv.com\/shop\/anti-inflammatory\/ret-avit-cream-20g\/\",\"url\":\"https:\/\/pharmacy-tlv.com\/shop\/anti-inflammatory\/ret-avit-cream-20g\/\",\"name\":\"Ret-Avit (Tretinoin) 0,05% \u2014 buy in Israel today | Fast delivery!\",\"isPartOf\":{\"@id\":\"https:\/\/pharmacy-tlv.com\/#website\"},\"primaryImageOfPage\":{\"@id\":\"https:\/\/pharmacy-tlv.com\/shop\/anti-inflammatory\/ret-avit-cream-20g\/#primaryimage\"},\"image\":{\"@id\":\"https:\/\/pharmacy-tlv.com\/shop\/anti-inflammatory\/ret-avit-cream-20g\/#primaryimage\"},\"thumbnailUrl\":\"https:\/\/mlz1smk5t7q7.i.optimole.com\/cb:lQg3.de6\/w:auto\/h:auto\/q:mauto\/https:\/\/pharmacy-tlv.com\/wp-content\/uploads\/2025\/09\/retovit-israel-2.jpg\",\"datePublished\":\"2025-09-17T11:08:54+00:00\",\"dateModified\":\"2025-10-03T09:39:09+00:00\",\"description\":\"Buy Ret-Avit Tretinoin 0.05% cream (Tretinoin) in Israel with free delivery: Tel Aviv, Rishon LeZion, Bat Yam, and other cities. Cash payment upon delivery only.\",\"breadcrumb\":{\"@id\":\"https:\/\/pharmacy-tlv.com\/shop\/anti-inflammatory\/ret-avit-cream-20g\/#breadcrumb\"},\"inLanguage\":\"pt-BR\",\"potentialAction\":[{\"@type\":\"ReadAction\",\"target\":[\"https:\/\/pharmacy-tlv.com\/shop\/anti-inflammatory\/ret-avit-cream-20g\/\"]}]},{\"@type\":\"ImageObject\",\"inLanguage\":\"pt-BR\",\"@id\":\"https:\/\/pharmacy-tlv.com\/shop\/anti-inflammatory\/ret-avit-cream-20g\/#primaryimage\",\"url\":\"https:\/\/mlz1smk5t7q7.i.optimole.com\/cb:lQg3.de6\/w:auto\/h:auto\/q:mauto\/https:\/\/pharmacy-tlv.com\/wp-content\/uploads\/2025\/09\/retovit-israel-2.jpg\",\"contentUrl\":\"https:\/\/mlz1smk5t7q7.i.optimole.com\/cb:lQg3.de6\/w:auto\/h:auto\/q:mauto\/https:\/\/pharmacy-tlv.com\/wp-content\/uploads\/2025\/09\/retovit-israel-2.jpg\",\"width\":300,\"height\":300,\"caption\":\"retovit israel 2\"},{\"@type\":\"BreadcrumbList\",\"@id\":\"https:\/\/pharmacy-tlv.com\/shop\/anti-inflammatory\/ret-avit-cream-20g\/#breadcrumb\",\"itemListElement\":[{\"@type\":\"ListItem\",\"position\":1,\"name\":\"Home\",\"item\":\"https:\/\/pharmacy-tlv.com\/\"},{\"@type\":\"ListItem\",\"position\":2,\"name\":\"Medications\",\"item\":\"https:\/\/pharmacy-tlv.com\/shop\/\"},{\"@type\":\"ListItem\",\"position\":3,\"name\":\"Ret-Avit Cream (20g)\"}]},{\"@type\":\"WebSite\",\"@id\":\"https:\/\/pharmacy-tlv.com\/#website\",\"url\":\"https:\/\/pharmacy-tlv.com\/\",\"name\":\"Pharmacy TLV\",\"description\":\"Trusted Israeli Medications\",\"publisher\":{\"@id\":\"https:\/\/pharmacy-tlv.com\/#organization\"},\"alternateName\":\"Pharmacy-TLV\",\"potentialAction\":[{\"@type\":\"SearchAction\",\"target\":{\"@type\":\"EntryPoint\",\"urlTemplate\":\"https:\/\/pharmacy-tlv.com\/?s={search_term_string}\"},\"query-input\":{\"@type\":\"PropertyValueSpecification\",\"valueRequired\":true,\"valueName\":\"search_term_string\"}}],\"inLanguage\":\"pt-BR\"},{\"@type\":\"Organization\",\"@id\":\"https:\/\/pharmacy-tlv.com\/#organization\",\"name\":\"Pharmacy TLV\",\"alternateName\":\"Pharmacy-TLV\",\"url\":\"https:\/\/pharmacy-tlv.com\/\",\"logo\":{\"@type\":\"ImageObject\",\"inLanguage\":\"pt-BR\",\"@id\":\"https:\/\/pharmacy-tlv.com\/#\/schema\/logo\/image\/\",\"url\":\"https:\/\/mlz1smk5t7q7.i.optimole.com\/cb:lQg3.de6\/w:auto\/h:auto\/q:mauto\/https:\/\/pharmacy-tlv.com\/wp-content\/uploads\/2025\/05\/pharmacy-white.png\",\"contentUrl\":\"https:\/\/mlz1smk5t7q7.i.optimole.com\/cb:lQg3.de6\/w:auto\/h:auto\/q:mauto\/https:\/\/pharmacy-tlv.com\/wp-content\/uploads\/2025\/05\/pharmacy-white.png\",\"width\":500,\"height\":500,\"caption\":\"Pharmacy TLV\"},\"image\":{\"@id\":\"https:\/\/pharmacy-tlv.com\/#\/schema\/logo\/image\/\"}}]}<\/script>\n<!-- \/ Yoast SEO plugin. -->","yoast_head_json":{"title":"Ret-Avit (Tretinoin) 0,05% - compre hoje mesmo em Israel | Entrega r\u00e1pida!","description":"Compre Ret-Avit Tretinoin 0.05% creme (Tretinoin) em Israel com entrega gratuita: Tel Aviv, Rishon LeZion, Bat Yam e outras cidades. Pagamento em dinheiro somente no momento da entrega.","robots":{"index":"index","follow":"follow","max-snippet":"max-snippet:-1","max-image-preview":"max-image-preview:large","max-video-preview":"max-video-preview:-1"},"canonical":"https:\/\/pharmacy-tlv.com\/pt\/loja\/anti-inflamatorio\/ret-avit-cream-20g\/","og_locale":"pt_BR","og_type":"article","og_title":"Ret-Avit (Tretinoin) 0,05% \u2014 buy in Israel today | Fast delivery!","og_description":"Buy Ret-Avit Tretinoin 0.05% cream (Tretinoin) in Israel with free delivery: Tel Aviv, Rishon LeZion, Bat Yam, and other cities. Cash payment upon delivery only.","og_url":"https:\/\/pharmacy-tlv.com\/pt\/loja\/anti-inflamatorio\/ret-avit-cream-20g\/","og_site_name":"Pharmacy TLV","article_modified_time":"2025-10-03T09:39:09+00:00","og_image":[{"width":300,"height":300,"url":"https:\/\/mlz1smk5t7q7.i.optimole.com\/cb:lQg3.de6\/w:auto\/h:auto\/q:mauto\/https:\/\/pharmacy-tlv.com\/wp-content\/uploads\/2025\/09\/retovit-israel-2.jpg","type":"image\/jpeg"}],"twitter_card":"summary_large_image","twitter_misc":{"Est. tempo de leitura":"1 minuto"},"schema":{"@context":"https:\/\/schema.org","@graph":[{"@type":"WebPage","@id":"https:\/\/pharmacy-tlv.com\/shop\/anti-inflammatory\/ret-avit-cream-20g\/","url":"https:\/\/pharmacy-tlv.com\/shop\/anti-inflammatory\/ret-avit-cream-20g\/","name":"Ret-Avit (Tretinoin) 0,05% - compre hoje mesmo em Israel | Entrega r\u00e1pida!","isPartOf":{"@id":"https:\/\/pharmacy-tlv.com\/#website"},"primaryImageOfPage":{"@id":"https:\/\/pharmacy-tlv.com\/shop\/anti-inflammatory\/ret-avit-cream-20g\/#primaryimage"},"image":{"@id":"https:\/\/pharmacy-tlv.com\/shop\/anti-inflammatory\/ret-avit-cream-20g\/#primaryimage"},"thumbnailUrl":"https:\/\/mlz1smk5t7q7.i.optimole.com\/cb:lQg3.de6\/w:auto\/h:auto\/q:mauto\/https:\/\/pharmacy-tlv.com\/wp-content\/uploads\/2025\/09\/retovit-israel-2.jpg","datePublished":"2025-09-17T11:08:54+00:00","dateModified":"2025-10-03T09:39:09+00:00","description":"Compre Ret-Avit Tretinoin 0.05% creme (Tretinoin) em Israel com entrega gratuita: Tel Aviv, Rishon LeZion, Bat Yam e outras cidades. Pagamento em dinheiro somente no momento da entrega.","breadcrumb":{"@id":"https:\/\/pharmacy-tlv.com\/shop\/anti-inflammatory\/ret-avit-cream-20g\/#breadcrumb"},"inLanguage":"pt-BR","potentialAction":[{"@type":"ReadAction","target":["https:\/\/pharmacy-tlv.com\/shop\/anti-inflammatory\/ret-avit-cream-20g\/"]}]},{"@type":"ImageObject","inLanguage":"pt-BR","@id":"https:\/\/pharmacy-tlv.com\/shop\/anti-inflammatory\/ret-avit-cream-20g\/#primaryimage","url":"https:\/\/mlz1smk5t7q7.i.optimole.com\/cb:lQg3.de6\/w:auto\/h:auto\/q:mauto\/https:\/\/pharmacy-tlv.com\/wp-content\/uploads\/2025\/09\/retovit-israel-2.jpg","contentUrl":"https:\/\/mlz1smk5t7q7.i.optimole.com\/cb:lQg3.de6\/w:auto\/h:auto\/q:mauto\/https:\/\/pharmacy-tlv.com\/wp-content\/uploads\/2025\/09\/retovit-israel-2.jpg","width":300,"height":300,"caption":"retovit israel 2"},{"@type":"BreadcrumbList","@id":"https:\/\/pharmacy-tlv.com\/shop\/anti-inflammatory\/ret-avit-cream-20g\/#breadcrumb","itemListElement":[{"@type":"ListItem","position":1,"name":"Home","item":"https:\/\/pharmacy-tlv.com\/"},{"@type":"ListItem","position":2,"name":"Medications","item":"https:\/\/pharmacy-tlv.com\/shop\/"},{"@type":"ListItem","position":3,"name":"Ret-Avit Cream (20g)"}]},{"@type":"WebSite","@id":"https:\/\/pharmacy-tlv.com\/#website","url":"https:\/\/pharmacy-tlv.com\/","name":"Farm\u00e1cia TLV","description":"Medicamentos israelenses de confian\u00e7a","publisher":{"@id":"https:\/\/pharmacy-tlv.com\/#organization"},"alternateName":"Pharmacy-TLV","potentialAction":[{"@type":"SearchAction","target":{"@type":"EntryPoint","urlTemplate":"https:\/\/pharmacy-tlv.com\/?s={search_term_string}"},"query-input":{"@type":"PropertyValueSpecification","valueRequired":true,"valueName":"search_term_string"}}],"inLanguage":"pt-BR"},{"@type":"Organization","@id":"https:\/\/pharmacy-tlv.com\/#organization","name":"Farm\u00e1cia TLV","alternateName":"Pharmacy-TLV","url":"https:\/\/pharmacy-tlv.com\/","logo":{"@type":"ImageObject","inLanguage":"pt-BR","@id":"https:\/\/pharmacy-tlv.com\/#\/schema\/logo\/image\/","url":"https:\/\/mlz1smk5t7q7.i.optimole.com\/cb:lQg3.de6\/w:auto\/h:auto\/q:mauto\/https:\/\/pharmacy-tlv.com\/wp-content\/uploads\/2025\/05\/pharmacy-white.png","contentUrl":"https:\/\/mlz1smk5t7q7.i.optimole.com\/cb:lQg3.de6\/w:auto\/h:auto\/q:mauto\/https:\/\/pharmacy-tlv.com\/wp-content\/uploads\/2025\/05\/pharmacy-white.png","width":500,"height":500,"caption":"Pharmacy TLV"},"image":{"@id":"https:\/\/pharmacy-tlv.com\/#\/schema\/logo\/image\/"}}]}},"_links":{"self":[{"href":"https:\/\/pharmacy-tlv.com\/pt\/wp-json\/wp\/v2\/product\/2381","targetHints":{"allow":["GET"]}}],"collection":[{"href":"https:\/\/pharmacy-tlv.com\/pt\/wp-json\/wp\/v2\/product"}],"about":[{"href":"https:\/\/pharmacy-tlv.com\/pt\/wp-json\/wp\/v2\/types\/product"}],"wp:featuredmedia":[{"embeddable":true,"href":"https:\/\/pharmacy-tlv.com\/pt\/wp-json\/wp\/v2\/media\/2439"}],"wp:attachment":[{"href":"https:\/\/pharmacy-tlv.com\/pt\/wp-json\/wp\/v2\/media?parent=2381"}],"wp:term":[{"taxonomy":"product_brand","embeddable":true,"href":"https:\/\/pharmacy-tlv.com\/pt\/wp-json\/wp\/v2\/product_brand?post=2381"},{"taxonomy":"product_cat","embeddable":true,"href":"https:\/\/pharmacy-tlv.com\/pt\/wp-json\/wp\/v2\/product_cat?post=2381"},{"taxonomy":"product_tag","embeddable":true,"href":"https:\/\/pharmacy-tlv.com\/pt\/wp-json\/wp\/v2\/product_tag?post=2381"}],"curies":[{"name":"wp","href":"https:\/\/api.w.org\/{rel}","templated":true}]}}