{"id":2087,"date":"2025-08-10T15:44:16","date_gmt":"2025-08-10T15:44:16","guid":{"rendered":"https:\/\/pharmacy-tlv.com\/?post_type=product&#038;p=2087"},"modified":"2025-08-10T15:44:16","modified_gmt":"2025-08-10T15:44:16","slug":"arbidol-50mg-20t","status":"publish","type":"product","link":"https:\/\/pharmacy-tlv.com\/pt\/loja\/antivirais\/arbidol-50mg-20t\/","title":{"rendered":"Arbidol 50mg (20t)"},"content":{"rendered":"<p><strong>Arbidol<\/strong><\/p>\n<p>Umifenovir \u00e9 um medicamento antiviral usado para preven\u00e7\u00e3o e tratamento de gripe, infec\u00e7\u00f5es virais respirat\u00f3rias agudas (ARVI) e outras doen\u00e7as virais. O ingrediente ativo, o Umifenovir, inibe a atividade viral, impede a penetra\u00e7\u00e3o do v\u00edrus nas c\u00e9lulas e estimula o sistema imunol\u00f3gico. Quando tomado em tempo h\u00e1bil, ele reduz a dura\u00e7\u00e3o da doen\u00e7a, diminui o risco de complica\u00e7\u00f5es e aumenta a resist\u00eancia a infec\u00e7\u00f5es recorrentes.<\/p>\n<p data-start=\"3321\" data-end=\"3332\"><strong data-start=\"3321\" data-end=\"3330\">Usos:<\/strong><\/p>\n<ul data-start=\"3334\" data-end=\"3653\">\n<li data-start=\"3334\" data-end=\"3389\">\n<p data-start=\"3336\" data-end=\"3389\">Tratamento e preven\u00e7\u00e3o dos tipos A e B da gripe<\/p>\n<\/li>\n<li data-start=\"3390\" data-end=\"3447\">\n<p data-start=\"3392\" data-end=\"3447\">Terapia para infec\u00e7\u00f5es virais respirat\u00f3rias agudas (ARVI)<\/p>\n<\/li>\n<li data-start=\"3448\" data-end=\"3522\">\n<p data-start=\"3450\" data-end=\"3522\">Tratamento complexo de infec\u00e7\u00f5es por rotav\u00edrus em crian\u00e7as acima de 2 anos de idade<\/p>\n<\/li>\n<li data-start=\"3523\" data-end=\"3579\">\n<p data-start=\"3525\" data-end=\"3579\">Preven\u00e7\u00e3o de complica\u00e7\u00f5es ap\u00f3s influenza e ARVI<\/p>\n<\/li>\n<li data-start=\"3580\" data-end=\"3653\">\n<p data-start=\"3582\" data-end=\"3653\">Reduzir o risco de doen\u00e7as virais repetidas durante per\u00edodos epid\u00eamicos<\/p>\n<\/li>\n<\/ul>\n<p data-start=\"3655\" data-end=\"3669\"><strong data-start=\"3655\" data-end=\"3667\">Motivos:<\/strong><\/p>\n<ul data-start=\"3671\" data-end=\"3869\">\n<li data-start=\"3671\" data-end=\"3706\">\n<p data-start=\"3673\" data-end=\"3706\">Contato com uma pessoa infectada<\/p>\n<\/li>\n<li data-start=\"3707\" data-end=\"3753\">\n<p data-start=\"3709\" data-end=\"3753\">Sintomas de gripe e infec\u00e7\u00f5es virais<\/p>\n<\/li>\n<li data-start=\"3754\" data-end=\"3800\">\n<p data-start=\"3756\" data-end=\"3800\">Diminui\u00e7\u00e3o da imunidade durante as esta\u00e7\u00f5es epid\u00eamicas<\/p>\n<\/li>\n<li data-start=\"3801\" data-end=\"3841\">\n<p data-start=\"3803\" data-end=\"3841\">Necessidade de preven\u00e7\u00e3o de complica\u00e7\u00f5es<\/p>\n<\/li>\n<li data-start=\"3842\" data-end=\"3869\">\n<p data-start=\"3844\" data-end=\"3869\">Suporte durante a recupera\u00e7\u00e3o<\/p>\n<\/li>\n<\/ul>\n<p data-start=\"3871\" data-end=\"3898\"><strong data-start=\"3871\" data-end=\"3896\">Propriedades do tratamento:<\/strong><\/p>\n<ul data-start=\"3900\" data-end=\"4156\">\n<li data-start=\"3900\" data-end=\"3963\">\n<p data-start=\"3902\" data-end=\"3963\">Inibe a atividade viral e impede a penetra\u00e7\u00e3o nas c\u00e9lulas<\/p>\n<\/li>\n<li data-start=\"3964\" data-end=\"4027\">\n<p data-start=\"3966\" data-end=\"4027\">Estimula a produ\u00e7\u00e3o de interferon e aumenta as defesas imunol\u00f3gicas<\/p>\n<\/li>\n<li data-start=\"4028\" data-end=\"4070\">\n<p data-start=\"4030\" data-end=\"4070\">Reduz a dura\u00e7\u00e3o e a gravidade da doen\u00e7a<\/p>\n<\/li>\n<li data-start=\"4071\" data-end=\"4114\">\n<p data-start=\"4073\" data-end=\"4114\">Reduz o risco de complica\u00e7\u00f5es bacterianas<\/p>\n<\/li>\n<li data-start=\"4115\" data-end=\"4156\">\n<p data-start=\"4117\" data-end=\"4156\">Bem tolerado quando tomado conforme indicado<\/p>\n<\/li>\n<\/ul>\n<p data-start=\"4158\" data-end=\"4176\"><strong data-start=\"4158\" data-end=\"4174\">Forma de dosagem:<\/strong><\/p>\n<p data-start=\"4178\" data-end=\"4232\">Comprimidos revestidos por filme<br data-start=\"4197\" data-end=\"4200\" \/>Embalagem: 20 comprimidos de 50 mg<\/p>\n<p data-start=\"4234\" data-end=\"4253\"><strong data-start=\"4234\" data-end=\"4251\">Fabricante:<\/strong><\/p>\n<p data-start=\"4255\" data-end=\"4301\">Arbidol - Pharmstandard-Leksredstva (R\u00fassia)<\/p>\n<p data-start=\"4303\" data-end=\"4327\"><strong data-start=\"4303\" data-end=\"4325\">Ingrediente ativo:<\/strong><\/p>\n<p data-start=\"4329\" data-end=\"4354\">Umifenovir (Umifenovir)<\/p>\n<p data-start=\"4356\" data-end=\"4561\">O Arbidol cont\u00e9m Umifenovir, um antiviral com efeitos imunomoduladores significativos. Usado para tratamento e preven\u00e7\u00e3o de infec\u00e7\u00f5es virais em adultos e crian\u00e7as, especialmente durante as temporadas de gripe e ARVI.<\/p>\n<p data-start=\"4563\" data-end=\"4707\"><em data-start=\"4563\" data-end=\"4705\">#Arbidol #Umifenovir #Antiviral #FluTreatment #FluPrevention #ARVI #Immunity #ViralInfections #ArbidolIsrael #ArbidolInIsrael #AntiviralDrug<\/em><\/p>","protected":false},"excerpt":{"rendered":"<p>O Arbidol \u00e9 um medicamento antiviral usado para tratar e prevenir a gripe e infec\u00e7\u00f5es virais respirat\u00f3rias agudas. Ele inibe a penetra\u00e7\u00e3o do v\u00edrus nas c\u00e9lulas e estimula o sistema imunol\u00f3gico, reduzindo a dura\u00e7\u00e3o da doen\u00e7a e as complica\u00e7\u00f5es. Indicado para adultos e crian\u00e7as durante a temporada de gripe.<\/p>","protected":false},"featured_media":2088,"template":"","meta":[],"product_brand":[],"product_cat":[47,37],"product_tag":[],"class_list":{"0":"post-2087","1":"product","2":"type-product","3":"status-publish","4":"has-post-thumbnail","6":"product_cat-all-medications","7":"product_cat-antivirals","9":"first","10":"instock","11":"shipping-taxable","12":"purchasable","13":"product-type-simple"},"yoast_head":"<!-- This site is optimized with the Yoast SEO plugin v25.1 - https:\/\/yoast.com\/wordpress\/plugins\/seo\/ -->\n<title>Arbidol 50mg (20t) Buy in Israel | Fast Delivery!<\/title>\n<meta name=\"description\" content=\"Arbidol 50 mg 20 tabs \u2014 flu and ARVI treatment and prevention, immune support. Fast action. Delivery across Israel, cash payment.\" \/>\n<meta name=\"robots\" content=\"index, follow, max-snippet:-1, max-image-preview:large, max-video-preview:-1\" \/>\n<link rel=\"canonical\" href=\"https:\/\/pharmacy-tlv.com\/pt\/loja\/antivirais\/arbidol-50mg-20t\/\" \/>\n<meta property=\"og:locale\" content=\"pt_BR\" \/>\n<meta property=\"og:type\" content=\"article\" \/>\n<meta property=\"og:title\" content=\"Arbidol 50mg (20t) Buy in Israel | Fast Delivery!\" \/>\n<meta property=\"og:description\" content=\"Arbidol 50 mg 20 tabs \u2014 flu and ARVI treatment and prevention, immune support. Fast action. Delivery across Israel, cash payment.\" \/>\n<meta property=\"og:url\" content=\"https:\/\/pharmacy-tlv.com\/pt\/loja\/antivirais\/arbidol-50mg-20t\/\" \/>\n<meta property=\"og:site_name\" content=\"Pharmacy TLV\" \/>\n<meta property=\"og:image\" content=\"https:\/\/mlz1smk5t7q7.i.optimole.com\/cb:lQg3.de6\/w:auto\/h:auto\/q:mauto\/https:\/\/pharmacy-tlv.com\/wp-content\/uploads\/2025\/08\/arbidol-israel.webp\" \/>\n\t<meta property=\"og:image:width\" content=\"1024\" \/>\n\t<meta property=\"og:image:height\" content=\"1024\" \/>\n\t<meta property=\"og:image:type\" content=\"image\/webp\" \/>\n<meta name=\"twitter:card\" content=\"summary_large_image\" \/>\n<meta name=\"twitter:label1\" content=\"Est. tempo de leitura\" \/>\n\t<meta name=\"twitter:data1\" content=\"2 minutos\" \/>\n<script type=\"application\/ld+json\" class=\"yoast-schema-graph\">{\"@context\":\"https:\/\/schema.org\",\"@graph\":[{\"@type\":\"WebPage\",\"@id\":\"https:\/\/pharmacy-tlv.com\/shop\/antivirals\/arbidol-50mg-20t\/\",\"url\":\"https:\/\/pharmacy-tlv.com\/shop\/antivirals\/arbidol-50mg-20t\/\",\"name\":\"Arbidol 50mg (20t) Buy in Israel | Fast Delivery!\",\"isPartOf\":{\"@id\":\"https:\/\/pharmacy-tlv.com\/#website\"},\"primaryImageOfPage\":{\"@id\":\"https:\/\/pharmacy-tlv.com\/shop\/antivirals\/arbidol-50mg-20t\/#primaryimage\"},\"image\":{\"@id\":\"https:\/\/pharmacy-tlv.com\/shop\/antivirals\/arbidol-50mg-20t\/#primaryimage\"},\"thumbnailUrl\":\"https:\/\/mlz1smk5t7q7.i.optimole.com\/cb:lQg3.de6\/w:auto\/h:auto\/q:mauto\/https:\/\/pharmacy-tlv.com\/wp-content\/uploads\/2025\/08\/arbidol-israel.webp\",\"datePublished\":\"2025-08-10T15:44:16+00:00\",\"description\":\"Arbidol 50 mg 20 tabs \u2014 flu and ARVI treatment and prevention, immune support. Fast action. Delivery across Israel, cash payment.\",\"breadcrumb\":{\"@id\":\"https:\/\/pharmacy-tlv.com\/shop\/antivirals\/arbidol-50mg-20t\/#breadcrumb\"},\"inLanguage\":\"pt-BR\",\"potentialAction\":[{\"@type\":\"ReadAction\",\"target\":[\"https:\/\/pharmacy-tlv.com\/shop\/antivirals\/arbidol-50mg-20t\/\"]}]},{\"@type\":\"ImageObject\",\"inLanguage\":\"pt-BR\",\"@id\":\"https:\/\/pharmacy-tlv.com\/shop\/antivirals\/arbidol-50mg-20t\/#primaryimage\",\"url\":\"https:\/\/mlz1smk5t7q7.i.optimole.com\/cb:lQg3.de6\/w:auto\/h:auto\/q:mauto\/https:\/\/pharmacy-tlv.com\/wp-content\/uploads\/2025\/08\/arbidol-israel.webp\",\"contentUrl\":\"https:\/\/mlz1smk5t7q7.i.optimole.com\/cb:lQg3.de6\/w:auto\/h:auto\/q:mauto\/https:\/\/pharmacy-tlv.com\/wp-content\/uploads\/2025\/08\/arbidol-israel.webp\",\"width\":1024,\"height\":1024,\"caption\":\"arbidol israel\"},{\"@type\":\"BreadcrumbList\",\"@id\":\"https:\/\/pharmacy-tlv.com\/shop\/antivirals\/arbidol-50mg-20t\/#breadcrumb\",\"itemListElement\":[{\"@type\":\"ListItem\",\"position\":1,\"name\":\"Home\",\"item\":\"https:\/\/pharmacy-tlv.com\/\"},{\"@type\":\"ListItem\",\"position\":2,\"name\":\"Medications\",\"item\":\"https:\/\/pharmacy-tlv.com\/shop\/\"},{\"@type\":\"ListItem\",\"position\":3,\"name\":\"Arbidol 50mg (20t)\"}]},{\"@type\":\"WebSite\",\"@id\":\"https:\/\/pharmacy-tlv.com\/#website\",\"url\":\"https:\/\/pharmacy-tlv.com\/\",\"name\":\"Pharmacy TLV\",\"description\":\"Trusted Israeli Medications\",\"publisher\":{\"@id\":\"https:\/\/pharmacy-tlv.com\/#organization\"},\"alternateName\":\"Pharmacy-TLV\",\"potentialAction\":[{\"@type\":\"SearchAction\",\"target\":{\"@type\":\"EntryPoint\",\"urlTemplate\":\"https:\/\/pharmacy-tlv.com\/?s={search_term_string}\"},\"query-input\":{\"@type\":\"PropertyValueSpecification\",\"valueRequired\":true,\"valueName\":\"search_term_string\"}}],\"inLanguage\":\"pt-BR\"},{\"@type\":\"Organization\",\"@id\":\"https:\/\/pharmacy-tlv.com\/#organization\",\"name\":\"Pharmacy TLV\",\"alternateName\":\"Pharmacy-TLV\",\"url\":\"https:\/\/pharmacy-tlv.com\/\",\"logo\":{\"@type\":\"ImageObject\",\"inLanguage\":\"pt-BR\",\"@id\":\"https:\/\/pharmacy-tlv.com\/#\/schema\/logo\/image\/\",\"url\":\"https:\/\/mlz1smk5t7q7.i.optimole.com\/cb:lQg3.de6\/w:auto\/h:auto\/q:mauto\/https:\/\/pharmacy-tlv.com\/wp-content\/uploads\/2025\/05\/pharmacy-white.png\",\"contentUrl\":\"https:\/\/mlz1smk5t7q7.i.optimole.com\/cb:lQg3.de6\/w:auto\/h:auto\/q:mauto\/https:\/\/pharmacy-tlv.com\/wp-content\/uploads\/2025\/05\/pharmacy-white.png\",\"width\":500,\"height\":500,\"caption\":\"Pharmacy TLV\"},\"image\":{\"@id\":\"https:\/\/pharmacy-tlv.com\/#\/schema\/logo\/image\/\"}}]}<\/script>\n<!-- \/ Yoast SEO plugin. -->","yoast_head_json":{"title":"Arbidol 50mg (20t) Comprar em Israel | Entrega r\u00e1pida!","description":"Arbidol 50 mg 20 comprimidos - tratamento e preven\u00e7\u00e3o de gripe e ARVI, suporte imunol\u00f3gico. A\u00e7\u00e3o r\u00e1pida. Entrega em Israel, pagamento em dinheiro.","robots":{"index":"index","follow":"follow","max-snippet":"max-snippet:-1","max-image-preview":"max-image-preview:large","max-video-preview":"max-video-preview:-1"},"canonical":"https:\/\/pharmacy-tlv.com\/pt\/loja\/antivirais\/arbidol-50mg-20t\/","og_locale":"pt_BR","og_type":"article","og_title":"Arbidol 50mg (20t) Buy in Israel | Fast Delivery!","og_description":"Arbidol 50 mg 20 tabs \u2014 flu and ARVI treatment and prevention, immune support. Fast action. Delivery across Israel, cash payment.","og_url":"https:\/\/pharmacy-tlv.com\/pt\/loja\/antivirais\/arbidol-50mg-20t\/","og_site_name":"Pharmacy TLV","og_image":[{"width":1024,"height":1024,"url":"https:\/\/mlz1smk5t7q7.i.optimole.com\/cb:lQg3.de6\/w:auto\/h:auto\/q:mauto\/https:\/\/pharmacy-tlv.com\/wp-content\/uploads\/2025\/08\/arbidol-israel.webp","type":"image\/webp"}],"twitter_card":"summary_large_image","twitter_misc":{"Est. tempo de leitura":"2 minutos"},"schema":{"@context":"https:\/\/schema.org","@graph":[{"@type":"WebPage","@id":"https:\/\/pharmacy-tlv.com\/shop\/antivirals\/arbidol-50mg-20t\/","url":"https:\/\/pharmacy-tlv.com\/shop\/antivirals\/arbidol-50mg-20t\/","name":"Arbidol 50mg (20t) Comprar em Israel | Entrega r\u00e1pida!","isPartOf":{"@id":"https:\/\/pharmacy-tlv.com\/#website"},"primaryImageOfPage":{"@id":"https:\/\/pharmacy-tlv.com\/shop\/antivirals\/arbidol-50mg-20t\/#primaryimage"},"image":{"@id":"https:\/\/pharmacy-tlv.com\/shop\/antivirals\/arbidol-50mg-20t\/#primaryimage"},"thumbnailUrl":"https:\/\/mlz1smk5t7q7.i.optimole.com\/cb:lQg3.de6\/w:auto\/h:auto\/q:mauto\/https:\/\/pharmacy-tlv.com\/wp-content\/uploads\/2025\/08\/arbidol-israel.webp","datePublished":"2025-08-10T15:44:16+00:00","description":"Arbidol 50 mg 20 comprimidos - tratamento e preven\u00e7\u00e3o de gripe e ARVI, suporte imunol\u00f3gico. A\u00e7\u00e3o r\u00e1pida. Entrega em Israel, pagamento em dinheiro.","breadcrumb":{"@id":"https:\/\/pharmacy-tlv.com\/shop\/antivirals\/arbidol-50mg-20t\/#breadcrumb"},"inLanguage":"pt-BR","potentialAction":[{"@type":"ReadAction","target":["https:\/\/pharmacy-tlv.com\/shop\/antivirals\/arbidol-50mg-20t\/"]}]},{"@type":"ImageObject","inLanguage":"pt-BR","@id":"https:\/\/pharmacy-tlv.com\/shop\/antivirals\/arbidol-50mg-20t\/#primaryimage","url":"https:\/\/mlz1smk5t7q7.i.optimole.com\/cb:lQg3.de6\/w:auto\/h:auto\/q:mauto\/https:\/\/pharmacy-tlv.com\/wp-content\/uploads\/2025\/08\/arbidol-israel.webp","contentUrl":"https:\/\/mlz1smk5t7q7.i.optimole.com\/cb:lQg3.de6\/w:auto\/h:auto\/q:mauto\/https:\/\/pharmacy-tlv.com\/wp-content\/uploads\/2025\/08\/arbidol-israel.webp","width":1024,"height":1024,"caption":"arbidol israel"},{"@type":"BreadcrumbList","@id":"https:\/\/pharmacy-tlv.com\/shop\/antivirals\/arbidol-50mg-20t\/#breadcrumb","itemListElement":[{"@type":"ListItem","position":1,"name":"Home","item":"https:\/\/pharmacy-tlv.com\/"},{"@type":"ListItem","position":2,"name":"Medications","item":"https:\/\/pharmacy-tlv.com\/shop\/"},{"@type":"ListItem","position":3,"name":"Arbidol 50mg (20t)"}]},{"@type":"WebSite","@id":"https:\/\/pharmacy-tlv.com\/#website","url":"https:\/\/pharmacy-tlv.com\/","name":"Farm\u00e1cia TLV","description":"Medicamentos israelenses de confian\u00e7a","publisher":{"@id":"https:\/\/pharmacy-tlv.com\/#organization"},"alternateName":"Pharmacy-TLV","potentialAction":[{"@type":"SearchAction","target":{"@type":"EntryPoint","urlTemplate":"https:\/\/pharmacy-tlv.com\/?s={search_term_string}"},"query-input":{"@type":"PropertyValueSpecification","valueRequired":true,"valueName":"search_term_string"}}],"inLanguage":"pt-BR"},{"@type":"Organization","@id":"https:\/\/pharmacy-tlv.com\/#organization","name":"Farm\u00e1cia TLV","alternateName":"Pharmacy-TLV","url":"https:\/\/pharmacy-tlv.com\/","logo":{"@type":"ImageObject","inLanguage":"pt-BR","@id":"https:\/\/pharmacy-tlv.com\/#\/schema\/logo\/image\/","url":"https:\/\/mlz1smk5t7q7.i.optimole.com\/cb:lQg3.de6\/w:auto\/h:auto\/q:mauto\/https:\/\/pharmacy-tlv.com\/wp-content\/uploads\/2025\/05\/pharmacy-white.png","contentUrl":"https:\/\/mlz1smk5t7q7.i.optimole.com\/cb:lQg3.de6\/w:auto\/h:auto\/q:mauto\/https:\/\/pharmacy-tlv.com\/wp-content\/uploads\/2025\/05\/pharmacy-white.png","width":500,"height":500,"caption":"Pharmacy TLV"},"image":{"@id":"https:\/\/pharmacy-tlv.com\/#\/schema\/logo\/image\/"}}]}},"_links":{"self":[{"href":"https:\/\/pharmacy-tlv.com\/pt\/wp-json\/wp\/v2\/product\/2087","targetHints":{"allow":["GET"]}}],"collection":[{"href":"https:\/\/pharmacy-tlv.com\/pt\/wp-json\/wp\/v2\/product"}],"about":[{"href":"https:\/\/pharmacy-tlv.com\/pt\/wp-json\/wp\/v2\/types\/product"}],"wp:featuredmedia":[{"embeddable":true,"href":"https:\/\/pharmacy-tlv.com\/pt\/wp-json\/wp\/v2\/media\/2088"}],"wp:attachment":[{"href":"https:\/\/pharmacy-tlv.com\/pt\/wp-json\/wp\/v2\/media?parent=2087"}],"wp:term":[{"taxonomy":"product_brand","embeddable":true,"href":"https:\/\/pharmacy-tlv.com\/pt\/wp-json\/wp\/v2\/product_brand?post=2087"},{"taxonomy":"product_cat","embeddable":true,"href":"https:\/\/pharmacy-tlv.com\/pt\/wp-json\/wp\/v2\/product_cat?post=2087"},{"taxonomy":"product_tag","embeddable":true,"href":"https:\/\/pharmacy-tlv.com\/pt\/wp-json\/wp\/v2\/product_tag?post=2087"}],"curies":[{"name":"wp","href":"https:\/\/api.w.org\/{rel}","templated":true}]}}