{"id":1950,"date":"2025-07-30T07:37:57","date_gmt":"2025-07-30T07:37:57","guid":{"rendered":"https:\/\/pharmacy-tlv.com\/?post_type=product&#038;p=1950"},"modified":"2025-07-30T07:38:50","modified_gmt":"2025-07-30T07:38:50","slug":"modal-sulpiride-50mg-30-caps","status":"publish","type":"product","link":"https:\/\/pharmacy-tlv.com\/pt\/loja\/antidepressivos\/modal-sulpiride-50mg-30-caps\/","title":{"rendered":"Modal (Sulpirida) 50mg 30 caps"},"content":{"rendered":"<h3 data-start=\"162\" data-end=\"177\"><strong data-start=\"166\" data-end=\"175\">Uso<\/strong><\/h3>\n<p data-start=\"178\" data-end=\"213\">Modal (Sulpirida) \u00e9 usado para tratar:<\/p>\n<p data-start=\"215\" data-end=\"518\">Formas de esquizofrenia paranoide e de progress\u00e3o lenta<br data-start=\"267\" data-end=\"270\" \/>Depress\u00e3o com retardo psicomotor significativo<br data-start=\"321\" data-end=\"324\" \/>Transtornos somatoformes, incluindo condi\u00e7\u00f5es gastrointestinais psicossom\u00e1ticas<br data-start=\"397\" data-end=\"400\" \/>Desregula\u00e7\u00e3o do humor, como apatia e ansiedade<br data-start=\"445\" data-end=\"448\" \/>Sintomas psiqui\u00e1tricos ligados a s\u00edndromes vegetativas e neurol\u00f3gicas<\/p>\n<p data-start=\"520\" data-end=\"773\">\u00c9 prescrito em neurologia e psiquiatria como um antipsic\u00f3tico at\u00edpico leve com efeitos antidepressivos e ansiol\u00edticos<br data-start=\"645\" data-end=\"648\" \/>Particularmente eficaz quando a depress\u00e3o \u00e9 combinada com sintomas f\u00edsicos (som\u00e1ticos), baixa motiva\u00e7\u00e3o e embotamento emocional<\/p>\n<h3 data-start=\"780\" data-end=\"801\"><strong data-start=\"784\" data-end=\"799\">Indica\u00e7\u00f5es<\/strong><\/h3>\n<p data-start=\"802\" data-end=\"1055\">Depress\u00e3o ap\u00e1tica, inibi\u00e7\u00e3o psicomotora<br data-start=\"846\" data-end=\"849\" \/>Esquizofrenia com sintomas predominantemente negativos<br data-start=\"899\" data-end=\"902\" \/>Transtornos psicossom\u00e1ticos relacionados \u00e0 ansiedade<br data-start=\"941\" data-end=\"944\" \/>Dist\u00farbios digestivos ligados \u00e0 tens\u00e3o emocional<br data-start=\"994\" data-end=\"997\" \/>Autoflagela\u00e7\u00e3o e problemas comportamentais dentro do espectro da neurose<\/p>\n<h3 data-start=\"1062\" data-end=\"1094\"><strong data-start=\"1066\" data-end=\"1092\">Propriedades terap\u00eauticas<\/strong><\/h3>\n<p data-start=\"1095\" data-end=\"1346\">Bloqueia parcialmente os receptores de dopamina D2<br data-start=\"1133\" data-end=\"1136\" \/>Estabiliza o estado emocional sem seda\u00e7\u00e3o intensa<br data-start=\"1186\" data-end=\"1189\" \/>Melhora a motiva\u00e7\u00e3o, a for\u00e7a de vontade e o humor<br data-start=\"1229\" data-end=\"1232\" \/>Adequado para tratamento de longo prazo sob supervis\u00e3o m\u00e9dica<br data-start=\"1290\" data-end=\"1293\" \/>Bem tolerado, especialmente em doses baixas a moderadas<\/p>\n<h3 data-start=\"1353\" data-end=\"1367\"><strong data-start=\"1357\" data-end=\"1365\">Formul\u00e1rio<\/strong><\/h3>\n<p data-start=\"1368\" data-end=\"1413\">C\u00e1psulas<br data-start=\"1376\" data-end=\"1379\" \/>Embalagem: 30 c\u00e1psulas, 50 mg cada<\/p>\n<h3 data-start=\"1420\" data-end=\"1442\"><strong data-start=\"1424\" data-end=\"1440\">Fabricante<\/strong><\/h3>\n<p data-start=\"1443\" data-end=\"1479\">Modal - Rafa Laboratories (Israel)<\/p>\n<h3 data-start=\"1486\" data-end=\"1513\"><strong data-start=\"1490\" data-end=\"1511\">Ingrediente ativo<\/strong><\/h3>\n<p data-start=\"1514\" data-end=\"1535\">Sulpirida (\u0421\u0443\u043b\u044c\u043f\u0438\u0440\u0438\u0434)<\/p>\n<p data-start=\"1537\" data-end=\"1722\">O Modal cont\u00e9m sulpirida, um antipsic\u00f3tico de segunda gera\u00e7\u00e3o com propriedades ativadoras e antidepressivas<br data-start=\"1643\" data-end=\"1646\" \/>Amplamente utilizado em Israel para condi\u00e7\u00f5es psiqui\u00e1tricas e psicossom\u00e1ticas complexas<\/p>\n<p data-start=\"1729\" data-end=\"1957\"><em data-start=\"1729\" data-end=\"1955\">#Modal #Sulpirida #Antipsic\u00f3tico #Antidepressivo #MDist\u00farbios do humor #Sesquizofrenia #Aal\u00edvio da ansiedade #Ptratamento psicossom\u00e1tico #Msa\u00fade mentalIsrael #RafaLaboratories #Atratamento depatia #PsiquiatriaIsrael #ModalIsrael #SulpiridaIsrael<\/em><\/p>","protected":false},"excerpt":{"rendered":"<p>O Modal 50 mg \u00e9 um antipsic\u00f3tico at\u00edpico moderno \u00e0 base de sulpirida, usado para tratar apatia, estados depressivos, esquizofrenia e dist\u00farbios psicossom\u00e1ticos. Ele melhora a estabilidade emocional, reduz a ansiedade e \u00e9 especialmente eficaz quando os sintomas mentais e f\u00edsicos est\u00e3o combinados. Popular no tratamento psiqui\u00e1trico em Israel.<\/p>","protected":false},"featured_media":1951,"template":"","meta":[],"product_brand":[],"product_cat":[47,24],"product_tag":[],"class_list":{"0":"post-1950","1":"product","2":"type-product","3":"status-publish","4":"has-post-thumbnail","6":"product_cat-all-medications","7":"product_cat-antidepressants","9":"first","10":"instock","11":"shipping-taxable","12":"purchasable","13":"product-type-simple"},"yoast_head":"<!-- This site is optimized with the Yoast SEO plugin v25.1 - https:\/\/yoast.com\/wordpress\/plugins\/seo\/ -->\n<title>Modal (Sulpiride) 50mg 30 caps Buy in Israel | Fast Delivery!<\/title>\n<meta name=\"description\" content=\"Modal 50mg (Sulpiride) \u2014 treatment for depression, schizophrenia, and psychosomatic disorders. Widely used in Israel. Delivery available.\" \/>\n<meta name=\"robots\" content=\"index, follow, max-snippet:-1, max-image-preview:large, max-video-preview:-1\" \/>\n<link rel=\"canonical\" href=\"https:\/\/pharmacy-tlv.com\/pt\/loja\/antidepressivos\/modal-sulpiride-50mg-30-caps\/\" \/>\n<meta property=\"og:locale\" content=\"pt_BR\" \/>\n<meta property=\"og:type\" content=\"article\" \/>\n<meta property=\"og:title\" content=\"Modal (Sulpiride) 50mg 30 caps Buy in Israel | Fast Delivery!\" \/>\n<meta property=\"og:description\" content=\"Modal 50mg (Sulpiride) \u2014 treatment for depression, schizophrenia, and psychosomatic disorders. Widely used in Israel. Delivery available.\" \/>\n<meta property=\"og:url\" content=\"https:\/\/pharmacy-tlv.com\/pt\/loja\/antidepressivos\/modal-sulpiride-50mg-30-caps\/\" \/>\n<meta property=\"og:site_name\" content=\"Pharmacy TLV\" \/>\n<meta property=\"article:modified_time\" content=\"2025-07-30T07:38:50+00:00\" \/>\n<meta property=\"og:image\" content=\"https:\/\/mlz1smk5t7q7.i.optimole.com\/cb:lQg3.de6\/w:auto\/h:auto\/q:mauto\/https:\/\/pharmacy-tlv.com\/wp-content\/uploads\/2025\/07\/sulpiride-modal-israel.png\" \/>\n\t<meta property=\"og:image:width\" content=\"1024\" \/>\n\t<meta property=\"og:image:height\" content=\"1024\" \/>\n\t<meta property=\"og:image:type\" content=\"image\/png\" \/>\n<meta name=\"twitter:card\" content=\"summary_large_image\" \/>\n<meta name=\"twitter:label1\" content=\"Est. tempo de leitura\" \/>\n\t<meta name=\"twitter:data1\" content=\"2 minutos\" \/>\n<script type=\"application\/ld+json\" class=\"yoast-schema-graph\">{\"@context\":\"https:\/\/schema.org\",\"@graph\":[{\"@type\":\"WebPage\",\"@id\":\"https:\/\/pharmacy-tlv.com\/shop\/antidepressants\/modal-sulpiride-50mg-30-caps\/\",\"url\":\"https:\/\/pharmacy-tlv.com\/shop\/antidepressants\/modal-sulpiride-50mg-30-caps\/\",\"name\":\"Modal (Sulpiride) 50mg 30 caps Buy in Israel | Fast Delivery!\",\"isPartOf\":{\"@id\":\"https:\/\/pharmacy-tlv.com\/#website\"},\"primaryImageOfPage\":{\"@id\":\"https:\/\/pharmacy-tlv.com\/shop\/antidepressants\/modal-sulpiride-50mg-30-caps\/#primaryimage\"},\"image\":{\"@id\":\"https:\/\/pharmacy-tlv.com\/shop\/antidepressants\/modal-sulpiride-50mg-30-caps\/#primaryimage\"},\"thumbnailUrl\":\"https:\/\/mlz1smk5t7q7.i.optimole.com\/cb:lQg3.de6\/w:auto\/h:auto\/q:mauto\/https:\/\/pharmacy-tlv.com\/wp-content\/uploads\/2025\/07\/sulpiride-modal-israel.png\",\"datePublished\":\"2025-07-30T07:37:57+00:00\",\"dateModified\":\"2025-07-30T07:38:50+00:00\",\"description\":\"Modal 50mg (Sulpiride) \u2014 treatment for depression, schizophrenia, and psychosomatic disorders. Widely used in Israel. Delivery available.\",\"breadcrumb\":{\"@id\":\"https:\/\/pharmacy-tlv.com\/shop\/antidepressants\/modal-sulpiride-50mg-30-caps\/#breadcrumb\"},\"inLanguage\":\"pt-BR\",\"potentialAction\":[{\"@type\":\"ReadAction\",\"target\":[\"https:\/\/pharmacy-tlv.com\/shop\/antidepressants\/modal-sulpiride-50mg-30-caps\/\"]}]},{\"@type\":\"ImageObject\",\"inLanguage\":\"pt-BR\",\"@id\":\"https:\/\/pharmacy-tlv.com\/shop\/antidepressants\/modal-sulpiride-50mg-30-caps\/#primaryimage\",\"url\":\"https:\/\/mlz1smk5t7q7.i.optimole.com\/cb:lQg3.de6\/w:auto\/h:auto\/q:mauto\/https:\/\/pharmacy-tlv.com\/wp-content\/uploads\/2025\/07\/sulpiride-modal-israel.png\",\"contentUrl\":\"https:\/\/mlz1smk5t7q7.i.optimole.com\/cb:lQg3.de6\/w:auto\/h:auto\/q:mauto\/https:\/\/pharmacy-tlv.com\/wp-content\/uploads\/2025\/07\/sulpiride-modal-israel.png\",\"width\":1024,\"height\":1024,\"caption\":\"sulpiride modal israel\"},{\"@type\":\"BreadcrumbList\",\"@id\":\"https:\/\/pharmacy-tlv.com\/shop\/antidepressants\/modal-sulpiride-50mg-30-caps\/#breadcrumb\",\"itemListElement\":[{\"@type\":\"ListItem\",\"position\":1,\"name\":\"Home\",\"item\":\"https:\/\/pharmacy-tlv.com\/\"},{\"@type\":\"ListItem\",\"position\":2,\"name\":\"Medications\",\"item\":\"https:\/\/pharmacy-tlv.com\/shop\/\"},{\"@type\":\"ListItem\",\"position\":3,\"name\":\"Modal (Sulpiride) 50mg 30 caps\"}]},{\"@type\":\"WebSite\",\"@id\":\"https:\/\/pharmacy-tlv.com\/#website\",\"url\":\"https:\/\/pharmacy-tlv.com\/\",\"name\":\"Pharmacy TLV\",\"description\":\"Trusted Israeli Medications\",\"publisher\":{\"@id\":\"https:\/\/pharmacy-tlv.com\/#organization\"},\"alternateName\":\"Pharmacy-TLV\",\"potentialAction\":[{\"@type\":\"SearchAction\",\"target\":{\"@type\":\"EntryPoint\",\"urlTemplate\":\"https:\/\/pharmacy-tlv.com\/?s={search_term_string}\"},\"query-input\":{\"@type\":\"PropertyValueSpecification\",\"valueRequired\":true,\"valueName\":\"search_term_string\"}}],\"inLanguage\":\"pt-BR\"},{\"@type\":\"Organization\",\"@id\":\"https:\/\/pharmacy-tlv.com\/#organization\",\"name\":\"Pharmacy TLV\",\"alternateName\":\"Pharmacy-TLV\",\"url\":\"https:\/\/pharmacy-tlv.com\/\",\"logo\":{\"@type\":\"ImageObject\",\"inLanguage\":\"pt-BR\",\"@id\":\"https:\/\/pharmacy-tlv.com\/#\/schema\/logo\/image\/\",\"url\":\"https:\/\/mlz1smk5t7q7.i.optimole.com\/cb:lQg3.de6\/w:auto\/h:auto\/q:mauto\/https:\/\/pharmacy-tlv.com\/wp-content\/uploads\/2025\/05\/pharmacy-white.png\",\"contentUrl\":\"https:\/\/mlz1smk5t7q7.i.optimole.com\/cb:lQg3.de6\/w:auto\/h:auto\/q:mauto\/https:\/\/pharmacy-tlv.com\/wp-content\/uploads\/2025\/05\/pharmacy-white.png\",\"width\":500,\"height\":500,\"caption\":\"Pharmacy TLV\"},\"image\":{\"@id\":\"https:\/\/pharmacy-tlv.com\/#\/schema\/logo\/image\/\"}}]}<\/script>\n<!-- \/ Yoast SEO plugin. -->","yoast_head_json":{"title":"Modal (Sulpiride) 50mg 30 caps Comprar em Israel | Entrega r\u00e1pida!","description":"Modal 50mg (Sulpirida) - tratamento para depress\u00e3o, esquizofrenia e dist\u00farbios psicossom\u00e1ticos. Amplamente utilizado em Israel. Entrega dispon\u00edvel.","robots":{"index":"index","follow":"follow","max-snippet":"max-snippet:-1","max-image-preview":"max-image-preview:large","max-video-preview":"max-video-preview:-1"},"canonical":"https:\/\/pharmacy-tlv.com\/pt\/loja\/antidepressivos\/modal-sulpiride-50mg-30-caps\/","og_locale":"pt_BR","og_type":"article","og_title":"Modal (Sulpiride) 50mg 30 caps Buy in Israel | Fast Delivery!","og_description":"Modal 50mg (Sulpiride) \u2014 treatment for depression, schizophrenia, and psychosomatic disorders. Widely used in Israel. Delivery available.","og_url":"https:\/\/pharmacy-tlv.com\/pt\/loja\/antidepressivos\/modal-sulpiride-50mg-30-caps\/","og_site_name":"Pharmacy TLV","article_modified_time":"2025-07-30T07:38:50+00:00","og_image":[{"width":1024,"height":1024,"url":"https:\/\/mlz1smk5t7q7.i.optimole.com\/cb:lQg3.de6\/w:auto\/h:auto\/q:mauto\/https:\/\/pharmacy-tlv.com\/wp-content\/uploads\/2025\/07\/sulpiride-modal-israel.png","type":"image\/png"}],"twitter_card":"summary_large_image","twitter_misc":{"Est. tempo de leitura":"2 minutos"},"schema":{"@context":"https:\/\/schema.org","@graph":[{"@type":"WebPage","@id":"https:\/\/pharmacy-tlv.com\/shop\/antidepressants\/modal-sulpiride-50mg-30-caps\/","url":"https:\/\/pharmacy-tlv.com\/shop\/antidepressants\/modal-sulpiride-50mg-30-caps\/","name":"Modal (Sulpiride) 50mg 30 caps Comprar em Israel | Entrega r\u00e1pida!","isPartOf":{"@id":"https:\/\/pharmacy-tlv.com\/#website"},"primaryImageOfPage":{"@id":"https:\/\/pharmacy-tlv.com\/shop\/antidepressants\/modal-sulpiride-50mg-30-caps\/#primaryimage"},"image":{"@id":"https:\/\/pharmacy-tlv.com\/shop\/antidepressants\/modal-sulpiride-50mg-30-caps\/#primaryimage"},"thumbnailUrl":"https:\/\/mlz1smk5t7q7.i.optimole.com\/cb:lQg3.de6\/w:auto\/h:auto\/q:mauto\/https:\/\/pharmacy-tlv.com\/wp-content\/uploads\/2025\/07\/sulpiride-modal-israel.png","datePublished":"2025-07-30T07:37:57+00:00","dateModified":"2025-07-30T07:38:50+00:00","description":"Modal 50mg (Sulpirida) - tratamento para depress\u00e3o, esquizofrenia e dist\u00farbios psicossom\u00e1ticos. Amplamente utilizado em Israel. Entrega dispon\u00edvel.","breadcrumb":{"@id":"https:\/\/pharmacy-tlv.com\/shop\/antidepressants\/modal-sulpiride-50mg-30-caps\/#breadcrumb"},"inLanguage":"pt-BR","potentialAction":[{"@type":"ReadAction","target":["https:\/\/pharmacy-tlv.com\/shop\/antidepressants\/modal-sulpiride-50mg-30-caps\/"]}]},{"@type":"ImageObject","inLanguage":"pt-BR","@id":"https:\/\/pharmacy-tlv.com\/shop\/antidepressants\/modal-sulpiride-50mg-30-caps\/#primaryimage","url":"https:\/\/mlz1smk5t7q7.i.optimole.com\/cb:lQg3.de6\/w:auto\/h:auto\/q:mauto\/https:\/\/pharmacy-tlv.com\/wp-content\/uploads\/2025\/07\/sulpiride-modal-israel.png","contentUrl":"https:\/\/mlz1smk5t7q7.i.optimole.com\/cb:lQg3.de6\/w:auto\/h:auto\/q:mauto\/https:\/\/pharmacy-tlv.com\/wp-content\/uploads\/2025\/07\/sulpiride-modal-israel.png","width":1024,"height":1024,"caption":"sulpiride modal israel"},{"@type":"BreadcrumbList","@id":"https:\/\/pharmacy-tlv.com\/shop\/antidepressants\/modal-sulpiride-50mg-30-caps\/#breadcrumb","itemListElement":[{"@type":"ListItem","position":1,"name":"Home","item":"https:\/\/pharmacy-tlv.com\/"},{"@type":"ListItem","position":2,"name":"Medications","item":"https:\/\/pharmacy-tlv.com\/shop\/"},{"@type":"ListItem","position":3,"name":"Modal (Sulpiride) 50mg 30 caps"}]},{"@type":"WebSite","@id":"https:\/\/pharmacy-tlv.com\/#website","url":"https:\/\/pharmacy-tlv.com\/","name":"Farm\u00e1cia TLV","description":"Medicamentos israelenses de confian\u00e7a","publisher":{"@id":"https:\/\/pharmacy-tlv.com\/#organization"},"alternateName":"Pharmacy-TLV","potentialAction":[{"@type":"SearchAction","target":{"@type":"EntryPoint","urlTemplate":"https:\/\/pharmacy-tlv.com\/?s={search_term_string}"},"query-input":{"@type":"PropertyValueSpecification","valueRequired":true,"valueName":"search_term_string"}}],"inLanguage":"pt-BR"},{"@type":"Organization","@id":"https:\/\/pharmacy-tlv.com\/#organization","name":"Farm\u00e1cia TLV","alternateName":"Pharmacy-TLV","url":"https:\/\/pharmacy-tlv.com\/","logo":{"@type":"ImageObject","inLanguage":"pt-BR","@id":"https:\/\/pharmacy-tlv.com\/#\/schema\/logo\/image\/","url":"https:\/\/mlz1smk5t7q7.i.optimole.com\/cb:lQg3.de6\/w:auto\/h:auto\/q:mauto\/https:\/\/pharmacy-tlv.com\/wp-content\/uploads\/2025\/05\/pharmacy-white.png","contentUrl":"https:\/\/mlz1smk5t7q7.i.optimole.com\/cb:lQg3.de6\/w:auto\/h:auto\/q:mauto\/https:\/\/pharmacy-tlv.com\/wp-content\/uploads\/2025\/05\/pharmacy-white.png","width":500,"height":500,"caption":"Pharmacy TLV"},"image":{"@id":"https:\/\/pharmacy-tlv.com\/#\/schema\/logo\/image\/"}}]}},"_links":{"self":[{"href":"https:\/\/pharmacy-tlv.com\/pt\/wp-json\/wp\/v2\/product\/1950","targetHints":{"allow":["GET"]}}],"collection":[{"href":"https:\/\/pharmacy-tlv.com\/pt\/wp-json\/wp\/v2\/product"}],"about":[{"href":"https:\/\/pharmacy-tlv.com\/pt\/wp-json\/wp\/v2\/types\/product"}],"wp:featuredmedia":[{"embeddable":true,"href":"https:\/\/pharmacy-tlv.com\/pt\/wp-json\/wp\/v2\/media\/1951"}],"wp:attachment":[{"href":"https:\/\/pharmacy-tlv.com\/pt\/wp-json\/wp\/v2\/media?parent=1950"}],"wp:term":[{"taxonomy":"product_brand","embeddable":true,"href":"https:\/\/pharmacy-tlv.com\/pt\/wp-json\/wp\/v2\/product_brand?post=1950"},{"taxonomy":"product_cat","embeddable":true,"href":"https:\/\/pharmacy-tlv.com\/pt\/wp-json\/wp\/v2\/product_cat?post=1950"},{"taxonomy":"product_tag","embeddable":true,"href":"https:\/\/pharmacy-tlv.com\/pt\/wp-json\/wp\/v2\/product_tag?post=1950"}],"curies":[{"name":"wp","href":"https:\/\/api.w.org\/{rel}","templated":true}]}}