{"id":1875,"date":"2025-06-30T12:03:06","date_gmt":"2025-06-30T12:03:06","guid":{"rendered":"https:\/\/pharmacy-tlv.com\/?post_type=product&#038;p=1875"},"modified":"2025-06-30T12:03:06","modified_gmt":"2025-06-30T12:03:06","slug":"femoston-28t-10-mg-1","status":"publish","type":"product","link":"https:\/\/pharmacy-tlv.com\/pt\/loja\/contraceptivos-hormonais\/femoston-28t-10-mg-1\/","title":{"rendered":"Femoston 1\/10 mg (28t)"},"content":{"rendered":"<p data-start=\"286\" data-end=\"306\"><strong data-start=\"286\" data-end=\"306\">Femoston 1\/10 mg<\/strong><\/p>\n<p data-start=\"308\" data-end=\"592\"><strong data-start=\"308\" data-end=\"317\">Uso<\/strong><br data-start=\"317\" data-end=\"320\" \/>Usado para terapia de reposi\u00e7\u00e3o hormonal em mulheres na p\u00f3s-menopausa<br data-start=\"380\" data-end=\"383\" \/>Ajuda a aliviar os sintomas da defici\u00eancia de estrog\u00eanio: ondas de calor, sudorese, irritabilidade<br data-start=\"462\" data-end=\"465\" \/>Prescrito para a preven\u00e7\u00e3o da osteoporose p\u00f3s-menopausa<br data-start=\"525\" data-end=\"528\" \/>Apoia o equil\u00edbrio hormonal ap\u00f3s a remo\u00e7\u00e3o do ov\u00e1rio ou menopausa precoce<\/p>\n<p data-start=\"594\" data-end=\"810\"><strong data-start=\"594\" data-end=\"609\">Indica\u00e7\u00f5es<\/strong><br data-start=\"609\" data-end=\"612\" \/>Baixos n\u00edveis de estrog\u00eanio<br data-start=\"631\" data-end=\"634\" \/>Sintomas da menopausa (ondas de calor, ins\u00f4nia, secura vaginal)<br data-start=\"694\" data-end=\"697\" \/>Preven\u00e7\u00e3o e tratamento da osteoporose em mulheres na p\u00f3s-menopausa<br data-start=\"761\" data-end=\"764\" \/>Desequil\u00edbrio hormonal ap\u00f3s cirurgia ginecol\u00f3gica<\/p>\n<p data-start=\"812\" data-end=\"1102\"><strong data-start=\"812\" data-end=\"838\">Propriedades terap\u00eauticas<\/strong><br data-start=\"838\" data-end=\"841\" \/>F\u00f3rmula combinada: estradiol (estrog\u00eanio) e didrogesterona (progestag\u00eanio)<br data-start=\"912\" data-end=\"915\" \/>Restaura o equil\u00edbrio hormonal e reduz os sintomas da menopausa<br data-start=\"972\" data-end=\"975\" \/>Melhora a qualidade de vida e apoia a sa\u00fade \u00f3ssea a longo prazo<br data-start=\"1034\" data-end=\"1037\" \/>Reduz o risco de hiperplasia endometrial gra\u00e7as \u00e0 dosagem balanceada<\/p>\n<p data-start=\"1104\" data-end=\"1153\"><strong data-start=\"1104\" data-end=\"1112\">Formul\u00e1rio<\/strong><br data-start=\"1112\" data-end=\"1115\" \/>Comprimidos revestidos por filme<br data-start=\"1134\" data-end=\"1137\" \/>Embalagem: 28 comprimidos<\/p>\n<p data-start=\"1155\" data-end=\"1180\"><strong data-start=\"1155\" data-end=\"1171\">Fabricante<\/strong><br data-start=\"1171\" data-end=\"1174\" \/>Abbott<\/p>\n<p data-start=\"1182\" data-end=\"1248\"><strong data-start=\"1182\" data-end=\"1204\">Ingredientes ativos<\/strong><br data-start=\"1204\" data-end=\"1207\" \/>Estradiol - 1 mg<br data-start=\"1223\" data-end=\"1226\" \/>Didrogesterona - 10 mg<\/p>\n<p data-start=\"1250\" data-end=\"1417\"><em>#Femoston #HormoneTherapy #Estradiol #Dydrogesterone #MenopauseRelief #HRT #WomenHealth #Abbott #FemostonIsrael #Postmenopause #HormonalBalance #OsteoporosisPrevention<\/em><\/p>","protected":false},"excerpt":{"rendered":"<p>O Femoston 1\/10 mg \u00e9 um medicamento hormonal para mulheres usado durante e ap\u00f3s a menopausa. Ele cont\u00e9m estradiol e didrogesterona para restaurar o equil\u00edbrio hormonal, reduzir as ondas de calor, a irritabilidade e a sudorese e proteger os ossos da osteoporose. Melhora o bem-estar geral e a qualidade de vida durante a transi\u00e7\u00e3o hormonal.<\/p>","protected":false},"featured_media":1860,"template":"","meta":[],"product_brand":[],"product_cat":[47,29],"product_tag":[],"class_list":{"0":"post-1875","1":"product","2":"type-product","3":"status-publish","4":"has-post-thumbnail","6":"product_cat-all-medications","7":"product_cat-hormonal-contraceptives","9":"first","10":"instock","11":"shipping-taxable","12":"purchasable","13":"product-type-simple"},"yoast_head":"<!-- This site is optimized with the Yoast SEO plugin v25.1 - https:\/\/yoast.com\/wordpress\/plugins\/seo\/ -->\n<title>Femoston 1\/10 mg (28t) - Buy in Israel | Fast Delivery!<\/title>\n<meta name=\"description\" content=\"Femoston 1\/10 mg is a hormone replacement therapy for women. Combines estradiol and dydrogesterone to relieve menopause symptoms and prevent osteoporosis.\" \/>\n<meta name=\"robots\" content=\"index, follow, max-snippet:-1, max-image-preview:large, max-video-preview:-1\" \/>\n<link rel=\"canonical\" href=\"https:\/\/pharmacy-tlv.com\/pt\/loja\/contraceptivos-hormonais\/femoston-28t-10-mg-1\/\" \/>\n<meta property=\"og:locale\" content=\"pt_BR\" \/>\n<meta property=\"og:type\" content=\"article\" \/>\n<meta property=\"og:title\" content=\"Femoston 1\/10 mg (28t) - Buy in Israel | Fast Delivery!\" \/>\n<meta property=\"og:description\" content=\"Femoston 1\/10 mg is a hormone replacement therapy for women. Combines estradiol and dydrogesterone to relieve menopause symptoms and prevent osteoporosis.\" \/>\n<meta property=\"og:url\" content=\"https:\/\/pharmacy-tlv.com\/pt\/loja\/contraceptivos-hormonais\/femoston-28t-10-mg-1\/\" \/>\n<meta property=\"og:site_name\" content=\"Pharmacy TLV\" \/>\n<meta property=\"og:image\" content=\"https:\/\/mlz1smk5t7q7.i.optimole.com\/cb:lQg3.de6\/w:1024\/h:683\/q:mauto\/https:\/\/pharmacy-tlv.com\/wp-content\/uploads\/2025\/06\/femoston-israel-1.png\" \/>\n\t<meta property=\"og:image:width\" content=\"1024\" \/>\n\t<meta property=\"og:image:height\" content=\"683\" \/>\n\t<meta property=\"og:image:type\" content=\"image\/png\" \/>\n<meta name=\"twitter:card\" content=\"summary_large_image\" \/>\n<meta name=\"twitter:label1\" content=\"Est. tempo de leitura\" \/>\n\t<meta name=\"twitter:data1\" content=\"1 minuto\" \/>\n<script type=\"application\/ld+json\" class=\"yoast-schema-graph\">{\"@context\":\"https:\/\/schema.org\",\"@graph\":[{\"@type\":\"WebPage\",\"@id\":\"https:\/\/pharmacy-tlv.com\/shop\/hormonal-contraceptives\/femoston-28t-10-mg-1\/\",\"url\":\"https:\/\/pharmacy-tlv.com\/shop\/hormonal-contraceptives\/femoston-28t-10-mg-1\/\",\"name\":\"Femoston 1\/10 mg (28t) - Buy in Israel | Fast Delivery!\",\"isPartOf\":{\"@id\":\"https:\/\/pharmacy-tlv.com\/#website\"},\"primaryImageOfPage\":{\"@id\":\"https:\/\/pharmacy-tlv.com\/shop\/hormonal-contraceptives\/femoston-28t-10-mg-1\/#primaryimage\"},\"image\":{\"@id\":\"https:\/\/pharmacy-tlv.com\/shop\/hormonal-contraceptives\/femoston-28t-10-mg-1\/#primaryimage\"},\"thumbnailUrl\":\"https:\/\/mlz1smk5t7q7.i.optimole.com\/cb:lQg3.de6\/w:auto\/h:auto\/q:mauto\/https:\/\/pharmacy-tlv.com\/wp-content\/uploads\/2025\/06\/femoston-israel-1.png\",\"datePublished\":\"2025-06-30T12:03:06+00:00\",\"description\":\"Femoston 1\/10 mg is a hormone replacement therapy for women. Combines estradiol and dydrogesterone to relieve menopause symptoms and prevent osteoporosis.\",\"breadcrumb\":{\"@id\":\"https:\/\/pharmacy-tlv.com\/shop\/hormonal-contraceptives\/femoston-28t-10-mg-1\/#breadcrumb\"},\"inLanguage\":\"pt-BR\",\"potentialAction\":[{\"@type\":\"ReadAction\",\"target\":[\"https:\/\/pharmacy-tlv.com\/shop\/hormonal-contraceptives\/femoston-28t-10-mg-1\/\"]}]},{\"@type\":\"ImageObject\",\"inLanguage\":\"pt-BR\",\"@id\":\"https:\/\/pharmacy-tlv.com\/shop\/hormonal-contraceptives\/femoston-28t-10-mg-1\/#primaryimage\",\"url\":\"https:\/\/mlz1smk5t7q7.i.optimole.com\/cb:lQg3.de6\/w:auto\/h:auto\/q:mauto\/https:\/\/pharmacy-tlv.com\/wp-content\/uploads\/2025\/06\/femoston-israel-1.png\",\"contentUrl\":\"https:\/\/mlz1smk5t7q7.i.optimole.com\/cb:lQg3.de6\/w:auto\/h:auto\/q:mauto\/https:\/\/pharmacy-tlv.com\/wp-content\/uploads\/2025\/06\/femoston-israel-1.png\",\"width\":1536,\"height\":1024,\"caption\":\"femoston israel\"},{\"@type\":\"BreadcrumbList\",\"@id\":\"https:\/\/pharmacy-tlv.com\/shop\/hormonal-contraceptives\/femoston-28t-10-mg-1\/#breadcrumb\",\"itemListElement\":[{\"@type\":\"ListItem\",\"position\":1,\"name\":\"Home\",\"item\":\"https:\/\/pharmacy-tlv.com\/\"},{\"@type\":\"ListItem\",\"position\":2,\"name\":\"Medications\",\"item\":\"https:\/\/pharmacy-tlv.com\/shop\/\"},{\"@type\":\"ListItem\",\"position\":3,\"name\":\"Femoston 1\/10 mg (28t)\"}]},{\"@type\":\"WebSite\",\"@id\":\"https:\/\/pharmacy-tlv.com\/#website\",\"url\":\"https:\/\/pharmacy-tlv.com\/\",\"name\":\"Pharmacy TLV\",\"description\":\"Trusted Israeli Medications\",\"publisher\":{\"@id\":\"https:\/\/pharmacy-tlv.com\/#organization\"},\"alternateName\":\"Pharmacy-TLV\",\"potentialAction\":[{\"@type\":\"SearchAction\",\"target\":{\"@type\":\"EntryPoint\",\"urlTemplate\":\"https:\/\/pharmacy-tlv.com\/?s={search_term_string}\"},\"query-input\":{\"@type\":\"PropertyValueSpecification\",\"valueRequired\":true,\"valueName\":\"search_term_string\"}}],\"inLanguage\":\"pt-BR\"},{\"@type\":\"Organization\",\"@id\":\"https:\/\/pharmacy-tlv.com\/#organization\",\"name\":\"Pharmacy TLV\",\"alternateName\":\"Pharmacy-TLV\",\"url\":\"https:\/\/pharmacy-tlv.com\/\",\"logo\":{\"@type\":\"ImageObject\",\"inLanguage\":\"pt-BR\",\"@id\":\"https:\/\/pharmacy-tlv.com\/#\/schema\/logo\/image\/\",\"url\":\"https:\/\/mlz1smk5t7q7.i.optimole.com\/cb:lQg3.de6\/w:auto\/h:auto\/q:mauto\/https:\/\/pharmacy-tlv.com\/wp-content\/uploads\/2025\/05\/pharmacy-white.png\",\"contentUrl\":\"https:\/\/mlz1smk5t7q7.i.optimole.com\/cb:lQg3.de6\/w:auto\/h:auto\/q:mauto\/https:\/\/pharmacy-tlv.com\/wp-content\/uploads\/2025\/05\/pharmacy-white.png\",\"width\":500,\"height\":500,\"caption\":\"Pharmacy TLV\"},\"image\":{\"@id\":\"https:\/\/pharmacy-tlv.com\/#\/schema\/logo\/image\/\"}}]}<\/script>\n<!-- \/ Yoast SEO plugin. -->","yoast_head_json":{"title":"Femoston 1\/10 mg (28t) - Comprar em Israel | Entrega r\u00e1pida!","description":"O Femoston 1\/10 mg \u00e9 uma terapia de reposi\u00e7\u00e3o hormonal para mulheres. Combina estradiol e didrogesterona para aliviar os sintomas da menopausa e prevenir a osteoporose.","robots":{"index":"index","follow":"follow","max-snippet":"max-snippet:-1","max-image-preview":"max-image-preview:large","max-video-preview":"max-video-preview:-1"},"canonical":"https:\/\/pharmacy-tlv.com\/pt\/loja\/contraceptivos-hormonais\/femoston-28t-10-mg-1\/","og_locale":"pt_BR","og_type":"article","og_title":"Femoston 1\/10 mg (28t) - Buy in Israel | Fast Delivery!","og_description":"Femoston 1\/10 mg is a hormone replacement therapy for women. Combines estradiol and dydrogesterone to relieve menopause symptoms and prevent osteoporosis.","og_url":"https:\/\/pharmacy-tlv.com\/pt\/loja\/contraceptivos-hormonais\/femoston-28t-10-mg-1\/","og_site_name":"Pharmacy TLV","og_image":[{"width":1024,"height":683,"url":"https:\/\/mlz1smk5t7q7.i.optimole.com\/cb:lQg3.de6\/w:1024\/h:683\/q:mauto\/https:\/\/pharmacy-tlv.com\/wp-content\/uploads\/2025\/06\/femoston-israel-1.png","type":"image\/png"}],"twitter_card":"summary_large_image","twitter_misc":{"Est. tempo de leitura":"1 minuto"},"schema":{"@context":"https:\/\/schema.org","@graph":[{"@type":"WebPage","@id":"https:\/\/pharmacy-tlv.com\/shop\/hormonal-contraceptives\/femoston-28t-10-mg-1\/","url":"https:\/\/pharmacy-tlv.com\/shop\/hormonal-contraceptives\/femoston-28t-10-mg-1\/","name":"Femoston 1\/10 mg (28t) - Comprar em Israel | Entrega r\u00e1pida!","isPartOf":{"@id":"https:\/\/pharmacy-tlv.com\/#website"},"primaryImageOfPage":{"@id":"https:\/\/pharmacy-tlv.com\/shop\/hormonal-contraceptives\/femoston-28t-10-mg-1\/#primaryimage"},"image":{"@id":"https:\/\/pharmacy-tlv.com\/shop\/hormonal-contraceptives\/femoston-28t-10-mg-1\/#primaryimage"},"thumbnailUrl":"https:\/\/mlz1smk5t7q7.i.optimole.com\/cb:lQg3.de6\/w:auto\/h:auto\/q:mauto\/https:\/\/pharmacy-tlv.com\/wp-content\/uploads\/2025\/06\/femoston-israel-1.png","datePublished":"2025-06-30T12:03:06+00:00","description":"O Femoston 1\/10 mg \u00e9 uma terapia de reposi\u00e7\u00e3o hormonal para mulheres. Combina estradiol e didrogesterona para aliviar os sintomas da menopausa e prevenir a osteoporose.","breadcrumb":{"@id":"https:\/\/pharmacy-tlv.com\/shop\/hormonal-contraceptives\/femoston-28t-10-mg-1\/#breadcrumb"},"inLanguage":"pt-BR","potentialAction":[{"@type":"ReadAction","target":["https:\/\/pharmacy-tlv.com\/shop\/hormonal-contraceptives\/femoston-28t-10-mg-1\/"]}]},{"@type":"ImageObject","inLanguage":"pt-BR","@id":"https:\/\/pharmacy-tlv.com\/shop\/hormonal-contraceptives\/femoston-28t-10-mg-1\/#primaryimage","url":"https:\/\/mlz1smk5t7q7.i.optimole.com\/cb:lQg3.de6\/w:auto\/h:auto\/q:mauto\/https:\/\/pharmacy-tlv.com\/wp-content\/uploads\/2025\/06\/femoston-israel-1.png","contentUrl":"https:\/\/mlz1smk5t7q7.i.optimole.com\/cb:lQg3.de6\/w:auto\/h:auto\/q:mauto\/https:\/\/pharmacy-tlv.com\/wp-content\/uploads\/2025\/06\/femoston-israel-1.png","width":1536,"height":1024,"caption":"femoston israel"},{"@type":"BreadcrumbList","@id":"https:\/\/pharmacy-tlv.com\/shop\/hormonal-contraceptives\/femoston-28t-10-mg-1\/#breadcrumb","itemListElement":[{"@type":"ListItem","position":1,"name":"Home","item":"https:\/\/pharmacy-tlv.com\/"},{"@type":"ListItem","position":2,"name":"Medications","item":"https:\/\/pharmacy-tlv.com\/shop\/"},{"@type":"ListItem","position":3,"name":"Femoston 1\/10 mg (28t)"}]},{"@type":"WebSite","@id":"https:\/\/pharmacy-tlv.com\/#website","url":"https:\/\/pharmacy-tlv.com\/","name":"Farm\u00e1cia TLV","description":"Medicamentos israelenses de confian\u00e7a","publisher":{"@id":"https:\/\/pharmacy-tlv.com\/#organization"},"alternateName":"Pharmacy-TLV","potentialAction":[{"@type":"SearchAction","target":{"@type":"EntryPoint","urlTemplate":"https:\/\/pharmacy-tlv.com\/?s={search_term_string}"},"query-input":{"@type":"PropertyValueSpecification","valueRequired":true,"valueName":"search_term_string"}}],"inLanguage":"pt-BR"},{"@type":"Organization","@id":"https:\/\/pharmacy-tlv.com\/#organization","name":"Farm\u00e1cia TLV","alternateName":"Pharmacy-TLV","url":"https:\/\/pharmacy-tlv.com\/","logo":{"@type":"ImageObject","inLanguage":"pt-BR","@id":"https:\/\/pharmacy-tlv.com\/#\/schema\/logo\/image\/","url":"https:\/\/mlz1smk5t7q7.i.optimole.com\/cb:lQg3.de6\/w:auto\/h:auto\/q:mauto\/https:\/\/pharmacy-tlv.com\/wp-content\/uploads\/2025\/05\/pharmacy-white.png","contentUrl":"https:\/\/mlz1smk5t7q7.i.optimole.com\/cb:lQg3.de6\/w:auto\/h:auto\/q:mauto\/https:\/\/pharmacy-tlv.com\/wp-content\/uploads\/2025\/05\/pharmacy-white.png","width":500,"height":500,"caption":"Pharmacy TLV"},"image":{"@id":"https:\/\/pharmacy-tlv.com\/#\/schema\/logo\/image\/"}}]}},"_links":{"self":[{"href":"https:\/\/pharmacy-tlv.com\/pt\/wp-json\/wp\/v2\/product\/1875","targetHints":{"allow":["GET"]}}],"collection":[{"href":"https:\/\/pharmacy-tlv.com\/pt\/wp-json\/wp\/v2\/product"}],"about":[{"href":"https:\/\/pharmacy-tlv.com\/pt\/wp-json\/wp\/v2\/types\/product"}],"wp:featuredmedia":[{"embeddable":true,"href":"https:\/\/pharmacy-tlv.com\/pt\/wp-json\/wp\/v2\/media\/1860"}],"wp:attachment":[{"href":"https:\/\/pharmacy-tlv.com\/pt\/wp-json\/wp\/v2\/media?parent=1875"}],"wp:term":[{"taxonomy":"product_brand","embeddable":true,"href":"https:\/\/pharmacy-tlv.com\/pt\/wp-json\/wp\/v2\/product_brand?post=1875"},{"taxonomy":"product_cat","embeddable":true,"href":"https:\/\/pharmacy-tlv.com\/pt\/wp-json\/wp\/v2\/product_cat?post=1875"},{"taxonomy":"product_tag","embeddable":true,"href":"https:\/\/pharmacy-tlv.com\/pt\/wp-json\/wp\/v2\/product_tag?post=1875"}],"curies":[{"name":"wp","href":"https:\/\/api.w.org\/{rel}","templated":true}]}}