{"id":1872,"date":"2025-06-30T10:33:34","date_gmt":"2025-06-30T10:33:34","guid":{"rendered":"https:\/\/pharmacy-tlv.com\/?post_type=product&#038;p=1872"},"modified":"2025-06-30T10:33:34","modified_gmt":"2025-06-30T10:33:34","slug":"adaferin-cream","status":"publish","type":"product","link":"https:\/\/pharmacy-tlv.com\/pt\/loja\/anti-inflamatorio\/adaferin-cream\/","title":{"rendered":"Adaferin Creme"},"content":{"rendered":"<p data-start=\"93\" data-end=\"116\"><strong data-start=\"93\" data-end=\"116\">Adaferin Creme 0,1%<\/strong><\/p>\n<p data-start=\"118\" data-end=\"381\"><strong data-start=\"118\" data-end=\"133\">Aplicativo<\/strong><br data-start=\"133\" data-end=\"136\" \/>Usado para o tratamento de acne (espinhas) em adolescentes e adultos<br data-start=\"200\" data-end=\"203\" \/>Especialmente eficaz para formas inflamat\u00f3rias e comedais de acne<br data-start=\"268\" data-end=\"271\" \/>Adequado para uso t\u00f3pico no rosto, nas costas e no peito<br data-start=\"324\" data-end=\"327\" \/>Prescrito por dermatologistas para acne leve a moderada<\/p>\n<p data-start=\"383\" data-end=\"616\"><strong data-start=\"383\" data-end=\"393\">Causas<\/strong><br data-start=\"393\" data-end=\"396\" \/>Altera\u00e7\u00f5es hormonais, aumento da oleosidade da pele, poros obstru\u00eddos<br data-start=\"452\" data-end=\"455\" \/>Infec\u00e7\u00e3o das gl\u00e2ndulas seb\u00e1ceas por bact\u00e9rias, processos inflamat\u00f3rios<br data-start=\"520\" data-end=\"523\" \/>Cuidados inadequados com a pele, estresse, dieta<br data-start=\"554\" data-end=\"557\" \/>Parte de um tratamento abrangente para v\u00e1rios tipos de acne<\/p>\n<p data-start=\"618\" data-end=\"948\"><strong data-start=\"618\" data-end=\"644\">Propriedades terap\u00eauticas<\/strong><br data-start=\"644\" data-end=\"647\" \/>O ingrediente ativo adapaleno regula a queratiniza\u00e7\u00e3o e reduz a inflama\u00e7\u00e3o<br data-start=\"728\" data-end=\"731\" \/>Ajuda a desobstruir os poros e reduz cravos e espinhas<br data-start=\"784\" data-end=\"787\" \/>Previne novas erup\u00e7\u00f5es cut\u00e2neas e normaliza a produ\u00e7\u00e3o de sebo<br data-start=\"841\" data-end=\"844\" \/>Tem um efeito suave, sem efeitos colaterais sist\u00eamicos<br data-start=\"893\" data-end=\"896\" \/>Adequado para uso prolongado sob supervis\u00e3o m\u00e9dica<\/p>\n<p data-start=\"950\" data-end=\"996\"><strong data-start=\"950\" data-end=\"965\">Forma de dosagem<\/strong><br data-start=\"965\" data-end=\"968\" \/>Creme t\u00f3pico<br data-start=\"981\" data-end=\"984\" \/>Tubo de 30 g<\/p>\n<p data-start=\"998\" data-end=\"1025\"><strong data-start=\"998\" data-end=\"1014\">Fabricante<\/strong><br data-start=\"1014\" data-end=\"1017\" \/>Galderma<\/p>\n<p data-start=\"1027\" data-end=\"1080\"><strong data-start=\"1027\" data-end=\"1049\">Ingredientes ativos<\/strong><br data-start=\"1049\" data-end=\"1052\" \/>Adapaleno - 0,1%<br data-start=\"1068\" data-end=\"1071\" \/>Adapaleno<\/p>","protected":false},"excerpt":{"rendered":"<p>Creme t\u00f3pico para tratamento da acne com adapaleno. Limpa os poros, reduz a inflama\u00e7\u00e3o e evita novas erup\u00e7\u00f5es.<\/p>","protected":false},"featured_media":1870,"template":"","meta":[],"product_brand":[],"product_cat":[47,38],"product_tag":[],"class_list":{"0":"post-1872","1":"product","2":"type-product","3":"status-publish","4":"has-post-thumbnail","6":"product_cat-all-medications","7":"product_cat-anti-inflammatory","9":"first","10":"instock","11":"shipping-taxable","12":"purchasable","13":"product-type-simple"},"yoast_head":"<!-- This site is optimized with the Yoast SEO plugin v25.1 - https:\/\/yoast.com\/wordpress\/plugins\/seo\/ -->\n<title>Adaferin Cream - Buy in Israel | Fast Delivery!<\/title>\n<meta name=\"description\" content=\"Adaferin Cream 0.1% is an effective treatment for acne in teens and adults. Contains adapalene to reduce inflammation and unclog pores.\" \/>\n<meta name=\"robots\" content=\"index, follow, max-snippet:-1, max-image-preview:large, max-video-preview:-1\" \/>\n<link rel=\"canonical\" href=\"https:\/\/pharmacy-tlv.com\/pt\/loja\/anti-inflamatorio\/adaferin-cream\/\" \/>\n<meta property=\"og:locale\" content=\"pt_BR\" \/>\n<meta property=\"og:type\" content=\"article\" \/>\n<meta property=\"og:title\" content=\"Adaferin Cream - Buy in Israel | Fast Delivery!\" \/>\n<meta property=\"og:description\" content=\"Adaferin Cream 0.1% is an effective treatment for acne in teens and adults. Contains adapalene to reduce inflammation and unclog pores.\" \/>\n<meta property=\"og:url\" content=\"https:\/\/pharmacy-tlv.com\/pt\/loja\/anti-inflamatorio\/adaferin-cream\/\" \/>\n<meta property=\"og:site_name\" content=\"Pharmacy TLV\" \/>\n<meta property=\"og:image\" content=\"https:\/\/mlz1smk5t7q7.i.optimole.com\/cb:lQg3.de6\/w:auto\/h:auto\/q:mauto\/https:\/\/pharmacy-tlv.com\/wp-content\/uploads\/2025\/06\/аdaferin-israel.png\" \/>\n\t<meta property=\"og:image:width\" content=\"1536\" \/>\n\t<meta property=\"og:image:height\" content=\"1024\" \/>\n\t<meta property=\"og:image:type\" content=\"image\/png\" \/>\n<meta name=\"twitter:card\" content=\"summary_large_image\" \/>\n<meta name=\"twitter:label1\" content=\"Est. tempo de leitura\" \/>\n\t<meta name=\"twitter:data1\" content=\"1 minuto\" \/>\n<script type=\"application\/ld+json\" class=\"yoast-schema-graph\">{\"@context\":\"https:\/\/schema.org\",\"@graph\":[{\"@type\":\"WebPage\",\"@id\":\"https:\/\/pharmacy-tlv.com\/shop\/anti-inflammatory\/adaferin-cream\/\",\"url\":\"https:\/\/pharmacy-tlv.com\/shop\/anti-inflammatory\/adaferin-cream\/\",\"name\":\"Adaferin Cream - Buy in Israel | Fast Delivery!\",\"isPartOf\":{\"@id\":\"https:\/\/pharmacy-tlv.com\/#website\"},\"primaryImageOfPage\":{\"@id\":\"https:\/\/pharmacy-tlv.com\/shop\/anti-inflammatory\/adaferin-cream\/#primaryimage\"},\"image\":{\"@id\":\"https:\/\/pharmacy-tlv.com\/shop\/anti-inflammatory\/adaferin-cream\/#primaryimage\"},\"thumbnailUrl\":\"https:\/\/mlz1smk5t7q7.i.optimole.com\/cb:lQg3.de6\/w:auto\/h:auto\/q:mauto\/https:\/\/pharmacy-tlv.com\/wp-content\/uploads\/2025\/06\/аdaferin-israel.png\",\"datePublished\":\"2025-06-30T10:33:34+00:00\",\"description\":\"Adaferin Cream 0.1% is an effective treatment for acne in teens and adults. Contains adapalene to reduce inflammation and unclog pores.\",\"breadcrumb\":{\"@id\":\"https:\/\/pharmacy-tlv.com\/shop\/anti-inflammatory\/adaferin-cream\/#breadcrumb\"},\"inLanguage\":\"pt-BR\",\"potentialAction\":[{\"@type\":\"ReadAction\",\"target\":[\"https:\/\/pharmacy-tlv.com\/shop\/anti-inflammatory\/adaferin-cream\/\"]}]},{\"@type\":\"ImageObject\",\"inLanguage\":\"pt-BR\",\"@id\":\"https:\/\/pharmacy-tlv.com\/shop\/anti-inflammatory\/adaferin-cream\/#primaryimage\",\"url\":\"https:\/\/mlz1smk5t7q7.i.optimole.com\/cb:lQg3.de6\/w:auto\/h:auto\/q:mauto\/https:\/\/pharmacy-tlv.com\/wp-content\/uploads\/2025\/06\/аdaferin-israel.png\",\"contentUrl\":\"https:\/\/mlz1smk5t7q7.i.optimole.com\/cb:lQg3.de6\/w:auto\/h:auto\/q:mauto\/https:\/\/pharmacy-tlv.com\/wp-content\/uploads\/2025\/06\/аdaferin-israel.png\",\"width\":1536,\"height\":1024,\"caption\":\"\u0430daferin israel\"},{\"@type\":\"BreadcrumbList\",\"@id\":\"https:\/\/pharmacy-tlv.com\/shop\/anti-inflammatory\/adaferin-cream\/#breadcrumb\",\"itemListElement\":[{\"@type\":\"ListItem\",\"position\":1,\"name\":\"Home\",\"item\":\"https:\/\/pharmacy-tlv.com\/\"},{\"@type\":\"ListItem\",\"position\":2,\"name\":\"Medications\",\"item\":\"https:\/\/pharmacy-tlv.com\/shop\/\"},{\"@type\":\"ListItem\",\"position\":3,\"name\":\"Adaferin Cream\"}]},{\"@type\":\"WebSite\",\"@id\":\"https:\/\/pharmacy-tlv.com\/#website\",\"url\":\"https:\/\/pharmacy-tlv.com\/\",\"name\":\"Pharmacy TLV\",\"description\":\"Trusted Israeli Medications\",\"publisher\":{\"@id\":\"https:\/\/pharmacy-tlv.com\/#organization\"},\"alternateName\":\"Pharmacy-TLV\",\"potentialAction\":[{\"@type\":\"SearchAction\",\"target\":{\"@type\":\"EntryPoint\",\"urlTemplate\":\"https:\/\/pharmacy-tlv.com\/?s={search_term_string}\"},\"query-input\":{\"@type\":\"PropertyValueSpecification\",\"valueRequired\":true,\"valueName\":\"search_term_string\"}}],\"inLanguage\":\"pt-BR\"},{\"@type\":\"Organization\",\"@id\":\"https:\/\/pharmacy-tlv.com\/#organization\",\"name\":\"Pharmacy TLV\",\"alternateName\":\"Pharmacy-TLV\",\"url\":\"https:\/\/pharmacy-tlv.com\/\",\"logo\":{\"@type\":\"ImageObject\",\"inLanguage\":\"pt-BR\",\"@id\":\"https:\/\/pharmacy-tlv.com\/#\/schema\/logo\/image\/\",\"url\":\"https:\/\/mlz1smk5t7q7.i.optimole.com\/cb:lQg3.de6\/w:auto\/h:auto\/q:mauto\/https:\/\/pharmacy-tlv.com\/wp-content\/uploads\/2025\/05\/pharmacy-white.png\",\"contentUrl\":\"https:\/\/mlz1smk5t7q7.i.optimole.com\/cb:lQg3.de6\/w:auto\/h:auto\/q:mauto\/https:\/\/pharmacy-tlv.com\/wp-content\/uploads\/2025\/05\/pharmacy-white.png\",\"width\":500,\"height\":500,\"caption\":\"Pharmacy TLV\"},\"image\":{\"@id\":\"https:\/\/pharmacy-tlv.com\/#\/schema\/logo\/image\/\"}}]}<\/script>\n<!-- \/ Yoast SEO plugin. -->","yoast_head_json":{"title":"Adaferin Cream - Comprar em Israel | Entrega r\u00e1pida!","description":"O Adaferin Cream 0,1% \u00e9 um tratamento eficaz para acne em adolescentes e adultos. Cont\u00e9m adapaleno para reduzir a inflama\u00e7\u00e3o e desobstruir os poros.","robots":{"index":"index","follow":"follow","max-snippet":"max-snippet:-1","max-image-preview":"max-image-preview:large","max-video-preview":"max-video-preview:-1"},"canonical":"https:\/\/pharmacy-tlv.com\/pt\/loja\/anti-inflamatorio\/adaferin-cream\/","og_locale":"pt_BR","og_type":"article","og_title":"Adaferin Cream - Buy in Israel | Fast Delivery!","og_description":"Adaferin Cream 0.1% is an effective treatment for acne in teens and adults. Contains adapalene to reduce inflammation and unclog pores.","og_url":"https:\/\/pharmacy-tlv.com\/pt\/loja\/anti-inflamatorio\/adaferin-cream\/","og_site_name":"Pharmacy TLV","og_image":[{"width":1536,"height":1024,"url":"https:\/\/mlz1smk5t7q7.i.optimole.com\/cb:lQg3.de6\/w:auto\/h:auto\/q:mauto\/https:\/\/pharmacy-tlv.com\/wp-content\/uploads\/2025\/06\/аdaferin-israel.png","type":"image\/png"}],"twitter_card":"summary_large_image","twitter_misc":{"Est. tempo de leitura":"1 minuto"},"schema":{"@context":"https:\/\/schema.org","@graph":[{"@type":"WebPage","@id":"https:\/\/pharmacy-tlv.com\/shop\/anti-inflammatory\/adaferin-cream\/","url":"https:\/\/pharmacy-tlv.com\/shop\/anti-inflammatory\/adaferin-cream\/","name":"Adaferin Cream - Comprar em Israel | Entrega r\u00e1pida!","isPartOf":{"@id":"https:\/\/pharmacy-tlv.com\/#website"},"primaryImageOfPage":{"@id":"https:\/\/pharmacy-tlv.com\/shop\/anti-inflammatory\/adaferin-cream\/#primaryimage"},"image":{"@id":"https:\/\/pharmacy-tlv.com\/shop\/anti-inflammatory\/adaferin-cream\/#primaryimage"},"thumbnailUrl":"https:\/\/mlz1smk5t7q7.i.optimole.com\/cb:lQg3.de6\/w:auto\/h:auto\/q:mauto\/https:\/\/pharmacy-tlv.com\/wp-content\/uploads\/2025\/06\/аdaferin-israel.png","datePublished":"2025-06-30T10:33:34+00:00","description":"O Adaferin Cream 0,1% \u00e9 um tratamento eficaz para acne em adolescentes e adultos. Cont\u00e9m adapaleno para reduzir a inflama\u00e7\u00e3o e desobstruir os poros.","breadcrumb":{"@id":"https:\/\/pharmacy-tlv.com\/shop\/anti-inflammatory\/adaferin-cream\/#breadcrumb"},"inLanguage":"pt-BR","potentialAction":[{"@type":"ReadAction","target":["https:\/\/pharmacy-tlv.com\/shop\/anti-inflammatory\/adaferin-cream\/"]}]},{"@type":"ImageObject","inLanguage":"pt-BR","@id":"https:\/\/pharmacy-tlv.com\/shop\/anti-inflammatory\/adaferin-cream\/#primaryimage","url":"https:\/\/mlz1smk5t7q7.i.optimole.com\/cb:lQg3.de6\/w:auto\/h:auto\/q:mauto\/https:\/\/pharmacy-tlv.com\/wp-content\/uploads\/2025\/06\/аdaferin-israel.png","contentUrl":"https:\/\/mlz1smk5t7q7.i.optimole.com\/cb:lQg3.de6\/w:auto\/h:auto\/q:mauto\/https:\/\/pharmacy-tlv.com\/wp-content\/uploads\/2025\/06\/аdaferin-israel.png","width":1536,"height":1024,"caption":"\u0430daferin israel"},{"@type":"BreadcrumbList","@id":"https:\/\/pharmacy-tlv.com\/shop\/anti-inflammatory\/adaferin-cream\/#breadcrumb","itemListElement":[{"@type":"ListItem","position":1,"name":"Home","item":"https:\/\/pharmacy-tlv.com\/"},{"@type":"ListItem","position":2,"name":"Medications","item":"https:\/\/pharmacy-tlv.com\/shop\/"},{"@type":"ListItem","position":3,"name":"Adaferin Cream"}]},{"@type":"WebSite","@id":"https:\/\/pharmacy-tlv.com\/#website","url":"https:\/\/pharmacy-tlv.com\/","name":"Farm\u00e1cia TLV","description":"Medicamentos israelenses de confian\u00e7a","publisher":{"@id":"https:\/\/pharmacy-tlv.com\/#organization"},"alternateName":"Pharmacy-TLV","potentialAction":[{"@type":"SearchAction","target":{"@type":"EntryPoint","urlTemplate":"https:\/\/pharmacy-tlv.com\/?s={search_term_string}"},"query-input":{"@type":"PropertyValueSpecification","valueRequired":true,"valueName":"search_term_string"}}],"inLanguage":"pt-BR"},{"@type":"Organization","@id":"https:\/\/pharmacy-tlv.com\/#organization","name":"Farm\u00e1cia TLV","alternateName":"Pharmacy-TLV","url":"https:\/\/pharmacy-tlv.com\/","logo":{"@type":"ImageObject","inLanguage":"pt-BR","@id":"https:\/\/pharmacy-tlv.com\/#\/schema\/logo\/image\/","url":"https:\/\/mlz1smk5t7q7.i.optimole.com\/cb:lQg3.de6\/w:auto\/h:auto\/q:mauto\/https:\/\/pharmacy-tlv.com\/wp-content\/uploads\/2025\/05\/pharmacy-white.png","contentUrl":"https:\/\/mlz1smk5t7q7.i.optimole.com\/cb:lQg3.de6\/w:auto\/h:auto\/q:mauto\/https:\/\/pharmacy-tlv.com\/wp-content\/uploads\/2025\/05\/pharmacy-white.png","width":500,"height":500,"caption":"Pharmacy TLV"},"image":{"@id":"https:\/\/pharmacy-tlv.com\/#\/schema\/logo\/image\/"}}]}},"_links":{"self":[{"href":"https:\/\/pharmacy-tlv.com\/pt\/wp-json\/wp\/v2\/product\/1872","targetHints":{"allow":["GET"]}}],"collection":[{"href":"https:\/\/pharmacy-tlv.com\/pt\/wp-json\/wp\/v2\/product"}],"about":[{"href":"https:\/\/pharmacy-tlv.com\/pt\/wp-json\/wp\/v2\/types\/product"}],"wp:featuredmedia":[{"embeddable":true,"href":"https:\/\/pharmacy-tlv.com\/pt\/wp-json\/wp\/v2\/media\/1870"}],"wp:attachment":[{"href":"https:\/\/pharmacy-tlv.com\/pt\/wp-json\/wp\/v2\/media?parent=1872"}],"wp:term":[{"taxonomy":"product_brand","embeddable":true,"href":"https:\/\/pharmacy-tlv.com\/pt\/wp-json\/wp\/v2\/product_brand?post=1872"},{"taxonomy":"product_cat","embeddable":true,"href":"https:\/\/pharmacy-tlv.com\/pt\/wp-json\/wp\/v2\/product_cat?post=1872"},{"taxonomy":"product_tag","embeddable":true,"href":"https:\/\/pharmacy-tlv.com\/pt\/wp-json\/wp\/v2\/product_tag?post=1872"}],"curies":[{"name":"wp","href":"https:\/\/api.w.org\/{rel}","templated":true}]}}