{"id":1864,"date":"2025-06-27T15:38:01","date_gmt":"2025-06-27T15:38:01","guid":{"rendered":"https:\/\/pharmacy-tlv.com\/?post_type=product&#038;p=1864"},"modified":"2025-06-30T12:03:27","modified_gmt":"2025-06-30T12:03:27","slug":"vermox-suspension-30ml","status":"publish","type":"product","link":"https:\/\/pharmacy-tlv.com\/pt\/loja\/saude-geral\/vermox-suspension-30ml\/","title":{"rendered":"Vermox Suspens\u00e3o 30ml"},"content":{"rendered":"<p data-start=\"74\" data-end=\"401\"><strong data-start=\"74\" data-end=\"95\">Vermox Suspens\u00e3o<br \/>\n<\/strong><br data-start=\"95\" data-end=\"98\" \/><strong data-start=\"98\" data-end=\"107\">Uso<\/strong><br data-start=\"107\" data-end=\"110\" \/>Usado para o tratamento de infec\u00e7\u00f5es parasit\u00e1rias intestinais em crian\u00e7as e adultos.<br data-start=\"191\" data-end=\"194\" \/>Eficaz contra enterob\u00edase (vermes), ascarid\u00edase, tricocefalose e outras helmint\u00edases.<br data-start=\"291\" data-end=\"294\" \/>Adequado para crian\u00e7as devido \u00e0 sua forma l\u00edquida.<br data-start=\"339\" data-end=\"342\" \/>Usado conforme prescrito por um m\u00e9dico como parte da desparasita\u00e7\u00e3o familiar.<\/p>\n<p data-start=\"403\" data-end=\"693\"><strong data-start=\"403\" data-end=\"413\">Causas<\/strong><br data-start=\"413\" data-end=\"416\" \/>Infec\u00e7\u00e3o por helmintos (vermes) por meio de m\u00e3os n\u00e3o lavadas, alimentos e contato com pessoas infectadas.<br data-start=\"507\" data-end=\"510\" \/>Sintomas: coceira ao redor do \u00e2nus, dor abdominal, irregularidades nas fezes.<br data-start=\"582\" data-end=\"585\" \/>Preven\u00e7\u00e3o de infec\u00e7\u00f5es repetidas na fam\u00edlia.<br data-start=\"637\" data-end=\"640\" \/>Viola\u00e7\u00f5es de higiene e presen\u00e7a em grupos de crian\u00e7as.<\/p>\n<p data-start=\"695\" data-end=\"1035\"><strong data-start=\"695\" data-end=\"719\">Propriedades do tratamento<\/strong><br data-start=\"719\" data-end=\"722\" \/>O ingrediente ativo mebendazol paralisa e destr\u00f3i os parasitas intestinais.<br data-start=\"800\" data-end=\"803\" \/>Quase n\u00e3o \u00e9 absorvido pela corrente sangu\u00ednea - age localmente nos intestinos.<br data-start=\"877\" data-end=\"880\" \/>Expuls\u00e3o suave e eficaz de helmintos.<br data-start=\"924\" data-end=\"927\" \/>Baixa toxicidade, seguro com a dosagem adequada.<br data-start=\"965\" data-end=\"968\" \/>Adequado para crian\u00e7as a partir de 1 ano de idade (por recomenda\u00e7\u00e3o m\u00e9dica).<\/p>\n<p data-start=\"1037\" data-end=\"1114\"><strong data-start=\"1037\" data-end=\"1052\">Forma de dosagem<\/strong><br data-start=\"1052\" data-end=\"1055\" \/>Suspens\u00e3o oral.<br data-start=\"1071\" data-end=\"1074\" \/>Frasco de 30 ml com um dispensador de medi\u00e7\u00e3o.<\/p>\n<p data-start=\"1116\" data-end=\"1162\"><strong data-start=\"1116\" data-end=\"1132\">Fabricante<\/strong><br data-start=\"1132\" data-end=\"1135\" \/>Janssen (Johnson &amp; Johnson)<\/p>\n<p data-start=\"1164\" data-end=\"1230\"><strong data-start=\"1164\" data-end=\"1186\">Ingredientes ativos<\/strong><br data-start=\"1186\" data-end=\"1189\" \/>Mebendazol - 100 mg \/ 5 ml<br data-start=\"1216\" data-end=\"1219\" \/>Mebendazol<\/p>\n<p data-start=\"1232\" data-end=\"1368\"><em>#Vermox #Antelm\u00edntico #AntiWorm #Parasitas #Mebendazol #Comedicamentos para crian\u00e7as #Janssen #MedicamentosIsrael #OnlinePharmacy #VermoxSuspens\u00e3o<\/em><\/p>","protected":false},"excerpt":{"rendered":"<p>Um anti-helm\u00edntico \u00e0 base de mebendazol. Eficaz contra vermes e lombrigas. Suspens\u00e3o para crian\u00e7as e adultos.<\/p>","protected":false},"featured_media":1865,"template":"","meta":[],"product_brand":[],"product_cat":[47,33],"product_tag":[],"class_list":{"0":"post-1864","1":"product","2":"type-product","3":"status-publish","4":"has-post-thumbnail","6":"product_cat-all-medications","7":"product_cat-general-health","9":"first","10":"instock","11":"shipping-taxable","12":"purchasable","13":"product-type-simple"},"yoast_head":"<!-- This site is optimized with the Yoast SEO plugin v25.1 - https:\/\/yoast.com\/wordpress\/plugins\/seo\/ -->\n<title>Vermox Suspension 30ml - Buy in Israel | Fast Delivery!<\/title>\n<meta name=\"description\" content=\"An effective anti-worm agent based on mebendazole in a convenient liquid form. Suitable for children and adults. Manufacturer \u2014 Janssen.\" \/>\n<meta name=\"robots\" content=\"index, follow, max-snippet:-1, max-image-preview:large, max-video-preview:-1\" \/>\n<link rel=\"canonical\" href=\"https:\/\/pharmacy-tlv.com\/pt\/loja\/saude-geral\/vermox-suspension-30ml\/\" \/>\n<meta property=\"og:locale\" content=\"pt_BR\" \/>\n<meta property=\"og:type\" content=\"article\" \/>\n<meta property=\"og:title\" content=\"Vermox Suspension 30ml - Buy in Israel | Fast Delivery!\" \/>\n<meta property=\"og:description\" content=\"An effective anti-worm agent based on mebendazole in a convenient liquid form. Suitable for children and adults. Manufacturer \u2014 Janssen.\" \/>\n<meta property=\"og:url\" content=\"https:\/\/pharmacy-tlv.com\/pt\/loja\/saude-geral\/vermox-suspension-30ml\/\" \/>\n<meta property=\"og:site_name\" content=\"Pharmacy TLV\" \/>\n<meta property=\"article:modified_time\" content=\"2025-06-30T12:03:27+00:00\" \/>\n<meta property=\"og:image\" content=\"https:\/\/mlz1smk5t7q7.i.optimole.com\/cb:lQg3.de6\/w:auto\/h:auto\/q:mauto\/https:\/\/pharmacy-tlv.com\/wp-content\/uploads\/2025\/06\/vermox-israel.png\" \/>\n\t<meta property=\"og:image:width\" content=\"1024\" \/>\n\t<meta property=\"og:image:height\" content=\"1536\" \/>\n\t<meta property=\"og:image:type\" content=\"image\/png\" \/>\n<meta name=\"twitter:card\" content=\"summary_large_image\" \/>\n<meta name=\"twitter:label1\" content=\"Est. tempo de leitura\" \/>\n\t<meta name=\"twitter:data1\" content=\"1 minuto\" \/>\n<script type=\"application\/ld+json\" class=\"yoast-schema-graph\">{\"@context\":\"https:\/\/schema.org\",\"@graph\":[{\"@type\":\"WebPage\",\"@id\":\"https:\/\/pharmacy-tlv.com\/shop\/general-health\/vermox-suspension-30ml\/\",\"url\":\"https:\/\/pharmacy-tlv.com\/shop\/general-health\/vermox-suspension-30ml\/\",\"name\":\"Vermox Suspension 30ml - Buy in Israel | Fast Delivery!\",\"isPartOf\":{\"@id\":\"https:\/\/pharmacy-tlv.com\/#website\"},\"primaryImageOfPage\":{\"@id\":\"https:\/\/pharmacy-tlv.com\/shop\/general-health\/vermox-suspension-30ml\/#primaryimage\"},\"image\":{\"@id\":\"https:\/\/pharmacy-tlv.com\/shop\/general-health\/vermox-suspension-30ml\/#primaryimage\"},\"thumbnailUrl\":\"https:\/\/mlz1smk5t7q7.i.optimole.com\/cb:lQg3.de6\/w:auto\/h:auto\/q:mauto\/https:\/\/pharmacy-tlv.com\/wp-content\/uploads\/2025\/06\/vermox-israel.png\",\"datePublished\":\"2025-06-27T15:38:01+00:00\",\"dateModified\":\"2025-06-30T12:03:27+00:00\",\"description\":\"An effective anti-worm agent based on mebendazole in a convenient liquid form. Suitable for children and adults. Manufacturer \u2014 Janssen.\",\"breadcrumb\":{\"@id\":\"https:\/\/pharmacy-tlv.com\/shop\/general-health\/vermox-suspension-30ml\/#breadcrumb\"},\"inLanguage\":\"pt-BR\",\"potentialAction\":[{\"@type\":\"ReadAction\",\"target\":[\"https:\/\/pharmacy-tlv.com\/shop\/general-health\/vermox-suspension-30ml\/\"]}]},{\"@type\":\"ImageObject\",\"inLanguage\":\"pt-BR\",\"@id\":\"https:\/\/pharmacy-tlv.com\/shop\/general-health\/vermox-suspension-30ml\/#primaryimage\",\"url\":\"https:\/\/mlz1smk5t7q7.i.optimole.com\/cb:lQg3.de6\/w:auto\/h:auto\/q:mauto\/https:\/\/pharmacy-tlv.com\/wp-content\/uploads\/2025\/06\/vermox-israel.png\",\"contentUrl\":\"https:\/\/mlz1smk5t7q7.i.optimole.com\/cb:lQg3.de6\/w:auto\/h:auto\/q:mauto\/https:\/\/pharmacy-tlv.com\/wp-content\/uploads\/2025\/06\/vermox-israel.png\",\"width\":1024,\"height\":1536,\"caption\":\"vermox israel\"},{\"@type\":\"BreadcrumbList\",\"@id\":\"https:\/\/pharmacy-tlv.com\/shop\/general-health\/vermox-suspension-30ml\/#breadcrumb\",\"itemListElement\":[{\"@type\":\"ListItem\",\"position\":1,\"name\":\"Home\",\"item\":\"https:\/\/pharmacy-tlv.com\/\"},{\"@type\":\"ListItem\",\"position\":2,\"name\":\"Medications\",\"item\":\"https:\/\/pharmacy-tlv.com\/shop\/\"},{\"@type\":\"ListItem\",\"position\":3,\"name\":\"Vermox Suspension 30ml\"}]},{\"@type\":\"WebSite\",\"@id\":\"https:\/\/pharmacy-tlv.com\/#website\",\"url\":\"https:\/\/pharmacy-tlv.com\/\",\"name\":\"Pharmacy TLV\",\"description\":\"Trusted Israeli Medications\",\"publisher\":{\"@id\":\"https:\/\/pharmacy-tlv.com\/#organization\"},\"alternateName\":\"Pharmacy-TLV\",\"potentialAction\":[{\"@type\":\"SearchAction\",\"target\":{\"@type\":\"EntryPoint\",\"urlTemplate\":\"https:\/\/pharmacy-tlv.com\/?s={search_term_string}\"},\"query-input\":{\"@type\":\"PropertyValueSpecification\",\"valueRequired\":true,\"valueName\":\"search_term_string\"}}],\"inLanguage\":\"pt-BR\"},{\"@type\":\"Organization\",\"@id\":\"https:\/\/pharmacy-tlv.com\/#organization\",\"name\":\"Pharmacy TLV\",\"alternateName\":\"Pharmacy-TLV\",\"url\":\"https:\/\/pharmacy-tlv.com\/\",\"logo\":{\"@type\":\"ImageObject\",\"inLanguage\":\"pt-BR\",\"@id\":\"https:\/\/pharmacy-tlv.com\/#\/schema\/logo\/image\/\",\"url\":\"https:\/\/mlz1smk5t7q7.i.optimole.com\/cb:lQg3.de6\/w:auto\/h:auto\/q:mauto\/https:\/\/pharmacy-tlv.com\/wp-content\/uploads\/2025\/05\/pharmacy-white.png\",\"contentUrl\":\"https:\/\/mlz1smk5t7q7.i.optimole.com\/cb:lQg3.de6\/w:auto\/h:auto\/q:mauto\/https:\/\/pharmacy-tlv.com\/wp-content\/uploads\/2025\/05\/pharmacy-white.png\",\"width\":500,\"height\":500,\"caption\":\"Pharmacy TLV\"},\"image\":{\"@id\":\"https:\/\/pharmacy-tlv.com\/#\/schema\/logo\/image\/\"}}]}<\/script>\n<!-- \/ Yoast SEO plugin. -->","yoast_head_json":{"title":"Vermox Suspension 30ml - Comprar em Israel | Entrega r\u00e1pida!","description":"Um agente antivermes eficaz \u00e0 base de mebendazol em uma forma l\u00edquida conveniente. Adequado para crian\u00e7as e adultos. Fabricante - Janssen.","robots":{"index":"index","follow":"follow","max-snippet":"max-snippet:-1","max-image-preview":"max-image-preview:large","max-video-preview":"max-video-preview:-1"},"canonical":"https:\/\/pharmacy-tlv.com\/pt\/loja\/saude-geral\/vermox-suspension-30ml\/","og_locale":"pt_BR","og_type":"article","og_title":"Vermox Suspension 30ml - Buy in Israel | Fast Delivery!","og_description":"An effective anti-worm agent based on mebendazole in a convenient liquid form. Suitable for children and adults. Manufacturer \u2014 Janssen.","og_url":"https:\/\/pharmacy-tlv.com\/pt\/loja\/saude-geral\/vermox-suspension-30ml\/","og_site_name":"Pharmacy TLV","article_modified_time":"2025-06-30T12:03:27+00:00","og_image":[{"width":1024,"height":1536,"url":"https:\/\/mlz1smk5t7q7.i.optimole.com\/cb:lQg3.de6\/w:auto\/h:auto\/q:mauto\/https:\/\/pharmacy-tlv.com\/wp-content\/uploads\/2025\/06\/vermox-israel.png","type":"image\/png"}],"twitter_card":"summary_large_image","twitter_misc":{"Est. tempo de leitura":"1 minuto"},"schema":{"@context":"https:\/\/schema.org","@graph":[{"@type":"WebPage","@id":"https:\/\/pharmacy-tlv.com\/shop\/general-health\/vermox-suspension-30ml\/","url":"https:\/\/pharmacy-tlv.com\/shop\/general-health\/vermox-suspension-30ml\/","name":"Vermox Suspension 30ml - Comprar em Israel | Entrega r\u00e1pida!","isPartOf":{"@id":"https:\/\/pharmacy-tlv.com\/#website"},"primaryImageOfPage":{"@id":"https:\/\/pharmacy-tlv.com\/shop\/general-health\/vermox-suspension-30ml\/#primaryimage"},"image":{"@id":"https:\/\/pharmacy-tlv.com\/shop\/general-health\/vermox-suspension-30ml\/#primaryimage"},"thumbnailUrl":"https:\/\/mlz1smk5t7q7.i.optimole.com\/cb:lQg3.de6\/w:auto\/h:auto\/q:mauto\/https:\/\/pharmacy-tlv.com\/wp-content\/uploads\/2025\/06\/vermox-israel.png","datePublished":"2025-06-27T15:38:01+00:00","dateModified":"2025-06-30T12:03:27+00:00","description":"Um agente antivermes eficaz \u00e0 base de mebendazol em uma forma l\u00edquida conveniente. Adequado para crian\u00e7as e adultos. Fabricante - Janssen.","breadcrumb":{"@id":"https:\/\/pharmacy-tlv.com\/shop\/general-health\/vermox-suspension-30ml\/#breadcrumb"},"inLanguage":"pt-BR","potentialAction":[{"@type":"ReadAction","target":["https:\/\/pharmacy-tlv.com\/shop\/general-health\/vermox-suspension-30ml\/"]}]},{"@type":"ImageObject","inLanguage":"pt-BR","@id":"https:\/\/pharmacy-tlv.com\/shop\/general-health\/vermox-suspension-30ml\/#primaryimage","url":"https:\/\/mlz1smk5t7q7.i.optimole.com\/cb:lQg3.de6\/w:auto\/h:auto\/q:mauto\/https:\/\/pharmacy-tlv.com\/wp-content\/uploads\/2025\/06\/vermox-israel.png","contentUrl":"https:\/\/mlz1smk5t7q7.i.optimole.com\/cb:lQg3.de6\/w:auto\/h:auto\/q:mauto\/https:\/\/pharmacy-tlv.com\/wp-content\/uploads\/2025\/06\/vermox-israel.png","width":1024,"height":1536,"caption":"vermox israel"},{"@type":"BreadcrumbList","@id":"https:\/\/pharmacy-tlv.com\/shop\/general-health\/vermox-suspension-30ml\/#breadcrumb","itemListElement":[{"@type":"ListItem","position":1,"name":"Home","item":"https:\/\/pharmacy-tlv.com\/"},{"@type":"ListItem","position":2,"name":"Medications","item":"https:\/\/pharmacy-tlv.com\/shop\/"},{"@type":"ListItem","position":3,"name":"Vermox Suspension 30ml"}]},{"@type":"WebSite","@id":"https:\/\/pharmacy-tlv.com\/#website","url":"https:\/\/pharmacy-tlv.com\/","name":"Farm\u00e1cia TLV","description":"Medicamentos israelenses de confian\u00e7a","publisher":{"@id":"https:\/\/pharmacy-tlv.com\/#organization"},"alternateName":"Pharmacy-TLV","potentialAction":[{"@type":"SearchAction","target":{"@type":"EntryPoint","urlTemplate":"https:\/\/pharmacy-tlv.com\/?s={search_term_string}"},"query-input":{"@type":"PropertyValueSpecification","valueRequired":true,"valueName":"search_term_string"}}],"inLanguage":"pt-BR"},{"@type":"Organization","@id":"https:\/\/pharmacy-tlv.com\/#organization","name":"Farm\u00e1cia TLV","alternateName":"Pharmacy-TLV","url":"https:\/\/pharmacy-tlv.com\/","logo":{"@type":"ImageObject","inLanguage":"pt-BR","@id":"https:\/\/pharmacy-tlv.com\/#\/schema\/logo\/image\/","url":"https:\/\/mlz1smk5t7q7.i.optimole.com\/cb:lQg3.de6\/w:auto\/h:auto\/q:mauto\/https:\/\/pharmacy-tlv.com\/wp-content\/uploads\/2025\/05\/pharmacy-white.png","contentUrl":"https:\/\/mlz1smk5t7q7.i.optimole.com\/cb:lQg3.de6\/w:auto\/h:auto\/q:mauto\/https:\/\/pharmacy-tlv.com\/wp-content\/uploads\/2025\/05\/pharmacy-white.png","width":500,"height":500,"caption":"Pharmacy TLV"},"image":{"@id":"https:\/\/pharmacy-tlv.com\/#\/schema\/logo\/image\/"}}]}},"_links":{"self":[{"href":"https:\/\/pharmacy-tlv.com\/pt\/wp-json\/wp\/v2\/product\/1864","targetHints":{"allow":["GET"]}}],"collection":[{"href":"https:\/\/pharmacy-tlv.com\/pt\/wp-json\/wp\/v2\/product"}],"about":[{"href":"https:\/\/pharmacy-tlv.com\/pt\/wp-json\/wp\/v2\/types\/product"}],"wp:featuredmedia":[{"embeddable":true,"href":"https:\/\/pharmacy-tlv.com\/pt\/wp-json\/wp\/v2\/media\/1865"}],"wp:attachment":[{"href":"https:\/\/pharmacy-tlv.com\/pt\/wp-json\/wp\/v2\/media?parent=1864"}],"wp:term":[{"taxonomy":"product_brand","embeddable":true,"href":"https:\/\/pharmacy-tlv.com\/pt\/wp-json\/wp\/v2\/product_brand?post=1864"},{"taxonomy":"product_cat","embeddable":true,"href":"https:\/\/pharmacy-tlv.com\/pt\/wp-json\/wp\/v2\/product_cat?post=1864"},{"taxonomy":"product_tag","embeddable":true,"href":"https:\/\/pharmacy-tlv.com\/pt\/wp-json\/wp\/v2\/product_tag?post=1864"}],"curies":[{"name":"wp","href":"https:\/\/api.w.org\/{rel}","templated":true}]}}