{"id":1403,"date":"2025-05-15T18:23:16","date_gmt":"2025-05-15T18:23:16","guid":{"rendered":"https:\/\/pharmacy-tlv.com\/?post_type=product&#038;p=1403"},"modified":"2025-05-23T13:01:30","modified_gmt":"2025-05-23T13:01:30","slug":"zaldiar-20t","status":"publish","type":"product","link":"https:\/\/pharmacy-tlv.com\/pt\/loja\/alivio-da-dor\/zaldiar-20t\/","title":{"rendered":"Zaldiar (20t)"},"content":{"rendered":"<p class=\"\" data-start=\"0\" data-end=\"20\">Zaldiar<\/p>\n<p class=\"\" data-start=\"22\" data-end=\"45\">Medicina<\/p>\n<p class=\"\" data-start=\"47\" data-end=\"233\"><strong>Uso<\/strong><br data-start=\"57\" data-end=\"60\" \/>Para o tratamento de curto prazo da dor moderada a grave, como dor ap\u00f3s cirurgia, les\u00e3o e dor na osteoartrite e outras doen\u00e7as musculoesquel\u00e9ticas.<\/p>\n<p class=\"\" data-start=\"235\" data-end=\"411\"><strong>Causa<\/strong><br data-start=\"242\" data-end=\"245\" \/>Dor aguda ap\u00f3s a cirurgia.<br data-start=\"290\" data-end=\"293\" \/>Dor associada a les\u00f5es (contus\u00f5es, entorses).<br data-start=\"340\" data-end=\"343\" \/>Dor na osteoartrite e em outras doen\u00e7as das articula\u00e7\u00f5es e da coluna vertebral.<\/p>\n<p class=\"\" data-start=\"413\" data-end=\"639\"><strong>Propriedade de tratamento<\/strong><br data-start=\"429\" data-end=\"432\" \/>Efeito analg\u00e9sico.<br data-start=\"456\" data-end=\"459\" \/>Uma combina\u00e7\u00e3o de medicamentos que combina os efeitos do paracetamol e do tramadol para aumentar o efeito.<br data-start=\"560\" data-end=\"563\" \/>Efeito anti-inflamat\u00f3rio que ajuda a reduzir a inflama\u00e7\u00e3o e o incha\u00e7o.<\/p>\n<p class=\"\" data-start=\"641\" data-end=\"694\">Tipo de medicamento<br data-start=\"654\" data-end=\"657\" \/>Comprimidos para uso oral.<\/p>\n<p class=\"\" data-start=\"696\" data-end=\"780\"><strong>Fabricante<\/strong><br data-start=\"709\" data-end=\"712\" \/>Gr\u00fcnenthal, Alemanha.<\/p>\n<p class=\"\" data-start=\"782\" data-end=\"884\"><strong>Ingredientes ativos<\/strong><br data-start=\"799\" data-end=\"802\" \/>Paracetamol (princ\u00edpio ativo principal).<br data-start=\"843\" data-end=\"846\" \/>Tramadol (princ\u00edpio ativo principal).<\/p>\n<p class=\"\" data-start=\"886\" data-end=\"944\">Paracetamol, Tramadol (ingredientes farmac\u00eauticos ativos).<\/p>\n<p class=\"\" data-start=\"946\" data-end=\"1121\"><em>#comprar Zaldiar em Israel, #Zaldiar em Israel, #Zaldiar Israel, #Zaldiar Israel, #comprar Zaldiar em Israel, #Zaldiar frete gr\u00e1tis, #Zaldiar frete gr\u00e1tis Israel<\/em><\/p>","protected":false},"excerpt":{"rendered":"<p>Analg\u00e9sico combinado da Gr\u00fcnenthal (paracetamol + tramadol) para o al\u00edvio eficaz da dor moderada a intensa ap\u00f3s opera\u00e7\u00f5es, les\u00f5es e doen\u00e7as articulares.<\/p>","protected":false},"featured_media":1026,"template":"","meta":[],"product_brand":[],"product_cat":[47,32],"product_tag":[],"class_list":{"0":"post-1403","1":"product","2":"type-product","3":"status-publish","4":"has-post-thumbnail","6":"product_cat-all-medications","7":"product_cat-pain-relief","9":"first","10":"instock","11":"shipping-taxable","12":"purchasable","13":"product-type-simple"},"yoast_head":"<!-- This site is optimized with the Yoast SEO plugin v25.1 - https:\/\/yoast.com\/wordpress\/plugins\/seo\/ -->\n<title>Zaldiar (20t) - Buy in Israel | Fast Delivery!<\/title>\n<meta name=\"description\" content=\"Combined pain reliever from Gr\u00fcnenthal (paracetamol + tramadol) for effective relief of moderate to severe pain after operations, injuries and joint diseases.\" \/>\n<meta name=\"robots\" content=\"index, follow, max-snippet:-1, max-image-preview:large, max-video-preview:-1\" \/>\n<link rel=\"canonical\" href=\"https:\/\/pharmacy-tlv.com\/pt\/loja\/alivio-da-dor\/zaldiar-20t\/\" \/>\n<meta property=\"og:locale\" content=\"pt_BR\" \/>\n<meta property=\"og:type\" content=\"article\" \/>\n<meta property=\"og:title\" content=\"Zaldiar (20t) - Buy in Israel | Fast Delivery!\" \/>\n<meta property=\"og:description\" content=\"Combined pain reliever from Gr\u00fcnenthal (paracetamol + tramadol) for effective relief of moderate to severe pain after operations, injuries and joint diseases.\" \/>\n<meta property=\"og:url\" content=\"https:\/\/pharmacy-tlv.com\/pt\/loja\/alivio-da-dor\/zaldiar-20t\/\" \/>\n<meta property=\"og:site_name\" content=\"Pharmacy TLV\" \/>\n<meta property=\"article:modified_time\" content=\"2025-05-23T13:01:30+00:00\" \/>\n<meta property=\"og:image\" content=\"https:\/\/mlz1smk5t7q7.i.optimole.com\/cb:lQg3.de6\/w:auto\/h:auto\/q:mauto\/https:\/\/pharmacy-tlv.com\/wp-content\/uploads\/2025\/05\/zaldiar-israel-1.png\" \/>\n\t<meta property=\"og:image:width\" content=\"604\" \/>\n\t<meta property=\"og:image:height\" content=\"466\" \/>\n\t<meta property=\"og:image:type\" content=\"image\/png\" \/>\n<meta name=\"twitter:card\" content=\"summary_large_image\" \/>\n<meta name=\"twitter:label1\" content=\"Est. tempo de leitura\" \/>\n\t<meta name=\"twitter:data1\" content=\"1 minuto\" \/>\n<script type=\"application\/ld+json\" class=\"yoast-schema-graph\">{\"@context\":\"https:\/\/schema.org\",\"@graph\":[{\"@type\":\"WebPage\",\"@id\":\"https:\/\/pharmacy-tlv.com\/shop\/pain-relief\/zaldiar-20t\/\",\"url\":\"https:\/\/pharmacy-tlv.com\/shop\/pain-relief\/zaldiar-20t\/\",\"name\":\"Zaldiar (20t) - Buy in Israel | Fast Delivery!\",\"isPartOf\":{\"@id\":\"https:\/\/pharmacy-tlv.com\/#website\"},\"primaryImageOfPage\":{\"@id\":\"https:\/\/pharmacy-tlv.com\/shop\/pain-relief\/zaldiar-20t\/#primaryimage\"},\"image\":{\"@id\":\"https:\/\/pharmacy-tlv.com\/shop\/pain-relief\/zaldiar-20t\/#primaryimage\"},\"thumbnailUrl\":\"https:\/\/mlz1smk5t7q7.i.optimole.com\/cb:lQg3.de6\/w:auto\/h:auto\/q:mauto\/https:\/\/pharmacy-tlv.com\/wp-content\/uploads\/2025\/05\/zaldiar-israel-1.png\",\"datePublished\":\"2025-05-15T18:23:16+00:00\",\"dateModified\":\"2025-05-23T13:01:30+00:00\",\"description\":\"Combined pain reliever from Gr\u00fcnenthal (paracetamol + tramadol) for effective relief of moderate to severe pain after operations, injuries and joint diseases.\",\"breadcrumb\":{\"@id\":\"https:\/\/pharmacy-tlv.com\/shop\/pain-relief\/zaldiar-20t\/#breadcrumb\"},\"inLanguage\":\"pt-BR\",\"potentialAction\":[{\"@type\":\"ReadAction\",\"target\":[\"https:\/\/pharmacy-tlv.com\/shop\/pain-relief\/zaldiar-20t\/\"]}]},{\"@type\":\"ImageObject\",\"inLanguage\":\"pt-BR\",\"@id\":\"https:\/\/pharmacy-tlv.com\/shop\/pain-relief\/zaldiar-20t\/#primaryimage\",\"url\":\"https:\/\/mlz1smk5t7q7.i.optimole.com\/cb:lQg3.de6\/w:auto\/h:auto\/q:mauto\/https:\/\/pharmacy-tlv.com\/wp-content\/uploads\/2025\/05\/zaldiar-israel-1.png\",\"contentUrl\":\"https:\/\/mlz1smk5t7q7.i.optimole.com\/cb:lQg3.de6\/w:auto\/h:auto\/q:mauto\/https:\/\/pharmacy-tlv.com\/wp-content\/uploads\/2025\/05\/zaldiar-israel-1.png\",\"width\":604,\"height\":466,\"caption\":\"zaldiar israel 1\"},{\"@type\":\"BreadcrumbList\",\"@id\":\"https:\/\/pharmacy-tlv.com\/shop\/pain-relief\/zaldiar-20t\/#breadcrumb\",\"itemListElement\":[{\"@type\":\"ListItem\",\"position\":1,\"name\":\"Home\",\"item\":\"https:\/\/pharmacy-tlv.com\/\"},{\"@type\":\"ListItem\",\"position\":2,\"name\":\"Medications\",\"item\":\"https:\/\/pharmacy-tlv.com\/shop\/\"},{\"@type\":\"ListItem\",\"position\":3,\"name\":\"Zaldiar (20t)\"}]},{\"@type\":\"WebSite\",\"@id\":\"https:\/\/pharmacy-tlv.com\/#website\",\"url\":\"https:\/\/pharmacy-tlv.com\/\",\"name\":\"Pharmacy TLV\",\"description\":\"Trusted Israeli Medications\",\"publisher\":{\"@id\":\"https:\/\/pharmacy-tlv.com\/#organization\"},\"alternateName\":\"Pharmacy-TLV\",\"potentialAction\":[{\"@type\":\"SearchAction\",\"target\":{\"@type\":\"EntryPoint\",\"urlTemplate\":\"https:\/\/pharmacy-tlv.com\/?s={search_term_string}\"},\"query-input\":{\"@type\":\"PropertyValueSpecification\",\"valueRequired\":true,\"valueName\":\"search_term_string\"}}],\"inLanguage\":\"pt-BR\"},{\"@type\":\"Organization\",\"@id\":\"https:\/\/pharmacy-tlv.com\/#organization\",\"name\":\"Pharmacy TLV\",\"alternateName\":\"Pharmacy-TLV\",\"url\":\"https:\/\/pharmacy-tlv.com\/\",\"logo\":{\"@type\":\"ImageObject\",\"inLanguage\":\"pt-BR\",\"@id\":\"https:\/\/pharmacy-tlv.com\/#\/schema\/logo\/image\/\",\"url\":\"https:\/\/mlz1smk5t7q7.i.optimole.com\/cb:lQg3.de6\/w:auto\/h:auto\/q:mauto\/https:\/\/pharmacy-tlv.com\/wp-content\/uploads\/2025\/05\/pharmacy-white.png\",\"contentUrl\":\"https:\/\/mlz1smk5t7q7.i.optimole.com\/cb:lQg3.de6\/w:auto\/h:auto\/q:mauto\/https:\/\/pharmacy-tlv.com\/wp-content\/uploads\/2025\/05\/pharmacy-white.png\",\"width\":500,\"height\":500,\"caption\":\"Pharmacy TLV\"},\"image\":{\"@id\":\"https:\/\/pharmacy-tlv.com\/#\/schema\/logo\/image\/\"}}]}<\/script>\n<!-- \/ Yoast SEO plugin. -->","yoast_head_json":{"title":"Zaldiar (20t) - Comprar em Israel | Entrega r\u00e1pida!","description":"Analg\u00e9sico combinado da Gr\u00fcnenthal (paracetamol + tramadol) para o al\u00edvio eficaz da dor moderada a intensa ap\u00f3s opera\u00e7\u00f5es, les\u00f5es e doen\u00e7as articulares.","robots":{"index":"index","follow":"follow","max-snippet":"max-snippet:-1","max-image-preview":"max-image-preview:large","max-video-preview":"max-video-preview:-1"},"canonical":"https:\/\/pharmacy-tlv.com\/pt\/loja\/alivio-da-dor\/zaldiar-20t\/","og_locale":"pt_BR","og_type":"article","og_title":"Zaldiar (20t) - Buy in Israel | Fast Delivery!","og_description":"Combined pain reliever from Gr\u00fcnenthal (paracetamol + tramadol) for effective relief of moderate to severe pain after operations, injuries and joint diseases.","og_url":"https:\/\/pharmacy-tlv.com\/pt\/loja\/alivio-da-dor\/zaldiar-20t\/","og_site_name":"Pharmacy TLV","article_modified_time":"2025-05-23T13:01:30+00:00","og_image":[{"width":604,"height":466,"url":"https:\/\/mlz1smk5t7q7.i.optimole.com\/cb:lQg3.de6\/w:auto\/h:auto\/q:mauto\/https:\/\/pharmacy-tlv.com\/wp-content\/uploads\/2025\/05\/zaldiar-israel-1.png","type":"image\/png"}],"twitter_card":"summary_large_image","twitter_misc":{"Est. tempo de leitura":"1 minuto"},"schema":{"@context":"https:\/\/schema.org","@graph":[{"@type":"WebPage","@id":"https:\/\/pharmacy-tlv.com\/shop\/pain-relief\/zaldiar-20t\/","url":"https:\/\/pharmacy-tlv.com\/shop\/pain-relief\/zaldiar-20t\/","name":"Zaldiar (20t) - Comprar em Israel | Entrega r\u00e1pida!","isPartOf":{"@id":"https:\/\/pharmacy-tlv.com\/#website"},"primaryImageOfPage":{"@id":"https:\/\/pharmacy-tlv.com\/shop\/pain-relief\/zaldiar-20t\/#primaryimage"},"image":{"@id":"https:\/\/pharmacy-tlv.com\/shop\/pain-relief\/zaldiar-20t\/#primaryimage"},"thumbnailUrl":"https:\/\/mlz1smk5t7q7.i.optimole.com\/cb:lQg3.de6\/w:auto\/h:auto\/q:mauto\/https:\/\/pharmacy-tlv.com\/wp-content\/uploads\/2025\/05\/zaldiar-israel-1.png","datePublished":"2025-05-15T18:23:16+00:00","dateModified":"2025-05-23T13:01:30+00:00","description":"Analg\u00e9sico combinado da Gr\u00fcnenthal (paracetamol + tramadol) para o al\u00edvio eficaz da dor moderada a intensa ap\u00f3s opera\u00e7\u00f5es, les\u00f5es e doen\u00e7as articulares.","breadcrumb":{"@id":"https:\/\/pharmacy-tlv.com\/shop\/pain-relief\/zaldiar-20t\/#breadcrumb"},"inLanguage":"pt-BR","potentialAction":[{"@type":"ReadAction","target":["https:\/\/pharmacy-tlv.com\/shop\/pain-relief\/zaldiar-20t\/"]}]},{"@type":"ImageObject","inLanguage":"pt-BR","@id":"https:\/\/pharmacy-tlv.com\/shop\/pain-relief\/zaldiar-20t\/#primaryimage","url":"https:\/\/mlz1smk5t7q7.i.optimole.com\/cb:lQg3.de6\/w:auto\/h:auto\/q:mauto\/https:\/\/pharmacy-tlv.com\/wp-content\/uploads\/2025\/05\/zaldiar-israel-1.png","contentUrl":"https:\/\/mlz1smk5t7q7.i.optimole.com\/cb:lQg3.de6\/w:auto\/h:auto\/q:mauto\/https:\/\/pharmacy-tlv.com\/wp-content\/uploads\/2025\/05\/zaldiar-israel-1.png","width":604,"height":466,"caption":"zaldiar israel 1"},{"@type":"BreadcrumbList","@id":"https:\/\/pharmacy-tlv.com\/shop\/pain-relief\/zaldiar-20t\/#breadcrumb","itemListElement":[{"@type":"ListItem","position":1,"name":"Home","item":"https:\/\/pharmacy-tlv.com\/"},{"@type":"ListItem","position":2,"name":"Medications","item":"https:\/\/pharmacy-tlv.com\/shop\/"},{"@type":"ListItem","position":3,"name":"Zaldiar (20t)"}]},{"@type":"WebSite","@id":"https:\/\/pharmacy-tlv.com\/#website","url":"https:\/\/pharmacy-tlv.com\/","name":"Farm\u00e1cia TLV","description":"Medicamentos israelenses de confian\u00e7a","publisher":{"@id":"https:\/\/pharmacy-tlv.com\/#organization"},"alternateName":"Pharmacy-TLV","potentialAction":[{"@type":"SearchAction","target":{"@type":"EntryPoint","urlTemplate":"https:\/\/pharmacy-tlv.com\/?s={search_term_string}"},"query-input":{"@type":"PropertyValueSpecification","valueRequired":true,"valueName":"search_term_string"}}],"inLanguage":"pt-BR"},{"@type":"Organization","@id":"https:\/\/pharmacy-tlv.com\/#organization","name":"Farm\u00e1cia TLV","alternateName":"Pharmacy-TLV","url":"https:\/\/pharmacy-tlv.com\/","logo":{"@type":"ImageObject","inLanguage":"pt-BR","@id":"https:\/\/pharmacy-tlv.com\/#\/schema\/logo\/image\/","url":"https:\/\/mlz1smk5t7q7.i.optimole.com\/cb:lQg3.de6\/w:auto\/h:auto\/q:mauto\/https:\/\/pharmacy-tlv.com\/wp-content\/uploads\/2025\/05\/pharmacy-white.png","contentUrl":"https:\/\/mlz1smk5t7q7.i.optimole.com\/cb:lQg3.de6\/w:auto\/h:auto\/q:mauto\/https:\/\/pharmacy-tlv.com\/wp-content\/uploads\/2025\/05\/pharmacy-white.png","width":500,"height":500,"caption":"Pharmacy TLV"},"image":{"@id":"https:\/\/pharmacy-tlv.com\/#\/schema\/logo\/image\/"}}]}},"_links":{"self":[{"href":"https:\/\/pharmacy-tlv.com\/pt\/wp-json\/wp\/v2\/product\/1403","targetHints":{"allow":["GET"]}}],"collection":[{"href":"https:\/\/pharmacy-tlv.com\/pt\/wp-json\/wp\/v2\/product"}],"about":[{"href":"https:\/\/pharmacy-tlv.com\/pt\/wp-json\/wp\/v2\/types\/product"}],"wp:featuredmedia":[{"embeddable":true,"href":"https:\/\/pharmacy-tlv.com\/pt\/wp-json\/wp\/v2\/media\/1026"}],"wp:attachment":[{"href":"https:\/\/pharmacy-tlv.com\/pt\/wp-json\/wp\/v2\/media?parent=1403"}],"wp:term":[{"taxonomy":"product_brand","embeddable":true,"href":"https:\/\/pharmacy-tlv.com\/pt\/wp-json\/wp\/v2\/product_brand?post=1403"},{"taxonomy":"product_cat","embeddable":true,"href":"https:\/\/pharmacy-tlv.com\/pt\/wp-json\/wp\/v2\/product_cat?post=1403"},{"taxonomy":"product_tag","embeddable":true,"href":"https:\/\/pharmacy-tlv.com\/pt\/wp-json\/wp\/v2\/product_tag?post=1403"}],"curies":[{"name":"wp","href":"https:\/\/api.w.org\/{rel}","templated":true}]}}