{"id":1402,"date":"2025-05-15T18:23:16","date_gmt":"2025-05-15T18:23:16","guid":{"rendered":"https:\/\/pharmacy-tlv.com\/?post_type=product&#038;p=1402"},"modified":"2025-05-23T13:01:57","modified_gmt":"2025-05-23T13:01:57","slug":"inalador-de-ventolin","status":"publish","type":"product","link":"https:\/\/pharmacy-tlv.com\/pt\/loja\/asma\/inalador-de-ventolin\/","title":{"rendered":"Inalador de Ventolin"},"content":{"rendered":"<h3 class=\"LC20lb MBeuO DKV0Md\"><strong>Ventolin<\/strong><\/h3>\n<p data-start=\"86\" data-end=\"343\"><strong data-start=\"86\" data-end=\"100\">Aplicativo<\/strong><br data-start=\"100\" data-end=\"103\" \/>O medicamento \u00e9 usado para aliviar o broncoespasmo e facilitar a respira\u00e7\u00e3o em doen\u00e7as respirat\u00f3rias. Alivia eficazmente os ataques de falta de ar, chiado e sufocamento na asma br\u00f4nquica e nas doen\u00e7as pulmonares obstrutivas cr\u00f4nicas.<\/p>\n<p data-start=\"345\" data-end=\"523\"><strong data-start=\"345\" data-end=\"356\">Causas<\/strong><br data-start=\"356\" data-end=\"359\" \/>Asma br\u00f4nquica<br data-start=\"377\" data-end=\"380\" \/>Doen\u00e7a pulmonar obstrutiva cr\u00f4nica (DPOC)<br data-start=\"427\" data-end=\"430\" \/>Ataques agudos de sufocamento<br data-start=\"452\" data-end=\"455\" \/>Broncoespasmo al\u00e9rgico<br data-start=\"480\" data-end=\"483\" \/>Atividade f\u00edsica que causa falta de ar<\/p>\n<p data-start=\"525\" data-end=\"704\"><strong data-start=\"525\" data-end=\"545\">Propriedades do tratamento<\/strong><br data-start=\"545\" data-end=\"548\" \/>Expande rapidamente os br\u00f4nquios e facilita a respira\u00e7\u00e3o<br data-start=\"591\" data-end=\"594\" \/>Interrompe ataques agudos de sufocamento<br data-start=\"625\" data-end=\"628\" \/>Adequado para adultos e crian\u00e7as<br data-start=\"657\" data-end=\"660\" \/>Come\u00e7a a funcionar em poucos minutos<\/p>\n<p data-start=\"706\" data-end=\"750\"><strong data-start=\"706\" data-end=\"723\">Formul\u00e1rio de libera\u00e7\u00e3o<\/strong><br data-start=\"723\" data-end=\"726\" \/>Aerossol para inala\u00e7\u00e3o<\/p>\n<p data-start=\"752\" data-end=\"789\"><strong data-start=\"752\" data-end=\"769\">Fabricante<\/strong><br data-start=\"769\" data-end=\"772\" \/>GlaxoSmithKline<\/p>\n<p data-start=\"791\" data-end=\"841\"><strong data-start=\"791\" data-end=\"812\">Ingrediente ativo<\/strong><br data-start=\"812\" data-end=\"815\" \/>Salbutamol<\/p>\n<p data-start=\"843\" data-end=\"1007\" data-is-last-node=\"\" data-is-only-node=\"\">#Ventolin #VentolinIsrael #VentolinIsrael #Salbutamol #Salbutamol #Asthma #BronchialAsthma #Bronchospasm #AsthmaTreatment #GlaxoSmithKline #Inhaler #COPD<\/p>","protected":false},"excerpt":{"rendered":"<p>Um rem\u00e9dio eficaz para aliviar rapidamente o broncoespasmo, facilitar a respira\u00e7\u00e3o e interromper os ataques de asma e DPOC em adultos e crian\u00e7as.<\/p>","protected":false},"featured_media":1025,"template":"","meta":[],"product_brand":[],"product_cat":[47,26],"product_tag":[],"class_list":{"0":"post-1402","1":"product","2":"type-product","3":"status-publish","4":"has-post-thumbnail","6":"product_cat-all-medications","7":"product_cat-asthma","9":"first","10":"instock","11":"shipping-taxable","12":"purchasable","13":"product-type-simple"},"yoast_head":"<!-- This site is optimized with the Yoast SEO plugin v25.1 - https:\/\/yoast.com\/wordpress\/plugins\/seo\/ -->\n<title>Ventolin inhaler - Buy in Israel | Fast Delivery!<\/title>\n<meta name=\"description\" content=\"An effective remedy for quickly relieving bronchospasm, easing breathing and stopping asthma and COPD attacks in adults and children.\" \/>\n<meta name=\"robots\" content=\"index, follow, max-snippet:-1, max-image-preview:large, max-video-preview:-1\" \/>\n<link rel=\"canonical\" href=\"https:\/\/pharmacy-tlv.com\/pt\/loja\/asma\/inalador-de-ventolin\/\" \/>\n<meta property=\"og:locale\" content=\"pt_BR\" \/>\n<meta property=\"og:type\" content=\"article\" \/>\n<meta property=\"og:title\" content=\"Ventolin inhaler - Buy in Israel | Fast Delivery!\" \/>\n<meta property=\"og:description\" content=\"An effective remedy for quickly relieving bronchospasm, easing breathing and stopping asthma and COPD attacks in adults and children.\" \/>\n<meta property=\"og:url\" content=\"https:\/\/pharmacy-tlv.com\/pt\/loja\/asma\/inalador-de-ventolin\/\" \/>\n<meta property=\"og:site_name\" content=\"Pharmacy TLV\" \/>\n<meta property=\"article:modified_time\" content=\"2025-05-23T13:01:57+00:00\" \/>\n<meta property=\"og:image\" content=\"https:\/\/mlz1smk5t7q7.i.optimole.com\/cb:lQg3.de6\/w:auto\/h:auto\/q:mauto\/https:\/\/pharmacy-tlv.com\/wp-content\/uploads\/2025\/05\/ventolin-ihaler-israel.webp\" \/>\n\t<meta property=\"og:image:width\" content=\"500\" \/>\n\t<meta property=\"og:image:height\" content=\"500\" \/>\n\t<meta property=\"og:image:type\" content=\"image\/webp\" \/>\n<meta name=\"twitter:card\" content=\"summary_large_image\" \/>\n<meta name=\"twitter:label1\" content=\"Est. tempo de leitura\" \/>\n\t<meta name=\"twitter:data1\" content=\"1 minuto\" \/>\n<script type=\"application\/ld+json\" class=\"yoast-schema-graph\">{\"@context\":\"https:\/\/schema.org\",\"@graph\":[{\"@type\":\"WebPage\",\"@id\":\"https:\/\/pharmacy-tlv.com\/shop\/asthma\/ventolin-inhaler\/\",\"url\":\"https:\/\/pharmacy-tlv.com\/shop\/asthma\/ventolin-inhaler\/\",\"name\":\"Ventolin inhaler - Buy in Israel | Fast Delivery!\",\"isPartOf\":{\"@id\":\"https:\/\/pharmacy-tlv.com\/#website\"},\"primaryImageOfPage\":{\"@id\":\"https:\/\/pharmacy-tlv.com\/shop\/asthma\/ventolin-inhaler\/#primaryimage\"},\"image\":{\"@id\":\"https:\/\/pharmacy-tlv.com\/shop\/asthma\/ventolin-inhaler\/#primaryimage\"},\"thumbnailUrl\":\"https:\/\/mlz1smk5t7q7.i.optimole.com\/cb:lQg3.de6\/w:auto\/h:auto\/q:mauto\/https:\/\/pharmacy-tlv.com\/wp-content\/uploads\/2025\/05\/ventolin-ihaler-israel.webp\",\"datePublished\":\"2025-05-15T18:23:16+00:00\",\"dateModified\":\"2025-05-23T13:01:57+00:00\",\"description\":\"An effective remedy for quickly relieving bronchospasm, easing breathing and stopping asthma and COPD attacks in adults and children.\",\"breadcrumb\":{\"@id\":\"https:\/\/pharmacy-tlv.com\/shop\/asthma\/ventolin-inhaler\/#breadcrumb\"},\"inLanguage\":\"pt-BR\",\"potentialAction\":[{\"@type\":\"ReadAction\",\"target\":[\"https:\/\/pharmacy-tlv.com\/shop\/asthma\/ventolin-inhaler\/\"]}]},{\"@type\":\"ImageObject\",\"inLanguage\":\"pt-BR\",\"@id\":\"https:\/\/pharmacy-tlv.com\/shop\/asthma\/ventolin-inhaler\/#primaryimage\",\"url\":\"https:\/\/mlz1smk5t7q7.i.optimole.com\/cb:lQg3.de6\/w:auto\/h:auto\/q:mauto\/https:\/\/pharmacy-tlv.com\/wp-content\/uploads\/2025\/05\/ventolin-ihaler-israel.webp\",\"contentUrl\":\"https:\/\/mlz1smk5t7q7.i.optimole.com\/cb:lQg3.de6\/w:auto\/h:auto\/q:mauto\/https:\/\/pharmacy-tlv.com\/wp-content\/uploads\/2025\/05\/ventolin-ihaler-israel.webp\",\"width\":500,\"height\":500,\"caption\":\"ventolin ihaler israel\"},{\"@type\":\"BreadcrumbList\",\"@id\":\"https:\/\/pharmacy-tlv.com\/shop\/asthma\/ventolin-inhaler\/#breadcrumb\",\"itemListElement\":[{\"@type\":\"ListItem\",\"position\":1,\"name\":\"Home\",\"item\":\"https:\/\/pharmacy-tlv.com\/\"},{\"@type\":\"ListItem\",\"position\":2,\"name\":\"Medications\",\"item\":\"https:\/\/pharmacy-tlv.com\/shop\/\"},{\"@type\":\"ListItem\",\"position\":3,\"name\":\"Ventolin inhaler\"}]},{\"@type\":\"WebSite\",\"@id\":\"https:\/\/pharmacy-tlv.com\/#website\",\"url\":\"https:\/\/pharmacy-tlv.com\/\",\"name\":\"Pharmacy TLV\",\"description\":\"Trusted Israeli Medications\",\"publisher\":{\"@id\":\"https:\/\/pharmacy-tlv.com\/#organization\"},\"alternateName\":\"Pharmacy-TLV\",\"potentialAction\":[{\"@type\":\"SearchAction\",\"target\":{\"@type\":\"EntryPoint\",\"urlTemplate\":\"https:\/\/pharmacy-tlv.com\/?s={search_term_string}\"},\"query-input\":{\"@type\":\"PropertyValueSpecification\",\"valueRequired\":true,\"valueName\":\"search_term_string\"}}],\"inLanguage\":\"pt-BR\"},{\"@type\":\"Organization\",\"@id\":\"https:\/\/pharmacy-tlv.com\/#organization\",\"name\":\"Pharmacy TLV\",\"alternateName\":\"Pharmacy-TLV\",\"url\":\"https:\/\/pharmacy-tlv.com\/\",\"logo\":{\"@type\":\"ImageObject\",\"inLanguage\":\"pt-BR\",\"@id\":\"https:\/\/pharmacy-tlv.com\/#\/schema\/logo\/image\/\",\"url\":\"https:\/\/mlz1smk5t7q7.i.optimole.com\/cb:lQg3.de6\/w:auto\/h:auto\/q:mauto\/https:\/\/pharmacy-tlv.com\/wp-content\/uploads\/2025\/05\/pharmacy-white.png\",\"contentUrl\":\"https:\/\/mlz1smk5t7q7.i.optimole.com\/cb:lQg3.de6\/w:auto\/h:auto\/q:mauto\/https:\/\/pharmacy-tlv.com\/wp-content\/uploads\/2025\/05\/pharmacy-white.png\",\"width\":500,\"height\":500,\"caption\":\"Pharmacy TLV\"},\"image\":{\"@id\":\"https:\/\/pharmacy-tlv.com\/#\/schema\/logo\/image\/\"}}]}<\/script>\n<!-- \/ Yoast SEO plugin. -->","yoast_head_json":{"title":"Ventolin inhaler - Comprar em Israel | Entrega r\u00e1pida!","description":"Um rem\u00e9dio eficaz para aliviar rapidamente o broncoespasmo, facilitar a respira\u00e7\u00e3o e interromper os ataques de asma e DPOC em adultos e crian\u00e7as.","robots":{"index":"index","follow":"follow","max-snippet":"max-snippet:-1","max-image-preview":"max-image-preview:large","max-video-preview":"max-video-preview:-1"},"canonical":"https:\/\/pharmacy-tlv.com\/pt\/loja\/asma\/inalador-de-ventolin\/","og_locale":"pt_BR","og_type":"article","og_title":"Ventolin inhaler - Buy in Israel | Fast Delivery!","og_description":"An effective remedy for quickly relieving bronchospasm, easing breathing and stopping asthma and COPD attacks in adults and children.","og_url":"https:\/\/pharmacy-tlv.com\/pt\/loja\/asma\/inalador-de-ventolin\/","og_site_name":"Pharmacy TLV","article_modified_time":"2025-05-23T13:01:57+00:00","og_image":[{"width":500,"height":500,"url":"https:\/\/mlz1smk5t7q7.i.optimole.com\/cb:lQg3.de6\/w:auto\/h:auto\/q:mauto\/https:\/\/pharmacy-tlv.com\/wp-content\/uploads\/2025\/05\/ventolin-ihaler-israel.webp","type":"image\/webp"}],"twitter_card":"summary_large_image","twitter_misc":{"Est. tempo de leitura":"1 minuto"},"schema":{"@context":"https:\/\/schema.org","@graph":[{"@type":"WebPage","@id":"https:\/\/pharmacy-tlv.com\/shop\/asthma\/ventolin-inhaler\/","url":"https:\/\/pharmacy-tlv.com\/shop\/asthma\/ventolin-inhaler\/","name":"Ventolin inhaler - Comprar em Israel | Entrega r\u00e1pida!","isPartOf":{"@id":"https:\/\/pharmacy-tlv.com\/#website"},"primaryImageOfPage":{"@id":"https:\/\/pharmacy-tlv.com\/shop\/asthma\/ventolin-inhaler\/#primaryimage"},"image":{"@id":"https:\/\/pharmacy-tlv.com\/shop\/asthma\/ventolin-inhaler\/#primaryimage"},"thumbnailUrl":"https:\/\/mlz1smk5t7q7.i.optimole.com\/cb:lQg3.de6\/w:auto\/h:auto\/q:mauto\/https:\/\/pharmacy-tlv.com\/wp-content\/uploads\/2025\/05\/ventolin-ihaler-israel.webp","datePublished":"2025-05-15T18:23:16+00:00","dateModified":"2025-05-23T13:01:57+00:00","description":"Um rem\u00e9dio eficaz para aliviar rapidamente o broncoespasmo, facilitar a respira\u00e7\u00e3o e interromper os ataques de asma e DPOC em adultos e crian\u00e7as.","breadcrumb":{"@id":"https:\/\/pharmacy-tlv.com\/shop\/asthma\/ventolin-inhaler\/#breadcrumb"},"inLanguage":"pt-BR","potentialAction":[{"@type":"ReadAction","target":["https:\/\/pharmacy-tlv.com\/shop\/asthma\/ventolin-inhaler\/"]}]},{"@type":"ImageObject","inLanguage":"pt-BR","@id":"https:\/\/pharmacy-tlv.com\/shop\/asthma\/ventolin-inhaler\/#primaryimage","url":"https:\/\/mlz1smk5t7q7.i.optimole.com\/cb:lQg3.de6\/w:auto\/h:auto\/q:mauto\/https:\/\/pharmacy-tlv.com\/wp-content\/uploads\/2025\/05\/ventolin-ihaler-israel.webp","contentUrl":"https:\/\/mlz1smk5t7q7.i.optimole.com\/cb:lQg3.de6\/w:auto\/h:auto\/q:mauto\/https:\/\/pharmacy-tlv.com\/wp-content\/uploads\/2025\/05\/ventolin-ihaler-israel.webp","width":500,"height":500,"caption":"ventolin ihaler israel"},{"@type":"BreadcrumbList","@id":"https:\/\/pharmacy-tlv.com\/shop\/asthma\/ventolin-inhaler\/#breadcrumb","itemListElement":[{"@type":"ListItem","position":1,"name":"Home","item":"https:\/\/pharmacy-tlv.com\/"},{"@type":"ListItem","position":2,"name":"Medications","item":"https:\/\/pharmacy-tlv.com\/shop\/"},{"@type":"ListItem","position":3,"name":"Ventolin inhaler"}]},{"@type":"WebSite","@id":"https:\/\/pharmacy-tlv.com\/#website","url":"https:\/\/pharmacy-tlv.com\/","name":"Farm\u00e1cia TLV","description":"Medicamentos israelenses de confian\u00e7a","publisher":{"@id":"https:\/\/pharmacy-tlv.com\/#organization"},"alternateName":"Pharmacy-TLV","potentialAction":[{"@type":"SearchAction","target":{"@type":"EntryPoint","urlTemplate":"https:\/\/pharmacy-tlv.com\/?s={search_term_string}"},"query-input":{"@type":"PropertyValueSpecification","valueRequired":true,"valueName":"search_term_string"}}],"inLanguage":"pt-BR"},{"@type":"Organization","@id":"https:\/\/pharmacy-tlv.com\/#organization","name":"Farm\u00e1cia TLV","alternateName":"Pharmacy-TLV","url":"https:\/\/pharmacy-tlv.com\/","logo":{"@type":"ImageObject","inLanguage":"pt-BR","@id":"https:\/\/pharmacy-tlv.com\/#\/schema\/logo\/image\/","url":"https:\/\/mlz1smk5t7q7.i.optimole.com\/cb:lQg3.de6\/w:auto\/h:auto\/q:mauto\/https:\/\/pharmacy-tlv.com\/wp-content\/uploads\/2025\/05\/pharmacy-white.png","contentUrl":"https:\/\/mlz1smk5t7q7.i.optimole.com\/cb:lQg3.de6\/w:auto\/h:auto\/q:mauto\/https:\/\/pharmacy-tlv.com\/wp-content\/uploads\/2025\/05\/pharmacy-white.png","width":500,"height":500,"caption":"Pharmacy TLV"},"image":{"@id":"https:\/\/pharmacy-tlv.com\/#\/schema\/logo\/image\/"}}]}},"_links":{"self":[{"href":"https:\/\/pharmacy-tlv.com\/pt\/wp-json\/wp\/v2\/product\/1402","targetHints":{"allow":["GET"]}}],"collection":[{"href":"https:\/\/pharmacy-tlv.com\/pt\/wp-json\/wp\/v2\/product"}],"about":[{"href":"https:\/\/pharmacy-tlv.com\/pt\/wp-json\/wp\/v2\/types\/product"}],"wp:featuredmedia":[{"embeddable":true,"href":"https:\/\/pharmacy-tlv.com\/pt\/wp-json\/wp\/v2\/media\/1025"}],"wp:attachment":[{"href":"https:\/\/pharmacy-tlv.com\/pt\/wp-json\/wp\/v2\/media?parent=1402"}],"wp:term":[{"taxonomy":"product_brand","embeddable":true,"href":"https:\/\/pharmacy-tlv.com\/pt\/wp-json\/wp\/v2\/product_brand?post=1402"},{"taxonomy":"product_cat","embeddable":true,"href":"https:\/\/pharmacy-tlv.com\/pt\/wp-json\/wp\/v2\/product_cat?post=1402"},{"taxonomy":"product_tag","embeddable":true,"href":"https:\/\/pharmacy-tlv.com\/pt\/wp-json\/wp\/v2\/product_tag?post=1402"}],"curies":[{"name":"wp","href":"https:\/\/api.w.org\/{rel}","templated":true}]}}