{"id":1387,"date":"2025-05-15T18:23:15","date_gmt":"2025-05-15T18:23:15","guid":{"rendered":"https:\/\/pharmacy-tlv.com\/?post_type=product&#038;p=1387"},"modified":"2025-06-04T01:10:48","modified_gmt":"2025-06-04T01:10:48","slug":"acamol-21-50t","status":"publish","type":"product","link":"https:\/\/pharmacy-tlv.com\/pt\/loja\/alivio-da-dor\/acamol-21-50t\/","title":{"rendered":"Acamol (21\/50t)"},"content":{"rendered":"<p data-start=\"0\" data-end=\"26\">Akamol<\/p>\n<p data-start=\"28\" data-end=\"236\"><strong data-start=\"28\" data-end=\"42\">Aplicativo<\/strong><br data-start=\"42\" data-end=\"45\" \/>O medicamento \u00e9 usado para reduzir a temperatura corporal e aliviar a dor em v\u00e1rias doen\u00e7as, como resfriados, gripes, dores de cabe\u00e7a, dores de dente, dores musculares e articulares.<\/p>\n<p data-start=\"238\" data-end=\"345\"><strong data-start=\"238\" data-end=\"249\">Causas<\/strong><br data-start=\"249\" data-end=\"252\" \/>Febre<br data-start=\"255\" data-end=\"258\" \/>Dor de cabe\u00e7a<br data-start=\"271\" data-end=\"274\" \/>Dor de dente<br data-start=\"285\" data-end=\"288\" \/>Dor nas articula\u00e7\u00f5es e nos m\u00fasculos<br data-start=\"312\" data-end=\"315\" \/>Resfriados<br data-start=\"337\" data-end=\"340\" \/>Gripe<\/p>\n<p data-start=\"347\" data-end=\"523\"><strong data-start=\"347\" data-end=\"367\">Propriedades do tratamento<\/strong><br data-start=\"367\" data-end=\"370\" \/>Efeito antipir\u00e9tico (redu\u00e7\u00e3o da temperatura corporal)<br data-start=\"423\" data-end=\"426\" \/>Efeito analg\u00e9sico<br data-start=\"449\" data-end=\"452\" \/>Efeito anti-inflamat\u00f3rio<br data-start=\"482\" data-end=\"485\" \/>Al\u00edvio dos sintomas de gripes e resfriados<\/p>\n<p data-start=\"525\" data-end=\"553\"><strong data-start=\"525\" data-end=\"542\">Forma de libera\u00e7\u00e3o<\/strong><br data-start=\"542\" data-end=\"545\" \/>Tablets<\/p>\n<p data-start=\"555\" data-end=\"584\"><strong data-start=\"555\" data-end=\"572\">Fabricante<\/strong><br data-start=\"572\" data-end=\"575\" \/>Teva<\/p>\n<p data-start=\"586\" data-end=\"635\"><strong data-start=\"586\" data-end=\"607\">Subst\u00e2ncias ativas<\/strong><br data-start=\"607\" data-end=\"610\" \/>Paracetamol<\/p>\n<p data-start=\"637\" data-end=\"772\"><em data-start=\"637\" data-end=\"772\">#Akamol #Paracetamol #AkamolComprimidos #Reduzir a temperatura #Panalg\u00e9sicos #Coldos #Flu #Pal\u00edvio da dor #AkamolIsrael #AkamolIsrael #Akamol #Akkamol #Acamol<\/em><\/p>","protected":false},"excerpt":{"rendered":"<p>O Acamol \u00e9 um medicamento para reduzir a febre e a dor durante resfriados, dores de cabe\u00e7a e dores de dente.<\/p>","protected":false},"featured_media":1019,"template":"","meta":[],"product_brand":[],"product_cat":[47,32],"product_tag":[],"class_list":{"0":"post-1387","1":"product","2":"type-product","3":"status-publish","4":"has-post-thumbnail","6":"product_cat-all-medications","7":"product_cat-pain-relief","9":"first","10":"instock","11":"shipping-taxable","12":"purchasable","13":"product-type-variable"},"yoast_head":"<!-- This site is optimized with the Yoast SEO plugin v25.1 - https:\/\/yoast.com\/wordpress\/plugins\/seo\/ -->\n<title>Acamol (21\/50t) - Buy in Israel | Fast Delivery!<\/title>\n<meta name=\"description\" content=\"Acamol is a drug for reducing fever and pain during colds, headaches and toothaches.\" \/>\n<meta name=\"robots\" content=\"index, follow, max-snippet:-1, max-image-preview:large, max-video-preview:-1\" \/>\n<link rel=\"canonical\" href=\"https:\/\/pharmacy-tlv.com\/pt\/loja\/alivio-da-dor\/acamol-21-50t\/\" \/>\n<meta property=\"og:locale\" content=\"pt_BR\" \/>\n<meta property=\"og:type\" content=\"article\" \/>\n<meta property=\"og:title\" content=\"Acamol (21\/50t) - Buy in Israel | Fast Delivery!\" \/>\n<meta property=\"og:description\" content=\"Acamol is a drug for reducing fever and pain during colds, headaches and toothaches.\" \/>\n<meta property=\"og:url\" content=\"https:\/\/pharmacy-tlv.com\/pt\/loja\/alivio-da-dor\/acamol-21-50t\/\" \/>\n<meta property=\"og:site_name\" content=\"Pharmacy TLV\" \/>\n<meta property=\"article:modified_time\" content=\"2025-06-04T01:10:48+00:00\" \/>\n<meta property=\"og:image\" content=\"https:\/\/mlz1smk5t7q7.i.optimole.com\/cb:lQg3.de6\/w:auto\/h:auto\/q:mauto\/https:\/\/pharmacy-tlv.com\/wp-content\/uploads\/2025\/05\/akamol-500mg-tabletki-israel.png\" \/>\n\t<meta property=\"og:image:width\" content=\"300\" \/>\n\t<meta property=\"og:image:height\" content=\"300\" \/>\n\t<meta property=\"og:image:type\" content=\"image\/png\" \/>\n<meta name=\"twitter:card\" content=\"summary_large_image\" \/>\n<meta name=\"twitter:label1\" content=\"Est. tempo de leitura\" \/>\n\t<meta name=\"twitter:data1\" content=\"1 minuto\" \/>\n<script type=\"application\/ld+json\" class=\"yoast-schema-graph\">{\"@context\":\"https:\/\/schema.org\",\"@graph\":[{\"@type\":\"WebPage\",\"@id\":\"https:\/\/pharmacy-tlv.com\/shop\/pain-relief\/acamol-21-50t\/\",\"url\":\"https:\/\/pharmacy-tlv.com\/shop\/pain-relief\/acamol-21-50t\/\",\"name\":\"Acamol (21\/50t) - Buy in Israel | Fast Delivery!\",\"isPartOf\":{\"@id\":\"https:\/\/pharmacy-tlv.com\/#website\"},\"primaryImageOfPage\":{\"@id\":\"https:\/\/pharmacy-tlv.com\/shop\/pain-relief\/acamol-21-50t\/#primaryimage\"},\"image\":{\"@id\":\"https:\/\/pharmacy-tlv.com\/shop\/pain-relief\/acamol-21-50t\/#primaryimage\"},\"thumbnailUrl\":\"https:\/\/mlz1smk5t7q7.i.optimole.com\/cb:lQg3.de6\/w:auto\/h:auto\/q:mauto\/https:\/\/pharmacy-tlv.com\/wp-content\/uploads\/2025\/05\/akamol-500mg-tabletki-israel.png\",\"datePublished\":\"2025-05-15T18:23:15+00:00\",\"dateModified\":\"2025-06-04T01:10:48+00:00\",\"description\":\"Acamol is a drug for reducing fever and pain during colds, headaches and toothaches.\",\"breadcrumb\":{\"@id\":\"https:\/\/pharmacy-tlv.com\/shop\/pain-relief\/acamol-21-50t\/#breadcrumb\"},\"inLanguage\":\"pt-BR\",\"potentialAction\":[{\"@type\":\"ReadAction\",\"target\":[\"https:\/\/pharmacy-tlv.com\/shop\/pain-relief\/acamol-21-50t\/\"]}]},{\"@type\":\"ImageObject\",\"inLanguage\":\"pt-BR\",\"@id\":\"https:\/\/pharmacy-tlv.com\/shop\/pain-relief\/acamol-21-50t\/#primaryimage\",\"url\":\"https:\/\/mlz1smk5t7q7.i.optimole.com\/cb:lQg3.de6\/w:auto\/h:auto\/q:mauto\/https:\/\/pharmacy-tlv.com\/wp-content\/uploads\/2025\/05\/akamol-500mg-tabletki-israel.png\",\"contentUrl\":\"https:\/\/mlz1smk5t7q7.i.optimole.com\/cb:lQg3.de6\/w:auto\/h:auto\/q:mauto\/https:\/\/pharmacy-tlv.com\/wp-content\/uploads\/2025\/05\/akamol-500mg-tabletki-israel.png\",\"width\":300,\"height\":300,\"caption\":\"akamol 500mg tabletki israel\"},{\"@type\":\"BreadcrumbList\",\"@id\":\"https:\/\/pharmacy-tlv.com\/shop\/pain-relief\/acamol-21-50t\/#breadcrumb\",\"itemListElement\":[{\"@type\":\"ListItem\",\"position\":1,\"name\":\"Home\",\"item\":\"https:\/\/pharmacy-tlv.com\/\"},{\"@type\":\"ListItem\",\"position\":2,\"name\":\"Medications\",\"item\":\"https:\/\/pharmacy-tlv.com\/shop\/\"},{\"@type\":\"ListItem\",\"position\":3,\"name\":\"Acamol (21\/50t)\"}]},{\"@type\":\"WebSite\",\"@id\":\"https:\/\/pharmacy-tlv.com\/#website\",\"url\":\"https:\/\/pharmacy-tlv.com\/\",\"name\":\"Pharmacy TLV\",\"description\":\"Trusted Israeli Medications\",\"publisher\":{\"@id\":\"https:\/\/pharmacy-tlv.com\/#organization\"},\"alternateName\":\"Pharmacy-TLV\",\"potentialAction\":[{\"@type\":\"SearchAction\",\"target\":{\"@type\":\"EntryPoint\",\"urlTemplate\":\"https:\/\/pharmacy-tlv.com\/?s={search_term_string}\"},\"query-input\":{\"@type\":\"PropertyValueSpecification\",\"valueRequired\":true,\"valueName\":\"search_term_string\"}}],\"inLanguage\":\"pt-BR\"},{\"@type\":\"Organization\",\"@id\":\"https:\/\/pharmacy-tlv.com\/#organization\",\"name\":\"Pharmacy TLV\",\"alternateName\":\"Pharmacy-TLV\",\"url\":\"https:\/\/pharmacy-tlv.com\/\",\"logo\":{\"@type\":\"ImageObject\",\"inLanguage\":\"pt-BR\",\"@id\":\"https:\/\/pharmacy-tlv.com\/#\/schema\/logo\/image\/\",\"url\":\"https:\/\/mlz1smk5t7q7.i.optimole.com\/cb:lQg3.de6\/w:auto\/h:auto\/q:mauto\/https:\/\/pharmacy-tlv.com\/wp-content\/uploads\/2025\/05\/pharmacy-white.png\",\"contentUrl\":\"https:\/\/mlz1smk5t7q7.i.optimole.com\/cb:lQg3.de6\/w:auto\/h:auto\/q:mauto\/https:\/\/pharmacy-tlv.com\/wp-content\/uploads\/2025\/05\/pharmacy-white.png\",\"width\":500,\"height\":500,\"caption\":\"Pharmacy TLV\"},\"image\":{\"@id\":\"https:\/\/pharmacy-tlv.com\/#\/schema\/logo\/image\/\"}}]}<\/script>\n<!-- \/ Yoast SEO plugin. -->","yoast_head_json":{"title":"Acamol (21\/50t) - Comprar em Israel | Entrega r\u00e1pida!","description":"O Acamol \u00e9 um medicamento para reduzir a febre e a dor durante resfriados, dores de cabe\u00e7a e dores de dente.","robots":{"index":"index","follow":"follow","max-snippet":"max-snippet:-1","max-image-preview":"max-image-preview:large","max-video-preview":"max-video-preview:-1"},"canonical":"https:\/\/pharmacy-tlv.com\/pt\/loja\/alivio-da-dor\/acamol-21-50t\/","og_locale":"pt_BR","og_type":"article","og_title":"Acamol (21\/50t) - Buy in Israel | Fast Delivery!","og_description":"Acamol is a drug for reducing fever and pain during colds, headaches and toothaches.","og_url":"https:\/\/pharmacy-tlv.com\/pt\/loja\/alivio-da-dor\/acamol-21-50t\/","og_site_name":"Pharmacy TLV","article_modified_time":"2025-06-04T01:10:48+00:00","og_image":[{"width":300,"height":300,"url":"https:\/\/mlz1smk5t7q7.i.optimole.com\/cb:lQg3.de6\/w:auto\/h:auto\/q:mauto\/https:\/\/pharmacy-tlv.com\/wp-content\/uploads\/2025\/05\/akamol-500mg-tabletki-israel.png","type":"image\/png"}],"twitter_card":"summary_large_image","twitter_misc":{"Est. tempo de leitura":"1 minuto"},"schema":{"@context":"https:\/\/schema.org","@graph":[{"@type":"WebPage","@id":"https:\/\/pharmacy-tlv.com\/shop\/pain-relief\/acamol-21-50t\/","url":"https:\/\/pharmacy-tlv.com\/shop\/pain-relief\/acamol-21-50t\/","name":"Acamol (21\/50t) - Comprar em Israel | Entrega r\u00e1pida!","isPartOf":{"@id":"https:\/\/pharmacy-tlv.com\/#website"},"primaryImageOfPage":{"@id":"https:\/\/pharmacy-tlv.com\/shop\/pain-relief\/acamol-21-50t\/#primaryimage"},"image":{"@id":"https:\/\/pharmacy-tlv.com\/shop\/pain-relief\/acamol-21-50t\/#primaryimage"},"thumbnailUrl":"https:\/\/mlz1smk5t7q7.i.optimole.com\/cb:lQg3.de6\/w:auto\/h:auto\/q:mauto\/https:\/\/pharmacy-tlv.com\/wp-content\/uploads\/2025\/05\/akamol-500mg-tabletki-israel.png","datePublished":"2025-05-15T18:23:15+00:00","dateModified":"2025-06-04T01:10:48+00:00","description":"O Acamol \u00e9 um medicamento para reduzir a febre e a dor durante resfriados, dores de cabe\u00e7a e dores de dente.","breadcrumb":{"@id":"https:\/\/pharmacy-tlv.com\/shop\/pain-relief\/acamol-21-50t\/#breadcrumb"},"inLanguage":"pt-BR","potentialAction":[{"@type":"ReadAction","target":["https:\/\/pharmacy-tlv.com\/shop\/pain-relief\/acamol-21-50t\/"]}]},{"@type":"ImageObject","inLanguage":"pt-BR","@id":"https:\/\/pharmacy-tlv.com\/shop\/pain-relief\/acamol-21-50t\/#primaryimage","url":"https:\/\/mlz1smk5t7q7.i.optimole.com\/cb:lQg3.de6\/w:auto\/h:auto\/q:mauto\/https:\/\/pharmacy-tlv.com\/wp-content\/uploads\/2025\/05\/akamol-500mg-tabletki-israel.png","contentUrl":"https:\/\/mlz1smk5t7q7.i.optimole.com\/cb:lQg3.de6\/w:auto\/h:auto\/q:mauto\/https:\/\/pharmacy-tlv.com\/wp-content\/uploads\/2025\/05\/akamol-500mg-tabletki-israel.png","width":300,"height":300,"caption":"akamol 500mg tabletki israel"},{"@type":"BreadcrumbList","@id":"https:\/\/pharmacy-tlv.com\/shop\/pain-relief\/acamol-21-50t\/#breadcrumb","itemListElement":[{"@type":"ListItem","position":1,"name":"Home","item":"https:\/\/pharmacy-tlv.com\/"},{"@type":"ListItem","position":2,"name":"Medications","item":"https:\/\/pharmacy-tlv.com\/shop\/"},{"@type":"ListItem","position":3,"name":"Acamol (21\/50t)"}]},{"@type":"WebSite","@id":"https:\/\/pharmacy-tlv.com\/#website","url":"https:\/\/pharmacy-tlv.com\/","name":"Farm\u00e1cia TLV","description":"Medicamentos israelenses de confian\u00e7a","publisher":{"@id":"https:\/\/pharmacy-tlv.com\/#organization"},"alternateName":"Pharmacy-TLV","potentialAction":[{"@type":"SearchAction","target":{"@type":"EntryPoint","urlTemplate":"https:\/\/pharmacy-tlv.com\/?s={search_term_string}"},"query-input":{"@type":"PropertyValueSpecification","valueRequired":true,"valueName":"search_term_string"}}],"inLanguage":"pt-BR"},{"@type":"Organization","@id":"https:\/\/pharmacy-tlv.com\/#organization","name":"Farm\u00e1cia TLV","alternateName":"Pharmacy-TLV","url":"https:\/\/pharmacy-tlv.com\/","logo":{"@type":"ImageObject","inLanguage":"pt-BR","@id":"https:\/\/pharmacy-tlv.com\/#\/schema\/logo\/image\/","url":"https:\/\/mlz1smk5t7q7.i.optimole.com\/cb:lQg3.de6\/w:auto\/h:auto\/q:mauto\/https:\/\/pharmacy-tlv.com\/wp-content\/uploads\/2025\/05\/pharmacy-white.png","contentUrl":"https:\/\/mlz1smk5t7q7.i.optimole.com\/cb:lQg3.de6\/w:auto\/h:auto\/q:mauto\/https:\/\/pharmacy-tlv.com\/wp-content\/uploads\/2025\/05\/pharmacy-white.png","width":500,"height":500,"caption":"Pharmacy TLV"},"image":{"@id":"https:\/\/pharmacy-tlv.com\/#\/schema\/logo\/image\/"}}]}},"_links":{"self":[{"href":"https:\/\/pharmacy-tlv.com\/pt\/wp-json\/wp\/v2\/product\/1387","targetHints":{"allow":["GET"]}}],"collection":[{"href":"https:\/\/pharmacy-tlv.com\/pt\/wp-json\/wp\/v2\/product"}],"about":[{"href":"https:\/\/pharmacy-tlv.com\/pt\/wp-json\/wp\/v2\/types\/product"}],"wp:featuredmedia":[{"embeddable":true,"href":"https:\/\/pharmacy-tlv.com\/pt\/wp-json\/wp\/v2\/media\/1019"}],"wp:attachment":[{"href":"https:\/\/pharmacy-tlv.com\/pt\/wp-json\/wp\/v2\/media?parent=1387"}],"wp:term":[{"taxonomy":"product_brand","embeddable":true,"href":"https:\/\/pharmacy-tlv.com\/pt\/wp-json\/wp\/v2\/product_brand?post=1387"},{"taxonomy":"product_cat","embeddable":true,"href":"https:\/\/pharmacy-tlv.com\/pt\/wp-json\/wp\/v2\/product_cat?post=1387"},{"taxonomy":"product_tag","embeddable":true,"href":"https:\/\/pharmacy-tlv.com\/pt\/wp-json\/wp\/v2\/product_tag?post=1387"}],"curies":[{"name":"wp","href":"https:\/\/api.w.org\/{rel}","templated":true}]}}