{"id":1378,"date":"2025-05-15T18:23:15","date_gmt":"2025-05-15T18:23:15","guid":{"rendered":"https:\/\/pharmacy-tlv.com\/?post_type=product&#038;p=1378"},"modified":"2025-06-04T00:56:41","modified_gmt":"2025-06-04T00:56:41","slug":"ebixa-10-20mg-56-28t","status":"publish","type":"product","link":"https:\/\/pharmacy-tlv.com\/pt\/loja\/saude-geral\/ebixa-10-20mg-56-28t\/","title":{"rendered":"Ebixa 10\/20mg (56\/28t)"},"content":{"rendered":"<p data-start=\"28\" data-end=\"202\">Ebixa<\/p>\n<p data-start=\"28\" data-end=\"202\"><strong data-start=\"28\" data-end=\"42\">Aplicativo<\/strong><br data-start=\"42\" data-end=\"45\" \/>O medicamento \u00e9 usado para tratar a doen\u00e7a de Alzheimer e outras formas de dem\u00eancia. Ajuda a melhorar a fun\u00e7\u00e3o cognitiva e a retardar a progress\u00e3o da doen\u00e7a.<\/p>\n<p data-start=\"204\" data-end=\"301\"><strong data-start=\"204\" data-end=\"215\">Causas<\/strong><br data-start=\"215\" data-end=\"218\" \/>Mal de Alzheimer<br data-start=\"237\" data-end=\"240\" \/>Dem\u00eancia relacionada \u00e0 idade<br data-start=\"271\" data-end=\"274\" \/>Dist\u00farbios da mem\u00f3ria e do pensamento<\/p>\n<p data-start=\"303\" data-end=\"496\"><strong data-start=\"303\" data-end=\"323\">Propriedades do tratamento<\/strong><br data-start=\"323\" data-end=\"326\" \/>Melhoria da fun\u00e7\u00e3o cognitiva<br data-start=\"355\" data-end=\"358\" \/>Retardar a progress\u00e3o da doen\u00e7a Doen\u00e7a de Alzheimer<br data-start=\"405\" data-end=\"408\" \/>Apoio \u00e0 atividade cerebral e \u00e0 mem\u00f3ria<br data-start=\"446\" data-end=\"449\" \/>Um medicamento do grupo de antagonistas do receptor NMDA<\/p>\n<p data-start=\"498\" data-end=\"569\"><strong data-start=\"498\" data-end=\"515\">Formul\u00e1rio de libera\u00e7\u00e3o<\/strong><br data-start=\"515\" data-end=\"518\" \/>Comprimidos para uso oral (10 mg, 20 mg)<\/p>\n<p data-start=\"571\" data-end=\"599\"><strong data-start=\"571\" data-end=\"588\">Fabricante<\/strong><br data-start=\"588\" data-end=\"591\" \/>Lundbeck<\/p>\n<p data-start=\"601\" data-end=\"645\"><strong data-start=\"601\" data-end=\"622\">Ingredientes ativos<\/strong><br data-start=\"622\" data-end=\"625\" \/>Memantina<\/p>\n<p data-start=\"647\" data-end=\"779\"><em data-start=\"647\" data-end=\"779\">#Ebixa #Ebixa10mg #Ebixa20mg #Memantina #AlzheimerTratamento #Dem\u00eanciaTratamento #EbixaIsrael #EbixaIsrael #Memantina #MemantinaTratamento#Ebixa #Ebiksa #Ebiksa#Abixa #Ebixa<\/em><\/p>","protected":false},"excerpt":{"rendered":"<p>O Ebixa melhora a mem\u00f3ria e a fun\u00e7\u00e3o cognitiva na doen\u00e7a de Alzheimer, retardando a progress\u00e3o da doen\u00e7a.<\/p>","protected":false},"featured_media":1017,"template":"","meta":[],"product_brand":[],"product_cat":[47,40,33],"product_tag":[],"class_list":{"0":"post-1378","1":"product","2":"type-product","3":"status-publish","4":"has-post-thumbnail","6":"product_cat-all-medications","7":"product_cat-antiepileptic","8":"product_cat-general-health","10":"first","11":"instock","12":"shipping-taxable","13":"purchasable","14":"product-type-variable"},"yoast_head":"<!-- This site is optimized with the Yoast SEO plugin v25.1 - https:\/\/yoast.com\/wordpress\/plugins\/seo\/ -->\n<title>Ebixa 10\/20mg (56\/28t) - Buy in Israel | Fast Delivery!<\/title>\n<meta name=\"description\" content=\"Ebixa improves memory and cognitive function in Alzheimer&#039;s disease, slowing the progression of the disease.\" \/>\n<meta name=\"robots\" content=\"index, follow, max-snippet:-1, max-image-preview:large, max-video-preview:-1\" \/>\n<link rel=\"canonical\" href=\"https:\/\/pharmacy-tlv.com\/pt\/loja\/saude-geral\/ebixa-10-20mg-56-28t\/\" \/>\n<meta property=\"og:locale\" content=\"pt_BR\" \/>\n<meta property=\"og:type\" content=\"article\" \/>\n<meta property=\"og:title\" content=\"Ebixa 10\/20mg (56\/28t) - Buy in Israel | Fast Delivery!\" \/>\n<meta property=\"og:description\" content=\"Ebixa improves memory and cognitive function in Alzheimer&#039;s disease, slowing the progression of the disease.\" \/>\n<meta property=\"og:url\" content=\"https:\/\/pharmacy-tlv.com\/pt\/loja\/saude-geral\/ebixa-10-20mg-56-28t\/\" \/>\n<meta property=\"og:site_name\" content=\"Pharmacy TLV\" \/>\n<meta property=\"article:modified_time\" content=\"2025-06-04T00:56:41+00:00\" \/>\n<meta property=\"og:image\" content=\"https:\/\/mlz1smk5t7q7.i.optimole.com\/cb:lQg3.de6\/w:auto\/h:auto\/q:mauto\/https:\/\/pharmacy-tlv.com\/wp-content\/uploads\/2025\/05\/ebixa-10mg-tabletki-israel.png\" \/>\n\t<meta property=\"og:image:width\" content=\"1200\" \/>\n\t<meta property=\"og:image:height\" content=\"800\" \/>\n\t<meta property=\"og:image:type\" content=\"image\/png\" \/>\n<meta name=\"twitter:card\" content=\"summary_large_image\" \/>\n<meta name=\"twitter:label1\" content=\"Est. tempo de leitura\" \/>\n\t<meta name=\"twitter:data1\" content=\"1 minuto\" \/>\n<script type=\"application\/ld+json\" class=\"yoast-schema-graph\">{\"@context\":\"https:\/\/schema.org\",\"@graph\":[{\"@type\":\"WebPage\",\"@id\":\"https:\/\/pharmacy-tlv.com\/shop\/general-health\/ebixa-10-20mg-56-28t\/\",\"url\":\"https:\/\/pharmacy-tlv.com\/shop\/general-health\/ebixa-10-20mg-56-28t\/\",\"name\":\"Ebixa 10\/20mg (56\/28t) - Buy in Israel | Fast Delivery!\",\"isPartOf\":{\"@id\":\"https:\/\/pharmacy-tlv.com\/#website\"},\"primaryImageOfPage\":{\"@id\":\"https:\/\/pharmacy-tlv.com\/shop\/general-health\/ebixa-10-20mg-56-28t\/#primaryimage\"},\"image\":{\"@id\":\"https:\/\/pharmacy-tlv.com\/shop\/general-health\/ebixa-10-20mg-56-28t\/#primaryimage\"},\"thumbnailUrl\":\"https:\/\/mlz1smk5t7q7.i.optimole.com\/cb:lQg3.de6\/w:auto\/h:auto\/q:mauto\/https:\/\/pharmacy-tlv.com\/wp-content\/uploads\/2025\/05\/ebixa-10mg-tabletki-israel.png\",\"datePublished\":\"2025-05-15T18:23:15+00:00\",\"dateModified\":\"2025-06-04T00:56:41+00:00\",\"description\":\"Ebixa improves memory and cognitive function in Alzheimer's disease, slowing the progression of the disease.\",\"breadcrumb\":{\"@id\":\"https:\/\/pharmacy-tlv.com\/shop\/general-health\/ebixa-10-20mg-56-28t\/#breadcrumb\"},\"inLanguage\":\"pt-BR\",\"potentialAction\":[{\"@type\":\"ReadAction\",\"target\":[\"https:\/\/pharmacy-tlv.com\/shop\/general-health\/ebixa-10-20mg-56-28t\/\"]}]},{\"@type\":\"ImageObject\",\"inLanguage\":\"pt-BR\",\"@id\":\"https:\/\/pharmacy-tlv.com\/shop\/general-health\/ebixa-10-20mg-56-28t\/#primaryimage\",\"url\":\"https:\/\/mlz1smk5t7q7.i.optimole.com\/cb:lQg3.de6\/w:auto\/h:auto\/q:mauto\/https:\/\/pharmacy-tlv.com\/wp-content\/uploads\/2025\/05\/ebixa-10mg-tabletki-israel.png\",\"contentUrl\":\"https:\/\/mlz1smk5t7q7.i.optimole.com\/cb:lQg3.de6\/w:auto\/h:auto\/q:mauto\/https:\/\/pharmacy-tlv.com\/wp-content\/uploads\/2025\/05\/ebixa-10mg-tabletki-israel.png\",\"width\":1200,\"height\":800,\"caption\":\"ebixa 10mg tabletki israel\"},{\"@type\":\"BreadcrumbList\",\"@id\":\"https:\/\/pharmacy-tlv.com\/shop\/general-health\/ebixa-10-20mg-56-28t\/#breadcrumb\",\"itemListElement\":[{\"@type\":\"ListItem\",\"position\":1,\"name\":\"Home\",\"item\":\"https:\/\/pharmacy-tlv.com\/\"},{\"@type\":\"ListItem\",\"position\":2,\"name\":\"Medications\",\"item\":\"https:\/\/pharmacy-tlv.com\/shop\/\"},{\"@type\":\"ListItem\",\"position\":3,\"name\":\"Ebixa 10\/20mg (56\/28t)\"}]},{\"@type\":\"WebSite\",\"@id\":\"https:\/\/pharmacy-tlv.com\/#website\",\"url\":\"https:\/\/pharmacy-tlv.com\/\",\"name\":\"Pharmacy TLV\",\"description\":\"Trusted Israeli Medications\",\"publisher\":{\"@id\":\"https:\/\/pharmacy-tlv.com\/#organization\"},\"alternateName\":\"Pharmacy-TLV\",\"potentialAction\":[{\"@type\":\"SearchAction\",\"target\":{\"@type\":\"EntryPoint\",\"urlTemplate\":\"https:\/\/pharmacy-tlv.com\/?s={search_term_string}\"},\"query-input\":{\"@type\":\"PropertyValueSpecification\",\"valueRequired\":true,\"valueName\":\"search_term_string\"}}],\"inLanguage\":\"pt-BR\"},{\"@type\":\"Organization\",\"@id\":\"https:\/\/pharmacy-tlv.com\/#organization\",\"name\":\"Pharmacy TLV\",\"alternateName\":\"Pharmacy-TLV\",\"url\":\"https:\/\/pharmacy-tlv.com\/\",\"logo\":{\"@type\":\"ImageObject\",\"inLanguage\":\"pt-BR\",\"@id\":\"https:\/\/pharmacy-tlv.com\/#\/schema\/logo\/image\/\",\"url\":\"https:\/\/mlz1smk5t7q7.i.optimole.com\/cb:lQg3.de6\/w:auto\/h:auto\/q:mauto\/https:\/\/pharmacy-tlv.com\/wp-content\/uploads\/2025\/05\/pharmacy-white.png\",\"contentUrl\":\"https:\/\/mlz1smk5t7q7.i.optimole.com\/cb:lQg3.de6\/w:auto\/h:auto\/q:mauto\/https:\/\/pharmacy-tlv.com\/wp-content\/uploads\/2025\/05\/pharmacy-white.png\",\"width\":500,\"height\":500,\"caption\":\"Pharmacy TLV\"},\"image\":{\"@id\":\"https:\/\/pharmacy-tlv.com\/#\/schema\/logo\/image\/\"}}]}<\/script>\n<!-- \/ Yoast SEO plugin. -->","yoast_head_json":{"title":"Ebixa 10\/20mg (56\/28t) - Comprar em Israel | Entrega r\u00e1pida!","description":"O Ebixa melhora a mem\u00f3ria e a fun\u00e7\u00e3o cognitiva na doen\u00e7a de Alzheimer, retardando a progress\u00e3o da doen\u00e7a.","robots":{"index":"index","follow":"follow","max-snippet":"max-snippet:-1","max-image-preview":"max-image-preview:large","max-video-preview":"max-video-preview:-1"},"canonical":"https:\/\/pharmacy-tlv.com\/pt\/loja\/saude-geral\/ebixa-10-20mg-56-28t\/","og_locale":"pt_BR","og_type":"article","og_title":"Ebixa 10\/20mg (56\/28t) - Buy in Israel | Fast Delivery!","og_description":"Ebixa improves memory and cognitive function in Alzheimer's disease, slowing the progression of the disease.","og_url":"https:\/\/pharmacy-tlv.com\/pt\/loja\/saude-geral\/ebixa-10-20mg-56-28t\/","og_site_name":"Pharmacy TLV","article_modified_time":"2025-06-04T00:56:41+00:00","og_image":[{"width":1200,"height":800,"url":"https:\/\/mlz1smk5t7q7.i.optimole.com\/cb:lQg3.de6\/w:auto\/h:auto\/q:mauto\/https:\/\/pharmacy-tlv.com\/wp-content\/uploads\/2025\/05\/ebixa-10mg-tabletki-israel.png","type":"image\/png"}],"twitter_card":"summary_large_image","twitter_misc":{"Est. tempo de leitura":"1 minuto"},"schema":{"@context":"https:\/\/schema.org","@graph":[{"@type":"WebPage","@id":"https:\/\/pharmacy-tlv.com\/shop\/general-health\/ebixa-10-20mg-56-28t\/","url":"https:\/\/pharmacy-tlv.com\/shop\/general-health\/ebixa-10-20mg-56-28t\/","name":"Ebixa 10\/20mg (56\/28t) - Comprar em Israel | Entrega r\u00e1pida!","isPartOf":{"@id":"https:\/\/pharmacy-tlv.com\/#website"},"primaryImageOfPage":{"@id":"https:\/\/pharmacy-tlv.com\/shop\/general-health\/ebixa-10-20mg-56-28t\/#primaryimage"},"image":{"@id":"https:\/\/pharmacy-tlv.com\/shop\/general-health\/ebixa-10-20mg-56-28t\/#primaryimage"},"thumbnailUrl":"https:\/\/mlz1smk5t7q7.i.optimole.com\/cb:lQg3.de6\/w:auto\/h:auto\/q:mauto\/https:\/\/pharmacy-tlv.com\/wp-content\/uploads\/2025\/05\/ebixa-10mg-tabletki-israel.png","datePublished":"2025-05-15T18:23:15+00:00","dateModified":"2025-06-04T00:56:41+00:00","description":"O Ebixa melhora a mem\u00f3ria e a fun\u00e7\u00e3o cognitiva na doen\u00e7a de Alzheimer, retardando a progress\u00e3o da doen\u00e7a.","breadcrumb":{"@id":"https:\/\/pharmacy-tlv.com\/shop\/general-health\/ebixa-10-20mg-56-28t\/#breadcrumb"},"inLanguage":"pt-BR","potentialAction":[{"@type":"ReadAction","target":["https:\/\/pharmacy-tlv.com\/shop\/general-health\/ebixa-10-20mg-56-28t\/"]}]},{"@type":"ImageObject","inLanguage":"pt-BR","@id":"https:\/\/pharmacy-tlv.com\/shop\/general-health\/ebixa-10-20mg-56-28t\/#primaryimage","url":"https:\/\/mlz1smk5t7q7.i.optimole.com\/cb:lQg3.de6\/w:auto\/h:auto\/q:mauto\/https:\/\/pharmacy-tlv.com\/wp-content\/uploads\/2025\/05\/ebixa-10mg-tabletki-israel.png","contentUrl":"https:\/\/mlz1smk5t7q7.i.optimole.com\/cb:lQg3.de6\/w:auto\/h:auto\/q:mauto\/https:\/\/pharmacy-tlv.com\/wp-content\/uploads\/2025\/05\/ebixa-10mg-tabletki-israel.png","width":1200,"height":800,"caption":"ebixa 10mg tabletki israel"},{"@type":"BreadcrumbList","@id":"https:\/\/pharmacy-tlv.com\/shop\/general-health\/ebixa-10-20mg-56-28t\/#breadcrumb","itemListElement":[{"@type":"ListItem","position":1,"name":"Home","item":"https:\/\/pharmacy-tlv.com\/"},{"@type":"ListItem","position":2,"name":"Medications","item":"https:\/\/pharmacy-tlv.com\/shop\/"},{"@type":"ListItem","position":3,"name":"Ebixa 10\/20mg (56\/28t)"}]},{"@type":"WebSite","@id":"https:\/\/pharmacy-tlv.com\/#website","url":"https:\/\/pharmacy-tlv.com\/","name":"Farm\u00e1cia TLV","description":"Medicamentos israelenses de confian\u00e7a","publisher":{"@id":"https:\/\/pharmacy-tlv.com\/#organization"},"alternateName":"Pharmacy-TLV","potentialAction":[{"@type":"SearchAction","target":{"@type":"EntryPoint","urlTemplate":"https:\/\/pharmacy-tlv.com\/?s={search_term_string}"},"query-input":{"@type":"PropertyValueSpecification","valueRequired":true,"valueName":"search_term_string"}}],"inLanguage":"pt-BR"},{"@type":"Organization","@id":"https:\/\/pharmacy-tlv.com\/#organization","name":"Farm\u00e1cia TLV","alternateName":"Pharmacy-TLV","url":"https:\/\/pharmacy-tlv.com\/","logo":{"@type":"ImageObject","inLanguage":"pt-BR","@id":"https:\/\/pharmacy-tlv.com\/#\/schema\/logo\/image\/","url":"https:\/\/mlz1smk5t7q7.i.optimole.com\/cb:lQg3.de6\/w:auto\/h:auto\/q:mauto\/https:\/\/pharmacy-tlv.com\/wp-content\/uploads\/2025\/05\/pharmacy-white.png","contentUrl":"https:\/\/mlz1smk5t7q7.i.optimole.com\/cb:lQg3.de6\/w:auto\/h:auto\/q:mauto\/https:\/\/pharmacy-tlv.com\/wp-content\/uploads\/2025\/05\/pharmacy-white.png","width":500,"height":500,"caption":"Pharmacy TLV"},"image":{"@id":"https:\/\/pharmacy-tlv.com\/#\/schema\/logo\/image\/"}}]}},"_links":{"self":[{"href":"https:\/\/pharmacy-tlv.com\/pt\/wp-json\/wp\/v2\/product\/1378","targetHints":{"allow":["GET"]}}],"collection":[{"href":"https:\/\/pharmacy-tlv.com\/pt\/wp-json\/wp\/v2\/product"}],"about":[{"href":"https:\/\/pharmacy-tlv.com\/pt\/wp-json\/wp\/v2\/types\/product"}],"wp:featuredmedia":[{"embeddable":true,"href":"https:\/\/pharmacy-tlv.com\/pt\/wp-json\/wp\/v2\/media\/1017"}],"wp:attachment":[{"href":"https:\/\/pharmacy-tlv.com\/pt\/wp-json\/wp\/v2\/media?parent=1378"}],"wp:term":[{"taxonomy":"product_brand","embeddable":true,"href":"https:\/\/pharmacy-tlv.com\/pt\/wp-json\/wp\/v2\/product_brand?post=1378"},{"taxonomy":"product_cat","embeddable":true,"href":"https:\/\/pharmacy-tlv.com\/pt\/wp-json\/wp\/v2\/product_cat?post=1378"},{"taxonomy":"product_tag","embeddable":true,"href":"https:\/\/pharmacy-tlv.com\/pt\/wp-json\/wp\/v2\/product_tag?post=1378"}],"curies":[{"name":"wp","href":"https:\/\/api.w.org\/{rel}","templated":true}]}}