{"id":1377,"date":"2025-05-15T18:23:15","date_gmt":"2025-05-15T18:23:15","guid":{"rendered":"https:\/\/pharmacy-tlv.com\/?post_type=product&#038;p=1377"},"modified":"2025-05-23T13:06:49","modified_gmt":"2025-05-23T13:06:49","slug":"exidol-24t","status":"publish","type":"product","link":"https:\/\/pharmacy-tlv.com\/pt\/loja\/alivio-da-dor\/exidol-24t\/","title":{"rendered":"Exidol (24t)"},"content":{"rendered":"<p data-start=\"0\" data-end=\"29\">Exidol<\/p>\n<p data-start=\"31\" data-end=\"176\"><strong data-start=\"31\" data-end=\"45\">Aplicativo<\/strong><br data-start=\"45\" data-end=\"48\" \/>O medicamento \u00e9 usado para tratar enxaquecas e dores de cabe\u00e7a, bem como para aliviar dores de intensidade vari\u00e1vel.<\/p>\n<p data-start=\"178\" data-end=\"279\"><strong data-start=\"178\" data-end=\"189\">Causas<\/strong><br data-start=\"189\" data-end=\"192\" \/>Enxaqueca<br data-start=\"199\" data-end=\"202\" \/>Dor de cabe\u00e7a<br data-start=\"215\" data-end=\"218\" \/>Dist\u00farbios neurol\u00f3gicos acompanhados de dor de cabe\u00e7a<\/p>\n<p data-start=\"281\" data-end=\"455\"><strong data-start=\"281\" data-end=\"301\">Propriedades do tratamento<\/strong><br data-start=\"301\" data-end=\"304\" \/>Efeito analg\u00e9sico<br data-start=\"327\" data-end=\"330\" \/>Elimina\u00e7\u00e3o de dores de cabe\u00e7a e enxaquecas<br data-start=\"365\" data-end=\"368\" \/>Redu\u00e7\u00e3o da intensidade da s\u00edndrome da dor<br data-start=\"408\" data-end=\"411\" \/>Melhora geral da condi\u00e7\u00e3o com dores de cabe\u00e7a<\/p>\n<p data-start=\"457\" data-end=\"513\"><strong data-start=\"457\" data-end=\"474\">Formul\u00e1rio de libera\u00e7\u00e3o<\/strong><br data-start=\"474\" data-end=\"477\" \/>Comprimidos para uso oral<\/p>\n<p data-start=\"515\" data-end=\"541\"><strong data-start=\"515\" data-end=\"532\">Fabricante<\/strong><br data-start=\"532\" data-end=\"535\" \/>Perrigo<\/p>\n<p data-start=\"543\" data-end=\"604\"><strong data-start=\"543\" data-end=\"564\">Ingredientes ativos<\/strong><br data-start=\"564\" data-end=\"567\" \/>\u00c1cido acetilsalic\u00edlico (\u00e1cido acetilsalic\u00edlico)<br data-start=\"615\" data-end=\"618\" \/>Paracetamol (Paracetamol)<br data-start=\"643\" data-end=\"646\" \/>Cafe\u00edna anidra (Caffeine anhydrous)<\/p>\n<p data-start=\"606\" data-end=\"721\"><em data-start=\"606\" data-end=\"721\">#Exidol #Exidol #Menxaqueca #Headache #ExidolIsrael #ExidolIsrael #PainRelief #MigraineTreatment #Exidol24tab#Eksidol<\/em><\/p>","protected":false},"excerpt":{"rendered":"<p>O Exidol ajuda no tratamento de enxaquecas e dores de cabe\u00e7a, aliviando a condi\u00e7\u00e3o e eliminando a dor.<\/p>","protected":false},"featured_media":1016,"template":"","meta":[],"product_brand":[],"product_cat":[47,32],"product_tag":[],"class_list":{"0":"post-1377","1":"product","2":"type-product","3":"status-publish","4":"has-post-thumbnail","6":"product_cat-all-medications","7":"product_cat-pain-relief","9":"first","10":"instock","11":"shipping-taxable","12":"purchasable","13":"product-type-simple"},"yoast_head":"<!-- This site is optimized with the Yoast SEO plugin v25.1 - https:\/\/yoast.com\/wordpress\/plugins\/seo\/ -->\n<title>Exidol (24t) - Buy in Israel | Fast Delivery!<\/title>\n<meta name=\"description\" content=\"Exidol helps with migraines and headaches, alleviating the condition and eliminating pain.\" \/>\n<meta name=\"robots\" content=\"index, follow, max-snippet:-1, max-image-preview:large, max-video-preview:-1\" \/>\n<link rel=\"canonical\" href=\"https:\/\/pharmacy-tlv.com\/pt\/loja\/alivio-da-dor\/exidol-24t\/\" \/>\n<meta property=\"og:locale\" content=\"pt_BR\" \/>\n<meta property=\"og:type\" content=\"article\" \/>\n<meta property=\"og:title\" content=\"Exidol (24t) - Buy in Israel | Fast Delivery!\" \/>\n<meta property=\"og:description\" content=\"Exidol helps with migraines and headaches, alleviating the condition and eliminating pain.\" \/>\n<meta property=\"og:url\" content=\"https:\/\/pharmacy-tlv.com\/pt\/loja\/alivio-da-dor\/exidol-24t\/\" \/>\n<meta property=\"og:site_name\" content=\"Pharmacy TLV\" \/>\n<meta property=\"article:modified_time\" content=\"2025-05-23T13:06:49+00:00\" \/>\n<meta property=\"og:image\" content=\"https:\/\/mlz1smk5t7q7.i.optimole.com\/cb:lQg3.de6\/w:auto\/h:auto\/q:mauto\/https:\/\/pharmacy-tlv.com\/wp-content\/uploads\/2025\/05\/exidol-24-tabletki-israel.png\" \/>\n\t<meta property=\"og:image:width\" content=\"300\" \/>\n\t<meta property=\"og:image:height\" content=\"300\" \/>\n\t<meta property=\"og:image:type\" content=\"image\/png\" \/>\n<meta name=\"twitter:card\" content=\"summary_large_image\" \/>\n<meta name=\"twitter:label1\" content=\"Est. tempo de leitura\" \/>\n\t<meta name=\"twitter:data1\" content=\"1 minuto\" \/>\n<script type=\"application\/ld+json\" class=\"yoast-schema-graph\">{\"@context\":\"https:\/\/schema.org\",\"@graph\":[{\"@type\":\"WebPage\",\"@id\":\"https:\/\/pharmacy-tlv.com\/shop\/pain-relief\/exidol-24t\/\",\"url\":\"https:\/\/pharmacy-tlv.com\/shop\/pain-relief\/exidol-24t\/\",\"name\":\"Exidol (24t) - Buy in Israel | Fast Delivery!\",\"isPartOf\":{\"@id\":\"https:\/\/pharmacy-tlv.com\/#website\"},\"primaryImageOfPage\":{\"@id\":\"https:\/\/pharmacy-tlv.com\/shop\/pain-relief\/exidol-24t\/#primaryimage\"},\"image\":{\"@id\":\"https:\/\/pharmacy-tlv.com\/shop\/pain-relief\/exidol-24t\/#primaryimage\"},\"thumbnailUrl\":\"https:\/\/mlz1smk5t7q7.i.optimole.com\/cb:lQg3.de6\/w:auto\/h:auto\/q:mauto\/https:\/\/pharmacy-tlv.com\/wp-content\/uploads\/2025\/05\/exidol-24-tabletki-israel.png\",\"datePublished\":\"2025-05-15T18:23:15+00:00\",\"dateModified\":\"2025-05-23T13:06:49+00:00\",\"description\":\"Exidol helps with migraines and headaches, alleviating the condition and eliminating pain.\",\"breadcrumb\":{\"@id\":\"https:\/\/pharmacy-tlv.com\/shop\/pain-relief\/exidol-24t\/#breadcrumb\"},\"inLanguage\":\"pt-BR\",\"potentialAction\":[{\"@type\":\"ReadAction\",\"target\":[\"https:\/\/pharmacy-tlv.com\/shop\/pain-relief\/exidol-24t\/\"]}]},{\"@type\":\"ImageObject\",\"inLanguage\":\"pt-BR\",\"@id\":\"https:\/\/pharmacy-tlv.com\/shop\/pain-relief\/exidol-24t\/#primaryimage\",\"url\":\"https:\/\/mlz1smk5t7q7.i.optimole.com\/cb:lQg3.de6\/w:auto\/h:auto\/q:mauto\/https:\/\/pharmacy-tlv.com\/wp-content\/uploads\/2025\/05\/exidol-24-tabletki-israel.png\",\"contentUrl\":\"https:\/\/mlz1smk5t7q7.i.optimole.com\/cb:lQg3.de6\/w:auto\/h:auto\/q:mauto\/https:\/\/pharmacy-tlv.com\/wp-content\/uploads\/2025\/05\/exidol-24-tabletki-israel.png\",\"width\":300,\"height\":300,\"caption\":\"exidol-24-tabletki-israel\"},{\"@type\":\"BreadcrumbList\",\"@id\":\"https:\/\/pharmacy-tlv.com\/shop\/pain-relief\/exidol-24t\/#breadcrumb\",\"itemListElement\":[{\"@type\":\"ListItem\",\"position\":1,\"name\":\"Home\",\"item\":\"https:\/\/pharmacy-tlv.com\/\"},{\"@type\":\"ListItem\",\"position\":2,\"name\":\"Medications\",\"item\":\"https:\/\/pharmacy-tlv.com\/shop\/\"},{\"@type\":\"ListItem\",\"position\":3,\"name\":\"Exidol (24t)\"}]},{\"@type\":\"WebSite\",\"@id\":\"https:\/\/pharmacy-tlv.com\/#website\",\"url\":\"https:\/\/pharmacy-tlv.com\/\",\"name\":\"Pharmacy TLV\",\"description\":\"Trusted Israeli Medications\",\"publisher\":{\"@id\":\"https:\/\/pharmacy-tlv.com\/#organization\"},\"alternateName\":\"Pharmacy-TLV\",\"potentialAction\":[{\"@type\":\"SearchAction\",\"target\":{\"@type\":\"EntryPoint\",\"urlTemplate\":\"https:\/\/pharmacy-tlv.com\/?s={search_term_string}\"},\"query-input\":{\"@type\":\"PropertyValueSpecification\",\"valueRequired\":true,\"valueName\":\"search_term_string\"}}],\"inLanguage\":\"pt-BR\"},{\"@type\":\"Organization\",\"@id\":\"https:\/\/pharmacy-tlv.com\/#organization\",\"name\":\"Pharmacy TLV\",\"alternateName\":\"Pharmacy-TLV\",\"url\":\"https:\/\/pharmacy-tlv.com\/\",\"logo\":{\"@type\":\"ImageObject\",\"inLanguage\":\"pt-BR\",\"@id\":\"https:\/\/pharmacy-tlv.com\/#\/schema\/logo\/image\/\",\"url\":\"https:\/\/mlz1smk5t7q7.i.optimole.com\/cb:lQg3.de6\/w:auto\/h:auto\/q:mauto\/https:\/\/pharmacy-tlv.com\/wp-content\/uploads\/2025\/05\/pharmacy-white.png\",\"contentUrl\":\"https:\/\/mlz1smk5t7q7.i.optimole.com\/cb:lQg3.de6\/w:auto\/h:auto\/q:mauto\/https:\/\/pharmacy-tlv.com\/wp-content\/uploads\/2025\/05\/pharmacy-white.png\",\"width\":500,\"height\":500,\"caption\":\"Pharmacy TLV\"},\"image\":{\"@id\":\"https:\/\/pharmacy-tlv.com\/#\/schema\/logo\/image\/\"}}]}<\/script>\n<!-- \/ Yoast SEO plugin. -->","yoast_head_json":{"title":"Exidol (24t) - Comprar em Israel | Entrega r\u00e1pida!","description":"O Exidol ajuda no tratamento de enxaquecas e dores de cabe\u00e7a, aliviando a condi\u00e7\u00e3o e eliminando a dor.","robots":{"index":"index","follow":"follow","max-snippet":"max-snippet:-1","max-image-preview":"max-image-preview:large","max-video-preview":"max-video-preview:-1"},"canonical":"https:\/\/pharmacy-tlv.com\/pt\/loja\/alivio-da-dor\/exidol-24t\/","og_locale":"pt_BR","og_type":"article","og_title":"Exidol (24t) - Buy in Israel | Fast Delivery!","og_description":"Exidol helps with migraines and headaches, alleviating the condition and eliminating pain.","og_url":"https:\/\/pharmacy-tlv.com\/pt\/loja\/alivio-da-dor\/exidol-24t\/","og_site_name":"Pharmacy TLV","article_modified_time":"2025-05-23T13:06:49+00:00","og_image":[{"width":300,"height":300,"url":"https:\/\/mlz1smk5t7q7.i.optimole.com\/cb:lQg3.de6\/w:auto\/h:auto\/q:mauto\/https:\/\/pharmacy-tlv.com\/wp-content\/uploads\/2025\/05\/exidol-24-tabletki-israel.png","type":"image\/png"}],"twitter_card":"summary_large_image","twitter_misc":{"Est. tempo de leitura":"1 minuto"},"schema":{"@context":"https:\/\/schema.org","@graph":[{"@type":"WebPage","@id":"https:\/\/pharmacy-tlv.com\/shop\/pain-relief\/exidol-24t\/","url":"https:\/\/pharmacy-tlv.com\/shop\/pain-relief\/exidol-24t\/","name":"Exidol (24t) - Comprar em Israel | Entrega r\u00e1pida!","isPartOf":{"@id":"https:\/\/pharmacy-tlv.com\/#website"},"primaryImageOfPage":{"@id":"https:\/\/pharmacy-tlv.com\/shop\/pain-relief\/exidol-24t\/#primaryimage"},"image":{"@id":"https:\/\/pharmacy-tlv.com\/shop\/pain-relief\/exidol-24t\/#primaryimage"},"thumbnailUrl":"https:\/\/mlz1smk5t7q7.i.optimole.com\/cb:lQg3.de6\/w:auto\/h:auto\/q:mauto\/https:\/\/pharmacy-tlv.com\/wp-content\/uploads\/2025\/05\/exidol-24-tabletki-israel.png","datePublished":"2025-05-15T18:23:15+00:00","dateModified":"2025-05-23T13:06:49+00:00","description":"O Exidol ajuda no tratamento de enxaquecas e dores de cabe\u00e7a, aliviando a condi\u00e7\u00e3o e eliminando a dor.","breadcrumb":{"@id":"https:\/\/pharmacy-tlv.com\/shop\/pain-relief\/exidol-24t\/#breadcrumb"},"inLanguage":"pt-BR","potentialAction":[{"@type":"ReadAction","target":["https:\/\/pharmacy-tlv.com\/shop\/pain-relief\/exidol-24t\/"]}]},{"@type":"ImageObject","inLanguage":"pt-BR","@id":"https:\/\/pharmacy-tlv.com\/shop\/pain-relief\/exidol-24t\/#primaryimage","url":"https:\/\/mlz1smk5t7q7.i.optimole.com\/cb:lQg3.de6\/w:auto\/h:auto\/q:mauto\/https:\/\/pharmacy-tlv.com\/wp-content\/uploads\/2025\/05\/exidol-24-tabletki-israel.png","contentUrl":"https:\/\/mlz1smk5t7q7.i.optimole.com\/cb:lQg3.de6\/w:auto\/h:auto\/q:mauto\/https:\/\/pharmacy-tlv.com\/wp-content\/uploads\/2025\/05\/exidol-24-tabletki-israel.png","width":300,"height":300,"caption":"exidol-24-tabletki-israel"},{"@type":"BreadcrumbList","@id":"https:\/\/pharmacy-tlv.com\/shop\/pain-relief\/exidol-24t\/#breadcrumb","itemListElement":[{"@type":"ListItem","position":1,"name":"Home","item":"https:\/\/pharmacy-tlv.com\/"},{"@type":"ListItem","position":2,"name":"Medications","item":"https:\/\/pharmacy-tlv.com\/shop\/"},{"@type":"ListItem","position":3,"name":"Exidol (24t)"}]},{"@type":"WebSite","@id":"https:\/\/pharmacy-tlv.com\/#website","url":"https:\/\/pharmacy-tlv.com\/","name":"Farm\u00e1cia TLV","description":"Medicamentos israelenses de confian\u00e7a","publisher":{"@id":"https:\/\/pharmacy-tlv.com\/#organization"},"alternateName":"Pharmacy-TLV","potentialAction":[{"@type":"SearchAction","target":{"@type":"EntryPoint","urlTemplate":"https:\/\/pharmacy-tlv.com\/?s={search_term_string}"},"query-input":{"@type":"PropertyValueSpecification","valueRequired":true,"valueName":"search_term_string"}}],"inLanguage":"pt-BR"},{"@type":"Organization","@id":"https:\/\/pharmacy-tlv.com\/#organization","name":"Farm\u00e1cia TLV","alternateName":"Pharmacy-TLV","url":"https:\/\/pharmacy-tlv.com\/","logo":{"@type":"ImageObject","inLanguage":"pt-BR","@id":"https:\/\/pharmacy-tlv.com\/#\/schema\/logo\/image\/","url":"https:\/\/mlz1smk5t7q7.i.optimole.com\/cb:lQg3.de6\/w:auto\/h:auto\/q:mauto\/https:\/\/pharmacy-tlv.com\/wp-content\/uploads\/2025\/05\/pharmacy-white.png","contentUrl":"https:\/\/mlz1smk5t7q7.i.optimole.com\/cb:lQg3.de6\/w:auto\/h:auto\/q:mauto\/https:\/\/pharmacy-tlv.com\/wp-content\/uploads\/2025\/05\/pharmacy-white.png","width":500,"height":500,"caption":"Pharmacy TLV"},"image":{"@id":"https:\/\/pharmacy-tlv.com\/#\/schema\/logo\/image\/"}}]}},"_links":{"self":[{"href":"https:\/\/pharmacy-tlv.com\/pt\/wp-json\/wp\/v2\/product\/1377","targetHints":{"allow":["GET"]}}],"collection":[{"href":"https:\/\/pharmacy-tlv.com\/pt\/wp-json\/wp\/v2\/product"}],"about":[{"href":"https:\/\/pharmacy-tlv.com\/pt\/wp-json\/wp\/v2\/types\/product"}],"wp:featuredmedia":[{"embeddable":true,"href":"https:\/\/pharmacy-tlv.com\/pt\/wp-json\/wp\/v2\/media\/1016"}],"wp:attachment":[{"href":"https:\/\/pharmacy-tlv.com\/pt\/wp-json\/wp\/v2\/media?parent=1377"}],"wp:term":[{"taxonomy":"product_brand","embeddable":true,"href":"https:\/\/pharmacy-tlv.com\/pt\/wp-json\/wp\/v2\/product_brand?post=1377"},{"taxonomy":"product_cat","embeddable":true,"href":"https:\/\/pharmacy-tlv.com\/pt\/wp-json\/wp\/v2\/product_cat?post=1377"},{"taxonomy":"product_tag","embeddable":true,"href":"https:\/\/pharmacy-tlv.com\/pt\/wp-json\/wp\/v2\/product_tag?post=1377"}],"curies":[{"name":"wp","href":"https:\/\/api.w.org\/{rel}","templated":true}]}}