{"id":1374,"date":"2025-05-15T18:23:13","date_gmt":"2025-05-15T18:23:13","guid":{"rendered":"https:\/\/pharmacy-tlv.com\/?post_type=product&#038;p=1374"},"modified":"2025-05-23T13:24:19","modified_gmt":"2025-05-23T13:24:19","slug":"laxadina-30t","status":"publish","type":"product","link":"https:\/\/pharmacy-tlv.com\/pt\/loja\/saude-geral\/laxadina-30t\/","title":{"rendered":"Laxadina (30t)"},"content":{"rendered":"<p data-start=\"76\" data-end=\"213\">Laxadina<\/p>\n<p data-start=\"76\" data-end=\"213\"><strong data-start=\"76\" data-end=\"90\">Aplicativo<\/strong><br data-start=\"90\" data-end=\"93\" \/>O medicamento \u00e9 usado para aliviar os sintomas da constipa\u00e7\u00e3o, melhorar a motilidade intestinal e restaurar a regularidade das fezes.<\/p>\n<p data-start=\"215\" data-end=\"292\"><strong data-start=\"215\" data-end=\"226\">Causas<\/strong><br data-start=\"226\" data-end=\"229\" \/>Constipa\u00e7\u00e3o cr\u00f4nica<br data-start=\"246\" data-end=\"249\" \/>Disfun\u00e7\u00e3o intestinal<br data-start=\"275\" data-end=\"278\" \/>Reten\u00e7\u00e3o de fezes<\/p>\n<p data-start=\"294\" data-end=\"427\"><strong data-start=\"294\" data-end=\"314\">Propriedades do tratamento<\/strong><br data-start=\"314\" data-end=\"317\" \/>Estimula o funcionamento do intestino<br data-start=\"345\" data-end=\"348\" \/>Proporciona movimentos intestinais suaves e regulares<br data-start=\"392\" data-end=\"395\" \/>Reduz o desconforto associado \u00e0 constipa\u00e7\u00e3o<\/p>\n<p data-start=\"429\" data-end=\"485\"><strong data-start=\"429\" data-end=\"446\">Formul\u00e1rio de libera\u00e7\u00e3o<\/strong><br data-start=\"446\" data-end=\"449\" \/>Comprimidos para administra\u00e7\u00e3o oral<\/p>\n<p data-start=\"487\" data-end=\"511\"><strong data-start=\"487\" data-end=\"504\">Fabricante<\/strong><br data-start=\"504\" data-end=\"507\" \/>Teva<\/p>\n<p data-start=\"513\" data-end=\"558\"><strong data-start=\"513\" data-end=\"534\">Ingredientes ativos<\/strong><br data-start=\"534\" data-end=\"537\" \/>Visacodil (Bisacodil)<\/p>\n<p data-start=\"560\" data-end=\"673\"><em data-start=\"560\" data-end=\"673\">#Laxadine #LaxadineFromConstipation #Visacodyl #Bisacodyl #LaxadinIsrael #Constipation #ConstipationTreatment #Teva#Laxatin#Laxatin#Laksatin<\/em><\/p>","protected":false},"excerpt":{"rendered":"<p>O Laxadine com visacodil ajuda na constipa\u00e7\u00e3o, estimulando o funcionamento normal do intestino e garantindo movimentos intestinais regulares.<\/p>","protected":false},"featured_media":983,"template":"","meta":[],"product_brand":[],"product_cat":[47,33],"product_tag":[],"class_list":{"0":"post-1374","1":"product","2":"type-product","3":"status-publish","4":"has-post-thumbnail","6":"product_cat-all-medications","7":"product_cat-general-health","9":"first","10":"instock","11":"shipping-taxable","12":"purchasable","13":"product-type-simple"},"yoast_head":"<!-- This site is optimized with the Yoast SEO plugin v25.1 - https:\/\/yoast.com\/wordpress\/plugins\/seo\/ -->\n<title>Laxadin (30t) - Buy in Israel | Fast Delivery!<\/title>\n<meta name=\"description\" content=\"Laxadine with visacodil helps with constipation by stimulating normal bowel function and ensuring regular bowel movements.\" \/>\n<meta name=\"robots\" content=\"index, follow, max-snippet:-1, max-image-preview:large, max-video-preview:-1\" \/>\n<link rel=\"canonical\" href=\"https:\/\/pharmacy-tlv.com\/pt\/loja\/saude-geral\/laxadina-30t\/\" \/>\n<meta property=\"og:locale\" content=\"pt_BR\" \/>\n<meta property=\"og:type\" content=\"article\" \/>\n<meta property=\"og:title\" content=\"Laxadin (30t) - Buy in Israel | Fast Delivery!\" \/>\n<meta property=\"og:description\" content=\"Laxadine with visacodil helps with constipation by stimulating normal bowel function and ensuring regular bowel movements.\" \/>\n<meta property=\"og:url\" content=\"https:\/\/pharmacy-tlv.com\/pt\/loja\/saude-geral\/laxadina-30t\/\" \/>\n<meta property=\"og:site_name\" content=\"Pharmacy TLV\" \/>\n<meta property=\"article:modified_time\" content=\"2025-05-23T13:24:19+00:00\" \/>\n<meta property=\"og:image\" content=\"https:\/\/mlz1smk5t7q7.i.optimole.com\/cb:lQg3.de6\/w:auto\/h:auto\/q:mauto\/https:\/\/pharmacy-tlv.com\/wp-content\/uploads\/2025\/05\/laxadin-30-tabletok-israel.png\" \/>\n\t<meta property=\"og:image:width\" content=\"300\" \/>\n\t<meta property=\"og:image:height\" content=\"300\" \/>\n\t<meta property=\"og:image:type\" content=\"image\/png\" \/>\n<meta name=\"twitter:card\" content=\"summary_large_image\" \/>\n<meta name=\"twitter:label1\" content=\"Est. tempo de leitura\" \/>\n\t<meta name=\"twitter:data1\" content=\"1 minuto\" \/>\n<script type=\"application\/ld+json\" class=\"yoast-schema-graph\">{\"@context\":\"https:\/\/schema.org\",\"@graph\":[{\"@type\":\"WebPage\",\"@id\":\"https:\/\/pharmacy-tlv.com\/shop\/general-health\/laxadin-30t\/\",\"url\":\"https:\/\/pharmacy-tlv.com\/shop\/general-health\/laxadin-30t\/\",\"name\":\"Laxadin (30t) - Buy in Israel | Fast Delivery!\",\"isPartOf\":{\"@id\":\"https:\/\/pharmacy-tlv.com\/#website\"},\"primaryImageOfPage\":{\"@id\":\"https:\/\/pharmacy-tlv.com\/shop\/general-health\/laxadin-30t\/#primaryimage\"},\"image\":{\"@id\":\"https:\/\/pharmacy-tlv.com\/shop\/general-health\/laxadin-30t\/#primaryimage\"},\"thumbnailUrl\":\"https:\/\/mlz1smk5t7q7.i.optimole.com\/cb:lQg3.de6\/w:auto\/h:auto\/q:mauto\/https:\/\/pharmacy-tlv.com\/wp-content\/uploads\/2025\/05\/laxadin-30-tabletok-israel.png\",\"datePublished\":\"2025-05-15T18:23:13+00:00\",\"dateModified\":\"2025-05-23T13:24:19+00:00\",\"description\":\"Laxadine with visacodil helps with constipation by stimulating normal bowel function and ensuring regular bowel movements.\",\"breadcrumb\":{\"@id\":\"https:\/\/pharmacy-tlv.com\/shop\/general-health\/laxadin-30t\/#breadcrumb\"},\"inLanguage\":\"pt-BR\",\"potentialAction\":[{\"@type\":\"ReadAction\",\"target\":[\"https:\/\/pharmacy-tlv.com\/shop\/general-health\/laxadin-30t\/\"]}]},{\"@type\":\"ImageObject\",\"inLanguage\":\"pt-BR\",\"@id\":\"https:\/\/pharmacy-tlv.com\/shop\/general-health\/laxadin-30t\/#primaryimage\",\"url\":\"https:\/\/mlz1smk5t7q7.i.optimole.com\/cb:lQg3.de6\/w:auto\/h:auto\/q:mauto\/https:\/\/pharmacy-tlv.com\/wp-content\/uploads\/2025\/05\/laxadin-30-tabletok-israel.png\",\"contentUrl\":\"https:\/\/mlz1smk5t7q7.i.optimole.com\/cb:lQg3.de6\/w:auto\/h:auto\/q:mauto\/https:\/\/pharmacy-tlv.com\/wp-content\/uploads\/2025\/05\/laxadin-30-tabletok-israel.png\",\"width\":300,\"height\":300,\"caption\":\"laxadin-30-tabletok-israel\"},{\"@type\":\"BreadcrumbList\",\"@id\":\"https:\/\/pharmacy-tlv.com\/shop\/general-health\/laxadin-30t\/#breadcrumb\",\"itemListElement\":[{\"@type\":\"ListItem\",\"position\":1,\"name\":\"Home\",\"item\":\"https:\/\/pharmacy-tlv.com\/\"},{\"@type\":\"ListItem\",\"position\":2,\"name\":\"Medications\",\"item\":\"https:\/\/pharmacy-tlv.com\/shop\/\"},{\"@type\":\"ListItem\",\"position\":3,\"name\":\"Laxadin (30t)\"}]},{\"@type\":\"WebSite\",\"@id\":\"https:\/\/pharmacy-tlv.com\/#website\",\"url\":\"https:\/\/pharmacy-tlv.com\/\",\"name\":\"Pharmacy TLV\",\"description\":\"Trusted Israeli Medications\",\"publisher\":{\"@id\":\"https:\/\/pharmacy-tlv.com\/#organization\"},\"alternateName\":\"Pharmacy-TLV\",\"potentialAction\":[{\"@type\":\"SearchAction\",\"target\":{\"@type\":\"EntryPoint\",\"urlTemplate\":\"https:\/\/pharmacy-tlv.com\/?s={search_term_string}\"},\"query-input\":{\"@type\":\"PropertyValueSpecification\",\"valueRequired\":true,\"valueName\":\"search_term_string\"}}],\"inLanguage\":\"pt-BR\"},{\"@type\":\"Organization\",\"@id\":\"https:\/\/pharmacy-tlv.com\/#organization\",\"name\":\"Pharmacy TLV\",\"alternateName\":\"Pharmacy-TLV\",\"url\":\"https:\/\/pharmacy-tlv.com\/\",\"logo\":{\"@type\":\"ImageObject\",\"inLanguage\":\"pt-BR\",\"@id\":\"https:\/\/pharmacy-tlv.com\/#\/schema\/logo\/image\/\",\"url\":\"https:\/\/mlz1smk5t7q7.i.optimole.com\/cb:lQg3.de6\/w:auto\/h:auto\/q:mauto\/https:\/\/pharmacy-tlv.com\/wp-content\/uploads\/2025\/05\/pharmacy-white.png\",\"contentUrl\":\"https:\/\/mlz1smk5t7q7.i.optimole.com\/cb:lQg3.de6\/w:auto\/h:auto\/q:mauto\/https:\/\/pharmacy-tlv.com\/wp-content\/uploads\/2025\/05\/pharmacy-white.png\",\"width\":500,\"height\":500,\"caption\":\"Pharmacy TLV\"},\"image\":{\"@id\":\"https:\/\/pharmacy-tlv.com\/#\/schema\/logo\/image\/\"}}]}<\/script>\n<!-- \/ Yoast SEO plugin. -->","yoast_head_json":{"title":"Laxadin (30t) - Comprar em Israel | Entrega r\u00e1pida!","description":"O Laxadine com visacodil ajuda na constipa\u00e7\u00e3o, estimulando o funcionamento normal do intestino e garantindo movimentos intestinais regulares.","robots":{"index":"index","follow":"follow","max-snippet":"max-snippet:-1","max-image-preview":"max-image-preview:large","max-video-preview":"max-video-preview:-1"},"canonical":"https:\/\/pharmacy-tlv.com\/pt\/loja\/saude-geral\/laxadina-30t\/","og_locale":"pt_BR","og_type":"article","og_title":"Laxadin (30t) - Buy in Israel | Fast Delivery!","og_description":"Laxadine with visacodil helps with constipation by stimulating normal bowel function and ensuring regular bowel movements.","og_url":"https:\/\/pharmacy-tlv.com\/pt\/loja\/saude-geral\/laxadina-30t\/","og_site_name":"Pharmacy TLV","article_modified_time":"2025-05-23T13:24:19+00:00","og_image":[{"width":300,"height":300,"url":"https:\/\/mlz1smk5t7q7.i.optimole.com\/cb:lQg3.de6\/w:auto\/h:auto\/q:mauto\/https:\/\/pharmacy-tlv.com\/wp-content\/uploads\/2025\/05\/laxadin-30-tabletok-israel.png","type":"image\/png"}],"twitter_card":"summary_large_image","twitter_misc":{"Est. tempo de leitura":"1 minuto"},"schema":{"@context":"https:\/\/schema.org","@graph":[{"@type":"WebPage","@id":"https:\/\/pharmacy-tlv.com\/shop\/general-health\/laxadin-30t\/","url":"https:\/\/pharmacy-tlv.com\/shop\/general-health\/laxadin-30t\/","name":"Laxadin (30t) - Comprar em Israel | Entrega r\u00e1pida!","isPartOf":{"@id":"https:\/\/pharmacy-tlv.com\/#website"},"primaryImageOfPage":{"@id":"https:\/\/pharmacy-tlv.com\/shop\/general-health\/laxadin-30t\/#primaryimage"},"image":{"@id":"https:\/\/pharmacy-tlv.com\/shop\/general-health\/laxadin-30t\/#primaryimage"},"thumbnailUrl":"https:\/\/mlz1smk5t7q7.i.optimole.com\/cb:lQg3.de6\/w:auto\/h:auto\/q:mauto\/https:\/\/pharmacy-tlv.com\/wp-content\/uploads\/2025\/05\/laxadin-30-tabletok-israel.png","datePublished":"2025-05-15T18:23:13+00:00","dateModified":"2025-05-23T13:24:19+00:00","description":"O Laxadine com visacodil ajuda na constipa\u00e7\u00e3o, estimulando o funcionamento normal do intestino e garantindo movimentos intestinais regulares.","breadcrumb":{"@id":"https:\/\/pharmacy-tlv.com\/shop\/general-health\/laxadin-30t\/#breadcrumb"},"inLanguage":"pt-BR","potentialAction":[{"@type":"ReadAction","target":["https:\/\/pharmacy-tlv.com\/shop\/general-health\/laxadin-30t\/"]}]},{"@type":"ImageObject","inLanguage":"pt-BR","@id":"https:\/\/pharmacy-tlv.com\/shop\/general-health\/laxadin-30t\/#primaryimage","url":"https:\/\/mlz1smk5t7q7.i.optimole.com\/cb:lQg3.de6\/w:auto\/h:auto\/q:mauto\/https:\/\/pharmacy-tlv.com\/wp-content\/uploads\/2025\/05\/laxadin-30-tabletok-israel.png","contentUrl":"https:\/\/mlz1smk5t7q7.i.optimole.com\/cb:lQg3.de6\/w:auto\/h:auto\/q:mauto\/https:\/\/pharmacy-tlv.com\/wp-content\/uploads\/2025\/05\/laxadin-30-tabletok-israel.png","width":300,"height":300,"caption":"laxadin-30-tabletok-israel"},{"@type":"BreadcrumbList","@id":"https:\/\/pharmacy-tlv.com\/shop\/general-health\/laxadin-30t\/#breadcrumb","itemListElement":[{"@type":"ListItem","position":1,"name":"Home","item":"https:\/\/pharmacy-tlv.com\/"},{"@type":"ListItem","position":2,"name":"Medications","item":"https:\/\/pharmacy-tlv.com\/shop\/"},{"@type":"ListItem","position":3,"name":"Laxadin (30t)"}]},{"@type":"WebSite","@id":"https:\/\/pharmacy-tlv.com\/#website","url":"https:\/\/pharmacy-tlv.com\/","name":"Farm\u00e1cia TLV","description":"Medicamentos israelenses de confian\u00e7a","publisher":{"@id":"https:\/\/pharmacy-tlv.com\/#organization"},"alternateName":"Pharmacy-TLV","potentialAction":[{"@type":"SearchAction","target":{"@type":"EntryPoint","urlTemplate":"https:\/\/pharmacy-tlv.com\/?s={search_term_string}"},"query-input":{"@type":"PropertyValueSpecification","valueRequired":true,"valueName":"search_term_string"}}],"inLanguage":"pt-BR"},{"@type":"Organization","@id":"https:\/\/pharmacy-tlv.com\/#organization","name":"Farm\u00e1cia TLV","alternateName":"Pharmacy-TLV","url":"https:\/\/pharmacy-tlv.com\/","logo":{"@type":"ImageObject","inLanguage":"pt-BR","@id":"https:\/\/pharmacy-tlv.com\/#\/schema\/logo\/image\/","url":"https:\/\/mlz1smk5t7q7.i.optimole.com\/cb:lQg3.de6\/w:auto\/h:auto\/q:mauto\/https:\/\/pharmacy-tlv.com\/wp-content\/uploads\/2025\/05\/pharmacy-white.png","contentUrl":"https:\/\/mlz1smk5t7q7.i.optimole.com\/cb:lQg3.de6\/w:auto\/h:auto\/q:mauto\/https:\/\/pharmacy-tlv.com\/wp-content\/uploads\/2025\/05\/pharmacy-white.png","width":500,"height":500,"caption":"Pharmacy TLV"},"image":{"@id":"https:\/\/pharmacy-tlv.com\/#\/schema\/logo\/image\/"}}]}},"_links":{"self":[{"href":"https:\/\/pharmacy-tlv.com\/pt\/wp-json\/wp\/v2\/product\/1374","targetHints":{"allow":["GET"]}}],"collection":[{"href":"https:\/\/pharmacy-tlv.com\/pt\/wp-json\/wp\/v2\/product"}],"about":[{"href":"https:\/\/pharmacy-tlv.com\/pt\/wp-json\/wp\/v2\/types\/product"}],"wp:featuredmedia":[{"embeddable":true,"href":"https:\/\/pharmacy-tlv.com\/pt\/wp-json\/wp\/v2\/media\/983"}],"wp:attachment":[{"href":"https:\/\/pharmacy-tlv.com\/pt\/wp-json\/wp\/v2\/media?parent=1374"}],"wp:term":[{"taxonomy":"product_brand","embeddable":true,"href":"https:\/\/pharmacy-tlv.com\/pt\/wp-json\/wp\/v2\/product_brand?post=1374"},{"taxonomy":"product_cat","embeddable":true,"href":"https:\/\/pharmacy-tlv.com\/pt\/wp-json\/wp\/v2\/product_cat?post=1374"},{"taxonomy":"product_tag","embeddable":true,"href":"https:\/\/pharmacy-tlv.com\/pt\/wp-json\/wp\/v2\/product_tag?post=1374"}],"curies":[{"name":"wp","href":"https:\/\/api.w.org\/{rel}","templated":true}]}}