{"id":1373,"date":"2025-05-15T18:23:13","date_gmt":"2025-05-15T18:23:13","guid":{"rendered":"https:\/\/pharmacy-tlv.com\/?post_type=product&#038;p=1373"},"modified":"2025-05-23T13:24:31","modified_gmt":"2025-05-23T13:24:31","slug":"creme-tevacutan","status":"publish","type":"product","link":"https:\/\/pharmacy-tlv.com\/pt\/loja\/alivio-da-dor\/creme-tevacutan\/","title":{"rendered":"Creme de Tevacutan"},"content":{"rendered":"<p data-start=\"0\" data-end=\"25\">Tevacuten creme (pomada)<\/p>\n<p data-start=\"27\" data-end=\"169\"><strong data-start=\"27\" data-end=\"41\">Aplicativo<\/strong><br data-start=\"41\" data-end=\"44\" \/>O medicamento \u00e9 usado para o tratamento local de inflama\u00e7\u00e3o da pele, dor nas articula\u00e7\u00f5es, bem como para o tratamento de les\u00f5es, contus\u00f5es e entorses.<\/p>\n<p data-start=\"171\" data-end=\"248\"><strong data-start=\"171\" data-end=\"182\">Causas<\/strong><br data-start=\"182\" data-end=\"185\" \/>Inflama\u00e7\u00e3o da pele<br data-start=\"200\" data-end=\"203\" \/>Contus\u00f5es e entorses<br data-start=\"221\" data-end=\"224\" \/>Dor nas articula\u00e7\u00f5es e nos m\u00fasculos<\/p>\n<p data-start=\"250\" data-end=\"359\"><strong data-start=\"250\" data-end=\"270\">Propriedades do tratamento<\/strong><br data-start=\"270\" data-end=\"273\" \/>Efeito anti-inflamat\u00f3rio<br data-start=\"303\" data-end=\"306\" \/>Efeito analg\u00e9sico<br data-start=\"329\" data-end=\"332\" \/>Acelera\u00e7\u00e3o da cicatriza\u00e7\u00e3o de tecidos<\/p>\n<p data-start=\"361\" data-end=\"410\"><strong data-start=\"361\" data-end=\"378\">Forma de libera\u00e7\u00e3o<\/strong><br data-start=\"378\" data-end=\"381\" \/>Creme para uso externo<\/p>\n<p data-start=\"412\" data-end=\"436\"><strong data-start=\"412\" data-end=\"429\">Fabricante<\/strong><br data-start=\"429\" data-end=\"432\" \/>Teva<\/p>\n<p data-start=\"438\" data-end=\"499\"><strong data-start=\"438\" data-end=\"459\">Subst\u00e2ncias ativas<\/strong><br data-start=\"459\" data-end=\"462\" \/>Clotrimazol 1%; neomicina 0,64%; dexametasona 0,044%<\/p>\n<p>Clotrimazol 1%; Neomicina 0,64%; Dexametasona 0,044%<\/p>\n<p data-start=\"501\" data-end=\"659\"><em data-start=\"501\" data-end=\"659\">#Tevacuten #Tevacutan#TevacutanCream #Tevacutan#DiclofenacSodium #TevacutanIsrael #TevacutenIsrael #Anti-inflamat\u00f3rio #Painkillers #JointPain #Ointments #Teva#Tevacuten Ointment<\/em><\/p>","protected":false},"excerpt":{"rendered":"<p>O creme Tevacuten ajuda na inflama\u00e7\u00e3o da pele, dores nas articula\u00e7\u00f5es e les\u00f5es, acelerando o processo de cura.<\/p>","protected":false},"featured_media":982,"template":"","meta":[],"product_brand":[],"product_cat":[47,33,32],"product_tag":[],"class_list":{"0":"post-1373","1":"product","2":"type-product","3":"status-publish","4":"has-post-thumbnail","6":"product_cat-all-medications","7":"product_cat-general-health","8":"product_cat-pain-relief","10":"first","11":"instock","12":"shipping-taxable","13":"purchasable","14":"product-type-simple"},"yoast_head":"<!-- This site is optimized with the Yoast SEO plugin v25.1 - https:\/\/yoast.com\/wordpress\/plugins\/seo\/ -->\n<title>Tevacutan cream - Buy in Israel | Fast Delivery!<\/title>\n<meta name=\"description\" content=\"Tevacuten cream helps with skin inflammation, joint pain and injuries, accelerating the healing process.\" \/>\n<meta name=\"robots\" content=\"index, follow, max-snippet:-1, max-image-preview:large, max-video-preview:-1\" \/>\n<link rel=\"canonical\" href=\"https:\/\/pharmacy-tlv.com\/pt\/loja\/alivio-da-dor\/creme-tevacutan\/\" \/>\n<meta property=\"og:locale\" content=\"pt_BR\" \/>\n<meta property=\"og:type\" content=\"article\" \/>\n<meta property=\"og:title\" content=\"Tevacutan cream - Buy in Israel | Fast Delivery!\" \/>\n<meta property=\"og:description\" content=\"Tevacuten cream helps with skin inflammation, joint pain and injuries, accelerating the healing process.\" \/>\n<meta property=\"og:url\" content=\"https:\/\/pharmacy-tlv.com\/pt\/loja\/alivio-da-dor\/creme-tevacutan\/\" \/>\n<meta property=\"og:site_name\" content=\"Pharmacy TLV\" \/>\n<meta property=\"article:modified_time\" content=\"2025-05-23T13:24:31+00:00\" \/>\n<meta property=\"og:image\" content=\"https:\/\/mlz1smk5t7q7.i.optimole.com\/cb:lQg3.de6\/w:auto\/h:auto\/q:mauto\/https:\/\/pharmacy-tlv.com\/wp-content\/uploads\/2025\/05\/tevacutan-cream-israel.png\" \/>\n\t<meta property=\"og:image:width\" content=\"300\" \/>\n\t<meta property=\"og:image:height\" content=\"300\" \/>\n\t<meta property=\"og:image:type\" content=\"image\/png\" \/>\n<meta name=\"twitter:card\" content=\"summary_large_image\" \/>\n<meta name=\"twitter:label1\" content=\"Est. tempo de leitura\" \/>\n\t<meta name=\"twitter:data1\" content=\"1 minuto\" \/>\n<script type=\"application\/ld+json\" class=\"yoast-schema-graph\">{\"@context\":\"https:\/\/schema.org\",\"@graph\":[{\"@type\":\"WebPage\",\"@id\":\"https:\/\/pharmacy-tlv.com\/shop\/pain-relief\/tevacutan-cream\/\",\"url\":\"https:\/\/pharmacy-tlv.com\/shop\/pain-relief\/tevacutan-cream\/\",\"name\":\"Tevacutan cream - Buy in Israel | Fast Delivery!\",\"isPartOf\":{\"@id\":\"https:\/\/pharmacy-tlv.com\/#website\"},\"primaryImageOfPage\":{\"@id\":\"https:\/\/pharmacy-tlv.com\/shop\/pain-relief\/tevacutan-cream\/#primaryimage\"},\"image\":{\"@id\":\"https:\/\/pharmacy-tlv.com\/shop\/pain-relief\/tevacutan-cream\/#primaryimage\"},\"thumbnailUrl\":\"https:\/\/mlz1smk5t7q7.i.optimole.com\/cb:lQg3.de6\/w:auto\/h:auto\/q:mauto\/https:\/\/pharmacy-tlv.com\/wp-content\/uploads\/2025\/05\/tevacutan-cream-israel.png\",\"datePublished\":\"2025-05-15T18:23:13+00:00\",\"dateModified\":\"2025-05-23T13:24:31+00:00\",\"description\":\"Tevacuten cream helps with skin inflammation, joint pain and injuries, accelerating the healing process.\",\"breadcrumb\":{\"@id\":\"https:\/\/pharmacy-tlv.com\/shop\/pain-relief\/tevacutan-cream\/#breadcrumb\"},\"inLanguage\":\"pt-BR\",\"potentialAction\":[{\"@type\":\"ReadAction\",\"target\":[\"https:\/\/pharmacy-tlv.com\/shop\/pain-relief\/tevacutan-cream\/\"]}]},{\"@type\":\"ImageObject\",\"inLanguage\":\"pt-BR\",\"@id\":\"https:\/\/pharmacy-tlv.com\/shop\/pain-relief\/tevacutan-cream\/#primaryimage\",\"url\":\"https:\/\/mlz1smk5t7q7.i.optimole.com\/cb:lQg3.de6\/w:auto\/h:auto\/q:mauto\/https:\/\/pharmacy-tlv.com\/wp-content\/uploads\/2025\/05\/tevacutan-cream-israel.png\",\"contentUrl\":\"https:\/\/mlz1smk5t7q7.i.optimole.com\/cb:lQg3.de6\/w:auto\/h:auto\/q:mauto\/https:\/\/pharmacy-tlv.com\/wp-content\/uploads\/2025\/05\/tevacutan-cream-israel.png\",\"width\":300,\"height\":300,\"caption\":\"tevacutan cream israel\"},{\"@type\":\"BreadcrumbList\",\"@id\":\"https:\/\/pharmacy-tlv.com\/shop\/pain-relief\/tevacutan-cream\/#breadcrumb\",\"itemListElement\":[{\"@type\":\"ListItem\",\"position\":1,\"name\":\"Home\",\"item\":\"https:\/\/pharmacy-tlv.com\/\"},{\"@type\":\"ListItem\",\"position\":2,\"name\":\"Medications\",\"item\":\"https:\/\/pharmacy-tlv.com\/shop\/\"},{\"@type\":\"ListItem\",\"position\":3,\"name\":\"Tevacutan cream\"}]},{\"@type\":\"WebSite\",\"@id\":\"https:\/\/pharmacy-tlv.com\/#website\",\"url\":\"https:\/\/pharmacy-tlv.com\/\",\"name\":\"Pharmacy TLV\",\"description\":\"Trusted Israeli Medications\",\"publisher\":{\"@id\":\"https:\/\/pharmacy-tlv.com\/#organization\"},\"alternateName\":\"Pharmacy-TLV\",\"potentialAction\":[{\"@type\":\"SearchAction\",\"target\":{\"@type\":\"EntryPoint\",\"urlTemplate\":\"https:\/\/pharmacy-tlv.com\/?s={search_term_string}\"},\"query-input\":{\"@type\":\"PropertyValueSpecification\",\"valueRequired\":true,\"valueName\":\"search_term_string\"}}],\"inLanguage\":\"pt-BR\"},{\"@type\":\"Organization\",\"@id\":\"https:\/\/pharmacy-tlv.com\/#organization\",\"name\":\"Pharmacy TLV\",\"alternateName\":\"Pharmacy-TLV\",\"url\":\"https:\/\/pharmacy-tlv.com\/\",\"logo\":{\"@type\":\"ImageObject\",\"inLanguage\":\"pt-BR\",\"@id\":\"https:\/\/pharmacy-tlv.com\/#\/schema\/logo\/image\/\",\"url\":\"https:\/\/mlz1smk5t7q7.i.optimole.com\/cb:lQg3.de6\/w:auto\/h:auto\/q:mauto\/https:\/\/pharmacy-tlv.com\/wp-content\/uploads\/2025\/05\/pharmacy-white.png\",\"contentUrl\":\"https:\/\/mlz1smk5t7q7.i.optimole.com\/cb:lQg3.de6\/w:auto\/h:auto\/q:mauto\/https:\/\/pharmacy-tlv.com\/wp-content\/uploads\/2025\/05\/pharmacy-white.png\",\"width\":500,\"height\":500,\"caption\":\"Pharmacy TLV\"},\"image\":{\"@id\":\"https:\/\/pharmacy-tlv.com\/#\/schema\/logo\/image\/\"}}]}<\/script>\n<!-- \/ Yoast SEO plugin. -->","yoast_head_json":{"title":"Tevacutan cream - Comprar em Israel - Entrega r\u00e1pida!","description":"O creme Tevacuten ajuda na inflama\u00e7\u00e3o da pele, dores nas articula\u00e7\u00f5es e les\u00f5es, acelerando o processo de cura.","robots":{"index":"index","follow":"follow","max-snippet":"max-snippet:-1","max-image-preview":"max-image-preview:large","max-video-preview":"max-video-preview:-1"},"canonical":"https:\/\/pharmacy-tlv.com\/pt\/loja\/alivio-da-dor\/creme-tevacutan\/","og_locale":"pt_BR","og_type":"article","og_title":"Tevacutan cream - Buy in Israel | Fast Delivery!","og_description":"Tevacuten cream helps with skin inflammation, joint pain and injuries, accelerating the healing process.","og_url":"https:\/\/pharmacy-tlv.com\/pt\/loja\/alivio-da-dor\/creme-tevacutan\/","og_site_name":"Pharmacy TLV","article_modified_time":"2025-05-23T13:24:31+00:00","og_image":[{"width":300,"height":300,"url":"https:\/\/mlz1smk5t7q7.i.optimole.com\/cb:lQg3.de6\/w:auto\/h:auto\/q:mauto\/https:\/\/pharmacy-tlv.com\/wp-content\/uploads\/2025\/05\/tevacutan-cream-israel.png","type":"image\/png"}],"twitter_card":"summary_large_image","twitter_misc":{"Est. tempo de leitura":"1 minuto"},"schema":{"@context":"https:\/\/schema.org","@graph":[{"@type":"WebPage","@id":"https:\/\/pharmacy-tlv.com\/shop\/pain-relief\/tevacutan-cream\/","url":"https:\/\/pharmacy-tlv.com\/shop\/pain-relief\/tevacutan-cream\/","name":"Tevacutan cream - Comprar em Israel - Entrega r\u00e1pida!","isPartOf":{"@id":"https:\/\/pharmacy-tlv.com\/#website"},"primaryImageOfPage":{"@id":"https:\/\/pharmacy-tlv.com\/shop\/pain-relief\/tevacutan-cream\/#primaryimage"},"image":{"@id":"https:\/\/pharmacy-tlv.com\/shop\/pain-relief\/tevacutan-cream\/#primaryimage"},"thumbnailUrl":"https:\/\/mlz1smk5t7q7.i.optimole.com\/cb:lQg3.de6\/w:auto\/h:auto\/q:mauto\/https:\/\/pharmacy-tlv.com\/wp-content\/uploads\/2025\/05\/tevacutan-cream-israel.png","datePublished":"2025-05-15T18:23:13+00:00","dateModified":"2025-05-23T13:24:31+00:00","description":"O creme Tevacuten ajuda na inflama\u00e7\u00e3o da pele, dores nas articula\u00e7\u00f5es e les\u00f5es, acelerando o processo de cura.","breadcrumb":{"@id":"https:\/\/pharmacy-tlv.com\/shop\/pain-relief\/tevacutan-cream\/#breadcrumb"},"inLanguage":"pt-BR","potentialAction":[{"@type":"ReadAction","target":["https:\/\/pharmacy-tlv.com\/shop\/pain-relief\/tevacutan-cream\/"]}]},{"@type":"ImageObject","inLanguage":"pt-BR","@id":"https:\/\/pharmacy-tlv.com\/shop\/pain-relief\/tevacutan-cream\/#primaryimage","url":"https:\/\/mlz1smk5t7q7.i.optimole.com\/cb:lQg3.de6\/w:auto\/h:auto\/q:mauto\/https:\/\/pharmacy-tlv.com\/wp-content\/uploads\/2025\/05\/tevacutan-cream-israel.png","contentUrl":"https:\/\/mlz1smk5t7q7.i.optimole.com\/cb:lQg3.de6\/w:auto\/h:auto\/q:mauto\/https:\/\/pharmacy-tlv.com\/wp-content\/uploads\/2025\/05\/tevacutan-cream-israel.png","width":300,"height":300,"caption":"tevacutan cream israel"},{"@type":"BreadcrumbList","@id":"https:\/\/pharmacy-tlv.com\/shop\/pain-relief\/tevacutan-cream\/#breadcrumb","itemListElement":[{"@type":"ListItem","position":1,"name":"Home","item":"https:\/\/pharmacy-tlv.com\/"},{"@type":"ListItem","position":2,"name":"Medications","item":"https:\/\/pharmacy-tlv.com\/shop\/"},{"@type":"ListItem","position":3,"name":"Tevacutan cream"}]},{"@type":"WebSite","@id":"https:\/\/pharmacy-tlv.com\/#website","url":"https:\/\/pharmacy-tlv.com\/","name":"Farm\u00e1cia TLV","description":"Medicamentos israelenses de confian\u00e7a","publisher":{"@id":"https:\/\/pharmacy-tlv.com\/#organization"},"alternateName":"Pharmacy-TLV","potentialAction":[{"@type":"SearchAction","target":{"@type":"EntryPoint","urlTemplate":"https:\/\/pharmacy-tlv.com\/?s={search_term_string}"},"query-input":{"@type":"PropertyValueSpecification","valueRequired":true,"valueName":"search_term_string"}}],"inLanguage":"pt-BR"},{"@type":"Organization","@id":"https:\/\/pharmacy-tlv.com\/#organization","name":"Farm\u00e1cia TLV","alternateName":"Pharmacy-TLV","url":"https:\/\/pharmacy-tlv.com\/","logo":{"@type":"ImageObject","inLanguage":"pt-BR","@id":"https:\/\/pharmacy-tlv.com\/#\/schema\/logo\/image\/","url":"https:\/\/mlz1smk5t7q7.i.optimole.com\/cb:lQg3.de6\/w:auto\/h:auto\/q:mauto\/https:\/\/pharmacy-tlv.com\/wp-content\/uploads\/2025\/05\/pharmacy-white.png","contentUrl":"https:\/\/mlz1smk5t7q7.i.optimole.com\/cb:lQg3.de6\/w:auto\/h:auto\/q:mauto\/https:\/\/pharmacy-tlv.com\/wp-content\/uploads\/2025\/05\/pharmacy-white.png","width":500,"height":500,"caption":"Pharmacy TLV"},"image":{"@id":"https:\/\/pharmacy-tlv.com\/#\/schema\/logo\/image\/"}}]}},"_links":{"self":[{"href":"https:\/\/pharmacy-tlv.com\/pt\/wp-json\/wp\/v2\/product\/1373","targetHints":{"allow":["GET"]}}],"collection":[{"href":"https:\/\/pharmacy-tlv.com\/pt\/wp-json\/wp\/v2\/product"}],"about":[{"href":"https:\/\/pharmacy-tlv.com\/pt\/wp-json\/wp\/v2\/types\/product"}],"wp:featuredmedia":[{"embeddable":true,"href":"https:\/\/pharmacy-tlv.com\/pt\/wp-json\/wp\/v2\/media\/982"}],"wp:attachment":[{"href":"https:\/\/pharmacy-tlv.com\/pt\/wp-json\/wp\/v2\/media?parent=1373"}],"wp:term":[{"taxonomy":"product_brand","embeddable":true,"href":"https:\/\/pharmacy-tlv.com\/pt\/wp-json\/wp\/v2\/product_brand?post=1373"},{"taxonomy":"product_cat","embeddable":true,"href":"https:\/\/pharmacy-tlv.com\/pt\/wp-json\/wp\/v2\/product_cat?post=1373"},{"taxonomy":"product_tag","embeddable":true,"href":"https:\/\/pharmacy-tlv.com\/pt\/wp-json\/wp\/v2\/product_tag?post=1373"}],"curies":[{"name":"wp","href":"https:\/\/api.w.org\/{rel}","templated":true}]}}