{"id":1372,"date":"2025-05-15T18:23:13","date_gmt":"2025-05-15T18:23:13","guid":{"rendered":"https:\/\/pharmacy-tlv.com\/?post_type=product&#038;p=1372"},"modified":"2025-05-23T13:24:47","modified_gmt":"2025-05-23T13:24:47","slug":"muscol-20t","status":"publish","type":"product","link":"https:\/\/pharmacy-tlv.com\/pt\/loja\/alivio-da-dor\/muscol-20t\/","title":{"rendered":"Muscol (20t)"},"content":{"rendered":"<p data-start=\"84\" data-end=\"273\">M\u00fasculo<\/p>\n<p data-start=\"84\" data-end=\"273\"><strong data-start=\"84\" data-end=\"98\">Aplicativo<\/strong><br data-start=\"98\" data-end=\"101\" \/>O medicamento \u00e9 usado para aliviar a dor causada por espasmos musculares, bem como para tratar dores nas costas e no pesco\u00e7o causadas por v\u00e1rios processos inflamat\u00f3rios.<\/p>\n<p data-start=\"275\" data-end=\"368\"><strong data-start=\"275\" data-end=\"286\">Causas<\/strong><br data-start=\"286\" data-end=\"289\" \/>Espasmos e dores musculares<br data-start=\"311\" data-end=\"314\" \/>Dor nas costas e no pesco\u00e7o<br data-start=\"332\" data-end=\"335\" \/>Doen\u00e7as inflamat\u00f3rias agudas<\/p>\n<p data-start=\"370\" data-end=\"470\"><strong data-start=\"370\" data-end=\"390\">Propriedades do tratamento<\/strong><br data-start=\"390\" data-end=\"393\" \/>Efeito analg\u00e9sico<br data-start=\"416\" data-end=\"419\" \/>Efeito relaxante nos m\u00fasculos<br data-start=\"450\" data-end=\"453\" \/>Al\u00edvio da inflama\u00e7\u00e3o<\/p>\n<p data-start=\"472\" data-end=\"537\"><strong data-start=\"472\" data-end=\"489\">Forma de libera\u00e7\u00e3o<\/strong><br data-start=\"489\" data-end=\"492\" \/>Comprimidos orais (500 mg)<\/p>\n<p data-start=\"539\" data-end=\"563\"><strong data-start=\"539\" data-end=\"556\">Fabricante<\/strong><br data-start=\"556\" data-end=\"559\" \/>Teva<\/p>\n<p data-start=\"565\" data-end=\"641\"><strong data-start=\"565\" data-end=\"586\">Subst\u00e2ncias ativas<\/strong><br data-start=\"586\" data-end=\"589\" \/>Paracetamol<br data-start=\"614\" data-end=\"617\" \/>Ofenadrina<\/p>\n<p data-start=\"643\" data-end=\"793\"><em data-start=\"643\" data-end=\"793\">#Muscol #Muscol20tab #Paracetamol #Paracetamol #Ofenadrina #Ofenadrina #MuscolIsrael #MuscolIsrael #Painkillers #Mdor muscular #dor nas costas #Teva<\/em><\/p>","protected":false},"excerpt":{"rendered":"<p>Muscol ajuda a aliviar a dor e os espasmos musculares, aliviando a inflama\u00e7\u00e3o e o desconforto.<\/p>","protected":false},"featured_media":981,"template":"","meta":[],"product_brand":[],"product_cat":[47,33,32],"product_tag":[],"class_list":{"0":"post-1372","1":"product","2":"type-product","3":"status-publish","4":"has-post-thumbnail","6":"product_cat-all-medications","7":"product_cat-general-health","8":"product_cat-pain-relief","10":"first","11":"instock","12":"shipping-taxable","13":"purchasable","14":"product-type-simple"},"yoast_head":"<!-- This site is optimized with the Yoast SEO plugin v25.1 - https:\/\/yoast.com\/wordpress\/plugins\/seo\/ -->\n<title>Muscol (20t) - Buy in Israel | Fast Delivery!<\/title>\n<meta name=\"description\" content=\"Muscol helps relieve muscle pain and spasms by relieving inflammation and discomfort.\" \/>\n<meta name=\"robots\" content=\"index, follow, max-snippet:-1, max-image-preview:large, max-video-preview:-1\" \/>\n<link rel=\"canonical\" href=\"https:\/\/pharmacy-tlv.com\/pt\/loja\/alivio-da-dor\/muscol-20t\/\" \/>\n<meta property=\"og:locale\" content=\"pt_BR\" \/>\n<meta property=\"og:type\" content=\"article\" \/>\n<meta property=\"og:title\" content=\"Muscol (20t) - Buy in Israel | Fast Delivery!\" \/>\n<meta property=\"og:description\" content=\"Muscol helps relieve muscle pain and spasms by relieving inflammation and discomfort.\" \/>\n<meta property=\"og:url\" content=\"https:\/\/pharmacy-tlv.com\/pt\/loja\/alivio-da-dor\/muscol-20t\/\" \/>\n<meta property=\"og:site_name\" content=\"Pharmacy TLV\" \/>\n<meta property=\"article:modified_time\" content=\"2025-05-23T13:24:47+00:00\" \/>\n<meta property=\"og:image\" content=\"https:\/\/mlz1smk5t7q7.i.optimole.com\/cb:lQg3.de6\/w:auto\/h:auto\/q:mauto\/https:\/\/pharmacy-tlv.com\/wp-content\/uploads\/2025\/05\/muscol-20-tabletok-israel.jpg\" \/>\n\t<meta property=\"og:image:width\" content=\"600\" \/>\n\t<meta property=\"og:image:height\" content=\"500\" \/>\n\t<meta property=\"og:image:type\" content=\"image\/jpeg\" \/>\n<meta name=\"twitter:card\" content=\"summary_large_image\" \/>\n<meta name=\"twitter:label1\" content=\"Est. tempo de leitura\" \/>\n\t<meta name=\"twitter:data1\" content=\"1 minuto\" \/>\n<script type=\"application\/ld+json\" class=\"yoast-schema-graph\">{\"@context\":\"https:\/\/schema.org\",\"@graph\":[{\"@type\":\"WebPage\",\"@id\":\"https:\/\/pharmacy-tlv.com\/shop\/pain-relief\/muscol-20t\/\",\"url\":\"https:\/\/pharmacy-tlv.com\/shop\/pain-relief\/muscol-20t\/\",\"name\":\"Muscol (20t) - Buy in Israel | Fast Delivery!\",\"isPartOf\":{\"@id\":\"https:\/\/pharmacy-tlv.com\/#website\"},\"primaryImageOfPage\":{\"@id\":\"https:\/\/pharmacy-tlv.com\/shop\/pain-relief\/muscol-20t\/#primaryimage\"},\"image\":{\"@id\":\"https:\/\/pharmacy-tlv.com\/shop\/pain-relief\/muscol-20t\/#primaryimage\"},\"thumbnailUrl\":\"https:\/\/mlz1smk5t7q7.i.optimole.com\/cb:lQg3.de6\/w:auto\/h:auto\/q:mauto\/https:\/\/pharmacy-tlv.com\/wp-content\/uploads\/2025\/05\/muscol-20-tabletok-israel.jpg\",\"datePublished\":\"2025-05-15T18:23:13+00:00\",\"dateModified\":\"2025-05-23T13:24:47+00:00\",\"description\":\"Muscol helps relieve muscle pain and spasms by relieving inflammation and discomfort.\",\"breadcrumb\":{\"@id\":\"https:\/\/pharmacy-tlv.com\/shop\/pain-relief\/muscol-20t\/#breadcrumb\"},\"inLanguage\":\"pt-BR\",\"potentialAction\":[{\"@type\":\"ReadAction\",\"target\":[\"https:\/\/pharmacy-tlv.com\/shop\/pain-relief\/muscol-20t\/\"]}]},{\"@type\":\"ImageObject\",\"inLanguage\":\"pt-BR\",\"@id\":\"https:\/\/pharmacy-tlv.com\/shop\/pain-relief\/muscol-20t\/#primaryimage\",\"url\":\"https:\/\/mlz1smk5t7q7.i.optimole.com\/cb:lQg3.de6\/w:auto\/h:auto\/q:mauto\/https:\/\/pharmacy-tlv.com\/wp-content\/uploads\/2025\/05\/muscol-20-tabletok-israel.jpg\",\"contentUrl\":\"https:\/\/mlz1smk5t7q7.i.optimole.com\/cb:lQg3.de6\/w:auto\/h:auto\/q:mauto\/https:\/\/pharmacy-tlv.com\/wp-content\/uploads\/2025\/05\/muscol-20-tabletok-israel.jpg\",\"width\":600,\"height\":500,\"caption\":\"muscol 20 tabletok israel\"},{\"@type\":\"BreadcrumbList\",\"@id\":\"https:\/\/pharmacy-tlv.com\/shop\/pain-relief\/muscol-20t\/#breadcrumb\",\"itemListElement\":[{\"@type\":\"ListItem\",\"position\":1,\"name\":\"Home\",\"item\":\"https:\/\/pharmacy-tlv.com\/\"},{\"@type\":\"ListItem\",\"position\":2,\"name\":\"Medications\",\"item\":\"https:\/\/pharmacy-tlv.com\/shop\/\"},{\"@type\":\"ListItem\",\"position\":3,\"name\":\"Muscol (20t)\"}]},{\"@type\":\"WebSite\",\"@id\":\"https:\/\/pharmacy-tlv.com\/#website\",\"url\":\"https:\/\/pharmacy-tlv.com\/\",\"name\":\"Pharmacy TLV\",\"description\":\"Trusted Israeli Medications\",\"publisher\":{\"@id\":\"https:\/\/pharmacy-tlv.com\/#organization\"},\"alternateName\":\"Pharmacy-TLV\",\"potentialAction\":[{\"@type\":\"SearchAction\",\"target\":{\"@type\":\"EntryPoint\",\"urlTemplate\":\"https:\/\/pharmacy-tlv.com\/?s={search_term_string}\"},\"query-input\":{\"@type\":\"PropertyValueSpecification\",\"valueRequired\":true,\"valueName\":\"search_term_string\"}}],\"inLanguage\":\"pt-BR\"},{\"@type\":\"Organization\",\"@id\":\"https:\/\/pharmacy-tlv.com\/#organization\",\"name\":\"Pharmacy TLV\",\"alternateName\":\"Pharmacy-TLV\",\"url\":\"https:\/\/pharmacy-tlv.com\/\",\"logo\":{\"@type\":\"ImageObject\",\"inLanguage\":\"pt-BR\",\"@id\":\"https:\/\/pharmacy-tlv.com\/#\/schema\/logo\/image\/\",\"url\":\"https:\/\/mlz1smk5t7q7.i.optimole.com\/cb:lQg3.de6\/w:auto\/h:auto\/q:mauto\/https:\/\/pharmacy-tlv.com\/wp-content\/uploads\/2025\/05\/pharmacy-white.png\",\"contentUrl\":\"https:\/\/mlz1smk5t7q7.i.optimole.com\/cb:lQg3.de6\/w:auto\/h:auto\/q:mauto\/https:\/\/pharmacy-tlv.com\/wp-content\/uploads\/2025\/05\/pharmacy-white.png\",\"width\":500,\"height\":500,\"caption\":\"Pharmacy TLV\"},\"image\":{\"@id\":\"https:\/\/pharmacy-tlv.com\/#\/schema\/logo\/image\/\"}}]}<\/script>\n<!-- \/ Yoast SEO plugin. -->","yoast_head_json":{"title":"Muscol (20t) - Comprar em Israel | Entrega r\u00e1pida!","description":"Muscol ajuda a aliviar a dor e os espasmos musculares, aliviando a inflama\u00e7\u00e3o e o desconforto.","robots":{"index":"index","follow":"follow","max-snippet":"max-snippet:-1","max-image-preview":"max-image-preview:large","max-video-preview":"max-video-preview:-1"},"canonical":"https:\/\/pharmacy-tlv.com\/pt\/loja\/alivio-da-dor\/muscol-20t\/","og_locale":"pt_BR","og_type":"article","og_title":"Muscol (20t) - Buy in Israel | Fast Delivery!","og_description":"Muscol helps relieve muscle pain and spasms by relieving inflammation and discomfort.","og_url":"https:\/\/pharmacy-tlv.com\/pt\/loja\/alivio-da-dor\/muscol-20t\/","og_site_name":"Pharmacy TLV","article_modified_time":"2025-05-23T13:24:47+00:00","og_image":[{"width":600,"height":500,"url":"https:\/\/mlz1smk5t7q7.i.optimole.com\/cb:lQg3.de6\/w:auto\/h:auto\/q:mauto\/https:\/\/pharmacy-tlv.com\/wp-content\/uploads\/2025\/05\/muscol-20-tabletok-israel.jpg","type":"image\/jpeg"}],"twitter_card":"summary_large_image","twitter_misc":{"Est. tempo de leitura":"1 minuto"},"schema":{"@context":"https:\/\/schema.org","@graph":[{"@type":"WebPage","@id":"https:\/\/pharmacy-tlv.com\/shop\/pain-relief\/muscol-20t\/","url":"https:\/\/pharmacy-tlv.com\/shop\/pain-relief\/muscol-20t\/","name":"Muscol (20t) - Comprar em Israel | Entrega r\u00e1pida!","isPartOf":{"@id":"https:\/\/pharmacy-tlv.com\/#website"},"primaryImageOfPage":{"@id":"https:\/\/pharmacy-tlv.com\/shop\/pain-relief\/muscol-20t\/#primaryimage"},"image":{"@id":"https:\/\/pharmacy-tlv.com\/shop\/pain-relief\/muscol-20t\/#primaryimage"},"thumbnailUrl":"https:\/\/mlz1smk5t7q7.i.optimole.com\/cb:lQg3.de6\/w:auto\/h:auto\/q:mauto\/https:\/\/pharmacy-tlv.com\/wp-content\/uploads\/2025\/05\/muscol-20-tabletok-israel.jpg","datePublished":"2025-05-15T18:23:13+00:00","dateModified":"2025-05-23T13:24:47+00:00","description":"Muscol ajuda a aliviar a dor e os espasmos musculares, aliviando a inflama\u00e7\u00e3o e o desconforto.","breadcrumb":{"@id":"https:\/\/pharmacy-tlv.com\/shop\/pain-relief\/muscol-20t\/#breadcrumb"},"inLanguage":"pt-BR","potentialAction":[{"@type":"ReadAction","target":["https:\/\/pharmacy-tlv.com\/shop\/pain-relief\/muscol-20t\/"]}]},{"@type":"ImageObject","inLanguage":"pt-BR","@id":"https:\/\/pharmacy-tlv.com\/shop\/pain-relief\/muscol-20t\/#primaryimage","url":"https:\/\/mlz1smk5t7q7.i.optimole.com\/cb:lQg3.de6\/w:auto\/h:auto\/q:mauto\/https:\/\/pharmacy-tlv.com\/wp-content\/uploads\/2025\/05\/muscol-20-tabletok-israel.jpg","contentUrl":"https:\/\/mlz1smk5t7q7.i.optimole.com\/cb:lQg3.de6\/w:auto\/h:auto\/q:mauto\/https:\/\/pharmacy-tlv.com\/wp-content\/uploads\/2025\/05\/muscol-20-tabletok-israel.jpg","width":600,"height":500,"caption":"muscol 20 tabletok israel"},{"@type":"BreadcrumbList","@id":"https:\/\/pharmacy-tlv.com\/shop\/pain-relief\/muscol-20t\/#breadcrumb","itemListElement":[{"@type":"ListItem","position":1,"name":"Home","item":"https:\/\/pharmacy-tlv.com\/"},{"@type":"ListItem","position":2,"name":"Medications","item":"https:\/\/pharmacy-tlv.com\/shop\/"},{"@type":"ListItem","position":3,"name":"Muscol (20t)"}]},{"@type":"WebSite","@id":"https:\/\/pharmacy-tlv.com\/#website","url":"https:\/\/pharmacy-tlv.com\/","name":"Farm\u00e1cia TLV","description":"Medicamentos israelenses de confian\u00e7a","publisher":{"@id":"https:\/\/pharmacy-tlv.com\/#organization"},"alternateName":"Pharmacy-TLV","potentialAction":[{"@type":"SearchAction","target":{"@type":"EntryPoint","urlTemplate":"https:\/\/pharmacy-tlv.com\/?s={search_term_string}"},"query-input":{"@type":"PropertyValueSpecification","valueRequired":true,"valueName":"search_term_string"}}],"inLanguage":"pt-BR"},{"@type":"Organization","@id":"https:\/\/pharmacy-tlv.com\/#organization","name":"Farm\u00e1cia TLV","alternateName":"Pharmacy-TLV","url":"https:\/\/pharmacy-tlv.com\/","logo":{"@type":"ImageObject","inLanguage":"pt-BR","@id":"https:\/\/pharmacy-tlv.com\/#\/schema\/logo\/image\/","url":"https:\/\/mlz1smk5t7q7.i.optimole.com\/cb:lQg3.de6\/w:auto\/h:auto\/q:mauto\/https:\/\/pharmacy-tlv.com\/wp-content\/uploads\/2025\/05\/pharmacy-white.png","contentUrl":"https:\/\/mlz1smk5t7q7.i.optimole.com\/cb:lQg3.de6\/w:auto\/h:auto\/q:mauto\/https:\/\/pharmacy-tlv.com\/wp-content\/uploads\/2025\/05\/pharmacy-white.png","width":500,"height":500,"caption":"Pharmacy TLV"},"image":{"@id":"https:\/\/pharmacy-tlv.com\/#\/schema\/logo\/image\/"}}]}},"_links":{"self":[{"href":"https:\/\/pharmacy-tlv.com\/pt\/wp-json\/wp\/v2\/product\/1372","targetHints":{"allow":["GET"]}}],"collection":[{"href":"https:\/\/pharmacy-tlv.com\/pt\/wp-json\/wp\/v2\/product"}],"about":[{"href":"https:\/\/pharmacy-tlv.com\/pt\/wp-json\/wp\/v2\/types\/product"}],"wp:featuredmedia":[{"embeddable":true,"href":"https:\/\/pharmacy-tlv.com\/pt\/wp-json\/wp\/v2\/media\/981"}],"wp:attachment":[{"href":"https:\/\/pharmacy-tlv.com\/pt\/wp-json\/wp\/v2\/media?parent=1372"}],"wp:term":[{"taxonomy":"product_brand","embeddable":true,"href":"https:\/\/pharmacy-tlv.com\/pt\/wp-json\/wp\/v2\/product_brand?post=1372"},{"taxonomy":"product_cat","embeddable":true,"href":"https:\/\/pharmacy-tlv.com\/pt\/wp-json\/wp\/v2\/product_cat?post=1372"},{"taxonomy":"product_tag","embeddable":true,"href":"https:\/\/pharmacy-tlv.com\/pt\/wp-json\/wp\/v2\/product_tag?post=1372"}],"curies":[{"name":"wp","href":"https:\/\/api.w.org\/{rel}","templated":true}]}}