{"id":1368,"date":"2025-05-15T18:23:13","date_gmt":"2025-05-15T18:23:13","guid":{"rendered":"https:\/\/pharmacy-tlv.com\/?post_type=product&#038;p=1368"},"modified":"2025-06-04T01:02:00","modified_gmt":"2025-06-04T01:02:00","slug":"prolol-10-40mg-50t","status":"publish","type":"product","link":"https:\/\/pharmacy-tlv.com\/pt\/loja\/hipertensao\/prolol-10-40mg-50t\/","title":{"rendered":"Prolol 10\/40mg (50t)"},"content":{"rendered":"<p data-start=\"49\" data-end=\"73\">Prolol<\/p>\n<p data-start=\"75\" data-end=\"200\"><strong data-start=\"75\" data-end=\"89\">Aplicativo<\/strong><br data-start=\"89\" data-end=\"92\" \/>Usado para tratar hipertens\u00e3o, insufici\u00eancia card\u00edaca, angina de peito e prevenir infarto do mioc\u00e1rdio<\/p>\n<p data-start=\"202\" data-end=\"349\"><strong data-start=\"202\" data-end=\"213\">Causas<\/strong><br data-start=\"213\" data-end=\"216\" \/>Hipertens\u00e3o arterial (press\u00e3o alta)<br data-start=\"259\" data-end=\"262\" \/>Insufici\u00eancia card\u00edaca<br data-start=\"287\" data-end=\"290\" \/>Angina pectoris (dor no peito)<br data-start=\"316\" data-end=\"319\" \/>Preven\u00e7\u00e3o de infarto do mioc\u00e1rdio<\/p>\n<p data-start=\"351\" data-end=\"469\"><strong data-start=\"351\" data-end=\"371\">Propriedades do tratamento<\/strong><br data-start=\"371\" data-end=\"374\" \/>Redu\u00e7\u00e3o da press\u00e3o arterial<br data-start=\"405\" data-end=\"408\" \/>Melhoria da fun\u00e7\u00e3o card\u00edaca<br data-start=\"432\" data-end=\"435\" \/>Preven\u00e7\u00e3o de doen\u00e7as card\u00edacas<\/p>\n<p data-start=\"471\" data-end=\"542\"><strong data-start=\"471\" data-end=\"488\">Formul\u00e1rio de libera\u00e7\u00e3o<\/strong><br data-start=\"488\" data-end=\"491\" \/>Comprimidos para administra\u00e7\u00e3o oral (10 mg, 40 mg)<\/p>\n<p data-start=\"544\" data-end=\"575\"><strong data-start=\"544\" data-end=\"561\">Fabricante<\/strong><br data-start=\"561\" data-end=\"564\" \/>AstraZeneca<\/p>\n<p data-start=\"577\" data-end=\"624\"><strong data-start=\"577\" data-end=\"598\">Ingredientes ativos<\/strong><br data-start=\"598\" data-end=\"601\" \/>Metoprolol (Metoprolol)<\/p>\n<p data-start=\"626\" data-end=\"825\"><em data-start=\"626\" data-end=\"825\">#Prolol #PrololIsrael#Prolol40mg #Prolol50tab #HypertensionDrugs #HypertensionTreatment #HeartFailure #Angina #HeartAttackPrevention #Metoprolol #BloodPressTreatment #HeartDisease<\/em><\/p>","protected":false},"excerpt":{"rendered":"<p>O Prolol \u00e9 usado para reduzir a press\u00e3o arterial, tratar a angina e a insufici\u00eancia card\u00edaca. O medicamento auxilia o funcionamento do cora\u00e7\u00e3o e dos vasos sangu\u00edneos.<\/p>","protected":false},"featured_media":979,"template":"","meta":[],"product_brand":[],"product_cat":[47,28],"product_tag":[],"class_list":{"0":"post-1368","1":"product","2":"type-product","3":"status-publish","4":"has-post-thumbnail","6":"product_cat-all-medications","7":"product_cat-hypertension","9":"first","10":"instock","11":"shipping-taxable","12":"purchasable","13":"product-type-variable"},"yoast_head":"<!-- This site is optimized with the Yoast SEO plugin v25.1 - https:\/\/yoast.com\/wordpress\/plugins\/seo\/ -->\n<title>Prolol 10\/40mg (50t) - Buy in Israel | Fast Delivery!<\/title>\n<meta name=\"description\" content=\"Prolol is used to lower blood pressure, treat angina and heart failure. The drug supports the functioning of the heart and blood vessels.\" \/>\n<meta name=\"robots\" content=\"index, follow, max-snippet:-1, max-image-preview:large, max-video-preview:-1\" \/>\n<link rel=\"canonical\" href=\"https:\/\/pharmacy-tlv.com\/pt\/loja\/hipertensao\/prolol-10-40mg-50t\/\" \/>\n<meta property=\"og:locale\" content=\"pt_BR\" \/>\n<meta property=\"og:type\" content=\"article\" \/>\n<meta property=\"og:title\" content=\"Prolol 10\/40mg (50t) - Buy in Israel | Fast Delivery!\" \/>\n<meta property=\"og:description\" content=\"Prolol is used to lower blood pressure, treat angina and heart failure. The drug supports the functioning of the heart and blood vessels.\" \/>\n<meta property=\"og:url\" content=\"https:\/\/pharmacy-tlv.com\/pt\/loja\/hipertensao\/prolol-10-40mg-50t\/\" \/>\n<meta property=\"og:site_name\" content=\"Pharmacy TLV\" \/>\n<meta property=\"article:modified_time\" content=\"2025-06-04T01:02:00+00:00\" \/>\n<meta property=\"og:image\" content=\"https:\/\/mlz1smk5t7q7.i.optimole.com\/cb:lQg3.de6\/w:auto\/h:auto\/q:mauto\/https:\/\/pharmacy-tlv.com\/wp-content\/uploads\/2025\/05\/prolol-10-40mg-50-tabletok-israel.png\" \/>\n\t<meta property=\"og:image:width\" content=\"300\" \/>\n\t<meta property=\"og:image:height\" content=\"300\" \/>\n\t<meta property=\"og:image:type\" content=\"image\/png\" \/>\n<meta name=\"twitter:card\" content=\"summary_large_image\" \/>\n<meta name=\"twitter:label1\" content=\"Est. tempo de leitura\" \/>\n\t<meta name=\"twitter:data1\" content=\"1 minuto\" \/>\n<script type=\"application\/ld+json\" class=\"yoast-schema-graph\">{\"@context\":\"https:\/\/schema.org\",\"@graph\":[{\"@type\":\"WebPage\",\"@id\":\"https:\/\/pharmacy-tlv.com\/shop\/hypertension\/prolol-10-40mg-50t\/\",\"url\":\"https:\/\/pharmacy-tlv.com\/shop\/hypertension\/prolol-10-40mg-50t\/\",\"name\":\"Prolol 10\/40mg (50t) - Buy in Israel | Fast Delivery!\",\"isPartOf\":{\"@id\":\"https:\/\/pharmacy-tlv.com\/#website\"},\"primaryImageOfPage\":{\"@id\":\"https:\/\/pharmacy-tlv.com\/shop\/hypertension\/prolol-10-40mg-50t\/#primaryimage\"},\"image\":{\"@id\":\"https:\/\/pharmacy-tlv.com\/shop\/hypertension\/prolol-10-40mg-50t\/#primaryimage\"},\"thumbnailUrl\":\"https:\/\/mlz1smk5t7q7.i.optimole.com\/cb:lQg3.de6\/w:auto\/h:auto\/q:mauto\/https:\/\/pharmacy-tlv.com\/wp-content\/uploads\/2025\/05\/prolol-10-40mg-50-tabletok-israel.png\",\"datePublished\":\"2025-05-15T18:23:13+00:00\",\"dateModified\":\"2025-06-04T01:02:00+00:00\",\"description\":\"Prolol is used to lower blood pressure, treat angina and heart failure. The drug supports the functioning of the heart and blood vessels.\",\"breadcrumb\":{\"@id\":\"https:\/\/pharmacy-tlv.com\/shop\/hypertension\/prolol-10-40mg-50t\/#breadcrumb\"},\"inLanguage\":\"pt-BR\",\"potentialAction\":[{\"@type\":\"ReadAction\",\"target\":[\"https:\/\/pharmacy-tlv.com\/shop\/hypertension\/prolol-10-40mg-50t\/\"]}]},{\"@type\":\"ImageObject\",\"inLanguage\":\"pt-BR\",\"@id\":\"https:\/\/pharmacy-tlv.com\/shop\/hypertension\/prolol-10-40mg-50t\/#primaryimage\",\"url\":\"https:\/\/mlz1smk5t7q7.i.optimole.com\/cb:lQg3.de6\/w:auto\/h:auto\/q:mauto\/https:\/\/pharmacy-tlv.com\/wp-content\/uploads\/2025\/05\/prolol-10-40mg-50-tabletok-israel.png\",\"contentUrl\":\"https:\/\/mlz1smk5t7q7.i.optimole.com\/cb:lQg3.de6\/w:auto\/h:auto\/q:mauto\/https:\/\/pharmacy-tlv.com\/wp-content\/uploads\/2025\/05\/prolol-10-40mg-50-tabletok-israel.png\",\"width\":300,\"height\":300,\"caption\":\"prolol 10 40mg 50 tabletok israel\"},{\"@type\":\"BreadcrumbList\",\"@id\":\"https:\/\/pharmacy-tlv.com\/shop\/hypertension\/prolol-10-40mg-50t\/#breadcrumb\",\"itemListElement\":[{\"@type\":\"ListItem\",\"position\":1,\"name\":\"Home\",\"item\":\"https:\/\/pharmacy-tlv.com\/\"},{\"@type\":\"ListItem\",\"position\":2,\"name\":\"Medications\",\"item\":\"https:\/\/pharmacy-tlv.com\/shop\/\"},{\"@type\":\"ListItem\",\"position\":3,\"name\":\"Prolol 10\/40mg (50t)\"}]},{\"@type\":\"WebSite\",\"@id\":\"https:\/\/pharmacy-tlv.com\/#website\",\"url\":\"https:\/\/pharmacy-tlv.com\/\",\"name\":\"Pharmacy TLV\",\"description\":\"Trusted Israeli Medications\",\"publisher\":{\"@id\":\"https:\/\/pharmacy-tlv.com\/#organization\"},\"alternateName\":\"Pharmacy-TLV\",\"potentialAction\":[{\"@type\":\"SearchAction\",\"target\":{\"@type\":\"EntryPoint\",\"urlTemplate\":\"https:\/\/pharmacy-tlv.com\/?s={search_term_string}\"},\"query-input\":{\"@type\":\"PropertyValueSpecification\",\"valueRequired\":true,\"valueName\":\"search_term_string\"}}],\"inLanguage\":\"pt-BR\"},{\"@type\":\"Organization\",\"@id\":\"https:\/\/pharmacy-tlv.com\/#organization\",\"name\":\"Pharmacy TLV\",\"alternateName\":\"Pharmacy-TLV\",\"url\":\"https:\/\/pharmacy-tlv.com\/\",\"logo\":{\"@type\":\"ImageObject\",\"inLanguage\":\"pt-BR\",\"@id\":\"https:\/\/pharmacy-tlv.com\/#\/schema\/logo\/image\/\",\"url\":\"https:\/\/mlz1smk5t7q7.i.optimole.com\/cb:lQg3.de6\/w:auto\/h:auto\/q:mauto\/https:\/\/pharmacy-tlv.com\/wp-content\/uploads\/2025\/05\/pharmacy-white.png\",\"contentUrl\":\"https:\/\/mlz1smk5t7q7.i.optimole.com\/cb:lQg3.de6\/w:auto\/h:auto\/q:mauto\/https:\/\/pharmacy-tlv.com\/wp-content\/uploads\/2025\/05\/pharmacy-white.png\",\"width\":500,\"height\":500,\"caption\":\"Pharmacy TLV\"},\"image\":{\"@id\":\"https:\/\/pharmacy-tlv.com\/#\/schema\/logo\/image\/\"}}]}<\/script>\n<!-- \/ Yoast SEO plugin. -->","yoast_head_json":{"title":"Prolol 10\/40mg (50t) - Comprar em Israel | Entrega r\u00e1pida!","description":"O Prolol \u00e9 usado para reduzir a press\u00e3o arterial, tratar a angina e a insufici\u00eancia card\u00edaca. O medicamento auxilia o funcionamento do cora\u00e7\u00e3o e dos vasos sangu\u00edneos.","robots":{"index":"index","follow":"follow","max-snippet":"max-snippet:-1","max-image-preview":"max-image-preview:large","max-video-preview":"max-video-preview:-1"},"canonical":"https:\/\/pharmacy-tlv.com\/pt\/loja\/hipertensao\/prolol-10-40mg-50t\/","og_locale":"pt_BR","og_type":"article","og_title":"Prolol 10\/40mg (50t) - Buy in Israel | Fast Delivery!","og_description":"Prolol is used to lower blood pressure, treat angina and heart failure. The drug supports the functioning of the heart and blood vessels.","og_url":"https:\/\/pharmacy-tlv.com\/pt\/loja\/hipertensao\/prolol-10-40mg-50t\/","og_site_name":"Pharmacy TLV","article_modified_time":"2025-06-04T01:02:00+00:00","og_image":[{"width":300,"height":300,"url":"https:\/\/mlz1smk5t7q7.i.optimole.com\/cb:lQg3.de6\/w:auto\/h:auto\/q:mauto\/https:\/\/pharmacy-tlv.com\/wp-content\/uploads\/2025\/05\/prolol-10-40mg-50-tabletok-israel.png","type":"image\/png"}],"twitter_card":"summary_large_image","twitter_misc":{"Est. tempo de leitura":"1 minuto"},"schema":{"@context":"https:\/\/schema.org","@graph":[{"@type":"WebPage","@id":"https:\/\/pharmacy-tlv.com\/shop\/hypertension\/prolol-10-40mg-50t\/","url":"https:\/\/pharmacy-tlv.com\/shop\/hypertension\/prolol-10-40mg-50t\/","name":"Prolol 10\/40mg (50t) - Comprar em Israel | Entrega r\u00e1pida!","isPartOf":{"@id":"https:\/\/pharmacy-tlv.com\/#website"},"primaryImageOfPage":{"@id":"https:\/\/pharmacy-tlv.com\/shop\/hypertension\/prolol-10-40mg-50t\/#primaryimage"},"image":{"@id":"https:\/\/pharmacy-tlv.com\/shop\/hypertension\/prolol-10-40mg-50t\/#primaryimage"},"thumbnailUrl":"https:\/\/mlz1smk5t7q7.i.optimole.com\/cb:lQg3.de6\/w:auto\/h:auto\/q:mauto\/https:\/\/pharmacy-tlv.com\/wp-content\/uploads\/2025\/05\/prolol-10-40mg-50-tabletok-israel.png","datePublished":"2025-05-15T18:23:13+00:00","dateModified":"2025-06-04T01:02:00+00:00","description":"O Prolol \u00e9 usado para reduzir a press\u00e3o arterial, tratar a angina e a insufici\u00eancia card\u00edaca. O medicamento auxilia o funcionamento do cora\u00e7\u00e3o e dos vasos sangu\u00edneos.","breadcrumb":{"@id":"https:\/\/pharmacy-tlv.com\/shop\/hypertension\/prolol-10-40mg-50t\/#breadcrumb"},"inLanguage":"pt-BR","potentialAction":[{"@type":"ReadAction","target":["https:\/\/pharmacy-tlv.com\/shop\/hypertension\/prolol-10-40mg-50t\/"]}]},{"@type":"ImageObject","inLanguage":"pt-BR","@id":"https:\/\/pharmacy-tlv.com\/shop\/hypertension\/prolol-10-40mg-50t\/#primaryimage","url":"https:\/\/mlz1smk5t7q7.i.optimole.com\/cb:lQg3.de6\/w:auto\/h:auto\/q:mauto\/https:\/\/pharmacy-tlv.com\/wp-content\/uploads\/2025\/05\/prolol-10-40mg-50-tabletok-israel.png","contentUrl":"https:\/\/mlz1smk5t7q7.i.optimole.com\/cb:lQg3.de6\/w:auto\/h:auto\/q:mauto\/https:\/\/pharmacy-tlv.com\/wp-content\/uploads\/2025\/05\/prolol-10-40mg-50-tabletok-israel.png","width":300,"height":300,"caption":"prolol 10 40mg 50 tabletok israel"},{"@type":"BreadcrumbList","@id":"https:\/\/pharmacy-tlv.com\/shop\/hypertension\/prolol-10-40mg-50t\/#breadcrumb","itemListElement":[{"@type":"ListItem","position":1,"name":"Home","item":"https:\/\/pharmacy-tlv.com\/"},{"@type":"ListItem","position":2,"name":"Medications","item":"https:\/\/pharmacy-tlv.com\/shop\/"},{"@type":"ListItem","position":3,"name":"Prolol 10\/40mg (50t)"}]},{"@type":"WebSite","@id":"https:\/\/pharmacy-tlv.com\/#website","url":"https:\/\/pharmacy-tlv.com\/","name":"Farm\u00e1cia TLV","description":"Medicamentos israelenses de confian\u00e7a","publisher":{"@id":"https:\/\/pharmacy-tlv.com\/#organization"},"alternateName":"Pharmacy-TLV","potentialAction":[{"@type":"SearchAction","target":{"@type":"EntryPoint","urlTemplate":"https:\/\/pharmacy-tlv.com\/?s={search_term_string}"},"query-input":{"@type":"PropertyValueSpecification","valueRequired":true,"valueName":"search_term_string"}}],"inLanguage":"pt-BR"},{"@type":"Organization","@id":"https:\/\/pharmacy-tlv.com\/#organization","name":"Farm\u00e1cia TLV","alternateName":"Pharmacy-TLV","url":"https:\/\/pharmacy-tlv.com\/","logo":{"@type":"ImageObject","inLanguage":"pt-BR","@id":"https:\/\/pharmacy-tlv.com\/#\/schema\/logo\/image\/","url":"https:\/\/mlz1smk5t7q7.i.optimole.com\/cb:lQg3.de6\/w:auto\/h:auto\/q:mauto\/https:\/\/pharmacy-tlv.com\/wp-content\/uploads\/2025\/05\/pharmacy-white.png","contentUrl":"https:\/\/mlz1smk5t7q7.i.optimole.com\/cb:lQg3.de6\/w:auto\/h:auto\/q:mauto\/https:\/\/pharmacy-tlv.com\/wp-content\/uploads\/2025\/05\/pharmacy-white.png","width":500,"height":500,"caption":"Pharmacy TLV"},"image":{"@id":"https:\/\/pharmacy-tlv.com\/#\/schema\/logo\/image\/"}}]}},"_links":{"self":[{"href":"https:\/\/pharmacy-tlv.com\/pt\/wp-json\/wp\/v2\/product\/1368","targetHints":{"allow":["GET"]}}],"collection":[{"href":"https:\/\/pharmacy-tlv.com\/pt\/wp-json\/wp\/v2\/product"}],"about":[{"href":"https:\/\/pharmacy-tlv.com\/pt\/wp-json\/wp\/v2\/types\/product"}],"wp:featuredmedia":[{"embeddable":true,"href":"https:\/\/pharmacy-tlv.com\/pt\/wp-json\/wp\/v2\/media\/979"}],"wp:attachment":[{"href":"https:\/\/pharmacy-tlv.com\/pt\/wp-json\/wp\/v2\/media?parent=1368"}],"wp:term":[{"taxonomy":"product_brand","embeddable":true,"href":"https:\/\/pharmacy-tlv.com\/pt\/wp-json\/wp\/v2\/product_brand?post=1368"},{"taxonomy":"product_cat","embeddable":true,"href":"https:\/\/pharmacy-tlv.com\/pt\/wp-json\/wp\/v2\/product_cat?post=1368"},{"taxonomy":"product_tag","embeddable":true,"href":"https:\/\/pharmacy-tlv.com\/pt\/wp-json\/wp\/v2\/product_tag?post=1368"}],"curies":[{"name":"wp","href":"https:\/\/api.w.org\/{rel}","templated":true}]}}