{"id":1366,"date":"2026-03-09T07:51:13","date_gmt":"2026-03-09T07:51:13","guid":{"rendered":"https:\/\/pharmacy-tlv.com\/?post_type=product&#038;p=1366"},"modified":"2026-03-09T11:49:32","modified_gmt":"2026-03-09T11:49:32","slug":"arimidex-1mg-50t","status":"publish","type":"product","link":"https:\/\/pharmacy-tlv.com\/pt\/loja\/sports-supplements\/arimidex-1mg-50t\/","title":{"rendered":"Arimidex 1mg (50t)"},"content":{"rendered":"<h6 data-start=\"0\" data-end=\"54\"><strong data-start=\"0\" data-end=\"52\">Arimidex - Controle de estrog\u00eanio e suporte ao ciclo<\/strong><\/h6>\n<p data-start=\"56\" data-end=\"317\">O Arimidex (Anastrozol) \u00e9 um potente inibidor da aromatase que reduz os n\u00edveis de estrog\u00eanio e ajuda a evitar seus efeitos colaterais. Particularmente eficaz quando se usa drogas potentes, como trembolona, anadrol e altas doses de testosterona.<\/p>\n<h6 data-start=\"319\" data-end=\"342\"><strong data-start=\"323\" data-end=\"340\">Benef\u00edcios:<\/strong><\/h6>\n<p data-start=\"343\" data-end=\"654\">- <strong data-start=\"345\" data-end=\"377\">Regula os n\u00edveis de estrog\u00eanio<\/strong> e reduz o risco de efeitos colaterais durante o curso.<br data-start=\"426\" data-end=\"429\" \/>- <strong data-start=\"431\" data-end=\"458\">Reduz a reten\u00e7\u00e3o de \u00e1gua<\/strong>ajudando a obter uma forma seca e esculpida.<br data-start=\"500\" data-end=\"503\" \/>- <strong data-start=\"505\" data-end=\"535\">Adequado para v\u00e1rios cursos<\/strong>proporcionando equil\u00edbrio hormonal.<br data-start=\"569\" data-end=\"572\" \/>- <strong data-start=\"574\" data-end=\"616\">Ideal para prepara\u00e7\u00e3o para competi\u00e7\u00f5es<\/strong>permitindo que voc\u00ea obtenha melhor al\u00edvio.<\/p>\n<h6 data-start=\"656\" data-end=\"680\"><strong data-start=\"660\" data-end=\"678\">Como tomar:<\/strong><\/h6>\n<p data-start=\"681\" data-end=\"838\">Dosagem recomendada - <strong data-start=\"707\" data-end=\"726\">1 mg em dias alternados<\/strong>. Durante o per\u00edodo de prepara\u00e7\u00e3o para competi\u00e7\u00f5es, o uso di\u00e1rio \u00e9 poss\u00edvel para minimizar a reten\u00e7\u00e3o de \u00e1gua.<\/p>\n<p data-start=\"840\" data-end=\"976\" data-is-last-node=\"\"><em>#Arimidex #Arimidex_Israel #anastrazol #anastrazol_Israel #buy_Arimidex #Anastrozole #Anastrozole_Israel #Arimideks<\/em><\/p>","protected":false},"excerpt":{"rendered":"<p>Um potente inibidor da aromatase que reduz os n\u00edveis de estrog\u00eanio, evita os efeitos colaterais do estrog\u00eanio e reduz a reten\u00e7\u00e3o de \u00e1gua. Adequado para v\u00e1rios cursos, ajuda a manter o equil\u00edbrio hormonal e a obter um corpo mais esculpido.<\/p>","protected":false},"featured_media":977,"template":"","meta":[],"product_brand":[],"product_cat":[51],"product_tag":[],"class_list":{"0":"post-1366","1":"product","2":"type-product","3":"status-publish","4":"has-post-thumbnail","6":"product_cat-sports-supplements","8":"first","9":"instock","10":"shipping-taxable","11":"purchasable","12":"product-type-simple"},"yoast_head":"<!-- This site is optimized with the Yoast SEO plugin v25.1 - https:\/\/yoast.com\/wordpress\/plugins\/seo\/ -->\n<title>Arimidex 1mg (50t) - Buy in Israel | Fast Delivery!<\/title>\n<meta name=\"description\" content=\"A powerful aromatase inhibitor that reduces estrogen levels, prevents estrogen side effects and reduces water retention. Suitable for various courses.\" \/>\n<meta name=\"robots\" content=\"index, follow, max-snippet:-1, max-image-preview:large, max-video-preview:-1\" \/>\n<link rel=\"canonical\" href=\"https:\/\/pharmacy-tlv.com\/pt\/loja\/sports-supplements\/arimidex-1mg-50t\/\" \/>\n<meta property=\"og:locale\" content=\"pt_BR\" \/>\n<meta property=\"og:type\" content=\"article\" \/>\n<meta property=\"og:title\" content=\"Arimidex 1mg (50t) - Buy in Israel | Fast Delivery!\" \/>\n<meta property=\"og:description\" content=\"A powerful aromatase inhibitor that reduces estrogen levels, prevents estrogen side effects and reduces water retention. Suitable for various courses.\" \/>\n<meta property=\"og:url\" content=\"https:\/\/pharmacy-tlv.com\/pt\/loja\/sports-supplements\/arimidex-1mg-50t\/\" \/>\n<meta property=\"og:site_name\" content=\"Pharmacy TLV\" \/>\n<meta property=\"article:modified_time\" content=\"2026-03-09T11:49:32+00:00\" \/>\n<meta property=\"og:image\" content=\"https:\/\/mlz1smk5t7q7.i.optimole.com\/cb:lQg3.de6\/w:auto\/h:auto\/q:mauto\/https:\/\/pharmacy-tlv.com\/wp-content\/uploads\/2025\/05\/arimidex-1mg-50-tabletok-israel-1.png\" \/>\n\t<meta property=\"og:image:width\" content=\"1098\" \/>\n\t<meta property=\"og:image:height\" content=\"789\" \/>\n\t<meta property=\"og:image:type\" content=\"image\/png\" \/>\n<meta name=\"twitter:card\" content=\"summary_large_image\" \/>\n<meta name=\"twitter:label1\" content=\"Est. tempo de leitura\" \/>\n\t<meta name=\"twitter:data1\" content=\"1 minuto\" \/>\n<script type=\"application\/ld+json\" class=\"yoast-schema-graph\">{\"@context\":\"https:\/\/schema.org\",\"@graph\":[{\"@type\":\"WebPage\",\"@id\":\"https:\/\/pharmacy-tlv.com\/shop\/sports-supplements\/arimidex-1mg-50t\/\",\"url\":\"https:\/\/pharmacy-tlv.com\/shop\/sports-supplements\/arimidex-1mg-50t\/\",\"name\":\"Arimidex 1mg (50t) - Buy in Israel | Fast Delivery!\",\"isPartOf\":{\"@id\":\"https:\/\/pharmacy-tlv.com\/#website\"},\"primaryImageOfPage\":{\"@id\":\"https:\/\/pharmacy-tlv.com\/shop\/sports-supplements\/arimidex-1mg-50t\/#primaryimage\"},\"image\":{\"@id\":\"https:\/\/pharmacy-tlv.com\/shop\/sports-supplements\/arimidex-1mg-50t\/#primaryimage\"},\"thumbnailUrl\":\"https:\/\/mlz1smk5t7q7.i.optimole.com\/cb:lQg3.de6\/w:auto\/h:auto\/q:mauto\/https:\/\/pharmacy-tlv.com\/wp-content\/uploads\/2025\/05\/arimidex-1mg-50-tabletok-israel-1.png\",\"datePublished\":\"2026-03-09T07:51:13+00:00\",\"dateModified\":\"2026-03-09T11:49:32+00:00\",\"description\":\"A powerful aromatase inhibitor that reduces estrogen levels, prevents estrogen side effects and reduces water retention. Suitable for various courses.\",\"breadcrumb\":{\"@id\":\"https:\/\/pharmacy-tlv.com\/shop\/sports-supplements\/arimidex-1mg-50t\/#breadcrumb\"},\"inLanguage\":\"pt-BR\",\"potentialAction\":[{\"@type\":\"ReadAction\",\"target\":[\"https:\/\/pharmacy-tlv.com\/shop\/sports-supplements\/arimidex-1mg-50t\/\"]}]},{\"@type\":\"ImageObject\",\"inLanguage\":\"pt-BR\",\"@id\":\"https:\/\/pharmacy-tlv.com\/shop\/sports-supplements\/arimidex-1mg-50t\/#primaryimage\",\"url\":\"https:\/\/mlz1smk5t7q7.i.optimole.com\/cb:lQg3.de6\/w:auto\/h:auto\/q:mauto\/https:\/\/pharmacy-tlv.com\/wp-content\/uploads\/2025\/05\/arimidex-1mg-50-tabletok-israel-1.png\",\"contentUrl\":\"https:\/\/mlz1smk5t7q7.i.optimole.com\/cb:lQg3.de6\/w:auto\/h:auto\/q:mauto\/https:\/\/pharmacy-tlv.com\/wp-content\/uploads\/2025\/05\/arimidex-1mg-50-tabletok-israel-1.png\",\"width\":1098,\"height\":789,\"caption\":\"arimidex 1mg 50 tabletok israel 1\"},{\"@type\":\"BreadcrumbList\",\"@id\":\"https:\/\/pharmacy-tlv.com\/shop\/sports-supplements\/arimidex-1mg-50t\/#breadcrumb\",\"itemListElement\":[{\"@type\":\"ListItem\",\"position\":1,\"name\":\"Home\",\"item\":\"https:\/\/pharmacy-tlv.com\/\"},{\"@type\":\"ListItem\",\"position\":2,\"name\":\"Medications\",\"item\":\"https:\/\/pharmacy-tlv.com\/shop\/\"},{\"@type\":\"ListItem\",\"position\":3,\"name\":\"Arimidex 1mg (50t)\"}]},{\"@type\":\"WebSite\",\"@id\":\"https:\/\/pharmacy-tlv.com\/#website\",\"url\":\"https:\/\/pharmacy-tlv.com\/\",\"name\":\"Pharmacy TLV\",\"description\":\"Trusted Israeli Medications\",\"publisher\":{\"@id\":\"https:\/\/pharmacy-tlv.com\/#organization\"},\"alternateName\":\"Pharmacy-TLV\",\"potentialAction\":[{\"@type\":\"SearchAction\",\"target\":{\"@type\":\"EntryPoint\",\"urlTemplate\":\"https:\/\/pharmacy-tlv.com\/?s={search_term_string}\"},\"query-input\":{\"@type\":\"PropertyValueSpecification\",\"valueRequired\":true,\"valueName\":\"search_term_string\"}}],\"inLanguage\":\"pt-BR\"},{\"@type\":\"Organization\",\"@id\":\"https:\/\/pharmacy-tlv.com\/#organization\",\"name\":\"Pharmacy TLV\",\"alternateName\":\"Pharmacy-TLV\",\"url\":\"https:\/\/pharmacy-tlv.com\/\",\"logo\":{\"@type\":\"ImageObject\",\"inLanguage\":\"pt-BR\",\"@id\":\"https:\/\/pharmacy-tlv.com\/#\/schema\/logo\/image\/\",\"url\":\"https:\/\/mlz1smk5t7q7.i.optimole.com\/cb:lQg3.de6\/w:auto\/h:auto\/q:mauto\/https:\/\/pharmacy-tlv.com\/wp-content\/uploads\/2025\/05\/pharmacy-white.png\",\"contentUrl\":\"https:\/\/mlz1smk5t7q7.i.optimole.com\/cb:lQg3.de6\/w:auto\/h:auto\/q:mauto\/https:\/\/pharmacy-tlv.com\/wp-content\/uploads\/2025\/05\/pharmacy-white.png\",\"width\":500,\"height\":500,\"caption\":\"Pharmacy TLV\"},\"image\":{\"@id\":\"https:\/\/pharmacy-tlv.com\/#\/schema\/logo\/image\/\"}}]}<\/script>\n<!-- \/ Yoast SEO plugin. -->","yoast_head_json":{"title":"Arimidex 1mg (50t) - Comprar em Israel | Entrega r\u00e1pida!","description":"Um potente inibidor de aromatase que reduz os n\u00edveis de estrog\u00eanio, evita os efeitos colaterais do estrog\u00eanio e reduz a reten\u00e7\u00e3o de \u00e1gua. Adequado para v\u00e1rios cursos.","robots":{"index":"index","follow":"follow","max-snippet":"max-snippet:-1","max-image-preview":"max-image-preview:large","max-video-preview":"max-video-preview:-1"},"canonical":"https:\/\/pharmacy-tlv.com\/pt\/loja\/sports-supplements\/arimidex-1mg-50t\/","og_locale":"pt_BR","og_type":"article","og_title":"Arimidex 1mg (50t) - Buy in Israel | Fast Delivery!","og_description":"A powerful aromatase inhibitor that reduces estrogen levels, prevents estrogen side effects and reduces water retention. Suitable for various courses.","og_url":"https:\/\/pharmacy-tlv.com\/pt\/loja\/sports-supplements\/arimidex-1mg-50t\/","og_site_name":"Pharmacy TLV","article_modified_time":"2026-03-09T11:49:32+00:00","og_image":[{"width":1098,"height":789,"url":"https:\/\/mlz1smk5t7q7.i.optimole.com\/cb:lQg3.de6\/w:auto\/h:auto\/q:mauto\/https:\/\/pharmacy-tlv.com\/wp-content\/uploads\/2025\/05\/arimidex-1mg-50-tabletok-israel-1.png","type":"image\/png"}],"twitter_card":"summary_large_image","twitter_misc":{"Est. tempo de leitura":"1 minuto"},"schema":{"@context":"https:\/\/schema.org","@graph":[{"@type":"WebPage","@id":"https:\/\/pharmacy-tlv.com\/shop\/sports-supplements\/arimidex-1mg-50t\/","url":"https:\/\/pharmacy-tlv.com\/shop\/sports-supplements\/arimidex-1mg-50t\/","name":"Arimidex 1mg (50t) - Comprar em Israel | Entrega r\u00e1pida!","isPartOf":{"@id":"https:\/\/pharmacy-tlv.com\/#website"},"primaryImageOfPage":{"@id":"https:\/\/pharmacy-tlv.com\/shop\/sports-supplements\/arimidex-1mg-50t\/#primaryimage"},"image":{"@id":"https:\/\/pharmacy-tlv.com\/shop\/sports-supplements\/arimidex-1mg-50t\/#primaryimage"},"thumbnailUrl":"https:\/\/mlz1smk5t7q7.i.optimole.com\/cb:lQg3.de6\/w:auto\/h:auto\/q:mauto\/https:\/\/pharmacy-tlv.com\/wp-content\/uploads\/2025\/05\/arimidex-1mg-50-tabletok-israel-1.png","datePublished":"2026-03-09T07:51:13+00:00","dateModified":"2026-03-09T11:49:32+00:00","description":"Um potente inibidor de aromatase que reduz os n\u00edveis de estrog\u00eanio, evita os efeitos colaterais do estrog\u00eanio e reduz a reten\u00e7\u00e3o de \u00e1gua. Adequado para v\u00e1rios cursos.","breadcrumb":{"@id":"https:\/\/pharmacy-tlv.com\/shop\/sports-supplements\/arimidex-1mg-50t\/#breadcrumb"},"inLanguage":"pt-BR","potentialAction":[{"@type":"ReadAction","target":["https:\/\/pharmacy-tlv.com\/shop\/sports-supplements\/arimidex-1mg-50t\/"]}]},{"@type":"ImageObject","inLanguage":"pt-BR","@id":"https:\/\/pharmacy-tlv.com\/shop\/sports-supplements\/arimidex-1mg-50t\/#primaryimage","url":"https:\/\/mlz1smk5t7q7.i.optimole.com\/cb:lQg3.de6\/w:auto\/h:auto\/q:mauto\/https:\/\/pharmacy-tlv.com\/wp-content\/uploads\/2025\/05\/arimidex-1mg-50-tabletok-israel-1.png","contentUrl":"https:\/\/mlz1smk5t7q7.i.optimole.com\/cb:lQg3.de6\/w:auto\/h:auto\/q:mauto\/https:\/\/pharmacy-tlv.com\/wp-content\/uploads\/2025\/05\/arimidex-1mg-50-tabletok-israel-1.png","width":1098,"height":789,"caption":"arimidex 1mg 50 tabletok israel 1"},{"@type":"BreadcrumbList","@id":"https:\/\/pharmacy-tlv.com\/shop\/sports-supplements\/arimidex-1mg-50t\/#breadcrumb","itemListElement":[{"@type":"ListItem","position":1,"name":"Home","item":"https:\/\/pharmacy-tlv.com\/"},{"@type":"ListItem","position":2,"name":"Medications","item":"https:\/\/pharmacy-tlv.com\/shop\/"},{"@type":"ListItem","position":3,"name":"Arimidex 1mg (50t)"}]},{"@type":"WebSite","@id":"https:\/\/pharmacy-tlv.com\/#website","url":"https:\/\/pharmacy-tlv.com\/","name":"Farm\u00e1cia TLV","description":"Medicamentos israelenses de confian\u00e7a","publisher":{"@id":"https:\/\/pharmacy-tlv.com\/#organization"},"alternateName":"Pharmacy-TLV","potentialAction":[{"@type":"SearchAction","target":{"@type":"EntryPoint","urlTemplate":"https:\/\/pharmacy-tlv.com\/?s={search_term_string}"},"query-input":{"@type":"PropertyValueSpecification","valueRequired":true,"valueName":"search_term_string"}}],"inLanguage":"pt-BR"},{"@type":"Organization","@id":"https:\/\/pharmacy-tlv.com\/#organization","name":"Farm\u00e1cia TLV","alternateName":"Pharmacy-TLV","url":"https:\/\/pharmacy-tlv.com\/","logo":{"@type":"ImageObject","inLanguage":"pt-BR","@id":"https:\/\/pharmacy-tlv.com\/#\/schema\/logo\/image\/","url":"https:\/\/mlz1smk5t7q7.i.optimole.com\/cb:lQg3.de6\/w:auto\/h:auto\/q:mauto\/https:\/\/pharmacy-tlv.com\/wp-content\/uploads\/2025\/05\/pharmacy-white.png","contentUrl":"https:\/\/mlz1smk5t7q7.i.optimole.com\/cb:lQg3.de6\/w:auto\/h:auto\/q:mauto\/https:\/\/pharmacy-tlv.com\/wp-content\/uploads\/2025\/05\/pharmacy-white.png","width":500,"height":500,"caption":"Pharmacy TLV"},"image":{"@id":"https:\/\/pharmacy-tlv.com\/#\/schema\/logo\/image\/"}}]}},"_links":{"self":[{"href":"https:\/\/pharmacy-tlv.com\/pt\/wp-json\/wp\/v2\/product\/1366","targetHints":{"allow":["GET"]}}],"collection":[{"href":"https:\/\/pharmacy-tlv.com\/pt\/wp-json\/wp\/v2\/product"}],"about":[{"href":"https:\/\/pharmacy-tlv.com\/pt\/wp-json\/wp\/v2\/types\/product"}],"wp:featuredmedia":[{"embeddable":true,"href":"https:\/\/pharmacy-tlv.com\/pt\/wp-json\/wp\/v2\/media\/977"}],"wp:attachment":[{"href":"https:\/\/pharmacy-tlv.com\/pt\/wp-json\/wp\/v2\/media?parent=1366"}],"wp:term":[{"taxonomy":"product_brand","embeddable":true,"href":"https:\/\/pharmacy-tlv.com\/pt\/wp-json\/wp\/v2\/product_brand?post=1366"},{"taxonomy":"product_cat","embeddable":true,"href":"https:\/\/pharmacy-tlv.com\/pt\/wp-json\/wp\/v2\/product_cat?post=1366"},{"taxonomy":"product_tag","embeddable":true,"href":"https:\/\/pharmacy-tlv.com\/pt\/wp-json\/wp\/v2\/product_tag?post=1366"}],"curies":[{"name":"wp","href":"https:\/\/api.w.org\/{rel}","templated":true}]}}