{"id":1346,"date":"2025-05-15T18:23:13","date_gmt":"2025-05-15T18:23:13","guid":{"rendered":"https:\/\/pharmacy-tlv.com\/?post_type=product&#038;p=1346"},"modified":"2026-02-25T15:24:27","modified_gmt":"2026-02-25T15:24:27","slug":"cialis-20mg-2tab","status":"publish","type":"product","link":"https:\/\/pharmacy-tlv.com\/pt\/loja\/desempenho-da-saude-masculina\/cialis-20mg-2tab\/","title":{"rendered":"Cialis 20mg (2tab)"},"content":{"rendered":"<p>Cialis<\/p>\n<p><strong>Aplicativo:<\/strong><\/p>\n<p>O medicamento \u00e9 usado para tratar a disfun\u00e7\u00e3o er\u00e9til em homens, melhora a pot\u00eancia e proporciona uma ere\u00e7\u00e3o est\u00e1vel durante a estimula\u00e7\u00e3o sexual.<\/p>\n<p><strong>Motivo<\/strong>:<\/p>\n<p>Disfun\u00e7\u00e3o er\u00e9til, m\u00e1 circula\u00e7\u00e3o nos corpos cavernosos do p\u00eanis, qualidade insatisfat\u00f3ria da ere\u00e7\u00e3o.<\/p>\n<p><strong>Propriedade de tratamento:<\/strong><\/p>\n<p>Melhora o suprimento de sangue para o p\u00eanis, proporciona uma ere\u00e7\u00e3o natural, dura at\u00e9 36 horas e permite que voc\u00ea tenha uma vida sexual ativa sem refer\u00eancia rigorosa ao hor\u00e1rio da administra\u00e7\u00e3o.<\/p>\n<p><strong>Tipo de medicamento:<\/strong><\/p>\n<p>Comprimidos para uso oral.<\/p>\n<p><strong>Fabricante:<\/strong><\/p>\n<p>Eli Lilly and Company, EUA (ou outros fabricantes, dependendo da regi\u00e3o).<\/p>\n<p><strong>Subst\u00e2ncias ativas:<\/strong><\/p>\n<p>Tadalafil (princ\u00edpio ativo principal) \/ Tadalafil (princ\u00edpio farmac\u00eautico ativo).<\/p>\n<p><em>#comprar Cialis em Israel, #Cialis em Israel, #Cialis Israel, #Cialis Israel, #comprar Cialis em Israel, #Cialis em Israel, #Cialis Israel, #Cialis frete gr\u00e1tis, #Cialis frete gr\u00e1tis<\/em><\/p>","protected":false},"excerpt":{"rendered":"<p>Um medicamento para o tratamento da disfun\u00e7\u00e3o er\u00e9til, que proporciona uma ere\u00e7\u00e3o est\u00e1vel por at\u00e9 36 horas.<\/p>","protected":false},"featured_media":969,"template":"","meta":[],"product_brand":[],"product_cat":[47,31],"product_tag":[],"class_list":{"0":"post-1346","1":"product","2":"type-product","3":"status-publish","4":"has-post-thumbnail","6":"product_cat-all-medications","7":"product_cat-mens-health-performance","9":"first","10":"outofstock","11":"shipping-taxable","12":"purchasable","13":"product-type-simple"},"yoast_head":"<!-- This site is optimized with the Yoast SEO plugin v25.1 - https:\/\/yoast.com\/wordpress\/plugins\/seo\/ -->\n<title>Cialis 20mg (2tab) - Buy in Israel | Fast Delivery!<\/title>\n<meta name=\"description\" content=\"A drug for the treatment of erectile dysfunction, providing a stable erection for up to 36 hours.\" \/>\n<meta name=\"robots\" content=\"index, follow, max-snippet:-1, max-image-preview:large, max-video-preview:-1\" \/>\n<link rel=\"canonical\" href=\"https:\/\/pharmacy-tlv.com\/pt\/loja\/desempenho-da-saude-masculina\/cialis-20mg-2tab\/\" \/>\n<meta property=\"og:locale\" content=\"pt_BR\" \/>\n<meta property=\"og:type\" content=\"article\" \/>\n<meta property=\"og:title\" content=\"Cialis 20mg (2tab) - Buy in Israel | Fast Delivery!\" \/>\n<meta property=\"og:description\" content=\"A drug for the treatment of erectile dysfunction, providing a stable erection for up to 36 hours.\" \/>\n<meta property=\"og:url\" content=\"https:\/\/pharmacy-tlv.com\/pt\/loja\/desempenho-da-saude-masculina\/cialis-20mg-2tab\/\" \/>\n<meta property=\"og:site_name\" content=\"Pharmacy TLV\" \/>\n<meta property=\"article:modified_time\" content=\"2026-02-25T15:24:27+00:00\" \/>\n<meta property=\"og:image\" content=\"https:\/\/mlz1smk5t7q7.i.optimole.com\/cb:lQg3.de6\/w:auto\/h:auto\/q:mauto\/https:\/\/pharmacy-tlv.com\/wp-content\/uploads\/2025\/05\/cialis-20mg-2-tab-israel.jpg\" \/>\n\t<meta property=\"og:image:width\" content=\"700\" \/>\n\t<meta property=\"og:image:height\" content=\"700\" \/>\n\t<meta property=\"og:image:type\" content=\"image\/jpeg\" \/>\n<meta name=\"twitter:card\" content=\"summary_large_image\" \/>\n<meta name=\"twitter:label1\" content=\"Est. tempo de leitura\" \/>\n\t<meta name=\"twitter:data1\" content=\"1 minuto\" \/>\n<script type=\"application\/ld+json\" class=\"yoast-schema-graph\">{\"@context\":\"https:\/\/schema.org\",\"@graph\":[{\"@type\":\"WebPage\",\"@id\":\"https:\/\/pharmacy-tlv.com\/shop\/mens-health-performance\/cialis-20mg-2tab\/\",\"url\":\"https:\/\/pharmacy-tlv.com\/shop\/mens-health-performance\/cialis-20mg-2tab\/\",\"name\":\"Cialis 20mg (2tab) - Buy in Israel | Fast Delivery!\",\"isPartOf\":{\"@id\":\"https:\/\/pharmacy-tlv.com\/#website\"},\"primaryImageOfPage\":{\"@id\":\"https:\/\/pharmacy-tlv.com\/shop\/mens-health-performance\/cialis-20mg-2tab\/#primaryimage\"},\"image\":{\"@id\":\"https:\/\/pharmacy-tlv.com\/shop\/mens-health-performance\/cialis-20mg-2tab\/#primaryimage\"},\"thumbnailUrl\":\"https:\/\/mlz1smk5t7q7.i.optimole.com\/cb:lQg3.de6\/w:auto\/h:auto\/q:mauto\/https:\/\/pharmacy-tlv.com\/wp-content\/uploads\/2025\/05\/cialis-20mg-2-tab-israel.jpg\",\"datePublished\":\"2025-05-15T18:23:13+00:00\",\"dateModified\":\"2026-02-25T15:24:27+00:00\",\"description\":\"A drug for the treatment of erectile dysfunction, providing a stable erection for up to 36 hours.\",\"breadcrumb\":{\"@id\":\"https:\/\/pharmacy-tlv.com\/shop\/mens-health-performance\/cialis-20mg-2tab\/#breadcrumb\"},\"inLanguage\":\"pt-BR\",\"potentialAction\":[{\"@type\":\"ReadAction\",\"target\":[\"https:\/\/pharmacy-tlv.com\/shop\/mens-health-performance\/cialis-20mg-2tab\/\"]}]},{\"@type\":\"ImageObject\",\"inLanguage\":\"pt-BR\",\"@id\":\"https:\/\/pharmacy-tlv.com\/shop\/mens-health-performance\/cialis-20mg-2tab\/#primaryimage\",\"url\":\"https:\/\/mlz1smk5t7q7.i.optimole.com\/cb:lQg3.de6\/w:auto\/h:auto\/q:mauto\/https:\/\/pharmacy-tlv.com\/wp-content\/uploads\/2025\/05\/cialis-20mg-2-tab-israel.jpg\",\"contentUrl\":\"https:\/\/mlz1smk5t7q7.i.optimole.com\/cb:lQg3.de6\/w:auto\/h:auto\/q:mauto\/https:\/\/pharmacy-tlv.com\/wp-content\/uploads\/2025\/05\/cialis-20mg-2-tab-israel.jpg\",\"width\":700,\"height\":700,\"caption\":\"cialis-20mg-2-tab-israel\"},{\"@type\":\"BreadcrumbList\",\"@id\":\"https:\/\/pharmacy-tlv.com\/shop\/mens-health-performance\/cialis-20mg-2tab\/#breadcrumb\",\"itemListElement\":[{\"@type\":\"ListItem\",\"position\":1,\"name\":\"Home\",\"item\":\"https:\/\/pharmacy-tlv.com\/\"},{\"@type\":\"ListItem\",\"position\":2,\"name\":\"Medications\",\"item\":\"https:\/\/pharmacy-tlv.com\/shop\/\"},{\"@type\":\"ListItem\",\"position\":3,\"name\":\"Cialis 20mg (2tab)\"}]},{\"@type\":\"WebSite\",\"@id\":\"https:\/\/pharmacy-tlv.com\/#website\",\"url\":\"https:\/\/pharmacy-tlv.com\/\",\"name\":\"Pharmacy TLV\",\"description\":\"Trusted Israeli Medications\",\"publisher\":{\"@id\":\"https:\/\/pharmacy-tlv.com\/#organization\"},\"alternateName\":\"Pharmacy-TLV\",\"potentialAction\":[{\"@type\":\"SearchAction\",\"target\":{\"@type\":\"EntryPoint\",\"urlTemplate\":\"https:\/\/pharmacy-tlv.com\/?s={search_term_string}\"},\"query-input\":{\"@type\":\"PropertyValueSpecification\",\"valueRequired\":true,\"valueName\":\"search_term_string\"}}],\"inLanguage\":\"pt-BR\"},{\"@type\":\"Organization\",\"@id\":\"https:\/\/pharmacy-tlv.com\/#organization\",\"name\":\"Pharmacy TLV\",\"alternateName\":\"Pharmacy-TLV\",\"url\":\"https:\/\/pharmacy-tlv.com\/\",\"logo\":{\"@type\":\"ImageObject\",\"inLanguage\":\"pt-BR\",\"@id\":\"https:\/\/pharmacy-tlv.com\/#\/schema\/logo\/image\/\",\"url\":\"https:\/\/mlz1smk5t7q7.i.optimole.com\/cb:lQg3.de6\/w:auto\/h:auto\/q:mauto\/https:\/\/pharmacy-tlv.com\/wp-content\/uploads\/2025\/05\/pharmacy-white.png\",\"contentUrl\":\"https:\/\/mlz1smk5t7q7.i.optimole.com\/cb:lQg3.de6\/w:auto\/h:auto\/q:mauto\/https:\/\/pharmacy-tlv.com\/wp-content\/uploads\/2025\/05\/pharmacy-white.png\",\"width\":500,\"height\":500,\"caption\":\"Pharmacy TLV\"},\"image\":{\"@id\":\"https:\/\/pharmacy-tlv.com\/#\/schema\/logo\/image\/\"}}]}<\/script>\n<!-- \/ Yoast SEO plugin. -->","yoast_head_json":{"title":"Cialis 20mg (2tab) - Comprar em Israel | Entrega r\u00e1pida!","description":"Um medicamento para o tratamento da disfun\u00e7\u00e3o er\u00e9til, que proporciona uma ere\u00e7\u00e3o est\u00e1vel por at\u00e9 36 horas.","robots":{"index":"index","follow":"follow","max-snippet":"max-snippet:-1","max-image-preview":"max-image-preview:large","max-video-preview":"max-video-preview:-1"},"canonical":"https:\/\/pharmacy-tlv.com\/pt\/loja\/desempenho-da-saude-masculina\/cialis-20mg-2tab\/","og_locale":"pt_BR","og_type":"article","og_title":"Cialis 20mg (2tab) - Buy in Israel | Fast Delivery!","og_description":"A drug for the treatment of erectile dysfunction, providing a stable erection for up to 36 hours.","og_url":"https:\/\/pharmacy-tlv.com\/pt\/loja\/desempenho-da-saude-masculina\/cialis-20mg-2tab\/","og_site_name":"Pharmacy TLV","article_modified_time":"2026-02-25T15:24:27+00:00","og_image":[{"width":700,"height":700,"url":"https:\/\/mlz1smk5t7q7.i.optimole.com\/cb:lQg3.de6\/w:auto\/h:auto\/q:mauto\/https:\/\/pharmacy-tlv.com\/wp-content\/uploads\/2025\/05\/cialis-20mg-2-tab-israel.jpg","type":"image\/jpeg"}],"twitter_card":"summary_large_image","twitter_misc":{"Est. tempo de leitura":"1 minuto"},"schema":{"@context":"https:\/\/schema.org","@graph":[{"@type":"WebPage","@id":"https:\/\/pharmacy-tlv.com\/shop\/mens-health-performance\/cialis-20mg-2tab\/","url":"https:\/\/pharmacy-tlv.com\/shop\/mens-health-performance\/cialis-20mg-2tab\/","name":"Cialis 20mg (2tab) - Comprar em Israel | Entrega r\u00e1pida!","isPartOf":{"@id":"https:\/\/pharmacy-tlv.com\/#website"},"primaryImageOfPage":{"@id":"https:\/\/pharmacy-tlv.com\/shop\/mens-health-performance\/cialis-20mg-2tab\/#primaryimage"},"image":{"@id":"https:\/\/pharmacy-tlv.com\/shop\/mens-health-performance\/cialis-20mg-2tab\/#primaryimage"},"thumbnailUrl":"https:\/\/mlz1smk5t7q7.i.optimole.com\/cb:lQg3.de6\/w:auto\/h:auto\/q:mauto\/https:\/\/pharmacy-tlv.com\/wp-content\/uploads\/2025\/05\/cialis-20mg-2-tab-israel.jpg","datePublished":"2025-05-15T18:23:13+00:00","dateModified":"2026-02-25T15:24:27+00:00","description":"Um medicamento para o tratamento da disfun\u00e7\u00e3o er\u00e9til, que proporciona uma ere\u00e7\u00e3o est\u00e1vel por at\u00e9 36 horas.","breadcrumb":{"@id":"https:\/\/pharmacy-tlv.com\/shop\/mens-health-performance\/cialis-20mg-2tab\/#breadcrumb"},"inLanguage":"pt-BR","potentialAction":[{"@type":"ReadAction","target":["https:\/\/pharmacy-tlv.com\/shop\/mens-health-performance\/cialis-20mg-2tab\/"]}]},{"@type":"ImageObject","inLanguage":"pt-BR","@id":"https:\/\/pharmacy-tlv.com\/shop\/mens-health-performance\/cialis-20mg-2tab\/#primaryimage","url":"https:\/\/mlz1smk5t7q7.i.optimole.com\/cb:lQg3.de6\/w:auto\/h:auto\/q:mauto\/https:\/\/pharmacy-tlv.com\/wp-content\/uploads\/2025\/05\/cialis-20mg-2-tab-israel.jpg","contentUrl":"https:\/\/mlz1smk5t7q7.i.optimole.com\/cb:lQg3.de6\/w:auto\/h:auto\/q:mauto\/https:\/\/pharmacy-tlv.com\/wp-content\/uploads\/2025\/05\/cialis-20mg-2-tab-israel.jpg","width":700,"height":700,"caption":"cialis-20mg-2-tab-israel"},{"@type":"BreadcrumbList","@id":"https:\/\/pharmacy-tlv.com\/shop\/mens-health-performance\/cialis-20mg-2tab\/#breadcrumb","itemListElement":[{"@type":"ListItem","position":1,"name":"Home","item":"https:\/\/pharmacy-tlv.com\/"},{"@type":"ListItem","position":2,"name":"Medications","item":"https:\/\/pharmacy-tlv.com\/shop\/"},{"@type":"ListItem","position":3,"name":"Cialis 20mg (2tab)"}]},{"@type":"WebSite","@id":"https:\/\/pharmacy-tlv.com\/#website","url":"https:\/\/pharmacy-tlv.com\/","name":"Farm\u00e1cia TLV","description":"Medicamentos israelenses de confian\u00e7a","publisher":{"@id":"https:\/\/pharmacy-tlv.com\/#organization"},"alternateName":"Pharmacy-TLV","potentialAction":[{"@type":"SearchAction","target":{"@type":"EntryPoint","urlTemplate":"https:\/\/pharmacy-tlv.com\/?s={search_term_string}"},"query-input":{"@type":"PropertyValueSpecification","valueRequired":true,"valueName":"search_term_string"}}],"inLanguage":"pt-BR"},{"@type":"Organization","@id":"https:\/\/pharmacy-tlv.com\/#organization","name":"Farm\u00e1cia TLV","alternateName":"Pharmacy-TLV","url":"https:\/\/pharmacy-tlv.com\/","logo":{"@type":"ImageObject","inLanguage":"pt-BR","@id":"https:\/\/pharmacy-tlv.com\/#\/schema\/logo\/image\/","url":"https:\/\/mlz1smk5t7q7.i.optimole.com\/cb:lQg3.de6\/w:auto\/h:auto\/q:mauto\/https:\/\/pharmacy-tlv.com\/wp-content\/uploads\/2025\/05\/pharmacy-white.png","contentUrl":"https:\/\/mlz1smk5t7q7.i.optimole.com\/cb:lQg3.de6\/w:auto\/h:auto\/q:mauto\/https:\/\/pharmacy-tlv.com\/wp-content\/uploads\/2025\/05\/pharmacy-white.png","width":500,"height":500,"caption":"Pharmacy TLV"},"image":{"@id":"https:\/\/pharmacy-tlv.com\/#\/schema\/logo\/image\/"}}]}},"_links":{"self":[{"href":"https:\/\/pharmacy-tlv.com\/pt\/wp-json\/wp\/v2\/product\/1346","targetHints":{"allow":["GET"]}}],"collection":[{"href":"https:\/\/pharmacy-tlv.com\/pt\/wp-json\/wp\/v2\/product"}],"about":[{"href":"https:\/\/pharmacy-tlv.com\/pt\/wp-json\/wp\/v2\/types\/product"}],"wp:featuredmedia":[{"embeddable":true,"href":"https:\/\/pharmacy-tlv.com\/pt\/wp-json\/wp\/v2\/media\/969"}],"wp:attachment":[{"href":"https:\/\/pharmacy-tlv.com\/pt\/wp-json\/wp\/v2\/media?parent=1346"}],"wp:term":[{"taxonomy":"product_brand","embeddable":true,"href":"https:\/\/pharmacy-tlv.com\/pt\/wp-json\/wp\/v2\/product_brand?post=1346"},{"taxonomy":"product_cat","embeddable":true,"href":"https:\/\/pharmacy-tlv.com\/pt\/wp-json\/wp\/v2\/product_cat?post=1346"},{"taxonomy":"product_tag","embeddable":true,"href":"https:\/\/pharmacy-tlv.com\/pt\/wp-json\/wp\/v2\/product_tag?post=1346"}],"curies":[{"name":"wp","href":"https:\/\/api.w.org\/{rel}","templated":true}]}}