{"id":1345,"date":"2025-05-15T18:23:11","date_gmt":"2025-05-15T18:23:11","guid":{"rendered":"https:\/\/pharmacy-tlv.com\/?post_type=product&#038;p=1345"},"modified":"2026-01-27T11:06:36","modified_gmt":"2026-01-27T11:06:36","slug":"diclofenaco-3ml-10amps","status":"publish","type":"product","link":"https:\/\/pharmacy-tlv.com\/pt\/loja\/alivio-da-dor\/diclofenaco-3ml-10amps\/","title":{"rendered":"Diclofenaco 3 ml (10 ampolas)"},"content":{"rendered":"<p>Diclofenaco solu\u00e7\u00e3o injet\u00e1vel 2.5% 3ml<\/p>\n<p>Diclofenaco<\/p>\n<p><strong>Aplicativo<\/strong><\/p>\n<p>Tratamento de doen\u00e7as inflamat\u00f3rias acompanhadas de dor, como artrite, osteoartrite, inflama\u00e7\u00e3o de tend\u00f5es, bursite e outras doen\u00e7as inflamat\u00f3rias do sistema musculoesquel\u00e9tico.<\/p>\n<p>Al\u00edvio da dor para les\u00f5es, entorses e dor p\u00f3s-operat\u00f3ria.<\/p>\n<p><strong>Motivo<\/strong><\/p>\n<p>Um anti-inflamat\u00f3rio e analg\u00e9sico para o tratamento de inflama\u00e7\u00f5es agudas e cr\u00f4nicas.<\/p>\n<p><strong>Propriedade de tratamento<\/strong><\/p>\n<p>Tem efeitos anti-inflamat\u00f3rios, analg\u00e9sicos e antipir\u00e9ticos.<\/p>\n<p>Reduz a inflama\u00e7\u00e3o e a dor, reduz o incha\u00e7o e a vermelhid\u00e3o.<\/p>\n<p>Proporciona um efeito r\u00e1pido para dores nas articula\u00e7\u00f5es e nos m\u00fasculos.<\/p>\n<p><strong>Tipo de medicamento<\/strong><\/p>\n<p>Droga injet\u00e1vel.<\/p>\n<p><strong>Fabricante<\/strong><\/p>\n<p>Lubnyfarm JSC<\/p>\n<p><strong>Subst\u00e2ncia ativa<\/strong><\/p>\n<p>Diclofenaco S\u00f3dico.<\/p>\n<p>#<em>Diclofenaco #DiclofenacoInje\u00e7\u00e3o #Diclofenaco #DiclofenacoInje\u00e7\u00e3o #DiclofenacoAl\u00edvio da dor<\/em><\/p>","protected":false},"excerpt":{"rendered":"<p>Agente analg\u00e9sico e anti-inflamat\u00f3rio para o tratamento de inflama\u00e7\u00e3o e dor nas articula\u00e7\u00f5es, m\u00fasculos e ap\u00f3s les\u00f5es.<\/p>","protected":false},"featured_media":1659,"template":"","meta":[],"product_brand":[],"product_cat":[47,38,32],"product_tag":[],"class_list":{"0":"post-1345","1":"product","2":"type-product","3":"status-publish","4":"has-post-thumbnail","6":"product_cat-all-medications","7":"product_cat-anti-inflammatory","8":"product_cat-pain-relief","10":"first","11":"instock","12":"shipping-taxable","13":"purchasable","14":"product-type-simple"},"yoast_head":"<!-- This site is optimized with the Yoast SEO plugin v25.1 - https:\/\/yoast.com\/wordpress\/plugins\/seo\/ -->\n<title>Diclofenac 3ml (10amps) - Buy in Israel | Fast Delivery!<\/title>\n<meta name=\"description\" content=\"Analgesic and anti-inflammatory agent for the treatment of inflammation and pain in joints, muscles and after injuries.\" \/>\n<meta name=\"robots\" content=\"index, follow, max-snippet:-1, max-image-preview:large, max-video-preview:-1\" \/>\n<link rel=\"canonical\" href=\"https:\/\/pharmacy-tlv.com\/pt\/loja\/alivio-da-dor\/diclofenaco-3ml-10amps\/\" \/>\n<meta property=\"og:locale\" content=\"pt_BR\" \/>\n<meta property=\"og:type\" content=\"article\" \/>\n<meta property=\"og:title\" content=\"Diclofenac 3ml (10amps) - Buy in Israel | Fast Delivery!\" \/>\n<meta property=\"og:description\" content=\"Analgesic and anti-inflammatory agent for the treatment of inflammation and pain in joints, muscles and after injuries.\" \/>\n<meta property=\"og:url\" content=\"https:\/\/pharmacy-tlv.com\/pt\/loja\/alivio-da-dor\/diclofenaco-3ml-10amps\/\" \/>\n<meta property=\"og:site_name\" content=\"Pharmacy TLV\" \/>\n<meta property=\"article:modified_time\" content=\"2026-01-27T11:06:36+00:00\" \/>\n<meta property=\"og:image\" content=\"https:\/\/mlz1smk5t7q7.i.optimole.com\/cb:lQg3.de6\/w:auto\/h:auto\/q:mauto\/https:\/\/pharmacy-tlv.com\/wp-content\/uploads\/2025\/05\/diclofenac-3ml-israel.jpg\" \/>\n\t<meta property=\"og:image:width\" content=\"1500\" \/>\n\t<meta property=\"og:image:height\" content=\"1500\" \/>\n\t<meta property=\"og:image:type\" content=\"image\/jpeg\" \/>\n<meta name=\"twitter:card\" content=\"summary_large_image\" \/>\n<meta name=\"twitter:label1\" content=\"Est. tempo de leitura\" \/>\n\t<meta name=\"twitter:data1\" content=\"1 minuto\" \/>\n<script type=\"application\/ld+json\" class=\"yoast-schema-graph\">{\"@context\":\"https:\/\/schema.org\",\"@graph\":[{\"@type\":\"WebPage\",\"@id\":\"https:\/\/pharmacy-tlv.com\/shop\/pain-relief\/diclofenac-3ml-10amps\/\",\"url\":\"https:\/\/pharmacy-tlv.com\/shop\/pain-relief\/diclofenac-3ml-10amps\/\",\"name\":\"Diclofenac 3ml (10amps) - Buy in Israel | Fast Delivery!\",\"isPartOf\":{\"@id\":\"https:\/\/pharmacy-tlv.com\/#website\"},\"primaryImageOfPage\":{\"@id\":\"https:\/\/pharmacy-tlv.com\/shop\/pain-relief\/diclofenac-3ml-10amps\/#primaryimage\"},\"image\":{\"@id\":\"https:\/\/pharmacy-tlv.com\/shop\/pain-relief\/diclofenac-3ml-10amps\/#primaryimage\"},\"thumbnailUrl\":\"https:\/\/mlz1smk5t7q7.i.optimole.com\/cb:lQg3.de6\/w:auto\/h:auto\/q:mauto\/https:\/\/pharmacy-tlv.com\/wp-content\/uploads\/2025\/05\/diclofenac-3ml-israel.jpg\",\"datePublished\":\"2025-05-15T18:23:11+00:00\",\"dateModified\":\"2026-01-27T11:06:36+00:00\",\"description\":\"Analgesic and anti-inflammatory agent for the treatment of inflammation and pain in joints, muscles and after injuries.\",\"breadcrumb\":{\"@id\":\"https:\/\/pharmacy-tlv.com\/shop\/pain-relief\/diclofenac-3ml-10amps\/#breadcrumb\"},\"inLanguage\":\"pt-BR\",\"potentialAction\":[{\"@type\":\"ReadAction\",\"target\":[\"https:\/\/pharmacy-tlv.com\/shop\/pain-relief\/diclofenac-3ml-10amps\/\"]}]},{\"@type\":\"ImageObject\",\"inLanguage\":\"pt-BR\",\"@id\":\"https:\/\/pharmacy-tlv.com\/shop\/pain-relief\/diclofenac-3ml-10amps\/#primaryimage\",\"url\":\"https:\/\/mlz1smk5t7q7.i.optimole.com\/cb:lQg3.de6\/w:auto\/h:auto\/q:mauto\/https:\/\/pharmacy-tlv.com\/wp-content\/uploads\/2025\/05\/diclofenac-3ml-israel.jpg\",\"contentUrl\":\"https:\/\/mlz1smk5t7q7.i.optimole.com\/cb:lQg3.de6\/w:auto\/h:auto\/q:mauto\/https:\/\/pharmacy-tlv.com\/wp-content\/uploads\/2025\/05\/diclofenac-3ml-israel.jpg\",\"width\":1500,\"height\":1500,\"caption\":\"diclofenac 3ml israel\"},{\"@type\":\"BreadcrumbList\",\"@id\":\"https:\/\/pharmacy-tlv.com\/shop\/pain-relief\/diclofenac-3ml-10amps\/#breadcrumb\",\"itemListElement\":[{\"@type\":\"ListItem\",\"position\":1,\"name\":\"Home\",\"item\":\"https:\/\/pharmacy-tlv.com\/\"},{\"@type\":\"ListItem\",\"position\":2,\"name\":\"Medications\",\"item\":\"https:\/\/pharmacy-tlv.com\/shop\/\"},{\"@type\":\"ListItem\",\"position\":3,\"name\":\"Diclofenac 3ml (10amps)\"}]},{\"@type\":\"WebSite\",\"@id\":\"https:\/\/pharmacy-tlv.com\/#website\",\"url\":\"https:\/\/pharmacy-tlv.com\/\",\"name\":\"Pharmacy TLV\",\"description\":\"Trusted Israeli Medications\",\"publisher\":{\"@id\":\"https:\/\/pharmacy-tlv.com\/#organization\"},\"alternateName\":\"Pharmacy-TLV\",\"potentialAction\":[{\"@type\":\"SearchAction\",\"target\":{\"@type\":\"EntryPoint\",\"urlTemplate\":\"https:\/\/pharmacy-tlv.com\/?s={search_term_string}\"},\"query-input\":{\"@type\":\"PropertyValueSpecification\",\"valueRequired\":true,\"valueName\":\"search_term_string\"}}],\"inLanguage\":\"pt-BR\"},{\"@type\":\"Organization\",\"@id\":\"https:\/\/pharmacy-tlv.com\/#organization\",\"name\":\"Pharmacy TLV\",\"alternateName\":\"Pharmacy-TLV\",\"url\":\"https:\/\/pharmacy-tlv.com\/\",\"logo\":{\"@type\":\"ImageObject\",\"inLanguage\":\"pt-BR\",\"@id\":\"https:\/\/pharmacy-tlv.com\/#\/schema\/logo\/image\/\",\"url\":\"https:\/\/mlz1smk5t7q7.i.optimole.com\/cb:lQg3.de6\/w:auto\/h:auto\/q:mauto\/https:\/\/pharmacy-tlv.com\/wp-content\/uploads\/2025\/05\/pharmacy-white.png\",\"contentUrl\":\"https:\/\/mlz1smk5t7q7.i.optimole.com\/cb:lQg3.de6\/w:auto\/h:auto\/q:mauto\/https:\/\/pharmacy-tlv.com\/wp-content\/uploads\/2025\/05\/pharmacy-white.png\",\"width\":500,\"height\":500,\"caption\":\"Pharmacy TLV\"},\"image\":{\"@id\":\"https:\/\/pharmacy-tlv.com\/#\/schema\/logo\/image\/\"}}]}<\/script>\n<!-- \/ Yoast SEO plugin. -->","yoast_head_json":{"title":"Diclofenac 3ml (10amps) - Comprar em Israel | Entrega r\u00e1pida!","description":"Agente analg\u00e9sico e anti-inflamat\u00f3rio para o tratamento de inflama\u00e7\u00e3o e dor nas articula\u00e7\u00f5es, m\u00fasculos e ap\u00f3s les\u00f5es.","robots":{"index":"index","follow":"follow","max-snippet":"max-snippet:-1","max-image-preview":"max-image-preview:large","max-video-preview":"max-video-preview:-1"},"canonical":"https:\/\/pharmacy-tlv.com\/pt\/loja\/alivio-da-dor\/diclofenaco-3ml-10amps\/","og_locale":"pt_BR","og_type":"article","og_title":"Diclofenac 3ml (10amps) - Buy in Israel | Fast Delivery!","og_description":"Analgesic and anti-inflammatory agent for the treatment of inflammation and pain in joints, muscles and after injuries.","og_url":"https:\/\/pharmacy-tlv.com\/pt\/loja\/alivio-da-dor\/diclofenaco-3ml-10amps\/","og_site_name":"Pharmacy TLV","article_modified_time":"2026-01-27T11:06:36+00:00","og_image":[{"width":1500,"height":1500,"url":"https:\/\/mlz1smk5t7q7.i.optimole.com\/cb:lQg3.de6\/w:auto\/h:auto\/q:mauto\/https:\/\/pharmacy-tlv.com\/wp-content\/uploads\/2025\/05\/diclofenac-3ml-israel.jpg","type":"image\/jpeg"}],"twitter_card":"summary_large_image","twitter_misc":{"Est. tempo de leitura":"1 minuto"},"schema":{"@context":"https:\/\/schema.org","@graph":[{"@type":"WebPage","@id":"https:\/\/pharmacy-tlv.com\/shop\/pain-relief\/diclofenac-3ml-10amps\/","url":"https:\/\/pharmacy-tlv.com\/shop\/pain-relief\/diclofenac-3ml-10amps\/","name":"Diclofenac 3ml (10amps) - Comprar em Israel | Entrega r\u00e1pida!","isPartOf":{"@id":"https:\/\/pharmacy-tlv.com\/#website"},"primaryImageOfPage":{"@id":"https:\/\/pharmacy-tlv.com\/shop\/pain-relief\/diclofenac-3ml-10amps\/#primaryimage"},"image":{"@id":"https:\/\/pharmacy-tlv.com\/shop\/pain-relief\/diclofenac-3ml-10amps\/#primaryimage"},"thumbnailUrl":"https:\/\/mlz1smk5t7q7.i.optimole.com\/cb:lQg3.de6\/w:auto\/h:auto\/q:mauto\/https:\/\/pharmacy-tlv.com\/wp-content\/uploads\/2025\/05\/diclofenac-3ml-israel.jpg","datePublished":"2025-05-15T18:23:11+00:00","dateModified":"2026-01-27T11:06:36+00:00","description":"Agente analg\u00e9sico e anti-inflamat\u00f3rio para o tratamento de inflama\u00e7\u00e3o e dor nas articula\u00e7\u00f5es, m\u00fasculos e ap\u00f3s les\u00f5es.","breadcrumb":{"@id":"https:\/\/pharmacy-tlv.com\/shop\/pain-relief\/diclofenac-3ml-10amps\/#breadcrumb"},"inLanguage":"pt-BR","potentialAction":[{"@type":"ReadAction","target":["https:\/\/pharmacy-tlv.com\/shop\/pain-relief\/diclofenac-3ml-10amps\/"]}]},{"@type":"ImageObject","inLanguage":"pt-BR","@id":"https:\/\/pharmacy-tlv.com\/shop\/pain-relief\/diclofenac-3ml-10amps\/#primaryimage","url":"https:\/\/mlz1smk5t7q7.i.optimole.com\/cb:lQg3.de6\/w:auto\/h:auto\/q:mauto\/https:\/\/pharmacy-tlv.com\/wp-content\/uploads\/2025\/05\/diclofenac-3ml-israel.jpg","contentUrl":"https:\/\/mlz1smk5t7q7.i.optimole.com\/cb:lQg3.de6\/w:auto\/h:auto\/q:mauto\/https:\/\/pharmacy-tlv.com\/wp-content\/uploads\/2025\/05\/diclofenac-3ml-israel.jpg","width":1500,"height":1500,"caption":"diclofenac 3ml israel"},{"@type":"BreadcrumbList","@id":"https:\/\/pharmacy-tlv.com\/shop\/pain-relief\/diclofenac-3ml-10amps\/#breadcrumb","itemListElement":[{"@type":"ListItem","position":1,"name":"Home","item":"https:\/\/pharmacy-tlv.com\/"},{"@type":"ListItem","position":2,"name":"Medications","item":"https:\/\/pharmacy-tlv.com\/shop\/"},{"@type":"ListItem","position":3,"name":"Diclofenac 3ml (10amps)"}]},{"@type":"WebSite","@id":"https:\/\/pharmacy-tlv.com\/#website","url":"https:\/\/pharmacy-tlv.com\/","name":"Farm\u00e1cia TLV","description":"Medicamentos israelenses de confian\u00e7a","publisher":{"@id":"https:\/\/pharmacy-tlv.com\/#organization"},"alternateName":"Pharmacy-TLV","potentialAction":[{"@type":"SearchAction","target":{"@type":"EntryPoint","urlTemplate":"https:\/\/pharmacy-tlv.com\/?s={search_term_string}"},"query-input":{"@type":"PropertyValueSpecification","valueRequired":true,"valueName":"search_term_string"}}],"inLanguage":"pt-BR"},{"@type":"Organization","@id":"https:\/\/pharmacy-tlv.com\/#organization","name":"Farm\u00e1cia TLV","alternateName":"Pharmacy-TLV","url":"https:\/\/pharmacy-tlv.com\/","logo":{"@type":"ImageObject","inLanguage":"pt-BR","@id":"https:\/\/pharmacy-tlv.com\/#\/schema\/logo\/image\/","url":"https:\/\/mlz1smk5t7q7.i.optimole.com\/cb:lQg3.de6\/w:auto\/h:auto\/q:mauto\/https:\/\/pharmacy-tlv.com\/wp-content\/uploads\/2025\/05\/pharmacy-white.png","contentUrl":"https:\/\/mlz1smk5t7q7.i.optimole.com\/cb:lQg3.de6\/w:auto\/h:auto\/q:mauto\/https:\/\/pharmacy-tlv.com\/wp-content\/uploads\/2025\/05\/pharmacy-white.png","width":500,"height":500,"caption":"Pharmacy TLV"},"image":{"@id":"https:\/\/pharmacy-tlv.com\/#\/schema\/logo\/image\/"}}]}},"_links":{"self":[{"href":"https:\/\/pharmacy-tlv.com\/pt\/wp-json\/wp\/v2\/product\/1345","targetHints":{"allow":["GET"]}}],"collection":[{"href":"https:\/\/pharmacy-tlv.com\/pt\/wp-json\/wp\/v2\/product"}],"about":[{"href":"https:\/\/pharmacy-tlv.com\/pt\/wp-json\/wp\/v2\/types\/product"}],"wp:featuredmedia":[{"embeddable":true,"href":"https:\/\/pharmacy-tlv.com\/pt\/wp-json\/wp\/v2\/media\/1659"}],"wp:attachment":[{"href":"https:\/\/pharmacy-tlv.com\/pt\/wp-json\/wp\/v2\/media?parent=1345"}],"wp:term":[{"taxonomy":"product_brand","embeddable":true,"href":"https:\/\/pharmacy-tlv.com\/pt\/wp-json\/wp\/v2\/product_brand?post=1345"},{"taxonomy":"product_cat","embeddable":true,"href":"https:\/\/pharmacy-tlv.com\/pt\/wp-json\/wp\/v2\/product_cat?post=1345"},{"taxonomy":"product_tag","embeddable":true,"href":"https:\/\/pharmacy-tlv.com\/pt\/wp-json\/wp\/v2\/product_tag?post=1345"}],"curies":[{"name":"wp","href":"https:\/\/api.w.org\/{rel}","templated":true}]}}