{"id":1313,"date":"2025-05-15T18:23:09","date_gmt":"2025-05-15T18:23:09","guid":{"rendered":"https:\/\/pharmacy-tlv.com\/?post_type=product&#038;p=1313"},"modified":"2025-05-23T13:56:51","modified_gmt":"2025-05-23T13:56:51","slug":"vermox-6t","status":"publish","type":"product","link":"https:\/\/pharmacy-tlv.com\/pt\/loja\/saude-geral\/vermox-6t\/","title":{"rendered":"Vermox (6t)"},"content":{"rendered":"<p>Vermox<\/p>\n<p><strong>Tipo de produto: <\/strong>Comprimidos orais.<\/p>\n<p><strong>Aplicativo:<\/strong> Tratamento de helmint\u00edase (infec\u00e7\u00f5es causadas por parasitas).<\/p>\n<p><strong>Causa:<\/strong><\/p>\n<p>- Pinworms.<\/p>\n<p>- Vermes redondos.<\/p>\n<p>- Taen\u00edase (vermes como a t\u00eania da carne bovina ou su\u00edna).<\/p>\n<p>- Giardia e outros parasitas.<\/p>\n<p><strong>Propriedades do tratamento:<\/strong><\/p>\n<p>- Destr\u00f3i v\u00e1rios tipos de helmintos, incluindo vermes, vermes redondos e t\u00eanias.<\/p>\n<p>- Ajuda a combater parasitas, reduzindo seu n\u00famero e interrompendo suas fun\u00e7\u00f5es vitais.<\/p>\n<p>- Tem um efeito antiparasit\u00e1rio.<\/p>\n<p><strong>Tipo de medicamento:<\/strong> Comprimidos para uso oral.<\/p>\n<p><strong>Fabricante:<\/strong> Janssen<\/p>\n<p>&nbsp;<\/p>\n<p>Subst\u00e2ncia ativa: Mebendazol, Mebendazol.<\/p>\n<p><em>#comprar Vermox em Israel, #Vermox em Israel, #vermox Israel, #Vermox Israel<\/em> <em> <em>#Vermox entrega gratuita #Worms #Worms em Israel<\/em><\/em><\/p>","protected":false},"excerpt":{"rendered":"<p>Aplica\u00e7\u00e3o: Tratamento de helmint\u00edases (infec\u00e7\u00f5es causadas por parasitas).<\/p>","protected":false},"featured_media":892,"template":"","meta":[],"product_brand":[],"product_cat":[47,33],"product_tag":[],"class_list":{"0":"post-1313","1":"product","2":"type-product","3":"status-publish","4":"has-post-thumbnail","6":"product_cat-all-medications","7":"product_cat-general-health","9":"first","10":"instock","11":"shipping-taxable","12":"purchasable","13":"product-type-simple"},"yoast_head":"<!-- This site is optimized with the Yoast SEO plugin v25.1 - https:\/\/yoast.com\/wordpress\/plugins\/seo\/ -->\n<title>Vermox (6t) - Buy in Israel | Fast Delivery!<\/title>\n<meta name=\"description\" content=\"Application: Treatment of helminthiases (infections caused by parasites).\" \/>\n<meta name=\"robots\" content=\"index, follow, max-snippet:-1, max-image-preview:large, max-video-preview:-1\" \/>\n<link rel=\"canonical\" href=\"https:\/\/pharmacy-tlv.com\/pt\/loja\/saude-geral\/vermox-6t\/\" \/>\n<meta property=\"og:locale\" content=\"pt_BR\" \/>\n<meta property=\"og:type\" content=\"article\" \/>\n<meta property=\"og:title\" content=\"Vermox (6t) - Buy in Israel | Fast Delivery!\" \/>\n<meta property=\"og:description\" content=\"Application: Treatment of helminthiases (infections caused by parasites).\" \/>\n<meta property=\"og:url\" content=\"https:\/\/pharmacy-tlv.com\/pt\/loja\/saude-geral\/vermox-6t\/\" \/>\n<meta property=\"og:site_name\" content=\"Pharmacy TLV\" \/>\n<meta property=\"article:modified_time\" content=\"2025-05-23T13:56:51+00:00\" \/>\n<meta property=\"og:image\" content=\"https:\/\/mlz1smk5t7q7.i.optimole.com\/cb:lQg3.de6\/w:auto\/h:auto\/q:mauto\/https:\/\/pharmacy-tlv.com\/wp-content\/uploads\/2025\/05\/vermox-6-tabletok-israel.jpg\" \/>\n\t<meta property=\"og:image:width\" content=\"300\" \/>\n\t<meta property=\"og:image:height\" content=\"300\" \/>\n\t<meta property=\"og:image:type\" content=\"image\/jpeg\" \/>\n<meta name=\"twitter:card\" content=\"summary_large_image\" \/>\n<meta name=\"twitter:label1\" content=\"Est. tempo de leitura\" \/>\n\t<meta name=\"twitter:data1\" content=\"1 minuto\" \/>\n<script type=\"application\/ld+json\" class=\"yoast-schema-graph\">{\"@context\":\"https:\/\/schema.org\",\"@graph\":[{\"@type\":\"WebPage\",\"@id\":\"https:\/\/pharmacy-tlv.com\/shop\/general-health\/vermox-6t\/\",\"url\":\"https:\/\/pharmacy-tlv.com\/shop\/general-health\/vermox-6t\/\",\"name\":\"Vermox (6t) - Buy in Israel | Fast Delivery!\",\"isPartOf\":{\"@id\":\"https:\/\/pharmacy-tlv.com\/#website\"},\"primaryImageOfPage\":{\"@id\":\"https:\/\/pharmacy-tlv.com\/shop\/general-health\/vermox-6t\/#primaryimage\"},\"image\":{\"@id\":\"https:\/\/pharmacy-tlv.com\/shop\/general-health\/vermox-6t\/#primaryimage\"},\"thumbnailUrl\":\"https:\/\/mlz1smk5t7q7.i.optimole.com\/cb:lQg3.de6\/w:auto\/h:auto\/q:mauto\/https:\/\/pharmacy-tlv.com\/wp-content\/uploads\/2025\/05\/vermox-6-tabletok-israel.jpg\",\"datePublished\":\"2025-05-15T18:23:09+00:00\",\"dateModified\":\"2025-05-23T13:56:51+00:00\",\"description\":\"Application: Treatment of helminthiases (infections caused by parasites).\",\"breadcrumb\":{\"@id\":\"https:\/\/pharmacy-tlv.com\/shop\/general-health\/vermox-6t\/#breadcrumb\"},\"inLanguage\":\"pt-BR\",\"potentialAction\":[{\"@type\":\"ReadAction\",\"target\":[\"https:\/\/pharmacy-tlv.com\/shop\/general-health\/vermox-6t\/\"]}]},{\"@type\":\"ImageObject\",\"inLanguage\":\"pt-BR\",\"@id\":\"https:\/\/pharmacy-tlv.com\/shop\/general-health\/vermox-6t\/#primaryimage\",\"url\":\"https:\/\/mlz1smk5t7q7.i.optimole.com\/cb:lQg3.de6\/w:auto\/h:auto\/q:mauto\/https:\/\/pharmacy-tlv.com\/wp-content\/uploads\/2025\/05\/vermox-6-tabletok-israel.jpg\",\"contentUrl\":\"https:\/\/mlz1smk5t7q7.i.optimole.com\/cb:lQg3.de6\/w:auto\/h:auto\/q:mauto\/https:\/\/pharmacy-tlv.com\/wp-content\/uploads\/2025\/05\/vermox-6-tabletok-israel.jpg\",\"width\":300,\"height\":300,\"caption\":\"vermox-6-tabletok-israel\"},{\"@type\":\"BreadcrumbList\",\"@id\":\"https:\/\/pharmacy-tlv.com\/shop\/general-health\/vermox-6t\/#breadcrumb\",\"itemListElement\":[{\"@type\":\"ListItem\",\"position\":1,\"name\":\"Home\",\"item\":\"https:\/\/pharmacy-tlv.com\/\"},{\"@type\":\"ListItem\",\"position\":2,\"name\":\"Medications\",\"item\":\"https:\/\/pharmacy-tlv.com\/shop\/\"},{\"@type\":\"ListItem\",\"position\":3,\"name\":\"Vermox (6t)\"}]},{\"@type\":\"WebSite\",\"@id\":\"https:\/\/pharmacy-tlv.com\/#website\",\"url\":\"https:\/\/pharmacy-tlv.com\/\",\"name\":\"Pharmacy TLV\",\"description\":\"Trusted Israeli Medications\",\"publisher\":{\"@id\":\"https:\/\/pharmacy-tlv.com\/#organization\"},\"alternateName\":\"Pharmacy-TLV\",\"potentialAction\":[{\"@type\":\"SearchAction\",\"target\":{\"@type\":\"EntryPoint\",\"urlTemplate\":\"https:\/\/pharmacy-tlv.com\/?s={search_term_string}\"},\"query-input\":{\"@type\":\"PropertyValueSpecification\",\"valueRequired\":true,\"valueName\":\"search_term_string\"}}],\"inLanguage\":\"pt-BR\"},{\"@type\":\"Organization\",\"@id\":\"https:\/\/pharmacy-tlv.com\/#organization\",\"name\":\"Pharmacy TLV\",\"alternateName\":\"Pharmacy-TLV\",\"url\":\"https:\/\/pharmacy-tlv.com\/\",\"logo\":{\"@type\":\"ImageObject\",\"inLanguage\":\"pt-BR\",\"@id\":\"https:\/\/pharmacy-tlv.com\/#\/schema\/logo\/image\/\",\"url\":\"https:\/\/mlz1smk5t7q7.i.optimole.com\/cb:lQg3.de6\/w:auto\/h:auto\/q:mauto\/https:\/\/pharmacy-tlv.com\/wp-content\/uploads\/2025\/05\/pharmacy-white.png\",\"contentUrl\":\"https:\/\/mlz1smk5t7q7.i.optimole.com\/cb:lQg3.de6\/w:auto\/h:auto\/q:mauto\/https:\/\/pharmacy-tlv.com\/wp-content\/uploads\/2025\/05\/pharmacy-white.png\",\"width\":500,\"height\":500,\"caption\":\"Pharmacy TLV\"},\"image\":{\"@id\":\"https:\/\/pharmacy-tlv.com\/#\/schema\/logo\/image\/\"}}]}<\/script>\n<!-- \/ Yoast SEO plugin. -->","yoast_head_json":{"title":"Vermox (6t) - Comprar em Israel | Entrega r\u00e1pida!","description":"Aplica\u00e7\u00e3o: Tratamento de helmint\u00edases (infec\u00e7\u00f5es causadas por parasitas).","robots":{"index":"index","follow":"follow","max-snippet":"max-snippet:-1","max-image-preview":"max-image-preview:large","max-video-preview":"max-video-preview:-1"},"canonical":"https:\/\/pharmacy-tlv.com\/pt\/loja\/saude-geral\/vermox-6t\/","og_locale":"pt_BR","og_type":"article","og_title":"Vermox (6t) - Buy in Israel | Fast Delivery!","og_description":"Application: Treatment of helminthiases (infections caused by parasites).","og_url":"https:\/\/pharmacy-tlv.com\/pt\/loja\/saude-geral\/vermox-6t\/","og_site_name":"Pharmacy TLV","article_modified_time":"2025-05-23T13:56:51+00:00","og_image":[{"width":300,"height":300,"url":"https:\/\/mlz1smk5t7q7.i.optimole.com\/cb:lQg3.de6\/w:auto\/h:auto\/q:mauto\/https:\/\/pharmacy-tlv.com\/wp-content\/uploads\/2025\/05\/vermox-6-tabletok-israel.jpg","type":"image\/jpeg"}],"twitter_card":"summary_large_image","twitter_misc":{"Est. tempo de leitura":"1 minuto"},"schema":{"@context":"https:\/\/schema.org","@graph":[{"@type":"WebPage","@id":"https:\/\/pharmacy-tlv.com\/shop\/general-health\/vermox-6t\/","url":"https:\/\/pharmacy-tlv.com\/shop\/general-health\/vermox-6t\/","name":"Vermox (6t) - Comprar em Israel | Entrega r\u00e1pida!","isPartOf":{"@id":"https:\/\/pharmacy-tlv.com\/#website"},"primaryImageOfPage":{"@id":"https:\/\/pharmacy-tlv.com\/shop\/general-health\/vermox-6t\/#primaryimage"},"image":{"@id":"https:\/\/pharmacy-tlv.com\/shop\/general-health\/vermox-6t\/#primaryimage"},"thumbnailUrl":"https:\/\/mlz1smk5t7q7.i.optimole.com\/cb:lQg3.de6\/w:auto\/h:auto\/q:mauto\/https:\/\/pharmacy-tlv.com\/wp-content\/uploads\/2025\/05\/vermox-6-tabletok-israel.jpg","datePublished":"2025-05-15T18:23:09+00:00","dateModified":"2025-05-23T13:56:51+00:00","description":"Aplica\u00e7\u00e3o: Tratamento de helmint\u00edases (infec\u00e7\u00f5es causadas por parasitas).","breadcrumb":{"@id":"https:\/\/pharmacy-tlv.com\/shop\/general-health\/vermox-6t\/#breadcrumb"},"inLanguage":"pt-BR","potentialAction":[{"@type":"ReadAction","target":["https:\/\/pharmacy-tlv.com\/shop\/general-health\/vermox-6t\/"]}]},{"@type":"ImageObject","inLanguage":"pt-BR","@id":"https:\/\/pharmacy-tlv.com\/shop\/general-health\/vermox-6t\/#primaryimage","url":"https:\/\/mlz1smk5t7q7.i.optimole.com\/cb:lQg3.de6\/w:auto\/h:auto\/q:mauto\/https:\/\/pharmacy-tlv.com\/wp-content\/uploads\/2025\/05\/vermox-6-tabletok-israel.jpg","contentUrl":"https:\/\/mlz1smk5t7q7.i.optimole.com\/cb:lQg3.de6\/w:auto\/h:auto\/q:mauto\/https:\/\/pharmacy-tlv.com\/wp-content\/uploads\/2025\/05\/vermox-6-tabletok-israel.jpg","width":300,"height":300,"caption":"vermox-6-tabletok-israel"},{"@type":"BreadcrumbList","@id":"https:\/\/pharmacy-tlv.com\/shop\/general-health\/vermox-6t\/#breadcrumb","itemListElement":[{"@type":"ListItem","position":1,"name":"Home","item":"https:\/\/pharmacy-tlv.com\/"},{"@type":"ListItem","position":2,"name":"Medications","item":"https:\/\/pharmacy-tlv.com\/shop\/"},{"@type":"ListItem","position":3,"name":"Vermox (6t)"}]},{"@type":"WebSite","@id":"https:\/\/pharmacy-tlv.com\/#website","url":"https:\/\/pharmacy-tlv.com\/","name":"Farm\u00e1cia TLV","description":"Medicamentos israelenses de confian\u00e7a","publisher":{"@id":"https:\/\/pharmacy-tlv.com\/#organization"},"alternateName":"Pharmacy-TLV","potentialAction":[{"@type":"SearchAction","target":{"@type":"EntryPoint","urlTemplate":"https:\/\/pharmacy-tlv.com\/?s={search_term_string}"},"query-input":{"@type":"PropertyValueSpecification","valueRequired":true,"valueName":"search_term_string"}}],"inLanguage":"pt-BR"},{"@type":"Organization","@id":"https:\/\/pharmacy-tlv.com\/#organization","name":"Farm\u00e1cia TLV","alternateName":"Pharmacy-TLV","url":"https:\/\/pharmacy-tlv.com\/","logo":{"@type":"ImageObject","inLanguage":"pt-BR","@id":"https:\/\/pharmacy-tlv.com\/#\/schema\/logo\/image\/","url":"https:\/\/mlz1smk5t7q7.i.optimole.com\/cb:lQg3.de6\/w:auto\/h:auto\/q:mauto\/https:\/\/pharmacy-tlv.com\/wp-content\/uploads\/2025\/05\/pharmacy-white.png","contentUrl":"https:\/\/mlz1smk5t7q7.i.optimole.com\/cb:lQg3.de6\/w:auto\/h:auto\/q:mauto\/https:\/\/pharmacy-tlv.com\/wp-content\/uploads\/2025\/05\/pharmacy-white.png","width":500,"height":500,"caption":"Pharmacy TLV"},"image":{"@id":"https:\/\/pharmacy-tlv.com\/#\/schema\/logo\/image\/"}}]}},"_links":{"self":[{"href":"https:\/\/pharmacy-tlv.com\/pt\/wp-json\/wp\/v2\/product\/1313","targetHints":{"allow":["GET"]}}],"collection":[{"href":"https:\/\/pharmacy-tlv.com\/pt\/wp-json\/wp\/v2\/product"}],"about":[{"href":"https:\/\/pharmacy-tlv.com\/pt\/wp-json\/wp\/v2\/types\/product"}],"wp:featuredmedia":[{"embeddable":true,"href":"https:\/\/pharmacy-tlv.com\/pt\/wp-json\/wp\/v2\/media\/892"}],"wp:attachment":[{"href":"https:\/\/pharmacy-tlv.com\/pt\/wp-json\/wp\/v2\/media?parent=1313"}],"wp:term":[{"taxonomy":"product_brand","embeddable":true,"href":"https:\/\/pharmacy-tlv.com\/pt\/wp-json\/wp\/v2\/product_brand?post=1313"},{"taxonomy":"product_cat","embeddable":true,"href":"https:\/\/pharmacy-tlv.com\/pt\/wp-json\/wp\/v2\/product_cat?post=1313"},{"taxonomy":"product_tag","embeddable":true,"href":"https:\/\/pharmacy-tlv.com\/pt\/wp-json\/wp\/v2\/product_tag?post=1313"}],"curies":[{"name":"wp","href":"https:\/\/api.w.org\/{rel}","templated":true}]}}