{"id":1306,"date":"2026-03-09T07:49:08","date_gmt":"2026-03-09T07:49:08","guid":{"rendered":"https:\/\/pharmacy-tlv.com\/?post_type=product&#038;p=1306"},"modified":"2026-03-09T11:50:25","modified_gmt":"2026-03-09T11:50:25","slug":"t3-thyromel-25mg-100t","status":"publish","type":"product","link":"https:\/\/pharmacy-tlv.com\/pt\/loja\/sports-supplements\/t3-thyromel-25mg-100t\/","title":{"rendered":"T3 - Thyromel 25mg (100t)"},"content":{"rendered":"<p>T3 (Tyromel): Queima de gordura e aumento do metabolismo<\/p>\n<p>O T3 (Tyromel), ou liotironina s\u00f3dica, \u00e9 um horm\u00f4nio tireoidiano sint\u00e9tico amplamente utilizado por fisiculturistas e atletas para acelerar o metabolismo e queimar gordura.<\/p>\n<p>Benef\u00edcios do T3 (Tyromel):<\/p>\n<p>Queima de gordura: Acelera o metabolismo, o que ajuda a queimar calorias com mais efici\u00eancia.<\/p>\n<p>Corpo esculpido: ajuda a criar um f\u00edsico magro e esculpido.<\/p>\n<p>Suporte para GH e trembolona: Mant\u00e9m os n\u00edveis ideais de horm\u00f4nio tireoidiano durante os ciclos de GH e trembolona.<\/p>\n<p>Otimiza\u00e7\u00e3o do horm\u00f4nio da tireoide: Ajuda a manter os n\u00edveis normais de horm\u00f4nio da tireoide.<\/p>\n<p>Por que escolher o T3 (Tyromel)?<\/p>\n<p>Nosso produto T3 foi submetido a um rigoroso controle de qualidade, o que garante sua alta efici\u00eancia no processo de queima de gordura e melhora da composi\u00e7\u00e3o corporal.<\/p>\n<p><em>#T3 tyromel em Israel, #t3 tyromel Israel, #T3 tyromel frete gr\u00e1tis<\/em><\/p>","protected":false},"excerpt":{"rendered":"<p>O T3, tamb\u00e9m conhecido como thyromel, afeta a produ\u00e7\u00e3o de T3 pela gl\u00e2ndula tireoide e garante o aumento do desempenho da tireoide. Ajuda a queimar gordura e a aumentar o metabolismo.<\/p>","protected":false},"featured_media":2440,"template":"","meta":[],"product_brand":[],"product_cat":[51],"product_tag":[],"class_list":{"0":"post-1306","1":"product","2":"type-product","3":"status-publish","4":"has-post-thumbnail","6":"product_cat-sports-supplements","8":"first","9":"instock","10":"shipping-taxable","11":"purchasable","12":"product-type-simple"},"yoast_head":"<!-- This site is optimized with the Yoast SEO plugin v25.1 - https:\/\/yoast.com\/wordpress\/plugins\/seo\/ -->\n<title>T3 - Thyromel 25mg (100t) - Buy in Israel | Fast Delivery!<\/title>\n<meta name=\"description\" content=\"T3, also known as thyromel, affects the production of T3 by the thyroid gland and ensures increased thyroid performance.\" \/>\n<meta name=\"robots\" content=\"index, follow, max-snippet:-1, max-image-preview:large, max-video-preview:-1\" \/>\n<link rel=\"canonical\" href=\"https:\/\/pharmacy-tlv.com\/pt\/loja\/sports-supplements\/t3-thyromel-25mg-100t\/\" \/>\n<meta property=\"og:locale\" content=\"pt_BR\" \/>\n<meta property=\"og:type\" content=\"article\" \/>\n<meta property=\"og:title\" content=\"T3 - Thyromel 25mg (100t) - Buy in Israel | Fast Delivery!\" \/>\n<meta property=\"og:description\" content=\"T3, also known as thyromel, affects the production of T3 by the thyroid gland and ensures increased thyroid performance.\" \/>\n<meta property=\"og:url\" content=\"https:\/\/pharmacy-tlv.com\/pt\/loja\/sports-supplements\/t3-thyromel-25mg-100t\/\" \/>\n<meta property=\"og:site_name\" content=\"Pharmacy TLV\" \/>\n<meta property=\"article:modified_time\" content=\"2026-03-09T11:50:25+00:00\" \/>\n<meta property=\"og:image\" content=\"https:\/\/mlz1smk5t7q7.i.optimole.com\/cb:lQg3.de6\/w:auto\/h:auto\/q:mauto\/https:\/\/pharmacy-tlv.com\/wp-content\/uploads\/2025\/05\/t3-tiromel.jpg\" \/>\n\t<meta property=\"og:image:width\" content=\"300\" \/>\n\t<meta property=\"og:image:height\" content=\"300\" \/>\n\t<meta property=\"og:image:type\" content=\"image\/jpeg\" \/>\n<meta name=\"twitter:card\" content=\"summary_large_image\" \/>\n<meta name=\"twitter:label1\" content=\"Est. tempo de leitura\" \/>\n\t<meta name=\"twitter:data1\" content=\"1 minuto\" \/>\n<script type=\"application\/ld+json\" class=\"yoast-schema-graph\">{\"@context\":\"https:\/\/schema.org\",\"@graph\":[{\"@type\":\"WebPage\",\"@id\":\"https:\/\/pharmacy-tlv.com\/shop\/sports-supplements\/t3-thyromel-25mg-100t\/\",\"url\":\"https:\/\/pharmacy-tlv.com\/shop\/sports-supplements\/t3-thyromel-25mg-100t\/\",\"name\":\"T3 - Thyromel 25mg (100t) - Buy in Israel | Fast Delivery!\",\"isPartOf\":{\"@id\":\"https:\/\/pharmacy-tlv.com\/#website\"},\"primaryImageOfPage\":{\"@id\":\"https:\/\/pharmacy-tlv.com\/shop\/sports-supplements\/t3-thyromel-25mg-100t\/#primaryimage\"},\"image\":{\"@id\":\"https:\/\/pharmacy-tlv.com\/shop\/sports-supplements\/t3-thyromel-25mg-100t\/#primaryimage\"},\"thumbnailUrl\":\"https:\/\/mlz1smk5t7q7.i.optimole.com\/cb:lQg3.de6\/w:auto\/h:auto\/q:mauto\/https:\/\/pharmacy-tlv.com\/wp-content\/uploads\/2025\/05\/t3-tiromel.jpg\",\"datePublished\":\"2026-03-09T07:49:08+00:00\",\"dateModified\":\"2026-03-09T11:50:25+00:00\",\"description\":\"T3, also known as thyromel, affects the production of T3 by the thyroid gland and ensures increased thyroid performance.\",\"breadcrumb\":{\"@id\":\"https:\/\/pharmacy-tlv.com\/shop\/sports-supplements\/t3-thyromel-25mg-100t\/#breadcrumb\"},\"inLanguage\":\"pt-BR\",\"potentialAction\":[{\"@type\":\"ReadAction\",\"target\":[\"https:\/\/pharmacy-tlv.com\/shop\/sports-supplements\/t3-thyromel-25mg-100t\/\"]}]},{\"@type\":\"ImageObject\",\"inLanguage\":\"pt-BR\",\"@id\":\"https:\/\/pharmacy-tlv.com\/shop\/sports-supplements\/t3-thyromel-25mg-100t\/#primaryimage\",\"url\":\"https:\/\/mlz1smk5t7q7.i.optimole.com\/cb:lQg3.de6\/w:auto\/h:auto\/q:mauto\/https:\/\/pharmacy-tlv.com\/wp-content\/uploads\/2025\/05\/t3-tiromel.jpg\",\"contentUrl\":\"https:\/\/mlz1smk5t7q7.i.optimole.com\/cb:lQg3.de6\/w:auto\/h:auto\/q:mauto\/https:\/\/pharmacy-tlv.com\/wp-content\/uploads\/2025\/05\/t3-tiromel.jpg\",\"width\":300,\"height\":300,\"caption\":\"t3 tiromel\"},{\"@type\":\"BreadcrumbList\",\"@id\":\"https:\/\/pharmacy-tlv.com\/shop\/sports-supplements\/t3-thyromel-25mg-100t\/#breadcrumb\",\"itemListElement\":[{\"@type\":\"ListItem\",\"position\":1,\"name\":\"Home\",\"item\":\"https:\/\/pharmacy-tlv.com\/\"},{\"@type\":\"ListItem\",\"position\":2,\"name\":\"Medications\",\"item\":\"https:\/\/pharmacy-tlv.com\/shop\/\"},{\"@type\":\"ListItem\",\"position\":3,\"name\":\"T3 &#8211; Thyromel 25mg (100t)\"}]},{\"@type\":\"WebSite\",\"@id\":\"https:\/\/pharmacy-tlv.com\/#website\",\"url\":\"https:\/\/pharmacy-tlv.com\/\",\"name\":\"Pharmacy TLV\",\"description\":\"Trusted Israeli Medications\",\"publisher\":{\"@id\":\"https:\/\/pharmacy-tlv.com\/#organization\"},\"alternateName\":\"Pharmacy-TLV\",\"potentialAction\":[{\"@type\":\"SearchAction\",\"target\":{\"@type\":\"EntryPoint\",\"urlTemplate\":\"https:\/\/pharmacy-tlv.com\/?s={search_term_string}\"},\"query-input\":{\"@type\":\"PropertyValueSpecification\",\"valueRequired\":true,\"valueName\":\"search_term_string\"}}],\"inLanguage\":\"pt-BR\"},{\"@type\":\"Organization\",\"@id\":\"https:\/\/pharmacy-tlv.com\/#organization\",\"name\":\"Pharmacy TLV\",\"alternateName\":\"Pharmacy-TLV\",\"url\":\"https:\/\/pharmacy-tlv.com\/\",\"logo\":{\"@type\":\"ImageObject\",\"inLanguage\":\"pt-BR\",\"@id\":\"https:\/\/pharmacy-tlv.com\/#\/schema\/logo\/image\/\",\"url\":\"https:\/\/mlz1smk5t7q7.i.optimole.com\/cb:lQg3.de6\/w:auto\/h:auto\/q:mauto\/https:\/\/pharmacy-tlv.com\/wp-content\/uploads\/2025\/05\/pharmacy-white.png\",\"contentUrl\":\"https:\/\/mlz1smk5t7q7.i.optimole.com\/cb:lQg3.de6\/w:auto\/h:auto\/q:mauto\/https:\/\/pharmacy-tlv.com\/wp-content\/uploads\/2025\/05\/pharmacy-white.png\",\"width\":500,\"height\":500,\"caption\":\"Pharmacy TLV\"},\"image\":{\"@id\":\"https:\/\/pharmacy-tlv.com\/#\/schema\/logo\/image\/\"}}]}<\/script>\n<!-- \/ Yoast SEO plugin. -->","yoast_head_json":{"title":"T3 - Thyromel 25mg (100t) - Comprar em Israel | Entrega r\u00e1pida!","description":"O T3, tamb\u00e9m conhecido como thyromel, afeta a produ\u00e7\u00e3o de T3 pela gl\u00e2ndula tireoide e garante o aumento do desempenho da tireoide.","robots":{"index":"index","follow":"follow","max-snippet":"max-snippet:-1","max-image-preview":"max-image-preview:large","max-video-preview":"max-video-preview:-1"},"canonical":"https:\/\/pharmacy-tlv.com\/pt\/loja\/sports-supplements\/t3-thyromel-25mg-100t\/","og_locale":"pt_BR","og_type":"article","og_title":"T3 - Thyromel 25mg (100t) - Buy in Israel | Fast Delivery!","og_description":"T3, also known as thyromel, affects the production of T3 by the thyroid gland and ensures increased thyroid performance.","og_url":"https:\/\/pharmacy-tlv.com\/pt\/loja\/sports-supplements\/t3-thyromel-25mg-100t\/","og_site_name":"Pharmacy TLV","article_modified_time":"2026-03-09T11:50:25+00:00","og_image":[{"width":300,"height":300,"url":"https:\/\/mlz1smk5t7q7.i.optimole.com\/cb:lQg3.de6\/w:auto\/h:auto\/q:mauto\/https:\/\/pharmacy-tlv.com\/wp-content\/uploads\/2025\/05\/t3-tiromel.jpg","type":"image\/jpeg"}],"twitter_card":"summary_large_image","twitter_misc":{"Est. tempo de leitura":"1 minuto"},"schema":{"@context":"https:\/\/schema.org","@graph":[{"@type":"WebPage","@id":"https:\/\/pharmacy-tlv.com\/shop\/sports-supplements\/t3-thyromel-25mg-100t\/","url":"https:\/\/pharmacy-tlv.com\/shop\/sports-supplements\/t3-thyromel-25mg-100t\/","name":"T3 - Thyromel 25mg (100t) - Comprar em Israel | Entrega r\u00e1pida!","isPartOf":{"@id":"https:\/\/pharmacy-tlv.com\/#website"},"primaryImageOfPage":{"@id":"https:\/\/pharmacy-tlv.com\/shop\/sports-supplements\/t3-thyromel-25mg-100t\/#primaryimage"},"image":{"@id":"https:\/\/pharmacy-tlv.com\/shop\/sports-supplements\/t3-thyromel-25mg-100t\/#primaryimage"},"thumbnailUrl":"https:\/\/mlz1smk5t7q7.i.optimole.com\/cb:lQg3.de6\/w:auto\/h:auto\/q:mauto\/https:\/\/pharmacy-tlv.com\/wp-content\/uploads\/2025\/05\/t3-tiromel.jpg","datePublished":"2026-03-09T07:49:08+00:00","dateModified":"2026-03-09T11:50:25+00:00","description":"O T3, tamb\u00e9m conhecido como thyromel, afeta a produ\u00e7\u00e3o de T3 pela gl\u00e2ndula tireoide e garante o aumento do desempenho da tireoide.","breadcrumb":{"@id":"https:\/\/pharmacy-tlv.com\/shop\/sports-supplements\/t3-thyromel-25mg-100t\/#breadcrumb"},"inLanguage":"pt-BR","potentialAction":[{"@type":"ReadAction","target":["https:\/\/pharmacy-tlv.com\/shop\/sports-supplements\/t3-thyromel-25mg-100t\/"]}]},{"@type":"ImageObject","inLanguage":"pt-BR","@id":"https:\/\/pharmacy-tlv.com\/shop\/sports-supplements\/t3-thyromel-25mg-100t\/#primaryimage","url":"https:\/\/mlz1smk5t7q7.i.optimole.com\/cb:lQg3.de6\/w:auto\/h:auto\/q:mauto\/https:\/\/pharmacy-tlv.com\/wp-content\/uploads\/2025\/05\/t3-tiromel.jpg","contentUrl":"https:\/\/mlz1smk5t7q7.i.optimole.com\/cb:lQg3.de6\/w:auto\/h:auto\/q:mauto\/https:\/\/pharmacy-tlv.com\/wp-content\/uploads\/2025\/05\/t3-tiromel.jpg","width":300,"height":300,"caption":"t3 tiromel"},{"@type":"BreadcrumbList","@id":"https:\/\/pharmacy-tlv.com\/shop\/sports-supplements\/t3-thyromel-25mg-100t\/#breadcrumb","itemListElement":[{"@type":"ListItem","position":1,"name":"Home","item":"https:\/\/pharmacy-tlv.com\/"},{"@type":"ListItem","position":2,"name":"Medications","item":"https:\/\/pharmacy-tlv.com\/shop\/"},{"@type":"ListItem","position":3,"name":"T3 &#8211; Thyromel 25mg (100t)"}]},{"@type":"WebSite","@id":"https:\/\/pharmacy-tlv.com\/#website","url":"https:\/\/pharmacy-tlv.com\/","name":"Farm\u00e1cia TLV","description":"Medicamentos israelenses de confian\u00e7a","publisher":{"@id":"https:\/\/pharmacy-tlv.com\/#organization"},"alternateName":"Pharmacy-TLV","potentialAction":[{"@type":"SearchAction","target":{"@type":"EntryPoint","urlTemplate":"https:\/\/pharmacy-tlv.com\/?s={search_term_string}"},"query-input":{"@type":"PropertyValueSpecification","valueRequired":true,"valueName":"search_term_string"}}],"inLanguage":"pt-BR"},{"@type":"Organization","@id":"https:\/\/pharmacy-tlv.com\/#organization","name":"Farm\u00e1cia TLV","alternateName":"Pharmacy-TLV","url":"https:\/\/pharmacy-tlv.com\/","logo":{"@type":"ImageObject","inLanguage":"pt-BR","@id":"https:\/\/pharmacy-tlv.com\/#\/schema\/logo\/image\/","url":"https:\/\/mlz1smk5t7q7.i.optimole.com\/cb:lQg3.de6\/w:auto\/h:auto\/q:mauto\/https:\/\/pharmacy-tlv.com\/wp-content\/uploads\/2025\/05\/pharmacy-white.png","contentUrl":"https:\/\/mlz1smk5t7q7.i.optimole.com\/cb:lQg3.de6\/w:auto\/h:auto\/q:mauto\/https:\/\/pharmacy-tlv.com\/wp-content\/uploads\/2025\/05\/pharmacy-white.png","width":500,"height":500,"caption":"Pharmacy TLV"},"image":{"@id":"https:\/\/pharmacy-tlv.com\/#\/schema\/logo\/image\/"}}]}},"_links":{"self":[{"href":"https:\/\/pharmacy-tlv.com\/pt\/wp-json\/wp\/v2\/product\/1306","targetHints":{"allow":["GET"]}}],"collection":[{"href":"https:\/\/pharmacy-tlv.com\/pt\/wp-json\/wp\/v2\/product"}],"about":[{"href":"https:\/\/pharmacy-tlv.com\/pt\/wp-json\/wp\/v2\/types\/product"}],"wp:featuredmedia":[{"embeddable":true,"href":"https:\/\/pharmacy-tlv.com\/pt\/wp-json\/wp\/v2\/media\/2440"}],"wp:attachment":[{"href":"https:\/\/pharmacy-tlv.com\/pt\/wp-json\/wp\/v2\/media?parent=1306"}],"wp:term":[{"taxonomy":"product_brand","embeddable":true,"href":"https:\/\/pharmacy-tlv.com\/pt\/wp-json\/wp\/v2\/product_brand?post=1306"},{"taxonomy":"product_cat","embeddable":true,"href":"https:\/\/pharmacy-tlv.com\/pt\/wp-json\/wp\/v2\/product_cat?post=1306"},{"taxonomy":"product_tag","embeddable":true,"href":"https:\/\/pharmacy-tlv.com\/pt\/wp-json\/wp\/v2\/product_tag?post=1306"}],"curies":[{"name":"wp","href":"https:\/\/api.w.org\/{rel}","templated":true}]}}