{"id":1305,"date":"2026-03-09T07:55:08","date_gmt":"2026-03-09T07:55:08","guid":{"rendered":"https:\/\/pharmacy-tlv.com\/?post_type=product&#038;p=1305"},"modified":"2026-03-09T11:47:23","modified_gmt":"2026-03-09T11:47:23","slug":"anavar-10mg-100t","status":"publish","type":"product","link":"https:\/\/pharmacy-tlv.com\/pt\/loja\/sports-supplements\/anavar-10mg-100t\/","title":{"rendered":"Anavar 10mg (100t)"},"content":{"rendered":"<p>Oxandrolona (Anavar): Uma droga ideal para atletas<\/p>\n<p>O Anavar (oxandrolona) \u00e9 um esteroide oral ideal tanto para iniciantes quanto para atletas experientes. Com efeitos colaterais m\u00ednimos e baixa toxicidade hep\u00e1tica, o anavar ajuda a ganhar massa muscular magra, perder gordura e aumentar a for\u00e7a.<\/p>\n<p>Benef\u00edcios do Anavar:<\/p>\n<p>Efeitos colaterais m\u00ednimos: Seguro para iniciantes, com baixo risco de toxicidade hep\u00e1tica.<\/p>\n<p>Ideal para muscula\u00e7\u00e3o antes de competi\u00e7\u00f5es: Preserva a massa muscular magra e ajuda a obter um f\u00edsico esculpido.<\/p>\n<p>Popular entre as mulheres: Devido \u00e0s suas baixas propriedades androg\u00eanicas, o anavar \u00e9 eficaz para as mulheres sem causar masculiniza\u00e7\u00e3o.<\/p>\n<p>Flexibilidade de uso: Pode ser usado sozinho ou em combina\u00e7\u00e3o com a testosterona.<\/p>\n<p>Dose recomendada:<\/p>\n<p>Para homens: 20-50 mg por dia.<\/p>\n<p>Para mulheres: 5 a 20 mg por dia para minimizar os efeitos colaterais.<\/p>\n<p>Por que escolher Anavar?<\/p>\n<p>Seguran\u00e7a: Toxicidade m\u00ednima para o f\u00edgado.<\/p>\n<p>Efic\u00e1cia: Promove o crescimento da massa muscular magra e a perda de gordura.<\/p>\n<p>Popularidade entre as mulheres: Uma excelente op\u00e7\u00e3o para atletas do sexo feminino.<\/p>\n<p><em>#Anavar em Israel, #anavar Israel, #Anavar frete gr\u00e1tis<\/em><\/p>","protected":false},"excerpt":{"rendered":"<p>O Anavar, tamb\u00e9m conhecido como oxandrolona, \u00e9 um esteroide oral ideal para iniciantes, com efeitos colaterais m\u00ednimos e reputa\u00e7\u00e3o de ser suave para o f\u00edgado. O Anavar foi originalmente produzido para fins m\u00e9dicos, para tratar crian\u00e7as com problemas de crescimento, e mais tarde ganhou popularidade entre fisiculturistas e atletas devido \u00e0 sua capacidade de promover ganho de massa muscular magra, perda de gordura e ganhos de for\u00e7a.<\/p>","protected":false},"featured_media":2433,"template":"","meta":[],"product_brand":[],"product_cat":[51],"product_tag":[],"class_list":{"0":"post-1305","1":"product","2":"type-product","3":"status-publish","4":"has-post-thumbnail","6":"product_cat-sports-supplements","8":"first","9":"instock","10":"shipping-taxable","11":"purchasable","12":"product-type-simple"},"yoast_head":"<!-- This site is optimized with the Yoast SEO plugin v25.1 - https:\/\/yoast.com\/wordpress\/plugins\/seo\/ -->\n<title>Anavar 10mg (100t) - Buy in Israel | Fast Delivery!<\/title>\n<meta name=\"description\" content=\"Anavar, also known as oxandrolone, is an ideal oral steroid for beginners, with minimal side effects and a reputation for being gentle on the liver.\" \/>\n<meta name=\"robots\" content=\"index, follow, max-snippet:-1, max-image-preview:large, max-video-preview:-1\" \/>\n<link rel=\"canonical\" href=\"https:\/\/pharmacy-tlv.com\/pt\/loja\/sports-supplements\/anavar-10mg-100t\/\" \/>\n<meta property=\"og:locale\" content=\"pt_BR\" \/>\n<meta property=\"og:type\" content=\"article\" \/>\n<meta property=\"og:title\" content=\"Anavar 10mg (100t) - Buy in Israel | Fast Delivery!\" \/>\n<meta property=\"og:description\" content=\"Anavar, also known as oxandrolone, is an ideal oral steroid for beginners, with minimal side effects and a reputation for being gentle on the liver.\" \/>\n<meta property=\"og:url\" content=\"https:\/\/pharmacy-tlv.com\/pt\/loja\/sports-supplements\/anavar-10mg-100t\/\" \/>\n<meta property=\"og:site_name\" content=\"Pharmacy TLV\" \/>\n<meta property=\"article:modified_time\" content=\"2026-03-09T11:47:23+00:00\" \/>\n<meta property=\"og:image\" content=\"https:\/\/mlz1smk5t7q7.i.optimole.com\/cb:lQg3.de6\/w:auto\/h:auto\/q:mauto\/https:\/\/pharmacy-tlv.com\/wp-content\/uploads\/2025\/05\/anavar-israel.jpg\" \/>\n\t<meta property=\"og:image:width\" content=\"300\" \/>\n\t<meta property=\"og:image:height\" content=\"300\" \/>\n\t<meta property=\"og:image:type\" content=\"image\/jpeg\" \/>\n<meta name=\"twitter:card\" content=\"summary_large_image\" \/>\n<meta name=\"twitter:label1\" content=\"Est. tempo de leitura\" \/>\n\t<meta name=\"twitter:data1\" content=\"1 minuto\" \/>\n<script type=\"application\/ld+json\" class=\"yoast-schema-graph\">{\"@context\":\"https:\/\/schema.org\",\"@graph\":[{\"@type\":\"WebPage\",\"@id\":\"https:\/\/pharmacy-tlv.com\/shop\/sports-supplements\/anavar-10mg-100t\/\",\"url\":\"https:\/\/pharmacy-tlv.com\/shop\/sports-supplements\/anavar-10mg-100t\/\",\"name\":\"Anavar 10mg (100t) - Buy in Israel | Fast Delivery!\",\"isPartOf\":{\"@id\":\"https:\/\/pharmacy-tlv.com\/#website\"},\"primaryImageOfPage\":{\"@id\":\"https:\/\/pharmacy-tlv.com\/shop\/sports-supplements\/anavar-10mg-100t\/#primaryimage\"},\"image\":{\"@id\":\"https:\/\/pharmacy-tlv.com\/shop\/sports-supplements\/anavar-10mg-100t\/#primaryimage\"},\"thumbnailUrl\":\"https:\/\/mlz1smk5t7q7.i.optimole.com\/cb:lQg3.de6\/w:auto\/h:auto\/q:mauto\/https:\/\/pharmacy-tlv.com\/wp-content\/uploads\/2025\/05\/anavar-israel.jpg\",\"datePublished\":\"2026-03-09T07:55:08+00:00\",\"dateModified\":\"2026-03-09T11:47:23+00:00\",\"description\":\"Anavar, also known as oxandrolone, is an ideal oral steroid for beginners, with minimal side effects and a reputation for being gentle on the liver.\",\"breadcrumb\":{\"@id\":\"https:\/\/pharmacy-tlv.com\/shop\/sports-supplements\/anavar-10mg-100t\/#breadcrumb\"},\"inLanguage\":\"pt-BR\",\"potentialAction\":[{\"@type\":\"ReadAction\",\"target\":[\"https:\/\/pharmacy-tlv.com\/shop\/sports-supplements\/anavar-10mg-100t\/\"]}]},{\"@type\":\"ImageObject\",\"inLanguage\":\"pt-BR\",\"@id\":\"https:\/\/pharmacy-tlv.com\/shop\/sports-supplements\/anavar-10mg-100t\/#primaryimage\",\"url\":\"https:\/\/mlz1smk5t7q7.i.optimole.com\/cb:lQg3.de6\/w:auto\/h:auto\/q:mauto\/https:\/\/pharmacy-tlv.com\/wp-content\/uploads\/2025\/05\/anavar-israel.jpg\",\"contentUrl\":\"https:\/\/mlz1smk5t7q7.i.optimole.com\/cb:lQg3.de6\/w:auto\/h:auto\/q:mauto\/https:\/\/pharmacy-tlv.com\/wp-content\/uploads\/2025\/05\/anavar-israel.jpg\",\"width\":300,\"height\":300,\"caption\":\"anavar israel\"},{\"@type\":\"BreadcrumbList\",\"@id\":\"https:\/\/pharmacy-tlv.com\/shop\/sports-supplements\/anavar-10mg-100t\/#breadcrumb\",\"itemListElement\":[{\"@type\":\"ListItem\",\"position\":1,\"name\":\"Home\",\"item\":\"https:\/\/pharmacy-tlv.com\/\"},{\"@type\":\"ListItem\",\"position\":2,\"name\":\"Medications\",\"item\":\"https:\/\/pharmacy-tlv.com\/shop\/\"},{\"@type\":\"ListItem\",\"position\":3,\"name\":\"Anavar 10mg (100t)\"}]},{\"@type\":\"WebSite\",\"@id\":\"https:\/\/pharmacy-tlv.com\/#website\",\"url\":\"https:\/\/pharmacy-tlv.com\/\",\"name\":\"Pharmacy TLV\",\"description\":\"Trusted Israeli Medications\",\"publisher\":{\"@id\":\"https:\/\/pharmacy-tlv.com\/#organization\"},\"alternateName\":\"Pharmacy-TLV\",\"potentialAction\":[{\"@type\":\"SearchAction\",\"target\":{\"@type\":\"EntryPoint\",\"urlTemplate\":\"https:\/\/pharmacy-tlv.com\/?s={search_term_string}\"},\"query-input\":{\"@type\":\"PropertyValueSpecification\",\"valueRequired\":true,\"valueName\":\"search_term_string\"}}],\"inLanguage\":\"pt-BR\"},{\"@type\":\"Organization\",\"@id\":\"https:\/\/pharmacy-tlv.com\/#organization\",\"name\":\"Pharmacy TLV\",\"alternateName\":\"Pharmacy-TLV\",\"url\":\"https:\/\/pharmacy-tlv.com\/\",\"logo\":{\"@type\":\"ImageObject\",\"inLanguage\":\"pt-BR\",\"@id\":\"https:\/\/pharmacy-tlv.com\/#\/schema\/logo\/image\/\",\"url\":\"https:\/\/mlz1smk5t7q7.i.optimole.com\/cb:lQg3.de6\/w:auto\/h:auto\/q:mauto\/https:\/\/pharmacy-tlv.com\/wp-content\/uploads\/2025\/05\/pharmacy-white.png\",\"contentUrl\":\"https:\/\/mlz1smk5t7q7.i.optimole.com\/cb:lQg3.de6\/w:auto\/h:auto\/q:mauto\/https:\/\/pharmacy-tlv.com\/wp-content\/uploads\/2025\/05\/pharmacy-white.png\",\"width\":500,\"height\":500,\"caption\":\"Pharmacy TLV\"},\"image\":{\"@id\":\"https:\/\/pharmacy-tlv.com\/#\/schema\/logo\/image\/\"}}]}<\/script>\n<!-- \/ Yoast SEO plugin. -->","yoast_head_json":{"title":"Anavar 10mg (100t) - Comprar em Israel | Entrega r\u00e1pida!","description":"O Anavar, tamb\u00e9m conhecido como oxandrolona, \u00e9 um esteroide oral ideal para iniciantes, com efeitos colaterais m\u00ednimos e uma reputa\u00e7\u00e3o de ser suave para o f\u00edgado.","robots":{"index":"index","follow":"follow","max-snippet":"max-snippet:-1","max-image-preview":"max-image-preview:large","max-video-preview":"max-video-preview:-1"},"canonical":"https:\/\/pharmacy-tlv.com\/pt\/loja\/sports-supplements\/anavar-10mg-100t\/","og_locale":"pt_BR","og_type":"article","og_title":"Anavar 10mg (100t) - Buy in Israel | Fast Delivery!","og_description":"Anavar, also known as oxandrolone, is an ideal oral steroid for beginners, with minimal side effects and a reputation for being gentle on the liver.","og_url":"https:\/\/pharmacy-tlv.com\/pt\/loja\/sports-supplements\/anavar-10mg-100t\/","og_site_name":"Pharmacy TLV","article_modified_time":"2026-03-09T11:47:23+00:00","og_image":[{"width":300,"height":300,"url":"https:\/\/mlz1smk5t7q7.i.optimole.com\/cb:lQg3.de6\/w:auto\/h:auto\/q:mauto\/https:\/\/pharmacy-tlv.com\/wp-content\/uploads\/2025\/05\/anavar-israel.jpg","type":"image\/jpeg"}],"twitter_card":"summary_large_image","twitter_misc":{"Est. tempo de leitura":"1 minuto"},"schema":{"@context":"https:\/\/schema.org","@graph":[{"@type":"WebPage","@id":"https:\/\/pharmacy-tlv.com\/shop\/sports-supplements\/anavar-10mg-100t\/","url":"https:\/\/pharmacy-tlv.com\/shop\/sports-supplements\/anavar-10mg-100t\/","name":"Anavar 10mg (100t) - Comprar em Israel | Entrega r\u00e1pida!","isPartOf":{"@id":"https:\/\/pharmacy-tlv.com\/#website"},"primaryImageOfPage":{"@id":"https:\/\/pharmacy-tlv.com\/shop\/sports-supplements\/anavar-10mg-100t\/#primaryimage"},"image":{"@id":"https:\/\/pharmacy-tlv.com\/shop\/sports-supplements\/anavar-10mg-100t\/#primaryimage"},"thumbnailUrl":"https:\/\/mlz1smk5t7q7.i.optimole.com\/cb:lQg3.de6\/w:auto\/h:auto\/q:mauto\/https:\/\/pharmacy-tlv.com\/wp-content\/uploads\/2025\/05\/anavar-israel.jpg","datePublished":"2026-03-09T07:55:08+00:00","dateModified":"2026-03-09T11:47:23+00:00","description":"O Anavar, tamb\u00e9m conhecido como oxandrolona, \u00e9 um esteroide oral ideal para iniciantes, com efeitos colaterais m\u00ednimos e uma reputa\u00e7\u00e3o de ser suave para o f\u00edgado.","breadcrumb":{"@id":"https:\/\/pharmacy-tlv.com\/shop\/sports-supplements\/anavar-10mg-100t\/#breadcrumb"},"inLanguage":"pt-BR","potentialAction":[{"@type":"ReadAction","target":["https:\/\/pharmacy-tlv.com\/shop\/sports-supplements\/anavar-10mg-100t\/"]}]},{"@type":"ImageObject","inLanguage":"pt-BR","@id":"https:\/\/pharmacy-tlv.com\/shop\/sports-supplements\/anavar-10mg-100t\/#primaryimage","url":"https:\/\/mlz1smk5t7q7.i.optimole.com\/cb:lQg3.de6\/w:auto\/h:auto\/q:mauto\/https:\/\/pharmacy-tlv.com\/wp-content\/uploads\/2025\/05\/anavar-israel.jpg","contentUrl":"https:\/\/mlz1smk5t7q7.i.optimole.com\/cb:lQg3.de6\/w:auto\/h:auto\/q:mauto\/https:\/\/pharmacy-tlv.com\/wp-content\/uploads\/2025\/05\/anavar-israel.jpg","width":300,"height":300,"caption":"anavar israel"},{"@type":"BreadcrumbList","@id":"https:\/\/pharmacy-tlv.com\/shop\/sports-supplements\/anavar-10mg-100t\/#breadcrumb","itemListElement":[{"@type":"ListItem","position":1,"name":"Home","item":"https:\/\/pharmacy-tlv.com\/"},{"@type":"ListItem","position":2,"name":"Medications","item":"https:\/\/pharmacy-tlv.com\/shop\/"},{"@type":"ListItem","position":3,"name":"Anavar 10mg (100t)"}]},{"@type":"WebSite","@id":"https:\/\/pharmacy-tlv.com\/#website","url":"https:\/\/pharmacy-tlv.com\/","name":"Farm\u00e1cia TLV","description":"Medicamentos israelenses de confian\u00e7a","publisher":{"@id":"https:\/\/pharmacy-tlv.com\/#organization"},"alternateName":"Pharmacy-TLV","potentialAction":[{"@type":"SearchAction","target":{"@type":"EntryPoint","urlTemplate":"https:\/\/pharmacy-tlv.com\/?s={search_term_string}"},"query-input":{"@type":"PropertyValueSpecification","valueRequired":true,"valueName":"search_term_string"}}],"inLanguage":"pt-BR"},{"@type":"Organization","@id":"https:\/\/pharmacy-tlv.com\/#organization","name":"Farm\u00e1cia TLV","alternateName":"Pharmacy-TLV","url":"https:\/\/pharmacy-tlv.com\/","logo":{"@type":"ImageObject","inLanguage":"pt-BR","@id":"https:\/\/pharmacy-tlv.com\/#\/schema\/logo\/image\/","url":"https:\/\/mlz1smk5t7q7.i.optimole.com\/cb:lQg3.de6\/w:auto\/h:auto\/q:mauto\/https:\/\/pharmacy-tlv.com\/wp-content\/uploads\/2025\/05\/pharmacy-white.png","contentUrl":"https:\/\/mlz1smk5t7q7.i.optimole.com\/cb:lQg3.de6\/w:auto\/h:auto\/q:mauto\/https:\/\/pharmacy-tlv.com\/wp-content\/uploads\/2025\/05\/pharmacy-white.png","width":500,"height":500,"caption":"Pharmacy TLV"},"image":{"@id":"https:\/\/pharmacy-tlv.com\/#\/schema\/logo\/image\/"}}]}},"_links":{"self":[{"href":"https:\/\/pharmacy-tlv.com\/pt\/wp-json\/wp\/v2\/product\/1305","targetHints":{"allow":["GET"]}}],"collection":[{"href":"https:\/\/pharmacy-tlv.com\/pt\/wp-json\/wp\/v2\/product"}],"about":[{"href":"https:\/\/pharmacy-tlv.com\/pt\/wp-json\/wp\/v2\/types\/product"}],"wp:featuredmedia":[{"embeddable":true,"href":"https:\/\/pharmacy-tlv.com\/pt\/wp-json\/wp\/v2\/media\/2433"}],"wp:attachment":[{"href":"https:\/\/pharmacy-tlv.com\/pt\/wp-json\/wp\/v2\/media?parent=1305"}],"wp:term":[{"taxonomy":"product_brand","embeddable":true,"href":"https:\/\/pharmacy-tlv.com\/pt\/wp-json\/wp\/v2\/product_brand?post=1305"},{"taxonomy":"product_cat","embeddable":true,"href":"https:\/\/pharmacy-tlv.com\/pt\/wp-json\/wp\/v2\/product_cat?post=1305"},{"taxonomy":"product_tag","embeddable":true,"href":"https:\/\/pharmacy-tlv.com\/pt\/wp-json\/wp\/v2\/product_tag?post=1305"}],"curies":[{"name":"wp","href":"https:\/\/api.w.org\/{rel}","templated":true}]}}