{"id":1302,"date":"2026-03-09T09:56:08","date_gmt":"2026-03-09T09:56:08","guid":{"rendered":"https:\/\/pharmacy-tlv.com\/?post_type=product&#038;p=1302"},"modified":"2026-03-09T10:15:40","modified_gmt":"2026-03-09T10:15:40","slug":"enantato-de-testosterona-10ml","status":"publish","type":"product","link":"https:\/\/pharmacy-tlv.com\/pt\/loja\/sports-supplements\/enantato-de-testosterona-10ml\/","title":{"rendered":"Enantato de testosterona 10 ml"},"content":{"rendered":"<p>Enantato de testosterona<\/p>\n<p>A escolha perfeita para ganhar massa muscular e melhorar o condicionamento f\u00edsico<\/p>\n<p>O enantato de testosterona \u00e9 uma das formas mais potentes de testosterona, ideal para iniciantes e atletas experientes que buscam aumentar a massa muscular e melhorar o desempenho f\u00edsico.<\/p>\n<p>Principais recursos:<\/p>\n<p>Suave para iniciantes: ideal para o primeiro ciclo.<\/p>\n<p>Potente para ganho de massa: aumenta efetivamente a massa muscular magra.<\/p>\n<p>Recupera\u00e7\u00e3o eficaz: acelera a recupera\u00e7\u00e3o ap\u00f3s o treinamento.<\/p>\n<p>Dose recomendada:<\/p>\n<p>250-750 mg por semana (pode ser dividido em duas doses).<\/p>\n<p>Benef\u00edcios:<\/p>\n<p>Aumento da massa muscular magra.<\/p>\n<p>Aumento da for\u00e7a e do desempenho f\u00edsico.<\/p>\n<p>Recupera\u00e7\u00e3o r\u00e1pida ap\u00f3s o treinamento.<\/p>\n<p>Aumenta a libido e melhora a fun\u00e7\u00e3o sexual.<\/p>\n<p>Melhora da densidade \u00f3ssea.<\/p>\n<p>Pot\u00eancia: 250 mg\/ml<\/p>\n<p>Apar\u00eancia: Solu\u00e7\u00e3o \u00e0 base de \u00f3leo<\/p>\n<p>Embalagem: 10 ml<\/p>\n<p><em>#comprar Enantato de Testosterona em Israel, #Testosterona Enantato Israel, #testosterona enantato Israel<\/em><\/p>\n<p><em>#Testosterone Enanthate free shipping<\/em><\/p>","protected":false},"excerpt":{"rendered":"<p>O enantato de testosterona \u00e9 uma das formas mais potentes e populares de testosterona, o que o torna a escolha ideal para quem busca aumentar o desempenho f\u00edsico, desenvolver massa muscular magra e melhorar o condicionamento f\u00edsico geral. Tamb\u00e9m \u00e9 uma \u00f3tima op\u00e7\u00e3o para iniciantes que est\u00e3o apenas come\u00e7ando com a testosterona e procuram um produto suave, por\u00e9m eficaz.<\/p>","protected":false},"featured_media":881,"template":"","meta":[],"product_brand":[],"product_cat":[51],"product_tag":[],"class_list":{"0":"post-1302","1":"product","2":"type-product","3":"status-publish","4":"has-post-thumbnail","6":"product_cat-sports-supplements","8":"first","9":"instock","10":"shipping-taxable","11":"purchasable","12":"product-type-simple"},"yoast_head":"<!-- This site is optimized with the Yoast SEO plugin v25.1 - https:\/\/yoast.com\/wordpress\/plugins\/seo\/ -->\n<title>Testosterone Enanthate 10ml - Buy in Israel | Fast Delivery!<\/title>\n<meta name=\"description\" content=\"Testosterone Enanthate is one of the most powerful and popular forms of testosterone, making it an ideal choice for those looking to increase physical performance.\" \/>\n<meta name=\"robots\" content=\"index, follow, max-snippet:-1, max-image-preview:large, max-video-preview:-1\" \/>\n<link rel=\"canonical\" href=\"https:\/\/pharmacy-tlv.com\/pt\/loja\/sports-supplements\/enantato-de-testosterona-10ml\/\" \/>\n<meta property=\"og:locale\" content=\"pt_BR\" \/>\n<meta property=\"og:type\" content=\"article\" \/>\n<meta property=\"og:title\" content=\"Testosterone Enanthate 10ml - Buy in Israel | Fast Delivery!\" \/>\n<meta property=\"og:description\" content=\"Testosterone Enanthate is one of the most powerful and popular forms of testosterone, making it an ideal choice for those looking to increase physical performance.\" \/>\n<meta property=\"og:url\" content=\"https:\/\/pharmacy-tlv.com\/pt\/loja\/sports-supplements\/enantato-de-testosterona-10ml\/\" \/>\n<meta property=\"og:site_name\" content=\"Pharmacy TLV\" \/>\n<meta property=\"article:modified_time\" content=\"2026-03-09T10:15:40+00:00\" \/>\n<meta property=\"og:image\" content=\"https:\/\/mlz1smk5t7q7.i.optimole.com\/cb:lQg3.de6\/w:auto\/h:auto\/q:mauto\/https:\/\/pharmacy-tlv.com\/wp-content\/uploads\/2025\/05\/testosterone-enanthate-10ml-israel.png\" \/>\n\t<meta property=\"og:image:width\" content=\"300\" \/>\n\t<meta property=\"og:image:height\" content=\"300\" \/>\n\t<meta property=\"og:image:type\" content=\"image\/png\" \/>\n<meta name=\"twitter:card\" content=\"summary_large_image\" \/>\n<meta name=\"twitter:label1\" content=\"Est. tempo de leitura\" \/>\n\t<meta name=\"twitter:data1\" content=\"1 minuto\" \/>\n<script type=\"application\/ld+json\" class=\"yoast-schema-graph\">{\"@context\":\"https:\/\/schema.org\",\"@graph\":[{\"@type\":\"WebPage\",\"@id\":\"https:\/\/pharmacy-tlv.com\/shop\/sports-supplements\/testosterone-enanthate-10ml\/\",\"url\":\"https:\/\/pharmacy-tlv.com\/shop\/sports-supplements\/testosterone-enanthate-10ml\/\",\"name\":\"Testosterone Enanthate 10ml - Buy in Israel | Fast Delivery!\",\"isPartOf\":{\"@id\":\"https:\/\/pharmacy-tlv.com\/#website\"},\"primaryImageOfPage\":{\"@id\":\"https:\/\/pharmacy-tlv.com\/shop\/sports-supplements\/testosterone-enanthate-10ml\/#primaryimage\"},\"image\":{\"@id\":\"https:\/\/pharmacy-tlv.com\/shop\/sports-supplements\/testosterone-enanthate-10ml\/#primaryimage\"},\"thumbnailUrl\":\"https:\/\/mlz1smk5t7q7.i.optimole.com\/cb:lQg3.de6\/w:auto\/h:auto\/q:mauto\/https:\/\/pharmacy-tlv.com\/wp-content\/uploads\/2025\/05\/testosterone-enanthate-10ml-israel.png\",\"datePublished\":\"2026-03-09T09:56:08+00:00\",\"dateModified\":\"2026-03-09T10:15:40+00:00\",\"description\":\"Testosterone Enanthate is one of the most powerful and popular forms of testosterone, making it an ideal choice for those looking to increase physical performance.\",\"breadcrumb\":{\"@id\":\"https:\/\/pharmacy-tlv.com\/shop\/sports-supplements\/testosterone-enanthate-10ml\/#breadcrumb\"},\"inLanguage\":\"pt-BR\",\"potentialAction\":[{\"@type\":\"ReadAction\",\"target\":[\"https:\/\/pharmacy-tlv.com\/shop\/sports-supplements\/testosterone-enanthate-10ml\/\"]}]},{\"@type\":\"ImageObject\",\"inLanguage\":\"pt-BR\",\"@id\":\"https:\/\/pharmacy-tlv.com\/shop\/sports-supplements\/testosterone-enanthate-10ml\/#primaryimage\",\"url\":\"https:\/\/mlz1smk5t7q7.i.optimole.com\/cb:lQg3.de6\/w:auto\/h:auto\/q:mauto\/https:\/\/pharmacy-tlv.com\/wp-content\/uploads\/2025\/05\/testosterone-enanthate-10ml-israel.png\",\"contentUrl\":\"https:\/\/mlz1smk5t7q7.i.optimole.com\/cb:lQg3.de6\/w:auto\/h:auto\/q:mauto\/https:\/\/pharmacy-tlv.com\/wp-content\/uploads\/2025\/05\/testosterone-enanthate-10ml-israel.png\",\"width\":300,\"height\":300,\"caption\":\"testosterone-enanthate-10ml-israel\"},{\"@type\":\"BreadcrumbList\",\"@id\":\"https:\/\/pharmacy-tlv.com\/shop\/sports-supplements\/testosterone-enanthate-10ml\/#breadcrumb\",\"itemListElement\":[{\"@type\":\"ListItem\",\"position\":1,\"name\":\"Home\",\"item\":\"https:\/\/pharmacy-tlv.com\/\"},{\"@type\":\"ListItem\",\"position\":2,\"name\":\"Medications\",\"item\":\"https:\/\/pharmacy-tlv.com\/shop\/\"},{\"@type\":\"ListItem\",\"position\":3,\"name\":\"Testosterone Enanthate 10ml\"}]},{\"@type\":\"WebSite\",\"@id\":\"https:\/\/pharmacy-tlv.com\/#website\",\"url\":\"https:\/\/pharmacy-tlv.com\/\",\"name\":\"Pharmacy TLV\",\"description\":\"Trusted Israeli Medications\",\"publisher\":{\"@id\":\"https:\/\/pharmacy-tlv.com\/#organization\"},\"alternateName\":\"Pharmacy-TLV\",\"potentialAction\":[{\"@type\":\"SearchAction\",\"target\":{\"@type\":\"EntryPoint\",\"urlTemplate\":\"https:\/\/pharmacy-tlv.com\/?s={search_term_string}\"},\"query-input\":{\"@type\":\"PropertyValueSpecification\",\"valueRequired\":true,\"valueName\":\"search_term_string\"}}],\"inLanguage\":\"pt-BR\"},{\"@type\":\"Organization\",\"@id\":\"https:\/\/pharmacy-tlv.com\/#organization\",\"name\":\"Pharmacy TLV\",\"alternateName\":\"Pharmacy-TLV\",\"url\":\"https:\/\/pharmacy-tlv.com\/\",\"logo\":{\"@type\":\"ImageObject\",\"inLanguage\":\"pt-BR\",\"@id\":\"https:\/\/pharmacy-tlv.com\/#\/schema\/logo\/image\/\",\"url\":\"https:\/\/mlz1smk5t7q7.i.optimole.com\/cb:lQg3.de6\/w:auto\/h:auto\/q:mauto\/https:\/\/pharmacy-tlv.com\/wp-content\/uploads\/2025\/05\/pharmacy-white.png\",\"contentUrl\":\"https:\/\/mlz1smk5t7q7.i.optimole.com\/cb:lQg3.de6\/w:auto\/h:auto\/q:mauto\/https:\/\/pharmacy-tlv.com\/wp-content\/uploads\/2025\/05\/pharmacy-white.png\",\"width\":500,\"height\":500,\"caption\":\"Pharmacy TLV\"},\"image\":{\"@id\":\"https:\/\/pharmacy-tlv.com\/#\/schema\/logo\/image\/\"}}]}<\/script>\n<!-- \/ Yoast SEO plugin. -->","yoast_head_json":{"title":"Enantato de testosterona 10ml - Comprar em Israel | Entrega r\u00e1pida!","description":"O enantato de testosterona \u00e9 uma das formas mais potentes e populares de testosterona, o que o torna a escolha ideal para quem deseja aumentar o desempenho f\u00edsico.","robots":{"index":"index","follow":"follow","max-snippet":"max-snippet:-1","max-image-preview":"max-image-preview:large","max-video-preview":"max-video-preview:-1"},"canonical":"https:\/\/pharmacy-tlv.com\/pt\/loja\/sports-supplements\/enantato-de-testosterona-10ml\/","og_locale":"pt_BR","og_type":"article","og_title":"Testosterone Enanthate 10ml - Buy in Israel | Fast Delivery!","og_description":"Testosterone Enanthate is one of the most powerful and popular forms of testosterone, making it an ideal choice for those looking to increase physical performance.","og_url":"https:\/\/pharmacy-tlv.com\/pt\/loja\/sports-supplements\/enantato-de-testosterona-10ml\/","og_site_name":"Pharmacy TLV","article_modified_time":"2026-03-09T10:15:40+00:00","og_image":[{"width":300,"height":300,"url":"https:\/\/mlz1smk5t7q7.i.optimole.com\/cb:lQg3.de6\/w:auto\/h:auto\/q:mauto\/https:\/\/pharmacy-tlv.com\/wp-content\/uploads\/2025\/05\/testosterone-enanthate-10ml-israel.png","type":"image\/png"}],"twitter_card":"summary_large_image","twitter_misc":{"Est. tempo de leitura":"1 minuto"},"schema":{"@context":"https:\/\/schema.org","@graph":[{"@type":"WebPage","@id":"https:\/\/pharmacy-tlv.com\/shop\/sports-supplements\/testosterone-enanthate-10ml\/","url":"https:\/\/pharmacy-tlv.com\/shop\/sports-supplements\/testosterone-enanthate-10ml\/","name":"Enantato de testosterona 10ml - Comprar em Israel | Entrega r\u00e1pida!","isPartOf":{"@id":"https:\/\/pharmacy-tlv.com\/#website"},"primaryImageOfPage":{"@id":"https:\/\/pharmacy-tlv.com\/shop\/sports-supplements\/testosterone-enanthate-10ml\/#primaryimage"},"image":{"@id":"https:\/\/pharmacy-tlv.com\/shop\/sports-supplements\/testosterone-enanthate-10ml\/#primaryimage"},"thumbnailUrl":"https:\/\/mlz1smk5t7q7.i.optimole.com\/cb:lQg3.de6\/w:auto\/h:auto\/q:mauto\/https:\/\/pharmacy-tlv.com\/wp-content\/uploads\/2025\/05\/testosterone-enanthate-10ml-israel.png","datePublished":"2026-03-09T09:56:08+00:00","dateModified":"2026-03-09T10:15:40+00:00","description":"O enantato de testosterona \u00e9 uma das formas mais potentes e populares de testosterona, o que o torna a escolha ideal para quem deseja aumentar o desempenho f\u00edsico.","breadcrumb":{"@id":"https:\/\/pharmacy-tlv.com\/shop\/sports-supplements\/testosterone-enanthate-10ml\/#breadcrumb"},"inLanguage":"pt-BR","potentialAction":[{"@type":"ReadAction","target":["https:\/\/pharmacy-tlv.com\/shop\/sports-supplements\/testosterone-enanthate-10ml\/"]}]},{"@type":"ImageObject","inLanguage":"pt-BR","@id":"https:\/\/pharmacy-tlv.com\/shop\/sports-supplements\/testosterone-enanthate-10ml\/#primaryimage","url":"https:\/\/mlz1smk5t7q7.i.optimole.com\/cb:lQg3.de6\/w:auto\/h:auto\/q:mauto\/https:\/\/pharmacy-tlv.com\/wp-content\/uploads\/2025\/05\/testosterone-enanthate-10ml-israel.png","contentUrl":"https:\/\/mlz1smk5t7q7.i.optimole.com\/cb:lQg3.de6\/w:auto\/h:auto\/q:mauto\/https:\/\/pharmacy-tlv.com\/wp-content\/uploads\/2025\/05\/testosterone-enanthate-10ml-israel.png","width":300,"height":300,"caption":"testosterone-enanthate-10ml-israel"},{"@type":"BreadcrumbList","@id":"https:\/\/pharmacy-tlv.com\/shop\/sports-supplements\/testosterone-enanthate-10ml\/#breadcrumb","itemListElement":[{"@type":"ListItem","position":1,"name":"Home","item":"https:\/\/pharmacy-tlv.com\/"},{"@type":"ListItem","position":2,"name":"Medications","item":"https:\/\/pharmacy-tlv.com\/shop\/"},{"@type":"ListItem","position":3,"name":"Testosterone Enanthate 10ml"}]},{"@type":"WebSite","@id":"https:\/\/pharmacy-tlv.com\/#website","url":"https:\/\/pharmacy-tlv.com\/","name":"Farm\u00e1cia TLV","description":"Medicamentos israelenses de confian\u00e7a","publisher":{"@id":"https:\/\/pharmacy-tlv.com\/#organization"},"alternateName":"Pharmacy-TLV","potentialAction":[{"@type":"SearchAction","target":{"@type":"EntryPoint","urlTemplate":"https:\/\/pharmacy-tlv.com\/?s={search_term_string}"},"query-input":{"@type":"PropertyValueSpecification","valueRequired":true,"valueName":"search_term_string"}}],"inLanguage":"pt-BR"},{"@type":"Organization","@id":"https:\/\/pharmacy-tlv.com\/#organization","name":"Farm\u00e1cia TLV","alternateName":"Pharmacy-TLV","url":"https:\/\/pharmacy-tlv.com\/","logo":{"@type":"ImageObject","inLanguage":"pt-BR","@id":"https:\/\/pharmacy-tlv.com\/#\/schema\/logo\/image\/","url":"https:\/\/mlz1smk5t7q7.i.optimole.com\/cb:lQg3.de6\/w:auto\/h:auto\/q:mauto\/https:\/\/pharmacy-tlv.com\/wp-content\/uploads\/2025\/05\/pharmacy-white.png","contentUrl":"https:\/\/mlz1smk5t7q7.i.optimole.com\/cb:lQg3.de6\/w:auto\/h:auto\/q:mauto\/https:\/\/pharmacy-tlv.com\/wp-content\/uploads\/2025\/05\/pharmacy-white.png","width":500,"height":500,"caption":"Pharmacy TLV"},"image":{"@id":"https:\/\/pharmacy-tlv.com\/#\/schema\/logo\/image\/"}}]}},"_links":{"self":[{"href":"https:\/\/pharmacy-tlv.com\/pt\/wp-json\/wp\/v2\/product\/1302","targetHints":{"allow":["GET"]}}],"collection":[{"href":"https:\/\/pharmacy-tlv.com\/pt\/wp-json\/wp\/v2\/product"}],"about":[{"href":"https:\/\/pharmacy-tlv.com\/pt\/wp-json\/wp\/v2\/types\/product"}],"wp:featuredmedia":[{"embeddable":true,"href":"https:\/\/pharmacy-tlv.com\/pt\/wp-json\/wp\/v2\/media\/881"}],"wp:attachment":[{"href":"https:\/\/pharmacy-tlv.com\/pt\/wp-json\/wp\/v2\/media?parent=1302"}],"wp:term":[{"taxonomy":"product_brand","embeddable":true,"href":"https:\/\/pharmacy-tlv.com\/pt\/wp-json\/wp\/v2\/product_brand?post=1302"},{"taxonomy":"product_cat","embeddable":true,"href":"https:\/\/pharmacy-tlv.com\/pt\/wp-json\/wp\/v2\/product_cat?post=1302"},{"taxonomy":"product_tag","embeddable":true,"href":"https:\/\/pharmacy-tlv.com\/pt\/wp-json\/wp\/v2\/product_tag?post=1302"}],"curies":[{"name":"wp","href":"https:\/\/api.w.org\/{rel}","templated":true}]}}