{"id":1301,"date":"2025-05-15T18:23:08","date_gmt":"2025-05-15T18:23:08","guid":{"rendered":"https:\/\/pharmacy-tlv.com\/?post_type=product&#038;p=1301"},"modified":"2025-06-04T01:06:46","modified_gmt":"2025-06-04T01:06:46","slug":"xanagis-0-5-1mg-50t","status":"publish","type":"product","link":"https:\/\/pharmacy-tlv.com\/pt\/loja\/relaxamento-do-sono\/xanagis-0-5-1mg-50t\/","title":{"rendered":"Xanagis 0,5\/1mg (50t)"},"content":{"rendered":"<p>Xanagis<\/p>\n<p><strong>Aplicativo<\/strong><\/p>\n<p>Tratamento de transtornos de ansiedade, incluindo transtorno de ansiedade generalizada e transtorno do p\u00e2nico.<\/p>\n<p>Tratamento da ins\u00f4nia causada por ansiedade ou estresse.<\/p>\n<p>Tratamento sintom\u00e1tico para ansiedade e tens\u00e3o associadas a v\u00e1rias condi\u00e7\u00f5es psicoemocionais.<\/p>\n<p>Tratamento de curto prazo de neuroses e outras condi\u00e7\u00f5es com aumento da ansiedade.<\/p>\n<p><strong>Motivo<\/strong><\/p>\n<p>Redu\u00e7\u00e3o dos n\u00edveis de ansiedade e estresse.<\/p>\n<p>Melhoria da qualidade do sono para ins\u00f4nia causada por ansiedade ou depress\u00e3o.<\/p>\n<p>Al\u00edvio dos sintomas de transtornos psicoemocionais (ataques de p\u00e2nico, transtorno de ansiedade generalizada).<\/p>\n<p><strong>Propriedade de tratamento<\/strong><\/p>\n<p>Tem efeito ansiol\u00edtico (reduz a ansiedade), sedativo e relaxante muscular (relaxa os m\u00fasculos).<\/p>\n<p>Acalma os pacientes, reduz a ansiedade, facilita o adormecimento e a manuten\u00e7\u00e3o do sono.<\/p>\n<p>Ajuda nas condi\u00e7\u00f5es de ansiedade associadas a dist\u00farbios psicoemocionais.<\/p>\n<p><strong>Tipo de medicamento<\/strong><\/p>\n<p>Ansiol\u00edtico e sedativo, do grupo dos benzodiazep\u00ednicos.<\/p>\n<p><strong>Fabricante<\/strong><\/p>\n<p>Perrigo ltd, Israel<\/p>\n<p><strong>Subst\u00e2ncias ativas<\/strong><\/p>\n<p>Alprazolam - 0,5 mg ou 1 mg.<\/p>\n<p><em>#comprar Xanagis em Israel, #Xanagis em Israel, #xanagis Israel, #Xanagis Israel<\/em> <em> <em>#Xanagis frete gr\u00e1tis<\/em><\/em><\/p>","protected":false},"excerpt":{"rendered":"<p>Antidepressivo.<\/p>\n<p>Tratamento de transtornos de ansiedade, incluindo transtorno de ansiedade generalizada e transtorno do p\u00e2nico.<\/p>\n<p>Tratamento da ins\u00f4nia causada por ansiedade ou estresse.<\/p>\n<p>Tratamento sintom\u00e1tico para ansiedade e tens\u00e3o associadas a v\u00e1rias condi\u00e7\u00f5es psicoemocionais.<\/p>\n<p>Tratamento de curto prazo de neuroses e outras condi\u00e7\u00f5es com aumento da ansiedade.<\/p>","protected":false},"featured_media":880,"template":"","meta":[],"product_brand":[],"product_cat":[47,41],"product_tag":[],"class_list":{"0":"post-1301","1":"product","2":"type-product","3":"status-publish","4":"has-post-thumbnail","6":"product_cat-all-medications","7":"product_cat-sleep-relaxation","9":"first","10":"instock","11":"shipping-taxable","12":"purchasable","13":"product-type-variable"},"yoast_head":"<!-- This site is optimized with the Yoast SEO plugin v25.1 - https:\/\/yoast.com\/wordpress\/plugins\/seo\/ -->\n<title>Xanagis 0.5\/1mg (50t) - Buy in Israel | Fast Delivery!<\/title>\n<meta name=\"description\" content=\"Antidepressant. Treatment of anxiety disorders, including generalized anxiety disorder and panic disorder. Treatment of insomnia caused by anxiety or stress.\" \/>\n<meta name=\"robots\" content=\"index, follow, max-snippet:-1, max-image-preview:large, max-video-preview:-1\" \/>\n<link rel=\"canonical\" href=\"https:\/\/pharmacy-tlv.com\/pt\/loja\/relaxamento-do-sono\/xanagis-0-5-1mg-50t\/\" \/>\n<meta property=\"og:locale\" content=\"pt_BR\" \/>\n<meta property=\"og:type\" content=\"article\" \/>\n<meta property=\"og:title\" content=\"Xanagis 0.5\/1mg (50t) - Buy in Israel | Fast Delivery!\" \/>\n<meta property=\"og:description\" content=\"Antidepressant. Treatment of anxiety disorders, including generalized anxiety disorder and panic disorder. Treatment of insomnia caused by anxiety or stress.\" \/>\n<meta property=\"og:url\" content=\"https:\/\/pharmacy-tlv.com\/pt\/loja\/relaxamento-do-sono\/xanagis-0-5-1mg-50t\/\" \/>\n<meta property=\"og:site_name\" content=\"Pharmacy TLV\" \/>\n<meta property=\"article:modified_time\" content=\"2025-06-04T01:06:46+00:00\" \/>\n<meta property=\"og:image\" content=\"https:\/\/mlz1smk5t7q7.i.optimole.com\/cb:lQg3.de6\/w:auto\/h:auto\/q:mauto\/https:\/\/pharmacy-tlv.com\/wp-content\/uploads\/2025\/05\/xanagis-0.5-1mg-50-tabletok-israel.png\" \/>\n\t<meta property=\"og:image:width\" content=\"300\" \/>\n\t<meta property=\"og:image:height\" content=\"300\" \/>\n\t<meta property=\"og:image:type\" content=\"image\/png\" \/>\n<meta name=\"twitter:card\" content=\"summary_large_image\" \/>\n<meta name=\"twitter:label1\" content=\"Est. tempo de leitura\" \/>\n\t<meta name=\"twitter:data1\" content=\"1 minuto\" \/>\n<script type=\"application\/ld+json\" class=\"yoast-schema-graph\">{\"@context\":\"https:\/\/schema.org\",\"@graph\":[{\"@type\":\"WebPage\",\"@id\":\"https:\/\/pharmacy-tlv.com\/shop\/sleep-relaxation\/xanagis-0-5-1mg-50t\/\",\"url\":\"https:\/\/pharmacy-tlv.com\/shop\/sleep-relaxation\/xanagis-0-5-1mg-50t\/\",\"name\":\"Xanagis 0.5\/1mg (50t) - Buy in Israel | Fast Delivery!\",\"isPartOf\":{\"@id\":\"https:\/\/pharmacy-tlv.com\/#website\"},\"primaryImageOfPage\":{\"@id\":\"https:\/\/pharmacy-tlv.com\/shop\/sleep-relaxation\/xanagis-0-5-1mg-50t\/#primaryimage\"},\"image\":{\"@id\":\"https:\/\/pharmacy-tlv.com\/shop\/sleep-relaxation\/xanagis-0-5-1mg-50t\/#primaryimage\"},\"thumbnailUrl\":\"https:\/\/mlz1smk5t7q7.i.optimole.com\/cb:lQg3.de6\/w:auto\/h:auto\/q:mauto\/https:\/\/pharmacy-tlv.com\/wp-content\/uploads\/2025\/05\/xanagis-0.5-1mg-50-tabletok-israel.png\",\"datePublished\":\"2025-05-15T18:23:08+00:00\",\"dateModified\":\"2025-06-04T01:06:46+00:00\",\"description\":\"Antidepressant. Treatment of anxiety disorders, including generalized anxiety disorder and panic disorder. Treatment of insomnia caused by anxiety or stress.\",\"breadcrumb\":{\"@id\":\"https:\/\/pharmacy-tlv.com\/shop\/sleep-relaxation\/xanagis-0-5-1mg-50t\/#breadcrumb\"},\"inLanguage\":\"pt-BR\",\"potentialAction\":[{\"@type\":\"ReadAction\",\"target\":[\"https:\/\/pharmacy-tlv.com\/shop\/sleep-relaxation\/xanagis-0-5-1mg-50t\/\"]}]},{\"@type\":\"ImageObject\",\"inLanguage\":\"pt-BR\",\"@id\":\"https:\/\/pharmacy-tlv.com\/shop\/sleep-relaxation\/xanagis-0-5-1mg-50t\/#primaryimage\",\"url\":\"https:\/\/mlz1smk5t7q7.i.optimole.com\/cb:lQg3.de6\/w:auto\/h:auto\/q:mauto\/https:\/\/pharmacy-tlv.com\/wp-content\/uploads\/2025\/05\/xanagis-0.5-1mg-50-tabletok-israel.png\",\"contentUrl\":\"https:\/\/mlz1smk5t7q7.i.optimole.com\/cb:lQg3.de6\/w:auto\/h:auto\/q:mauto\/https:\/\/pharmacy-tlv.com\/wp-content\/uploads\/2025\/05\/xanagis-0.5-1mg-50-tabletok-israel.png\",\"width\":300,\"height\":300,\"caption\":\"xanagis 0.5 1mg 50 tabletok israel\"},{\"@type\":\"BreadcrumbList\",\"@id\":\"https:\/\/pharmacy-tlv.com\/shop\/sleep-relaxation\/xanagis-0-5-1mg-50t\/#breadcrumb\",\"itemListElement\":[{\"@type\":\"ListItem\",\"position\":1,\"name\":\"Home\",\"item\":\"https:\/\/pharmacy-tlv.com\/\"},{\"@type\":\"ListItem\",\"position\":2,\"name\":\"Medications\",\"item\":\"https:\/\/pharmacy-tlv.com\/shop\/\"},{\"@type\":\"ListItem\",\"position\":3,\"name\":\"Xanagis 0.5\/1mg (50t)\"}]},{\"@type\":\"WebSite\",\"@id\":\"https:\/\/pharmacy-tlv.com\/#website\",\"url\":\"https:\/\/pharmacy-tlv.com\/\",\"name\":\"Pharmacy TLV\",\"description\":\"Trusted Israeli Medications\",\"publisher\":{\"@id\":\"https:\/\/pharmacy-tlv.com\/#organization\"},\"alternateName\":\"Pharmacy-TLV\",\"potentialAction\":[{\"@type\":\"SearchAction\",\"target\":{\"@type\":\"EntryPoint\",\"urlTemplate\":\"https:\/\/pharmacy-tlv.com\/?s={search_term_string}\"},\"query-input\":{\"@type\":\"PropertyValueSpecification\",\"valueRequired\":true,\"valueName\":\"search_term_string\"}}],\"inLanguage\":\"pt-BR\"},{\"@type\":\"Organization\",\"@id\":\"https:\/\/pharmacy-tlv.com\/#organization\",\"name\":\"Pharmacy TLV\",\"alternateName\":\"Pharmacy-TLV\",\"url\":\"https:\/\/pharmacy-tlv.com\/\",\"logo\":{\"@type\":\"ImageObject\",\"inLanguage\":\"pt-BR\",\"@id\":\"https:\/\/pharmacy-tlv.com\/#\/schema\/logo\/image\/\",\"url\":\"https:\/\/mlz1smk5t7q7.i.optimole.com\/cb:lQg3.de6\/w:auto\/h:auto\/q:mauto\/https:\/\/pharmacy-tlv.com\/wp-content\/uploads\/2025\/05\/pharmacy-white.png\",\"contentUrl\":\"https:\/\/mlz1smk5t7q7.i.optimole.com\/cb:lQg3.de6\/w:auto\/h:auto\/q:mauto\/https:\/\/pharmacy-tlv.com\/wp-content\/uploads\/2025\/05\/pharmacy-white.png\",\"width\":500,\"height\":500,\"caption\":\"Pharmacy TLV\"},\"image\":{\"@id\":\"https:\/\/pharmacy-tlv.com\/#\/schema\/logo\/image\/\"}}]}<\/script>\n<!-- \/ Yoast SEO plugin. -->","yoast_head_json":{"title":"Xanagis 0,5\/1mg (50t) - Comprar em Israel | Entrega r\u00e1pida!","description":"Antidepressivo. Tratamento de transtornos de ansiedade, incluindo transtorno de ansiedade generalizada e transtorno do p\u00e2nico. Tratamento da ins\u00f4nia causada por ansiedade ou estresse.","robots":{"index":"index","follow":"follow","max-snippet":"max-snippet:-1","max-image-preview":"max-image-preview:large","max-video-preview":"max-video-preview:-1"},"canonical":"https:\/\/pharmacy-tlv.com\/pt\/loja\/relaxamento-do-sono\/xanagis-0-5-1mg-50t\/","og_locale":"pt_BR","og_type":"article","og_title":"Xanagis 0.5\/1mg (50t) - Buy in Israel | Fast Delivery!","og_description":"Antidepressant. Treatment of anxiety disorders, including generalized anxiety disorder and panic disorder. Treatment of insomnia caused by anxiety or stress.","og_url":"https:\/\/pharmacy-tlv.com\/pt\/loja\/relaxamento-do-sono\/xanagis-0-5-1mg-50t\/","og_site_name":"Pharmacy TLV","article_modified_time":"2025-06-04T01:06:46+00:00","og_image":[{"width":300,"height":300,"url":"https:\/\/mlz1smk5t7q7.i.optimole.com\/cb:lQg3.de6\/w:auto\/h:auto\/q:mauto\/https:\/\/pharmacy-tlv.com\/wp-content\/uploads\/2025\/05\/xanagis-0.5-1mg-50-tabletok-israel.png","type":"image\/png"}],"twitter_card":"summary_large_image","twitter_misc":{"Est. tempo de leitura":"1 minuto"},"schema":{"@context":"https:\/\/schema.org","@graph":[{"@type":"WebPage","@id":"https:\/\/pharmacy-tlv.com\/shop\/sleep-relaxation\/xanagis-0-5-1mg-50t\/","url":"https:\/\/pharmacy-tlv.com\/shop\/sleep-relaxation\/xanagis-0-5-1mg-50t\/","name":"Xanagis 0,5\/1mg (50t) - Comprar em Israel | Entrega r\u00e1pida!","isPartOf":{"@id":"https:\/\/pharmacy-tlv.com\/#website"},"primaryImageOfPage":{"@id":"https:\/\/pharmacy-tlv.com\/shop\/sleep-relaxation\/xanagis-0-5-1mg-50t\/#primaryimage"},"image":{"@id":"https:\/\/pharmacy-tlv.com\/shop\/sleep-relaxation\/xanagis-0-5-1mg-50t\/#primaryimage"},"thumbnailUrl":"https:\/\/mlz1smk5t7q7.i.optimole.com\/cb:lQg3.de6\/w:auto\/h:auto\/q:mauto\/https:\/\/pharmacy-tlv.com\/wp-content\/uploads\/2025\/05\/xanagis-0.5-1mg-50-tabletok-israel.png","datePublished":"2025-05-15T18:23:08+00:00","dateModified":"2025-06-04T01:06:46+00:00","description":"Antidepressivo. Tratamento de transtornos de ansiedade, incluindo transtorno de ansiedade generalizada e transtorno do p\u00e2nico. Tratamento da ins\u00f4nia causada por ansiedade ou estresse.","breadcrumb":{"@id":"https:\/\/pharmacy-tlv.com\/shop\/sleep-relaxation\/xanagis-0-5-1mg-50t\/#breadcrumb"},"inLanguage":"pt-BR","potentialAction":[{"@type":"ReadAction","target":["https:\/\/pharmacy-tlv.com\/shop\/sleep-relaxation\/xanagis-0-5-1mg-50t\/"]}]},{"@type":"ImageObject","inLanguage":"pt-BR","@id":"https:\/\/pharmacy-tlv.com\/shop\/sleep-relaxation\/xanagis-0-5-1mg-50t\/#primaryimage","url":"https:\/\/mlz1smk5t7q7.i.optimole.com\/cb:lQg3.de6\/w:auto\/h:auto\/q:mauto\/https:\/\/pharmacy-tlv.com\/wp-content\/uploads\/2025\/05\/xanagis-0.5-1mg-50-tabletok-israel.png","contentUrl":"https:\/\/mlz1smk5t7q7.i.optimole.com\/cb:lQg3.de6\/w:auto\/h:auto\/q:mauto\/https:\/\/pharmacy-tlv.com\/wp-content\/uploads\/2025\/05\/xanagis-0.5-1mg-50-tabletok-israel.png","width":300,"height":300,"caption":"xanagis 0.5 1mg 50 tabletok israel"},{"@type":"BreadcrumbList","@id":"https:\/\/pharmacy-tlv.com\/shop\/sleep-relaxation\/xanagis-0-5-1mg-50t\/#breadcrumb","itemListElement":[{"@type":"ListItem","position":1,"name":"Home","item":"https:\/\/pharmacy-tlv.com\/"},{"@type":"ListItem","position":2,"name":"Medications","item":"https:\/\/pharmacy-tlv.com\/shop\/"},{"@type":"ListItem","position":3,"name":"Xanagis 0.5\/1mg (50t)"}]},{"@type":"WebSite","@id":"https:\/\/pharmacy-tlv.com\/#website","url":"https:\/\/pharmacy-tlv.com\/","name":"Farm\u00e1cia TLV","description":"Medicamentos israelenses de confian\u00e7a","publisher":{"@id":"https:\/\/pharmacy-tlv.com\/#organization"},"alternateName":"Pharmacy-TLV","potentialAction":[{"@type":"SearchAction","target":{"@type":"EntryPoint","urlTemplate":"https:\/\/pharmacy-tlv.com\/?s={search_term_string}"},"query-input":{"@type":"PropertyValueSpecification","valueRequired":true,"valueName":"search_term_string"}}],"inLanguage":"pt-BR"},{"@type":"Organization","@id":"https:\/\/pharmacy-tlv.com\/#organization","name":"Farm\u00e1cia TLV","alternateName":"Pharmacy-TLV","url":"https:\/\/pharmacy-tlv.com\/","logo":{"@type":"ImageObject","inLanguage":"pt-BR","@id":"https:\/\/pharmacy-tlv.com\/#\/schema\/logo\/image\/","url":"https:\/\/mlz1smk5t7q7.i.optimole.com\/cb:lQg3.de6\/w:auto\/h:auto\/q:mauto\/https:\/\/pharmacy-tlv.com\/wp-content\/uploads\/2025\/05\/pharmacy-white.png","contentUrl":"https:\/\/mlz1smk5t7q7.i.optimole.com\/cb:lQg3.de6\/w:auto\/h:auto\/q:mauto\/https:\/\/pharmacy-tlv.com\/wp-content\/uploads\/2025\/05\/pharmacy-white.png","width":500,"height":500,"caption":"Pharmacy TLV"},"image":{"@id":"https:\/\/pharmacy-tlv.com\/#\/schema\/logo\/image\/"}}]}},"_links":{"self":[{"href":"https:\/\/pharmacy-tlv.com\/pt\/wp-json\/wp\/v2\/product\/1301","targetHints":{"allow":["GET"]}}],"collection":[{"href":"https:\/\/pharmacy-tlv.com\/pt\/wp-json\/wp\/v2\/product"}],"about":[{"href":"https:\/\/pharmacy-tlv.com\/pt\/wp-json\/wp\/v2\/types\/product"}],"wp:featuredmedia":[{"embeddable":true,"href":"https:\/\/pharmacy-tlv.com\/pt\/wp-json\/wp\/v2\/media\/880"}],"wp:attachment":[{"href":"https:\/\/pharmacy-tlv.com\/pt\/wp-json\/wp\/v2\/media?parent=1301"}],"wp:term":[{"taxonomy":"product_brand","embeddable":true,"href":"https:\/\/pharmacy-tlv.com\/pt\/wp-json\/wp\/v2\/product_brand?post=1301"},{"taxonomy":"product_cat","embeddable":true,"href":"https:\/\/pharmacy-tlv.com\/pt\/wp-json\/wp\/v2\/product_cat?post=1301"},{"taxonomy":"product_tag","embeddable":true,"href":"https:\/\/pharmacy-tlv.com\/pt\/wp-json\/wp\/v2\/product_tag?post=1301"}],"curies":[{"name":"wp","href":"https:\/\/api.w.org\/{rel}","templated":true}]}}