{"id":1300,"date":"2025-05-15T18:23:08","date_gmt":"2025-05-15T18:23:08","guid":{"rendered":"https:\/\/pharmacy-tlv.com\/?post_type=product&#038;p=1300"},"modified":"2025-06-04T01:02:32","modified_gmt":"2025-06-04T01:02:32","slug":"trazodil-50mg-100mg","status":"publish","type":"product","link":"https:\/\/pharmacy-tlv.com\/pt\/loja\/antidepressivos\/trazodil-50mg-100mg\/","title":{"rendered":"Trazodil 50mg\/100mg"},"content":{"rendered":"<p>Trazodil<\/p>\n<p>Antidepressivo.<\/p>\n<p><strong>Usos<\/strong><\/p>\n<p>Tratamento da depress\u00e3o (inclusive depress\u00e3o maior).<\/p>\n<p>Tratamento de transtornos de ansiedade, incluindo transtorno de ansiedade generalizada e transtorno do p\u00e2nico.<\/p>\n<p>Tratamento da ins\u00f4nia associada \u00e0 depress\u00e3o ou ansiedade.<\/p>\n<p>Tratamento da dor cr\u00f4nica causada por neuropatia ou outras condi\u00e7\u00f5es.<\/p>\n<p><strong>Causa<\/strong><\/p>\n<p>Aumento dos n\u00edveis de serotonina e norepinefrina no c\u00e9rebro para melhorar o humor e reduzir a ansiedade.<\/p>\n<p>Exacerba\u00e7\u00e3o de transtornos de depress\u00e3o e ansiedade.<\/p>\n<p>Melhorar a qualidade do sono na ins\u00f4nia associada \u00e0 depress\u00e3o ou ansiedade.<\/p>\n<p><strong>Propriedade de tratamento<\/strong><\/p>\n<p>Tem efeitos antidepressivos e ansiol\u00edticos (que reduzem a ansiedade).<\/p>\n<p>Ajuda a normalizar o sono, melhora a qualidade do sono em caso de ins\u00f4nia.<\/p>\n<p>Reduz os sintomas de depress\u00e3o, ansiedade e ataques de p\u00e2nico.<\/p>\n<p>Pode ser eficaz para a dor causada por neuropatia e outras dores cr\u00f4nicas.<\/p>\n<p><strong>Tipo de medicamento<\/strong><\/p>\n<p>Antidepressivo, de um grupo de medicamentos que afetam os sistemas serotonin\u00e9rgico e noradren\u00e9rgico.<\/p>\n<p><strong>Fabricante<\/strong><\/p>\n<p>Unipharm ltd, Israel<\/p>\n<p><strong>Subst\u00e2ncias ativas<\/strong><\/p>\n<p>Trazodona (Trazodone) - 50 mg ou 100 mg.<\/p>\n<p><em>#comprar Trazodil em Israel, #Trazodil em Israel, #trazodil Israel, #Trazodil Israel<\/em> <em> <em>#Trazodil frete gr\u00e1tis<\/em><\/em><\/p>","protected":false},"excerpt":{"rendered":"<p>Antidepressivo.<\/p>\n<p>Tratamento da depress\u00e3o (inclusive depress\u00e3o maior).<\/p>\n<p>Tratamento de transtornos de ansiedade, incluindo transtorno de ansiedade generalizada e transtorno do p\u00e2nico.<\/p>\n<p>Tratamento da ins\u00f4nia associada \u00e0 depress\u00e3o ou ansiedade.<\/p>\n<p>Tratamento da dor cr\u00f4nica causada por neuropatia ou outras condi\u00e7\u00f5es.<\/p>","protected":false},"featured_media":879,"template":"","meta":[],"product_brand":[],"product_cat":[47,24],"product_tag":[],"class_list":{"0":"post-1300","1":"product","2":"type-product","3":"status-publish","4":"has-post-thumbnail","6":"product_cat-all-medications","7":"product_cat-antidepressants","9":"first","10":"instock","11":"shipping-taxable","12":"purchasable","13":"product-type-variable"},"yoast_head":"<!-- This site is optimized with the Yoast SEO plugin v25.1 - https:\/\/yoast.com\/wordpress\/plugins\/seo\/ -->\n<title>Trazodil 50mg\/100mg - Buy in Israel | Fast Delivery!<\/title>\n<meta name=\"description\" content=\"Antidepressant. Treatment of depression (including major depression). Treatment of anxiety disorders, including generalized anxiety disorder and panic disorder.\" \/>\n<meta name=\"robots\" content=\"index, follow, max-snippet:-1, max-image-preview:large, max-video-preview:-1\" \/>\n<link rel=\"canonical\" href=\"https:\/\/pharmacy-tlv.com\/pt\/loja\/antidepressivos\/trazodil-50mg-100mg\/\" \/>\n<meta property=\"og:locale\" content=\"pt_BR\" \/>\n<meta property=\"og:type\" content=\"article\" \/>\n<meta property=\"og:title\" content=\"Trazodil 50mg\/100mg - Buy in Israel | Fast Delivery!\" \/>\n<meta property=\"og:description\" content=\"Antidepressant. Treatment of depression (including major depression). Treatment of anxiety disorders, including generalized anxiety disorder and panic disorder.\" \/>\n<meta property=\"og:url\" content=\"https:\/\/pharmacy-tlv.com\/pt\/loja\/antidepressivos\/trazodil-50mg-100mg\/\" \/>\n<meta property=\"og:site_name\" content=\"Pharmacy TLV\" \/>\n<meta property=\"article:modified_time\" content=\"2025-06-04T01:02:32+00:00\" \/>\n<meta property=\"og:image\" content=\"https:\/\/mlz1smk5t7q7.i.optimole.com\/cb:lQg3.de6\/w:auto\/h:auto\/q:mauto\/https:\/\/pharmacy-tlv.com\/wp-content\/uploads\/2025\/05\/trazodil-50mg-100mg-israel-1.png\" \/>\n\t<meta property=\"og:image:width\" content=\"300\" \/>\n\t<meta property=\"og:image:height\" content=\"300\" \/>\n\t<meta property=\"og:image:type\" content=\"image\/png\" \/>\n<meta name=\"twitter:card\" content=\"summary_large_image\" \/>\n<meta name=\"twitter:label1\" content=\"Est. tempo de leitura\" \/>\n\t<meta name=\"twitter:data1\" content=\"1 minuto\" \/>\n<script type=\"application\/ld+json\" class=\"yoast-schema-graph\">{\"@context\":\"https:\/\/schema.org\",\"@graph\":[{\"@type\":\"WebPage\",\"@id\":\"https:\/\/pharmacy-tlv.com\/shop\/antidepressants\/trazodil-50mg-100mg\/\",\"url\":\"https:\/\/pharmacy-tlv.com\/shop\/antidepressants\/trazodil-50mg-100mg\/\",\"name\":\"Trazodil 50mg\/100mg - Buy in Israel | Fast Delivery!\",\"isPartOf\":{\"@id\":\"https:\/\/pharmacy-tlv.com\/#website\"},\"primaryImageOfPage\":{\"@id\":\"https:\/\/pharmacy-tlv.com\/shop\/antidepressants\/trazodil-50mg-100mg\/#primaryimage\"},\"image\":{\"@id\":\"https:\/\/pharmacy-tlv.com\/shop\/antidepressants\/trazodil-50mg-100mg\/#primaryimage\"},\"thumbnailUrl\":\"https:\/\/mlz1smk5t7q7.i.optimole.com\/cb:lQg3.de6\/w:auto\/h:auto\/q:mauto\/https:\/\/pharmacy-tlv.com\/wp-content\/uploads\/2025\/05\/trazodil-50mg-100mg-israel-1.png\",\"datePublished\":\"2025-05-15T18:23:08+00:00\",\"dateModified\":\"2025-06-04T01:02:32+00:00\",\"description\":\"Antidepressant. Treatment of depression (including major depression). Treatment of anxiety disorders, including generalized anxiety disorder and panic disorder.\",\"breadcrumb\":{\"@id\":\"https:\/\/pharmacy-tlv.com\/shop\/antidepressants\/trazodil-50mg-100mg\/#breadcrumb\"},\"inLanguage\":\"pt-BR\",\"potentialAction\":[{\"@type\":\"ReadAction\",\"target\":[\"https:\/\/pharmacy-tlv.com\/shop\/antidepressants\/trazodil-50mg-100mg\/\"]}]},{\"@type\":\"ImageObject\",\"inLanguage\":\"pt-BR\",\"@id\":\"https:\/\/pharmacy-tlv.com\/shop\/antidepressants\/trazodil-50mg-100mg\/#primaryimage\",\"url\":\"https:\/\/mlz1smk5t7q7.i.optimole.com\/cb:lQg3.de6\/w:auto\/h:auto\/q:mauto\/https:\/\/pharmacy-tlv.com\/wp-content\/uploads\/2025\/05\/trazodil-50mg-100mg-israel-1.png\",\"contentUrl\":\"https:\/\/mlz1smk5t7q7.i.optimole.com\/cb:lQg3.de6\/w:auto\/h:auto\/q:mauto\/https:\/\/pharmacy-tlv.com\/wp-content\/uploads\/2025\/05\/trazodil-50mg-100mg-israel-1.png\",\"width\":300,\"height\":300,\"caption\":\"trazodil 50mg 100mg israel 1\"},{\"@type\":\"BreadcrumbList\",\"@id\":\"https:\/\/pharmacy-tlv.com\/shop\/antidepressants\/trazodil-50mg-100mg\/#breadcrumb\",\"itemListElement\":[{\"@type\":\"ListItem\",\"position\":1,\"name\":\"Home\",\"item\":\"https:\/\/pharmacy-tlv.com\/\"},{\"@type\":\"ListItem\",\"position\":2,\"name\":\"Medications\",\"item\":\"https:\/\/pharmacy-tlv.com\/shop\/\"},{\"@type\":\"ListItem\",\"position\":3,\"name\":\"Trazodil 50mg\/100mg\"}]},{\"@type\":\"WebSite\",\"@id\":\"https:\/\/pharmacy-tlv.com\/#website\",\"url\":\"https:\/\/pharmacy-tlv.com\/\",\"name\":\"Pharmacy TLV\",\"description\":\"Trusted Israeli Medications\",\"publisher\":{\"@id\":\"https:\/\/pharmacy-tlv.com\/#organization\"},\"alternateName\":\"Pharmacy-TLV\",\"potentialAction\":[{\"@type\":\"SearchAction\",\"target\":{\"@type\":\"EntryPoint\",\"urlTemplate\":\"https:\/\/pharmacy-tlv.com\/?s={search_term_string}\"},\"query-input\":{\"@type\":\"PropertyValueSpecification\",\"valueRequired\":true,\"valueName\":\"search_term_string\"}}],\"inLanguage\":\"pt-BR\"},{\"@type\":\"Organization\",\"@id\":\"https:\/\/pharmacy-tlv.com\/#organization\",\"name\":\"Pharmacy TLV\",\"alternateName\":\"Pharmacy-TLV\",\"url\":\"https:\/\/pharmacy-tlv.com\/\",\"logo\":{\"@type\":\"ImageObject\",\"inLanguage\":\"pt-BR\",\"@id\":\"https:\/\/pharmacy-tlv.com\/#\/schema\/logo\/image\/\",\"url\":\"https:\/\/mlz1smk5t7q7.i.optimole.com\/cb:lQg3.de6\/w:auto\/h:auto\/q:mauto\/https:\/\/pharmacy-tlv.com\/wp-content\/uploads\/2025\/05\/pharmacy-white.png\",\"contentUrl\":\"https:\/\/mlz1smk5t7q7.i.optimole.com\/cb:lQg3.de6\/w:auto\/h:auto\/q:mauto\/https:\/\/pharmacy-tlv.com\/wp-content\/uploads\/2025\/05\/pharmacy-white.png\",\"width\":500,\"height\":500,\"caption\":\"Pharmacy TLV\"},\"image\":{\"@id\":\"https:\/\/pharmacy-tlv.com\/#\/schema\/logo\/image\/\"}}]}<\/script>\n<!-- \/ Yoast SEO plugin. -->","yoast_head_json":{"title":"Trazodil 50mg\/100mg - Comprar em Israel | Entrega r\u00e1pida!","description":"Antidepressivo. Tratamento da depress\u00e3o (inclusive depress\u00e3o maior). Tratamento de transtornos de ansiedade, incluindo transtorno de ansiedade generalizada e transtorno do p\u00e2nico.","robots":{"index":"index","follow":"follow","max-snippet":"max-snippet:-1","max-image-preview":"max-image-preview:large","max-video-preview":"max-video-preview:-1"},"canonical":"https:\/\/pharmacy-tlv.com\/pt\/loja\/antidepressivos\/trazodil-50mg-100mg\/","og_locale":"pt_BR","og_type":"article","og_title":"Trazodil 50mg\/100mg - Buy in Israel | Fast Delivery!","og_description":"Antidepressant. Treatment of depression (including major depression). Treatment of anxiety disorders, including generalized anxiety disorder and panic disorder.","og_url":"https:\/\/pharmacy-tlv.com\/pt\/loja\/antidepressivos\/trazodil-50mg-100mg\/","og_site_name":"Pharmacy TLV","article_modified_time":"2025-06-04T01:02:32+00:00","og_image":[{"width":300,"height":300,"url":"https:\/\/mlz1smk5t7q7.i.optimole.com\/cb:lQg3.de6\/w:auto\/h:auto\/q:mauto\/https:\/\/pharmacy-tlv.com\/wp-content\/uploads\/2025\/05\/trazodil-50mg-100mg-israel-1.png","type":"image\/png"}],"twitter_card":"summary_large_image","twitter_misc":{"Est. tempo de leitura":"1 minuto"},"schema":{"@context":"https:\/\/schema.org","@graph":[{"@type":"WebPage","@id":"https:\/\/pharmacy-tlv.com\/shop\/antidepressants\/trazodil-50mg-100mg\/","url":"https:\/\/pharmacy-tlv.com\/shop\/antidepressants\/trazodil-50mg-100mg\/","name":"Trazodil 50mg\/100mg - Comprar em Israel | Entrega r\u00e1pida!","isPartOf":{"@id":"https:\/\/pharmacy-tlv.com\/#website"},"primaryImageOfPage":{"@id":"https:\/\/pharmacy-tlv.com\/shop\/antidepressants\/trazodil-50mg-100mg\/#primaryimage"},"image":{"@id":"https:\/\/pharmacy-tlv.com\/shop\/antidepressants\/trazodil-50mg-100mg\/#primaryimage"},"thumbnailUrl":"https:\/\/mlz1smk5t7q7.i.optimole.com\/cb:lQg3.de6\/w:auto\/h:auto\/q:mauto\/https:\/\/pharmacy-tlv.com\/wp-content\/uploads\/2025\/05\/trazodil-50mg-100mg-israel-1.png","datePublished":"2025-05-15T18:23:08+00:00","dateModified":"2025-06-04T01:02:32+00:00","description":"Antidepressivo. Tratamento da depress\u00e3o (inclusive depress\u00e3o maior). Tratamento de transtornos de ansiedade, incluindo transtorno de ansiedade generalizada e transtorno do p\u00e2nico.","breadcrumb":{"@id":"https:\/\/pharmacy-tlv.com\/shop\/antidepressants\/trazodil-50mg-100mg\/#breadcrumb"},"inLanguage":"pt-BR","potentialAction":[{"@type":"ReadAction","target":["https:\/\/pharmacy-tlv.com\/shop\/antidepressants\/trazodil-50mg-100mg\/"]}]},{"@type":"ImageObject","inLanguage":"pt-BR","@id":"https:\/\/pharmacy-tlv.com\/shop\/antidepressants\/trazodil-50mg-100mg\/#primaryimage","url":"https:\/\/mlz1smk5t7q7.i.optimole.com\/cb:lQg3.de6\/w:auto\/h:auto\/q:mauto\/https:\/\/pharmacy-tlv.com\/wp-content\/uploads\/2025\/05\/trazodil-50mg-100mg-israel-1.png","contentUrl":"https:\/\/mlz1smk5t7q7.i.optimole.com\/cb:lQg3.de6\/w:auto\/h:auto\/q:mauto\/https:\/\/pharmacy-tlv.com\/wp-content\/uploads\/2025\/05\/trazodil-50mg-100mg-israel-1.png","width":300,"height":300,"caption":"trazodil 50mg 100mg israel 1"},{"@type":"BreadcrumbList","@id":"https:\/\/pharmacy-tlv.com\/shop\/antidepressants\/trazodil-50mg-100mg\/#breadcrumb","itemListElement":[{"@type":"ListItem","position":1,"name":"Home","item":"https:\/\/pharmacy-tlv.com\/"},{"@type":"ListItem","position":2,"name":"Medications","item":"https:\/\/pharmacy-tlv.com\/shop\/"},{"@type":"ListItem","position":3,"name":"Trazodil 50mg\/100mg"}]},{"@type":"WebSite","@id":"https:\/\/pharmacy-tlv.com\/#website","url":"https:\/\/pharmacy-tlv.com\/","name":"Farm\u00e1cia TLV","description":"Medicamentos israelenses de confian\u00e7a","publisher":{"@id":"https:\/\/pharmacy-tlv.com\/#organization"},"alternateName":"Pharmacy-TLV","potentialAction":[{"@type":"SearchAction","target":{"@type":"EntryPoint","urlTemplate":"https:\/\/pharmacy-tlv.com\/?s={search_term_string}"},"query-input":{"@type":"PropertyValueSpecification","valueRequired":true,"valueName":"search_term_string"}}],"inLanguage":"pt-BR"},{"@type":"Organization","@id":"https:\/\/pharmacy-tlv.com\/#organization","name":"Farm\u00e1cia TLV","alternateName":"Pharmacy-TLV","url":"https:\/\/pharmacy-tlv.com\/","logo":{"@type":"ImageObject","inLanguage":"pt-BR","@id":"https:\/\/pharmacy-tlv.com\/#\/schema\/logo\/image\/","url":"https:\/\/mlz1smk5t7q7.i.optimole.com\/cb:lQg3.de6\/w:auto\/h:auto\/q:mauto\/https:\/\/pharmacy-tlv.com\/wp-content\/uploads\/2025\/05\/pharmacy-white.png","contentUrl":"https:\/\/mlz1smk5t7q7.i.optimole.com\/cb:lQg3.de6\/w:auto\/h:auto\/q:mauto\/https:\/\/pharmacy-tlv.com\/wp-content\/uploads\/2025\/05\/pharmacy-white.png","width":500,"height":500,"caption":"Pharmacy TLV"},"image":{"@id":"https:\/\/pharmacy-tlv.com\/#\/schema\/logo\/image\/"}}]}},"_links":{"self":[{"href":"https:\/\/pharmacy-tlv.com\/pt\/wp-json\/wp\/v2\/product\/1300","targetHints":{"allow":["GET"]}}],"collection":[{"href":"https:\/\/pharmacy-tlv.com\/pt\/wp-json\/wp\/v2\/product"}],"about":[{"href":"https:\/\/pharmacy-tlv.com\/pt\/wp-json\/wp\/v2\/types\/product"}],"wp:featuredmedia":[{"embeddable":true,"href":"https:\/\/pharmacy-tlv.com\/pt\/wp-json\/wp\/v2\/media\/879"}],"wp:attachment":[{"href":"https:\/\/pharmacy-tlv.com\/pt\/wp-json\/wp\/v2\/media?parent=1300"}],"wp:term":[{"taxonomy":"product_brand","embeddable":true,"href":"https:\/\/pharmacy-tlv.com\/pt\/wp-json\/wp\/v2\/product_brand?post=1300"},{"taxonomy":"product_cat","embeddable":true,"href":"https:\/\/pharmacy-tlv.com\/pt\/wp-json\/wp\/v2\/product_cat?post=1300"},{"taxonomy":"product_tag","embeddable":true,"href":"https:\/\/pharmacy-tlv.com\/pt\/wp-json\/wp\/v2\/product_tag?post=1300"}],"curies":[{"name":"wp","href":"https:\/\/api.w.org\/{rel}","templated":true}]}}