{"id":1299,"date":"2025-05-15T18:23:08","date_gmt":"2025-05-15T18:23:08","guid":{"rendered":"https:\/\/pharmacy-tlv.com\/?post_type=product&#038;p=1299"},"modified":"2025-05-23T13:57:27","modified_gmt":"2025-05-23T13:57:27","slug":"paxxet-20mg-30t","status":"publish","type":"product","link":"https:\/\/pharmacy-tlv.com\/pt\/loja\/antidepressivos\/paxxet-20mg-30t\/","title":{"rendered":"Paxxet 20mg (30t)"},"content":{"rendered":"<p>Paroxetina<\/p>\n<p><strong>Aplicativo<\/strong><\/p>\n<p>Tratamento da depress\u00e3o (inclusive depress\u00e3o maior).<\/p>\n<p>Tratamento do transtorno obsessivo-compulsivo (TOC).<\/p>\n<p>Tratamento do transtorno do p\u00e2nico.<\/p>\n<p>Tratamento de transtornos de ansiedade.<\/p>\n<p>Tratamento do transtorno de estresse p\u00f3s-traum\u00e1tico (PTSD).<\/p>\n<p>Tratamento da bulimia (transtorno alimentar).<\/p>\n<p><strong>Motivo<\/strong><\/p>\n<p>Aumenta os n\u00edveis de serotonina no c\u00e9rebro para melhorar o humor e reduzir a depress\u00e3o e a ansiedade.<\/p>\n<p>Exacerba\u00e7\u00e3o de transtornos de depress\u00e3o e ansiedade.<\/p>\n<p>Exacerba\u00e7\u00e3o de ataques de p\u00e2nico e outros dist\u00farbios psicoemocionais.<\/p>\n<p><strong>Propriedade de tratamento<\/strong><\/p>\n<p>Inibe a recapta\u00e7\u00e3o de serotonina, aumentando os n\u00edveis de serotonina no c\u00e9rebro, o que ajuda a melhorar o humor.<\/p>\n<p>Tem efeitos ansiol\u00edticos (redu\u00e7\u00e3o da ansiedade) e antidepressivos.<\/p>\n<p>Ajuda com dist\u00farbios alimentares (por exemplo, bulimia).<\/p>\n<p>Pode melhorar o estado psicoemocional geral em pessoas com transtornos mentais cr\u00f4nicos.<\/p>\n<p><strong>Tipo de medicamento<\/strong><\/p>\n<p>Antidepressivo, do grupo dos inibidores seletivos da recapta\u00e7\u00e3o de serotonina (ISRSs).<\/p>\n<p><strong>Fabricante<\/strong><\/p>\n<p>Unipharm ltd.<\/p>\n<p><strong>Subst\u00e2ncias ativas<\/strong><\/p>\n<p>Paroxetina - 10 mg ou 20 mg (dependendo da dosagem).<\/p>\n<p><em>#comprar Paxxet em Israel, #Paxxet em Israel, #paxxet Israel, #Paxxet Israel<\/em> <em> <em>#Paxxet frete gr\u00e1tis<\/em><\/em><\/p>","protected":false},"excerpt":{"rendered":"<p>Antidepressivo.<\/p>\n<p>Tratamento da depress\u00e3o (inclusive depress\u00e3o maior).<\/p>\n<p>Tratamento do transtorno obsessivo-compulsivo (TOC).<\/p>\n<p>Tratamento do transtorno do p\u00e2nico.<\/p>\n<p>Tratamento de transtornos de ansiedade.<\/p>\n<p>Tratamento do transtorno de estresse p\u00f3s-traum\u00e1tico (PTSD).<\/p>\n<p>Tratamento da bulimia (transtorno alimentar).<\/p>","protected":false},"featured_media":878,"template":"","meta":[],"product_brand":[],"product_cat":[47,24],"product_tag":[],"class_list":{"0":"post-1299","1":"product","2":"type-product","3":"status-publish","4":"has-post-thumbnail","6":"product_cat-all-medications","7":"product_cat-antidepressants","9":"first","10":"instock","11":"shipping-taxable","12":"purchasable","13":"product-type-simple"},"yoast_head":"<!-- This site is optimized with the Yoast SEO plugin v25.1 - https:\/\/yoast.com\/wordpress\/plugins\/seo\/ -->\n<title>Paxxet 20mg (30t) - Buy in Israel | Fast Delivery!<\/title>\n<meta name=\"description\" content=\"Antidepressant. Treatment of depression (including major depression). Treatment of obsessive-compulsive disorder (OCD). Treatment of panic disorder. Treatment of anxiety disorders. Treatment of post-traumatic stress disorder (PTSD). Treatment of bulimia (eating disorder).\" \/>\n<meta name=\"robots\" content=\"index, follow, max-snippet:-1, max-image-preview:large, max-video-preview:-1\" \/>\n<link rel=\"canonical\" href=\"https:\/\/pharmacy-tlv.com\/pt\/loja\/antidepressivos\/paxxet-20mg-30t\/\" \/>\n<meta property=\"og:locale\" content=\"pt_BR\" \/>\n<meta property=\"og:type\" content=\"article\" \/>\n<meta property=\"og:title\" content=\"Paxxet 20mg (30t) - Buy in Israel | Fast Delivery!\" \/>\n<meta property=\"og:description\" content=\"Antidepressant. Treatment of depression (including major depression). Treatment of obsessive-compulsive disorder (OCD). Treatment of panic disorder. Treatment of anxiety disorders. Treatment of post-traumatic stress disorder (PTSD). Treatment of bulimia (eating disorder).\" \/>\n<meta property=\"og:url\" content=\"https:\/\/pharmacy-tlv.com\/pt\/loja\/antidepressivos\/paxxet-20mg-30t\/\" \/>\n<meta property=\"og:site_name\" content=\"Pharmacy TLV\" \/>\n<meta property=\"article:modified_time\" content=\"2025-05-23T13:57:27+00:00\" \/>\n<meta property=\"og:image\" content=\"https:\/\/mlz1smk5t7q7.i.optimole.com\/cb:lQg3.de6\/w:auto\/h:auto\/q:mauto\/https:\/\/pharmacy-tlv.com\/wp-content\/uploads\/2025\/05\/paxxet-20mg-30-tabletok-israel.png\" \/>\n\t<meta property=\"og:image:width\" content=\"300\" \/>\n\t<meta property=\"og:image:height\" content=\"300\" \/>\n\t<meta property=\"og:image:type\" content=\"image\/png\" \/>\n<meta name=\"twitter:card\" content=\"summary_large_image\" \/>\n<meta name=\"twitter:label1\" content=\"Est. tempo de leitura\" \/>\n\t<meta name=\"twitter:data1\" content=\"1 minuto\" \/>\n<script type=\"application\/ld+json\" class=\"yoast-schema-graph\">{\"@context\":\"https:\/\/schema.org\",\"@graph\":[{\"@type\":\"WebPage\",\"@id\":\"https:\/\/pharmacy-tlv.com\/shop\/antidepressants\/paxxet-20mg-30t\/\",\"url\":\"https:\/\/pharmacy-tlv.com\/shop\/antidepressants\/paxxet-20mg-30t\/\",\"name\":\"Paxxet 20mg (30t) - Buy in Israel | Fast Delivery!\",\"isPartOf\":{\"@id\":\"https:\/\/pharmacy-tlv.com\/#website\"},\"primaryImageOfPage\":{\"@id\":\"https:\/\/pharmacy-tlv.com\/shop\/antidepressants\/paxxet-20mg-30t\/#primaryimage\"},\"image\":{\"@id\":\"https:\/\/pharmacy-tlv.com\/shop\/antidepressants\/paxxet-20mg-30t\/#primaryimage\"},\"thumbnailUrl\":\"https:\/\/mlz1smk5t7q7.i.optimole.com\/cb:lQg3.de6\/w:auto\/h:auto\/q:mauto\/https:\/\/pharmacy-tlv.com\/wp-content\/uploads\/2025\/05\/paxxet-20mg-30-tabletok-israel.png\",\"datePublished\":\"2025-05-15T18:23:08+00:00\",\"dateModified\":\"2025-05-23T13:57:27+00:00\",\"description\":\"Antidepressant. Treatment of depression (including major depression). Treatment of obsessive-compulsive disorder (OCD). Treatment of panic disorder. Treatment of anxiety disorders. Treatment of post-traumatic stress disorder (PTSD). Treatment of bulimia (eating disorder).\",\"breadcrumb\":{\"@id\":\"https:\/\/pharmacy-tlv.com\/shop\/antidepressants\/paxxet-20mg-30t\/#breadcrumb\"},\"inLanguage\":\"pt-BR\",\"potentialAction\":[{\"@type\":\"ReadAction\",\"target\":[\"https:\/\/pharmacy-tlv.com\/shop\/antidepressants\/paxxet-20mg-30t\/\"]}]},{\"@type\":\"ImageObject\",\"inLanguage\":\"pt-BR\",\"@id\":\"https:\/\/pharmacy-tlv.com\/shop\/antidepressants\/paxxet-20mg-30t\/#primaryimage\",\"url\":\"https:\/\/mlz1smk5t7q7.i.optimole.com\/cb:lQg3.de6\/w:auto\/h:auto\/q:mauto\/https:\/\/pharmacy-tlv.com\/wp-content\/uploads\/2025\/05\/paxxet-20mg-30-tabletok-israel.png\",\"contentUrl\":\"https:\/\/mlz1smk5t7q7.i.optimole.com\/cb:lQg3.de6\/w:auto\/h:auto\/q:mauto\/https:\/\/pharmacy-tlv.com\/wp-content\/uploads\/2025\/05\/paxxet-20mg-30-tabletok-israel.png\",\"width\":300,\"height\":300,\"caption\":\"paxxet-20mg-30-tabletok-israel\"},{\"@type\":\"BreadcrumbList\",\"@id\":\"https:\/\/pharmacy-tlv.com\/shop\/antidepressants\/paxxet-20mg-30t\/#breadcrumb\",\"itemListElement\":[{\"@type\":\"ListItem\",\"position\":1,\"name\":\"Home\",\"item\":\"https:\/\/pharmacy-tlv.com\/\"},{\"@type\":\"ListItem\",\"position\":2,\"name\":\"Medications\",\"item\":\"https:\/\/pharmacy-tlv.com\/shop\/\"},{\"@type\":\"ListItem\",\"position\":3,\"name\":\"Paxxet 20mg (30t)\"}]},{\"@type\":\"WebSite\",\"@id\":\"https:\/\/pharmacy-tlv.com\/#website\",\"url\":\"https:\/\/pharmacy-tlv.com\/\",\"name\":\"Pharmacy TLV\",\"description\":\"Trusted Israeli Medications\",\"publisher\":{\"@id\":\"https:\/\/pharmacy-tlv.com\/#organization\"},\"alternateName\":\"Pharmacy-TLV\",\"potentialAction\":[{\"@type\":\"SearchAction\",\"target\":{\"@type\":\"EntryPoint\",\"urlTemplate\":\"https:\/\/pharmacy-tlv.com\/?s={search_term_string}\"},\"query-input\":{\"@type\":\"PropertyValueSpecification\",\"valueRequired\":true,\"valueName\":\"search_term_string\"}}],\"inLanguage\":\"pt-BR\"},{\"@type\":\"Organization\",\"@id\":\"https:\/\/pharmacy-tlv.com\/#organization\",\"name\":\"Pharmacy TLV\",\"alternateName\":\"Pharmacy-TLV\",\"url\":\"https:\/\/pharmacy-tlv.com\/\",\"logo\":{\"@type\":\"ImageObject\",\"inLanguage\":\"pt-BR\",\"@id\":\"https:\/\/pharmacy-tlv.com\/#\/schema\/logo\/image\/\",\"url\":\"https:\/\/mlz1smk5t7q7.i.optimole.com\/cb:lQg3.de6\/w:auto\/h:auto\/q:mauto\/https:\/\/pharmacy-tlv.com\/wp-content\/uploads\/2025\/05\/pharmacy-white.png\",\"contentUrl\":\"https:\/\/mlz1smk5t7q7.i.optimole.com\/cb:lQg3.de6\/w:auto\/h:auto\/q:mauto\/https:\/\/pharmacy-tlv.com\/wp-content\/uploads\/2025\/05\/pharmacy-white.png\",\"width\":500,\"height\":500,\"caption\":\"Pharmacy TLV\"},\"image\":{\"@id\":\"https:\/\/pharmacy-tlv.com\/#\/schema\/logo\/image\/\"}}]}<\/script>\n<!-- \/ Yoast SEO plugin. -->","yoast_head_json":{"title":"Paxxet 20mg (30t) - Comprar em Israel | Entrega r\u00e1pida!","description":"Antidepressivo. Tratamento da depress\u00e3o (incluindo depress\u00e3o maior). Tratamento do transtorno obsessivo-compulsivo (TOC). Tratamento do transtorno do p\u00e2nico. Tratamento de transtornos de ansiedade. Tratamento do transtorno de estresse p\u00f3s-traum\u00e1tico (PTSD). Tratamento da bulimia (transtorno alimentar).","robots":{"index":"index","follow":"follow","max-snippet":"max-snippet:-1","max-image-preview":"max-image-preview:large","max-video-preview":"max-video-preview:-1"},"canonical":"https:\/\/pharmacy-tlv.com\/pt\/loja\/antidepressivos\/paxxet-20mg-30t\/","og_locale":"pt_BR","og_type":"article","og_title":"Paxxet 20mg (30t) - Buy in Israel | Fast Delivery!","og_description":"Antidepressant. Treatment of depression (including major depression). Treatment of obsessive-compulsive disorder (OCD). Treatment of panic disorder. Treatment of anxiety disorders. Treatment of post-traumatic stress disorder (PTSD). Treatment of bulimia (eating disorder).","og_url":"https:\/\/pharmacy-tlv.com\/pt\/loja\/antidepressivos\/paxxet-20mg-30t\/","og_site_name":"Pharmacy TLV","article_modified_time":"2025-05-23T13:57:27+00:00","og_image":[{"width":300,"height":300,"url":"https:\/\/mlz1smk5t7q7.i.optimole.com\/cb:lQg3.de6\/w:auto\/h:auto\/q:mauto\/https:\/\/pharmacy-tlv.com\/wp-content\/uploads\/2025\/05\/paxxet-20mg-30-tabletok-israel.png","type":"image\/png"}],"twitter_card":"summary_large_image","twitter_misc":{"Est. tempo de leitura":"1 minuto"},"schema":{"@context":"https:\/\/schema.org","@graph":[{"@type":"WebPage","@id":"https:\/\/pharmacy-tlv.com\/shop\/antidepressants\/paxxet-20mg-30t\/","url":"https:\/\/pharmacy-tlv.com\/shop\/antidepressants\/paxxet-20mg-30t\/","name":"Paxxet 20mg (30t) - Comprar em Israel | Entrega r\u00e1pida!","isPartOf":{"@id":"https:\/\/pharmacy-tlv.com\/#website"},"primaryImageOfPage":{"@id":"https:\/\/pharmacy-tlv.com\/shop\/antidepressants\/paxxet-20mg-30t\/#primaryimage"},"image":{"@id":"https:\/\/pharmacy-tlv.com\/shop\/antidepressants\/paxxet-20mg-30t\/#primaryimage"},"thumbnailUrl":"https:\/\/mlz1smk5t7q7.i.optimole.com\/cb:lQg3.de6\/w:auto\/h:auto\/q:mauto\/https:\/\/pharmacy-tlv.com\/wp-content\/uploads\/2025\/05\/paxxet-20mg-30-tabletok-israel.png","datePublished":"2025-05-15T18:23:08+00:00","dateModified":"2025-05-23T13:57:27+00:00","description":"Antidepressivo. Tratamento da depress\u00e3o (incluindo depress\u00e3o maior). Tratamento do transtorno obsessivo-compulsivo (TOC). Tratamento do transtorno do p\u00e2nico. Tratamento de transtornos de ansiedade. Tratamento do transtorno de estresse p\u00f3s-traum\u00e1tico (PTSD). Tratamento da bulimia (transtorno alimentar).","breadcrumb":{"@id":"https:\/\/pharmacy-tlv.com\/shop\/antidepressants\/paxxet-20mg-30t\/#breadcrumb"},"inLanguage":"pt-BR","potentialAction":[{"@type":"ReadAction","target":["https:\/\/pharmacy-tlv.com\/shop\/antidepressants\/paxxet-20mg-30t\/"]}]},{"@type":"ImageObject","inLanguage":"pt-BR","@id":"https:\/\/pharmacy-tlv.com\/shop\/antidepressants\/paxxet-20mg-30t\/#primaryimage","url":"https:\/\/mlz1smk5t7q7.i.optimole.com\/cb:lQg3.de6\/w:auto\/h:auto\/q:mauto\/https:\/\/pharmacy-tlv.com\/wp-content\/uploads\/2025\/05\/paxxet-20mg-30-tabletok-israel.png","contentUrl":"https:\/\/mlz1smk5t7q7.i.optimole.com\/cb:lQg3.de6\/w:auto\/h:auto\/q:mauto\/https:\/\/pharmacy-tlv.com\/wp-content\/uploads\/2025\/05\/paxxet-20mg-30-tabletok-israel.png","width":300,"height":300,"caption":"paxxet-20mg-30-tabletok-israel"},{"@type":"BreadcrumbList","@id":"https:\/\/pharmacy-tlv.com\/shop\/antidepressants\/paxxet-20mg-30t\/#breadcrumb","itemListElement":[{"@type":"ListItem","position":1,"name":"Home","item":"https:\/\/pharmacy-tlv.com\/"},{"@type":"ListItem","position":2,"name":"Medications","item":"https:\/\/pharmacy-tlv.com\/shop\/"},{"@type":"ListItem","position":3,"name":"Paxxet 20mg (30t)"}]},{"@type":"WebSite","@id":"https:\/\/pharmacy-tlv.com\/#website","url":"https:\/\/pharmacy-tlv.com\/","name":"Farm\u00e1cia TLV","description":"Medicamentos israelenses de confian\u00e7a","publisher":{"@id":"https:\/\/pharmacy-tlv.com\/#organization"},"alternateName":"Pharmacy-TLV","potentialAction":[{"@type":"SearchAction","target":{"@type":"EntryPoint","urlTemplate":"https:\/\/pharmacy-tlv.com\/?s={search_term_string}"},"query-input":{"@type":"PropertyValueSpecification","valueRequired":true,"valueName":"search_term_string"}}],"inLanguage":"pt-BR"},{"@type":"Organization","@id":"https:\/\/pharmacy-tlv.com\/#organization","name":"Farm\u00e1cia TLV","alternateName":"Pharmacy-TLV","url":"https:\/\/pharmacy-tlv.com\/","logo":{"@type":"ImageObject","inLanguage":"pt-BR","@id":"https:\/\/pharmacy-tlv.com\/#\/schema\/logo\/image\/","url":"https:\/\/mlz1smk5t7q7.i.optimole.com\/cb:lQg3.de6\/w:auto\/h:auto\/q:mauto\/https:\/\/pharmacy-tlv.com\/wp-content\/uploads\/2025\/05\/pharmacy-white.png","contentUrl":"https:\/\/mlz1smk5t7q7.i.optimole.com\/cb:lQg3.de6\/w:auto\/h:auto\/q:mauto\/https:\/\/pharmacy-tlv.com\/wp-content\/uploads\/2025\/05\/pharmacy-white.png","width":500,"height":500,"caption":"Pharmacy TLV"},"image":{"@id":"https:\/\/pharmacy-tlv.com\/#\/schema\/logo\/image\/"}}]}},"_links":{"self":[{"href":"https:\/\/pharmacy-tlv.com\/pt\/wp-json\/wp\/v2\/product\/1299","targetHints":{"allow":["GET"]}}],"collection":[{"href":"https:\/\/pharmacy-tlv.com\/pt\/wp-json\/wp\/v2\/product"}],"about":[{"href":"https:\/\/pharmacy-tlv.com\/pt\/wp-json\/wp\/v2\/types\/product"}],"wp:featuredmedia":[{"embeddable":true,"href":"https:\/\/pharmacy-tlv.com\/pt\/wp-json\/wp\/v2\/media\/878"}],"wp:attachment":[{"href":"https:\/\/pharmacy-tlv.com\/pt\/wp-json\/wp\/v2\/media?parent=1299"}],"wp:term":[{"taxonomy":"product_brand","embeddable":true,"href":"https:\/\/pharmacy-tlv.com\/pt\/wp-json\/wp\/v2\/product_brand?post=1299"},{"taxonomy":"product_cat","embeddable":true,"href":"https:\/\/pharmacy-tlv.com\/pt\/wp-json\/wp\/v2\/product_cat?post=1299"},{"taxonomy":"product_tag","embeddable":true,"href":"https:\/\/pharmacy-tlv.com\/pt\/wp-json\/wp\/v2\/product_tag?post=1299"}],"curies":[{"name":"wp","href":"https:\/\/api.w.org\/{rel}","templated":true}]}}