{"id":1296,"date":"2025-05-15T18:23:08","date_gmt":"2025-05-15T18:23:08","guid":{"rendered":"https:\/\/pharmacy-tlv.com\/?post_type=product&#038;p=1296"},"modified":"2025-05-23T13:59:05","modified_gmt":"2025-05-23T13:59:05","slug":"lustral-100mg-28t","status":"publish","type":"product","link":"https:\/\/pharmacy-tlv.com\/pt\/loja\/antidepressivos\/lustral-100mg-28t\/","title":{"rendered":"Lustral 100mg (28t)"},"content":{"rendered":"<p>Lustral<\/p>\n<p>Um medicamento para o tratamento de transtornos mentais.<\/p>\n<p><strong>Aplicativo<\/strong><\/p>\n<p>Tratamento da depress\u00e3o (inclusive depress\u00e3o maior).<\/p>\n<p>Tratamento de transtornos de ansiedade (transtorno obsessivo-compulsivo, transtorno de ansiedade generalizada, ansiedade social).<\/p>\n<p>Tratamento de transtornos de p\u00e2nico.<\/p>\n<p>Tratamento do transtorno de estresse p\u00f3s-traum\u00e1tico (PTSD).<\/p>\n<p>Tratamento do transtorno de ansiedade social.<\/p>\n<p><strong>Motivo<\/strong><\/p>\n<p>Exacerba\u00e7\u00e3o de transtornos de depress\u00e3o e ansiedade.<\/p>\n<p>Tratamento de condi\u00e7\u00f5es com altos n\u00edveis de ansiedade e ataques de p\u00e2nico.<\/p>\n<p>Ajuda a regular o humor e os n\u00edveis de ansiedade.<\/p>\n<p><strong>Propriedade de tratamento<\/strong><\/p>\n<p>Aumenta os n\u00edveis de serotonina no c\u00e9rebro, o que ajuda a melhorar o humor e a reduzir a ansiedade.<\/p>\n<p>Tem efeitos ansiol\u00edticos (redu\u00e7\u00e3o da ansiedade) e antidepressivos.<\/p>\n<p>Pode melhorar a qualidade de vida em pessoas com transtornos mentais cr\u00f4nicos, como depress\u00e3o ou transtornos de ansiedade.<\/p>\n<p><strong>Tipo de medicamento<\/strong><\/p>\n<p>Antidepressivo do grupo dos inibidores seletivos da recapta\u00e7\u00e3o de serotonina (ISRSs).<\/p>\n<p><strong>Fabricante<\/strong><\/p>\n<p>Pfizer, EUA (ou outros pa\u00edses, dependendo da regi\u00e3o).<\/p>\n<p><strong>Subst\u00e2ncias ativas<\/strong><\/p>\n<p>Sertralina - 100 mg.<\/p>\n<p><em>#comprar Lustral em Israel, #Lustral em Israel, #lustral Israel, #Lustral Israel<\/em> <em>#comprar Lustral em Israel, #Lustral em Israel, #lustral Israel<\/em> <em> <em>#Lustral frete gr\u00e1tis, #Lustral frete gr\u00e1tis<\/em><\/em><\/p>","protected":false},"excerpt":{"rendered":"<p>Um medicamento para o tratamento de transtornos mentais.<\/p>\n<p>Tratamento da depress\u00e3o (inclusive depress\u00e3o maior).<\/p>\n<p>Tratamento de transtornos de ansiedade (transtorno obsessivo-compulsivo, transtorno de ansiedade generalizada, ansiedade social).<\/p>\n<p>Tratamento de transtornos de p\u00e2nico.<\/p>\n<p>Tratamento do transtorno de estresse p\u00f3s-traum\u00e1tico (PTSD).<\/p>\n<p>Tratamento do transtorno de ansiedade social.<\/p>","protected":false},"featured_media":875,"template":"","meta":[],"product_brand":[],"product_cat":[47,24],"product_tag":[],"class_list":{"0":"post-1296","1":"product","2":"type-product","3":"status-publish","4":"has-post-thumbnail","6":"product_cat-all-medications","7":"product_cat-antidepressants","9":"first","10":"instock","11":"shipping-taxable","12":"purchasable","13":"product-type-simple"},"yoast_head":"<!-- This site is optimized with the Yoast SEO plugin v25.1 - https:\/\/yoast.com\/wordpress\/plugins\/seo\/ -->\n<title>Lustral 100mg (28t) - Buy in Israel | Fast Delivery!<\/title>\n<meta name=\"description\" content=\"A drug for the treatment of mental disorders. Treatment of depression (including major depression). Treatment of anxiety disorders.\" \/>\n<meta name=\"robots\" content=\"index, follow, max-snippet:-1, max-image-preview:large, max-video-preview:-1\" \/>\n<link rel=\"canonical\" href=\"https:\/\/pharmacy-tlv.com\/pt\/loja\/antidepressivos\/lustral-100mg-28t\/\" \/>\n<meta property=\"og:locale\" content=\"pt_BR\" \/>\n<meta property=\"og:type\" content=\"article\" \/>\n<meta property=\"og:title\" content=\"Lustral 100mg (28t) - Buy in Israel | Fast Delivery!\" \/>\n<meta property=\"og:description\" content=\"A drug for the treatment of mental disorders. Treatment of depression (including major depression). Treatment of anxiety disorders.\" \/>\n<meta property=\"og:url\" content=\"https:\/\/pharmacy-tlv.com\/pt\/loja\/antidepressivos\/lustral-100mg-28t\/\" \/>\n<meta property=\"og:site_name\" content=\"Pharmacy TLV\" \/>\n<meta property=\"article:modified_time\" content=\"2025-05-23T13:59:05+00:00\" \/>\n<meta property=\"og:image\" content=\"https:\/\/mlz1smk5t7q7.i.optimole.com\/cb:lQg3.de6\/w:auto\/h:auto\/q:mauto\/https:\/\/pharmacy-tlv.com\/wp-content\/uploads\/2025\/05\/lustral-100mg-28-tabletok-israel.png\" \/>\n\t<meta property=\"og:image:width\" content=\"300\" \/>\n\t<meta property=\"og:image:height\" content=\"300\" \/>\n\t<meta property=\"og:image:type\" content=\"image\/png\" \/>\n<meta name=\"twitter:card\" content=\"summary_large_image\" \/>\n<meta name=\"twitter:label1\" content=\"Est. tempo de leitura\" \/>\n\t<meta name=\"twitter:data1\" content=\"1 minuto\" \/>\n<script type=\"application\/ld+json\" class=\"yoast-schema-graph\">{\"@context\":\"https:\/\/schema.org\",\"@graph\":[{\"@type\":\"WebPage\",\"@id\":\"https:\/\/pharmacy-tlv.com\/shop\/antidepressants\/lustral-100mg-28t\/\",\"url\":\"https:\/\/pharmacy-tlv.com\/shop\/antidepressants\/lustral-100mg-28t\/\",\"name\":\"Lustral 100mg (28t) - Buy in Israel | Fast Delivery!\",\"isPartOf\":{\"@id\":\"https:\/\/pharmacy-tlv.com\/#website\"},\"primaryImageOfPage\":{\"@id\":\"https:\/\/pharmacy-tlv.com\/shop\/antidepressants\/lustral-100mg-28t\/#primaryimage\"},\"image\":{\"@id\":\"https:\/\/pharmacy-tlv.com\/shop\/antidepressants\/lustral-100mg-28t\/#primaryimage\"},\"thumbnailUrl\":\"https:\/\/mlz1smk5t7q7.i.optimole.com\/cb:lQg3.de6\/w:auto\/h:auto\/q:mauto\/https:\/\/pharmacy-tlv.com\/wp-content\/uploads\/2025\/05\/lustral-100mg-28-tabletok-israel.png\",\"datePublished\":\"2025-05-15T18:23:08+00:00\",\"dateModified\":\"2025-05-23T13:59:05+00:00\",\"description\":\"A drug for the treatment of mental disorders. Treatment of depression (including major depression). Treatment of anxiety disorders.\",\"breadcrumb\":{\"@id\":\"https:\/\/pharmacy-tlv.com\/shop\/antidepressants\/lustral-100mg-28t\/#breadcrumb\"},\"inLanguage\":\"pt-BR\",\"potentialAction\":[{\"@type\":\"ReadAction\",\"target\":[\"https:\/\/pharmacy-tlv.com\/shop\/antidepressants\/lustral-100mg-28t\/\"]}]},{\"@type\":\"ImageObject\",\"inLanguage\":\"pt-BR\",\"@id\":\"https:\/\/pharmacy-tlv.com\/shop\/antidepressants\/lustral-100mg-28t\/#primaryimage\",\"url\":\"https:\/\/mlz1smk5t7q7.i.optimole.com\/cb:lQg3.de6\/w:auto\/h:auto\/q:mauto\/https:\/\/pharmacy-tlv.com\/wp-content\/uploads\/2025\/05\/lustral-100mg-28-tabletok-israel.png\",\"contentUrl\":\"https:\/\/mlz1smk5t7q7.i.optimole.com\/cb:lQg3.de6\/w:auto\/h:auto\/q:mauto\/https:\/\/pharmacy-tlv.com\/wp-content\/uploads\/2025\/05\/lustral-100mg-28-tabletok-israel.png\",\"width\":300,\"height\":300,\"caption\":\"lustral 100mg 28 tabletok israel\"},{\"@type\":\"BreadcrumbList\",\"@id\":\"https:\/\/pharmacy-tlv.com\/shop\/antidepressants\/lustral-100mg-28t\/#breadcrumb\",\"itemListElement\":[{\"@type\":\"ListItem\",\"position\":1,\"name\":\"Home\",\"item\":\"https:\/\/pharmacy-tlv.com\/\"},{\"@type\":\"ListItem\",\"position\":2,\"name\":\"Medications\",\"item\":\"https:\/\/pharmacy-tlv.com\/shop\/\"},{\"@type\":\"ListItem\",\"position\":3,\"name\":\"Lustral 100mg (28t)\"}]},{\"@type\":\"WebSite\",\"@id\":\"https:\/\/pharmacy-tlv.com\/#website\",\"url\":\"https:\/\/pharmacy-tlv.com\/\",\"name\":\"Pharmacy TLV\",\"description\":\"Trusted Israeli Medications\",\"publisher\":{\"@id\":\"https:\/\/pharmacy-tlv.com\/#organization\"},\"alternateName\":\"Pharmacy-TLV\",\"potentialAction\":[{\"@type\":\"SearchAction\",\"target\":{\"@type\":\"EntryPoint\",\"urlTemplate\":\"https:\/\/pharmacy-tlv.com\/?s={search_term_string}\"},\"query-input\":{\"@type\":\"PropertyValueSpecification\",\"valueRequired\":true,\"valueName\":\"search_term_string\"}}],\"inLanguage\":\"pt-BR\"},{\"@type\":\"Organization\",\"@id\":\"https:\/\/pharmacy-tlv.com\/#organization\",\"name\":\"Pharmacy TLV\",\"alternateName\":\"Pharmacy-TLV\",\"url\":\"https:\/\/pharmacy-tlv.com\/\",\"logo\":{\"@type\":\"ImageObject\",\"inLanguage\":\"pt-BR\",\"@id\":\"https:\/\/pharmacy-tlv.com\/#\/schema\/logo\/image\/\",\"url\":\"https:\/\/mlz1smk5t7q7.i.optimole.com\/cb:lQg3.de6\/w:auto\/h:auto\/q:mauto\/https:\/\/pharmacy-tlv.com\/wp-content\/uploads\/2025\/05\/pharmacy-white.png\",\"contentUrl\":\"https:\/\/mlz1smk5t7q7.i.optimole.com\/cb:lQg3.de6\/w:auto\/h:auto\/q:mauto\/https:\/\/pharmacy-tlv.com\/wp-content\/uploads\/2025\/05\/pharmacy-white.png\",\"width\":500,\"height\":500,\"caption\":\"Pharmacy TLV\"},\"image\":{\"@id\":\"https:\/\/pharmacy-tlv.com\/#\/schema\/logo\/image\/\"}}]}<\/script>\n<!-- \/ Yoast SEO plugin. -->","yoast_head_json":{"title":"Lustral 100mg (28t) - Comprar em Israel | Entrega r\u00e1pida!","description":"Um medicamento para o tratamento de transtornos mentais. Tratamento da depress\u00e3o (incluindo depress\u00e3o maior). Tratamento de transtornos de ansiedade.","robots":{"index":"index","follow":"follow","max-snippet":"max-snippet:-1","max-image-preview":"max-image-preview:large","max-video-preview":"max-video-preview:-1"},"canonical":"https:\/\/pharmacy-tlv.com\/pt\/loja\/antidepressivos\/lustral-100mg-28t\/","og_locale":"pt_BR","og_type":"article","og_title":"Lustral 100mg (28t) - Buy in Israel | Fast Delivery!","og_description":"A drug for the treatment of mental disorders. Treatment of depression (including major depression). Treatment of anxiety disorders.","og_url":"https:\/\/pharmacy-tlv.com\/pt\/loja\/antidepressivos\/lustral-100mg-28t\/","og_site_name":"Pharmacy TLV","article_modified_time":"2025-05-23T13:59:05+00:00","og_image":[{"width":300,"height":300,"url":"https:\/\/mlz1smk5t7q7.i.optimole.com\/cb:lQg3.de6\/w:auto\/h:auto\/q:mauto\/https:\/\/pharmacy-tlv.com\/wp-content\/uploads\/2025\/05\/lustral-100mg-28-tabletok-israel.png","type":"image\/png"}],"twitter_card":"summary_large_image","twitter_misc":{"Est. tempo de leitura":"1 minuto"},"schema":{"@context":"https:\/\/schema.org","@graph":[{"@type":"WebPage","@id":"https:\/\/pharmacy-tlv.com\/shop\/antidepressants\/lustral-100mg-28t\/","url":"https:\/\/pharmacy-tlv.com\/shop\/antidepressants\/lustral-100mg-28t\/","name":"Lustral 100mg (28t) - Comprar em Israel | Entrega r\u00e1pida!","isPartOf":{"@id":"https:\/\/pharmacy-tlv.com\/#website"},"primaryImageOfPage":{"@id":"https:\/\/pharmacy-tlv.com\/shop\/antidepressants\/lustral-100mg-28t\/#primaryimage"},"image":{"@id":"https:\/\/pharmacy-tlv.com\/shop\/antidepressants\/lustral-100mg-28t\/#primaryimage"},"thumbnailUrl":"https:\/\/mlz1smk5t7q7.i.optimole.com\/cb:lQg3.de6\/w:auto\/h:auto\/q:mauto\/https:\/\/pharmacy-tlv.com\/wp-content\/uploads\/2025\/05\/lustral-100mg-28-tabletok-israel.png","datePublished":"2025-05-15T18:23:08+00:00","dateModified":"2025-05-23T13:59:05+00:00","description":"Um medicamento para o tratamento de transtornos mentais. Tratamento da depress\u00e3o (incluindo depress\u00e3o maior). Tratamento de transtornos de ansiedade.","breadcrumb":{"@id":"https:\/\/pharmacy-tlv.com\/shop\/antidepressants\/lustral-100mg-28t\/#breadcrumb"},"inLanguage":"pt-BR","potentialAction":[{"@type":"ReadAction","target":["https:\/\/pharmacy-tlv.com\/shop\/antidepressants\/lustral-100mg-28t\/"]}]},{"@type":"ImageObject","inLanguage":"pt-BR","@id":"https:\/\/pharmacy-tlv.com\/shop\/antidepressants\/lustral-100mg-28t\/#primaryimage","url":"https:\/\/mlz1smk5t7q7.i.optimole.com\/cb:lQg3.de6\/w:auto\/h:auto\/q:mauto\/https:\/\/pharmacy-tlv.com\/wp-content\/uploads\/2025\/05\/lustral-100mg-28-tabletok-israel.png","contentUrl":"https:\/\/mlz1smk5t7q7.i.optimole.com\/cb:lQg3.de6\/w:auto\/h:auto\/q:mauto\/https:\/\/pharmacy-tlv.com\/wp-content\/uploads\/2025\/05\/lustral-100mg-28-tabletok-israel.png","width":300,"height":300,"caption":"lustral 100mg 28 tabletok israel"},{"@type":"BreadcrumbList","@id":"https:\/\/pharmacy-tlv.com\/shop\/antidepressants\/lustral-100mg-28t\/#breadcrumb","itemListElement":[{"@type":"ListItem","position":1,"name":"Home","item":"https:\/\/pharmacy-tlv.com\/"},{"@type":"ListItem","position":2,"name":"Medications","item":"https:\/\/pharmacy-tlv.com\/shop\/"},{"@type":"ListItem","position":3,"name":"Lustral 100mg (28t)"}]},{"@type":"WebSite","@id":"https:\/\/pharmacy-tlv.com\/#website","url":"https:\/\/pharmacy-tlv.com\/","name":"Farm\u00e1cia TLV","description":"Medicamentos israelenses de confian\u00e7a","publisher":{"@id":"https:\/\/pharmacy-tlv.com\/#organization"},"alternateName":"Pharmacy-TLV","potentialAction":[{"@type":"SearchAction","target":{"@type":"EntryPoint","urlTemplate":"https:\/\/pharmacy-tlv.com\/?s={search_term_string}"},"query-input":{"@type":"PropertyValueSpecification","valueRequired":true,"valueName":"search_term_string"}}],"inLanguage":"pt-BR"},{"@type":"Organization","@id":"https:\/\/pharmacy-tlv.com\/#organization","name":"Farm\u00e1cia TLV","alternateName":"Pharmacy-TLV","url":"https:\/\/pharmacy-tlv.com\/","logo":{"@type":"ImageObject","inLanguage":"pt-BR","@id":"https:\/\/pharmacy-tlv.com\/#\/schema\/logo\/image\/","url":"https:\/\/mlz1smk5t7q7.i.optimole.com\/cb:lQg3.de6\/w:auto\/h:auto\/q:mauto\/https:\/\/pharmacy-tlv.com\/wp-content\/uploads\/2025\/05\/pharmacy-white.png","contentUrl":"https:\/\/mlz1smk5t7q7.i.optimole.com\/cb:lQg3.de6\/w:auto\/h:auto\/q:mauto\/https:\/\/pharmacy-tlv.com\/wp-content\/uploads\/2025\/05\/pharmacy-white.png","width":500,"height":500,"caption":"Pharmacy TLV"},"image":{"@id":"https:\/\/pharmacy-tlv.com\/#\/schema\/logo\/image\/"}}]}},"_links":{"self":[{"href":"https:\/\/pharmacy-tlv.com\/pt\/wp-json\/wp\/v2\/product\/1296","targetHints":{"allow":["GET"]}}],"collection":[{"href":"https:\/\/pharmacy-tlv.com\/pt\/wp-json\/wp\/v2\/product"}],"about":[{"href":"https:\/\/pharmacy-tlv.com\/pt\/wp-json\/wp\/v2\/types\/product"}],"wp:featuredmedia":[{"embeddable":true,"href":"https:\/\/pharmacy-tlv.com\/pt\/wp-json\/wp\/v2\/media\/875"}],"wp:attachment":[{"href":"https:\/\/pharmacy-tlv.com\/pt\/wp-json\/wp\/v2\/media?parent=1296"}],"wp:term":[{"taxonomy":"product_brand","embeddable":true,"href":"https:\/\/pharmacy-tlv.com\/pt\/wp-json\/wp\/v2\/product_brand?post=1296"},{"taxonomy":"product_cat","embeddable":true,"href":"https:\/\/pharmacy-tlv.com\/pt\/wp-json\/wp\/v2\/product_cat?post=1296"},{"taxonomy":"product_tag","embeddable":true,"href":"https:\/\/pharmacy-tlv.com\/pt\/wp-json\/wp\/v2\/product_tag?post=1296"}],"curies":[{"name":"wp","href":"https:\/\/api.w.org\/{rel}","templated":true}]}}