{"id":1291,"date":"2025-05-15T18:23:08","date_gmt":"2025-05-15T18:23:08","guid":{"rendered":"https:\/\/pharmacy-tlv.com\/?post_type=product&#038;p=1291"},"modified":"2025-05-23T14:03:03","modified_gmt":"2025-05-23T14:03:03","slug":"epigen-intimate-gel-250ml","status":"publish","type":"product","link":"https:\/\/pharmacy-tlv.com\/pt\/loja\/antissepticos\/epigen-intimate-gel-250ml\/","title":{"rendered":"Epigen intimate GEL 250ml"},"content":{"rendered":"<p>Gel Epigen<\/p>\n<p>Produto de higiene.<\/p>\n<p><strong>Aplicativo<\/strong><\/p>\n<p>Para a higiene \u00edntima di\u00e1ria, mantendo o equil\u00edbrio \u00e1cido-base da membrana mucosa e prevenindo infec\u00e7\u00f5es<\/p>\n<p><strong>Causa<\/strong><\/p>\n<p>Desconforto na \u00e1rea \u00edntima.<\/p>\n<p>Preven\u00e7\u00e3o e manuten\u00e7\u00e3o da microflora.<\/p>\n<p>Irrita\u00e7\u00e3o e coceira.<\/p>\n<p><strong>Propriedade de tratamento<\/strong><\/p>\n<p>Hidratante.<\/p>\n<p>Reduzir a irrita\u00e7\u00e3o.<\/p>\n<p>Manuten\u00e7\u00e3o de uma microflora saud\u00e1vel.<\/p>\n<p>Efeito anti-inflamat\u00f3rio.<\/p>\n<p><strong>Tipo de medicamento<\/strong><\/p>\n<p>Gel para uso externo.<\/p>\n<p><strong>Fabricante<\/strong><\/p>\n<p>KhemiGroup, R\u00fassia.<\/p>\n<p><strong>Ingredientes ativos<\/strong><\/p>\n<p>\u00c1cido glicirr\u00edzico.<\/p>\n<p>Lauril\u00e9ter sulfato de s\u00f3dio.<\/p>\n<p>Extratos de camomila e aloe vera.<\/p>\n<p>\u00c1cido glicirr\u00edzico.<\/p>\n<p>Lauril sulfato de s\u00f3dio.<\/p>\n<p>Extratos de camomila e aloe vera.<\/p>\n<p><em>#comprar Epigen intimate GEL em Israel, #Epigen intimate GEL em Israel, #epigen intimate gel Israel, #Epigen intimate GEL Israel<\/em> <em>#comprar Epigen intimate GEL em Israel, #Epigen intimate GEL em Israel, #epigen intimate gel Israel<\/em> <em> <em>#Epigen intimate GEL frete gr\u00e1tis, #Epigen intimate GEL frete gr\u00e1tis<\/em><\/em><\/p>","protected":false},"excerpt":{"rendered":"<p>Produto higi\u00eanico.<\/p>\n<p>Para a higiene \u00edntima di\u00e1ria, mantendo o equil\u00edbrio \u00e1cido-base da membrana mucosa e prevenindo infec\u00e7\u00f5es<\/p>","protected":false},"featured_media":870,"template":"","meta":[],"product_brand":[],"product_cat":[47,25],"product_tag":[],"class_list":{"0":"post-1291","1":"product","2":"type-product","3":"status-publish","4":"has-post-thumbnail","6":"product_cat-all-medications","7":"product_cat-antiseptics","9":"first","10":"instock","11":"shipping-taxable","12":"purchasable","13":"product-type-simple"},"yoast_head":"<!-- This site is optimized with the Yoast SEO plugin v25.1 - https:\/\/yoast.com\/wordpress\/plugins\/seo\/ -->\n<title>Epigen intimate GEL 250ml - Buy in Israel | Fast Delivery!<\/title>\n<meta name=\"description\" content=\"Hygienic product. For daily intimate hygiene, maintaining the acid-base balance of the mucous membrane and preventing infections\" \/>\n<meta name=\"robots\" content=\"index, follow, max-snippet:-1, max-image-preview:large, max-video-preview:-1\" \/>\n<link rel=\"canonical\" href=\"https:\/\/pharmacy-tlv.com\/pt\/loja\/antissepticos\/epigen-intimate-gel-250ml\/\" \/>\n<meta property=\"og:locale\" content=\"pt_BR\" \/>\n<meta property=\"og:type\" content=\"article\" \/>\n<meta property=\"og:title\" content=\"Epigen intimate GEL 250ml - Buy in Israel | Fast Delivery!\" \/>\n<meta property=\"og:description\" content=\"Hygienic product. For daily intimate hygiene, maintaining the acid-base balance of the mucous membrane and preventing infections\" \/>\n<meta property=\"og:url\" content=\"https:\/\/pharmacy-tlv.com\/pt\/loja\/antissepticos\/epigen-intimate-gel-250ml\/\" \/>\n<meta property=\"og:site_name\" content=\"Pharmacy TLV\" \/>\n<meta property=\"article:modified_time\" content=\"2025-05-23T14:03:03+00:00\" \/>\n<meta property=\"og:image\" content=\"https:\/\/mlz1smk5t7q7.i.optimole.com\/cb:lQg3.de6\/w:auto\/h:auto\/q:mauto\/https:\/\/pharmacy-tlv.com\/wp-content\/uploads\/2025\/05\/epigen-intim-gel-250ml-israel.png\" \/>\n\t<meta property=\"og:image:width\" content=\"300\" \/>\n\t<meta property=\"og:image:height\" content=\"300\" \/>\n\t<meta property=\"og:image:type\" content=\"image\/png\" \/>\n<meta name=\"twitter:card\" content=\"summary_large_image\" \/>\n<meta name=\"twitter:label1\" content=\"Est. tempo de leitura\" \/>\n\t<meta name=\"twitter:data1\" content=\"1 minuto\" \/>\n<script type=\"application\/ld+json\" class=\"yoast-schema-graph\">{\"@context\":\"https:\/\/schema.org\",\"@graph\":[{\"@type\":\"WebPage\",\"@id\":\"https:\/\/pharmacy-tlv.com\/shop\/antiseptics\/epigen-intimate-gel-250ml\/\",\"url\":\"https:\/\/pharmacy-tlv.com\/shop\/antiseptics\/epigen-intimate-gel-250ml\/\",\"name\":\"Epigen intimate GEL 250ml - Buy in Israel | Fast Delivery!\",\"isPartOf\":{\"@id\":\"https:\/\/pharmacy-tlv.com\/#website\"},\"primaryImageOfPage\":{\"@id\":\"https:\/\/pharmacy-tlv.com\/shop\/antiseptics\/epigen-intimate-gel-250ml\/#primaryimage\"},\"image\":{\"@id\":\"https:\/\/pharmacy-tlv.com\/shop\/antiseptics\/epigen-intimate-gel-250ml\/#primaryimage\"},\"thumbnailUrl\":\"https:\/\/mlz1smk5t7q7.i.optimole.com\/cb:lQg3.de6\/w:auto\/h:auto\/q:mauto\/https:\/\/pharmacy-tlv.com\/wp-content\/uploads\/2025\/05\/epigen-intim-gel-250ml-israel.png\",\"datePublished\":\"2025-05-15T18:23:08+00:00\",\"dateModified\":\"2025-05-23T14:03:03+00:00\",\"description\":\"Hygienic product. For daily intimate hygiene, maintaining the acid-base balance of the mucous membrane and preventing infections\",\"breadcrumb\":{\"@id\":\"https:\/\/pharmacy-tlv.com\/shop\/antiseptics\/epigen-intimate-gel-250ml\/#breadcrumb\"},\"inLanguage\":\"pt-BR\",\"potentialAction\":[{\"@type\":\"ReadAction\",\"target\":[\"https:\/\/pharmacy-tlv.com\/shop\/antiseptics\/epigen-intimate-gel-250ml\/\"]}]},{\"@type\":\"ImageObject\",\"inLanguage\":\"pt-BR\",\"@id\":\"https:\/\/pharmacy-tlv.com\/shop\/antiseptics\/epigen-intimate-gel-250ml\/#primaryimage\",\"url\":\"https:\/\/mlz1smk5t7q7.i.optimole.com\/cb:lQg3.de6\/w:auto\/h:auto\/q:mauto\/https:\/\/pharmacy-tlv.com\/wp-content\/uploads\/2025\/05\/epigen-intim-gel-250ml-israel.png\",\"contentUrl\":\"https:\/\/mlz1smk5t7q7.i.optimole.com\/cb:lQg3.de6\/w:auto\/h:auto\/q:mauto\/https:\/\/pharmacy-tlv.com\/wp-content\/uploads\/2025\/05\/epigen-intim-gel-250ml-israel.png\",\"width\":300,\"height\":300,\"caption\":\"epigen intim gel 250ml israel\"},{\"@type\":\"BreadcrumbList\",\"@id\":\"https:\/\/pharmacy-tlv.com\/shop\/antiseptics\/epigen-intimate-gel-250ml\/#breadcrumb\",\"itemListElement\":[{\"@type\":\"ListItem\",\"position\":1,\"name\":\"Home\",\"item\":\"https:\/\/pharmacy-tlv.com\/\"},{\"@type\":\"ListItem\",\"position\":2,\"name\":\"Medications\",\"item\":\"https:\/\/pharmacy-tlv.com\/shop\/\"},{\"@type\":\"ListItem\",\"position\":3,\"name\":\"Epigen intimate GEL 250ml\"}]},{\"@type\":\"WebSite\",\"@id\":\"https:\/\/pharmacy-tlv.com\/#website\",\"url\":\"https:\/\/pharmacy-tlv.com\/\",\"name\":\"Pharmacy TLV\",\"description\":\"Trusted Israeli Medications\",\"publisher\":{\"@id\":\"https:\/\/pharmacy-tlv.com\/#organization\"},\"alternateName\":\"Pharmacy-TLV\",\"potentialAction\":[{\"@type\":\"SearchAction\",\"target\":{\"@type\":\"EntryPoint\",\"urlTemplate\":\"https:\/\/pharmacy-tlv.com\/?s={search_term_string}\"},\"query-input\":{\"@type\":\"PropertyValueSpecification\",\"valueRequired\":true,\"valueName\":\"search_term_string\"}}],\"inLanguage\":\"pt-BR\"},{\"@type\":\"Organization\",\"@id\":\"https:\/\/pharmacy-tlv.com\/#organization\",\"name\":\"Pharmacy TLV\",\"alternateName\":\"Pharmacy-TLV\",\"url\":\"https:\/\/pharmacy-tlv.com\/\",\"logo\":{\"@type\":\"ImageObject\",\"inLanguage\":\"pt-BR\",\"@id\":\"https:\/\/pharmacy-tlv.com\/#\/schema\/logo\/image\/\",\"url\":\"https:\/\/mlz1smk5t7q7.i.optimole.com\/cb:lQg3.de6\/w:auto\/h:auto\/q:mauto\/https:\/\/pharmacy-tlv.com\/wp-content\/uploads\/2025\/05\/pharmacy-white.png\",\"contentUrl\":\"https:\/\/mlz1smk5t7q7.i.optimole.com\/cb:lQg3.de6\/w:auto\/h:auto\/q:mauto\/https:\/\/pharmacy-tlv.com\/wp-content\/uploads\/2025\/05\/pharmacy-white.png\",\"width\":500,\"height\":500,\"caption\":\"Pharmacy TLV\"},\"image\":{\"@id\":\"https:\/\/pharmacy-tlv.com\/#\/schema\/logo\/image\/\"}}]}<\/script>\n<!-- \/ Yoast SEO plugin. -->","yoast_head_json":{"title":"Epigen intimate GEL 250ml - Comprar em Israel | Entrega r\u00e1pida!","description":"Produto higi\u00eanico. Para a higiene \u00edntima di\u00e1ria, mantendo o equil\u00edbrio \u00e1cido-base da membrana mucosa e prevenindo infec\u00e7\u00f5es","robots":{"index":"index","follow":"follow","max-snippet":"max-snippet:-1","max-image-preview":"max-image-preview:large","max-video-preview":"max-video-preview:-1"},"canonical":"https:\/\/pharmacy-tlv.com\/pt\/loja\/antissepticos\/epigen-intimate-gel-250ml\/","og_locale":"pt_BR","og_type":"article","og_title":"Epigen intimate GEL 250ml - Buy in Israel | Fast Delivery!","og_description":"Hygienic product. For daily intimate hygiene, maintaining the acid-base balance of the mucous membrane and preventing infections","og_url":"https:\/\/pharmacy-tlv.com\/pt\/loja\/antissepticos\/epigen-intimate-gel-250ml\/","og_site_name":"Pharmacy TLV","article_modified_time":"2025-05-23T14:03:03+00:00","og_image":[{"width":300,"height":300,"url":"https:\/\/mlz1smk5t7q7.i.optimole.com\/cb:lQg3.de6\/w:auto\/h:auto\/q:mauto\/https:\/\/pharmacy-tlv.com\/wp-content\/uploads\/2025\/05\/epigen-intim-gel-250ml-israel.png","type":"image\/png"}],"twitter_card":"summary_large_image","twitter_misc":{"Est. tempo de leitura":"1 minuto"},"schema":{"@context":"https:\/\/schema.org","@graph":[{"@type":"WebPage","@id":"https:\/\/pharmacy-tlv.com\/shop\/antiseptics\/epigen-intimate-gel-250ml\/","url":"https:\/\/pharmacy-tlv.com\/shop\/antiseptics\/epigen-intimate-gel-250ml\/","name":"Epigen intimate GEL 250ml - Comprar em Israel | Entrega r\u00e1pida!","isPartOf":{"@id":"https:\/\/pharmacy-tlv.com\/#website"},"primaryImageOfPage":{"@id":"https:\/\/pharmacy-tlv.com\/shop\/antiseptics\/epigen-intimate-gel-250ml\/#primaryimage"},"image":{"@id":"https:\/\/pharmacy-tlv.com\/shop\/antiseptics\/epigen-intimate-gel-250ml\/#primaryimage"},"thumbnailUrl":"https:\/\/mlz1smk5t7q7.i.optimole.com\/cb:lQg3.de6\/w:auto\/h:auto\/q:mauto\/https:\/\/pharmacy-tlv.com\/wp-content\/uploads\/2025\/05\/epigen-intim-gel-250ml-israel.png","datePublished":"2025-05-15T18:23:08+00:00","dateModified":"2025-05-23T14:03:03+00:00","description":"Produto higi\u00eanico. Para a higiene \u00edntima di\u00e1ria, mantendo o equil\u00edbrio \u00e1cido-base da membrana mucosa e prevenindo infec\u00e7\u00f5es","breadcrumb":{"@id":"https:\/\/pharmacy-tlv.com\/shop\/antiseptics\/epigen-intimate-gel-250ml\/#breadcrumb"},"inLanguage":"pt-BR","potentialAction":[{"@type":"ReadAction","target":["https:\/\/pharmacy-tlv.com\/shop\/antiseptics\/epigen-intimate-gel-250ml\/"]}]},{"@type":"ImageObject","inLanguage":"pt-BR","@id":"https:\/\/pharmacy-tlv.com\/shop\/antiseptics\/epigen-intimate-gel-250ml\/#primaryimage","url":"https:\/\/mlz1smk5t7q7.i.optimole.com\/cb:lQg3.de6\/w:auto\/h:auto\/q:mauto\/https:\/\/pharmacy-tlv.com\/wp-content\/uploads\/2025\/05\/epigen-intim-gel-250ml-israel.png","contentUrl":"https:\/\/mlz1smk5t7q7.i.optimole.com\/cb:lQg3.de6\/w:auto\/h:auto\/q:mauto\/https:\/\/pharmacy-tlv.com\/wp-content\/uploads\/2025\/05\/epigen-intim-gel-250ml-israel.png","width":300,"height":300,"caption":"epigen intim gel 250ml israel"},{"@type":"BreadcrumbList","@id":"https:\/\/pharmacy-tlv.com\/shop\/antiseptics\/epigen-intimate-gel-250ml\/#breadcrumb","itemListElement":[{"@type":"ListItem","position":1,"name":"Home","item":"https:\/\/pharmacy-tlv.com\/"},{"@type":"ListItem","position":2,"name":"Medications","item":"https:\/\/pharmacy-tlv.com\/shop\/"},{"@type":"ListItem","position":3,"name":"Epigen intimate GEL 250ml"}]},{"@type":"WebSite","@id":"https:\/\/pharmacy-tlv.com\/#website","url":"https:\/\/pharmacy-tlv.com\/","name":"Farm\u00e1cia TLV","description":"Medicamentos israelenses de confian\u00e7a","publisher":{"@id":"https:\/\/pharmacy-tlv.com\/#organization"},"alternateName":"Pharmacy-TLV","potentialAction":[{"@type":"SearchAction","target":{"@type":"EntryPoint","urlTemplate":"https:\/\/pharmacy-tlv.com\/?s={search_term_string}"},"query-input":{"@type":"PropertyValueSpecification","valueRequired":true,"valueName":"search_term_string"}}],"inLanguage":"pt-BR"},{"@type":"Organization","@id":"https:\/\/pharmacy-tlv.com\/#organization","name":"Farm\u00e1cia TLV","alternateName":"Pharmacy-TLV","url":"https:\/\/pharmacy-tlv.com\/","logo":{"@type":"ImageObject","inLanguage":"pt-BR","@id":"https:\/\/pharmacy-tlv.com\/#\/schema\/logo\/image\/","url":"https:\/\/mlz1smk5t7q7.i.optimole.com\/cb:lQg3.de6\/w:auto\/h:auto\/q:mauto\/https:\/\/pharmacy-tlv.com\/wp-content\/uploads\/2025\/05\/pharmacy-white.png","contentUrl":"https:\/\/mlz1smk5t7q7.i.optimole.com\/cb:lQg3.de6\/w:auto\/h:auto\/q:mauto\/https:\/\/pharmacy-tlv.com\/wp-content\/uploads\/2025\/05\/pharmacy-white.png","width":500,"height":500,"caption":"Pharmacy TLV"},"image":{"@id":"https:\/\/pharmacy-tlv.com\/#\/schema\/logo\/image\/"}}]}},"_links":{"self":[{"href":"https:\/\/pharmacy-tlv.com\/pt\/wp-json\/wp\/v2\/product\/1291","targetHints":{"allow":["GET"]}}],"collection":[{"href":"https:\/\/pharmacy-tlv.com\/pt\/wp-json\/wp\/v2\/product"}],"about":[{"href":"https:\/\/pharmacy-tlv.com\/pt\/wp-json\/wp\/v2\/types\/product"}],"wp:featuredmedia":[{"embeddable":true,"href":"https:\/\/pharmacy-tlv.com\/pt\/wp-json\/wp\/v2\/media\/870"}],"wp:attachment":[{"href":"https:\/\/pharmacy-tlv.com\/pt\/wp-json\/wp\/v2\/media?parent=1291"}],"wp:term":[{"taxonomy":"product_brand","embeddable":true,"href":"https:\/\/pharmacy-tlv.com\/pt\/wp-json\/wp\/v2\/product_brand?post=1291"},{"taxonomy":"product_cat","embeddable":true,"href":"https:\/\/pharmacy-tlv.com\/pt\/wp-json\/wp\/v2\/product_cat?post=1291"},{"taxonomy":"product_tag","embeddable":true,"href":"https:\/\/pharmacy-tlv.com\/pt\/wp-json\/wp\/v2\/product_tag?post=1291"}],"curies":[{"name":"wp","href":"https:\/\/api.w.org\/{rel}","templated":true}]}}