{"id":1289,"date":"2025-05-15T18:23:08","date_gmt":"2025-05-15T18:23:08","guid":{"rendered":"https:\/\/pharmacy-tlv.com\/?post_type=product&#038;p=1289"},"modified":"2025-06-04T01:00:20","modified_gmt":"2025-06-04T01:00:20","slug":"otrivin-nasal-spray","status":"publish","type":"product","link":"https:\/\/pharmacy-tlv.com\/pt\/loja\/resfriado-gripe\/otrivin-nasal-spray\/","title":{"rendered":"Otrivin Spray Nasal"},"content":{"rendered":"<p>Otrivin spray nasal<\/p>\n<p>Medicina.<\/p>\n<p><strong>Aplicativo<\/strong><\/p>\n<p>Para facilitar a respira\u00e7\u00e3o nasal em caso de coriza (rinite), congest\u00e3o nasal e rea\u00e7\u00f5es al\u00e9rgicas acompanhadas de rinite.<\/p>\n<p><strong>Motivo<\/strong><\/p>\n<p>Congest\u00e3o nasal.<\/p>\n<p>Rinite (inclusive al\u00e9rgica).<\/p>\n<p>Sinusite.<\/p>\n<p>Resfriados.<\/p>\n<p><strong>Propriedade de tratamento<\/strong><\/p>\n<p>Al\u00edvio r\u00e1pido do incha\u00e7o da mucosa nasal.<\/p>\n<p>Garantir a respira\u00e7\u00e3o nasal normal.<\/p>\n<p>Reduzir a secre\u00e7\u00e3o nasal.<\/p>\n<p><strong>Tipo de medicamento<\/strong><\/p>\n<p>Spray nasal.<\/p>\n<p><strong>Fabricante<\/strong><\/p>\n<p>GlaxoSmithKline (GSK), Su\u00ed\u00e7a.<\/p>\n<p><strong>Subst\u00e2ncias ativas<\/strong><\/p>\n<p>Cloridrato de xilometazolina.<\/p>\n<p>Cloridrato de xilometazolina.<\/p>\n<p><em>#comprar Otrivin Nasal Spray em Israel, #Otrivin Nasal Spray em Israel, #otrivin nasal spray Israel, #Otrivin Nasal Spray Israel<\/em><em>#comprar Otrivin spray nasal em Israel, #Otrivin spray nasal em Israel, #otrivin spray nasal Israel<\/em> <em> <em>#Otrivin Nasal Spray frete gr\u00e1tis, #Otrivin nasal spray entrega gr\u00e1tis<\/em><\/em><\/p>","protected":false},"excerpt":{"rendered":"<p>Medicamento.<\/p>\n<p>Para aliviar a respira\u00e7\u00e3o nasal em caso de coriza (rinite), congest\u00e3o nasal e tamb\u00e9m em caso de rea\u00e7\u00f5es al\u00e9rgicas acompanhadas de rinite.<\/p>","protected":false},"featured_media":868,"template":"","meta":[],"product_brand":[],"product_cat":[47,36],"product_tag":[],"class_list":{"0":"post-1289","1":"product","2":"type-product","3":"status-publish","4":"has-post-thumbnail","6":"product_cat-all-medications","7":"product_cat-cold-flu","9":"first","10":"instock","11":"shipping-taxable","12":"purchasable","13":"product-type-variable"},"yoast_head":"<!-- This site is optimized with the Yoast SEO plugin v25.1 - https:\/\/yoast.com\/wordpress\/plugins\/seo\/ -->\n<title>Otrivin Nasal Spray - Buy in Israel | Fast Delivery!<\/title>\n<meta name=\"description\" content=\"Medicinal product. To relieve nasal breathing in case of runny nose (rhinitis), nasal congestion, and also in case of allergic reactions accompanied by rhinitis.\" \/>\n<meta name=\"robots\" content=\"index, follow, max-snippet:-1, max-image-preview:large, max-video-preview:-1\" \/>\n<link rel=\"canonical\" href=\"https:\/\/pharmacy-tlv.com\/pt\/loja\/resfriado-gripe\/otrivin-nasal-spray\/\" \/>\n<meta property=\"og:locale\" content=\"pt_BR\" \/>\n<meta property=\"og:type\" content=\"article\" \/>\n<meta property=\"og:title\" content=\"Otrivin Nasal Spray - Buy in Israel | Fast Delivery!\" \/>\n<meta property=\"og:description\" content=\"Medicinal product. To relieve nasal breathing in case of runny nose (rhinitis), nasal congestion, and also in case of allergic reactions accompanied by rhinitis.\" \/>\n<meta property=\"og:url\" content=\"https:\/\/pharmacy-tlv.com\/pt\/loja\/resfriado-gripe\/otrivin-nasal-spray\/\" \/>\n<meta property=\"og:site_name\" content=\"Pharmacy TLV\" \/>\n<meta property=\"article:modified_time\" content=\"2025-06-04T01:00:20+00:00\" \/>\n<meta property=\"og:image\" content=\"https:\/\/mlz1smk5t7q7.i.optimole.com\/cb:lQg3.de6\/w:auto\/h:auto\/q:mauto\/https:\/\/pharmacy-tlv.com\/wp-content\/uploads\/2025\/05\/otrivin-nasal-spray-israel.png\" \/>\n\t<meta property=\"og:image:width\" content=\"300\" \/>\n\t<meta property=\"og:image:height\" content=\"300\" \/>\n\t<meta property=\"og:image:type\" content=\"image\/png\" \/>\n<meta name=\"twitter:card\" content=\"summary_large_image\" \/>\n<meta name=\"twitter:label1\" content=\"Est. tempo de leitura\" \/>\n\t<meta name=\"twitter:data1\" content=\"1 minuto\" \/>\n<script type=\"application\/ld+json\" class=\"yoast-schema-graph\">{\"@context\":\"https:\/\/schema.org\",\"@graph\":[{\"@type\":\"WebPage\",\"@id\":\"https:\/\/pharmacy-tlv.com\/shop\/cold-flu\/otrivin-nasal-spray\/\",\"url\":\"https:\/\/pharmacy-tlv.com\/shop\/cold-flu\/otrivin-nasal-spray\/\",\"name\":\"Otrivin Nasal Spray - Buy in Israel | Fast Delivery!\",\"isPartOf\":{\"@id\":\"https:\/\/pharmacy-tlv.com\/#website\"},\"primaryImageOfPage\":{\"@id\":\"https:\/\/pharmacy-tlv.com\/shop\/cold-flu\/otrivin-nasal-spray\/#primaryimage\"},\"image\":{\"@id\":\"https:\/\/pharmacy-tlv.com\/shop\/cold-flu\/otrivin-nasal-spray\/#primaryimage\"},\"thumbnailUrl\":\"https:\/\/mlz1smk5t7q7.i.optimole.com\/cb:lQg3.de6\/w:auto\/h:auto\/q:mauto\/https:\/\/pharmacy-tlv.com\/wp-content\/uploads\/2025\/05\/otrivin-nasal-spray-israel.png\",\"datePublished\":\"2025-05-15T18:23:08+00:00\",\"dateModified\":\"2025-06-04T01:00:20+00:00\",\"description\":\"Medicinal product. To relieve nasal breathing in case of runny nose (rhinitis), nasal congestion, and also in case of allergic reactions accompanied by rhinitis.\",\"breadcrumb\":{\"@id\":\"https:\/\/pharmacy-tlv.com\/shop\/cold-flu\/otrivin-nasal-spray\/#breadcrumb\"},\"inLanguage\":\"pt-BR\",\"potentialAction\":[{\"@type\":\"ReadAction\",\"target\":[\"https:\/\/pharmacy-tlv.com\/shop\/cold-flu\/otrivin-nasal-spray\/\"]}]},{\"@type\":\"ImageObject\",\"inLanguage\":\"pt-BR\",\"@id\":\"https:\/\/pharmacy-tlv.com\/shop\/cold-flu\/otrivin-nasal-spray\/#primaryimage\",\"url\":\"https:\/\/mlz1smk5t7q7.i.optimole.com\/cb:lQg3.de6\/w:auto\/h:auto\/q:mauto\/https:\/\/pharmacy-tlv.com\/wp-content\/uploads\/2025\/05\/otrivin-nasal-spray-israel.png\",\"contentUrl\":\"https:\/\/mlz1smk5t7q7.i.optimole.com\/cb:lQg3.de6\/w:auto\/h:auto\/q:mauto\/https:\/\/pharmacy-tlv.com\/wp-content\/uploads\/2025\/05\/otrivin-nasal-spray-israel.png\",\"width\":300,\"height\":300,\"caption\":\"otrivin-nasal-spray-israel\"},{\"@type\":\"BreadcrumbList\",\"@id\":\"https:\/\/pharmacy-tlv.com\/shop\/cold-flu\/otrivin-nasal-spray\/#breadcrumb\",\"itemListElement\":[{\"@type\":\"ListItem\",\"position\":1,\"name\":\"Home\",\"item\":\"https:\/\/pharmacy-tlv.com\/\"},{\"@type\":\"ListItem\",\"position\":2,\"name\":\"Medications\",\"item\":\"https:\/\/pharmacy-tlv.com\/shop\/\"},{\"@type\":\"ListItem\",\"position\":3,\"name\":\"Otrivin Nasal Spray\"}]},{\"@type\":\"WebSite\",\"@id\":\"https:\/\/pharmacy-tlv.com\/#website\",\"url\":\"https:\/\/pharmacy-tlv.com\/\",\"name\":\"Pharmacy TLV\",\"description\":\"Trusted Israeli Medications\",\"publisher\":{\"@id\":\"https:\/\/pharmacy-tlv.com\/#organization\"},\"alternateName\":\"Pharmacy-TLV\",\"potentialAction\":[{\"@type\":\"SearchAction\",\"target\":{\"@type\":\"EntryPoint\",\"urlTemplate\":\"https:\/\/pharmacy-tlv.com\/?s={search_term_string}\"},\"query-input\":{\"@type\":\"PropertyValueSpecification\",\"valueRequired\":true,\"valueName\":\"search_term_string\"}}],\"inLanguage\":\"pt-BR\"},{\"@type\":\"Organization\",\"@id\":\"https:\/\/pharmacy-tlv.com\/#organization\",\"name\":\"Pharmacy TLV\",\"alternateName\":\"Pharmacy-TLV\",\"url\":\"https:\/\/pharmacy-tlv.com\/\",\"logo\":{\"@type\":\"ImageObject\",\"inLanguage\":\"pt-BR\",\"@id\":\"https:\/\/pharmacy-tlv.com\/#\/schema\/logo\/image\/\",\"url\":\"https:\/\/mlz1smk5t7q7.i.optimole.com\/cb:lQg3.de6\/w:auto\/h:auto\/q:mauto\/https:\/\/pharmacy-tlv.com\/wp-content\/uploads\/2025\/05\/pharmacy-white.png\",\"contentUrl\":\"https:\/\/mlz1smk5t7q7.i.optimole.com\/cb:lQg3.de6\/w:auto\/h:auto\/q:mauto\/https:\/\/pharmacy-tlv.com\/wp-content\/uploads\/2025\/05\/pharmacy-white.png\",\"width\":500,\"height\":500,\"caption\":\"Pharmacy TLV\"},\"image\":{\"@id\":\"https:\/\/pharmacy-tlv.com\/#\/schema\/logo\/image\/\"}}]}<\/script>\n<!-- \/ Yoast SEO plugin. -->","yoast_head_json":{"title":"Otrivin Nasal Spray - Comprar em Israel | Entrega r\u00e1pida!","description":"Medicamento. Para aliviar a respira\u00e7\u00e3o nasal em caso de coriza (rinite), congest\u00e3o nasal e tamb\u00e9m em caso de rea\u00e7\u00f5es al\u00e9rgicas acompanhadas de rinite.","robots":{"index":"index","follow":"follow","max-snippet":"max-snippet:-1","max-image-preview":"max-image-preview:large","max-video-preview":"max-video-preview:-1"},"canonical":"https:\/\/pharmacy-tlv.com\/pt\/loja\/resfriado-gripe\/otrivin-nasal-spray\/","og_locale":"pt_BR","og_type":"article","og_title":"Otrivin Nasal Spray - Buy in Israel | Fast Delivery!","og_description":"Medicinal product. To relieve nasal breathing in case of runny nose (rhinitis), nasal congestion, and also in case of allergic reactions accompanied by rhinitis.","og_url":"https:\/\/pharmacy-tlv.com\/pt\/loja\/resfriado-gripe\/otrivin-nasal-spray\/","og_site_name":"Pharmacy TLV","article_modified_time":"2025-06-04T01:00:20+00:00","og_image":[{"width":300,"height":300,"url":"https:\/\/mlz1smk5t7q7.i.optimole.com\/cb:lQg3.de6\/w:auto\/h:auto\/q:mauto\/https:\/\/pharmacy-tlv.com\/wp-content\/uploads\/2025\/05\/otrivin-nasal-spray-israel.png","type":"image\/png"}],"twitter_card":"summary_large_image","twitter_misc":{"Est. tempo de leitura":"1 minuto"},"schema":{"@context":"https:\/\/schema.org","@graph":[{"@type":"WebPage","@id":"https:\/\/pharmacy-tlv.com\/shop\/cold-flu\/otrivin-nasal-spray\/","url":"https:\/\/pharmacy-tlv.com\/shop\/cold-flu\/otrivin-nasal-spray\/","name":"Otrivin Nasal Spray - Comprar em Israel | Entrega r\u00e1pida!","isPartOf":{"@id":"https:\/\/pharmacy-tlv.com\/#website"},"primaryImageOfPage":{"@id":"https:\/\/pharmacy-tlv.com\/shop\/cold-flu\/otrivin-nasal-spray\/#primaryimage"},"image":{"@id":"https:\/\/pharmacy-tlv.com\/shop\/cold-flu\/otrivin-nasal-spray\/#primaryimage"},"thumbnailUrl":"https:\/\/mlz1smk5t7q7.i.optimole.com\/cb:lQg3.de6\/w:auto\/h:auto\/q:mauto\/https:\/\/pharmacy-tlv.com\/wp-content\/uploads\/2025\/05\/otrivin-nasal-spray-israel.png","datePublished":"2025-05-15T18:23:08+00:00","dateModified":"2025-06-04T01:00:20+00:00","description":"Medicamento. Para aliviar a respira\u00e7\u00e3o nasal em caso de coriza (rinite), congest\u00e3o nasal e tamb\u00e9m em caso de rea\u00e7\u00f5es al\u00e9rgicas acompanhadas de rinite.","breadcrumb":{"@id":"https:\/\/pharmacy-tlv.com\/shop\/cold-flu\/otrivin-nasal-spray\/#breadcrumb"},"inLanguage":"pt-BR","potentialAction":[{"@type":"ReadAction","target":["https:\/\/pharmacy-tlv.com\/shop\/cold-flu\/otrivin-nasal-spray\/"]}]},{"@type":"ImageObject","inLanguage":"pt-BR","@id":"https:\/\/pharmacy-tlv.com\/shop\/cold-flu\/otrivin-nasal-spray\/#primaryimage","url":"https:\/\/mlz1smk5t7q7.i.optimole.com\/cb:lQg3.de6\/w:auto\/h:auto\/q:mauto\/https:\/\/pharmacy-tlv.com\/wp-content\/uploads\/2025\/05\/otrivin-nasal-spray-israel.png","contentUrl":"https:\/\/mlz1smk5t7q7.i.optimole.com\/cb:lQg3.de6\/w:auto\/h:auto\/q:mauto\/https:\/\/pharmacy-tlv.com\/wp-content\/uploads\/2025\/05\/otrivin-nasal-spray-israel.png","width":300,"height":300,"caption":"otrivin-nasal-spray-israel"},{"@type":"BreadcrumbList","@id":"https:\/\/pharmacy-tlv.com\/shop\/cold-flu\/otrivin-nasal-spray\/#breadcrumb","itemListElement":[{"@type":"ListItem","position":1,"name":"Home","item":"https:\/\/pharmacy-tlv.com\/"},{"@type":"ListItem","position":2,"name":"Medications","item":"https:\/\/pharmacy-tlv.com\/shop\/"},{"@type":"ListItem","position":3,"name":"Otrivin Nasal Spray"}]},{"@type":"WebSite","@id":"https:\/\/pharmacy-tlv.com\/#website","url":"https:\/\/pharmacy-tlv.com\/","name":"Farm\u00e1cia TLV","description":"Medicamentos israelenses de confian\u00e7a","publisher":{"@id":"https:\/\/pharmacy-tlv.com\/#organization"},"alternateName":"Pharmacy-TLV","potentialAction":[{"@type":"SearchAction","target":{"@type":"EntryPoint","urlTemplate":"https:\/\/pharmacy-tlv.com\/?s={search_term_string}"},"query-input":{"@type":"PropertyValueSpecification","valueRequired":true,"valueName":"search_term_string"}}],"inLanguage":"pt-BR"},{"@type":"Organization","@id":"https:\/\/pharmacy-tlv.com\/#organization","name":"Farm\u00e1cia TLV","alternateName":"Pharmacy-TLV","url":"https:\/\/pharmacy-tlv.com\/","logo":{"@type":"ImageObject","inLanguage":"pt-BR","@id":"https:\/\/pharmacy-tlv.com\/#\/schema\/logo\/image\/","url":"https:\/\/mlz1smk5t7q7.i.optimole.com\/cb:lQg3.de6\/w:auto\/h:auto\/q:mauto\/https:\/\/pharmacy-tlv.com\/wp-content\/uploads\/2025\/05\/pharmacy-white.png","contentUrl":"https:\/\/mlz1smk5t7q7.i.optimole.com\/cb:lQg3.de6\/w:auto\/h:auto\/q:mauto\/https:\/\/pharmacy-tlv.com\/wp-content\/uploads\/2025\/05\/pharmacy-white.png","width":500,"height":500,"caption":"Pharmacy TLV"},"image":{"@id":"https:\/\/pharmacy-tlv.com\/#\/schema\/logo\/image\/"}}]}},"_links":{"self":[{"href":"https:\/\/pharmacy-tlv.com\/pt\/wp-json\/wp\/v2\/product\/1289","targetHints":{"allow":["GET"]}}],"collection":[{"href":"https:\/\/pharmacy-tlv.com\/pt\/wp-json\/wp\/v2\/product"}],"about":[{"href":"https:\/\/pharmacy-tlv.com\/pt\/wp-json\/wp\/v2\/types\/product"}],"wp:featuredmedia":[{"embeddable":true,"href":"https:\/\/pharmacy-tlv.com\/pt\/wp-json\/wp\/v2\/media\/868"}],"wp:attachment":[{"href":"https:\/\/pharmacy-tlv.com\/pt\/wp-json\/wp\/v2\/media?parent=1289"}],"wp:term":[{"taxonomy":"product_brand","embeddable":true,"href":"https:\/\/pharmacy-tlv.com\/pt\/wp-json\/wp\/v2\/product_brand?post=1289"},{"taxonomy":"product_cat","embeddable":true,"href":"https:\/\/pharmacy-tlv.com\/pt\/wp-json\/wp\/v2\/product_cat?post=1289"},{"taxonomy":"product_tag","embeddable":true,"href":"https:\/\/pharmacy-tlv.com\/pt\/wp-json\/wp\/v2\/product_tag?post=1289"}],"curies":[{"name":"wp","href":"https:\/\/api.w.org\/{rel}","templated":true}]}}