{"id":1282,"date":"2025-05-15T18:23:05","date_gmt":"2025-05-15T18:23:05","guid":{"rendered":"https:\/\/pharmacy-tlv.com\/?post_type=product&#038;p=1282"},"modified":"2025-05-23T14:17:20","modified_gmt":"2025-05-23T14:17:20","slug":"azenil-250mg-6t","status":"publish","type":"product","link":"https:\/\/pharmacy-tlv.com\/pt\/loja\/antibioticos\/azenil-250mg-6t\/","title":{"rendered":"Azenil 250mg (6t)"},"content":{"rendered":"<p>Azenil<\/p>\n<p>Medicina.<\/p>\n<p><strong>Aplicativo<\/strong><\/p>\n<p>Para o tratamento de infec\u00e7\u00f5es bacterianas, como infec\u00e7\u00f5es respirat\u00f3rias, urin\u00e1rias, de pele e de tecidos moles, bem como para o tratamento de infec\u00e7\u00f5es causadas por microrganismos sens\u00edveis a antibi\u00f3ticos.<\/p>\n<p><strong>Motivo<\/strong><\/p>\n<p>Infec\u00e7\u00f5es do trato respirat\u00f3rio (pneumonia, bronquite).<\/p>\n<p>Infec\u00e7\u00f5es do trato urin\u00e1rio.<\/p>\n<p>Infec\u00e7\u00f5es da pele e dos tecidos moles.<\/p>\n<p>Tratamento de infec\u00e7\u00f5es causadas por bact\u00e9rias suscet\u00edveis.<\/p>\n<p><strong>Propriedade de tratamento<\/strong><\/p>\n<p>A\u00e7\u00e3o antibacteriana.<\/p>\n<p>Efeito anti-inflamat\u00f3rio.<\/p>\n<p>Reduzir a infec\u00e7\u00e3o bacteriana no corpo.<\/p>\n<p><strong>Tipo de medicamento<\/strong><\/p>\n<p>Comprimidos para uso oral.<\/p>\n<p><strong>Fabricante<\/strong><\/p>\n<p>Sandoz, Alemanha (ou outros fabricantes, dependendo da regi\u00e3o).<\/p>\n<p><strong>Subst\u00e2ncias ativas<\/strong><\/p>\n<p>Azitromicina (subst\u00e2ncia ativa principal).<\/p>\n<div class=\"group\/conversation-turn relative flex w-full min-w-0 flex-col agent-turn\">\n<div class=\"flex-col gap-1 md:gap-3\">\n<div class=\"flex max-w-full flex-col flex-grow\">\n<div class=\"min-h-8 text-message flex w-full flex-col items-end gap-2 whitespace-normal break-words text-start [.text-message+&amp;]:mt-5\" dir=\"auto\" data-message-author-role=\"assistant\" data-message-id=\"2e550fe6-c70e-4061-aad8-783bbf63799d\" data-message-model-slug=\"gpt-4o-mini\">\n<div class=\"flex w-full flex-col gap-1 empty:hidden first:pt-[3px]\">\n<div class=\"markdown prose w-full break-words dark:prose-invert light\">\n<p>Azitromicina (subst\u00e2ncia farmac\u00eautica ativa).<\/p>\n<p><em>#comprar Azenil em Israel, #Azenil em Israel, #azenil Israel, #Azenil Israel<\/em> <em>#comprar Azenil em Israel, #Azenil em Israel, #azenil Israel<\/em> <em> <em>#Azenil frete gr\u00e1tis, #Azenil frete gr\u00e1tis<\/em><\/em><\/p>\n<\/div>\n<\/div>\n<\/div>\n<\/div>\n<\/div>\n<\/div>","protected":false},"excerpt":{"rendered":"<p>Medicina.<\/p>\n<p>Para o tratamento de infec\u00e7\u00f5es bacterianas, como infec\u00e7\u00f5es respirat\u00f3rias, urin\u00e1rias, de pele e de tecidos moles, bem como para o tratamento de infec\u00e7\u00f5es causadas por microrganismos sens\u00edveis a antibi\u00f3ticos.<\/p>","protected":false},"featured_media":832,"template":"","meta":[],"product_brand":[],"product_cat":[47,23],"product_tag":[],"class_list":{"0":"post-1282","1":"product","2":"type-product","3":"status-publish","4":"has-post-thumbnail","6":"product_cat-all-medications","7":"product_cat-antibiotics","9":"first","10":"instock","11":"featured","12":"shipping-taxable","13":"purchasable","14":"product-type-simple"},"yoast_head":"<!-- This site is optimized with the Yoast SEO plugin v25.1 - https:\/\/yoast.com\/wordpress\/plugins\/seo\/ -->\n<title>Azenil 250mg (6t) - Buy in Israel | Fast Delivery!<\/title>\n<meta name=\"description\" content=\"Medicine. For the treatment of bacterial infections such as respiratory, urinary, skin and soft tissue infections, as well as for the treatment of infections caused by antibiotic-sensitive microorganisms.\" \/>\n<meta name=\"robots\" content=\"index, follow, max-snippet:-1, max-image-preview:large, max-video-preview:-1\" \/>\n<link rel=\"canonical\" href=\"https:\/\/pharmacy-tlv.com\/pt\/loja\/antibioticos\/azenil-250mg-6t\/\" \/>\n<meta property=\"og:locale\" content=\"pt_BR\" \/>\n<meta property=\"og:type\" content=\"article\" \/>\n<meta property=\"og:title\" content=\"Azenil 250mg (6t) - Buy in Israel | Fast Delivery!\" \/>\n<meta property=\"og:description\" content=\"Medicine. For the treatment of bacterial infections such as respiratory, urinary, skin and soft tissue infections, as well as for the treatment of infections caused by antibiotic-sensitive microorganisms.\" \/>\n<meta property=\"og:url\" content=\"https:\/\/pharmacy-tlv.com\/pt\/loja\/antibioticos\/azenil-250mg-6t\/\" \/>\n<meta property=\"og:site_name\" content=\"Pharmacy TLV\" \/>\n<meta property=\"article:modified_time\" content=\"2025-05-23T14:17:20+00:00\" \/>\n<meta property=\"og:image\" content=\"https:\/\/mlz1smk5t7q7.i.optimole.com\/cb:lQg3.de6\/w:auto\/h:auto\/q:mauto\/https:\/\/pharmacy-tlv.com\/wp-content\/uploads\/2025\/05\/azenil-250mg-6-tabletok-israel.png\" \/>\n\t<meta property=\"og:image:width\" content=\"300\" \/>\n\t<meta property=\"og:image:height\" content=\"300\" \/>\n\t<meta property=\"og:image:type\" content=\"image\/png\" \/>\n<meta name=\"twitter:card\" content=\"summary_large_image\" \/>\n<meta name=\"twitter:label1\" content=\"Est. tempo de leitura\" \/>\n\t<meta name=\"twitter:data1\" content=\"1 minuto\" \/>\n<script type=\"application\/ld+json\" class=\"yoast-schema-graph\">{\"@context\":\"https:\/\/schema.org\",\"@graph\":[{\"@type\":\"WebPage\",\"@id\":\"https:\/\/pharmacy-tlv.com\/shop\/antibiotics\/azenil-250mg-6t\/\",\"url\":\"https:\/\/pharmacy-tlv.com\/shop\/antibiotics\/azenil-250mg-6t\/\",\"name\":\"Azenil 250mg (6t) - Buy in Israel | Fast Delivery!\",\"isPartOf\":{\"@id\":\"https:\/\/pharmacy-tlv.com\/#website\"},\"primaryImageOfPage\":{\"@id\":\"https:\/\/pharmacy-tlv.com\/shop\/antibiotics\/azenil-250mg-6t\/#primaryimage\"},\"image\":{\"@id\":\"https:\/\/pharmacy-tlv.com\/shop\/antibiotics\/azenil-250mg-6t\/#primaryimage\"},\"thumbnailUrl\":\"https:\/\/mlz1smk5t7q7.i.optimole.com\/cb:lQg3.de6\/w:auto\/h:auto\/q:mauto\/https:\/\/pharmacy-tlv.com\/wp-content\/uploads\/2025\/05\/azenil-250mg-6-tabletok-israel.png\",\"datePublished\":\"2025-05-15T18:23:05+00:00\",\"dateModified\":\"2025-05-23T14:17:20+00:00\",\"description\":\"Medicine. For the treatment of bacterial infections such as respiratory, urinary, skin and soft tissue infections, as well as for the treatment of infections caused by antibiotic-sensitive microorganisms.\",\"breadcrumb\":{\"@id\":\"https:\/\/pharmacy-tlv.com\/shop\/antibiotics\/azenil-250mg-6t\/#breadcrumb\"},\"inLanguage\":\"pt-BR\",\"potentialAction\":[{\"@type\":\"ReadAction\",\"target\":[\"https:\/\/pharmacy-tlv.com\/shop\/antibiotics\/azenil-250mg-6t\/\"]}]},{\"@type\":\"ImageObject\",\"inLanguage\":\"pt-BR\",\"@id\":\"https:\/\/pharmacy-tlv.com\/shop\/antibiotics\/azenil-250mg-6t\/#primaryimage\",\"url\":\"https:\/\/mlz1smk5t7q7.i.optimole.com\/cb:lQg3.de6\/w:auto\/h:auto\/q:mauto\/https:\/\/pharmacy-tlv.com\/wp-content\/uploads\/2025\/05\/azenil-250mg-6-tabletok-israel.png\",\"contentUrl\":\"https:\/\/mlz1smk5t7q7.i.optimole.com\/cb:lQg3.de6\/w:auto\/h:auto\/q:mauto\/https:\/\/pharmacy-tlv.com\/wp-content\/uploads\/2025\/05\/azenil-250mg-6-tabletok-israel.png\",\"width\":300,\"height\":300,\"caption\":\"azenil 250mg 6 tabletok israel\"},{\"@type\":\"BreadcrumbList\",\"@id\":\"https:\/\/pharmacy-tlv.com\/shop\/antibiotics\/azenil-250mg-6t\/#breadcrumb\",\"itemListElement\":[{\"@type\":\"ListItem\",\"position\":1,\"name\":\"Home\",\"item\":\"https:\/\/pharmacy-tlv.com\/\"},{\"@type\":\"ListItem\",\"position\":2,\"name\":\"Medications\",\"item\":\"https:\/\/pharmacy-tlv.com\/shop\/\"},{\"@type\":\"ListItem\",\"position\":3,\"name\":\"Azenil 250mg (6t)\"}]},{\"@type\":\"WebSite\",\"@id\":\"https:\/\/pharmacy-tlv.com\/#website\",\"url\":\"https:\/\/pharmacy-tlv.com\/\",\"name\":\"Pharmacy TLV\",\"description\":\"Trusted Israeli Medications\",\"publisher\":{\"@id\":\"https:\/\/pharmacy-tlv.com\/#organization\"},\"alternateName\":\"Pharmacy-TLV\",\"potentialAction\":[{\"@type\":\"SearchAction\",\"target\":{\"@type\":\"EntryPoint\",\"urlTemplate\":\"https:\/\/pharmacy-tlv.com\/?s={search_term_string}\"},\"query-input\":{\"@type\":\"PropertyValueSpecification\",\"valueRequired\":true,\"valueName\":\"search_term_string\"}}],\"inLanguage\":\"pt-BR\"},{\"@type\":\"Organization\",\"@id\":\"https:\/\/pharmacy-tlv.com\/#organization\",\"name\":\"Pharmacy TLV\",\"alternateName\":\"Pharmacy-TLV\",\"url\":\"https:\/\/pharmacy-tlv.com\/\",\"logo\":{\"@type\":\"ImageObject\",\"inLanguage\":\"pt-BR\",\"@id\":\"https:\/\/pharmacy-tlv.com\/#\/schema\/logo\/image\/\",\"url\":\"https:\/\/mlz1smk5t7q7.i.optimole.com\/cb:lQg3.de6\/w:auto\/h:auto\/q:mauto\/https:\/\/pharmacy-tlv.com\/wp-content\/uploads\/2025\/05\/pharmacy-white.png\",\"contentUrl\":\"https:\/\/mlz1smk5t7q7.i.optimole.com\/cb:lQg3.de6\/w:auto\/h:auto\/q:mauto\/https:\/\/pharmacy-tlv.com\/wp-content\/uploads\/2025\/05\/pharmacy-white.png\",\"width\":500,\"height\":500,\"caption\":\"Pharmacy TLV\"},\"image\":{\"@id\":\"https:\/\/pharmacy-tlv.com\/#\/schema\/logo\/image\/\"}}]}<\/script>\n<!-- \/ Yoast SEO plugin. -->","yoast_head_json":{"title":"Azenil 250mg (6t) - Comprar em Israel | Entrega r\u00e1pida!","description":"Medicamentos. Para o tratamento de infec\u00e7\u00f5es bacterianas, como infec\u00e7\u00f5es respirat\u00f3rias, urin\u00e1rias, de pele e de tecidos moles, bem como para o tratamento de infec\u00e7\u00f5es causadas por microrganismos sens\u00edveis a antibi\u00f3ticos.","robots":{"index":"index","follow":"follow","max-snippet":"max-snippet:-1","max-image-preview":"max-image-preview:large","max-video-preview":"max-video-preview:-1"},"canonical":"https:\/\/pharmacy-tlv.com\/pt\/loja\/antibioticos\/azenil-250mg-6t\/","og_locale":"pt_BR","og_type":"article","og_title":"Azenil 250mg (6t) - Buy in Israel | Fast Delivery!","og_description":"Medicine. For the treatment of bacterial infections such as respiratory, urinary, skin and soft tissue infections, as well as for the treatment of infections caused by antibiotic-sensitive microorganisms.","og_url":"https:\/\/pharmacy-tlv.com\/pt\/loja\/antibioticos\/azenil-250mg-6t\/","og_site_name":"Pharmacy TLV","article_modified_time":"2025-05-23T14:17:20+00:00","og_image":[{"width":300,"height":300,"url":"https:\/\/mlz1smk5t7q7.i.optimole.com\/cb:lQg3.de6\/w:auto\/h:auto\/q:mauto\/https:\/\/pharmacy-tlv.com\/wp-content\/uploads\/2025\/05\/azenil-250mg-6-tabletok-israel.png","type":"image\/png"}],"twitter_card":"summary_large_image","twitter_misc":{"Est. tempo de leitura":"1 minuto"},"schema":{"@context":"https:\/\/schema.org","@graph":[{"@type":"WebPage","@id":"https:\/\/pharmacy-tlv.com\/shop\/antibiotics\/azenil-250mg-6t\/","url":"https:\/\/pharmacy-tlv.com\/shop\/antibiotics\/azenil-250mg-6t\/","name":"Azenil 250mg (6t) - Comprar em Israel | Entrega r\u00e1pida!","isPartOf":{"@id":"https:\/\/pharmacy-tlv.com\/#website"},"primaryImageOfPage":{"@id":"https:\/\/pharmacy-tlv.com\/shop\/antibiotics\/azenil-250mg-6t\/#primaryimage"},"image":{"@id":"https:\/\/pharmacy-tlv.com\/shop\/antibiotics\/azenil-250mg-6t\/#primaryimage"},"thumbnailUrl":"https:\/\/mlz1smk5t7q7.i.optimole.com\/cb:lQg3.de6\/w:auto\/h:auto\/q:mauto\/https:\/\/pharmacy-tlv.com\/wp-content\/uploads\/2025\/05\/azenil-250mg-6-tabletok-israel.png","datePublished":"2025-05-15T18:23:05+00:00","dateModified":"2025-05-23T14:17:20+00:00","description":"Medicamentos. Para o tratamento de infec\u00e7\u00f5es bacterianas, como infec\u00e7\u00f5es respirat\u00f3rias, urin\u00e1rias, de pele e de tecidos moles, bem como para o tratamento de infec\u00e7\u00f5es causadas por microrganismos sens\u00edveis a antibi\u00f3ticos.","breadcrumb":{"@id":"https:\/\/pharmacy-tlv.com\/shop\/antibiotics\/azenil-250mg-6t\/#breadcrumb"},"inLanguage":"pt-BR","potentialAction":[{"@type":"ReadAction","target":["https:\/\/pharmacy-tlv.com\/shop\/antibiotics\/azenil-250mg-6t\/"]}]},{"@type":"ImageObject","inLanguage":"pt-BR","@id":"https:\/\/pharmacy-tlv.com\/shop\/antibiotics\/azenil-250mg-6t\/#primaryimage","url":"https:\/\/mlz1smk5t7q7.i.optimole.com\/cb:lQg3.de6\/w:auto\/h:auto\/q:mauto\/https:\/\/pharmacy-tlv.com\/wp-content\/uploads\/2025\/05\/azenil-250mg-6-tabletok-israel.png","contentUrl":"https:\/\/mlz1smk5t7q7.i.optimole.com\/cb:lQg3.de6\/w:auto\/h:auto\/q:mauto\/https:\/\/pharmacy-tlv.com\/wp-content\/uploads\/2025\/05\/azenil-250mg-6-tabletok-israel.png","width":300,"height":300,"caption":"azenil 250mg 6 tabletok israel"},{"@type":"BreadcrumbList","@id":"https:\/\/pharmacy-tlv.com\/shop\/antibiotics\/azenil-250mg-6t\/#breadcrumb","itemListElement":[{"@type":"ListItem","position":1,"name":"Home","item":"https:\/\/pharmacy-tlv.com\/"},{"@type":"ListItem","position":2,"name":"Medications","item":"https:\/\/pharmacy-tlv.com\/shop\/"},{"@type":"ListItem","position":3,"name":"Azenil 250mg (6t)"}]},{"@type":"WebSite","@id":"https:\/\/pharmacy-tlv.com\/#website","url":"https:\/\/pharmacy-tlv.com\/","name":"Farm\u00e1cia TLV","description":"Medicamentos israelenses de confian\u00e7a","publisher":{"@id":"https:\/\/pharmacy-tlv.com\/#organization"},"alternateName":"Pharmacy-TLV","potentialAction":[{"@type":"SearchAction","target":{"@type":"EntryPoint","urlTemplate":"https:\/\/pharmacy-tlv.com\/?s={search_term_string}"},"query-input":{"@type":"PropertyValueSpecification","valueRequired":true,"valueName":"search_term_string"}}],"inLanguage":"pt-BR"},{"@type":"Organization","@id":"https:\/\/pharmacy-tlv.com\/#organization","name":"Farm\u00e1cia TLV","alternateName":"Pharmacy-TLV","url":"https:\/\/pharmacy-tlv.com\/","logo":{"@type":"ImageObject","inLanguage":"pt-BR","@id":"https:\/\/pharmacy-tlv.com\/#\/schema\/logo\/image\/","url":"https:\/\/mlz1smk5t7q7.i.optimole.com\/cb:lQg3.de6\/w:auto\/h:auto\/q:mauto\/https:\/\/pharmacy-tlv.com\/wp-content\/uploads\/2025\/05\/pharmacy-white.png","contentUrl":"https:\/\/mlz1smk5t7q7.i.optimole.com\/cb:lQg3.de6\/w:auto\/h:auto\/q:mauto\/https:\/\/pharmacy-tlv.com\/wp-content\/uploads\/2025\/05\/pharmacy-white.png","width":500,"height":500,"caption":"Pharmacy TLV"},"image":{"@id":"https:\/\/pharmacy-tlv.com\/#\/schema\/logo\/image\/"}}]}},"_links":{"self":[{"href":"https:\/\/pharmacy-tlv.com\/pt\/wp-json\/wp\/v2\/product\/1282","targetHints":{"allow":["GET"]}}],"collection":[{"href":"https:\/\/pharmacy-tlv.com\/pt\/wp-json\/wp\/v2\/product"}],"about":[{"href":"https:\/\/pharmacy-tlv.com\/pt\/wp-json\/wp\/v2\/types\/product"}],"wp:featuredmedia":[{"embeddable":true,"href":"https:\/\/pharmacy-tlv.com\/pt\/wp-json\/wp\/v2\/media\/832"}],"wp:attachment":[{"href":"https:\/\/pharmacy-tlv.com\/pt\/wp-json\/wp\/v2\/media?parent=1282"}],"wp:term":[{"taxonomy":"product_brand","embeddable":true,"href":"https:\/\/pharmacy-tlv.com\/pt\/wp-json\/wp\/v2\/product_brand?post=1282"},{"taxonomy":"product_cat","embeddable":true,"href":"https:\/\/pharmacy-tlv.com\/pt\/wp-json\/wp\/v2\/product_cat?post=1282"},{"taxonomy":"product_tag","embeddable":true,"href":"https:\/\/pharmacy-tlv.com\/pt\/wp-json\/wp\/v2\/product_tag?post=1282"}],"curies":[{"name":"wp","href":"https:\/\/api.w.org\/{rel}","templated":true}]}}