{"id":1278,"date":"2025-05-15T18:23:05","date_gmt":"2025-05-15T18:23:05","guid":{"rendered":"https:\/\/pharmacy-tlv.com\/?post_type=product&#038;p=1278"},"modified":"2025-05-25T08:07:25","modified_gmt":"2025-05-25T08:07:25","slug":"melatonina-3mg-30t","status":"publish","type":"product","link":"https:\/\/pharmacy-tlv.com\/pt\/loja\/relaxamento-do-sono\/melatonina-3mg-30t\/","title":{"rendered":"Melatonina 3mg (30t)"},"content":{"rendered":"<p>Melatonina<\/p>\n<p><strong>Aplicativo<\/strong><\/p>\n<p>Para melhorar a qualidade do sono, corrigir os dist\u00farbios do sono, sincronizar os biorritmos, bem como combater a ins\u00f4nia e os dist\u00farbios associados ao jet lag (por exemplo, jet lag).<\/p>\n<p><strong>Motivo<\/strong><\/p>\n<p>Ins\u00f4nia.<\/p>\n<p>Dist\u00farbios do sono.<\/p>\n<p>Jet lag (mudan\u00e7a de fuso hor\u00e1rio).<\/p>\n<p>O estresse e a ansiedade afetam o sono.<\/p>\n<p><strong>Propriedade de tratamento<\/strong><\/p>\n<p>Melhora a qualidade do sono.<\/p>\n<p>Redu\u00e7\u00e3o do tempo para adormecer.<\/p>\n<p>Regula\u00e7\u00e3o dos ritmos circadianos (rel\u00f3gio biol\u00f3gico interno).<\/p>\n<p>Efeito antioxidante.<\/p>\n<p><strong>Tipo de medicamento<\/strong><\/p>\n<p>Comprimidos para uso oral.<\/p>\n<p><strong>Fabricante<\/strong><\/p>\n<p>Depende da marca (pode ser produzido por v\u00e1rias empresas, por exemplo, Now Foods, Solgar, Nature's Way).<\/p>\n<p><strong>Subst\u00e2ncias ativas<\/strong><\/p>\n<p>Melatonina (subst\u00e2ncia ativa principal).<\/p>\n<p>Melatonina (ingrediente farmac\u00eautico ativo).<\/p>\n<p><em>#comprar Melatonina em Israel, #Melatonina em Israel, #melatonina em Israel, #Melatonina em Israel<\/em> <em>#comprar Melatonina em Israel, #Melatonina em Israel, #melatonina Israel<\/em> <em> <em>#Melatonin free shipping, #Melatonin free shipping<\/em><\/em><\/p>","protected":false},"excerpt":{"rendered":"<p>Biologically active supplement (BAS).<\/p>\n<p>To improve sleep quality, correct sleep disorders, synchronize biorhythms, and combat insomnia and disorders associated with time zone changes (e.g., jet lag).<\/p>","protected":false},"featured_media":1665,"template":"","meta":[],"product_brand":[],"product_cat":[47,41],"product_tag":[],"class_list":{"0":"post-1278","1":"product","2":"type-product","3":"status-publish","4":"has-post-thumbnail","6":"product_cat-all-medications","7":"product_cat-sleep-relaxation","9":"first","10":"instock","11":"shipping-taxable","12":"purchasable","13":"product-type-simple"},"yoast_head":"<!-- This site is optimized with the Yoast SEO plugin v25.1 - https:\/\/yoast.com\/wordpress\/plugins\/seo\/ -->\n<title>Melatonin 3mg (30t) - Buy in Israel | Fast Delivery!<\/title>\n<meta name=\"description\" content=\"Biologically active supplement (BAS). To improve sleep quality, correct sleep disorders, synchronize biorhythms, and combat insomnia .\" \/>\n<meta name=\"robots\" content=\"index, follow, max-snippet:-1, max-image-preview:large, max-video-preview:-1\" \/>\n<link rel=\"canonical\" href=\"https:\/\/pharmacy-tlv.com\/pt\/loja\/relaxamento-do-sono\/melatonina-3mg-30t\/\" \/>\n<meta property=\"og:locale\" content=\"pt_BR\" \/>\n<meta property=\"og:type\" content=\"article\" \/>\n<meta property=\"og:title\" content=\"Melatonin 3mg (30t) - Buy in Israel | Fast Delivery!\" \/>\n<meta property=\"og:description\" content=\"Biologically active supplement (BAS). To improve sleep quality, correct sleep disorders, synchronize biorhythms, and combat insomnia .\" \/>\n<meta property=\"og:url\" content=\"https:\/\/pharmacy-tlv.com\/pt\/loja\/relaxamento-do-sono\/melatonina-3mg-30t\/\" \/>\n<meta property=\"og:site_name\" content=\"Pharmacy TLV\" \/>\n<meta property=\"article:modified_time\" content=\"2025-05-25T08:07:25+00:00\" \/>\n<meta property=\"og:image\" content=\"https:\/\/mlz1smk5t7q7.i.optimole.com\/cb:lQg3.de6\/w:auto\/h:auto\/q:mauto\/https:\/\/pharmacy-tlv.com\/wp-content\/uploads\/2025\/05\/Melatonin-3mg.jpg\" \/>\n\t<meta property=\"og:image:width\" content=\"800\" \/>\n\t<meta property=\"og:image:height\" content=\"800\" \/>\n\t<meta property=\"og:image:type\" content=\"image\/jpeg\" \/>\n<meta name=\"twitter:card\" content=\"summary_large_image\" \/>\n<meta name=\"twitter:label1\" content=\"Est. tempo de leitura\" \/>\n\t<meta name=\"twitter:data1\" content=\"1 minuto\" \/>\n<script type=\"application\/ld+json\" class=\"yoast-schema-graph\">{\"@context\":\"https:\/\/schema.org\",\"@graph\":[{\"@type\":\"WebPage\",\"@id\":\"https:\/\/pharmacy-tlv.com\/shop\/sleep-relaxation\/melatonin-3mg-30t\/\",\"url\":\"https:\/\/pharmacy-tlv.com\/shop\/sleep-relaxation\/melatonin-3mg-30t\/\",\"name\":\"Melatonin 3mg (30t) - Buy in Israel | Fast Delivery!\",\"isPartOf\":{\"@id\":\"https:\/\/pharmacy-tlv.com\/#website\"},\"primaryImageOfPage\":{\"@id\":\"https:\/\/pharmacy-tlv.com\/shop\/sleep-relaxation\/melatonin-3mg-30t\/#primaryimage\"},\"image\":{\"@id\":\"https:\/\/pharmacy-tlv.com\/shop\/sleep-relaxation\/melatonin-3mg-30t\/#primaryimage\"},\"thumbnailUrl\":\"https:\/\/mlz1smk5t7q7.i.optimole.com\/cb:lQg3.de6\/w:auto\/h:auto\/q:mauto\/https:\/\/pharmacy-tlv.com\/wp-content\/uploads\/2025\/05\/Melatonin-3mg.jpg\",\"datePublished\":\"2025-05-15T18:23:05+00:00\",\"dateModified\":\"2025-05-25T08:07:25+00:00\",\"description\":\"Biologically active supplement (BAS). To improve sleep quality, correct sleep disorders, synchronize biorhythms, and combat insomnia .\",\"breadcrumb\":{\"@id\":\"https:\/\/pharmacy-tlv.com\/shop\/sleep-relaxation\/melatonin-3mg-30t\/#breadcrumb\"},\"inLanguage\":\"pt-BR\",\"potentialAction\":[{\"@type\":\"ReadAction\",\"target\":[\"https:\/\/pharmacy-tlv.com\/shop\/sleep-relaxation\/melatonin-3mg-30t\/\"]}]},{\"@type\":\"ImageObject\",\"inLanguage\":\"pt-BR\",\"@id\":\"https:\/\/pharmacy-tlv.com\/shop\/sleep-relaxation\/melatonin-3mg-30t\/#primaryimage\",\"url\":\"https:\/\/mlz1smk5t7q7.i.optimole.com\/cb:lQg3.de6\/w:auto\/h:auto\/q:mauto\/https:\/\/pharmacy-tlv.com\/wp-content\/uploads\/2025\/05\/Melatonin-3mg.jpg\",\"contentUrl\":\"https:\/\/mlz1smk5t7q7.i.optimole.com\/cb:lQg3.de6\/w:auto\/h:auto\/q:mauto\/https:\/\/pharmacy-tlv.com\/wp-content\/uploads\/2025\/05\/Melatonin-3mg.jpg\",\"width\":800,\"height\":800,\"caption\":\"Melatonin 3mg\"},{\"@type\":\"BreadcrumbList\",\"@id\":\"https:\/\/pharmacy-tlv.com\/shop\/sleep-relaxation\/melatonin-3mg-30t\/#breadcrumb\",\"itemListElement\":[{\"@type\":\"ListItem\",\"position\":1,\"name\":\"Home\",\"item\":\"https:\/\/pharmacy-tlv.com\/\"},{\"@type\":\"ListItem\",\"position\":2,\"name\":\"Medications\",\"item\":\"https:\/\/pharmacy-tlv.com\/shop\/\"},{\"@type\":\"ListItem\",\"position\":3,\"name\":\"Melatonin 3mg (30t)\"}]},{\"@type\":\"WebSite\",\"@id\":\"https:\/\/pharmacy-tlv.com\/#website\",\"url\":\"https:\/\/pharmacy-tlv.com\/\",\"name\":\"Pharmacy TLV\",\"description\":\"Trusted Israeli Medications\",\"publisher\":{\"@id\":\"https:\/\/pharmacy-tlv.com\/#organization\"},\"alternateName\":\"Pharmacy-TLV\",\"potentialAction\":[{\"@type\":\"SearchAction\",\"target\":{\"@type\":\"EntryPoint\",\"urlTemplate\":\"https:\/\/pharmacy-tlv.com\/?s={search_term_string}\"},\"query-input\":{\"@type\":\"PropertyValueSpecification\",\"valueRequired\":true,\"valueName\":\"search_term_string\"}}],\"inLanguage\":\"pt-BR\"},{\"@type\":\"Organization\",\"@id\":\"https:\/\/pharmacy-tlv.com\/#organization\",\"name\":\"Pharmacy TLV\",\"alternateName\":\"Pharmacy-TLV\",\"url\":\"https:\/\/pharmacy-tlv.com\/\",\"logo\":{\"@type\":\"ImageObject\",\"inLanguage\":\"pt-BR\",\"@id\":\"https:\/\/pharmacy-tlv.com\/#\/schema\/logo\/image\/\",\"url\":\"https:\/\/mlz1smk5t7q7.i.optimole.com\/cb:lQg3.de6\/w:auto\/h:auto\/q:mauto\/https:\/\/pharmacy-tlv.com\/wp-content\/uploads\/2025\/05\/pharmacy-white.png\",\"contentUrl\":\"https:\/\/mlz1smk5t7q7.i.optimole.com\/cb:lQg3.de6\/w:auto\/h:auto\/q:mauto\/https:\/\/pharmacy-tlv.com\/wp-content\/uploads\/2025\/05\/pharmacy-white.png\",\"width\":500,\"height\":500,\"caption\":\"Pharmacy TLV\"},\"image\":{\"@id\":\"https:\/\/pharmacy-tlv.com\/#\/schema\/logo\/image\/\"}}]}<\/script>\n<!-- \/ Yoast SEO plugin. -->","yoast_head_json":{"title":"Melatonin 3mg (30t) - Comprar em Israel | Entrega r\u00e1pida!","description":"Suplemento biologicamente ativo (BAS). Para melhorar a qualidade do sono, corrigir dist\u00farbios do sono, sincronizar biorritmos e combater a ins\u00f4nia.","robots":{"index":"index","follow":"follow","max-snippet":"max-snippet:-1","max-image-preview":"max-image-preview:large","max-video-preview":"max-video-preview:-1"},"canonical":"https:\/\/pharmacy-tlv.com\/pt\/loja\/relaxamento-do-sono\/melatonina-3mg-30t\/","og_locale":"pt_BR","og_type":"article","og_title":"Melatonin 3mg (30t) - Buy in Israel | Fast Delivery!","og_description":"Biologically active supplement (BAS). To improve sleep quality, correct sleep disorders, synchronize biorhythms, and combat insomnia .","og_url":"https:\/\/pharmacy-tlv.com\/pt\/loja\/relaxamento-do-sono\/melatonina-3mg-30t\/","og_site_name":"Pharmacy TLV","article_modified_time":"2025-05-25T08:07:25+00:00","og_image":[{"width":800,"height":800,"url":"https:\/\/mlz1smk5t7q7.i.optimole.com\/cb:lQg3.de6\/w:auto\/h:auto\/q:mauto\/https:\/\/pharmacy-tlv.com\/wp-content\/uploads\/2025\/05\/Melatonin-3mg.jpg","type":"image\/jpeg"}],"twitter_card":"summary_large_image","twitter_misc":{"Est. tempo de leitura":"1 minuto"},"schema":{"@context":"https:\/\/schema.org","@graph":[{"@type":"WebPage","@id":"https:\/\/pharmacy-tlv.com\/shop\/sleep-relaxation\/melatonin-3mg-30t\/","url":"https:\/\/pharmacy-tlv.com\/shop\/sleep-relaxation\/melatonin-3mg-30t\/","name":"Melatonin 3mg (30t) - Comprar em Israel | Entrega r\u00e1pida!","isPartOf":{"@id":"https:\/\/pharmacy-tlv.com\/#website"},"primaryImageOfPage":{"@id":"https:\/\/pharmacy-tlv.com\/shop\/sleep-relaxation\/melatonin-3mg-30t\/#primaryimage"},"image":{"@id":"https:\/\/pharmacy-tlv.com\/shop\/sleep-relaxation\/melatonin-3mg-30t\/#primaryimage"},"thumbnailUrl":"https:\/\/mlz1smk5t7q7.i.optimole.com\/cb:lQg3.de6\/w:auto\/h:auto\/q:mauto\/https:\/\/pharmacy-tlv.com\/wp-content\/uploads\/2025\/05\/Melatonin-3mg.jpg","datePublished":"2025-05-15T18:23:05+00:00","dateModified":"2025-05-25T08:07:25+00:00","description":"Suplemento biologicamente ativo (BAS). Para melhorar a qualidade do sono, corrigir dist\u00farbios do sono, sincronizar biorritmos e combater a ins\u00f4nia.","breadcrumb":{"@id":"https:\/\/pharmacy-tlv.com\/shop\/sleep-relaxation\/melatonin-3mg-30t\/#breadcrumb"},"inLanguage":"pt-BR","potentialAction":[{"@type":"ReadAction","target":["https:\/\/pharmacy-tlv.com\/shop\/sleep-relaxation\/melatonin-3mg-30t\/"]}]},{"@type":"ImageObject","inLanguage":"pt-BR","@id":"https:\/\/pharmacy-tlv.com\/shop\/sleep-relaxation\/melatonin-3mg-30t\/#primaryimage","url":"https:\/\/mlz1smk5t7q7.i.optimole.com\/cb:lQg3.de6\/w:auto\/h:auto\/q:mauto\/https:\/\/pharmacy-tlv.com\/wp-content\/uploads\/2025\/05\/Melatonin-3mg.jpg","contentUrl":"https:\/\/mlz1smk5t7q7.i.optimole.com\/cb:lQg3.de6\/w:auto\/h:auto\/q:mauto\/https:\/\/pharmacy-tlv.com\/wp-content\/uploads\/2025\/05\/Melatonin-3mg.jpg","width":800,"height":800,"caption":"Melatonin 3mg"},{"@type":"BreadcrumbList","@id":"https:\/\/pharmacy-tlv.com\/shop\/sleep-relaxation\/melatonin-3mg-30t\/#breadcrumb","itemListElement":[{"@type":"ListItem","position":1,"name":"Home","item":"https:\/\/pharmacy-tlv.com\/"},{"@type":"ListItem","position":2,"name":"Medications","item":"https:\/\/pharmacy-tlv.com\/shop\/"},{"@type":"ListItem","position":3,"name":"Melatonin 3mg (30t)"}]},{"@type":"WebSite","@id":"https:\/\/pharmacy-tlv.com\/#website","url":"https:\/\/pharmacy-tlv.com\/","name":"Farm\u00e1cia TLV","description":"Medicamentos israelenses de confian\u00e7a","publisher":{"@id":"https:\/\/pharmacy-tlv.com\/#organization"},"alternateName":"Pharmacy-TLV","potentialAction":[{"@type":"SearchAction","target":{"@type":"EntryPoint","urlTemplate":"https:\/\/pharmacy-tlv.com\/?s={search_term_string}"},"query-input":{"@type":"PropertyValueSpecification","valueRequired":true,"valueName":"search_term_string"}}],"inLanguage":"pt-BR"},{"@type":"Organization","@id":"https:\/\/pharmacy-tlv.com\/#organization","name":"Farm\u00e1cia TLV","alternateName":"Pharmacy-TLV","url":"https:\/\/pharmacy-tlv.com\/","logo":{"@type":"ImageObject","inLanguage":"pt-BR","@id":"https:\/\/pharmacy-tlv.com\/#\/schema\/logo\/image\/","url":"https:\/\/mlz1smk5t7q7.i.optimole.com\/cb:lQg3.de6\/w:auto\/h:auto\/q:mauto\/https:\/\/pharmacy-tlv.com\/wp-content\/uploads\/2025\/05\/pharmacy-white.png","contentUrl":"https:\/\/mlz1smk5t7q7.i.optimole.com\/cb:lQg3.de6\/w:auto\/h:auto\/q:mauto\/https:\/\/pharmacy-tlv.com\/wp-content\/uploads\/2025\/05\/pharmacy-white.png","width":500,"height":500,"caption":"Pharmacy TLV"},"image":{"@id":"https:\/\/pharmacy-tlv.com\/#\/schema\/logo\/image\/"}}]}},"_links":{"self":[{"href":"https:\/\/pharmacy-tlv.com\/pt\/wp-json\/wp\/v2\/product\/1278","targetHints":{"allow":["GET"]}}],"collection":[{"href":"https:\/\/pharmacy-tlv.com\/pt\/wp-json\/wp\/v2\/product"}],"about":[{"href":"https:\/\/pharmacy-tlv.com\/pt\/wp-json\/wp\/v2\/types\/product"}],"wp:featuredmedia":[{"embeddable":true,"href":"https:\/\/pharmacy-tlv.com\/pt\/wp-json\/wp\/v2\/media\/1665"}],"wp:attachment":[{"href":"https:\/\/pharmacy-tlv.com\/pt\/wp-json\/wp\/v2\/media?parent=1278"}],"wp:term":[{"taxonomy":"product_brand","embeddable":true,"href":"https:\/\/pharmacy-tlv.com\/pt\/wp-json\/wp\/v2\/product_brand?post=1278"},{"taxonomy":"product_cat","embeddable":true,"href":"https:\/\/pharmacy-tlv.com\/pt\/wp-json\/wp\/v2\/product_cat?post=1278"},{"taxonomy":"product_tag","embeddable":true,"href":"https:\/\/pharmacy-tlv.com\/pt\/wp-json\/wp\/v2\/product_tag?post=1278"}],"curies":[{"name":"wp","href":"https:\/\/api.w.org\/{rel}","templated":true}]}}