{"id":1275,"date":"2025-05-15T18:23:05","date_gmt":"2025-05-15T18:23:05","guid":{"rendered":"https:\/\/pharmacy-tlv.com\/?post_type=product&#038;p=1275"},"modified":"2025-05-23T14:26:32","modified_gmt":"2025-05-23T14:26:32","slug":"enterosgel-225g","status":"publish","type":"product","link":"https:\/\/pharmacy-tlv.com\/pt\/loja\/enterosorbentes\/enterosgel-225g\/","title":{"rendered":"Enterosgel 225g"},"content":{"rendered":"<p>Enterosgel<\/p>\n<p>Medicina.<\/p>\n<p><strong>Aplicativo<\/strong><\/p>\n<p>Para o tratamento de intoxica\u00e7\u00f5es agudas e cr\u00f4nicas, alergias, intoxica\u00e7\u00e3o alimentar, bem como para limpar o corpo de toxinas e outras subst\u00e2ncias nocivas.<\/p>\n<p><strong>Motivo<\/strong><\/p>\n<p>Intoxica\u00e7\u00e3o aguda e cr\u00f4nica.<\/p>\n<p>Rea\u00e7\u00f5es al\u00e9rgicas.<\/p>\n<p>Intoxica\u00e7\u00e3o alimentar.<\/p>\n<p>Disfun\u00e7\u00e3o intestinal.<\/p>\n<p>Desintoxica\u00e7\u00e3o do corpo.<\/p>\n<p><strong>Propriedade de tratamento<\/strong><\/p>\n<p>Adsor\u00e7\u00e3o de toxinas, venenos e al\u00e9rgenos.<\/p>\n<p>Melhoria do funcionamento intestinal.<\/p>\n<p>Redu\u00e7\u00e3o dos sintomas de alergias e intoxica\u00e7\u00f5es.<\/p>\n<p>Desintoxica\u00e7\u00e3o de subst\u00e2ncias nocivas, melhora do estado geral do corpo.<\/p>\n<p><strong>Tipo de medicamento<\/strong><\/p>\n<p>Gel para uso oral.<\/p>\n<p><strong>Fabricante<\/strong><\/p>\n<p>EnterosGel, R\u00fassia.<\/p>\n<p><strong>Subst\u00e2ncias ativas<\/strong><\/p>\n<p>Condensado de polimetilsiloxano (subst\u00e2ncia ativa principal).<\/p>\n<p>Condensado de polimetilsiloxano (ingrediente farmac\u00eautico ativo).<\/p>\n<p><em>#comprar EnterosGel em Israel, #EnterosGel em Israel, #enterosgel Israel, #EnterosGel Israel<\/em> <em>#comprar Enterosgel em Israel, #Enterosgel em Israel, #enterosgel Israel<\/em> <em> <em>#EnterosGel frete gr\u00e1tis, #Enterosgel frete gr\u00e1tis<\/em><\/em><\/p>","protected":false},"excerpt":{"rendered":"<p>Medicina.<\/p>\n<p>Para o tratamento de intoxica\u00e7\u00f5es agudas e cr\u00f4nicas, alergias, intoxica\u00e7\u00e3o alimentar, bem como para limpar o corpo de toxinas e outras subst\u00e2ncias nocivas.<\/p>","protected":false},"featured_media":1648,"template":"","meta":[],"product_brand":[],"product_cat":[47,44],"product_tag":[],"class_list":{"0":"post-1275","1":"product","2":"type-product","3":"status-publish","4":"has-post-thumbnail","6":"product_cat-all-medications","7":"product_cat-enterosorbents","9":"first","10":"instock","11":"shipping-taxable","12":"purchasable","13":"product-type-simple"},"yoast_head":"<!-- This site is optimized with the Yoast SEO plugin v25.1 - https:\/\/yoast.com\/wordpress\/plugins\/seo\/ -->\n<title>Enterosgel 225g - Buy in Israel | Fast Delivery!<\/title>\n<meta name=\"description\" content=\"Medicine. For the treatment of acute and chronic intoxications, allergies, food poisoning, as well as for cleansing the body of toxins and other harmful substances.\" \/>\n<meta name=\"robots\" content=\"index, follow, max-snippet:-1, max-image-preview:large, max-video-preview:-1\" \/>\n<link rel=\"canonical\" href=\"https:\/\/pharmacy-tlv.com\/pt\/loja\/enterosorbentes\/enterosgel-225g\/\" \/>\n<meta property=\"og:locale\" content=\"pt_BR\" \/>\n<meta property=\"og:type\" content=\"article\" \/>\n<meta property=\"og:title\" content=\"Enterosgel 225g - Buy in Israel | Fast Delivery!\" \/>\n<meta property=\"og:description\" content=\"Medicine. For the treatment of acute and chronic intoxications, allergies, food poisoning, as well as for cleansing the body of toxins and other harmful substances.\" \/>\n<meta property=\"og:url\" content=\"https:\/\/pharmacy-tlv.com\/pt\/loja\/enterosorbentes\/enterosgel-225g\/\" \/>\n<meta property=\"og:site_name\" content=\"Pharmacy TLV\" \/>\n<meta property=\"article:modified_time\" content=\"2025-05-23T14:26:32+00:00\" \/>\n<meta property=\"og:image\" content=\"https:\/\/mlz1smk5t7q7.i.optimole.com\/cb:lQg3.de6\/w:auto\/h:auto\/q:mauto\/https:\/\/pharmacy-tlv.com\/wp-content\/uploads\/2025\/05\/enterosgel-225mg.jpg\" \/>\n\t<meta property=\"og:image:width\" content=\"1000\" \/>\n\t<meta property=\"og:image:height\" content=\"1000\" \/>\n\t<meta property=\"og:image:type\" content=\"image\/jpeg\" \/>\n<meta name=\"twitter:card\" content=\"summary_large_image\" \/>\n<meta name=\"twitter:label1\" content=\"Est. tempo de leitura\" \/>\n\t<meta name=\"twitter:data1\" content=\"1 minuto\" \/>\n<script type=\"application\/ld+json\" class=\"yoast-schema-graph\">{\"@context\":\"https:\/\/schema.org\",\"@graph\":[{\"@type\":\"WebPage\",\"@id\":\"https:\/\/pharmacy-tlv.com\/shop\/enterosorbents\/enterosgel-225g\/\",\"url\":\"https:\/\/pharmacy-tlv.com\/shop\/enterosorbents\/enterosgel-225g\/\",\"name\":\"Enterosgel 225g - Buy in Israel | Fast Delivery!\",\"isPartOf\":{\"@id\":\"https:\/\/pharmacy-tlv.com\/#website\"},\"primaryImageOfPage\":{\"@id\":\"https:\/\/pharmacy-tlv.com\/shop\/enterosorbents\/enterosgel-225g\/#primaryimage\"},\"image\":{\"@id\":\"https:\/\/pharmacy-tlv.com\/shop\/enterosorbents\/enterosgel-225g\/#primaryimage\"},\"thumbnailUrl\":\"https:\/\/mlz1smk5t7q7.i.optimole.com\/cb:lQg3.de6\/w:auto\/h:auto\/q:mauto\/https:\/\/pharmacy-tlv.com\/wp-content\/uploads\/2025\/05\/enterosgel-225mg.jpg\",\"datePublished\":\"2025-05-15T18:23:05+00:00\",\"dateModified\":\"2025-05-23T14:26:32+00:00\",\"description\":\"Medicine. For the treatment of acute and chronic intoxications, allergies, food poisoning, as well as for cleansing the body of toxins and other harmful substances.\",\"breadcrumb\":{\"@id\":\"https:\/\/pharmacy-tlv.com\/shop\/enterosorbents\/enterosgel-225g\/#breadcrumb\"},\"inLanguage\":\"pt-BR\",\"potentialAction\":[{\"@type\":\"ReadAction\",\"target\":[\"https:\/\/pharmacy-tlv.com\/shop\/enterosorbents\/enterosgel-225g\/\"]}]},{\"@type\":\"ImageObject\",\"inLanguage\":\"pt-BR\",\"@id\":\"https:\/\/pharmacy-tlv.com\/shop\/enterosorbents\/enterosgel-225g\/#primaryimage\",\"url\":\"https:\/\/mlz1smk5t7q7.i.optimole.com\/cb:lQg3.de6\/w:auto\/h:auto\/q:mauto\/https:\/\/pharmacy-tlv.com\/wp-content\/uploads\/2025\/05\/enterosgel-225mg.jpg\",\"contentUrl\":\"https:\/\/mlz1smk5t7q7.i.optimole.com\/cb:lQg3.de6\/w:auto\/h:auto\/q:mauto\/https:\/\/pharmacy-tlv.com\/wp-content\/uploads\/2025\/05\/enterosgel-225mg.jpg\",\"width\":1000,\"height\":1000,\"caption\":\"enterosgel 225mg\"},{\"@type\":\"BreadcrumbList\",\"@id\":\"https:\/\/pharmacy-tlv.com\/shop\/enterosorbents\/enterosgel-225g\/#breadcrumb\",\"itemListElement\":[{\"@type\":\"ListItem\",\"position\":1,\"name\":\"Home\",\"item\":\"https:\/\/pharmacy-tlv.com\/\"},{\"@type\":\"ListItem\",\"position\":2,\"name\":\"Medications\",\"item\":\"https:\/\/pharmacy-tlv.com\/shop\/\"},{\"@type\":\"ListItem\",\"position\":3,\"name\":\"Enterosgel 225g\"}]},{\"@type\":\"WebSite\",\"@id\":\"https:\/\/pharmacy-tlv.com\/#website\",\"url\":\"https:\/\/pharmacy-tlv.com\/\",\"name\":\"Pharmacy TLV\",\"description\":\"Trusted Israeli Medications\",\"publisher\":{\"@id\":\"https:\/\/pharmacy-tlv.com\/#organization\"},\"alternateName\":\"Pharmacy-TLV\",\"potentialAction\":[{\"@type\":\"SearchAction\",\"target\":{\"@type\":\"EntryPoint\",\"urlTemplate\":\"https:\/\/pharmacy-tlv.com\/?s={search_term_string}\"},\"query-input\":{\"@type\":\"PropertyValueSpecification\",\"valueRequired\":true,\"valueName\":\"search_term_string\"}}],\"inLanguage\":\"pt-BR\"},{\"@type\":\"Organization\",\"@id\":\"https:\/\/pharmacy-tlv.com\/#organization\",\"name\":\"Pharmacy TLV\",\"alternateName\":\"Pharmacy-TLV\",\"url\":\"https:\/\/pharmacy-tlv.com\/\",\"logo\":{\"@type\":\"ImageObject\",\"inLanguage\":\"pt-BR\",\"@id\":\"https:\/\/pharmacy-tlv.com\/#\/schema\/logo\/image\/\",\"url\":\"https:\/\/mlz1smk5t7q7.i.optimole.com\/cb:lQg3.de6\/w:auto\/h:auto\/q:mauto\/https:\/\/pharmacy-tlv.com\/wp-content\/uploads\/2025\/05\/pharmacy-white.png\",\"contentUrl\":\"https:\/\/mlz1smk5t7q7.i.optimole.com\/cb:lQg3.de6\/w:auto\/h:auto\/q:mauto\/https:\/\/pharmacy-tlv.com\/wp-content\/uploads\/2025\/05\/pharmacy-white.png\",\"width\":500,\"height\":500,\"caption\":\"Pharmacy TLV\"},\"image\":{\"@id\":\"https:\/\/pharmacy-tlv.com\/#\/schema\/logo\/image\/\"}}]}<\/script>\n<!-- \/ Yoast SEO plugin. -->","yoast_head_json":{"title":"Enterosgel 225g - Comprar em Israel | Entrega r\u00e1pida!","description":"Medicamentos. Para o tratamento de intoxica\u00e7\u00f5es agudas e cr\u00f4nicas, alergias, intoxica\u00e7\u00e3o alimentar, bem como para limpar o corpo de toxinas e outras subst\u00e2ncias nocivas.","robots":{"index":"index","follow":"follow","max-snippet":"max-snippet:-1","max-image-preview":"max-image-preview:large","max-video-preview":"max-video-preview:-1"},"canonical":"https:\/\/pharmacy-tlv.com\/pt\/loja\/enterosorbentes\/enterosgel-225g\/","og_locale":"pt_BR","og_type":"article","og_title":"Enterosgel 225g - Buy in Israel | Fast Delivery!","og_description":"Medicine. For the treatment of acute and chronic intoxications, allergies, food poisoning, as well as for cleansing the body of toxins and other harmful substances.","og_url":"https:\/\/pharmacy-tlv.com\/pt\/loja\/enterosorbentes\/enterosgel-225g\/","og_site_name":"Pharmacy TLV","article_modified_time":"2025-05-23T14:26:32+00:00","og_image":[{"width":1000,"height":1000,"url":"https:\/\/mlz1smk5t7q7.i.optimole.com\/cb:lQg3.de6\/w:auto\/h:auto\/q:mauto\/https:\/\/pharmacy-tlv.com\/wp-content\/uploads\/2025\/05\/enterosgel-225mg.jpg","type":"image\/jpeg"}],"twitter_card":"summary_large_image","twitter_misc":{"Est. tempo de leitura":"1 minuto"},"schema":{"@context":"https:\/\/schema.org","@graph":[{"@type":"WebPage","@id":"https:\/\/pharmacy-tlv.com\/shop\/enterosorbents\/enterosgel-225g\/","url":"https:\/\/pharmacy-tlv.com\/shop\/enterosorbents\/enterosgel-225g\/","name":"Enterosgel 225g - Comprar em Israel | Entrega r\u00e1pida!","isPartOf":{"@id":"https:\/\/pharmacy-tlv.com\/#website"},"primaryImageOfPage":{"@id":"https:\/\/pharmacy-tlv.com\/shop\/enterosorbents\/enterosgel-225g\/#primaryimage"},"image":{"@id":"https:\/\/pharmacy-tlv.com\/shop\/enterosorbents\/enterosgel-225g\/#primaryimage"},"thumbnailUrl":"https:\/\/mlz1smk5t7q7.i.optimole.com\/cb:lQg3.de6\/w:auto\/h:auto\/q:mauto\/https:\/\/pharmacy-tlv.com\/wp-content\/uploads\/2025\/05\/enterosgel-225mg.jpg","datePublished":"2025-05-15T18:23:05+00:00","dateModified":"2025-05-23T14:26:32+00:00","description":"Medicamentos. Para o tratamento de intoxica\u00e7\u00f5es agudas e cr\u00f4nicas, alergias, intoxica\u00e7\u00e3o alimentar, bem como para limpar o corpo de toxinas e outras subst\u00e2ncias nocivas.","breadcrumb":{"@id":"https:\/\/pharmacy-tlv.com\/shop\/enterosorbents\/enterosgel-225g\/#breadcrumb"},"inLanguage":"pt-BR","potentialAction":[{"@type":"ReadAction","target":["https:\/\/pharmacy-tlv.com\/shop\/enterosorbents\/enterosgel-225g\/"]}]},{"@type":"ImageObject","inLanguage":"pt-BR","@id":"https:\/\/pharmacy-tlv.com\/shop\/enterosorbents\/enterosgel-225g\/#primaryimage","url":"https:\/\/mlz1smk5t7q7.i.optimole.com\/cb:lQg3.de6\/w:auto\/h:auto\/q:mauto\/https:\/\/pharmacy-tlv.com\/wp-content\/uploads\/2025\/05\/enterosgel-225mg.jpg","contentUrl":"https:\/\/mlz1smk5t7q7.i.optimole.com\/cb:lQg3.de6\/w:auto\/h:auto\/q:mauto\/https:\/\/pharmacy-tlv.com\/wp-content\/uploads\/2025\/05\/enterosgel-225mg.jpg","width":1000,"height":1000,"caption":"enterosgel 225mg"},{"@type":"BreadcrumbList","@id":"https:\/\/pharmacy-tlv.com\/shop\/enterosorbents\/enterosgel-225g\/#breadcrumb","itemListElement":[{"@type":"ListItem","position":1,"name":"Home","item":"https:\/\/pharmacy-tlv.com\/"},{"@type":"ListItem","position":2,"name":"Medications","item":"https:\/\/pharmacy-tlv.com\/shop\/"},{"@type":"ListItem","position":3,"name":"Enterosgel 225g"}]},{"@type":"WebSite","@id":"https:\/\/pharmacy-tlv.com\/#website","url":"https:\/\/pharmacy-tlv.com\/","name":"Farm\u00e1cia TLV","description":"Medicamentos israelenses de confian\u00e7a","publisher":{"@id":"https:\/\/pharmacy-tlv.com\/#organization"},"alternateName":"Pharmacy-TLV","potentialAction":[{"@type":"SearchAction","target":{"@type":"EntryPoint","urlTemplate":"https:\/\/pharmacy-tlv.com\/?s={search_term_string}"},"query-input":{"@type":"PropertyValueSpecification","valueRequired":true,"valueName":"search_term_string"}}],"inLanguage":"pt-BR"},{"@type":"Organization","@id":"https:\/\/pharmacy-tlv.com\/#organization","name":"Farm\u00e1cia TLV","alternateName":"Pharmacy-TLV","url":"https:\/\/pharmacy-tlv.com\/","logo":{"@type":"ImageObject","inLanguage":"pt-BR","@id":"https:\/\/pharmacy-tlv.com\/#\/schema\/logo\/image\/","url":"https:\/\/mlz1smk5t7q7.i.optimole.com\/cb:lQg3.de6\/w:auto\/h:auto\/q:mauto\/https:\/\/pharmacy-tlv.com\/wp-content\/uploads\/2025\/05\/pharmacy-white.png","contentUrl":"https:\/\/mlz1smk5t7q7.i.optimole.com\/cb:lQg3.de6\/w:auto\/h:auto\/q:mauto\/https:\/\/pharmacy-tlv.com\/wp-content\/uploads\/2025\/05\/pharmacy-white.png","width":500,"height":500,"caption":"Pharmacy TLV"},"image":{"@id":"https:\/\/pharmacy-tlv.com\/#\/schema\/logo\/image\/"}}]}},"_links":{"self":[{"href":"https:\/\/pharmacy-tlv.com\/pt\/wp-json\/wp\/v2\/product\/1275","targetHints":{"allow":["GET"]}}],"collection":[{"href":"https:\/\/pharmacy-tlv.com\/pt\/wp-json\/wp\/v2\/product"}],"about":[{"href":"https:\/\/pharmacy-tlv.com\/pt\/wp-json\/wp\/v2\/types\/product"}],"wp:featuredmedia":[{"embeddable":true,"href":"https:\/\/pharmacy-tlv.com\/pt\/wp-json\/wp\/v2\/media\/1648"}],"wp:attachment":[{"href":"https:\/\/pharmacy-tlv.com\/pt\/wp-json\/wp\/v2\/media?parent=1275"}],"wp:term":[{"taxonomy":"product_brand","embeddable":true,"href":"https:\/\/pharmacy-tlv.com\/pt\/wp-json\/wp\/v2\/product_brand?post=1275"},{"taxonomy":"product_cat","embeddable":true,"href":"https:\/\/pharmacy-tlv.com\/pt\/wp-json\/wp\/v2\/product_cat?post=1275"},{"taxonomy":"product_tag","embeddable":true,"href":"https:\/\/pharmacy-tlv.com\/pt\/wp-json\/wp\/v2\/product_tag?post=1275"}],"curies":[{"name":"wp","href":"https:\/\/api.w.org\/{rel}","templated":true}]}}