{"id":1274,"date":"2025-05-15T18:23:05","date_gmt":"2025-05-15T18:23:05","guid":{"rendered":"https:\/\/pharmacy-tlv.com\/?post_type=product&#038;p=1274"},"modified":"2025-05-23T14:26:55","modified_gmt":"2025-05-23T14:26:55","slug":"doxylin-100mg-10t","status":"publish","type":"product","link":"https:\/\/pharmacy-tlv.com\/pt\/loja\/antibioticos\/doxylin-100mg-10t\/","title":{"rendered":"Doxilina 100mg (10t)"},"content":{"rendered":"<p>Doxilina<\/p>\n<p>Medicina.<\/p>\n<p><strong>Aplicativo<\/strong><\/p>\n<p>Para o tratamento de infec\u00e7\u00f5es causadas por bact\u00e9rias sens\u00edveis \u00e0 doxiciclina, incluindo infec\u00e7\u00f5es do trato respirat\u00f3rio, infec\u00e7\u00f5es do trato urin\u00e1rio, infec\u00e7\u00f5es da pele e para a preven\u00e7\u00e3o da mal\u00e1ria.<\/p>\n<p><strong>Causa<\/strong><\/p>\n<p>Infec\u00e7\u00f5es do trato respirat\u00f3rio (pneumonia, bronquite).<\/p>\n<p>Infec\u00e7\u00f5es do trato urin\u00e1rio.<\/p>\n<p>Infec\u00e7\u00f5es de pele (acne, dermatite).<\/p>\n<p>Tratamento da borreliose (doen\u00e7a de Lyme).<\/p>\n<p>Preven\u00e7\u00e3o da mal\u00e1ria.<\/p>\n<p><strong>Propriedade de tratamento<\/strong><\/p>\n<p>A\u00e7\u00e3o antibacteriana contra uma ampla gama de bact\u00e9rias.<\/p>\n<p>A\u00e7\u00e3o anti-inflamat\u00f3ria.<\/p>\n<p>Tratamento de doen\u00e7as infecciosas causadas por microorganismos sens\u00edveis.<\/p>\n<p><strong>Tipo de medicamento<\/strong><\/p>\n<p>Comprimidos orais.<\/p>\n<p><strong>Fabricante<\/strong><\/p>\n<p>Sandoz, Alemanha (ou outros fabricantes, dependendo da regi\u00e3o).<\/p>\n<p><strong>Ingredientes ativos<\/strong><\/p>\n<p>Doxiciclina (princ\u00edpio ativo principal).<\/p>\n<p>Doxiciclina (ingrediente farmac\u00eautico ativo).<\/p>\n<p><em>#comprar Doxylin em Israel, #Doxylin em Israel, #doxylin Israel, #Doxylin Israel<\/em> <em>#comprar Doxylin em Israel, #Doxylin em Israel, #doxylin Israel<\/em> <em> <em>#Doxylin frete gr\u00e1tis, #Doxylin frete gr\u00e1tis<\/em><\/em><\/p>","protected":false},"excerpt":{"rendered":"<p>Medicamento.<\/p>\n<p>Para o tratamento de infec\u00e7\u00f5es causadas por bact\u00e9rias sens\u00edveis \u00e0 doxiciclina, incluindo infec\u00e7\u00f5es do trato respirat\u00f3rio, infec\u00e7\u00f5es do trato urin\u00e1rio, infec\u00e7\u00f5es da pele e para a preven\u00e7\u00e3o da mal\u00e1ria.<\/p>","protected":false},"featured_media":824,"template":"","meta":[],"product_brand":[],"product_cat":[47,23],"product_tag":[],"class_list":{"0":"post-1274","1":"product","2":"type-product","3":"status-publish","4":"has-post-thumbnail","6":"product_cat-all-medications","7":"product_cat-antibiotics","9":"first","10":"instock","11":"shipping-taxable","12":"purchasable","13":"product-type-simple"},"yoast_head":"<!-- This site is optimized with the Yoast SEO plugin v25.1 - https:\/\/yoast.com\/wordpress\/plugins\/seo\/ -->\n<title>Doxylin 100mg (10t) - Buy in Israel | Fast Delivery!<\/title>\n<meta name=\"description\" content=\"Medicinal product. For the treatment of infections caused by bacteria sensitive to doxycycline, including respiratory tract infections.\" \/>\n<meta name=\"robots\" content=\"index, follow, max-snippet:-1, max-image-preview:large, max-video-preview:-1\" \/>\n<link rel=\"canonical\" href=\"https:\/\/pharmacy-tlv.com\/pt\/loja\/antibioticos\/doxylin-100mg-10t\/\" \/>\n<meta property=\"og:locale\" content=\"pt_BR\" \/>\n<meta property=\"og:type\" content=\"article\" \/>\n<meta property=\"og:title\" content=\"Doxylin 100mg (10t) - Buy in Israel | Fast Delivery!\" \/>\n<meta property=\"og:description\" content=\"Medicinal product. For the treatment of infections caused by bacteria sensitive to doxycycline, including respiratory tract infections.\" \/>\n<meta property=\"og:url\" content=\"https:\/\/pharmacy-tlv.com\/pt\/loja\/antibioticos\/doxylin-100mg-10t\/\" \/>\n<meta property=\"og:site_name\" content=\"Pharmacy TLV\" \/>\n<meta property=\"article:modified_time\" content=\"2025-05-23T14:26:55+00:00\" \/>\n<meta property=\"og:image\" content=\"https:\/\/mlz1smk5t7q7.i.optimole.com\/cb:lQg3.de6\/w:auto\/h:auto\/q:mauto\/https:\/\/pharmacy-tlv.com\/wp-content\/uploads\/2025\/05\/doxylin-100mg-10-tabletok-israel.png\" \/>\n\t<meta property=\"og:image:width\" content=\"300\" \/>\n\t<meta property=\"og:image:height\" content=\"300\" \/>\n\t<meta property=\"og:image:type\" content=\"image\/png\" \/>\n<meta name=\"twitter:card\" content=\"summary_large_image\" \/>\n<meta name=\"twitter:label1\" content=\"Est. tempo de leitura\" \/>\n\t<meta name=\"twitter:data1\" content=\"1 minuto\" \/>\n<script type=\"application\/ld+json\" class=\"yoast-schema-graph\">{\"@context\":\"https:\/\/schema.org\",\"@graph\":[{\"@type\":\"WebPage\",\"@id\":\"https:\/\/pharmacy-tlv.com\/shop\/antibiotics\/doxylin-100mg-10t\/\",\"url\":\"https:\/\/pharmacy-tlv.com\/shop\/antibiotics\/doxylin-100mg-10t\/\",\"name\":\"Doxylin 100mg (10t) - Buy in Israel | Fast Delivery!\",\"isPartOf\":{\"@id\":\"https:\/\/pharmacy-tlv.com\/#website\"},\"primaryImageOfPage\":{\"@id\":\"https:\/\/pharmacy-tlv.com\/shop\/antibiotics\/doxylin-100mg-10t\/#primaryimage\"},\"image\":{\"@id\":\"https:\/\/pharmacy-tlv.com\/shop\/antibiotics\/doxylin-100mg-10t\/#primaryimage\"},\"thumbnailUrl\":\"https:\/\/mlz1smk5t7q7.i.optimole.com\/cb:lQg3.de6\/w:auto\/h:auto\/q:mauto\/https:\/\/pharmacy-tlv.com\/wp-content\/uploads\/2025\/05\/doxylin-100mg-10-tabletok-israel.png\",\"datePublished\":\"2025-05-15T18:23:05+00:00\",\"dateModified\":\"2025-05-23T14:26:55+00:00\",\"description\":\"Medicinal product. For the treatment of infections caused by bacteria sensitive to doxycycline, including respiratory tract infections.\",\"breadcrumb\":{\"@id\":\"https:\/\/pharmacy-tlv.com\/shop\/antibiotics\/doxylin-100mg-10t\/#breadcrumb\"},\"inLanguage\":\"pt-BR\",\"potentialAction\":[{\"@type\":\"ReadAction\",\"target\":[\"https:\/\/pharmacy-tlv.com\/shop\/antibiotics\/doxylin-100mg-10t\/\"]}]},{\"@type\":\"ImageObject\",\"inLanguage\":\"pt-BR\",\"@id\":\"https:\/\/pharmacy-tlv.com\/shop\/antibiotics\/doxylin-100mg-10t\/#primaryimage\",\"url\":\"https:\/\/mlz1smk5t7q7.i.optimole.com\/cb:lQg3.de6\/w:auto\/h:auto\/q:mauto\/https:\/\/pharmacy-tlv.com\/wp-content\/uploads\/2025\/05\/doxylin-100mg-10-tabletok-israel.png\",\"contentUrl\":\"https:\/\/mlz1smk5t7q7.i.optimole.com\/cb:lQg3.de6\/w:auto\/h:auto\/q:mauto\/https:\/\/pharmacy-tlv.com\/wp-content\/uploads\/2025\/05\/doxylin-100mg-10-tabletok-israel.png\",\"width\":300,\"height\":300,\"caption\":\"doxylin 100mg 10 tabletok israel\"},{\"@type\":\"BreadcrumbList\",\"@id\":\"https:\/\/pharmacy-tlv.com\/shop\/antibiotics\/doxylin-100mg-10t\/#breadcrumb\",\"itemListElement\":[{\"@type\":\"ListItem\",\"position\":1,\"name\":\"Home\",\"item\":\"https:\/\/pharmacy-tlv.com\/\"},{\"@type\":\"ListItem\",\"position\":2,\"name\":\"Medications\",\"item\":\"https:\/\/pharmacy-tlv.com\/shop\/\"},{\"@type\":\"ListItem\",\"position\":3,\"name\":\"Doxylin 100mg (10t)\"}]},{\"@type\":\"WebSite\",\"@id\":\"https:\/\/pharmacy-tlv.com\/#website\",\"url\":\"https:\/\/pharmacy-tlv.com\/\",\"name\":\"Pharmacy TLV\",\"description\":\"Trusted Israeli Medications\",\"publisher\":{\"@id\":\"https:\/\/pharmacy-tlv.com\/#organization\"},\"alternateName\":\"Pharmacy-TLV\",\"potentialAction\":[{\"@type\":\"SearchAction\",\"target\":{\"@type\":\"EntryPoint\",\"urlTemplate\":\"https:\/\/pharmacy-tlv.com\/?s={search_term_string}\"},\"query-input\":{\"@type\":\"PropertyValueSpecification\",\"valueRequired\":true,\"valueName\":\"search_term_string\"}}],\"inLanguage\":\"pt-BR\"},{\"@type\":\"Organization\",\"@id\":\"https:\/\/pharmacy-tlv.com\/#organization\",\"name\":\"Pharmacy TLV\",\"alternateName\":\"Pharmacy-TLV\",\"url\":\"https:\/\/pharmacy-tlv.com\/\",\"logo\":{\"@type\":\"ImageObject\",\"inLanguage\":\"pt-BR\",\"@id\":\"https:\/\/pharmacy-tlv.com\/#\/schema\/logo\/image\/\",\"url\":\"https:\/\/mlz1smk5t7q7.i.optimole.com\/cb:lQg3.de6\/w:auto\/h:auto\/q:mauto\/https:\/\/pharmacy-tlv.com\/wp-content\/uploads\/2025\/05\/pharmacy-white.png\",\"contentUrl\":\"https:\/\/mlz1smk5t7q7.i.optimole.com\/cb:lQg3.de6\/w:auto\/h:auto\/q:mauto\/https:\/\/pharmacy-tlv.com\/wp-content\/uploads\/2025\/05\/pharmacy-white.png\",\"width\":500,\"height\":500,\"caption\":\"Pharmacy TLV\"},\"image\":{\"@id\":\"https:\/\/pharmacy-tlv.com\/#\/schema\/logo\/image\/\"}}]}<\/script>\n<!-- \/ Yoast SEO plugin. -->","yoast_head_json":{"title":"Doxylin 100mg (10t) - Comprar em Israel | Entrega r\u00e1pida!","description":"Medicamento. Para o tratamento de infec\u00e7\u00f5es causadas por bact\u00e9rias sens\u00edveis \u00e0 doxiciclina, incluindo infec\u00e7\u00f5es do trato respirat\u00f3rio.","robots":{"index":"index","follow":"follow","max-snippet":"max-snippet:-1","max-image-preview":"max-image-preview:large","max-video-preview":"max-video-preview:-1"},"canonical":"https:\/\/pharmacy-tlv.com\/pt\/loja\/antibioticos\/doxylin-100mg-10t\/","og_locale":"pt_BR","og_type":"article","og_title":"Doxylin 100mg (10t) - Buy in Israel | Fast Delivery!","og_description":"Medicinal product. For the treatment of infections caused by bacteria sensitive to doxycycline, including respiratory tract infections.","og_url":"https:\/\/pharmacy-tlv.com\/pt\/loja\/antibioticos\/doxylin-100mg-10t\/","og_site_name":"Pharmacy TLV","article_modified_time":"2025-05-23T14:26:55+00:00","og_image":[{"width":300,"height":300,"url":"https:\/\/mlz1smk5t7q7.i.optimole.com\/cb:lQg3.de6\/w:auto\/h:auto\/q:mauto\/https:\/\/pharmacy-tlv.com\/wp-content\/uploads\/2025\/05\/doxylin-100mg-10-tabletok-israel.png","type":"image\/png"}],"twitter_card":"summary_large_image","twitter_misc":{"Est. tempo de leitura":"1 minuto"},"schema":{"@context":"https:\/\/schema.org","@graph":[{"@type":"WebPage","@id":"https:\/\/pharmacy-tlv.com\/shop\/antibiotics\/doxylin-100mg-10t\/","url":"https:\/\/pharmacy-tlv.com\/shop\/antibiotics\/doxylin-100mg-10t\/","name":"Doxylin 100mg (10t) - Comprar em Israel | Entrega r\u00e1pida!","isPartOf":{"@id":"https:\/\/pharmacy-tlv.com\/#website"},"primaryImageOfPage":{"@id":"https:\/\/pharmacy-tlv.com\/shop\/antibiotics\/doxylin-100mg-10t\/#primaryimage"},"image":{"@id":"https:\/\/pharmacy-tlv.com\/shop\/antibiotics\/doxylin-100mg-10t\/#primaryimage"},"thumbnailUrl":"https:\/\/mlz1smk5t7q7.i.optimole.com\/cb:lQg3.de6\/w:auto\/h:auto\/q:mauto\/https:\/\/pharmacy-tlv.com\/wp-content\/uploads\/2025\/05\/doxylin-100mg-10-tabletok-israel.png","datePublished":"2025-05-15T18:23:05+00:00","dateModified":"2025-05-23T14:26:55+00:00","description":"Medicamento. Para o tratamento de infec\u00e7\u00f5es causadas por bact\u00e9rias sens\u00edveis \u00e0 doxiciclina, incluindo infec\u00e7\u00f5es do trato respirat\u00f3rio.","breadcrumb":{"@id":"https:\/\/pharmacy-tlv.com\/shop\/antibiotics\/doxylin-100mg-10t\/#breadcrumb"},"inLanguage":"pt-BR","potentialAction":[{"@type":"ReadAction","target":["https:\/\/pharmacy-tlv.com\/shop\/antibiotics\/doxylin-100mg-10t\/"]}]},{"@type":"ImageObject","inLanguage":"pt-BR","@id":"https:\/\/pharmacy-tlv.com\/shop\/antibiotics\/doxylin-100mg-10t\/#primaryimage","url":"https:\/\/mlz1smk5t7q7.i.optimole.com\/cb:lQg3.de6\/w:auto\/h:auto\/q:mauto\/https:\/\/pharmacy-tlv.com\/wp-content\/uploads\/2025\/05\/doxylin-100mg-10-tabletok-israel.png","contentUrl":"https:\/\/mlz1smk5t7q7.i.optimole.com\/cb:lQg3.de6\/w:auto\/h:auto\/q:mauto\/https:\/\/pharmacy-tlv.com\/wp-content\/uploads\/2025\/05\/doxylin-100mg-10-tabletok-israel.png","width":300,"height":300,"caption":"doxylin 100mg 10 tabletok israel"},{"@type":"BreadcrumbList","@id":"https:\/\/pharmacy-tlv.com\/shop\/antibiotics\/doxylin-100mg-10t\/#breadcrumb","itemListElement":[{"@type":"ListItem","position":1,"name":"Home","item":"https:\/\/pharmacy-tlv.com\/"},{"@type":"ListItem","position":2,"name":"Medications","item":"https:\/\/pharmacy-tlv.com\/shop\/"},{"@type":"ListItem","position":3,"name":"Doxylin 100mg (10t)"}]},{"@type":"WebSite","@id":"https:\/\/pharmacy-tlv.com\/#website","url":"https:\/\/pharmacy-tlv.com\/","name":"Farm\u00e1cia TLV","description":"Medicamentos israelenses de confian\u00e7a","publisher":{"@id":"https:\/\/pharmacy-tlv.com\/#organization"},"alternateName":"Pharmacy-TLV","potentialAction":[{"@type":"SearchAction","target":{"@type":"EntryPoint","urlTemplate":"https:\/\/pharmacy-tlv.com\/?s={search_term_string}"},"query-input":{"@type":"PropertyValueSpecification","valueRequired":true,"valueName":"search_term_string"}}],"inLanguage":"pt-BR"},{"@type":"Organization","@id":"https:\/\/pharmacy-tlv.com\/#organization","name":"Farm\u00e1cia TLV","alternateName":"Pharmacy-TLV","url":"https:\/\/pharmacy-tlv.com\/","logo":{"@type":"ImageObject","inLanguage":"pt-BR","@id":"https:\/\/pharmacy-tlv.com\/#\/schema\/logo\/image\/","url":"https:\/\/mlz1smk5t7q7.i.optimole.com\/cb:lQg3.de6\/w:auto\/h:auto\/q:mauto\/https:\/\/pharmacy-tlv.com\/wp-content\/uploads\/2025\/05\/pharmacy-white.png","contentUrl":"https:\/\/mlz1smk5t7q7.i.optimole.com\/cb:lQg3.de6\/w:auto\/h:auto\/q:mauto\/https:\/\/pharmacy-tlv.com\/wp-content\/uploads\/2025\/05\/pharmacy-white.png","width":500,"height":500,"caption":"Pharmacy TLV"},"image":{"@id":"https:\/\/pharmacy-tlv.com\/#\/schema\/logo\/image\/"}}]}},"_links":{"self":[{"href":"https:\/\/pharmacy-tlv.com\/pt\/wp-json\/wp\/v2\/product\/1274","targetHints":{"allow":["GET"]}}],"collection":[{"href":"https:\/\/pharmacy-tlv.com\/pt\/wp-json\/wp\/v2\/product"}],"about":[{"href":"https:\/\/pharmacy-tlv.com\/pt\/wp-json\/wp\/v2\/types\/product"}],"wp:featuredmedia":[{"embeddable":true,"href":"https:\/\/pharmacy-tlv.com\/pt\/wp-json\/wp\/v2\/media\/824"}],"wp:attachment":[{"href":"https:\/\/pharmacy-tlv.com\/pt\/wp-json\/wp\/v2\/media?parent=1274"}],"wp:term":[{"taxonomy":"product_brand","embeddable":true,"href":"https:\/\/pharmacy-tlv.com\/pt\/wp-json\/wp\/v2\/product_brand?post=1274"},{"taxonomy":"product_cat","embeddable":true,"href":"https:\/\/pharmacy-tlv.com\/pt\/wp-json\/wp\/v2\/product_cat?post=1274"},{"taxonomy":"product_tag","embeddable":true,"href":"https:\/\/pharmacy-tlv.com\/pt\/wp-json\/wp\/v2\/product_tag?post=1274"}],"curies":[{"name":"wp","href":"https:\/\/api.w.org\/{rel}","templated":true}]}}