{"id":1271,"date":"2025-05-15T18:23:05","date_gmt":"2025-05-15T18:23:05","guid":{"rendered":"https:\/\/pharmacy-tlv.com\/?post_type=product&#038;p=1271"},"modified":"2025-05-23T14:13:58","modified_gmt":"2025-05-23T14:13:58","slug":"flagyl-250mg-20t","status":"publish","type":"product","link":"https:\/\/pharmacy-tlv.com\/pt\/loja\/antifungico\/flagyl-250mg-20t\/","title":{"rendered":"Flagyl 250mg (20t)"},"content":{"rendered":"<p>Flagyl<\/p>\n<p>Medicina.<\/p>\n<p><strong>Aplicativo<\/strong><\/p>\n<p>Para o tratamento de doen\u00e7as infecciosas causadas por microrganismos sens\u00edveis ao metronidazol, incluindo doen\u00e7as causadas por bact\u00e9rias anaer\u00f3bicas e protozo\u00e1rios (por exemplo, disenteria amebiana, tricomon\u00edase).<\/p>\n<p><strong>Causa<\/strong><\/p>\n<p>Infec\u00e7\u00f5es bacterianas causadas por anaer\u00f3bios.<\/p>\n<p>Infec\u00e7\u00f5es por protozo\u00e1rios (tricomon\u00edase, ameb\u00edase).<\/p>\n<p>Infec\u00e7\u00f5es ginecol\u00f3gicas.<\/p>\n<p>Infec\u00e7\u00f5es gastrointestinais (por exemplo, \u00falceras causadas por Helicobacter pylori).<\/p>\n<p>Contraindicado na gravidez no primeiro trimestre.<\/p>\n<p><strong>Propriedade de tratamento<\/strong><\/p>\n<p>A\u00e7\u00e3o antimicrobiana e antiprotozo\u00e1ria.<\/p>\n<p>Destr\u00f3i bact\u00e9rias e protozo\u00e1rios anaer\u00f3bicos.<\/p>\n<p>Efeito anti-inflamat\u00f3rio em infec\u00e7\u00f5es.<\/p>\n<p><strong>Tipo de medicamento<\/strong><\/p>\n<p>Comprimidos para uso oral.<\/p>\n<p><strong>Fabricante<\/strong><\/p>\n<p>Merck, Alemanha.<\/p>\n<p><strong>Subst\u00e2ncias ativas<\/strong><\/p>\n<p>Metronidazol (subst\u00e2ncia ativa principal).<\/p>\n<p>Metronidazol<\/p>\n<p><em>#comprar Flagyl em Israel, #Flagyl em Israel, #flagyl Israel, #Flagyl Israel<\/em> <em>#comprar Flagyl em Israel, #Flagyl em Israel, #flagyl Israel<\/em> <em> <em>#Flagyl frete gr\u00e1tis, #Flagyl frete gr\u00e1tis<\/em><\/em><\/p>","protected":false},"excerpt":{"rendered":"<p>Medicina.<\/p>\n<p>For the treatment of infectious diseases caused by microorganisms sensitive to metronidazole, including diseases caused by anaerobic bacteria and protozoa (for example, amoebic dysentery, trichomoniasis).<\/p>","protected":false},"featured_media":821,"template":"","meta":[],"product_brand":[],"product_cat":[47,39],"product_tag":[],"class_list":{"0":"post-1271","1":"product","2":"type-product","3":"status-publish","4":"has-post-thumbnail","6":"product_cat-all-medications","7":"product_cat-antifungal","9":"first","10":"instock","11":"shipping-taxable","12":"purchasable","13":"product-type-simple"},"yoast_head":"<!-- This site is optimized with the Yoast SEO plugin v25.1 - https:\/\/yoast.com\/wordpress\/plugins\/seo\/ -->\n<title>Flagyl 250mg (20t) - Buy in Israel | Fast Delivery!<\/title>\n<meta name=\"description\" content=\"Medicine. For the treatment of infectious diseases caused by microorganisms sensitive to metronidazole, including diseases caused by anaerobic bacteria.\" \/>\n<meta name=\"robots\" content=\"index, follow, max-snippet:-1, max-image-preview:large, max-video-preview:-1\" \/>\n<link rel=\"canonical\" href=\"https:\/\/pharmacy-tlv.com\/pt\/loja\/antifungico\/flagyl-250mg-20t\/\" \/>\n<meta property=\"og:locale\" content=\"pt_BR\" \/>\n<meta property=\"og:type\" content=\"article\" \/>\n<meta property=\"og:title\" content=\"Flagyl 250mg (20t) - Buy in Israel | Fast Delivery!\" \/>\n<meta property=\"og:description\" content=\"Medicine. For the treatment of infectious diseases caused by microorganisms sensitive to metronidazole, including diseases caused by anaerobic bacteria.\" \/>\n<meta property=\"og:url\" content=\"https:\/\/pharmacy-tlv.com\/pt\/loja\/antifungico\/flagyl-250mg-20t\/\" \/>\n<meta property=\"og:site_name\" content=\"Pharmacy TLV\" \/>\n<meta property=\"article:modified_time\" content=\"2025-05-23T14:13:58+00:00\" \/>\n<meta property=\"og:image\" content=\"https:\/\/mlz1smk5t7q7.i.optimole.com\/cb:lQg3.de6\/w:auto\/h:auto\/q:mauto\/https:\/\/pharmacy-tlv.com\/wp-content\/uploads\/2025\/05\/flagyl-250mg-20-tabletok-israel.png\" \/>\n\t<meta property=\"og:image:width\" content=\"300\" \/>\n\t<meta property=\"og:image:height\" content=\"300\" \/>\n\t<meta property=\"og:image:type\" content=\"image\/png\" \/>\n<meta name=\"twitter:card\" content=\"summary_large_image\" \/>\n<meta name=\"twitter:label1\" content=\"Est. tempo de leitura\" \/>\n\t<meta name=\"twitter:data1\" content=\"1 minuto\" \/>\n<script type=\"application\/ld+json\" class=\"yoast-schema-graph\">{\"@context\":\"https:\/\/schema.org\",\"@graph\":[{\"@type\":\"WebPage\",\"@id\":\"https:\/\/pharmacy-tlv.com\/shop\/antifungal\/flagyl-250mg-20t\/\",\"url\":\"https:\/\/pharmacy-tlv.com\/shop\/antifungal\/flagyl-250mg-20t\/\",\"name\":\"Flagyl 250mg (20t) - Buy in Israel | Fast Delivery!\",\"isPartOf\":{\"@id\":\"https:\/\/pharmacy-tlv.com\/#website\"},\"primaryImageOfPage\":{\"@id\":\"https:\/\/pharmacy-tlv.com\/shop\/antifungal\/flagyl-250mg-20t\/#primaryimage\"},\"image\":{\"@id\":\"https:\/\/pharmacy-tlv.com\/shop\/antifungal\/flagyl-250mg-20t\/#primaryimage\"},\"thumbnailUrl\":\"https:\/\/mlz1smk5t7q7.i.optimole.com\/cb:lQg3.de6\/w:auto\/h:auto\/q:mauto\/https:\/\/pharmacy-tlv.com\/wp-content\/uploads\/2025\/05\/flagyl-250mg-20-tabletok-israel.png\",\"datePublished\":\"2025-05-15T18:23:05+00:00\",\"dateModified\":\"2025-05-23T14:13:58+00:00\",\"description\":\"Medicine. For the treatment of infectious diseases caused by microorganisms sensitive to metronidazole, including diseases caused by anaerobic bacteria.\",\"breadcrumb\":{\"@id\":\"https:\/\/pharmacy-tlv.com\/shop\/antifungal\/flagyl-250mg-20t\/#breadcrumb\"},\"inLanguage\":\"pt-BR\",\"potentialAction\":[{\"@type\":\"ReadAction\",\"target\":[\"https:\/\/pharmacy-tlv.com\/shop\/antifungal\/flagyl-250mg-20t\/\"]}]},{\"@type\":\"ImageObject\",\"inLanguage\":\"pt-BR\",\"@id\":\"https:\/\/pharmacy-tlv.com\/shop\/antifungal\/flagyl-250mg-20t\/#primaryimage\",\"url\":\"https:\/\/mlz1smk5t7q7.i.optimole.com\/cb:lQg3.de6\/w:auto\/h:auto\/q:mauto\/https:\/\/pharmacy-tlv.com\/wp-content\/uploads\/2025\/05\/flagyl-250mg-20-tabletok-israel.png\",\"contentUrl\":\"https:\/\/mlz1smk5t7q7.i.optimole.com\/cb:lQg3.de6\/w:auto\/h:auto\/q:mauto\/https:\/\/pharmacy-tlv.com\/wp-content\/uploads\/2025\/05\/flagyl-250mg-20-tabletok-israel.png\",\"width\":300,\"height\":300,\"caption\":\"flagyl 250mg 20 tabletok israel\"},{\"@type\":\"BreadcrumbList\",\"@id\":\"https:\/\/pharmacy-tlv.com\/shop\/antifungal\/flagyl-250mg-20t\/#breadcrumb\",\"itemListElement\":[{\"@type\":\"ListItem\",\"position\":1,\"name\":\"Home\",\"item\":\"https:\/\/pharmacy-tlv.com\/\"},{\"@type\":\"ListItem\",\"position\":2,\"name\":\"Medications\",\"item\":\"https:\/\/pharmacy-tlv.com\/shop\/\"},{\"@type\":\"ListItem\",\"position\":3,\"name\":\"Flagyl 250mg (20t)\"}]},{\"@type\":\"WebSite\",\"@id\":\"https:\/\/pharmacy-tlv.com\/#website\",\"url\":\"https:\/\/pharmacy-tlv.com\/\",\"name\":\"Pharmacy TLV\",\"description\":\"Trusted Israeli Medications\",\"publisher\":{\"@id\":\"https:\/\/pharmacy-tlv.com\/#organization\"},\"alternateName\":\"Pharmacy-TLV\",\"potentialAction\":[{\"@type\":\"SearchAction\",\"target\":{\"@type\":\"EntryPoint\",\"urlTemplate\":\"https:\/\/pharmacy-tlv.com\/?s={search_term_string}\"},\"query-input\":{\"@type\":\"PropertyValueSpecification\",\"valueRequired\":true,\"valueName\":\"search_term_string\"}}],\"inLanguage\":\"pt-BR\"},{\"@type\":\"Organization\",\"@id\":\"https:\/\/pharmacy-tlv.com\/#organization\",\"name\":\"Pharmacy TLV\",\"alternateName\":\"Pharmacy-TLV\",\"url\":\"https:\/\/pharmacy-tlv.com\/\",\"logo\":{\"@type\":\"ImageObject\",\"inLanguage\":\"pt-BR\",\"@id\":\"https:\/\/pharmacy-tlv.com\/#\/schema\/logo\/image\/\",\"url\":\"https:\/\/mlz1smk5t7q7.i.optimole.com\/cb:lQg3.de6\/w:auto\/h:auto\/q:mauto\/https:\/\/pharmacy-tlv.com\/wp-content\/uploads\/2025\/05\/pharmacy-white.png\",\"contentUrl\":\"https:\/\/mlz1smk5t7q7.i.optimole.com\/cb:lQg3.de6\/w:auto\/h:auto\/q:mauto\/https:\/\/pharmacy-tlv.com\/wp-content\/uploads\/2025\/05\/pharmacy-white.png\",\"width\":500,\"height\":500,\"caption\":\"Pharmacy TLV\"},\"image\":{\"@id\":\"https:\/\/pharmacy-tlv.com\/#\/schema\/logo\/image\/\"}}]}<\/script>\n<!-- \/ Yoast SEO plugin. -->","yoast_head_json":{"title":"Flagyl 250mg (20t) - Comprar em Israel | Entrega r\u00e1pida!","description":"Medicamentos. Para o tratamento de doen\u00e7as infecciosas causadas por microorganismos sens\u00edveis ao metronidazol, incluindo doen\u00e7as causadas por bact\u00e9rias anaer\u00f3bicas.","robots":{"index":"index","follow":"follow","max-snippet":"max-snippet:-1","max-image-preview":"max-image-preview:large","max-video-preview":"max-video-preview:-1"},"canonical":"https:\/\/pharmacy-tlv.com\/pt\/loja\/antifungico\/flagyl-250mg-20t\/","og_locale":"pt_BR","og_type":"article","og_title":"Flagyl 250mg (20t) - Buy in Israel | Fast Delivery!","og_description":"Medicine. For the treatment of infectious diseases caused by microorganisms sensitive to metronidazole, including diseases caused by anaerobic bacteria.","og_url":"https:\/\/pharmacy-tlv.com\/pt\/loja\/antifungico\/flagyl-250mg-20t\/","og_site_name":"Pharmacy TLV","article_modified_time":"2025-05-23T14:13:58+00:00","og_image":[{"width":300,"height":300,"url":"https:\/\/mlz1smk5t7q7.i.optimole.com\/cb:lQg3.de6\/w:auto\/h:auto\/q:mauto\/https:\/\/pharmacy-tlv.com\/wp-content\/uploads\/2025\/05\/flagyl-250mg-20-tabletok-israel.png","type":"image\/png"}],"twitter_card":"summary_large_image","twitter_misc":{"Est. tempo de leitura":"1 minuto"},"schema":{"@context":"https:\/\/schema.org","@graph":[{"@type":"WebPage","@id":"https:\/\/pharmacy-tlv.com\/shop\/antifungal\/flagyl-250mg-20t\/","url":"https:\/\/pharmacy-tlv.com\/shop\/antifungal\/flagyl-250mg-20t\/","name":"Flagyl 250mg (20t) - Comprar em Israel | Entrega r\u00e1pida!","isPartOf":{"@id":"https:\/\/pharmacy-tlv.com\/#website"},"primaryImageOfPage":{"@id":"https:\/\/pharmacy-tlv.com\/shop\/antifungal\/flagyl-250mg-20t\/#primaryimage"},"image":{"@id":"https:\/\/pharmacy-tlv.com\/shop\/antifungal\/flagyl-250mg-20t\/#primaryimage"},"thumbnailUrl":"https:\/\/mlz1smk5t7q7.i.optimole.com\/cb:lQg3.de6\/w:auto\/h:auto\/q:mauto\/https:\/\/pharmacy-tlv.com\/wp-content\/uploads\/2025\/05\/flagyl-250mg-20-tabletok-israel.png","datePublished":"2025-05-15T18:23:05+00:00","dateModified":"2025-05-23T14:13:58+00:00","description":"Medicamentos. Para o tratamento de doen\u00e7as infecciosas causadas por microorganismos sens\u00edveis ao metronidazol, incluindo doen\u00e7as causadas por bact\u00e9rias anaer\u00f3bicas.","breadcrumb":{"@id":"https:\/\/pharmacy-tlv.com\/shop\/antifungal\/flagyl-250mg-20t\/#breadcrumb"},"inLanguage":"pt-BR","potentialAction":[{"@type":"ReadAction","target":["https:\/\/pharmacy-tlv.com\/shop\/antifungal\/flagyl-250mg-20t\/"]}]},{"@type":"ImageObject","inLanguage":"pt-BR","@id":"https:\/\/pharmacy-tlv.com\/shop\/antifungal\/flagyl-250mg-20t\/#primaryimage","url":"https:\/\/mlz1smk5t7q7.i.optimole.com\/cb:lQg3.de6\/w:auto\/h:auto\/q:mauto\/https:\/\/pharmacy-tlv.com\/wp-content\/uploads\/2025\/05\/flagyl-250mg-20-tabletok-israel.png","contentUrl":"https:\/\/mlz1smk5t7q7.i.optimole.com\/cb:lQg3.de6\/w:auto\/h:auto\/q:mauto\/https:\/\/pharmacy-tlv.com\/wp-content\/uploads\/2025\/05\/flagyl-250mg-20-tabletok-israel.png","width":300,"height":300,"caption":"flagyl 250mg 20 tabletok israel"},{"@type":"BreadcrumbList","@id":"https:\/\/pharmacy-tlv.com\/shop\/antifungal\/flagyl-250mg-20t\/#breadcrumb","itemListElement":[{"@type":"ListItem","position":1,"name":"Home","item":"https:\/\/pharmacy-tlv.com\/"},{"@type":"ListItem","position":2,"name":"Medications","item":"https:\/\/pharmacy-tlv.com\/shop\/"},{"@type":"ListItem","position":3,"name":"Flagyl 250mg (20t)"}]},{"@type":"WebSite","@id":"https:\/\/pharmacy-tlv.com\/#website","url":"https:\/\/pharmacy-tlv.com\/","name":"Farm\u00e1cia TLV","description":"Medicamentos israelenses de confian\u00e7a","publisher":{"@id":"https:\/\/pharmacy-tlv.com\/#organization"},"alternateName":"Pharmacy-TLV","potentialAction":[{"@type":"SearchAction","target":{"@type":"EntryPoint","urlTemplate":"https:\/\/pharmacy-tlv.com\/?s={search_term_string}"},"query-input":{"@type":"PropertyValueSpecification","valueRequired":true,"valueName":"search_term_string"}}],"inLanguage":"pt-BR"},{"@type":"Organization","@id":"https:\/\/pharmacy-tlv.com\/#organization","name":"Farm\u00e1cia TLV","alternateName":"Pharmacy-TLV","url":"https:\/\/pharmacy-tlv.com\/","logo":{"@type":"ImageObject","inLanguage":"pt-BR","@id":"https:\/\/pharmacy-tlv.com\/#\/schema\/logo\/image\/","url":"https:\/\/mlz1smk5t7q7.i.optimole.com\/cb:lQg3.de6\/w:auto\/h:auto\/q:mauto\/https:\/\/pharmacy-tlv.com\/wp-content\/uploads\/2025\/05\/pharmacy-white.png","contentUrl":"https:\/\/mlz1smk5t7q7.i.optimole.com\/cb:lQg3.de6\/w:auto\/h:auto\/q:mauto\/https:\/\/pharmacy-tlv.com\/wp-content\/uploads\/2025\/05\/pharmacy-white.png","width":500,"height":500,"caption":"Pharmacy TLV"},"image":{"@id":"https:\/\/pharmacy-tlv.com\/#\/schema\/logo\/image\/"}}]}},"_links":{"self":[{"href":"https:\/\/pharmacy-tlv.com\/pt\/wp-json\/wp\/v2\/product\/1271","targetHints":{"allow":["GET"]}}],"collection":[{"href":"https:\/\/pharmacy-tlv.com\/pt\/wp-json\/wp\/v2\/product"}],"about":[{"href":"https:\/\/pharmacy-tlv.com\/pt\/wp-json\/wp\/v2\/types\/product"}],"wp:featuredmedia":[{"embeddable":true,"href":"https:\/\/pharmacy-tlv.com\/pt\/wp-json\/wp\/v2\/media\/821"}],"wp:attachment":[{"href":"https:\/\/pharmacy-tlv.com\/pt\/wp-json\/wp\/v2\/media?parent=1271"}],"wp:term":[{"taxonomy":"product_brand","embeddable":true,"href":"https:\/\/pharmacy-tlv.com\/pt\/wp-json\/wp\/v2\/product_brand?post=1271"},{"taxonomy":"product_cat","embeddable":true,"href":"https:\/\/pharmacy-tlv.com\/pt\/wp-json\/wp\/v2\/product_cat?post=1271"},{"taxonomy":"product_tag","embeddable":true,"href":"https:\/\/pharmacy-tlv.com\/pt\/wp-json\/wp\/v2\/product_tag?post=1271"}],"curies":[{"name":"wp","href":"https:\/\/api.w.org\/{rel}","templated":true}]}}