{"id":1268,"date":"2025-05-15T18:23:05","date_gmt":"2025-05-15T18:23:05","guid":{"rendered":"https:\/\/pharmacy-tlv.com\/?post_type=product&#038;p=1268"},"modified":"2025-05-23T14:09:45","modified_gmt":"2025-05-23T14:09:45","slug":"dezoren-ear-antibiotic-drops","status":"publish","type":"product","link":"https:\/\/pharmacy-tlv.com\/pt\/loja\/antibioticos\/dezoren-ear-antibiotic-drops\/","title":{"rendered":"Dezoren gotas antibi\u00f3ticas para os ouvidos"},"content":{"rendered":"<p>Gotas antibi\u00f3ticas Desoren para os ouvidos<\/p>\n<p>Medicina.<\/p>\n<p><strong>Aplicativo<\/strong><\/p>\n<p>Para o tratamento de doen\u00e7as infecciosas do ouvido, como otite m\u00e9dia aguda e otite externa, e para a preven\u00e7\u00e3o e o tratamento da inflama\u00e7\u00e3o do ouvido causada por infec\u00e7\u00f5es bacterianas.<\/p>\n<p><strong>Causa<\/strong><\/p>\n<p>Infec\u00e7\u00f5es do ouvido externo (otite externa).<\/p>\n<p>Infec\u00e7\u00f5es do ouvido m\u00e9dio (otite m\u00e9dia).<\/p>\n<p>Doen\u00e7as inflamat\u00f3rias do ouvido causadas por pat\u00f3genos bacterianos.<\/p>\n<p><strong>Propriedade de tratamento<\/strong><\/p>\n<p>A\u00e7\u00e3o antibacteriana contra microorganismos patog\u00eanicos que causam doen\u00e7as infecciosas do ouvido.<\/p>\n<p>A\u00e7\u00e3o analg\u00e9sica e anti-inflamat\u00f3ria.<\/p>\n<p>A\u00e7\u00e3o anti-infecciosa em \u00e1reas de inflama\u00e7\u00e3o.<\/p>\n<p><strong>Tipo de medicamento<\/strong><\/p>\n<p>Gotas para uso t\u00f3pico (no ouvido).<\/p>\n<p><strong>Fabricante<\/strong><\/p>\n<p>Depende da marca espec\u00edfica, pois o Desoren pode ser produzido por diferentes empresas.<\/p>\n<p><strong>Ingredientes ativos<\/strong><\/p>\n<p>Principal ingrediente ativo: antibi\u00f3ticos (por exemplo, fluoroquinolonas ou outros componentes antibacterianos usados nas gotas).<\/p>\n<p>fluoroquinolonas<\/p>\n<p><em>#comprar Dezoren gotas antibacterianas para os ouvidos em Israel, #Dezoren gotas antibacterianas para os ouvidos em Israel, #dezoren gotas para os ouvidos em Israel, #Dezoren gotas antibacterianas para os ouvidos em Israel<\/em> <em>#comprar Dezoren gotas para os ouvidos em Israel, #Dezoren gotas para os ouvidos em Israel, #dezoren gotas para os ouvidos em Israel<\/em> <em> <em>#Dezoren gotas antibacterianas para os ouvidos frete gr\u00e1tis, #Dezoren gotas para os ouvidos frete gr\u00e1tis<\/em><\/em><\/p>","protected":false},"excerpt":{"rendered":"<p>Medicamento.<\/p>\n<p>For the treatment of infectious diseases of the ear, such as acute otitis media, otitis externa, and for the prevention and treatment of inflammation in the ears caused by bacterial infections.<\/p>","protected":false},"featured_media":818,"template":"","meta":[],"product_brand":[],"product_cat":[47,23],"product_tag":[],"class_list":{"0":"post-1268","1":"product","2":"type-product","3":"status-publish","4":"has-post-thumbnail","6":"product_cat-all-medications","7":"product_cat-antibiotics","9":"first","10":"instock","11":"shipping-taxable","12":"purchasable","13":"product-type-simple"},"yoast_head":"<!-- This site is optimized with the Yoast SEO plugin v25.1 - https:\/\/yoast.com\/wordpress\/plugins\/seo\/ -->\n<title>Dezoren ear antibiotic drops - Buy in Israel | Fast Delivery!<\/title>\n<meta name=\"description\" content=\"For the treatment of infectious diseases of the ear, such as acute otitis media, otitis externa, and for the prevention and treatment of inflammation in the ears.\" \/>\n<meta name=\"robots\" content=\"index, follow, max-snippet:-1, max-image-preview:large, max-video-preview:-1\" \/>\n<link rel=\"canonical\" href=\"https:\/\/pharmacy-tlv.com\/pt\/loja\/antibioticos\/dezoren-ear-antibiotic-drops\/\" \/>\n<meta property=\"og:locale\" content=\"pt_BR\" \/>\n<meta property=\"og:type\" content=\"article\" \/>\n<meta property=\"og:title\" content=\"Dezoren ear antibiotic drops - Buy in Israel | Fast Delivery!\" \/>\n<meta property=\"og:description\" content=\"For the treatment of infectious diseases of the ear, such as acute otitis media, otitis externa, and for the prevention and treatment of inflammation in the ears.\" \/>\n<meta property=\"og:url\" content=\"https:\/\/pharmacy-tlv.com\/pt\/loja\/antibioticos\/dezoren-ear-antibiotic-drops\/\" \/>\n<meta property=\"og:site_name\" content=\"Pharmacy TLV\" \/>\n<meta property=\"article:modified_time\" content=\"2025-05-23T14:09:45+00:00\" \/>\n<meta property=\"og:image\" content=\"https:\/\/mlz1smk5t7q7.i.optimole.com\/cb:lQg3.de6\/w:auto\/h:auto\/q:mauto\/https:\/\/pharmacy-tlv.com\/wp-content\/uploads\/2025\/05\/dezoren-ear-antibacterial-drops-israel.png\" \/>\n\t<meta property=\"og:image:width\" content=\"300\" \/>\n\t<meta property=\"og:image:height\" content=\"300\" \/>\n\t<meta property=\"og:image:type\" content=\"image\/png\" \/>\n<meta name=\"twitter:card\" content=\"summary_large_image\" \/>\n<meta name=\"twitter:label1\" content=\"Est. tempo de leitura\" \/>\n\t<meta name=\"twitter:data1\" content=\"1 minuto\" \/>\n<script type=\"application\/ld+json\" class=\"yoast-schema-graph\">{\"@context\":\"https:\/\/schema.org\",\"@graph\":[{\"@type\":\"WebPage\",\"@id\":\"https:\/\/pharmacy-tlv.com\/shop\/antibiotics\/dezoren-ear-antibiotic-drops\/\",\"url\":\"https:\/\/pharmacy-tlv.com\/shop\/antibiotics\/dezoren-ear-antibiotic-drops\/\",\"name\":\"Dezoren ear antibiotic drops - Buy in Israel | Fast Delivery!\",\"isPartOf\":{\"@id\":\"https:\/\/pharmacy-tlv.com\/#website\"},\"primaryImageOfPage\":{\"@id\":\"https:\/\/pharmacy-tlv.com\/shop\/antibiotics\/dezoren-ear-antibiotic-drops\/#primaryimage\"},\"image\":{\"@id\":\"https:\/\/pharmacy-tlv.com\/shop\/antibiotics\/dezoren-ear-antibiotic-drops\/#primaryimage\"},\"thumbnailUrl\":\"https:\/\/mlz1smk5t7q7.i.optimole.com\/cb:lQg3.de6\/w:auto\/h:auto\/q:mauto\/https:\/\/pharmacy-tlv.com\/wp-content\/uploads\/2025\/05\/dezoren-ear-antibacterial-drops-israel.png\",\"datePublished\":\"2025-05-15T18:23:05+00:00\",\"dateModified\":\"2025-05-23T14:09:45+00:00\",\"description\":\"For the treatment of infectious diseases of the ear, such as acute otitis media, otitis externa, and for the prevention and treatment of inflammation in the ears.\",\"breadcrumb\":{\"@id\":\"https:\/\/pharmacy-tlv.com\/shop\/antibiotics\/dezoren-ear-antibiotic-drops\/#breadcrumb\"},\"inLanguage\":\"pt-BR\",\"potentialAction\":[{\"@type\":\"ReadAction\",\"target\":[\"https:\/\/pharmacy-tlv.com\/shop\/antibiotics\/dezoren-ear-antibiotic-drops\/\"]}]},{\"@type\":\"ImageObject\",\"inLanguage\":\"pt-BR\",\"@id\":\"https:\/\/pharmacy-tlv.com\/shop\/antibiotics\/dezoren-ear-antibiotic-drops\/#primaryimage\",\"url\":\"https:\/\/mlz1smk5t7q7.i.optimole.com\/cb:lQg3.de6\/w:auto\/h:auto\/q:mauto\/https:\/\/pharmacy-tlv.com\/wp-content\/uploads\/2025\/05\/dezoren-ear-antibacterial-drops-israel.png\",\"contentUrl\":\"https:\/\/mlz1smk5t7q7.i.optimole.com\/cb:lQg3.de6\/w:auto\/h:auto\/q:mauto\/https:\/\/pharmacy-tlv.com\/wp-content\/uploads\/2025\/05\/dezoren-ear-antibacterial-drops-israel.png\",\"width\":300,\"height\":300,\"caption\":\"dezoren-ear-antibacterial-drops-israel\"},{\"@type\":\"BreadcrumbList\",\"@id\":\"https:\/\/pharmacy-tlv.com\/shop\/antibiotics\/dezoren-ear-antibiotic-drops\/#breadcrumb\",\"itemListElement\":[{\"@type\":\"ListItem\",\"position\":1,\"name\":\"Home\",\"item\":\"https:\/\/pharmacy-tlv.com\/\"},{\"@type\":\"ListItem\",\"position\":2,\"name\":\"Medications\",\"item\":\"https:\/\/pharmacy-tlv.com\/shop\/\"},{\"@type\":\"ListItem\",\"position\":3,\"name\":\"Dezoren ear antibiotic drops\"}]},{\"@type\":\"WebSite\",\"@id\":\"https:\/\/pharmacy-tlv.com\/#website\",\"url\":\"https:\/\/pharmacy-tlv.com\/\",\"name\":\"Pharmacy TLV\",\"description\":\"Trusted Israeli Medications\",\"publisher\":{\"@id\":\"https:\/\/pharmacy-tlv.com\/#organization\"},\"alternateName\":\"Pharmacy-TLV\",\"potentialAction\":[{\"@type\":\"SearchAction\",\"target\":{\"@type\":\"EntryPoint\",\"urlTemplate\":\"https:\/\/pharmacy-tlv.com\/?s={search_term_string}\"},\"query-input\":{\"@type\":\"PropertyValueSpecification\",\"valueRequired\":true,\"valueName\":\"search_term_string\"}}],\"inLanguage\":\"pt-BR\"},{\"@type\":\"Organization\",\"@id\":\"https:\/\/pharmacy-tlv.com\/#organization\",\"name\":\"Pharmacy TLV\",\"alternateName\":\"Pharmacy-TLV\",\"url\":\"https:\/\/pharmacy-tlv.com\/\",\"logo\":{\"@type\":\"ImageObject\",\"inLanguage\":\"pt-BR\",\"@id\":\"https:\/\/pharmacy-tlv.com\/#\/schema\/logo\/image\/\",\"url\":\"https:\/\/mlz1smk5t7q7.i.optimole.com\/cb:lQg3.de6\/w:auto\/h:auto\/q:mauto\/https:\/\/pharmacy-tlv.com\/wp-content\/uploads\/2025\/05\/pharmacy-white.png\",\"contentUrl\":\"https:\/\/mlz1smk5t7q7.i.optimole.com\/cb:lQg3.de6\/w:auto\/h:auto\/q:mauto\/https:\/\/pharmacy-tlv.com\/wp-content\/uploads\/2025\/05\/pharmacy-white.png\",\"width\":500,\"height\":500,\"caption\":\"Pharmacy TLV\"},\"image\":{\"@id\":\"https:\/\/pharmacy-tlv.com\/#\/schema\/logo\/image\/\"}}]}<\/script>\n<!-- \/ Yoast SEO plugin. -->","yoast_head_json":{"title":"Dezoren gotas antibi\u00f3ticas para os ouvidos - Comprar em Israel | Entrega r\u00e1pida!","description":"Para o tratamento de doen\u00e7as infecciosas do ouvido, como otite m\u00e9dia aguda e otite externa, e para a preven\u00e7\u00e3o e o tratamento de inflama\u00e7\u00f5es nos ouvidos.","robots":{"index":"index","follow":"follow","max-snippet":"max-snippet:-1","max-image-preview":"max-image-preview:large","max-video-preview":"max-video-preview:-1"},"canonical":"https:\/\/pharmacy-tlv.com\/pt\/loja\/antibioticos\/dezoren-ear-antibiotic-drops\/","og_locale":"pt_BR","og_type":"article","og_title":"Dezoren ear antibiotic drops - Buy in Israel | Fast Delivery!","og_description":"For the treatment of infectious diseases of the ear, such as acute otitis media, otitis externa, and for the prevention and treatment of inflammation in the ears.","og_url":"https:\/\/pharmacy-tlv.com\/pt\/loja\/antibioticos\/dezoren-ear-antibiotic-drops\/","og_site_name":"Pharmacy TLV","article_modified_time":"2025-05-23T14:09:45+00:00","og_image":[{"width":300,"height":300,"url":"https:\/\/mlz1smk5t7q7.i.optimole.com\/cb:lQg3.de6\/w:auto\/h:auto\/q:mauto\/https:\/\/pharmacy-tlv.com\/wp-content\/uploads\/2025\/05\/dezoren-ear-antibacterial-drops-israel.png","type":"image\/png"}],"twitter_card":"summary_large_image","twitter_misc":{"Est. tempo de leitura":"1 minuto"},"schema":{"@context":"https:\/\/schema.org","@graph":[{"@type":"WebPage","@id":"https:\/\/pharmacy-tlv.com\/shop\/antibiotics\/dezoren-ear-antibiotic-drops\/","url":"https:\/\/pharmacy-tlv.com\/shop\/antibiotics\/dezoren-ear-antibiotic-drops\/","name":"Dezoren gotas antibi\u00f3ticas para os ouvidos - Comprar em Israel | Entrega r\u00e1pida!","isPartOf":{"@id":"https:\/\/pharmacy-tlv.com\/#website"},"primaryImageOfPage":{"@id":"https:\/\/pharmacy-tlv.com\/shop\/antibiotics\/dezoren-ear-antibiotic-drops\/#primaryimage"},"image":{"@id":"https:\/\/pharmacy-tlv.com\/shop\/antibiotics\/dezoren-ear-antibiotic-drops\/#primaryimage"},"thumbnailUrl":"https:\/\/mlz1smk5t7q7.i.optimole.com\/cb:lQg3.de6\/w:auto\/h:auto\/q:mauto\/https:\/\/pharmacy-tlv.com\/wp-content\/uploads\/2025\/05\/dezoren-ear-antibacterial-drops-israel.png","datePublished":"2025-05-15T18:23:05+00:00","dateModified":"2025-05-23T14:09:45+00:00","description":"Para o tratamento de doen\u00e7as infecciosas do ouvido, como otite m\u00e9dia aguda e otite externa, e para a preven\u00e7\u00e3o e o tratamento de inflama\u00e7\u00f5es nos ouvidos.","breadcrumb":{"@id":"https:\/\/pharmacy-tlv.com\/shop\/antibiotics\/dezoren-ear-antibiotic-drops\/#breadcrumb"},"inLanguage":"pt-BR","potentialAction":[{"@type":"ReadAction","target":["https:\/\/pharmacy-tlv.com\/shop\/antibiotics\/dezoren-ear-antibiotic-drops\/"]}]},{"@type":"ImageObject","inLanguage":"pt-BR","@id":"https:\/\/pharmacy-tlv.com\/shop\/antibiotics\/dezoren-ear-antibiotic-drops\/#primaryimage","url":"https:\/\/mlz1smk5t7q7.i.optimole.com\/cb:lQg3.de6\/w:auto\/h:auto\/q:mauto\/https:\/\/pharmacy-tlv.com\/wp-content\/uploads\/2025\/05\/dezoren-ear-antibacterial-drops-israel.png","contentUrl":"https:\/\/mlz1smk5t7q7.i.optimole.com\/cb:lQg3.de6\/w:auto\/h:auto\/q:mauto\/https:\/\/pharmacy-tlv.com\/wp-content\/uploads\/2025\/05\/dezoren-ear-antibacterial-drops-israel.png","width":300,"height":300,"caption":"dezoren-ear-antibacterial-drops-israel"},{"@type":"BreadcrumbList","@id":"https:\/\/pharmacy-tlv.com\/shop\/antibiotics\/dezoren-ear-antibiotic-drops\/#breadcrumb","itemListElement":[{"@type":"ListItem","position":1,"name":"Home","item":"https:\/\/pharmacy-tlv.com\/"},{"@type":"ListItem","position":2,"name":"Medications","item":"https:\/\/pharmacy-tlv.com\/shop\/"},{"@type":"ListItem","position":3,"name":"Dezoren ear antibiotic drops"}]},{"@type":"WebSite","@id":"https:\/\/pharmacy-tlv.com\/#website","url":"https:\/\/pharmacy-tlv.com\/","name":"Farm\u00e1cia TLV","description":"Medicamentos israelenses de confian\u00e7a","publisher":{"@id":"https:\/\/pharmacy-tlv.com\/#organization"},"alternateName":"Pharmacy-TLV","potentialAction":[{"@type":"SearchAction","target":{"@type":"EntryPoint","urlTemplate":"https:\/\/pharmacy-tlv.com\/?s={search_term_string}"},"query-input":{"@type":"PropertyValueSpecification","valueRequired":true,"valueName":"search_term_string"}}],"inLanguage":"pt-BR"},{"@type":"Organization","@id":"https:\/\/pharmacy-tlv.com\/#organization","name":"Farm\u00e1cia TLV","alternateName":"Pharmacy-TLV","url":"https:\/\/pharmacy-tlv.com\/","logo":{"@type":"ImageObject","inLanguage":"pt-BR","@id":"https:\/\/pharmacy-tlv.com\/#\/schema\/logo\/image\/","url":"https:\/\/mlz1smk5t7q7.i.optimole.com\/cb:lQg3.de6\/w:auto\/h:auto\/q:mauto\/https:\/\/pharmacy-tlv.com\/wp-content\/uploads\/2025\/05\/pharmacy-white.png","contentUrl":"https:\/\/mlz1smk5t7q7.i.optimole.com\/cb:lQg3.de6\/w:auto\/h:auto\/q:mauto\/https:\/\/pharmacy-tlv.com\/wp-content\/uploads\/2025\/05\/pharmacy-white.png","width":500,"height":500,"caption":"Pharmacy TLV"},"image":{"@id":"https:\/\/pharmacy-tlv.com\/#\/schema\/logo\/image\/"}}]}},"_links":{"self":[{"href":"https:\/\/pharmacy-tlv.com\/pt\/wp-json\/wp\/v2\/product\/1268","targetHints":{"allow":["GET"]}}],"collection":[{"href":"https:\/\/pharmacy-tlv.com\/pt\/wp-json\/wp\/v2\/product"}],"about":[{"href":"https:\/\/pharmacy-tlv.com\/pt\/wp-json\/wp\/v2\/types\/product"}],"wp:featuredmedia":[{"embeddable":true,"href":"https:\/\/pharmacy-tlv.com\/pt\/wp-json\/wp\/v2\/media\/818"}],"wp:attachment":[{"href":"https:\/\/pharmacy-tlv.com\/pt\/wp-json\/wp\/v2\/media?parent=1268"}],"wp:term":[{"taxonomy":"product_brand","embeddable":true,"href":"https:\/\/pharmacy-tlv.com\/pt\/wp-json\/wp\/v2\/product_brand?post=1268"},{"taxonomy":"product_cat","embeddable":true,"href":"https:\/\/pharmacy-tlv.com\/pt\/wp-json\/wp\/v2\/product_cat?post=1268"},{"taxonomy":"product_tag","embeddable":true,"href":"https:\/\/pharmacy-tlv.com\/pt\/wp-json\/wp\/v2\/product_tag?post=1268"}],"curies":[{"name":"wp","href":"https:\/\/api.w.org\/{rel}","templated":true}]}}