{"id":1266,"date":"2025-05-15T18:23:05","date_gmt":"2025-05-15T18:23:05","guid":{"rendered":"https:\/\/pharmacy-tlv.com\/?post_type=product&#038;p=1266"},"modified":"2025-05-23T14:11:05","modified_gmt":"2025-05-23T14:11:05","slug":"detamycin-eye-antibiotic","status":"publish","type":"product","link":"https:\/\/pharmacy-tlv.com\/pt\/loja\/antibioticos\/detamycin-eye-antibiotic\/","title":{"rendered":"Antibi\u00f3tico ocular Detamycin"},"content":{"rendered":"<p>Antibi\u00f3tico ocular Dethamycin<\/p>\n<p>Medicina.<\/p>\n<p><strong>Aplicativo<\/strong><\/p>\n<p>Para o tratamento de infec\u00e7\u00f5es oculares bacterianas, como conjuntivite, blefarite e ceratite, e para a preven\u00e7\u00e3o de infec\u00e7\u00f5es ap\u00f3s cirurgias oftalmol\u00f3gicas.<\/p>\n<p><strong>Causa<\/strong><\/p>\n<p>Infec\u00e7\u00f5es oculares causadas por microorganismos sens\u00edveis a antibi\u00f3ticos (conjuntivite, blefarite, ceratite).<\/p>\n<p>Preven\u00e7\u00e3o de infec\u00e7\u00f5es ap\u00f3s cirurgia ocular.<\/p>\n<p><strong>Propriedade de tratamento<\/strong><\/p>\n<p>A\u00e7\u00e3o antibacteriana contra uma ampla gama de bact\u00e9rias.<\/p>\n<p>A\u00e7\u00e3o anti-inflamat\u00f3ria.<\/p>\n<p>Neutraliza os microrganismos patog\u00eanicos, impedindo a propaga\u00e7\u00e3o da infec\u00e7\u00e3o.<\/p>\n<p><strong>Tipo de medicamento<\/strong><\/p>\n<p>Gotas para uso local (nos olhos).<\/p>\n<p><strong>Fabricante<\/strong><\/p>\n<p>Depende da marca espec\u00edfica, pois a Dethamycin pode ser produzida por diferentes empresas.<\/p>\n<p><strong>Ingredientes ativos<\/strong><\/p>\n<p>Dexametasona (corticosteroide).<\/p>\n<p>Tetraciclina (antibi\u00f3tico, dependendo do fabricante).<\/p>\n<p>Dexametasona (corticosteroide).<\/p>\n<p>Tetraciclina (antibi\u00f3tico, dependendo do fabricante).<\/p>\n<p><em>#comprar Detamicin col\u00edrio antibacteriano em Israel, #Detamicin col\u00edrio antibacteriano em Israel, #detamicin col\u00edrio em Israel, #Detamicin col\u00edrio antibacteriano em Israel<\/em> <em>#comprar Detamicin col\u00edrio em Israel, #Detamicin col\u00edrio em Israel, #detamicin col\u00edrio em Israel<\/em> <em> <em>#Detamicin col\u00edrio antibacteriano frete gr\u00e1tis, #Detamicin col\u00edrio frete gr\u00e1tis<\/em><\/em><\/p>","protected":false},"excerpt":{"rendered":"<p>Medicamento.<\/p>\n<p>For the treatment of bacterial eye infections such as conjunctivitis, blepharitis, keratitis, and for the prevention of infections after ophthalmological operations.<\/p>","protected":false},"featured_media":816,"template":"","meta":[],"product_brand":[],"product_cat":[47,23],"product_tag":[],"class_list":{"0":"post-1266","1":"product","2":"type-product","3":"status-publish","4":"has-post-thumbnail","6":"product_cat-all-medications","7":"product_cat-antibiotics","9":"first","10":"instock","11":"shipping-taxable","12":"purchasable","13":"product-type-simple"},"yoast_head":"<!-- This site is optimized with the Yoast SEO plugin v25.1 - https:\/\/yoast.com\/wordpress\/plugins\/seo\/ -->\n<title>Detamycin eye antibiotic - Buy in Israel | Fast Delivery!<\/title>\n<meta name=\"description\" content=\"Medicinal product. For the treatment of bacterial eye infections such as conjunctivitis, blepharitis, keratitis, and for the prevention of infections.\" \/>\n<meta name=\"robots\" content=\"index, follow, max-snippet:-1, max-image-preview:large, max-video-preview:-1\" \/>\n<link rel=\"canonical\" href=\"https:\/\/pharmacy-tlv.com\/pt\/loja\/antibioticos\/detamycin-eye-antibiotic\/\" \/>\n<meta property=\"og:locale\" content=\"pt_BR\" \/>\n<meta property=\"og:type\" content=\"article\" \/>\n<meta property=\"og:title\" content=\"Detamycin eye antibiotic - Buy in Israel | Fast Delivery!\" \/>\n<meta property=\"og:description\" content=\"Medicinal product. For the treatment of bacterial eye infections such as conjunctivitis, blepharitis, keratitis, and for the prevention of infections.\" \/>\n<meta property=\"og:url\" content=\"https:\/\/pharmacy-tlv.com\/pt\/loja\/antibioticos\/detamycin-eye-antibiotic\/\" \/>\n<meta property=\"og:site_name\" content=\"Pharmacy TLV\" \/>\n<meta property=\"article:modified_time\" content=\"2025-05-23T14:11:05+00:00\" \/>\n<meta property=\"og:image\" content=\"https:\/\/mlz1smk5t7q7.i.optimole.com\/cb:lQg3.de6\/w:auto\/h:auto\/q:mauto\/https:\/\/pharmacy-tlv.com\/wp-content\/uploads\/2025\/05\/detamicin-eye-antibacterial-drops-israel.png\" \/>\n\t<meta property=\"og:image:width\" content=\"300\" \/>\n\t<meta property=\"og:image:height\" content=\"300\" \/>\n\t<meta property=\"og:image:type\" content=\"image\/png\" \/>\n<meta name=\"twitter:card\" content=\"summary_large_image\" \/>\n<meta name=\"twitter:label1\" content=\"Est. tempo de leitura\" \/>\n\t<meta name=\"twitter:data1\" content=\"1 minuto\" \/>\n<script type=\"application\/ld+json\" class=\"yoast-schema-graph\">{\"@context\":\"https:\/\/schema.org\",\"@graph\":[{\"@type\":\"WebPage\",\"@id\":\"https:\/\/pharmacy-tlv.com\/shop\/antibiotics\/detamycin-eye-antibiotic\/\",\"url\":\"https:\/\/pharmacy-tlv.com\/shop\/antibiotics\/detamycin-eye-antibiotic\/\",\"name\":\"Detamycin eye antibiotic - Buy in Israel | Fast Delivery!\",\"isPartOf\":{\"@id\":\"https:\/\/pharmacy-tlv.com\/#website\"},\"primaryImageOfPage\":{\"@id\":\"https:\/\/pharmacy-tlv.com\/shop\/antibiotics\/detamycin-eye-antibiotic\/#primaryimage\"},\"image\":{\"@id\":\"https:\/\/pharmacy-tlv.com\/shop\/antibiotics\/detamycin-eye-antibiotic\/#primaryimage\"},\"thumbnailUrl\":\"https:\/\/mlz1smk5t7q7.i.optimole.com\/cb:lQg3.de6\/w:auto\/h:auto\/q:mauto\/https:\/\/pharmacy-tlv.com\/wp-content\/uploads\/2025\/05\/detamicin-eye-antibacterial-drops-israel.png\",\"datePublished\":\"2025-05-15T18:23:05+00:00\",\"dateModified\":\"2025-05-23T14:11:05+00:00\",\"description\":\"Medicinal product. For the treatment of bacterial eye infections such as conjunctivitis, blepharitis, keratitis, and for the prevention of infections.\",\"breadcrumb\":{\"@id\":\"https:\/\/pharmacy-tlv.com\/shop\/antibiotics\/detamycin-eye-antibiotic\/#breadcrumb\"},\"inLanguage\":\"pt-BR\",\"potentialAction\":[{\"@type\":\"ReadAction\",\"target\":[\"https:\/\/pharmacy-tlv.com\/shop\/antibiotics\/detamycin-eye-antibiotic\/\"]}]},{\"@type\":\"ImageObject\",\"inLanguage\":\"pt-BR\",\"@id\":\"https:\/\/pharmacy-tlv.com\/shop\/antibiotics\/detamycin-eye-antibiotic\/#primaryimage\",\"url\":\"https:\/\/mlz1smk5t7q7.i.optimole.com\/cb:lQg3.de6\/w:auto\/h:auto\/q:mauto\/https:\/\/pharmacy-tlv.com\/wp-content\/uploads\/2025\/05\/detamicin-eye-antibacterial-drops-israel.png\",\"contentUrl\":\"https:\/\/mlz1smk5t7q7.i.optimole.com\/cb:lQg3.de6\/w:auto\/h:auto\/q:mauto\/https:\/\/pharmacy-tlv.com\/wp-content\/uploads\/2025\/05\/detamicin-eye-antibacterial-drops-israel.png\",\"width\":300,\"height\":300,\"caption\":\"detamicin eye antibacterial drops israel\"},{\"@type\":\"BreadcrumbList\",\"@id\":\"https:\/\/pharmacy-tlv.com\/shop\/antibiotics\/detamycin-eye-antibiotic\/#breadcrumb\",\"itemListElement\":[{\"@type\":\"ListItem\",\"position\":1,\"name\":\"Home\",\"item\":\"https:\/\/pharmacy-tlv.com\/\"},{\"@type\":\"ListItem\",\"position\":2,\"name\":\"Medications\",\"item\":\"https:\/\/pharmacy-tlv.com\/shop\/\"},{\"@type\":\"ListItem\",\"position\":3,\"name\":\"Detamycin eye antibiotic\"}]},{\"@type\":\"WebSite\",\"@id\":\"https:\/\/pharmacy-tlv.com\/#website\",\"url\":\"https:\/\/pharmacy-tlv.com\/\",\"name\":\"Pharmacy TLV\",\"description\":\"Trusted Israeli Medications\",\"publisher\":{\"@id\":\"https:\/\/pharmacy-tlv.com\/#organization\"},\"alternateName\":\"Pharmacy-TLV\",\"potentialAction\":[{\"@type\":\"SearchAction\",\"target\":{\"@type\":\"EntryPoint\",\"urlTemplate\":\"https:\/\/pharmacy-tlv.com\/?s={search_term_string}\"},\"query-input\":{\"@type\":\"PropertyValueSpecification\",\"valueRequired\":true,\"valueName\":\"search_term_string\"}}],\"inLanguage\":\"pt-BR\"},{\"@type\":\"Organization\",\"@id\":\"https:\/\/pharmacy-tlv.com\/#organization\",\"name\":\"Pharmacy TLV\",\"alternateName\":\"Pharmacy-TLV\",\"url\":\"https:\/\/pharmacy-tlv.com\/\",\"logo\":{\"@type\":\"ImageObject\",\"inLanguage\":\"pt-BR\",\"@id\":\"https:\/\/pharmacy-tlv.com\/#\/schema\/logo\/image\/\",\"url\":\"https:\/\/mlz1smk5t7q7.i.optimole.com\/cb:lQg3.de6\/w:auto\/h:auto\/q:mauto\/https:\/\/pharmacy-tlv.com\/wp-content\/uploads\/2025\/05\/pharmacy-white.png\",\"contentUrl\":\"https:\/\/mlz1smk5t7q7.i.optimole.com\/cb:lQg3.de6\/w:auto\/h:auto\/q:mauto\/https:\/\/pharmacy-tlv.com\/wp-content\/uploads\/2025\/05\/pharmacy-white.png\",\"width\":500,\"height\":500,\"caption\":\"Pharmacy TLV\"},\"image\":{\"@id\":\"https:\/\/pharmacy-tlv.com\/#\/schema\/logo\/image\/\"}}]}<\/script>\n<!-- \/ Yoast SEO plugin. -->","yoast_head_json":{"title":"Detamycin eye antibiotic - Comprar em Israel | Entrega r\u00e1pida!","description":"Medicamento. Para o tratamento de infec\u00e7\u00f5es oculares bacterianas, como conjuntivite, blefarite e ceratite, e para a preven\u00e7\u00e3o de infec\u00e7\u00f5es.","robots":{"index":"index","follow":"follow","max-snippet":"max-snippet:-1","max-image-preview":"max-image-preview:large","max-video-preview":"max-video-preview:-1"},"canonical":"https:\/\/pharmacy-tlv.com\/pt\/loja\/antibioticos\/detamycin-eye-antibiotic\/","og_locale":"pt_BR","og_type":"article","og_title":"Detamycin eye antibiotic - Buy in Israel | Fast Delivery!","og_description":"Medicinal product. For the treatment of bacterial eye infections such as conjunctivitis, blepharitis, keratitis, and for the prevention of infections.","og_url":"https:\/\/pharmacy-tlv.com\/pt\/loja\/antibioticos\/detamycin-eye-antibiotic\/","og_site_name":"Pharmacy TLV","article_modified_time":"2025-05-23T14:11:05+00:00","og_image":[{"width":300,"height":300,"url":"https:\/\/mlz1smk5t7q7.i.optimole.com\/cb:lQg3.de6\/w:auto\/h:auto\/q:mauto\/https:\/\/pharmacy-tlv.com\/wp-content\/uploads\/2025\/05\/detamicin-eye-antibacterial-drops-israel.png","type":"image\/png"}],"twitter_card":"summary_large_image","twitter_misc":{"Est. tempo de leitura":"1 minuto"},"schema":{"@context":"https:\/\/schema.org","@graph":[{"@type":"WebPage","@id":"https:\/\/pharmacy-tlv.com\/shop\/antibiotics\/detamycin-eye-antibiotic\/","url":"https:\/\/pharmacy-tlv.com\/shop\/antibiotics\/detamycin-eye-antibiotic\/","name":"Detamycin eye antibiotic - Comprar em Israel | Entrega r\u00e1pida!","isPartOf":{"@id":"https:\/\/pharmacy-tlv.com\/#website"},"primaryImageOfPage":{"@id":"https:\/\/pharmacy-tlv.com\/shop\/antibiotics\/detamycin-eye-antibiotic\/#primaryimage"},"image":{"@id":"https:\/\/pharmacy-tlv.com\/shop\/antibiotics\/detamycin-eye-antibiotic\/#primaryimage"},"thumbnailUrl":"https:\/\/mlz1smk5t7q7.i.optimole.com\/cb:lQg3.de6\/w:auto\/h:auto\/q:mauto\/https:\/\/pharmacy-tlv.com\/wp-content\/uploads\/2025\/05\/detamicin-eye-antibacterial-drops-israel.png","datePublished":"2025-05-15T18:23:05+00:00","dateModified":"2025-05-23T14:11:05+00:00","description":"Medicamento. Para o tratamento de infec\u00e7\u00f5es oculares bacterianas, como conjuntivite, blefarite e ceratite, e para a preven\u00e7\u00e3o de infec\u00e7\u00f5es.","breadcrumb":{"@id":"https:\/\/pharmacy-tlv.com\/shop\/antibiotics\/detamycin-eye-antibiotic\/#breadcrumb"},"inLanguage":"pt-BR","potentialAction":[{"@type":"ReadAction","target":["https:\/\/pharmacy-tlv.com\/shop\/antibiotics\/detamycin-eye-antibiotic\/"]}]},{"@type":"ImageObject","inLanguage":"pt-BR","@id":"https:\/\/pharmacy-tlv.com\/shop\/antibiotics\/detamycin-eye-antibiotic\/#primaryimage","url":"https:\/\/mlz1smk5t7q7.i.optimole.com\/cb:lQg3.de6\/w:auto\/h:auto\/q:mauto\/https:\/\/pharmacy-tlv.com\/wp-content\/uploads\/2025\/05\/detamicin-eye-antibacterial-drops-israel.png","contentUrl":"https:\/\/mlz1smk5t7q7.i.optimole.com\/cb:lQg3.de6\/w:auto\/h:auto\/q:mauto\/https:\/\/pharmacy-tlv.com\/wp-content\/uploads\/2025\/05\/detamicin-eye-antibacterial-drops-israel.png","width":300,"height":300,"caption":"detamicin eye antibacterial drops israel"},{"@type":"BreadcrumbList","@id":"https:\/\/pharmacy-tlv.com\/shop\/antibiotics\/detamycin-eye-antibiotic\/#breadcrumb","itemListElement":[{"@type":"ListItem","position":1,"name":"Home","item":"https:\/\/pharmacy-tlv.com\/"},{"@type":"ListItem","position":2,"name":"Medications","item":"https:\/\/pharmacy-tlv.com\/shop\/"},{"@type":"ListItem","position":3,"name":"Detamycin eye antibiotic"}]},{"@type":"WebSite","@id":"https:\/\/pharmacy-tlv.com\/#website","url":"https:\/\/pharmacy-tlv.com\/","name":"Farm\u00e1cia TLV","description":"Medicamentos israelenses de confian\u00e7a","publisher":{"@id":"https:\/\/pharmacy-tlv.com\/#organization"},"alternateName":"Pharmacy-TLV","potentialAction":[{"@type":"SearchAction","target":{"@type":"EntryPoint","urlTemplate":"https:\/\/pharmacy-tlv.com\/?s={search_term_string}"},"query-input":{"@type":"PropertyValueSpecification","valueRequired":true,"valueName":"search_term_string"}}],"inLanguage":"pt-BR"},{"@type":"Organization","@id":"https:\/\/pharmacy-tlv.com\/#organization","name":"Farm\u00e1cia TLV","alternateName":"Pharmacy-TLV","url":"https:\/\/pharmacy-tlv.com\/","logo":{"@type":"ImageObject","inLanguage":"pt-BR","@id":"https:\/\/pharmacy-tlv.com\/#\/schema\/logo\/image\/","url":"https:\/\/mlz1smk5t7q7.i.optimole.com\/cb:lQg3.de6\/w:auto\/h:auto\/q:mauto\/https:\/\/pharmacy-tlv.com\/wp-content\/uploads\/2025\/05\/pharmacy-white.png","contentUrl":"https:\/\/mlz1smk5t7q7.i.optimole.com\/cb:lQg3.de6\/w:auto\/h:auto\/q:mauto\/https:\/\/pharmacy-tlv.com\/wp-content\/uploads\/2025\/05\/pharmacy-white.png","width":500,"height":500,"caption":"Pharmacy TLV"},"image":{"@id":"https:\/\/pharmacy-tlv.com\/#\/schema\/logo\/image\/"}}]}},"_links":{"self":[{"href":"https:\/\/pharmacy-tlv.com\/pt\/wp-json\/wp\/v2\/product\/1266","targetHints":{"allow":["GET"]}}],"collection":[{"href":"https:\/\/pharmacy-tlv.com\/pt\/wp-json\/wp\/v2\/product"}],"about":[{"href":"https:\/\/pharmacy-tlv.com\/pt\/wp-json\/wp\/v2\/types\/product"}],"wp:featuredmedia":[{"embeddable":true,"href":"https:\/\/pharmacy-tlv.com\/pt\/wp-json\/wp\/v2\/media\/816"}],"wp:attachment":[{"href":"https:\/\/pharmacy-tlv.com\/pt\/wp-json\/wp\/v2\/media?parent=1266"}],"wp:term":[{"taxonomy":"product_brand","embeddable":true,"href":"https:\/\/pharmacy-tlv.com\/pt\/wp-json\/wp\/v2\/product_brand?post=1266"},{"taxonomy":"product_cat","embeddable":true,"href":"https:\/\/pharmacy-tlv.com\/pt\/wp-json\/wp\/v2\/product_cat?post=1266"},{"taxonomy":"product_tag","embeddable":true,"href":"https:\/\/pharmacy-tlv.com\/pt\/wp-json\/wp\/v2\/product_tag?post=1266"}],"curies":[{"name":"wp","href":"https:\/\/api.w.org\/{rel}","templated":true}]}}