{"id":1259,"date":"2025-05-15T18:23:04","date_gmt":"2025-05-15T18:23:04","guid":{"rendered":"https:\/\/pharmacy-tlv.com\/?post_type=product&#038;p=1259"},"modified":"2025-05-23T14:32:34","modified_gmt":"2025-05-23T14:32:34","slug":"assival-10mg-30t","status":"publish","type":"product","link":"https:\/\/pharmacy-tlv.com\/pt\/loja\/relaxamento-do-sono\/assival-10mg-30t\/","title":{"rendered":"Assival 10mg (30t)"},"content":{"rendered":"<p>Assival<\/p>\n<p>Medicina.<\/p>\n<p><strong>Aplicativo<\/strong><\/p>\n<p>Para o tratamento de depress\u00e3o, transtornos de ansiedade, ataques de p\u00e2nico, bem como para melhorar o estado psicoemocional de fadiga cr\u00f4nica ou estresse. Usado para estabilizar o humor e melhorar o hist\u00f3rico psicoemocional.<\/p>\n<p><strong>Motivo<\/strong><\/p>\n<p>Depress\u00e3o (inclusive depress\u00e3o associada a estresse e ansiedade).<\/p>\n<p>Ataques de p\u00e2nico.<\/p>\n<p>Transtornos de ansiedade generalizada.<\/p>\n<p>Tratamento de estados de ansiedade associados \u00e0 sobrecarga psicoemocional.<\/p>\n<p><strong>Propriedade de tratamento<\/strong><\/p>\n<p>Efeito antidepressivo.<\/p>\n<p>Melhora o humor e reduz a ansiedade.<\/p>\n<p>Tem um efeito ansiol\u00edtico (contra a ansiedade).<\/p>\n<p>Aumenta o n\u00edvel de serotonina no c\u00e9rebro, o que ajuda a melhorar o humor e o estado psicoemocional.<\/p>\n<p><strong>Tipo de medicamento<\/strong><\/p>\n<p>Comprimidos para uso oral.<\/p>\n<p><strong>Fabricante<\/strong><\/p>\n<p>Assival, ou outro fabricante, dependendo da regi\u00e3o.<\/p>\n<p><strong>Subst\u00e2ncias ativas<\/strong><\/p>\n<p>Diazepam<\/p>\n<p>Diazepam<\/p>\n<p><em>#comprar Assival em Israel, #Assival em Israel, #assival Israel, #Assival Israel<\/em> <em>#comprar Assival em Israel, #Assival em Israel, #assival Israel<\/em> <em> <em>#Assival frete gr\u00e1tis, #Assival frete gr\u00e1tis<\/em><\/em><\/p>","protected":false},"excerpt":{"rendered":"<p>Medicina.<\/p>\n<p>For the treatment of depression, anxiety disorders, panic attacks, and also for improving the psycho-emotional state in chronic fatigue or stress. It is used to stabilize mood and improve the psycho-emotional background.<\/p>","protected":false},"featured_media":809,"template":"","meta":[],"product_brand":[],"product_cat":[47,41],"product_tag":[],"class_list":{"0":"post-1259","1":"product","2":"type-product","3":"status-publish","4":"has-post-thumbnail","6":"product_cat-all-medications","7":"product_cat-sleep-relaxation","9":"first","10":"instock","11":"shipping-taxable","12":"purchasable","13":"product-type-simple"},"yoast_head":"<!-- This site is optimized with the Yoast SEO plugin v25.1 - https:\/\/yoast.com\/wordpress\/plugins\/seo\/ -->\n<title>Assival 10mg (30t) - Buy in Israel | Fast Delivery!<\/title>\n<meta name=\"description\" content=\"Medicine. For the treatment of depression, anxiety disorders, panic attacks, and also for improving the psycho-emotional state in chronic fatigue or stress.\" \/>\n<meta name=\"robots\" content=\"index, follow, max-snippet:-1, max-image-preview:large, max-video-preview:-1\" \/>\n<link rel=\"canonical\" href=\"https:\/\/pharmacy-tlv.com\/pt\/loja\/relaxamento-do-sono\/assival-10mg-30t\/\" \/>\n<meta property=\"og:locale\" content=\"pt_BR\" \/>\n<meta property=\"og:type\" content=\"article\" \/>\n<meta property=\"og:title\" content=\"Assival 10mg (30t) - Buy in Israel | Fast Delivery!\" \/>\n<meta property=\"og:description\" content=\"Medicine. For the treatment of depression, anxiety disorders, panic attacks, and also for improving the psycho-emotional state in chronic fatigue or stress.\" \/>\n<meta property=\"og:url\" content=\"https:\/\/pharmacy-tlv.com\/pt\/loja\/relaxamento-do-sono\/assival-10mg-30t\/\" \/>\n<meta property=\"og:site_name\" content=\"Pharmacy TLV\" \/>\n<meta property=\"article:modified_time\" content=\"2025-05-23T14:32:34+00:00\" \/>\n<meta property=\"og:image\" content=\"https:\/\/mlz1smk5t7q7.i.optimole.com\/cb:lQg3.de6\/w:auto\/h:auto\/q:mauto\/https:\/\/pharmacy-tlv.com\/wp-content\/uploads\/2025\/05\/assival-10mg-30-tabletok-israel.png\" \/>\n\t<meta property=\"og:image:width\" content=\"300\" \/>\n\t<meta property=\"og:image:height\" content=\"300\" \/>\n\t<meta property=\"og:image:type\" content=\"image\/png\" \/>\n<meta name=\"twitter:card\" content=\"summary_large_image\" \/>\n<meta name=\"twitter:label1\" content=\"Est. tempo de leitura\" \/>\n\t<meta name=\"twitter:data1\" content=\"1 minuto\" \/>\n<script type=\"application\/ld+json\" class=\"yoast-schema-graph\">{\"@context\":\"https:\/\/schema.org\",\"@graph\":[{\"@type\":\"WebPage\",\"@id\":\"https:\/\/pharmacy-tlv.com\/shop\/sleep-relaxation\/assival-10mg-30t\/\",\"url\":\"https:\/\/pharmacy-tlv.com\/shop\/sleep-relaxation\/assival-10mg-30t\/\",\"name\":\"Assival 10mg (30t) - Buy in Israel | Fast Delivery!\",\"isPartOf\":{\"@id\":\"https:\/\/pharmacy-tlv.com\/#website\"},\"primaryImageOfPage\":{\"@id\":\"https:\/\/pharmacy-tlv.com\/shop\/sleep-relaxation\/assival-10mg-30t\/#primaryimage\"},\"image\":{\"@id\":\"https:\/\/pharmacy-tlv.com\/shop\/sleep-relaxation\/assival-10mg-30t\/#primaryimage\"},\"thumbnailUrl\":\"https:\/\/mlz1smk5t7q7.i.optimole.com\/cb:lQg3.de6\/w:auto\/h:auto\/q:mauto\/https:\/\/pharmacy-tlv.com\/wp-content\/uploads\/2025\/05\/assival-10mg-30-tabletok-israel.png\",\"datePublished\":\"2025-05-15T18:23:04+00:00\",\"dateModified\":\"2025-05-23T14:32:34+00:00\",\"description\":\"Medicine. For the treatment of depression, anxiety disorders, panic attacks, and also for improving the psycho-emotional state in chronic fatigue or stress.\",\"breadcrumb\":{\"@id\":\"https:\/\/pharmacy-tlv.com\/shop\/sleep-relaxation\/assival-10mg-30t\/#breadcrumb\"},\"inLanguage\":\"pt-BR\",\"potentialAction\":[{\"@type\":\"ReadAction\",\"target\":[\"https:\/\/pharmacy-tlv.com\/shop\/sleep-relaxation\/assival-10mg-30t\/\"]}]},{\"@type\":\"ImageObject\",\"inLanguage\":\"pt-BR\",\"@id\":\"https:\/\/pharmacy-tlv.com\/shop\/sleep-relaxation\/assival-10mg-30t\/#primaryimage\",\"url\":\"https:\/\/mlz1smk5t7q7.i.optimole.com\/cb:lQg3.de6\/w:auto\/h:auto\/q:mauto\/https:\/\/pharmacy-tlv.com\/wp-content\/uploads\/2025\/05\/assival-10mg-30-tabletok-israel.png\",\"contentUrl\":\"https:\/\/mlz1smk5t7q7.i.optimole.com\/cb:lQg3.de6\/w:auto\/h:auto\/q:mauto\/https:\/\/pharmacy-tlv.com\/wp-content\/uploads\/2025\/05\/assival-10mg-30-tabletok-israel.png\",\"width\":300,\"height\":300,\"caption\":\"assival 10mg 30 tabletok israel\"},{\"@type\":\"BreadcrumbList\",\"@id\":\"https:\/\/pharmacy-tlv.com\/shop\/sleep-relaxation\/assival-10mg-30t\/#breadcrumb\",\"itemListElement\":[{\"@type\":\"ListItem\",\"position\":1,\"name\":\"Home\",\"item\":\"https:\/\/pharmacy-tlv.com\/\"},{\"@type\":\"ListItem\",\"position\":2,\"name\":\"Medications\",\"item\":\"https:\/\/pharmacy-tlv.com\/shop\/\"},{\"@type\":\"ListItem\",\"position\":3,\"name\":\"Assival 10mg (30t)\"}]},{\"@type\":\"WebSite\",\"@id\":\"https:\/\/pharmacy-tlv.com\/#website\",\"url\":\"https:\/\/pharmacy-tlv.com\/\",\"name\":\"Pharmacy TLV\",\"description\":\"Trusted Israeli Medications\",\"publisher\":{\"@id\":\"https:\/\/pharmacy-tlv.com\/#organization\"},\"alternateName\":\"Pharmacy-TLV\",\"potentialAction\":[{\"@type\":\"SearchAction\",\"target\":{\"@type\":\"EntryPoint\",\"urlTemplate\":\"https:\/\/pharmacy-tlv.com\/?s={search_term_string}\"},\"query-input\":{\"@type\":\"PropertyValueSpecification\",\"valueRequired\":true,\"valueName\":\"search_term_string\"}}],\"inLanguage\":\"pt-BR\"},{\"@type\":\"Organization\",\"@id\":\"https:\/\/pharmacy-tlv.com\/#organization\",\"name\":\"Pharmacy TLV\",\"alternateName\":\"Pharmacy-TLV\",\"url\":\"https:\/\/pharmacy-tlv.com\/\",\"logo\":{\"@type\":\"ImageObject\",\"inLanguage\":\"pt-BR\",\"@id\":\"https:\/\/pharmacy-tlv.com\/#\/schema\/logo\/image\/\",\"url\":\"https:\/\/mlz1smk5t7q7.i.optimole.com\/cb:lQg3.de6\/w:auto\/h:auto\/q:mauto\/https:\/\/pharmacy-tlv.com\/wp-content\/uploads\/2025\/05\/pharmacy-white.png\",\"contentUrl\":\"https:\/\/mlz1smk5t7q7.i.optimole.com\/cb:lQg3.de6\/w:auto\/h:auto\/q:mauto\/https:\/\/pharmacy-tlv.com\/wp-content\/uploads\/2025\/05\/pharmacy-white.png\",\"width\":500,\"height\":500,\"caption\":\"Pharmacy TLV\"},\"image\":{\"@id\":\"https:\/\/pharmacy-tlv.com\/#\/schema\/logo\/image\/\"}}]}<\/script>\n<!-- \/ Yoast SEO plugin. -->","yoast_head_json":{"title":"Assival 10mg (30t) - Comprar em Israel | Entrega r\u00e1pida!","description":"Medicamentos. Para o tratamento de depress\u00e3o, dist\u00farbios de ansiedade, ataques de p\u00e2nico e tamb\u00e9m para melhorar o estado psicoemocional em casos de fadiga cr\u00f4nica ou estresse.","robots":{"index":"index","follow":"follow","max-snippet":"max-snippet:-1","max-image-preview":"max-image-preview:large","max-video-preview":"max-video-preview:-1"},"canonical":"https:\/\/pharmacy-tlv.com\/pt\/loja\/relaxamento-do-sono\/assival-10mg-30t\/","og_locale":"pt_BR","og_type":"article","og_title":"Assival 10mg (30t) - Buy in Israel | Fast Delivery!","og_description":"Medicine. For the treatment of depression, anxiety disorders, panic attacks, and also for improving the psycho-emotional state in chronic fatigue or stress.","og_url":"https:\/\/pharmacy-tlv.com\/pt\/loja\/relaxamento-do-sono\/assival-10mg-30t\/","og_site_name":"Pharmacy TLV","article_modified_time":"2025-05-23T14:32:34+00:00","og_image":[{"width":300,"height":300,"url":"https:\/\/mlz1smk5t7q7.i.optimole.com\/cb:lQg3.de6\/w:auto\/h:auto\/q:mauto\/https:\/\/pharmacy-tlv.com\/wp-content\/uploads\/2025\/05\/assival-10mg-30-tabletok-israel.png","type":"image\/png"}],"twitter_card":"summary_large_image","twitter_misc":{"Est. tempo de leitura":"1 minuto"},"schema":{"@context":"https:\/\/schema.org","@graph":[{"@type":"WebPage","@id":"https:\/\/pharmacy-tlv.com\/shop\/sleep-relaxation\/assival-10mg-30t\/","url":"https:\/\/pharmacy-tlv.com\/shop\/sleep-relaxation\/assival-10mg-30t\/","name":"Assival 10mg (30t) - Comprar em Israel | Entrega r\u00e1pida!","isPartOf":{"@id":"https:\/\/pharmacy-tlv.com\/#website"},"primaryImageOfPage":{"@id":"https:\/\/pharmacy-tlv.com\/shop\/sleep-relaxation\/assival-10mg-30t\/#primaryimage"},"image":{"@id":"https:\/\/pharmacy-tlv.com\/shop\/sleep-relaxation\/assival-10mg-30t\/#primaryimage"},"thumbnailUrl":"https:\/\/mlz1smk5t7q7.i.optimole.com\/cb:lQg3.de6\/w:auto\/h:auto\/q:mauto\/https:\/\/pharmacy-tlv.com\/wp-content\/uploads\/2025\/05\/assival-10mg-30-tabletok-israel.png","datePublished":"2025-05-15T18:23:04+00:00","dateModified":"2025-05-23T14:32:34+00:00","description":"Medicamentos. Para o tratamento de depress\u00e3o, dist\u00farbios de ansiedade, ataques de p\u00e2nico e tamb\u00e9m para melhorar o estado psicoemocional em casos de fadiga cr\u00f4nica ou estresse.","breadcrumb":{"@id":"https:\/\/pharmacy-tlv.com\/shop\/sleep-relaxation\/assival-10mg-30t\/#breadcrumb"},"inLanguage":"pt-BR","potentialAction":[{"@type":"ReadAction","target":["https:\/\/pharmacy-tlv.com\/shop\/sleep-relaxation\/assival-10mg-30t\/"]}]},{"@type":"ImageObject","inLanguage":"pt-BR","@id":"https:\/\/pharmacy-tlv.com\/shop\/sleep-relaxation\/assival-10mg-30t\/#primaryimage","url":"https:\/\/mlz1smk5t7q7.i.optimole.com\/cb:lQg3.de6\/w:auto\/h:auto\/q:mauto\/https:\/\/pharmacy-tlv.com\/wp-content\/uploads\/2025\/05\/assival-10mg-30-tabletok-israel.png","contentUrl":"https:\/\/mlz1smk5t7q7.i.optimole.com\/cb:lQg3.de6\/w:auto\/h:auto\/q:mauto\/https:\/\/pharmacy-tlv.com\/wp-content\/uploads\/2025\/05\/assival-10mg-30-tabletok-israel.png","width":300,"height":300,"caption":"assival 10mg 30 tabletok israel"},{"@type":"BreadcrumbList","@id":"https:\/\/pharmacy-tlv.com\/shop\/sleep-relaxation\/assival-10mg-30t\/#breadcrumb","itemListElement":[{"@type":"ListItem","position":1,"name":"Home","item":"https:\/\/pharmacy-tlv.com\/"},{"@type":"ListItem","position":2,"name":"Medications","item":"https:\/\/pharmacy-tlv.com\/shop\/"},{"@type":"ListItem","position":3,"name":"Assival 10mg (30t)"}]},{"@type":"WebSite","@id":"https:\/\/pharmacy-tlv.com\/#website","url":"https:\/\/pharmacy-tlv.com\/","name":"Farm\u00e1cia TLV","description":"Medicamentos israelenses de confian\u00e7a","publisher":{"@id":"https:\/\/pharmacy-tlv.com\/#organization"},"alternateName":"Pharmacy-TLV","potentialAction":[{"@type":"SearchAction","target":{"@type":"EntryPoint","urlTemplate":"https:\/\/pharmacy-tlv.com\/?s={search_term_string}"},"query-input":{"@type":"PropertyValueSpecification","valueRequired":true,"valueName":"search_term_string"}}],"inLanguage":"pt-BR"},{"@type":"Organization","@id":"https:\/\/pharmacy-tlv.com\/#organization","name":"Farm\u00e1cia TLV","alternateName":"Pharmacy-TLV","url":"https:\/\/pharmacy-tlv.com\/","logo":{"@type":"ImageObject","inLanguage":"pt-BR","@id":"https:\/\/pharmacy-tlv.com\/#\/schema\/logo\/image\/","url":"https:\/\/mlz1smk5t7q7.i.optimole.com\/cb:lQg3.de6\/w:auto\/h:auto\/q:mauto\/https:\/\/pharmacy-tlv.com\/wp-content\/uploads\/2025\/05\/pharmacy-white.png","contentUrl":"https:\/\/mlz1smk5t7q7.i.optimole.com\/cb:lQg3.de6\/w:auto\/h:auto\/q:mauto\/https:\/\/pharmacy-tlv.com\/wp-content\/uploads\/2025\/05\/pharmacy-white.png","width":500,"height":500,"caption":"Pharmacy TLV"},"image":{"@id":"https:\/\/pharmacy-tlv.com\/#\/schema\/logo\/image\/"}}]}},"_links":{"self":[{"href":"https:\/\/pharmacy-tlv.com\/pt\/wp-json\/wp\/v2\/product\/1259","targetHints":{"allow":["GET"]}}],"collection":[{"href":"https:\/\/pharmacy-tlv.com\/pt\/wp-json\/wp\/v2\/product"}],"about":[{"href":"https:\/\/pharmacy-tlv.com\/pt\/wp-json\/wp\/v2\/types\/product"}],"wp:featuredmedia":[{"embeddable":true,"href":"https:\/\/pharmacy-tlv.com\/pt\/wp-json\/wp\/v2\/media\/809"}],"wp:attachment":[{"href":"https:\/\/pharmacy-tlv.com\/pt\/wp-json\/wp\/v2\/media?parent=1259"}],"wp:term":[{"taxonomy":"product_brand","embeddable":true,"href":"https:\/\/pharmacy-tlv.com\/pt\/wp-json\/wp\/v2\/product_brand?post=1259"},{"taxonomy":"product_cat","embeddable":true,"href":"https:\/\/pharmacy-tlv.com\/pt\/wp-json\/wp\/v2\/product_cat?post=1259"},{"taxonomy":"product_tag","embeddable":true,"href":"https:\/\/pharmacy-tlv.com\/pt\/wp-json\/wp\/v2\/product_tag?post=1259"}],"curies":[{"name":"wp","href":"https:\/\/api.w.org\/{rel}","templated":true}]}}