{"id":1255,"date":"2025-05-15T18:23:02","date_gmt":"2025-05-15T18:23:02","guid":{"rendered":"https:\/\/pharmacy-tlv.com\/?post_type=product&#038;p=1255"},"modified":"2025-05-23T14:41:02","modified_gmt":"2025-05-23T14:41:02","slug":"agisten-creme-vaginal","status":"publish","type":"product","link":"https:\/\/pharmacy-tlv.com\/pt\/loja\/antifungico\/agisten-creme-vaginal\/","title":{"rendered":"Agisten creme vaginal"},"content":{"rendered":"<p>Agisten creme vaginal<\/p>\n<p>Creme vaginal.<\/p>\n<p><strong>Aplicativo<\/strong><\/p>\n<p>\u00c9 usado para tratar infec\u00e7\u00f5es f\u00fangicas da vagina e da genit\u00e1lia externa causadas por fungos do g\u00eanero Candida (candid\u00edase vulvovaginal).<\/p>\n<p><strong>Causa<\/strong><\/p>\n<p>Desenvolvimento de candid\u00edase devido a dist\u00farbios da microflora vaginal, diminui\u00e7\u00e3o da imunidade, uso de antibi\u00f3ticos, altera\u00e7\u00f5es hormonais ou outros fatores predisponentes.<\/p>\n<p><strong>Propriedade de tratamento<\/strong><\/p>\n<p>Inibe o crescimento e a reprodu\u00e7\u00e3o de fungos patog\u00eanicos.<\/p>\n<p>Alivia a coceira, a queima\u00e7\u00e3o e o desconforto.<\/p>\n<p>Restaura a microflora saud\u00e1vel.<\/p>\n<p><strong>Tipo de medicamento<\/strong><\/p>\n<p>Agente antif\u00fangico local (antimic\u00f3tico).<\/p>\n<p><strong>Fabricante<\/strong><\/p>\n<p>O fabricante \u00e9 a empresa farmac\u00eautica Nizhpharm OJSC (R\u00fassia).<\/p>\n<p><strong>Subst\u00e2ncias ativas<\/strong><\/p>\n<p>O clotrimazol \u00e9 um antimic\u00f3tico de amplo espectro, eficaz contra esp\u00e9cies de Candida, dermat\u00f3fitos e algumas bact\u00e9rias.<\/p>\n<p>O clotrimazol \u00e9 um antimic\u00f3tico de amplo espectro, eficaz contra esp\u00e9cies de Candida, dermat\u00f3fitos e algumas bact\u00e9rias.<\/p>\n<p><em>#comprar Agisten creme vaginal em Israel, #Agisten creme vaginal em Israel, #agisten creme vaginal Israel, #Agisten creme vaginal Israel<\/em> <em>#comprar Agisten creme vaginal em Israel, #Agisten creme vaginal em Israel, #agisten creme vaginal Israel<\/em> <em> <em>#Agisten vaginal cream free shipping, #Agisten vaginal cream free shipping<\/em><\/em><\/p>","protected":false},"excerpt":{"rendered":"<p>Creme vaginal.<\/p>\n<p>Used to treat fungal infections of the vagina and external genitalia caused by Candida fungi (vulvovaginal candidiasis).<\/p>","protected":false},"featured_media":775,"template":"","meta":[],"product_brand":[],"product_cat":[47,39],"product_tag":[],"class_list":{"0":"post-1255","1":"product","2":"type-product","3":"status-publish","4":"has-post-thumbnail","6":"product_cat-all-medications","7":"product_cat-antifungal","9":"first","10":"instock","11":"shipping-taxable","12":"purchasable","13":"product-type-simple"},"yoast_head":"<!-- This site is optimized with the Yoast SEO plugin v25.1 - https:\/\/yoast.com\/wordpress\/plugins\/seo\/ -->\n<title>Agisten vaginal cream - Buy in Israel | Fast Delivery!<\/title>\n<meta name=\"description\" content=\"Vaginal cream. Used to treat fungal infections of the vagina and external genitalia caused by Candida fungi (vulvovaginal candidiasis).\" \/>\n<meta name=\"robots\" content=\"index, follow, max-snippet:-1, max-image-preview:large, max-video-preview:-1\" \/>\n<link rel=\"canonical\" href=\"https:\/\/pharmacy-tlv.com\/pt\/loja\/antifungico\/agisten-creme-vaginal\/\" \/>\n<meta property=\"og:locale\" content=\"pt_BR\" \/>\n<meta property=\"og:type\" content=\"article\" \/>\n<meta property=\"og:title\" content=\"Agisten vaginal cream - Buy in Israel | Fast Delivery!\" \/>\n<meta property=\"og:description\" content=\"Vaginal cream. Used to treat fungal infections of the vagina and external genitalia caused by Candida fungi (vulvovaginal candidiasis).\" \/>\n<meta property=\"og:url\" content=\"https:\/\/pharmacy-tlv.com\/pt\/loja\/antifungico\/agisten-creme-vaginal\/\" \/>\n<meta property=\"og:site_name\" content=\"Pharmacy TLV\" \/>\n<meta property=\"article:modified_time\" content=\"2025-05-23T14:41:02+00:00\" \/>\n<meta property=\"og:image\" content=\"https:\/\/mlz1smk5t7q7.i.optimole.com\/cb:lQg3.de6\/w:auto\/h:auto\/q:mauto\/https:\/\/pharmacy-tlv.com\/wp-content\/uploads\/2025\/05\/agisten-vaginal-cream-israel.png\" \/>\n\t<meta property=\"og:image:width\" content=\"300\" \/>\n\t<meta property=\"og:image:height\" content=\"300\" \/>\n\t<meta property=\"og:image:type\" content=\"image\/png\" \/>\n<meta name=\"twitter:card\" content=\"summary_large_image\" \/>\n<meta name=\"twitter:label1\" content=\"Est. tempo de leitura\" \/>\n\t<meta name=\"twitter:data1\" content=\"1 minuto\" \/>\n<script type=\"application\/ld+json\" class=\"yoast-schema-graph\">{\"@context\":\"https:\/\/schema.org\",\"@graph\":[{\"@type\":\"WebPage\",\"@id\":\"https:\/\/pharmacy-tlv.com\/shop\/antifungal\/agisten-vaginal-cream\/\",\"url\":\"https:\/\/pharmacy-tlv.com\/shop\/antifungal\/agisten-vaginal-cream\/\",\"name\":\"Agisten vaginal cream - Buy in Israel | Fast Delivery!\",\"isPartOf\":{\"@id\":\"https:\/\/pharmacy-tlv.com\/#website\"},\"primaryImageOfPage\":{\"@id\":\"https:\/\/pharmacy-tlv.com\/shop\/antifungal\/agisten-vaginal-cream\/#primaryimage\"},\"image\":{\"@id\":\"https:\/\/pharmacy-tlv.com\/shop\/antifungal\/agisten-vaginal-cream\/#primaryimage\"},\"thumbnailUrl\":\"https:\/\/mlz1smk5t7q7.i.optimole.com\/cb:lQg3.de6\/w:auto\/h:auto\/q:mauto\/https:\/\/pharmacy-tlv.com\/wp-content\/uploads\/2025\/05\/agisten-vaginal-cream-israel.png\",\"datePublished\":\"2025-05-15T18:23:02+00:00\",\"dateModified\":\"2025-05-23T14:41:02+00:00\",\"description\":\"Vaginal cream. Used to treat fungal infections of the vagina and external genitalia caused by Candida fungi (vulvovaginal candidiasis).\",\"breadcrumb\":{\"@id\":\"https:\/\/pharmacy-tlv.com\/shop\/antifungal\/agisten-vaginal-cream\/#breadcrumb\"},\"inLanguage\":\"pt-BR\",\"potentialAction\":[{\"@type\":\"ReadAction\",\"target\":[\"https:\/\/pharmacy-tlv.com\/shop\/antifungal\/agisten-vaginal-cream\/\"]}]},{\"@type\":\"ImageObject\",\"inLanguage\":\"pt-BR\",\"@id\":\"https:\/\/pharmacy-tlv.com\/shop\/antifungal\/agisten-vaginal-cream\/#primaryimage\",\"url\":\"https:\/\/mlz1smk5t7q7.i.optimole.com\/cb:lQg3.de6\/w:auto\/h:auto\/q:mauto\/https:\/\/pharmacy-tlv.com\/wp-content\/uploads\/2025\/05\/agisten-vaginal-cream-israel.png\",\"contentUrl\":\"https:\/\/mlz1smk5t7q7.i.optimole.com\/cb:lQg3.de6\/w:auto\/h:auto\/q:mauto\/https:\/\/pharmacy-tlv.com\/wp-content\/uploads\/2025\/05\/agisten-vaginal-cream-israel.png\",\"width\":300,\"height\":300,\"caption\":\"agisten vaginal cream israel\"},{\"@type\":\"BreadcrumbList\",\"@id\":\"https:\/\/pharmacy-tlv.com\/shop\/antifungal\/agisten-vaginal-cream\/#breadcrumb\",\"itemListElement\":[{\"@type\":\"ListItem\",\"position\":1,\"name\":\"Home\",\"item\":\"https:\/\/pharmacy-tlv.com\/\"},{\"@type\":\"ListItem\",\"position\":2,\"name\":\"Medications\",\"item\":\"https:\/\/pharmacy-tlv.com\/shop\/\"},{\"@type\":\"ListItem\",\"position\":3,\"name\":\"Agisten vaginal cream\"}]},{\"@type\":\"WebSite\",\"@id\":\"https:\/\/pharmacy-tlv.com\/#website\",\"url\":\"https:\/\/pharmacy-tlv.com\/\",\"name\":\"Pharmacy TLV\",\"description\":\"Trusted Israeli Medications\",\"publisher\":{\"@id\":\"https:\/\/pharmacy-tlv.com\/#organization\"},\"alternateName\":\"Pharmacy-TLV\",\"potentialAction\":[{\"@type\":\"SearchAction\",\"target\":{\"@type\":\"EntryPoint\",\"urlTemplate\":\"https:\/\/pharmacy-tlv.com\/?s={search_term_string}\"},\"query-input\":{\"@type\":\"PropertyValueSpecification\",\"valueRequired\":true,\"valueName\":\"search_term_string\"}}],\"inLanguage\":\"pt-BR\"},{\"@type\":\"Organization\",\"@id\":\"https:\/\/pharmacy-tlv.com\/#organization\",\"name\":\"Pharmacy TLV\",\"alternateName\":\"Pharmacy-TLV\",\"url\":\"https:\/\/pharmacy-tlv.com\/\",\"logo\":{\"@type\":\"ImageObject\",\"inLanguage\":\"pt-BR\",\"@id\":\"https:\/\/pharmacy-tlv.com\/#\/schema\/logo\/image\/\",\"url\":\"https:\/\/mlz1smk5t7q7.i.optimole.com\/cb:lQg3.de6\/w:auto\/h:auto\/q:mauto\/https:\/\/pharmacy-tlv.com\/wp-content\/uploads\/2025\/05\/pharmacy-white.png\",\"contentUrl\":\"https:\/\/mlz1smk5t7q7.i.optimole.com\/cb:lQg3.de6\/w:auto\/h:auto\/q:mauto\/https:\/\/pharmacy-tlv.com\/wp-content\/uploads\/2025\/05\/pharmacy-white.png\",\"width\":500,\"height\":500,\"caption\":\"Pharmacy TLV\"},\"image\":{\"@id\":\"https:\/\/pharmacy-tlv.com\/#\/schema\/logo\/image\/\"}}]}<\/script>\n<!-- \/ Yoast SEO plugin. -->","yoast_head_json":{"title":"Agisten vaginal cream - Comprar em Israel - Entrega r\u00e1pida!","description":"Creme vaginal. Usado para tratar infec\u00e7\u00f5es f\u00fangicas da vagina e da genit\u00e1lia externa causadas por fungos do g\u00eanero Candida (candid\u00edase vulvovaginal).","robots":{"index":"index","follow":"follow","max-snippet":"max-snippet:-1","max-image-preview":"max-image-preview:large","max-video-preview":"max-video-preview:-1"},"canonical":"https:\/\/pharmacy-tlv.com\/pt\/loja\/antifungico\/agisten-creme-vaginal\/","og_locale":"pt_BR","og_type":"article","og_title":"Agisten vaginal cream - Buy in Israel | Fast Delivery!","og_description":"Vaginal cream. Used to treat fungal infections of the vagina and external genitalia caused by Candida fungi (vulvovaginal candidiasis).","og_url":"https:\/\/pharmacy-tlv.com\/pt\/loja\/antifungico\/agisten-creme-vaginal\/","og_site_name":"Pharmacy TLV","article_modified_time":"2025-05-23T14:41:02+00:00","og_image":[{"width":300,"height":300,"url":"https:\/\/mlz1smk5t7q7.i.optimole.com\/cb:lQg3.de6\/w:auto\/h:auto\/q:mauto\/https:\/\/pharmacy-tlv.com\/wp-content\/uploads\/2025\/05\/agisten-vaginal-cream-israel.png","type":"image\/png"}],"twitter_card":"summary_large_image","twitter_misc":{"Est. tempo de leitura":"1 minuto"},"schema":{"@context":"https:\/\/schema.org","@graph":[{"@type":"WebPage","@id":"https:\/\/pharmacy-tlv.com\/shop\/antifungal\/agisten-vaginal-cream\/","url":"https:\/\/pharmacy-tlv.com\/shop\/antifungal\/agisten-vaginal-cream\/","name":"Agisten vaginal cream - Comprar em Israel - Entrega r\u00e1pida!","isPartOf":{"@id":"https:\/\/pharmacy-tlv.com\/#website"},"primaryImageOfPage":{"@id":"https:\/\/pharmacy-tlv.com\/shop\/antifungal\/agisten-vaginal-cream\/#primaryimage"},"image":{"@id":"https:\/\/pharmacy-tlv.com\/shop\/antifungal\/agisten-vaginal-cream\/#primaryimage"},"thumbnailUrl":"https:\/\/mlz1smk5t7q7.i.optimole.com\/cb:lQg3.de6\/w:auto\/h:auto\/q:mauto\/https:\/\/pharmacy-tlv.com\/wp-content\/uploads\/2025\/05\/agisten-vaginal-cream-israel.png","datePublished":"2025-05-15T18:23:02+00:00","dateModified":"2025-05-23T14:41:02+00:00","description":"Creme vaginal. Usado para tratar infec\u00e7\u00f5es f\u00fangicas da vagina e da genit\u00e1lia externa causadas por fungos do g\u00eanero Candida (candid\u00edase vulvovaginal).","breadcrumb":{"@id":"https:\/\/pharmacy-tlv.com\/shop\/antifungal\/agisten-vaginal-cream\/#breadcrumb"},"inLanguage":"pt-BR","potentialAction":[{"@type":"ReadAction","target":["https:\/\/pharmacy-tlv.com\/shop\/antifungal\/agisten-vaginal-cream\/"]}]},{"@type":"ImageObject","inLanguage":"pt-BR","@id":"https:\/\/pharmacy-tlv.com\/shop\/antifungal\/agisten-vaginal-cream\/#primaryimage","url":"https:\/\/mlz1smk5t7q7.i.optimole.com\/cb:lQg3.de6\/w:auto\/h:auto\/q:mauto\/https:\/\/pharmacy-tlv.com\/wp-content\/uploads\/2025\/05\/agisten-vaginal-cream-israel.png","contentUrl":"https:\/\/mlz1smk5t7q7.i.optimole.com\/cb:lQg3.de6\/w:auto\/h:auto\/q:mauto\/https:\/\/pharmacy-tlv.com\/wp-content\/uploads\/2025\/05\/agisten-vaginal-cream-israel.png","width":300,"height":300,"caption":"agisten vaginal cream israel"},{"@type":"BreadcrumbList","@id":"https:\/\/pharmacy-tlv.com\/shop\/antifungal\/agisten-vaginal-cream\/#breadcrumb","itemListElement":[{"@type":"ListItem","position":1,"name":"Home","item":"https:\/\/pharmacy-tlv.com\/"},{"@type":"ListItem","position":2,"name":"Medications","item":"https:\/\/pharmacy-tlv.com\/shop\/"},{"@type":"ListItem","position":3,"name":"Agisten vaginal cream"}]},{"@type":"WebSite","@id":"https:\/\/pharmacy-tlv.com\/#website","url":"https:\/\/pharmacy-tlv.com\/","name":"Farm\u00e1cia TLV","description":"Medicamentos israelenses de confian\u00e7a","publisher":{"@id":"https:\/\/pharmacy-tlv.com\/#organization"},"alternateName":"Pharmacy-TLV","potentialAction":[{"@type":"SearchAction","target":{"@type":"EntryPoint","urlTemplate":"https:\/\/pharmacy-tlv.com\/?s={search_term_string}"},"query-input":{"@type":"PropertyValueSpecification","valueRequired":true,"valueName":"search_term_string"}}],"inLanguage":"pt-BR"},{"@type":"Organization","@id":"https:\/\/pharmacy-tlv.com\/#organization","name":"Farm\u00e1cia TLV","alternateName":"Pharmacy-TLV","url":"https:\/\/pharmacy-tlv.com\/","logo":{"@type":"ImageObject","inLanguage":"pt-BR","@id":"https:\/\/pharmacy-tlv.com\/#\/schema\/logo\/image\/","url":"https:\/\/mlz1smk5t7q7.i.optimole.com\/cb:lQg3.de6\/w:auto\/h:auto\/q:mauto\/https:\/\/pharmacy-tlv.com\/wp-content\/uploads\/2025\/05\/pharmacy-white.png","contentUrl":"https:\/\/mlz1smk5t7q7.i.optimole.com\/cb:lQg3.de6\/w:auto\/h:auto\/q:mauto\/https:\/\/pharmacy-tlv.com\/wp-content\/uploads\/2025\/05\/pharmacy-white.png","width":500,"height":500,"caption":"Pharmacy TLV"},"image":{"@id":"https:\/\/pharmacy-tlv.com\/#\/schema\/logo\/image\/"}}]}},"_links":{"self":[{"href":"https:\/\/pharmacy-tlv.com\/pt\/wp-json\/wp\/v2\/product\/1255","targetHints":{"allow":["GET"]}}],"collection":[{"href":"https:\/\/pharmacy-tlv.com\/pt\/wp-json\/wp\/v2\/product"}],"about":[{"href":"https:\/\/pharmacy-tlv.com\/pt\/wp-json\/wp\/v2\/types\/product"}],"wp:featuredmedia":[{"embeddable":true,"href":"https:\/\/pharmacy-tlv.com\/pt\/wp-json\/wp\/v2\/media\/775"}],"wp:attachment":[{"href":"https:\/\/pharmacy-tlv.com\/pt\/wp-json\/wp\/v2\/media?parent=1255"}],"wp:term":[{"taxonomy":"product_brand","embeddable":true,"href":"https:\/\/pharmacy-tlv.com\/pt\/wp-json\/wp\/v2\/product_brand?post=1255"},{"taxonomy":"product_cat","embeddable":true,"href":"https:\/\/pharmacy-tlv.com\/pt\/wp-json\/wp\/v2\/product_cat?post=1255"},{"taxonomy":"product_tag","embeddable":true,"href":"https:\/\/pharmacy-tlv.com\/pt\/wp-json\/wp\/v2\/product_tag?post=1255"}],"curies":[{"name":"wp","href":"https:\/\/api.w.org\/{rel}","templated":true}]}}