{"id":1252,"date":"2025-05-15T18:23:02","date_gmt":"2025-05-15T18:23:02","guid":{"rendered":"https:\/\/pharmacy-tlv.com\/?post_type=product&#038;p=1252"},"modified":"2025-05-23T14:41:46","modified_gmt":"2025-05-23T14:41:46","slug":"agisten-suppositories-3pcs","status":"publish","type":"product","link":"https:\/\/pharmacy-tlv.com\/pt\/loja\/antifungico\/agisten-suppositories-3pcs\/","title":{"rendered":"Suposit\u00f3rios de Agisten (3 unidades)"},"content":{"rendered":"<p>Suposit\u00f3rios de Agisthen<\/p>\n<p>Medicamentos (suposit\u00f3rios para uso retal ou vaginal).<\/p>\n<p><strong>Aplicativo<\/strong><\/p>\n<p>Para o tratamento de infec\u00e7\u00f5es f\u00fangicas dos \u00f3rg\u00e3os genitais, como candid\u00edase vaginal (aftas), bem como para uso t\u00f3pico em doen\u00e7as f\u00fangicas associadas \u00e0 pele e \u00e0s membranas mucosas.<\/p>\n<p><strong>Motivo<\/strong><\/p>\n<p>Candid\u00edase vaginal (aftas) causada por fungos do g\u00eanero Candida.<\/p>\n<p>Infec\u00e7\u00f5es f\u00fangicas que afetam as membranas mucosas dos \u00f3rg\u00e3os genitais e do reto.<\/p>\n<p>Tratamento de inflama\u00e7\u00e3o e coceira causadas por infec\u00e7\u00e3o f\u00fangica.<\/p>\n<p><strong>Propriedade de tratamento<\/strong><\/p>\n<p>Efeito antif\u00fangico destinado a suprimir o crescimento e a reprodu\u00e7\u00e3o de fungos.<\/p>\n<p>Destrui\u00e7\u00e3o de fungos do g\u00eanero Candida, que geralmente causam infec\u00e7\u00f5es nas membranas mucosas.<\/p>\n<p>Efeito analg\u00e9sico e anti-inflamat\u00f3rio no local da aplica\u00e7\u00e3o.<\/p>\n<p>Tratamento e al\u00edvio de sintomas como coceira, queima\u00e7\u00e3o e inflama\u00e7\u00e3o.<\/p>\n<p><strong>Tipo de medicamento<\/strong><\/p>\n<p>Suposit\u00f3rios para uso t\u00f3pico (vaginal ou retal).<\/p>\n<p><strong>Fabricante<\/strong><\/p>\n<p>Darnitsa, Ucr\u00e2nia (ou outros fabricantes, dependendo da regi\u00e3o).<\/p>\n<p><strong>Subst\u00e2ncias ativas<\/strong><\/p>\n<p>Clotrimazol (subst\u00e2ncia ativa principal).<\/p>\n<p>Clotrimazol<\/p>\n<p><em>#comprar Agisten suppositories em Israel, #Agisten suppositories em Israel, #agisten suppositories Israel, #Agisten suppositories Israel<\/em> <em>#comprar Agisten suppositories em Israel, #Agisten suppositories em Israel, #agisten suppositories Israel<\/em> <em> <em>#Agisten suppositories free shipping, #Agisten suppositories free shipping<\/em><\/em><\/p>","protected":false},"excerpt":{"rendered":"<p>Medicamentos (suposit\u00f3rios para uso retal ou vaginal).<\/p>\n<p>Para o tratamento de infec\u00e7\u00f5es f\u00fangicas dos \u00f3rg\u00e3os genitais, como candid\u00edase vaginal (aftas), bem como para uso t\u00f3pico em doen\u00e7as f\u00fangicas associadas \u00e0 pele e \u00e0s membranas mucosas.<\/p>","protected":false},"featured_media":772,"template":"","meta":[],"product_brand":[],"product_cat":[47,39],"product_tag":[],"class_list":{"0":"post-1252","1":"product","2":"type-product","3":"status-publish","4":"has-post-thumbnail","6":"product_cat-all-medications","7":"product_cat-antifungal","9":"first","10":"instock","11":"shipping-taxable","12":"purchasable","13":"product-type-simple"},"yoast_head":"<!-- This site is optimized with the Yoast SEO plugin v25.1 - https:\/\/yoast.com\/wordpress\/plugins\/seo\/ -->\n<title>Agisten suppositories (3pcs) - Buy in Israel | Fast Delivery!<\/title>\n<meta name=\"description\" content=\"Medicine (suppositories for rectal or vaginal use). For the treatment of fungal infections of the genital organs, such as vaginal candidiasis (thrush)\" \/>\n<meta name=\"robots\" content=\"index, follow, max-snippet:-1, max-image-preview:large, max-video-preview:-1\" \/>\n<link rel=\"canonical\" href=\"https:\/\/pharmacy-tlv.com\/pt\/loja\/antifungico\/agisten-suppositories-3pcs\/\" \/>\n<meta property=\"og:locale\" content=\"pt_BR\" \/>\n<meta property=\"og:type\" content=\"article\" \/>\n<meta property=\"og:title\" content=\"Agisten suppositories (3pcs) - Buy in Israel | Fast Delivery!\" \/>\n<meta property=\"og:description\" content=\"Medicine (suppositories for rectal or vaginal use). For the treatment of fungal infections of the genital organs, such as vaginal candidiasis (thrush)\" \/>\n<meta property=\"og:url\" content=\"https:\/\/pharmacy-tlv.com\/pt\/loja\/antifungico\/agisten-suppositories-3pcs\/\" \/>\n<meta property=\"og:site_name\" content=\"Pharmacy TLV\" \/>\n<meta property=\"article:modified_time\" content=\"2025-05-23T14:41:46+00:00\" \/>\n<meta property=\"og:image\" content=\"https:\/\/mlz1smk5t7q7.i.optimole.com\/cb:lQg3.de6\/w:auto\/h:auto\/q:mauto\/https:\/\/pharmacy-tlv.com\/wp-content\/uploads\/2025\/05\/agisten-suppositories-3pcs-israel.png\" \/>\n\t<meta property=\"og:image:width\" content=\"300\" \/>\n\t<meta property=\"og:image:height\" content=\"300\" \/>\n\t<meta property=\"og:image:type\" content=\"image\/png\" \/>\n<meta name=\"twitter:card\" content=\"summary_large_image\" \/>\n<meta name=\"twitter:label1\" content=\"Est. tempo de leitura\" \/>\n\t<meta name=\"twitter:data1\" content=\"2 minutos\" \/>\n<script type=\"application\/ld+json\" class=\"yoast-schema-graph\">{\"@context\":\"https:\/\/schema.org\",\"@graph\":[{\"@type\":\"WebPage\",\"@id\":\"https:\/\/pharmacy-tlv.com\/shop\/antifungal\/agisten-suppositories-3pcs\/\",\"url\":\"https:\/\/pharmacy-tlv.com\/shop\/antifungal\/agisten-suppositories-3pcs\/\",\"name\":\"Agisten suppositories (3pcs) - Buy in Israel | Fast Delivery!\",\"isPartOf\":{\"@id\":\"https:\/\/pharmacy-tlv.com\/#website\"},\"primaryImageOfPage\":{\"@id\":\"https:\/\/pharmacy-tlv.com\/shop\/antifungal\/agisten-suppositories-3pcs\/#primaryimage\"},\"image\":{\"@id\":\"https:\/\/pharmacy-tlv.com\/shop\/antifungal\/agisten-suppositories-3pcs\/#primaryimage\"},\"thumbnailUrl\":\"https:\/\/mlz1smk5t7q7.i.optimole.com\/cb:lQg3.de6\/w:auto\/h:auto\/q:mauto\/https:\/\/pharmacy-tlv.com\/wp-content\/uploads\/2025\/05\/agisten-suppositories-3pcs-israel.png\",\"datePublished\":\"2025-05-15T18:23:02+00:00\",\"dateModified\":\"2025-05-23T14:41:46+00:00\",\"description\":\"Medicine (suppositories for rectal or vaginal use). For the treatment of fungal infections of the genital organs, such as vaginal candidiasis (thrush)\",\"breadcrumb\":{\"@id\":\"https:\/\/pharmacy-tlv.com\/shop\/antifungal\/agisten-suppositories-3pcs\/#breadcrumb\"},\"inLanguage\":\"pt-BR\",\"potentialAction\":[{\"@type\":\"ReadAction\",\"target\":[\"https:\/\/pharmacy-tlv.com\/shop\/antifungal\/agisten-suppositories-3pcs\/\"]}]},{\"@type\":\"ImageObject\",\"inLanguage\":\"pt-BR\",\"@id\":\"https:\/\/pharmacy-tlv.com\/shop\/antifungal\/agisten-suppositories-3pcs\/#primaryimage\",\"url\":\"https:\/\/mlz1smk5t7q7.i.optimole.com\/cb:lQg3.de6\/w:auto\/h:auto\/q:mauto\/https:\/\/pharmacy-tlv.com\/wp-content\/uploads\/2025\/05\/agisten-suppositories-3pcs-israel.png\",\"contentUrl\":\"https:\/\/mlz1smk5t7q7.i.optimole.com\/cb:lQg3.de6\/w:auto\/h:auto\/q:mauto\/https:\/\/pharmacy-tlv.com\/wp-content\/uploads\/2025\/05\/agisten-suppositories-3pcs-israel.png\",\"width\":300,\"height\":300,\"caption\":\"agisten suppositories 3pcs israel\"},{\"@type\":\"BreadcrumbList\",\"@id\":\"https:\/\/pharmacy-tlv.com\/shop\/antifungal\/agisten-suppositories-3pcs\/#breadcrumb\",\"itemListElement\":[{\"@type\":\"ListItem\",\"position\":1,\"name\":\"Home\",\"item\":\"https:\/\/pharmacy-tlv.com\/\"},{\"@type\":\"ListItem\",\"position\":2,\"name\":\"Medications\",\"item\":\"https:\/\/pharmacy-tlv.com\/shop\/\"},{\"@type\":\"ListItem\",\"position\":3,\"name\":\"Agisten suppositories (3pcs)\"}]},{\"@type\":\"WebSite\",\"@id\":\"https:\/\/pharmacy-tlv.com\/#website\",\"url\":\"https:\/\/pharmacy-tlv.com\/\",\"name\":\"Pharmacy TLV\",\"description\":\"Trusted Israeli Medications\",\"publisher\":{\"@id\":\"https:\/\/pharmacy-tlv.com\/#organization\"},\"alternateName\":\"Pharmacy-TLV\",\"potentialAction\":[{\"@type\":\"SearchAction\",\"target\":{\"@type\":\"EntryPoint\",\"urlTemplate\":\"https:\/\/pharmacy-tlv.com\/?s={search_term_string}\"},\"query-input\":{\"@type\":\"PropertyValueSpecification\",\"valueRequired\":true,\"valueName\":\"search_term_string\"}}],\"inLanguage\":\"pt-BR\"},{\"@type\":\"Organization\",\"@id\":\"https:\/\/pharmacy-tlv.com\/#organization\",\"name\":\"Pharmacy TLV\",\"alternateName\":\"Pharmacy-TLV\",\"url\":\"https:\/\/pharmacy-tlv.com\/\",\"logo\":{\"@type\":\"ImageObject\",\"inLanguage\":\"pt-BR\",\"@id\":\"https:\/\/pharmacy-tlv.com\/#\/schema\/logo\/image\/\",\"url\":\"https:\/\/mlz1smk5t7q7.i.optimole.com\/cb:lQg3.de6\/w:auto\/h:auto\/q:mauto\/https:\/\/pharmacy-tlv.com\/wp-content\/uploads\/2025\/05\/pharmacy-white.png\",\"contentUrl\":\"https:\/\/mlz1smk5t7q7.i.optimole.com\/cb:lQg3.de6\/w:auto\/h:auto\/q:mauto\/https:\/\/pharmacy-tlv.com\/wp-content\/uploads\/2025\/05\/pharmacy-white.png\",\"width\":500,\"height\":500,\"caption\":\"Pharmacy TLV\"},\"image\":{\"@id\":\"https:\/\/pharmacy-tlv.com\/#\/schema\/logo\/image\/\"}}]}<\/script>\n<!-- \/ Yoast SEO plugin. -->","yoast_head_json":{"title":"Agisten suppositories (3pcs) - Comprar em Israel | Entrega r\u00e1pida!","description":"Medicamento (suposit\u00f3rios para uso retal ou vaginal). Para o tratamento de infec\u00e7\u00f5es f\u00fangicas dos \u00f3rg\u00e3os genitais, como candid\u00edase vaginal (aftas)","robots":{"index":"index","follow":"follow","max-snippet":"max-snippet:-1","max-image-preview":"max-image-preview:large","max-video-preview":"max-video-preview:-1"},"canonical":"https:\/\/pharmacy-tlv.com\/pt\/loja\/antifungico\/agisten-suppositories-3pcs\/","og_locale":"pt_BR","og_type":"article","og_title":"Agisten suppositories (3pcs) - Buy in Israel | Fast Delivery!","og_description":"Medicine (suppositories for rectal or vaginal use). For the treatment of fungal infections of the genital organs, such as vaginal candidiasis (thrush)","og_url":"https:\/\/pharmacy-tlv.com\/pt\/loja\/antifungico\/agisten-suppositories-3pcs\/","og_site_name":"Pharmacy TLV","article_modified_time":"2025-05-23T14:41:46+00:00","og_image":[{"width":300,"height":300,"url":"https:\/\/mlz1smk5t7q7.i.optimole.com\/cb:lQg3.de6\/w:auto\/h:auto\/q:mauto\/https:\/\/pharmacy-tlv.com\/wp-content\/uploads\/2025\/05\/agisten-suppositories-3pcs-israel.png","type":"image\/png"}],"twitter_card":"summary_large_image","twitter_misc":{"Est. tempo de leitura":"2 minutos"},"schema":{"@context":"https:\/\/schema.org","@graph":[{"@type":"WebPage","@id":"https:\/\/pharmacy-tlv.com\/shop\/antifungal\/agisten-suppositories-3pcs\/","url":"https:\/\/pharmacy-tlv.com\/shop\/antifungal\/agisten-suppositories-3pcs\/","name":"Agisten suppositories (3pcs) - Comprar em Israel | Entrega r\u00e1pida!","isPartOf":{"@id":"https:\/\/pharmacy-tlv.com\/#website"},"primaryImageOfPage":{"@id":"https:\/\/pharmacy-tlv.com\/shop\/antifungal\/agisten-suppositories-3pcs\/#primaryimage"},"image":{"@id":"https:\/\/pharmacy-tlv.com\/shop\/antifungal\/agisten-suppositories-3pcs\/#primaryimage"},"thumbnailUrl":"https:\/\/mlz1smk5t7q7.i.optimole.com\/cb:lQg3.de6\/w:auto\/h:auto\/q:mauto\/https:\/\/pharmacy-tlv.com\/wp-content\/uploads\/2025\/05\/agisten-suppositories-3pcs-israel.png","datePublished":"2025-05-15T18:23:02+00:00","dateModified":"2025-05-23T14:41:46+00:00","description":"Medicamento (suposit\u00f3rios para uso retal ou vaginal). Para o tratamento de infec\u00e7\u00f5es f\u00fangicas dos \u00f3rg\u00e3os genitais, como candid\u00edase vaginal (aftas)","breadcrumb":{"@id":"https:\/\/pharmacy-tlv.com\/shop\/antifungal\/agisten-suppositories-3pcs\/#breadcrumb"},"inLanguage":"pt-BR","potentialAction":[{"@type":"ReadAction","target":["https:\/\/pharmacy-tlv.com\/shop\/antifungal\/agisten-suppositories-3pcs\/"]}]},{"@type":"ImageObject","inLanguage":"pt-BR","@id":"https:\/\/pharmacy-tlv.com\/shop\/antifungal\/agisten-suppositories-3pcs\/#primaryimage","url":"https:\/\/mlz1smk5t7q7.i.optimole.com\/cb:lQg3.de6\/w:auto\/h:auto\/q:mauto\/https:\/\/pharmacy-tlv.com\/wp-content\/uploads\/2025\/05\/agisten-suppositories-3pcs-israel.png","contentUrl":"https:\/\/mlz1smk5t7q7.i.optimole.com\/cb:lQg3.de6\/w:auto\/h:auto\/q:mauto\/https:\/\/pharmacy-tlv.com\/wp-content\/uploads\/2025\/05\/agisten-suppositories-3pcs-israel.png","width":300,"height":300,"caption":"agisten suppositories 3pcs israel"},{"@type":"BreadcrumbList","@id":"https:\/\/pharmacy-tlv.com\/shop\/antifungal\/agisten-suppositories-3pcs\/#breadcrumb","itemListElement":[{"@type":"ListItem","position":1,"name":"Home","item":"https:\/\/pharmacy-tlv.com\/"},{"@type":"ListItem","position":2,"name":"Medications","item":"https:\/\/pharmacy-tlv.com\/shop\/"},{"@type":"ListItem","position":3,"name":"Agisten suppositories (3pcs)"}]},{"@type":"WebSite","@id":"https:\/\/pharmacy-tlv.com\/#website","url":"https:\/\/pharmacy-tlv.com\/","name":"Farm\u00e1cia TLV","description":"Medicamentos israelenses de confian\u00e7a","publisher":{"@id":"https:\/\/pharmacy-tlv.com\/#organization"},"alternateName":"Pharmacy-TLV","potentialAction":[{"@type":"SearchAction","target":{"@type":"EntryPoint","urlTemplate":"https:\/\/pharmacy-tlv.com\/?s={search_term_string}"},"query-input":{"@type":"PropertyValueSpecification","valueRequired":true,"valueName":"search_term_string"}}],"inLanguage":"pt-BR"},{"@type":"Organization","@id":"https:\/\/pharmacy-tlv.com\/#organization","name":"Farm\u00e1cia TLV","alternateName":"Pharmacy-TLV","url":"https:\/\/pharmacy-tlv.com\/","logo":{"@type":"ImageObject","inLanguage":"pt-BR","@id":"https:\/\/pharmacy-tlv.com\/#\/schema\/logo\/image\/","url":"https:\/\/mlz1smk5t7q7.i.optimole.com\/cb:lQg3.de6\/w:auto\/h:auto\/q:mauto\/https:\/\/pharmacy-tlv.com\/wp-content\/uploads\/2025\/05\/pharmacy-white.png","contentUrl":"https:\/\/mlz1smk5t7q7.i.optimole.com\/cb:lQg3.de6\/w:auto\/h:auto\/q:mauto\/https:\/\/pharmacy-tlv.com\/wp-content\/uploads\/2025\/05\/pharmacy-white.png","width":500,"height":500,"caption":"Pharmacy TLV"},"image":{"@id":"https:\/\/pharmacy-tlv.com\/#\/schema\/logo\/image\/"}}]}},"_links":{"self":[{"href":"https:\/\/pharmacy-tlv.com\/pt\/wp-json\/wp\/v2\/product\/1252","targetHints":{"allow":["GET"]}}],"collection":[{"href":"https:\/\/pharmacy-tlv.com\/pt\/wp-json\/wp\/v2\/product"}],"about":[{"href":"https:\/\/pharmacy-tlv.com\/pt\/wp-json\/wp\/v2\/types\/product"}],"wp:featuredmedia":[{"embeddable":true,"href":"https:\/\/pharmacy-tlv.com\/pt\/wp-json\/wp\/v2\/media\/772"}],"wp:attachment":[{"href":"https:\/\/pharmacy-tlv.com\/pt\/wp-json\/wp\/v2\/media?parent=1252"}],"wp:term":[{"taxonomy":"product_brand","embeddable":true,"href":"https:\/\/pharmacy-tlv.com\/pt\/wp-json\/wp\/v2\/product_brand?post=1252"},{"taxonomy":"product_cat","embeddable":true,"href":"https:\/\/pharmacy-tlv.com\/pt\/wp-json\/wp\/v2\/product_cat?post=1252"},{"taxonomy":"product_tag","embeddable":true,"href":"https:\/\/pharmacy-tlv.com\/pt\/wp-json\/wp\/v2\/product_tag?post=1252"}],"curies":[{"name":"wp","href":"https:\/\/api.w.org\/{rel}","templated":true}]}}