{"id":1249,"date":"2025-05-15T18:23:02","date_gmt":"2025-05-15T18:23:02","guid":{"rendered":"https:\/\/pharmacy-tlv.com\/?post_type=product&#038;p=1249"},"modified":"2025-07-07T14:40:18","modified_gmt":"2025-07-07T14:40:18","slug":"augmentin-875mg-14t","status":"publish","type":"product","link":"https:\/\/pharmacy-tlv.com\/pt\/loja\/antibioticos\/augmentin-875mg-14t\/","title":{"rendered":"Augmentin 875 mg (14t)"},"content":{"rendered":"<p>Augmentin<\/p>\n<p>Medicamentos para o tratamento de infec\u00e7\u00f5es<\/p>\n<p><strong>Aplicativo:<\/strong><\/p>\n<p>O Augmentin \u00e9 usado para tratar infec\u00e7\u00f5es causadas por microrganismos sens\u00edveis, tais como<\/p>\n<p>Infec\u00e7\u00f5es do trato respirat\u00f3rio (pneumonia, bronquite).<\/p>\n<p>Infec\u00e7\u00f5es do trato urin\u00e1rio (cistite, pielonefrite).<\/p>\n<p>Infec\u00e7\u00f5es da pele, dos tecidos moles, do ouvido m\u00e9dio e dos ossos.<\/p>\n<p><strong>Propriedades do tratamento:<\/strong><br \/>\nA amoxicilina em combina\u00e7\u00e3o com o \u00e1cido clavul\u00e2nico tem um efeito antibacteriano e \u00e9 eficaz contra uma ampla gama de bact\u00e9rias gram-positivas e gram-negativas, incluindo aquelas resistentes \u00e0 penicilina.<\/p>\n<p>&nbsp;<\/p>\n<p>Forma de libera\u00e7\u00e3o:<\/p>\n<p>Comprimidos para uso oral.<\/p>\n<p><strong>Fabricante:<\/strong><\/p>\n<p>GlaxoSmithKline, Reino Unido.<\/p>\n<p>&nbsp;<\/p>\n<p>Subst\u00e2ncias ativas:<\/p>\n<p>Amoxicilina<\/p>\n<p>Amoxicilina<\/p>\n<p>\u00c1cido clavul\u00e2nico<\/p>\n<p><em>#comprar Augmentin em Israel, #Augmentin em Israel, #augmentin Israel, #Augmentin frete gr\u00e1tis<\/em><\/p>","protected":false},"excerpt":{"rendered":"<p>Medicamento.<\/p>\n<p>For the treatment of infectious diseases caused by microorganisms sensitive to the drug. It is used to treat respiratory tract infections, urinary tract infections, skin and soft tissue infections, as well as other bacterial infections.<\/p>","protected":false},"featured_media":770,"template":"","meta":[],"product_brand":[],"product_cat":[47,23],"product_tag":[],"class_list":{"0":"post-1249","1":"product","2":"type-product","3":"status-publish","4":"has-post-thumbnail","6":"product_cat-all-medications","7":"product_cat-antibiotics","9":"first","10":"instock","11":"shipping-taxable","12":"purchasable","13":"product-type-simple"},"yoast_head":"<!-- This site is optimized with the Yoast SEO plugin v25.1 - https:\/\/yoast.com\/wordpress\/plugins\/seo\/ -->\n<title>Augmentin 875mg (14t) - Buy in Israel | Fast Delivery!<\/title>\n<meta name=\"description\" content=\"Medicinal product. For the treatment of infectious diseases caused by microorganisms sensitive to the drug. It is used to treat respiratory tract infections\" \/>\n<meta name=\"robots\" content=\"index, follow, max-snippet:-1, max-image-preview:large, max-video-preview:-1\" \/>\n<link rel=\"canonical\" href=\"https:\/\/pharmacy-tlv.com\/pt\/loja\/antibioticos\/augmentin-875mg-14t\/\" \/>\n<meta property=\"og:locale\" content=\"pt_BR\" \/>\n<meta property=\"og:type\" content=\"article\" \/>\n<meta property=\"og:title\" content=\"Augmentin 875mg (14t) - Buy in Israel | Fast Delivery!\" \/>\n<meta property=\"og:description\" content=\"Medicinal product. For the treatment of infectious diseases caused by microorganisms sensitive to the drug. It is used to treat respiratory tract infections\" \/>\n<meta property=\"og:url\" content=\"https:\/\/pharmacy-tlv.com\/pt\/loja\/antibioticos\/augmentin-875mg-14t\/\" \/>\n<meta property=\"og:site_name\" content=\"Pharmacy TLV\" \/>\n<meta property=\"article:modified_time\" content=\"2025-07-07T14:40:18+00:00\" \/>\n<meta property=\"og:image\" content=\"https:\/\/mlz1smk5t7q7.i.optimole.com\/cb:lQg3.de6\/w:auto\/h:auto\/q:mauto\/https:\/\/pharmacy-tlv.com\/wp-content\/uploads\/2025\/05\/augmentin-875mg-14-tabletok-israel-1.png\" \/>\n\t<meta property=\"og:image:width\" content=\"300\" \/>\n\t<meta property=\"og:image:height\" content=\"300\" \/>\n\t<meta property=\"og:image:type\" content=\"image\/png\" \/>\n<meta name=\"twitter:card\" content=\"summary_large_image\" \/>\n<meta name=\"twitter:label1\" content=\"Est. tempo de leitura\" \/>\n\t<meta name=\"twitter:data1\" content=\"1 minuto\" \/>\n<script type=\"application\/ld+json\" class=\"yoast-schema-graph\">{\"@context\":\"https:\/\/schema.org\",\"@graph\":[{\"@type\":\"WebPage\",\"@id\":\"https:\/\/pharmacy-tlv.com\/shop\/antibiotics\/augmentin-875mg-14t\/\",\"url\":\"https:\/\/pharmacy-tlv.com\/shop\/antibiotics\/augmentin-875mg-14t\/\",\"name\":\"Augmentin 875mg (14t) - Buy in Israel | Fast Delivery!\",\"isPartOf\":{\"@id\":\"https:\/\/pharmacy-tlv.com\/#website\"},\"primaryImageOfPage\":{\"@id\":\"https:\/\/pharmacy-tlv.com\/shop\/antibiotics\/augmentin-875mg-14t\/#primaryimage\"},\"image\":{\"@id\":\"https:\/\/pharmacy-tlv.com\/shop\/antibiotics\/augmentin-875mg-14t\/#primaryimage\"},\"thumbnailUrl\":\"https:\/\/mlz1smk5t7q7.i.optimole.com\/cb:lQg3.de6\/w:auto\/h:auto\/q:mauto\/https:\/\/pharmacy-tlv.com\/wp-content\/uploads\/2025\/05\/augmentin-875mg-14-tabletok-israel-1.png\",\"datePublished\":\"2025-05-15T18:23:02+00:00\",\"dateModified\":\"2025-07-07T14:40:18+00:00\",\"description\":\"Medicinal product. For the treatment of infectious diseases caused by microorganisms sensitive to the drug. It is used to treat respiratory tract infections\",\"breadcrumb\":{\"@id\":\"https:\/\/pharmacy-tlv.com\/shop\/antibiotics\/augmentin-875mg-14t\/#breadcrumb\"},\"inLanguage\":\"pt-BR\",\"potentialAction\":[{\"@type\":\"ReadAction\",\"target\":[\"https:\/\/pharmacy-tlv.com\/shop\/antibiotics\/augmentin-875mg-14t\/\"]}]},{\"@type\":\"ImageObject\",\"inLanguage\":\"pt-BR\",\"@id\":\"https:\/\/pharmacy-tlv.com\/shop\/antibiotics\/augmentin-875mg-14t\/#primaryimage\",\"url\":\"https:\/\/mlz1smk5t7q7.i.optimole.com\/cb:lQg3.de6\/w:auto\/h:auto\/q:mauto\/https:\/\/pharmacy-tlv.com\/wp-content\/uploads\/2025\/05\/augmentin-875mg-14-tabletok-israel-1.png\",\"contentUrl\":\"https:\/\/mlz1smk5t7q7.i.optimole.com\/cb:lQg3.de6\/w:auto\/h:auto\/q:mauto\/https:\/\/pharmacy-tlv.com\/wp-content\/uploads\/2025\/05\/augmentin-875mg-14-tabletok-israel-1.png\",\"width\":300,\"height\":300,\"caption\":\"augmentin-875mg-14-tabletok-israel\"},{\"@type\":\"BreadcrumbList\",\"@id\":\"https:\/\/pharmacy-tlv.com\/shop\/antibiotics\/augmentin-875mg-14t\/#breadcrumb\",\"itemListElement\":[{\"@type\":\"ListItem\",\"position\":1,\"name\":\"Home\",\"item\":\"https:\/\/pharmacy-tlv.com\/\"},{\"@type\":\"ListItem\",\"position\":2,\"name\":\"Medications\",\"item\":\"https:\/\/pharmacy-tlv.com\/shop\/\"},{\"@type\":\"ListItem\",\"position\":3,\"name\":\"Augmentin 875mg (14t)\"}]},{\"@type\":\"WebSite\",\"@id\":\"https:\/\/pharmacy-tlv.com\/#website\",\"url\":\"https:\/\/pharmacy-tlv.com\/\",\"name\":\"Pharmacy TLV\",\"description\":\"Trusted Israeli Medications\",\"publisher\":{\"@id\":\"https:\/\/pharmacy-tlv.com\/#organization\"},\"alternateName\":\"Pharmacy-TLV\",\"potentialAction\":[{\"@type\":\"SearchAction\",\"target\":{\"@type\":\"EntryPoint\",\"urlTemplate\":\"https:\/\/pharmacy-tlv.com\/?s={search_term_string}\"},\"query-input\":{\"@type\":\"PropertyValueSpecification\",\"valueRequired\":true,\"valueName\":\"search_term_string\"}}],\"inLanguage\":\"pt-BR\"},{\"@type\":\"Organization\",\"@id\":\"https:\/\/pharmacy-tlv.com\/#organization\",\"name\":\"Pharmacy TLV\",\"alternateName\":\"Pharmacy-TLV\",\"url\":\"https:\/\/pharmacy-tlv.com\/\",\"logo\":{\"@type\":\"ImageObject\",\"inLanguage\":\"pt-BR\",\"@id\":\"https:\/\/pharmacy-tlv.com\/#\/schema\/logo\/image\/\",\"url\":\"https:\/\/mlz1smk5t7q7.i.optimole.com\/cb:lQg3.de6\/w:auto\/h:auto\/q:mauto\/https:\/\/pharmacy-tlv.com\/wp-content\/uploads\/2025\/05\/pharmacy-white.png\",\"contentUrl\":\"https:\/\/mlz1smk5t7q7.i.optimole.com\/cb:lQg3.de6\/w:auto\/h:auto\/q:mauto\/https:\/\/pharmacy-tlv.com\/wp-content\/uploads\/2025\/05\/pharmacy-white.png\",\"width\":500,\"height\":500,\"caption\":\"Pharmacy TLV\"},\"image\":{\"@id\":\"https:\/\/pharmacy-tlv.com\/#\/schema\/logo\/image\/\"}}]}<\/script>\n<!-- \/ Yoast SEO plugin. -->","yoast_head_json":{"title":"Augmentin 875mg (14t) - Comprar em Israel | Entrega r\u00e1pida!","description":"Medicamento. Para o tratamento de doen\u00e7as infecciosas causadas por microorganismos sens\u00edveis ao medicamento. \u00c9 usado para tratar infec\u00e7\u00f5es do trato respirat\u00f3rio","robots":{"index":"index","follow":"follow","max-snippet":"max-snippet:-1","max-image-preview":"max-image-preview:large","max-video-preview":"max-video-preview:-1"},"canonical":"https:\/\/pharmacy-tlv.com\/pt\/loja\/antibioticos\/augmentin-875mg-14t\/","og_locale":"pt_BR","og_type":"article","og_title":"Augmentin 875mg (14t) - Buy in Israel | Fast Delivery!","og_description":"Medicinal product. For the treatment of infectious diseases caused by microorganisms sensitive to the drug. It is used to treat respiratory tract infections","og_url":"https:\/\/pharmacy-tlv.com\/pt\/loja\/antibioticos\/augmentin-875mg-14t\/","og_site_name":"Pharmacy TLV","article_modified_time":"2025-07-07T14:40:18+00:00","og_image":[{"width":300,"height":300,"url":"https:\/\/mlz1smk5t7q7.i.optimole.com\/cb:lQg3.de6\/w:auto\/h:auto\/q:mauto\/https:\/\/pharmacy-tlv.com\/wp-content\/uploads\/2025\/05\/augmentin-875mg-14-tabletok-israel-1.png","type":"image\/png"}],"twitter_card":"summary_large_image","twitter_misc":{"Est. tempo de leitura":"1 minuto"},"schema":{"@context":"https:\/\/schema.org","@graph":[{"@type":"WebPage","@id":"https:\/\/pharmacy-tlv.com\/shop\/antibiotics\/augmentin-875mg-14t\/","url":"https:\/\/pharmacy-tlv.com\/shop\/antibiotics\/augmentin-875mg-14t\/","name":"Augmentin 875mg (14t) - Comprar em Israel | Entrega r\u00e1pida!","isPartOf":{"@id":"https:\/\/pharmacy-tlv.com\/#website"},"primaryImageOfPage":{"@id":"https:\/\/pharmacy-tlv.com\/shop\/antibiotics\/augmentin-875mg-14t\/#primaryimage"},"image":{"@id":"https:\/\/pharmacy-tlv.com\/shop\/antibiotics\/augmentin-875mg-14t\/#primaryimage"},"thumbnailUrl":"https:\/\/mlz1smk5t7q7.i.optimole.com\/cb:lQg3.de6\/w:auto\/h:auto\/q:mauto\/https:\/\/pharmacy-tlv.com\/wp-content\/uploads\/2025\/05\/augmentin-875mg-14-tabletok-israel-1.png","datePublished":"2025-05-15T18:23:02+00:00","dateModified":"2025-07-07T14:40:18+00:00","description":"Medicamento. Para o tratamento de doen\u00e7as infecciosas causadas por microorganismos sens\u00edveis ao medicamento. \u00c9 usado para tratar infec\u00e7\u00f5es do trato respirat\u00f3rio","breadcrumb":{"@id":"https:\/\/pharmacy-tlv.com\/shop\/antibiotics\/augmentin-875mg-14t\/#breadcrumb"},"inLanguage":"pt-BR","potentialAction":[{"@type":"ReadAction","target":["https:\/\/pharmacy-tlv.com\/shop\/antibiotics\/augmentin-875mg-14t\/"]}]},{"@type":"ImageObject","inLanguage":"pt-BR","@id":"https:\/\/pharmacy-tlv.com\/shop\/antibiotics\/augmentin-875mg-14t\/#primaryimage","url":"https:\/\/mlz1smk5t7q7.i.optimole.com\/cb:lQg3.de6\/w:auto\/h:auto\/q:mauto\/https:\/\/pharmacy-tlv.com\/wp-content\/uploads\/2025\/05\/augmentin-875mg-14-tabletok-israel-1.png","contentUrl":"https:\/\/mlz1smk5t7q7.i.optimole.com\/cb:lQg3.de6\/w:auto\/h:auto\/q:mauto\/https:\/\/pharmacy-tlv.com\/wp-content\/uploads\/2025\/05\/augmentin-875mg-14-tabletok-israel-1.png","width":300,"height":300,"caption":"augmentin-875mg-14-tabletok-israel"},{"@type":"BreadcrumbList","@id":"https:\/\/pharmacy-tlv.com\/shop\/antibiotics\/augmentin-875mg-14t\/#breadcrumb","itemListElement":[{"@type":"ListItem","position":1,"name":"Home","item":"https:\/\/pharmacy-tlv.com\/"},{"@type":"ListItem","position":2,"name":"Medications","item":"https:\/\/pharmacy-tlv.com\/shop\/"},{"@type":"ListItem","position":3,"name":"Augmentin 875mg (14t)"}]},{"@type":"WebSite","@id":"https:\/\/pharmacy-tlv.com\/#website","url":"https:\/\/pharmacy-tlv.com\/","name":"Farm\u00e1cia TLV","description":"Medicamentos israelenses de confian\u00e7a","publisher":{"@id":"https:\/\/pharmacy-tlv.com\/#organization"},"alternateName":"Pharmacy-TLV","potentialAction":[{"@type":"SearchAction","target":{"@type":"EntryPoint","urlTemplate":"https:\/\/pharmacy-tlv.com\/?s={search_term_string}"},"query-input":{"@type":"PropertyValueSpecification","valueRequired":true,"valueName":"search_term_string"}}],"inLanguage":"pt-BR"},{"@type":"Organization","@id":"https:\/\/pharmacy-tlv.com\/#organization","name":"Farm\u00e1cia TLV","alternateName":"Pharmacy-TLV","url":"https:\/\/pharmacy-tlv.com\/","logo":{"@type":"ImageObject","inLanguage":"pt-BR","@id":"https:\/\/pharmacy-tlv.com\/#\/schema\/logo\/image\/","url":"https:\/\/mlz1smk5t7q7.i.optimole.com\/cb:lQg3.de6\/w:auto\/h:auto\/q:mauto\/https:\/\/pharmacy-tlv.com\/wp-content\/uploads\/2025\/05\/pharmacy-white.png","contentUrl":"https:\/\/mlz1smk5t7q7.i.optimole.com\/cb:lQg3.de6\/w:auto\/h:auto\/q:mauto\/https:\/\/pharmacy-tlv.com\/wp-content\/uploads\/2025\/05\/pharmacy-white.png","width":500,"height":500,"caption":"Pharmacy TLV"},"image":{"@id":"https:\/\/pharmacy-tlv.com\/#\/schema\/logo\/image\/"}}]}},"_links":{"self":[{"href":"https:\/\/pharmacy-tlv.com\/pt\/wp-json\/wp\/v2\/product\/1249","targetHints":{"allow":["GET"]}}],"collection":[{"href":"https:\/\/pharmacy-tlv.com\/pt\/wp-json\/wp\/v2\/product"}],"about":[{"href":"https:\/\/pharmacy-tlv.com\/pt\/wp-json\/wp\/v2\/types\/product"}],"wp:featuredmedia":[{"embeddable":true,"href":"https:\/\/pharmacy-tlv.com\/pt\/wp-json\/wp\/v2\/media\/770"}],"wp:attachment":[{"href":"https:\/\/pharmacy-tlv.com\/pt\/wp-json\/wp\/v2\/media?parent=1249"}],"wp:term":[{"taxonomy":"product_brand","embeddable":true,"href":"https:\/\/pharmacy-tlv.com\/pt\/wp-json\/wp\/v2\/product_brand?post=1249"},{"taxonomy":"product_cat","embeddable":true,"href":"https:\/\/pharmacy-tlv.com\/pt\/wp-json\/wp\/v2\/product_cat?post=1249"},{"taxonomy":"product_tag","embeddable":true,"href":"https:\/\/pharmacy-tlv.com\/pt\/wp-json\/wp\/v2\/product_tag?post=1249"}],"curies":[{"name":"wp","href":"https:\/\/api.w.org\/{rel}","templated":true}]}}