{"id":1248,"date":"2025-05-15T18:23:02","date_gmt":"2025-05-15T18:23:02","guid":{"rendered":"https:\/\/pharmacy-tlv.com\/?post_type=product&#038;p=1248"},"modified":"2025-05-23T14:42:47","modified_gmt":"2025-05-23T14:42:47","slug":"moxypen-forte-500mg-20t","status":"publish","type":"product","link":"https:\/\/pharmacy-tlv.com\/pt\/loja\/antibioticos\/moxypen-forte-500mg-20t\/","title":{"rendered":"Moxypen Forte 500mg (20t)"},"content":{"rendered":"<p>Moxipen Forte<\/p>\n<p>Medicina.<\/p>\n<p><strong>Aplicativo<\/strong><\/p>\n<p>Para o tratamento de infec\u00e7\u00f5es bacterianas causadas por microrganismos sens\u00edveis \u00e0 amoxicilina. \u00c9 usado para tratar infec\u00e7\u00f5es do trato respirat\u00f3rio, do trato urin\u00e1rio e da pele, bem como para tratar infec\u00e7\u00f5es do trato gastrointestinal e dos \u00f3rg\u00e3os genitais.<\/p>\n<p><strong>Motivo<\/strong><\/p>\n<p>Infec\u00e7\u00f5es do trato respirat\u00f3rio (por exemplo, bronquite aguda e cr\u00f4nica, pneumonia).<\/p>\n<p>Infec\u00e7\u00f5es do trato urin\u00e1rio (por exemplo, cistite, pielonefrite).<\/p>\n<p>Infec\u00e7\u00f5es da pele e dos tecidos moles.<\/p>\n<p>Infec\u00e7\u00f5es do trato gastrointestinal.<\/p>\n<p>Infec\u00e7\u00f5es do trato genital, incluindo gonorreia e clam\u00eddia.<\/p>\n<p><strong>Propriedade de tratamento<\/strong><\/p>\n<p>Efeito antibacteriano destinado a suprimir o crescimento bacteriano por meio da inibi\u00e7\u00e3o da s\u00edntese da parede celular.<\/p>\n<p>Tem um amplo espectro de a\u00e7\u00e3o contra bact\u00e9rias gram-positivas e algumas gram-negativas.<\/p>\n<p>Tratamento de infec\u00e7\u00f5es causadas por bact\u00e9rias sens\u00edveis \u00e0 amoxicilina.<\/p>\n<p><strong>Tipo de medicamento<\/strong><\/p>\n<p>Comprimidos para uso oral.<\/p>\n<p><strong>Fabricante<\/strong><\/p>\n<p>Marion, ou outro fabricante, dependendo da regi\u00e3o.<\/p>\n<p><strong>Subst\u00e2ncias ativas<\/strong><\/p>\n<p>Amoxicilina (subst\u00e2ncia ativa principal).<\/p>\n<p>Amoxicilina<\/p>\n<p><em>#comprar Moxypen Forte em Israel, #Moxypen Forte em Israel, #moxypen forte Israel, #Moxypen Forte Israel<\/em> <em>#comprar Moxypen Forte em Israel, #Moxypen Forte em Israel, #moxypen forte Israel<\/em> <em> <em>#Moxypen Forte frete gr\u00e1tis, #Moxypen Forte frete gr\u00e1tis<\/em><\/em><\/p>","protected":false},"excerpt":{"rendered":"<p>Medicina.<\/p>\n<p>Para o tratamento de infec\u00e7\u00f5es bacterianas causadas por microrganismos sens\u00edveis \u00e0 amoxicilina. \u00c9 usado para tratar infec\u00e7\u00f5es do trato respirat\u00f3rio, do trato urin\u00e1rio e da pele, bem como para tratar infec\u00e7\u00f5es do trato gastrointestinal e dos \u00f3rg\u00e3os genitais.<\/p>","protected":false},"featured_media":769,"template":"","meta":[],"product_brand":[],"product_cat":[47,23],"product_tag":[],"class_list":{"0":"post-1248","1":"product","2":"type-product","3":"status-publish","4":"has-post-thumbnail","6":"product_cat-all-medications","7":"product_cat-antibiotics","9":"first","10":"instock","11":"shipping-taxable","12":"purchasable","13":"product-type-simple"},"yoast_head":"<!-- This site is optimized with the Yoast SEO plugin v25.1 - https:\/\/yoast.com\/wordpress\/plugins\/seo\/ -->\n<title>Moxypen Forte 500mg (20t) - Buy in Israel | Fast Delivery!<\/title>\n<meta name=\"description\" content=\"For the treatment of bacterial infections caused by microorganisms sensitive to amoxicillin. It is used to treat infections of the respiratory tract\" \/>\n<meta name=\"robots\" content=\"index, follow, max-snippet:-1, max-image-preview:large, max-video-preview:-1\" \/>\n<link rel=\"canonical\" href=\"https:\/\/pharmacy-tlv.com\/pt\/loja\/antibioticos\/moxypen-forte-500mg-20t\/\" \/>\n<meta property=\"og:locale\" content=\"pt_BR\" \/>\n<meta property=\"og:type\" content=\"article\" \/>\n<meta property=\"og:title\" content=\"Moxypen Forte 500mg (20t) - Buy in Israel | Fast Delivery!\" \/>\n<meta property=\"og:description\" content=\"For the treatment of bacterial infections caused by microorganisms sensitive to amoxicillin. It is used to treat infections of the respiratory tract\" \/>\n<meta property=\"og:url\" content=\"https:\/\/pharmacy-tlv.com\/pt\/loja\/antibioticos\/moxypen-forte-500mg-20t\/\" \/>\n<meta property=\"og:site_name\" content=\"Pharmacy TLV\" \/>\n<meta property=\"article:modified_time\" content=\"2025-05-23T14:42:47+00:00\" \/>\n<meta property=\"og:image\" content=\"https:\/\/mlz1smk5t7q7.i.optimole.com\/cb:lQg3.de6\/w:auto\/h:auto\/q:mauto\/https:\/\/pharmacy-tlv.com\/wp-content\/uploads\/2025\/05\/moxypen-forte-500mg-20-tabletok-israel.png\" \/>\n\t<meta property=\"og:image:width\" content=\"300\" \/>\n\t<meta property=\"og:image:height\" content=\"300\" \/>\n\t<meta property=\"og:image:type\" content=\"image\/png\" \/>\n<meta name=\"twitter:card\" content=\"summary_large_image\" \/>\n<meta name=\"twitter:label1\" content=\"Est. tempo de leitura\" \/>\n\t<meta name=\"twitter:data1\" content=\"1 minuto\" \/>\n<script type=\"application\/ld+json\" class=\"yoast-schema-graph\">{\"@context\":\"https:\/\/schema.org\",\"@graph\":[{\"@type\":\"WebPage\",\"@id\":\"https:\/\/pharmacy-tlv.com\/shop\/antibiotics\/moxypen-forte-500mg-20t\/\",\"url\":\"https:\/\/pharmacy-tlv.com\/shop\/antibiotics\/moxypen-forte-500mg-20t\/\",\"name\":\"Moxypen Forte 500mg (20t) - Buy in Israel | Fast Delivery!\",\"isPartOf\":{\"@id\":\"https:\/\/pharmacy-tlv.com\/#website\"},\"primaryImageOfPage\":{\"@id\":\"https:\/\/pharmacy-tlv.com\/shop\/antibiotics\/moxypen-forte-500mg-20t\/#primaryimage\"},\"image\":{\"@id\":\"https:\/\/pharmacy-tlv.com\/shop\/antibiotics\/moxypen-forte-500mg-20t\/#primaryimage\"},\"thumbnailUrl\":\"https:\/\/mlz1smk5t7q7.i.optimole.com\/cb:lQg3.de6\/w:auto\/h:auto\/q:mauto\/https:\/\/pharmacy-tlv.com\/wp-content\/uploads\/2025\/05\/moxypen-forte-500mg-20-tabletok-israel.png\",\"datePublished\":\"2025-05-15T18:23:02+00:00\",\"dateModified\":\"2025-05-23T14:42:47+00:00\",\"description\":\"For the treatment of bacterial infections caused by microorganisms sensitive to amoxicillin. It is used to treat infections of the respiratory tract\",\"breadcrumb\":{\"@id\":\"https:\/\/pharmacy-tlv.com\/shop\/antibiotics\/moxypen-forte-500mg-20t\/#breadcrumb\"},\"inLanguage\":\"pt-BR\",\"potentialAction\":[{\"@type\":\"ReadAction\",\"target\":[\"https:\/\/pharmacy-tlv.com\/shop\/antibiotics\/moxypen-forte-500mg-20t\/\"]}]},{\"@type\":\"ImageObject\",\"inLanguage\":\"pt-BR\",\"@id\":\"https:\/\/pharmacy-tlv.com\/shop\/antibiotics\/moxypen-forte-500mg-20t\/#primaryimage\",\"url\":\"https:\/\/mlz1smk5t7q7.i.optimole.com\/cb:lQg3.de6\/w:auto\/h:auto\/q:mauto\/https:\/\/pharmacy-tlv.com\/wp-content\/uploads\/2025\/05\/moxypen-forte-500mg-20-tabletok-israel.png\",\"contentUrl\":\"https:\/\/mlz1smk5t7q7.i.optimole.com\/cb:lQg3.de6\/w:auto\/h:auto\/q:mauto\/https:\/\/pharmacy-tlv.com\/wp-content\/uploads\/2025\/05\/moxypen-forte-500mg-20-tabletok-israel.png\",\"width\":300,\"height\":300,\"caption\":\"moxypen forte 500mg 20 tabletok israel\"},{\"@type\":\"BreadcrumbList\",\"@id\":\"https:\/\/pharmacy-tlv.com\/shop\/antibiotics\/moxypen-forte-500mg-20t\/#breadcrumb\",\"itemListElement\":[{\"@type\":\"ListItem\",\"position\":1,\"name\":\"Home\",\"item\":\"https:\/\/pharmacy-tlv.com\/\"},{\"@type\":\"ListItem\",\"position\":2,\"name\":\"Medications\",\"item\":\"https:\/\/pharmacy-tlv.com\/shop\/\"},{\"@type\":\"ListItem\",\"position\":3,\"name\":\"Moxypen Forte 500mg (20t)\"}]},{\"@type\":\"WebSite\",\"@id\":\"https:\/\/pharmacy-tlv.com\/#website\",\"url\":\"https:\/\/pharmacy-tlv.com\/\",\"name\":\"Pharmacy TLV\",\"description\":\"Trusted Israeli Medications\",\"publisher\":{\"@id\":\"https:\/\/pharmacy-tlv.com\/#organization\"},\"alternateName\":\"Pharmacy-TLV\",\"potentialAction\":[{\"@type\":\"SearchAction\",\"target\":{\"@type\":\"EntryPoint\",\"urlTemplate\":\"https:\/\/pharmacy-tlv.com\/?s={search_term_string}\"},\"query-input\":{\"@type\":\"PropertyValueSpecification\",\"valueRequired\":true,\"valueName\":\"search_term_string\"}}],\"inLanguage\":\"pt-BR\"},{\"@type\":\"Organization\",\"@id\":\"https:\/\/pharmacy-tlv.com\/#organization\",\"name\":\"Pharmacy TLV\",\"alternateName\":\"Pharmacy-TLV\",\"url\":\"https:\/\/pharmacy-tlv.com\/\",\"logo\":{\"@type\":\"ImageObject\",\"inLanguage\":\"pt-BR\",\"@id\":\"https:\/\/pharmacy-tlv.com\/#\/schema\/logo\/image\/\",\"url\":\"https:\/\/mlz1smk5t7q7.i.optimole.com\/cb:lQg3.de6\/w:auto\/h:auto\/q:mauto\/https:\/\/pharmacy-tlv.com\/wp-content\/uploads\/2025\/05\/pharmacy-white.png\",\"contentUrl\":\"https:\/\/mlz1smk5t7q7.i.optimole.com\/cb:lQg3.de6\/w:auto\/h:auto\/q:mauto\/https:\/\/pharmacy-tlv.com\/wp-content\/uploads\/2025\/05\/pharmacy-white.png\",\"width\":500,\"height\":500,\"caption\":\"Pharmacy TLV\"},\"image\":{\"@id\":\"https:\/\/pharmacy-tlv.com\/#\/schema\/logo\/image\/\"}}]}<\/script>\n<!-- \/ Yoast SEO plugin. -->","yoast_head_json":{"title":"Moxypen Forte 500mg (20t) - Comprar em Israel | Entrega r\u00e1pida!","description":"Para o tratamento de infec\u00e7\u00f5es bacterianas causadas por microorganismos sens\u00edveis \u00e0 amoxicilina. \u00c9 usado para tratar infec\u00e7\u00f5es do trato respirat\u00f3rio","robots":{"index":"index","follow":"follow","max-snippet":"max-snippet:-1","max-image-preview":"max-image-preview:large","max-video-preview":"max-video-preview:-1"},"canonical":"https:\/\/pharmacy-tlv.com\/pt\/loja\/antibioticos\/moxypen-forte-500mg-20t\/","og_locale":"pt_BR","og_type":"article","og_title":"Moxypen Forte 500mg (20t) - Buy in Israel | Fast Delivery!","og_description":"For the treatment of bacterial infections caused by microorganisms sensitive to amoxicillin. It is used to treat infections of the respiratory tract","og_url":"https:\/\/pharmacy-tlv.com\/pt\/loja\/antibioticos\/moxypen-forte-500mg-20t\/","og_site_name":"Pharmacy TLV","article_modified_time":"2025-05-23T14:42:47+00:00","og_image":[{"width":300,"height":300,"url":"https:\/\/mlz1smk5t7q7.i.optimole.com\/cb:lQg3.de6\/w:auto\/h:auto\/q:mauto\/https:\/\/pharmacy-tlv.com\/wp-content\/uploads\/2025\/05\/moxypen-forte-500mg-20-tabletok-israel.png","type":"image\/png"}],"twitter_card":"summary_large_image","twitter_misc":{"Est. tempo de leitura":"1 minuto"},"schema":{"@context":"https:\/\/schema.org","@graph":[{"@type":"WebPage","@id":"https:\/\/pharmacy-tlv.com\/shop\/antibiotics\/moxypen-forte-500mg-20t\/","url":"https:\/\/pharmacy-tlv.com\/shop\/antibiotics\/moxypen-forte-500mg-20t\/","name":"Moxypen Forte 500mg (20t) - Comprar em Israel | Entrega r\u00e1pida!","isPartOf":{"@id":"https:\/\/pharmacy-tlv.com\/#website"},"primaryImageOfPage":{"@id":"https:\/\/pharmacy-tlv.com\/shop\/antibiotics\/moxypen-forte-500mg-20t\/#primaryimage"},"image":{"@id":"https:\/\/pharmacy-tlv.com\/shop\/antibiotics\/moxypen-forte-500mg-20t\/#primaryimage"},"thumbnailUrl":"https:\/\/mlz1smk5t7q7.i.optimole.com\/cb:lQg3.de6\/w:auto\/h:auto\/q:mauto\/https:\/\/pharmacy-tlv.com\/wp-content\/uploads\/2025\/05\/moxypen-forte-500mg-20-tabletok-israel.png","datePublished":"2025-05-15T18:23:02+00:00","dateModified":"2025-05-23T14:42:47+00:00","description":"Para o tratamento de infec\u00e7\u00f5es bacterianas causadas por microorganismos sens\u00edveis \u00e0 amoxicilina. \u00c9 usado para tratar infec\u00e7\u00f5es do trato respirat\u00f3rio","breadcrumb":{"@id":"https:\/\/pharmacy-tlv.com\/shop\/antibiotics\/moxypen-forte-500mg-20t\/#breadcrumb"},"inLanguage":"pt-BR","potentialAction":[{"@type":"ReadAction","target":["https:\/\/pharmacy-tlv.com\/shop\/antibiotics\/moxypen-forte-500mg-20t\/"]}]},{"@type":"ImageObject","inLanguage":"pt-BR","@id":"https:\/\/pharmacy-tlv.com\/shop\/antibiotics\/moxypen-forte-500mg-20t\/#primaryimage","url":"https:\/\/mlz1smk5t7q7.i.optimole.com\/cb:lQg3.de6\/w:auto\/h:auto\/q:mauto\/https:\/\/pharmacy-tlv.com\/wp-content\/uploads\/2025\/05\/moxypen-forte-500mg-20-tabletok-israel.png","contentUrl":"https:\/\/mlz1smk5t7q7.i.optimole.com\/cb:lQg3.de6\/w:auto\/h:auto\/q:mauto\/https:\/\/pharmacy-tlv.com\/wp-content\/uploads\/2025\/05\/moxypen-forte-500mg-20-tabletok-israel.png","width":300,"height":300,"caption":"moxypen forte 500mg 20 tabletok israel"},{"@type":"BreadcrumbList","@id":"https:\/\/pharmacy-tlv.com\/shop\/antibiotics\/moxypen-forte-500mg-20t\/#breadcrumb","itemListElement":[{"@type":"ListItem","position":1,"name":"Home","item":"https:\/\/pharmacy-tlv.com\/"},{"@type":"ListItem","position":2,"name":"Medications","item":"https:\/\/pharmacy-tlv.com\/shop\/"},{"@type":"ListItem","position":3,"name":"Moxypen Forte 500mg (20t)"}]},{"@type":"WebSite","@id":"https:\/\/pharmacy-tlv.com\/#website","url":"https:\/\/pharmacy-tlv.com\/","name":"Farm\u00e1cia TLV","description":"Medicamentos israelenses de confian\u00e7a","publisher":{"@id":"https:\/\/pharmacy-tlv.com\/#organization"},"alternateName":"Pharmacy-TLV","potentialAction":[{"@type":"SearchAction","target":{"@type":"EntryPoint","urlTemplate":"https:\/\/pharmacy-tlv.com\/?s={search_term_string}"},"query-input":{"@type":"PropertyValueSpecification","valueRequired":true,"valueName":"search_term_string"}}],"inLanguage":"pt-BR"},{"@type":"Organization","@id":"https:\/\/pharmacy-tlv.com\/#organization","name":"Farm\u00e1cia TLV","alternateName":"Pharmacy-TLV","url":"https:\/\/pharmacy-tlv.com\/","logo":{"@type":"ImageObject","inLanguage":"pt-BR","@id":"https:\/\/pharmacy-tlv.com\/#\/schema\/logo\/image\/","url":"https:\/\/mlz1smk5t7q7.i.optimole.com\/cb:lQg3.de6\/w:auto\/h:auto\/q:mauto\/https:\/\/pharmacy-tlv.com\/wp-content\/uploads\/2025\/05\/pharmacy-white.png","contentUrl":"https:\/\/mlz1smk5t7q7.i.optimole.com\/cb:lQg3.de6\/w:auto\/h:auto\/q:mauto\/https:\/\/pharmacy-tlv.com\/wp-content\/uploads\/2025\/05\/pharmacy-white.png","width":500,"height":500,"caption":"Pharmacy TLV"},"image":{"@id":"https:\/\/pharmacy-tlv.com\/#\/schema\/logo\/image\/"}}]}},"_links":{"self":[{"href":"https:\/\/pharmacy-tlv.com\/pt\/wp-json\/wp\/v2\/product\/1248","targetHints":{"allow":["GET"]}}],"collection":[{"href":"https:\/\/pharmacy-tlv.com\/pt\/wp-json\/wp\/v2\/product"}],"about":[{"href":"https:\/\/pharmacy-tlv.com\/pt\/wp-json\/wp\/v2\/types\/product"}],"wp:featuredmedia":[{"embeddable":true,"href":"https:\/\/pharmacy-tlv.com\/pt\/wp-json\/wp\/v2\/media\/769"}],"wp:attachment":[{"href":"https:\/\/pharmacy-tlv.com\/pt\/wp-json\/wp\/v2\/media?parent=1248"}],"wp:term":[{"taxonomy":"product_brand","embeddable":true,"href":"https:\/\/pharmacy-tlv.com\/pt\/wp-json\/wp\/v2\/product_brand?post=1248"},{"taxonomy":"product_cat","embeddable":true,"href":"https:\/\/pharmacy-tlv.com\/pt\/wp-json\/wp\/v2\/product_cat?post=1248"},{"taxonomy":"product_tag","embeddable":true,"href":"https:\/\/pharmacy-tlv.com\/pt\/wp-json\/wp\/v2\/product_tag?post=1248"}],"curies":[{"name":"wp","href":"https:\/\/api.w.org\/{rel}","templated":true}]}}